{"id":1758,"date":"2023-02-02T18:31:25","date_gmt":"2023-02-02T17:31:25","guid":{"rendered":"https:\/\/schlammtrocknung.com\/tym\/"},"modified":"2025-04-02T11:34:18","modified_gmt":"2025-04-02T09:34:18","slug":"tym","status":"publish","type":"page","link":"https:\/\/schlammtrocknung.com\/cs\/tym\/","title":{"rendered":"T\u00fdm"},"content":{"rendered":"<div class=\"wpb-content-wrapper\"><p>[vc_row full_width=&#8220;stretch_row&#8220; css=&#8220;.vc_custom_1675707362788{margin-right: 100px !important;margin-left: 100px !important;}&#8220;][vc_column offset=&#8220;vc_hidden-sm vc_hidden-xs&#8220;][vc_custom_heading text=&#8220;Siln\u00fd t\u00fdm&#8230;&#8220; font_container=&#8220;tag:h2|text_align:left|color:%23728d2a&#8220; use_theme_fonts=&#8220;yes&#8220;][vc_column_text]&#8230;se skl\u00e1d\u00e1 ze spole\u010dnost\u00ed michel gmbh a Su\u0161ic\u00ed syst\u00e9my kal\u016f. Spole\u010dn\u011b spojuj\u00ed dlouholet\u00e9 zku\u0161enosti a odborn\u00e9 znalosti ve sv\u00fdch oborech, aby sv\u00fdm z\u00e1kazn\u00edk\u016fm poskytovaly vynikaj\u00edc\u00ed slu\u017eby. Spole\u010dnost michel gmbh p\u0159in\u00e1\u0161\u00ed odborn\u00e9 znalosti v oblasti prodeje a marketingu, zat\u00edmco spole\u010dnost Sludge Drying Systems se specializuje na modern\u00ed, n\u00e1kladov\u011b efektivn\u00ed a ekologick\u00e9 alternativy likvidace kal\u016f. D\u00edky vz\u00e1jemn\u00e9 spolupr\u00e1ci nab\u00edz\u00ed tento t\u00fdm sv\u00fdm z\u00e1kazn\u00edk\u016fm \u0159e\u0161en\u00ed na m\u00edru, kter\u00e1 jsou dokonale p\u0159izp\u016fsobena jejich pot\u0159eb\u00e1m. Siln\u00fd t\u00fdm se vyzna\u010duje vysokou \u00farovn\u00ed profesionality, inovac\u00ed a zam\u011b\u0159en\u00edm na z\u00e1kazn\u00edka. Z\u00e1kazn\u00edci se mohou spolehnout na vynikaj\u00edc\u00ed podporu a \u00fasp\u011b\u0161nou realizaci sv\u00fdch projekt\u016f.     <\/p>\n<p>My &#8211; michel SLUDGE DRYING SYSTEMS &#8211; jsme dva siln\u00ed partne\u0159i pro inovativn\u00ed a udr\u017eiteln\u00e1 \u0159e\u0161en\u00ed v oblasti su\u0161en\u00ed a vyu\u017eit\u00ed kal\u016f. Zat\u00edmco SDS navrhuje a vyv\u00edj\u00ed, MICHEL GMBH je v\u00fdhradn\u00edm distributorem \u00fa\u010dinn\u00fdch syst\u00e9m\u016f. <\/p>\n<p>Revoluce v oblasti su\u0161en\u00ed kal\u016f se uskute\u010d\u0148uje d\u00edky inteligentn\u00edmu<span class=\"Apple-converted-space\"> <\/span>Syst\u00e9m su\u0161en\u00ed kal\u016f SDS.[\/vc_column_text][\/vc_column][\/vc_row][vc_row full_width=&#8220;stretch_row&#8220;][vc_column offset=&#8220;vc_hidden-lg vc_hidden-md&#8220;][vc_custom_heading text=&#8220;Siln\u00fd t\u00fdm&#8230;&#8220; font_container=&#8220;tag:h2|text_align:left|color:%23728d2a&#8220; use_theme_fonts=&#8220;yes&#8220;][vc_column_text]&#8230;se skl\u00e1d\u00e1 ze spole\u010dnost\u00ed michel gmbh a Su\u0161ic\u00ed syst\u00e9my kal\u016f. Spole\u010dn\u011b spojuj\u00ed dlouholet\u00e9 zku\u0161enosti a odborn\u00e9 znalosti ve sv\u00fdch oborech, aby sv\u00fdm z\u00e1kazn\u00edk\u016fm poskytovaly vynikaj\u00edc\u00ed slu\u017eby. Spole\u010dnost michel gmbh p\u0159in\u00e1\u0161\u00ed odborn\u00e9 znalosti v oblasti prodeje a marketingu, zat\u00edmco spole\u010dnost Sludge Drying Systems se specializuje na modern\u00ed, n\u00e1kladov\u011b efektivn\u00ed a ekologick\u00e9 alternativy likvidace kal\u016f. D\u00edky vz\u00e1jemn\u00e9 spolupr\u00e1ci nab\u00edz\u00ed tento t\u00fdm sv\u00fdm z\u00e1kazn\u00edk\u016fm \u0159e\u0161en\u00ed na m\u00edru, kter\u00e1 jsou dokonale p\u0159izp\u016fsobena jejich pot\u0159eb\u00e1m. Siln\u00fd t\u00fdm se vyzna\u010duje vysokou \u00farovn\u00ed profesionality, inovac\u00ed a zam\u011b\u0159en\u00edm na z\u00e1kazn\u00edka. Z\u00e1kazn\u00edci se mohou spolehnout na vynikaj\u00edc\u00ed podporu a \u00fasp\u011b\u0161nou realizaci sv\u00fdch projekt\u016f.     <\/p>\n<p>My &#8211; michel SLUDGE DRYING SYSTEMS &#8211; jsme dva siln\u00ed partne\u0159i pro inovativn\u00ed a udr\u017eiteln\u00e1 \u0159e\u0161en\u00ed v oblasti su\u0161en\u00ed a vyu\u017eit\u00ed kal\u016f. Zat\u00edmco SDS navrhuje a vyv\u00edj\u00ed, MICHEL GMBH je v\u00fdhradn\u00edm distributorem \u00fa\u010dinn\u00fdch syst\u00e9m\u016f. <\/p>\n<p>Revoluci v su\u0161en\u00ed kal\u016f p\u0159in\u00e1\u0161\u00ed inteligentn\u00ed syst\u00e9m su\u0161en\u00ed kal\u016f SDS.[\/vc_column_text][\/vc_column][\/vc_row][vc_row][vc_column][vc_separator color=&#8220;custom&#8220; border_width=&#8220;2&#8243; accent_color=&#8220;#728d2a&#8220; css=&#8220;.vc_custom_1675707504734{margin-top: 50px !important;margin-bottom: 70px !important;}&#8220;][\/vc_column][\/vc_row][vc_row full_width=&#8220;stretch_row&#8220; equal_height=&#8220;yes&#8220;][vc_column width=&#8220;1\/2&#8243;][vc_single_image image=&#8220;128&#8243; img_size=&#8220;medium&#8220;][\/vc_column][vc_column width=&#8220;1\/2&#8243;][vc_single_image image=&#8220;191&#8243; img_size=&#8220;medium&#8220; alignment=&#8220;right&#8220;][\/vc_column][\/vc_row][vc_row][vc_column width=&#8220;1\/2&#8243;][vc_column_text]michel gmbh je rodinn\u00e1 firma, kter\u00e1 ji\u017e v\u00edce ne\u017e 26 let nab\u00edz\u00ed firm\u00e1m komplexn\u00ed prodejn\u00ed bal\u00ed\u010dek bez starost\u00ed. Podporujeme firmy a poskytovatele slu\u017eeb p\u0159i zakl\u00e1d\u00e1n\u00ed a roz\u0161i\u0159ov\u00e1n\u00ed prodeje pomoc\u00ed hotov\u00fdch prodejn\u00edch koncept\u016f, \u0161kolen\u00ed a dokonce i kompletn\u00edho prodeje &#8211; v \u00fazk\u00e9 spolupr\u00e1ci s na\u0161imi partnery. <\/p>\n<p>Na\u0161e specifick\u00e9 znalosti v oblasti prodeje a marketingu spojujeme s c\u00edlem zv\u00fd\u0161it obrat na\u0161ich partnersk\u00fdch spole\u010dnost\u00ed \u0161k\u00e1lovateln\u00fdm zp\u016fsobem &#8211; jinak, a proto velmi efektivn\u011b. Najdeme pro v\u00e1s a va\u0161e obchodn\u00ed partnery ide\u00e1ln\u00ed \u0159e\u0161en\u00ed v\u0161ech prodejn\u00edch t\u00e9mat.[\/vc_column_text][\/vc_column][vc_column width=&#8220;1\/2&#8243;][vc_column_text]SDS je inovativn\u00ed t\u00fdm veden\u00fd strojn\u00edm in\u017een\u00fdrem Felixem Hellmuthem, jeho\u017e c\u00edlem je vyvinout modern\u00ed, n\u00e1kladov\u011b efektivn\u00ed a ekologickou alternativu k likvidaci kal\u016f. SDS nab\u00edz\u00ed kompletn\u00ed \u0159e\u0161en\u00ed, od n\u00e1vrhu a v\u00fdroby syst\u00e9mu SludgeDryingSystem a\u017e po poradenstv\u00ed v oblasti schvalovac\u00edch postup\u016f. D\u00edky finan\u010dn\u00edmu partnerovi umo\u017e\u0148uje SDS flexibiln\u00ed a individu\u00e1ln\u00ed \u0159e\u0161en\u00ed pro ka\u017ed\u00e9ho z\u00e1kazn\u00edka.[\/vc_column_text][\/vc_column][\/vc_row]<\/p>\n<\/div>","protected":false},"excerpt":{"rendered":"<p>[vc_row full_width=&#8220;stretch_row&#8220; css=&#8220;.vc_custom_1675707362788{margin-right: 100px !important;margin-left: 100px !important;}&#8220;][vc_column offset=&#8220;vc_hidden-sm vc_hidden-xs&#8220;][vc_custom_heading text=&#8220;Siln\u00fd t\u00fdm&#8230;&#8220; font_container=&#8220;tag:h2|text_align:left|color:%23728d2a&#8220; use_theme_fonts=&#8220;yes&#8220;][vc_column_text]&#8230;se skl\u00e1d\u00e1 ze spole\u010dnost\u00ed michel gmbh a Su\u0161ic\u00ed syst\u00e9my kal\u016f. Spole\u010dn\u011b spojuj\u00ed dlouholet\u00e9 zku\u0161enosti a odborn\u00e9 znalosti ve sv\u00fdch oborech, aby sv\u00fdm z\u00e1kazn\u00edk\u016fm poskytovaly vynikaj\u00edc\u00ed slu\u017eby. Spole\u010dnost michel gmbh p\u0159in\u00e1\u0161\u00ed odborn\u00e9 znalosti v oblasti prodeje a marketingu, zat\u00edmco spole\u010dnost Sludge Drying Systems se&hellip;<\/p>\n","protected":false},"author":1,"featured_media":0,"parent":0,"menu_order":0,"comment_status":"closed","ping_status":"closed","template":"","meta":{"footnotes":""},"class_list":["post-1758","page","type-page","status-publish","hentry","description-off"],"yoast_head":"<!-- This site is optimized with the Yoast SEO plugin v27.3 - https:\/\/yoast.com\/product\/yoast-seo-wordpress\/ -->\n<title>T\u00fdm - Schlammtrocknung \u2013 michel SLUDGE DRYING SYSTEM<\/title>\n<meta name=\"robots\" content=\"index, follow, max-snippet:-1, max-image-preview:large, max-video-preview:-1\" \/>\n<link rel=\"canonical\" href=\"https:\/\/schlammtrocknung.com\/cs\/tym\/\" \/>\n<meta property=\"og:locale\" content=\"cs_CZ\" \/>\n<meta property=\"og:type\" content=\"article\" \/>\n<meta property=\"og:title\" content=\"T\u00fdm - Schlammtrocknung \u2013 michel SLUDGE DRYING SYSTEM\" \/>\n<meta property=\"og:description\" content=\"[vc_row full_width=&#8220;stretch_row&#8220; css=&#8220;.vc_custom_1675707362788{margin-right: 100px !important;margin-left: 100px !important;}&#8220;][vc_column offset=&#8220;vc_hidden-sm vc_hidden-xs&#8220;][vc_custom_heading text=&#8220;Siln\u00fd t\u00fdm&#8230;&#8220; font_container=&#8220;tag:h2|text_align:left|color:%23728d2a&#8220; use_theme_fonts=&#8220;yes&#8220;][vc_column_text]&#8230;se skl\u00e1d\u00e1 ze spole\u010dnost\u00ed michel gmbh a Su\u0161ic\u00ed syst\u00e9my kal\u016f. Spole\u010dn\u011b spojuj\u00ed dlouholet\u00e9 zku\u0161enosti a odborn\u00e9 znalosti ve sv\u00fdch oborech, aby sv\u00fdm z\u00e1kazn\u00edk\u016fm poskytovaly vynikaj\u00edc\u00ed slu\u017eby. Spole\u010dnost michel gmbh p\u0159in\u00e1\u0161\u00ed odborn\u00e9 znalosti v oblasti prodeje a marketingu, zat\u00edmco spole\u010dnost Sludge Drying Systems se&hellip;\" \/>\n<meta property=\"og:url\" content=\"https:\/\/schlammtrocknung.com\/cs\/tym\/\" \/>\n<meta property=\"og:site_name\" content=\"Schlammtrocknung \u2013 michel SLUDGE DRYING SYSTEM\" \/>\n<meta property=\"article:modified_time\" content=\"2025-04-02T09:34:18+00:00\" \/>\n<meta name=\"twitter:card\" content=\"summary_large_image\" \/>\n<meta name=\"twitter:label1\" content=\"Odhadovan\u00e1 doba \u010dten\u00ed\" \/>\n\t<meta name=\"twitter:data1\" content=\"4 minuty\" \/>\n<script type=\"application\/ld+json\" class=\"yoast-schema-graph\">{\"@context\":\"https:\\\/\\\/schema.org\",\"@graph\":[{\"@type\":\"WebPage\",\"@id\":\"https:\\\/\\\/schlammtrocknung.com\\\/cs\\\/tym\\\/\",\"url\":\"https:\\\/\\\/schlammtrocknung.com\\\/cs\\\/tym\\\/\",\"name\":\"T\u00fdm - Schlammtrocknung \u2013 michel SLUDGE DRYING SYSTEM\",\"isPartOf\":{\"@id\":\"https:\\\/\\\/schlammtrocknung.com\\\/#website\"},\"datePublished\":\"2023-02-02T17:31:25+00:00\",\"dateModified\":\"2025-04-02T09:34:18+00:00\",\"breadcrumb\":{\"@id\":\"https:\\\/\\\/schlammtrocknung.com\\\/cs\\\/tym\\\/#breadcrumb\"},\"inLanguage\":\"cs\",\"potentialAction\":[{\"@type\":\"ReadAction\",\"target\":[\"https:\\\/\\\/schlammtrocknung.com\\\/cs\\\/tym\\\/\"]}]},{\"@type\":\"BreadcrumbList\",\"@id\":\"https:\\\/\\\/schlammtrocknung.com\\\/cs\\\/tym\\\/#breadcrumb\",\"itemListElement\":[{\"@type\":\"ListItem\",\"position\":1,\"name\":\"Startseite\",\"item\":\"https:\\\/\\\/schlammtrocknung.com\\\/cs\\\/domovska-stranka-2\\\/\"},{\"@type\":\"ListItem\",\"position\":2,\"name\":\"T\u00fdm\"}]},{\"@type\":\"WebSite\",\"@id\":\"https:\\\/\\\/schlammtrocknung.com\\\/#website\",\"url\":\"https:\\\/\\\/schlammtrocknung.com\\\/\",\"name\":\"Schlammtrocknung | SDS - Schlammtrocknung\",\"description\":\"Schlamm- L\u00f6sungen f\u00fcr Kl\u00e4rwerke, Industrie und Umwelt\",\"publisher\":{\"@id\":\"https:\\\/\\\/schlammtrocknung.com\\\/#organization\"},\"potentialAction\":[{\"@type\":\"SearchAction\",\"target\":{\"@type\":\"EntryPoint\",\"urlTemplate\":\"https:\\\/\\\/schlammtrocknung.com\\\/?s={search_term_string}\"},\"query-input\":{\"@type\":\"PropertyValueSpecification\",\"valueRequired\":true,\"valueName\":\"search_term_string\"}}],\"inLanguage\":\"cs\"},{\"@type\":\"Organization\",\"@id\":\"https:\\\/\\\/schlammtrocknung.com\\\/#organization\",\"name\":\"Schlammtrocknung | SDS - Schlammtrocknung\",\"url\":\"https:\\\/\\\/schlammtrocknung.com\\\/\",\"logo\":{\"@type\":\"ImageObject\",\"inLanguage\":\"cs\",\"@id\":\"https:\\\/\\\/schlammtrocknung.com\\\/#\\\/schema\\\/logo\\\/image\\\/\",\"url\":\"https:\\\/\\\/schlammtrocknung.com\\\/wp-content\\\/uploads\\\/2023\\\/02\\\/logo_sds-1.png\",\"contentUrl\":\"https:\\\/\\\/schlammtrocknung.com\\\/wp-content\\\/uploads\\\/2023\\\/02\\\/logo_sds-1.png\",\"width\":697,\"height\":187,\"caption\":\"Schlammtrocknung | SDS - Schlammtrocknung\"},\"image\":{\"@id\":\"https:\\\/\\\/schlammtrocknung.com\\\/#\\\/schema\\\/logo\\\/image\\\/\"}}]}<\/script>\n<!-- \/ Yoast SEO plugin. -->","yoast_head_json":{"title":"T\u00fdm - Schlammtrocknung \u2013 michel SLUDGE DRYING SYSTEM","robots":{"index":"index","follow":"follow","max-snippet":"max-snippet:-1","max-image-preview":"max-image-preview:large","max-video-preview":"max-video-preview:-1"},"canonical":"https:\/\/schlammtrocknung.com\/cs\/tym\/","og_locale":"cs_CZ","og_type":"article","og_title":"T\u00fdm - Schlammtrocknung \u2013 michel SLUDGE DRYING SYSTEM","og_description":"[vc_row full_width=&#8220;stretch_row&#8220; css=&#8220;.vc_custom_1675707362788{margin-right: 100px !important;margin-left: 100px !important;}&#8220;][vc_column offset=&#8220;vc_hidden-sm vc_hidden-xs&#8220;][vc_custom_heading text=&#8220;Siln\u00fd t\u00fdm&#8230;&#8220; font_container=&#8220;tag:h2|text_align:left|color:%23728d2a&#8220; use_theme_fonts=&#8220;yes&#8220;][vc_column_text]&#8230;se skl\u00e1d\u00e1 ze spole\u010dnost\u00ed michel gmbh a Su\u0161ic\u00ed syst\u00e9my kal\u016f. Spole\u010dn\u011b spojuj\u00ed dlouholet\u00e9 zku\u0161enosti a odborn\u00e9 znalosti ve sv\u00fdch oborech, aby sv\u00fdm z\u00e1kazn\u00edk\u016fm poskytovaly vynikaj\u00edc\u00ed slu\u017eby. Spole\u010dnost michel gmbh p\u0159in\u00e1\u0161\u00ed odborn\u00e9 znalosti v oblasti prodeje a marketingu, zat\u00edmco spole\u010dnost Sludge Drying Systems se&hellip;","og_url":"https:\/\/schlammtrocknung.com\/cs\/tym\/","og_site_name":"Schlammtrocknung \u2013 michel SLUDGE DRYING SYSTEM","article_modified_time":"2025-04-02T09:34:18+00:00","twitter_card":"summary_large_image","twitter_misc":{"Odhadovan\u00e1 doba \u010dten\u00ed":"4 minuty"},"schema":{"@context":"https:\/\/schema.org","@graph":[{"@type":"WebPage","@id":"https:\/\/schlammtrocknung.com\/cs\/tym\/","url":"https:\/\/schlammtrocknung.com\/cs\/tym\/","name":"T\u00fdm - Schlammtrocknung \u2013 michel SLUDGE DRYING SYSTEM","isPartOf":{"@id":"https:\/\/schlammtrocknung.com\/#website"},"datePublished":"2023-02-02T17:31:25+00:00","dateModified":"2025-04-02T09:34:18+00:00","breadcrumb":{"@id":"https:\/\/schlammtrocknung.com\/cs\/tym\/#breadcrumb"},"inLanguage":"cs","potentialAction":[{"@type":"ReadAction","target":["https:\/\/schlammtrocknung.com\/cs\/tym\/"]}]},{"@type":"BreadcrumbList","@id":"https:\/\/schlammtrocknung.com\/cs\/tym\/#breadcrumb","itemListElement":[{"@type":"ListItem","position":1,"name":"Startseite","item":"https:\/\/schlammtrocknung.com\/cs\/domovska-stranka-2\/"},{"@type":"ListItem","position":2,"name":"T\u00fdm"}]},{"@type":"WebSite","@id":"https:\/\/schlammtrocknung.com\/#website","url":"https:\/\/schlammtrocknung.com\/","name":"Schlammtrocknung | SDS - Schlammtrocknung","description":"Schlamm- L\u00f6sungen f\u00fcr Kl\u00e4rwerke, Industrie und Umwelt","publisher":{"@id":"https:\/\/schlammtrocknung.com\/#organization"},"potentialAction":[{"@type":"SearchAction","target":{"@type":"EntryPoint","urlTemplate":"https:\/\/schlammtrocknung.com\/?s={search_term_string}"},"query-input":{"@type":"PropertyValueSpecification","valueRequired":true,"valueName":"search_term_string"}}],"inLanguage":"cs"},{"@type":"Organization","@id":"https:\/\/schlammtrocknung.com\/#organization","name":"Schlammtrocknung | SDS - Schlammtrocknung","url":"https:\/\/schlammtrocknung.com\/","logo":{"@type":"ImageObject","inLanguage":"cs","@id":"https:\/\/schlammtrocknung.com\/#\/schema\/logo\/image\/","url":"https:\/\/schlammtrocknung.com\/wp-content\/uploads\/2023\/02\/logo_sds-1.png","contentUrl":"https:\/\/schlammtrocknung.com\/wp-content\/uploads\/2023\/02\/logo_sds-1.png","width":697,"height":187,"caption":"Schlammtrocknung | SDS - Schlammtrocknung"},"image":{"@id":"https:\/\/schlammtrocknung.com\/#\/schema\/logo\/image\/"}}]}},"_links":{"self":[{"href":"https:\/\/schlammtrocknung.com\/cs\/wp-json\/wp\/v2\/pages\/1758","targetHints":{"allow":["GET"]}}],"collection":[{"href":"https:\/\/schlammtrocknung.com\/cs\/wp-json\/wp\/v2\/pages"}],"about":[{"href":"https:\/\/schlammtrocknung.com\/cs\/wp-json\/wp\/v2\/types\/page"}],"author":[{"embeddable":true,"href":"https:\/\/schlammtrocknung.com\/cs\/wp-json\/wp\/v2\/users\/1"}],"replies":[{"embeddable":true,"href":"https:\/\/schlammtrocknung.com\/cs\/wp-json\/wp\/v2\/comments?post=1758"}],"version-history":[{"count":10,"href":"https:\/\/schlammtrocknung.com\/cs\/wp-json\/wp\/v2\/pages\/1758\/revisions"}],"predecessor-version":[{"id":1785,"href":"https:\/\/schlammtrocknung.com\/cs\/wp-json\/wp\/v2\/pages\/1758\/revisions\/1785"}],"wp:attachment":[{"href":"https:\/\/schlammtrocknung.com\/cs\/wp-json\/wp\/v2\/media?parent=1758"}],"curies":[{"name":"wp","href":"https:\/\/api.w.org\/{rel}","templated":true}]}}