{"id":1790,"date":"2024-09-04T10:22:38","date_gmt":"2024-09-04T08:22:38","guid":{"rendered":"https:\/\/schlammtrocknung.com\/sluzby\/"},"modified":"2025-04-02T11:34:29","modified_gmt":"2025-04-02T09:34:29","slug":"sluzby","status":"publish","type":"page","link":"https:\/\/schlammtrocknung.com\/cs\/sluzby\/","title":{"rendered":"Slu\u017eby"},"content":{"rendered":"<div class=\"wpb-content-wrapper\"><p>[vc_row content_placement=&#8220;top&#8220;][vc_column][vc_column_text]<\/p>\n<h1 style=\"text-align: center;\"><span style=\"color: #728d2a;\">Maximalizujte efektivitu vyu\u017e\u00edv\u00e1n\u00ed zdroj\u016f s michel SLUDGE-DRYING-SYSTEMS<\/span><\/h1>\n<p>[\/vc_column_text][vc_empty_space height=&#8220;50px&#8220;][\/vc_column][\/vc_row][vc_row][vc_column width=&#8220;1\/2&#8243;][vc_column_text]<b>michel SLUDGE-DRYING-SYSTEMS<\/b><span style=\"font-weight: 400;\"> nab\u00edz\u00ed pokro\u010dil\u00e1 \u0159e\u0161en\u00ed pro <\/span><b>su\u0161en\u00ed kal\u016f<\/b><span style=\"font-weight: 400;\">kter\u00e1 jsou speci\u00e1ln\u011b navr\u017eena tak, aby sni\u017eovala provozn\u00ed n\u00e1klady a minimalizovala dopad na \u017eivotn\u00ed prost\u0159ed\u00ed. <\/span> <\/p>\n<p><span style=\"font-weight: 400;\">Na\u0161e <\/span><b>syst\u00e9my na m\u00edru<\/b><span style=\"font-weight: 400;\"> jsou ide\u00e1ln\u00ed pro \u0161irokou \u0161k\u00e1lu <\/span><b>pr\u016fmyslov\u00fdch odv\u011btv\u00ed<\/b><span style=\"font-weight: 400;\">zajistit \u00fa\u010dinnou a ekologickou likvidaci kal\u016f. Zjist\u011bte, jak m\u016f\u017ee na\u0161e technologie splnit va\u0161e specifick\u00e9 po\u017eadavky &#8211; od su\u0161en\u00ed \u010dist\u00edrensk\u00fdch kal\u016f po su\u0161en\u00ed kovov\u00fdch kal\u016f. <\/span>[\/vc_column_text][vc_empty_space height=&#8220;100px&#8220;][\/vc_column][vc_column width=&#8220;1\/2&#8243;][vc_single_image image=&#8220;367&#8243; img_size=&#8220;600&#215;280&#8243;][\/vc_column][\/vc_row][vc_row][vc_column][vc_row_inner][vc_column_inner width=&#8220;1\/3&#8243;][vc_single_image image=&#8220;376&#8243; img_size=&#8220;400&#215;250&#8243; alignment=&#8220;center&#8220;][vc_column_text]<\/p>\n<h3 style=\"text-align: center;\"><span style=\"color: #728d2a;\">Su\u0161en\u00ed \u010dist\u00edrensk\u00fdch kal\u016f<\/span><\/h3>\n<p style=\"text-align: center;\">Optimalizujte zpracov\u00e1n\u00ed \u010dist\u00edrensk\u00fdch kal\u016f pomoc\u00ed na\u0161ich \u00fa\u010dinn\u00fdch su\u0161ic\u00edch syst\u00e9m\u016f, kter\u00e9 sni\u017euj\u00ed obsah vody, sni\u017euj\u00ed n\u00e1klady na p\u0159epravu a likvidaci a pom\u00e1haj\u00ed v\u00e1m snadno splnit po\u017eadavky nov\u00e9 vyhl\u00e1\u0161ky o \u010dist\u00edrensk\u00fdch kalech. Na\u0161e syst\u00e9my su\u0161en\u00ed \u010dist\u00edrensk\u00fdch kal\u016f funguj\u00ed nejen ekonomicky, ale umo\u017e\u0148uj\u00ed tak\u00e9 zp\u011btn\u00e9 z\u00edsk\u00e1v\u00e1n\u00ed cenn\u00e9ho fosforu. <\/p>\n<p>[\/vc_column_text]<style type=\"text\/css\">#dt-btn-1 {background: #728d2a;}<\/style><div class=\"text-centered\"><a href=\"https:\/\/schlammtrocknung.com\/leistungen\/klaerschlammtrocknung\/\" class=\"btn-shortcode dt-btn-m dt-btn default-btn-color default-btn-hover-color default-btn-bg-hover-color\" id=\"dt-btn-1\"><span>Zjist\u011bte v\u00edce!<\/span><\/a><\/div>[\/vc_column_inner][vc_column_inner width=&#8220;1\/3&#8243;][vc_single_image image=&#8220;374&#8243; img_size=&#8220;400&#215;250&#8243; alignment=&#8220;center&#8220;][vc_column_text css=&#8220;.vc_custom_1725452149334{padding-bottom: 30px !important;}&#8220;]<\/p>\n<h3 style=\"text-align: center;\"><span style=\"color: #728d2a;\">Su\u0161en\u00ed biologick\u00e9ho kalu<\/span><\/h3>\n<p style=\"text-align: center;\">Na\u0161e technologie su\u0161en\u00ed biologick\u00e9ho kalu zaji\u0161\u0165uje bezpe\u010dn\u00e9 a \u00fa\u010dinn\u00e9 sn\u00ed\u017een\u00ed objemu biologick\u00e9ho kalu. To usnad\u0148uje dal\u0161\u00ed zpracov\u00e1n\u00ed a zlep\u0161uje celkovou ekologickou rovnov\u00e1hu va\u0161eho za\u0159\u00edzen\u00ed. Sta\u0148te se pr\u016fkopn\u00edkem v oblasti ekologick\u00e9 likvidace odpad\u016f nebo vytvo\u0159te z\u00e1klad pro recyklovateln\u00e9 vyu\u017eit\u00ed kal\u016f!  <\/p>\n<p>[\/vc_column_text]<style type=\"text\/css\">#dt-btn-2 {background: #728d2a;}<\/style><div class=\"text-centered\"><a href=\"https:\/\/schlammtrocknung.com\/leistungen\/bioschlammtrocknung\/\" class=\"btn-shortcode dt-btn-m dt-btn default-btn-color default-btn-hover-color default-btn-bg-hover-color\" id=\"dt-btn-2\"><span>Zjist\u011bte v\u00edce!<\/span><\/a><\/div>[\/vc_column_inner][vc_column_inner width=&#8220;1\/3&#8243;][vc_single_image image=&#8220;373&#8243; img_size=&#8220;400&#215;250&#8243; alignment=&#8220;center&#8220;][vc_column_text css=&#8220;.vc_custom_1725452165049{padding-bottom: 30px !important;}&#8220;]<\/p>\n<h3 style=\"text-align: center;\"><span style=\"color: #728d2a;\">Su\u0161en\u00ed kovov\u00fdch kal\u016f<\/span><\/h3>\n<p style=\"text-align: center;\">Su\u0161en\u00edm kovov\u00fdch kal\u016f v na\u0161ich specializovan\u00fdch za\u0159\u00edzen\u00edch m\u016f\u017eete efektivn\u011b z\u00edskat cenn\u00e9 kovy a z\u00e1rove\u0148 eliminovat dopad nebezpe\u010dn\u00fdch zbytk\u016f na \u017eivotn\u00ed prost\u0159ed\u00ed. Na\u0161e syst\u00e9my jsou ide\u00e1ln\u00ed pro pr\u016fmyslov\u00e1 odv\u011btv\u00ed, jako je t\u011b\u017eebn\u00ed pr\u016fmysl, v\u00fdroba oceli a galvanick\u00e9 pokovov\u00e1n\u00ed. <\/p>\n<p>[\/vc_column_text]<style type=\"text\/css\">#dt-btn-3 {background: #728d2a;}<\/style><div class=\"text-centered\"><a href=\"https:\/\/schlammtrocknung.com\/leistungen\/metallschlammtrocknung\/\" class=\"btn-shortcode dt-btn-m dt-btn default-btn-color default-btn-hover-color default-btn-bg-hover-color\" id=\"dt-btn-3\"><span>Zjist\u011bte v\u00edce!<\/span><\/a><\/div>[\/vc_column_inner][vc_column_inner][vc_empty_space height=&#8220;50px&#8220;][\/vc_column_inner][\/vc_row_inner][vc_row_inner][vc_column_inner width=&#8220;1\/3&#8243;][vc_single_image image=&#8220;372&#8243; img_size=&#8220;400&#215;250&#8243; alignment=&#8220;center&#8220;][vc_column_text css=&#8220;.vc_custom_1725452198849{padding-bottom: 50px !important;}&#8220;]<\/p>\n<h3 style=\"text-align: center;\"><span style=\"color: #728d2a;\">Su\u0161en\u00ed pap\u00edrov\u00fdch kal\u016f<\/span><\/h3>\n<p style=\"text-align: center;\">Vyu\u017eijte na\u0161e syst\u00e9my su\u0161en\u00ed pap\u00edrov\u00fdch kal\u016f, jejich\u017e c\u00edlem je minimalizovat obsah vlhkosti a sn\u00ed\u017eit n\u00e1klady na likvidaci pap\u00edrov\u00fdch kal\u016f. Na\u0161e \u0159e\u0161en\u00ed jsou nezbytn\u00e1 pro odv\u011btv\u00ed, v nich\u017e se celul\u00f3za \u010dist\u00ed a zpracov\u00e1v\u00e1 na polotovary. <\/p>\n<p>[\/vc_column_text]<style type=\"text\/css\">#dt-btn-4 {background: #728d2a;}<\/style><div class=\"text-centered\"><a href=\"https:\/\/schlammtrocknung.com\/leistungen\/papierschlammtrocknung\/\" class=\"btn-shortcode dt-btn-m dt-btn default-btn-color default-btn-hover-color default-btn-bg-hover-color\" id=\"dt-btn-4\"><span>Zjist\u011bte v\u00edce!<\/span><\/a><\/div>[\/vc_column_inner][vc_column_inner width=&#8220;1\/3&#8243;][vc_single_image image=&#8220;371&#8243; img_size=&#8220;400&#215;250&#8243; alignment=&#8220;center&#8220;][vc_column_text]<\/p>\n<h3 style=\"text-align: center;\"><span style=\"color: #728d2a;\">Su\u0161en\u00ed olejov\u00fdch a lakov\u00fdch kal\u016f<\/span><\/h3>\n<p style=\"text-align: center;\">Na\u0161e \u0159e\u0161en\u00ed pro su\u0161en\u00ed kal\u016f z olejov\u00fdch barev jsou ide\u00e1ln\u00ed pro \u0161etrn\u00e9 a odpov\u011bdn\u00e9 zpracov\u00e1n\u00ed kal\u016f z pr\u016fmyslu barev a lak\u016f, kter\u00e9 jsou \u0161kodliv\u00e9 pro zdrav\u00ed a \u017eivotn\u00ed prost\u0159ed\u00ed. Syst\u00e9my michel SLUDGE-DRYING-SYSTEMS umo\u017e\u0148uj\u00ed d\u00edky efektivn\u00ed redukci objemu \u00fa\u010dinnou likvidaci kal\u016f z olejov\u00fdch barev nebo dokonce zp\u011btn\u00e9 z\u00edsk\u00e1v\u00e1n\u00ed cenn\u00fdch slo\u017eek. <\/p>\n<p>[\/vc_column_text]<style type=\"text\/css\">#dt-btn-5 {background: #728d2a;}<\/style><div class=\"text-centered\"><a href=\"https:\/\/schlammtrocknung.com\/leistungen\/oel-lackschlamm-trocknung\/\" class=\"btn-shortcode dt-btn-m dt-btn default-btn-color default-btn-hover-color default-btn-bg-hover-color\" id=\"dt-btn-5\"><span>Zjist\u011bte v\u00edce!<\/span><\/a><\/div>[\/vc_column_inner][vc_column_inner width=&#8220;1\/3&#8243;][vc_single_image image=&#8220;370&#8243; img_size=&#8220;400&#215;250&#8243; alignment=&#8220;center&#8220;][vc_column_text css=&#8220;.vc_custom_1725452233530{padding-bottom: 60px !important;}&#8220;]<\/p>\n<h3 style=\"text-align: center;\"><span style=\"color: #728d2a;\">Zpracov\u00e1n\u00ed kal\u016f<\/span><\/h3>\n<p style=\"text-align: center;\">N\u00e1\u0161 komplexn\u00ed p\u0159\u00edstup ke zpracov\u00e1n\u00ed kal\u016f nab\u00edz\u00ed komplexn\u00ed \u0159e\u0161en\u00ed od su\u0161en\u00ed a\u017e po kone\u010dn\u00e9 vyu\u017eit\u00ed materi\u00e1lu. T\u00edmto zp\u016fsobem p\u0159iprav\u00edte kaly pro dal\u0161\u00ed vyu\u017eit\u00ed jako hnojivo, palivo nebo kamenivo ve stavebnictv\u00ed &#8211; pln\u011b v souladu s ob\u011bhov\u00fdm hospod\u00e1\u0159stv\u00edm. <\/p>\n<p>[\/vc_column_text]<style type=\"text\/css\">#dt-btn-6 {background: #728d2a;}<\/style><div class=\"text-centered\"><a href=\"https:\/\/schlammtrocknung.com\/leistungen\/schlammbehandlung\/\" class=\"btn-shortcode dt-btn-m dt-btn default-btn-color default-btn-hover-color default-btn-bg-hover-color\" id=\"dt-btn-6\"><span>Zjist\u011bte v\u00edce!<\/span><\/a><\/div>[\/vc_column_inner][vc_column_inner][vc_empty_space height=&#8220;100px&#8220;][\/vc_column_inner][vc_column_inner][vc_cta h2=&#8220;Objevte v\u00fdhody na\u0161ich syst\u00e9m\u016f su\u0161en\u00ed kal\u016f SDS&#8220; txt_align=&#8220;center&#8220; add_button=&#8220;bottom&#8220; btn_title=&#8220;Spojte se s n\u00e1mi!&#8220; btn_color=&#8220;green&#8220; btn_align=&#8220;center&#8220; btn_link=&#8220;url:https%3A%2F%2Fschlammtrocknung.com%2Fcs%2Fkontaktujte-nas%2F|title:Kontaktujte%20n%C3%A1s|&#8220;]<\/p>\n<p style=\"text-align: center;\"><span style=\"font-weight: 400;\">Zvy\u0161te <\/span><b>\u00fa\u010dinnost<\/b><span style=\"font-weight: 400;\"> zpracov\u00e1n\u00ed kal\u016f a z\u00e1rove\u0148 zlep\u0161it jejich kvalitu <\/span><b>ekologickou rovnov\u00e1hu<\/b><span style=\"font-weight: 400;\">. Kontaktujte spole\u010dnost michel SLUDGE-DRYING-SYSTEMS a z\u00edskejte v\u00edce informac\u00ed o udr\u017eiteln\u00fdch \u0159e\u0161en\u00edch su\u0161en\u00ed kal\u016f. Spolehn\u011bte se na vysp\u011blou technologii a udr\u017eiteln\u00e9 postupy &#8211; zvolte \u0161etrn\u00fd a ekologick\u00fd syst\u00e9m michel SLUDGE-DRYING-SYSTEMS.  <\/span><\/p>\n<p>[\/vc_cta][\/vc_column_inner][\/vc_row_inner][vc_empty_space height=&#8220;50px&#8220;][\/vc_column][\/vc_row]<\/p>\n<\/div>","protected":false},"excerpt":{"rendered":"<p>[vc_row content_placement=&#8220;top&#8220;][vc_column][vc_column_text] Maximalizujte efektivitu vyu\u017e\u00edv\u00e1n\u00ed zdroj\u016f s michel SLUDGE-DRYING-SYSTEMS [\/vc_column_text][vc_empty_space height=&#8220;50px&#8220;][\/vc_column][\/vc_row][vc_row][vc_column width=&#8220;1\/2&#8243;][vc_column_text]michel SLUDGE-DRYING-SYSTEMS nab\u00edz\u00ed pokro\u010dil\u00e1 \u0159e\u0161en\u00ed pro su\u0161en\u00ed kal\u016fkter\u00e1 jsou speci\u00e1ln\u011b navr\u017eena tak, aby sni\u017eovala provozn\u00ed n\u00e1klady a minimalizovala dopad na \u017eivotn\u00ed prost\u0159ed\u00ed. Na\u0161e syst\u00e9my na m\u00edru jsou ide\u00e1ln\u00ed pro \u0161irokou \u0161k\u00e1lu pr\u016fmyslov\u00fdch odv\u011btv\u00edzajistit \u00fa\u010dinnou a ekologickou likvidaci kal\u016f. Zjist\u011bte, jak m\u016f\u017ee na\u0161e technologie splnit&hellip;<\/p>\n","protected":false},"author":1,"featured_media":0,"parent":0,"menu_order":0,"comment_status":"closed","ping_status":"closed","template":"","meta":{"footnotes":""},"class_list":["post-1790","page","type-page","status-publish","hentry","description-off"],"yoast_head":"<!-- This site is optimized with the Yoast SEO plugin v27.3 - https:\/\/yoast.com\/product\/yoast-seo-wordpress\/ -->\n<title>Slu\u017eby | Michel Su\u0161en\u00ed kal\u016f<\/title>\n<meta name=\"description\" content=\"michel SLUDGE-DRYING-SYSTEMS nab\u00edz\u00ed pokro\u010dil\u00e1 \u0159e\u0161en\u00ed pro su\u0161en\u00ed kal\u016f.\" \/>\n<meta name=\"robots\" content=\"index, follow, max-snippet:-1, max-image-preview:large, max-video-preview:-1\" \/>\n<link rel=\"canonical\" href=\"https:\/\/schlammtrocknung.com\/cs\/sluzby\/\" \/>\n<meta property=\"og:locale\" content=\"cs_CZ\" \/>\n<meta property=\"og:type\" content=\"article\" \/>\n<meta property=\"og:title\" content=\"Slu\u017eby | Michel Su\u0161en\u00ed kal\u016f\" \/>\n<meta property=\"og:description\" content=\"michel SLUDGE-DRYING-SYSTEMS nab\u00edz\u00ed pokro\u010dil\u00e1 \u0159e\u0161en\u00ed pro su\u0161en\u00ed kal\u016f.\" \/>\n<meta property=\"og:url\" content=\"https:\/\/schlammtrocknung.com\/cs\/sluzby\/\" \/>\n<meta property=\"og:site_name\" content=\"Schlammtrocknung \u2013 michel SLUDGE DRYING SYSTEM\" \/>\n<meta property=\"article:modified_time\" content=\"2025-04-02T09:34:29+00:00\" \/>\n<meta name=\"twitter:card\" content=\"summary_large_image\" \/>\n<meta name=\"twitter:label1\" content=\"Odhadovan\u00e1 doba \u010dten\u00ed\" \/>\n\t<meta name=\"twitter:data1\" content=\"5 minut\" \/>\n<script type=\"application\/ld+json\" class=\"yoast-schema-graph\">{\"@context\":\"https:\\\/\\\/schema.org\",\"@graph\":[{\"@type\":\"WebPage\",\"@id\":\"https:\\\/\\\/schlammtrocknung.com\\\/cs\\\/sluzby\\\/\",\"url\":\"https:\\\/\\\/schlammtrocknung.com\\\/cs\\\/sluzby\\\/\",\"name\":\"Slu\u017eby | Michel Su\u0161en\u00ed kal\u016f\",\"isPartOf\":{\"@id\":\"https:\\\/\\\/schlammtrocknung.com\\\/#website\"},\"datePublished\":\"2024-09-04T08:22:38+00:00\",\"dateModified\":\"2025-04-02T09:34:29+00:00\",\"description\":\"michel SLUDGE-DRYING-SYSTEMS nab\u00edz\u00ed pokro\u010dil\u00e1 \u0159e\u0161en\u00ed pro su\u0161en\u00ed kal\u016f.\",\"breadcrumb\":{\"@id\":\"https:\\\/\\\/schlammtrocknung.com\\\/cs\\\/sluzby\\\/#breadcrumb\"},\"inLanguage\":\"cs\",\"potentialAction\":[{\"@type\":\"ReadAction\",\"target\":[\"https:\\\/\\\/schlammtrocknung.com\\\/cs\\\/sluzby\\\/\"]}]},{\"@type\":\"BreadcrumbList\",\"@id\":\"https:\\\/\\\/schlammtrocknung.com\\\/cs\\\/sluzby\\\/#breadcrumb\",\"itemListElement\":[{\"@type\":\"ListItem\",\"position\":1,\"name\":\"Startseite\",\"item\":\"https:\\\/\\\/schlammtrocknung.com\\\/cs\\\/domovska-stranka-2\\\/\"},{\"@type\":\"ListItem\",\"position\":2,\"name\":\"Slu\u017eby\"}]},{\"@type\":\"WebSite\",\"@id\":\"https:\\\/\\\/schlammtrocknung.com\\\/#website\",\"url\":\"https:\\\/\\\/schlammtrocknung.com\\\/\",\"name\":\"Schlammtrocknung | SDS - Schlammtrocknung\",\"description\":\"Schlamm- L\u00f6sungen f\u00fcr Kl\u00e4rwerke, Industrie und Umwelt\",\"publisher\":{\"@id\":\"https:\\\/\\\/schlammtrocknung.com\\\/#organization\"},\"potentialAction\":[{\"@type\":\"SearchAction\",\"target\":{\"@type\":\"EntryPoint\",\"urlTemplate\":\"https:\\\/\\\/schlammtrocknung.com\\\/?s={search_term_string}\"},\"query-input\":{\"@type\":\"PropertyValueSpecification\",\"valueRequired\":true,\"valueName\":\"search_term_string\"}}],\"inLanguage\":\"cs\"},{\"@type\":\"Organization\",\"@id\":\"https:\\\/\\\/schlammtrocknung.com\\\/#organization\",\"name\":\"Schlammtrocknung | SDS - Schlammtrocknung\",\"url\":\"https:\\\/\\\/schlammtrocknung.com\\\/\",\"logo\":{\"@type\":\"ImageObject\",\"inLanguage\":\"cs\",\"@id\":\"https:\\\/\\\/schlammtrocknung.com\\\/#\\\/schema\\\/logo\\\/image\\\/\",\"url\":\"https:\\\/\\\/schlammtrocknung.com\\\/wp-content\\\/uploads\\\/2023\\\/02\\\/logo_sds-1.png\",\"contentUrl\":\"https:\\\/\\\/schlammtrocknung.com\\\/wp-content\\\/uploads\\\/2023\\\/02\\\/logo_sds-1.png\",\"width\":697,\"height\":187,\"caption\":\"Schlammtrocknung | SDS - Schlammtrocknung\"},\"image\":{\"@id\":\"https:\\\/\\\/schlammtrocknung.com\\\/#\\\/schema\\\/logo\\\/image\\\/\"}}]}<\/script>\n<!-- \/ Yoast SEO plugin. -->","yoast_head_json":{"title":"Slu\u017eby | Michel Su\u0161en\u00ed kal\u016f","description":"michel SLUDGE-DRYING-SYSTEMS nab\u00edz\u00ed pokro\u010dil\u00e1 \u0159e\u0161en\u00ed pro su\u0161en\u00ed kal\u016f.","robots":{"index":"index","follow":"follow","max-snippet":"max-snippet:-1","max-image-preview":"max-image-preview:large","max-video-preview":"max-video-preview:-1"},"canonical":"https:\/\/schlammtrocknung.com\/cs\/sluzby\/","og_locale":"cs_CZ","og_type":"article","og_title":"Slu\u017eby | Michel Su\u0161en\u00ed kal\u016f","og_description":"michel SLUDGE-DRYING-SYSTEMS nab\u00edz\u00ed pokro\u010dil\u00e1 \u0159e\u0161en\u00ed pro su\u0161en\u00ed kal\u016f.","og_url":"https:\/\/schlammtrocknung.com\/cs\/sluzby\/","og_site_name":"Schlammtrocknung \u2013 michel SLUDGE DRYING SYSTEM","article_modified_time":"2025-04-02T09:34:29+00:00","twitter_card":"summary_large_image","twitter_misc":{"Odhadovan\u00e1 doba \u010dten\u00ed":"5 minut"},"schema":{"@context":"https:\/\/schema.org","@graph":[{"@type":"WebPage","@id":"https:\/\/schlammtrocknung.com\/cs\/sluzby\/","url":"https:\/\/schlammtrocknung.com\/cs\/sluzby\/","name":"Slu\u017eby | Michel Su\u0161en\u00ed kal\u016f","isPartOf":{"@id":"https:\/\/schlammtrocknung.com\/#website"},"datePublished":"2024-09-04T08:22:38+00:00","dateModified":"2025-04-02T09:34:29+00:00","description":"michel SLUDGE-DRYING-SYSTEMS nab\u00edz\u00ed pokro\u010dil\u00e1 \u0159e\u0161en\u00ed pro su\u0161en\u00ed kal\u016f.","breadcrumb":{"@id":"https:\/\/schlammtrocknung.com\/cs\/sluzby\/#breadcrumb"},"inLanguage":"cs","potentialAction":[{"@type":"ReadAction","target":["https:\/\/schlammtrocknung.com\/cs\/sluzby\/"]}]},{"@type":"BreadcrumbList","@id":"https:\/\/schlammtrocknung.com\/cs\/sluzby\/#breadcrumb","itemListElement":[{"@type":"ListItem","position":1,"name":"Startseite","item":"https:\/\/schlammtrocknung.com\/cs\/domovska-stranka-2\/"},{"@type":"ListItem","position":2,"name":"Slu\u017eby"}]},{"@type":"WebSite","@id":"https:\/\/schlammtrocknung.com\/#website","url":"https:\/\/schlammtrocknung.com\/","name":"Schlammtrocknung | SDS - Schlammtrocknung","description":"Schlamm- L\u00f6sungen f\u00fcr Kl\u00e4rwerke, Industrie und Umwelt","publisher":{"@id":"https:\/\/schlammtrocknung.com\/#organization"},"potentialAction":[{"@type":"SearchAction","target":{"@type":"EntryPoint","urlTemplate":"https:\/\/schlammtrocknung.com\/?s={search_term_string}"},"query-input":{"@type":"PropertyValueSpecification","valueRequired":true,"valueName":"search_term_string"}}],"inLanguage":"cs"},{"@type":"Organization","@id":"https:\/\/schlammtrocknung.com\/#organization","name":"Schlammtrocknung | SDS - Schlammtrocknung","url":"https:\/\/schlammtrocknung.com\/","logo":{"@type":"ImageObject","inLanguage":"cs","@id":"https:\/\/schlammtrocknung.com\/#\/schema\/logo\/image\/","url":"https:\/\/schlammtrocknung.com\/wp-content\/uploads\/2023\/02\/logo_sds-1.png","contentUrl":"https:\/\/schlammtrocknung.com\/wp-content\/uploads\/2023\/02\/logo_sds-1.png","width":697,"height":187,"caption":"Schlammtrocknung | SDS - Schlammtrocknung"},"image":{"@id":"https:\/\/schlammtrocknung.com\/#\/schema\/logo\/image\/"}}]}},"_links":{"self":[{"href":"https:\/\/schlammtrocknung.com\/cs\/wp-json\/wp\/v2\/pages\/1790","targetHints":{"allow":["GET"]}}],"collection":[{"href":"https:\/\/schlammtrocknung.com\/cs\/wp-json\/wp\/v2\/pages"}],"about":[{"href":"https:\/\/schlammtrocknung.com\/cs\/wp-json\/wp\/v2\/types\/page"}],"author":[{"embeddable":true,"href":"https:\/\/schlammtrocknung.com\/cs\/wp-json\/wp\/v2\/users\/1"}],"replies":[{"embeddable":true,"href":"https:\/\/schlammtrocknung.com\/cs\/wp-json\/wp\/v2\/comments?post=1790"}],"version-history":[{"count":2,"href":"https:\/\/schlammtrocknung.com\/cs\/wp-json\/wp\/v2\/pages\/1790\/revisions"}],"predecessor-version":[{"id":1794,"href":"https:\/\/schlammtrocknung.com\/cs\/wp-json\/wp\/v2\/pages\/1790\/revisions\/1794"}],"wp:attachment":[{"href":"https:\/\/schlammtrocknung.com\/cs\/wp-json\/wp\/v2\/media?parent=1790"}],"curies":[{"name":"wp","href":"https:\/\/api.w.org\/{rel}","templated":true}]}}