{"id":2232,"date":"2025-02-24T17:25:02","date_gmt":"2025-02-24T16:25:02","guid":{"rendered":"https:\/\/schlammtrocknung.com\/susarna-kalu\/"},"modified":"2025-05-09T10:43:00","modified_gmt":"2025-05-09T08:43:00","slug":"susarna-kalu","status":"publish","type":"page","link":"https:\/\/schlammtrocknung.com\/cs\/susarna-kalu\/","title":{"rendered":"Su\u0161\u00e1rna kal\u016f"},"content":{"rendered":"<div class=\"wpb-content-wrapper\"><p>[vc_row content_placement=&#8220;top&#8220;][vc_column][vc_column_text]<\/p>\n<h1 style=\"text-align: center;\"><span style=\"color: #728d2a;\">\u00da\u010dinn\u00e1 technologie: su\u0161\u00e1rna kal\u016f<br \/><\/span><\/h1>\n<p>[\/vc_column_text][vc_column_text]<\/p>\n<p style=\"text-align: center;\"><span style=\"font-weight: 400;\">Na str\u00e1nk\u00e1ch <\/span><b>su\u0161\u00edc\u00ed syst\u00e9my od michel SLUDGE-DRYING-SYSTEMS<\/b><span style=\"font-weight: 400;\">  p\u0159edstavuj\u00ed rozhoduj\u00edc\u00ed krok vp\u0159ed v oblasti ekologick\u00e9ho vyu\u017e\u00edv\u00e1n\u00ed odpadu. D\u00edky vyu\u017eit\u00ed modern\u00edch   <\/span><b>N\u00edzkoteplotn\u00ed su\u0161i\u010dky<\/b><span style=\"font-weight: 400;\"> na\u0161e syst\u00e9my umo\u017e\u0148uj\u00ed efektivn\u00ed a energeticky \u00fasporn\u00e9 zpracov\u00e1n\u00ed kal\u016f. <\/span><b>su\u0161en\u00ed kal\u016f<\/b><span style=\"font-weight: 400;\">kter\u00e9 nov\u011b definuj\u00ed pr\u016fmyslov\u00e9 standardy.<\/span><\/p>\n<p style=\"text-align: center;\"><span style=\"font-weight: 400;\">Nez\u00e1le\u017e\u00ed na tom, zda <\/span><a href=\"https:\/\/schlammtrocknung.com\/leistungen\/klaerschlammtrocknung\/\"><span style=\"font-weight: 400;\">kaly z \u010dist\u00edren odpadn\u00edch vod<\/span><\/a><span style=\"font-weight: 400;\">, <\/span><a href=\"https:\/\/schlammtrocknung.com\/leistungen\/bioschlammtrocknung\/\"><span style=\"font-weight: 400;\">biokal<\/span><\/a><span style=\"font-weight: 400;\"> nebo pr\u016fmyslov\u00e9 kaly &#8211; na\u0161e<\/span><b> pr\u016fmyslov\u00e9 su\u0161\u00e1rny<\/b><span style=\"font-weight: 400;\"> zaji\u0161\u0165uj\u00ed profesion\u00e1ln\u00ed su\u0161en\u00ed kal\u016f <\/span><b>su\u0161en\u00ed kal\u016f p\u0159\u00edmo na m\u00edst\u011b<\/b><span style=\"font-weight: 400;\">. Objevte nab\u00eddku michel SLUDGE-DRYING-SYSTEMS, kde si m\u016f\u017eete koupit, pronajmout nebo financovat efektivn\u00ed su\u0161ic\u00ed syst\u00e9my.<\/span><\/p>\n<p>[\/vc_column_text][vc_btn title=&#8220;Objevte nyn\u00ed su\u0161\u00edc\u00ed syst\u00e9my!&#8220; style=&#8220;custom&#8220; custom_background=&#8220;#728d2a&#8220; custom_text=&#8220;#ffffff&#8220; align=&#8220;center&#8220; link=&#8220;url:https%3A%2F%2Fschlammtrocknung.com%2Fprodukte%2F|&#8220;][vc_empty_space height=&#8220;50px&#8220;][\/vc_column][\/vc_row][vc_row][vc_column width=&#8220;2\/3&#8243;][vc_column_text]<\/p>\n<h3><span style=\"color: #728d2a;\">Objevte v\u00fdhody na\u0161ich su\u0161ic\u00edch syst\u00e9m\u016f na prvn\u00ed pohled:<br \/><\/span><\/h3>\n<p>[\/vc_column_text][vc_column_text]<\/p>\n<ul>\n<li style=\"font-weight: 400;\" aria-level=\"1\"><span style=\"font-weight: 400;\">\u0160etrn\u00e9 a energeticky \u00fasporn\u00e9 su\u0161en\u00ed kal\u016f d\u00edky n\u00edzkoteplotn\u00edmu su\u0161en\u00ed<\/span><\/li>\n<li style=\"font-weight: 400;\" aria-level=\"1\"><span style=\"font-weight: 400;\">Nekomplikovan\u00e9 a n\u00e1kladov\u011b \u00fasporn\u00e9 su\u0161en\u00ed p\u0159\u00edmo v m\u00edst\u011b vzniku kalu.<\/span><\/li>\n<li style=\"font-weight: 400;\" aria-level=\"1\"><span style=\"font-weight: 400;\">Modul\u00e1rn\u00ed syst\u00e9my r\u016fzn\u00fdch velikost\u00ed<\/span><\/li>\n<li style=\"font-weight: 400;\" aria-level=\"1\"><span style=\"font-weight: 400;\">\u0160irok\u00e1 \u0161k\u00e1la mo\u017enost\u00ed vyu\u017eit\u00ed od <\/span><a href=\"https:\/\/schlammtrocknung.com\/schlammentsorgung\/\"><span style=\"font-weight: 400;\">likvidace kal\u016f<\/span><\/a><span style=\"font-weight: 400;\"> a\u017e po <\/span><a href=\"https:\/\/schlammtrocknung.com\/news\/phosphor-recycling\/\"><span style=\"font-weight: 400;\">vyu\u017eit\u00ed fosforu<\/span><\/a><\/li>\n<li style=\"font-weight: 400;\" aria-level=\"1\"><span style=\"font-weight: 400;\">Jednoduch\u00e1 instalace bez speci\u00e1ln\u00ed infrastruktury nebo p\u0159estavby<\/span><\/li>\n<\/ul>\n<p>[\/vc_column_text][vc_empty_space height=&#8220;70px&#8220;][\/vc_column][vc_column width=&#8220;1\/3&#8243;][vc_single_image image=&#8220;367&#8243; img_size=&#8220;400&#215;300&#8243;][\/vc_column][\/vc_row][vc_row][vc_column width=&#8220;1\/2&#8243;][vc_single_image image=&#8220;368&#8243; img_size=&#8220;600&#215;600&#8243;][vc_empty_space height=&#8220;70px&#8220;][\/vc_column][vc_column width=&#8220;1\/2&#8243;][vc_column_text]<\/p>\n<h2><span style=\"color: #728d2a;\">Maxim\u00e1ln\u00ed v\u00fdsledky p\u0159i minim\u00e1ln\u00ed produkci tepla<br \/><\/span><\/h2>\n<p><span style=\"font-weight: 400;\">Na str\u00e1nk\u00e1ch <\/span><a href=\"https:\/\/schlammtrocknung.com\/niedertemperaturtrockner\/\"><span style=\"font-weight: 400;\">n\u00edzkoteplotn\u00ed su\u0161i\u010dky<\/span><\/a><span style=\"font-weight: 400;\"> od spole\u010dnosti michel SLUDGE-DRYING-SYSTEMS pracuj\u00ed p\u0159i <\/span><b>ni\u017e\u0161\u00edch teplot\u00e1ch<\/b><span style=\"font-weight: 400;\">k su\u0161en\u00ed kalu bez chemick\u00fdch zm\u011bn nebo emis\u00ed \u0161kodliv\u00fdch l\u00e1tek. Toto \u0159\u00edzen\u00e9 pou\u017eit\u00ed tepla \u00fa\u010dinn\u011b odpa\u0159uje vlhkost, sni\u017euje energetick\u00e9 n\u00e1roky a z\u00e1rove\u0148 chr\u00e1n\u00ed materi\u00e1l.   <\/span><\/p>\n<p><span style=\"font-weight: 400;\">Tato metoda minimalizuje tepeln\u00e9 zat\u00ed\u017een\u00ed su\u0161en\u00e9ho materi\u00e1lu, co\u017e nejen chr\u00e1n\u00ed \u017eivotn\u00ed prost\u0159ed\u00ed, ale tak\u00e9 zlep\u0161uje jeho kvalitu. <\/span><b>kvalitu<\/b><span style=\"font-weight: 400;\"> kvalitu kone\u010dn\u00e9ho produktu.<\/span><\/p>\n<p><b>\u0160etrn\u00e9 zach\u00e1zen\u00ed a v\u00fdrazn\u00e1 \u00faspora energie<\/b><\/p>\n<p><span style=\"font-weight: 400;\">Pomoc\u00ed <\/span><b>n\u00edzkoteplotn\u00edch su\u0161i\u010dek<\/b><span style=\"font-weight: 400;\">  v na\u0161ich su\u0161ic\u00edch syst\u00e9mech, m\u016f\u017eeme v\u00fdrazn\u011b sn\u00ed\u017eit spot\u0159ebu energie. Tato energetick\u00e1 \u00fa\u010dinnost vede nejen ke sn\u00ed\u017een\u00ed provozn\u00edch n\u00e1klad\u016f, ale tak\u00e9 k v\u00fdrazn\u00e9mu sn\u00ed\u017een\u00ed emis\u00ed CO\u2082. Krom\u011b toho se na\u0161e syst\u00e9my d\u00edky inovativn\u00ed technologii vyh\u00fdbaj\u00ed tak\u00e9 probl\u00e9m\u016fm s odpadn\u00ed vodou a dal\u0161\u00edmi emisemi.  <\/span>[\/vc_column_text][\/vc_column][\/vc_row][vc_row][vc_column width=&#8220;1\/2&#8243;][vc_column_text]<\/p>\n<h2><span style=\"color: #728d2a;\">P\u0159izp\u016fsobiteln\u00e9 syst\u00e9my su\u0161en\u00ed pro optim\u00e1ln\u00ed v\u00fdsledky<br \/><\/span><\/h2>\n<p><span style=\"font-weight: 400;\">Na\u0161e <\/span><b>modul\u00e1rn\u00ed syst\u00e9my su\u0161en\u00ed kal\u016f <\/b><span style=\"font-weight: 400;\">jsou k dispozici v <\/span><b>r\u016fzn\u00e9 velikosti <\/b> <span style=\"font-weight: 400;\">a jsou p\u0159esn\u011b p\u0159izp\u016fsobeny pot\u0159eb\u00e1m na\u0161ich z\u00e1kazn\u00edk\u016f. Ka\u017ed\u00fd syst\u00e9m integruje \u0161etrn\u00e9 metody su\u0161en\u00ed, kter\u00e9 \u00fa\u010dinn\u011b sni\u017euj\u00ed obsah vody v kalu a z\u00e1rove\u0148 minimalizuj\u00ed spot\u0159ebu energie.   <\/span><\/p>\n<p><span style=\"font-weight: 400;\">To umo\u017e\u0148uje kontinu\u00e1ln\u00ed a efektivn\u00ed zpracov\u00e1n\u00ed kalu od za\u010d\u00e1tku do konce, ani\u017e by bylo nutn\u00e9 pou\u017e\u00edvat r\u016fzn\u00e9 stupn\u011b su\u0161en\u00ed nebo samostatn\u00e9 stroje.<\/span><\/p>\n<p><span style=\"font-weight: 400;\">Na str\u00e1nk\u00e1ch <\/span><b>v\u0161estrann\u00e9 mo\u017enosti pou\u017eit\u00ed<\/b><span style=\"font-weight: 400;\">  na\u0161ich su\u0161ic\u00edch syst\u00e9m\u016f jsou ide\u00e1ln\u00edm \u0159e\u0161en\u00edm pro \u0161irokou \u0161k\u00e1lu pr\u016fmyslov\u00fdch aplikac\u00ed. A\u0165 u\u017e v elektr\u00e1rn\u00e1ch na biomasu pro v\u00fdrobu energie, jako hnojivo v zem\u011bd\u011blstv\u00ed nebo jako kamenivo ve stavebnictv\u00ed &#8211; su\u0161\u00edc\u00ed syst\u00e9my michel SLUDGE-DRYING-SYSTEMS jsou vhodn\u00e9 pro v\u0161echny typy kal\u016f a lze je modul\u00e1rn\u011b p\u0159izp\u016fsobit specifick\u00fdm po\u017eadavk\u016fm. <\/span>[\/vc_column_text][\/vc_column][vc_column width=&#8220;1\/2&#8243;][vc_single_image image=&#8220;1194&#8243; img_size=&#8220;600&#215;600&#8243;][vc_empty_space height=&#8220;70px&#8220;][\/vc_column][\/vc_row][vc_row][vc_column width=&#8220;1\/2&#8243;][vc_single_image image=&#8220;375&#8243; img_size=&#8220;600&#215;600&#8243;][vc_empty_space height=&#8220;70px&#8220;][\/vc_column][vc_column width=&#8220;1\/2&#8243;][vc_column_text]<\/p>\n<h3><span style=\"color: #728d2a;\">Flexibilita a efektivita na ka\u017ed\u00e9m m\u00edst\u011b<br \/><\/span><\/h3>\n<p><span style=\"font-weight: 400;\">michel SLUDGE-DRYING-SYSTEMS nab\u00edz\u00ed decentralizovan\u00e9 syst\u00e9my pro su\u0161en\u00ed kal\u016f, kter\u00e9 byly speci\u00e1ln\u011b vyvinuty pro. <\/span><b>p\u0159\u00edmo v m\u00edst\u011b vzniku kalu <\/b> <span style=\"font-weight: 400;\">kter\u00e9 maj\u00ed b\u00fdt uvedeny do provozu. D\u00edky t\u00e9to nez\u00e1vislosti na velk\u00fdch infrastrukturn\u00edch \u00faprav\u00e1ch jsou na\u0161e syst\u00e9my flexibiln\u00edm \u0159e\u0161en\u00edm pro nejr\u016fzn\u011bj\u0161\u00ed m\u00edsta.   <\/span><\/p>\n<p><span style=\"font-weight: 400;\">Bez nutnosti rozs\u00e1hl\u00fdch stavebn\u00edch prac\u00ed nebo zast\u0159e\u0161en\u00ed lze na\u0161e syst\u00e9my bezprobl\u00e9mov\u011b integrovat do st\u00e1vaj\u00edc\u00edch provozn\u00edch proces\u016f.<\/span><\/p>\n<p><span style=\"font-weight: 400;\">Za\u0159\u00edzen\u00ed jsou rovn\u011b\u017e navr\u017eena pro zpracov\u00e1n\u00ed \u0161irok\u00e9 \u0161k\u00e1ly typ\u016f kal\u016f. <\/span><b>typy kal\u016f<\/b><span style=\"font-weight: 400;\"> \u00fa\u010dinn\u011b &#8211; od kal\u016f z komun\u00e1ln\u00edch \u010dist\u00edren odpadn\u00edch vod a\u017e po speci\u00e1ln\u00ed pr\u016fmyslov\u00e9 kaly, jako je nap\u0159. <\/span><a href=\"https:\/\/schlammtrocknung.com\/leistungen\/metallschlammtrocknung\/\"><span style=\"font-weight: 400;\">kovov\u00e9<\/span><\/a><span style=\"font-weight: 400;\"> nebo . <\/span><a href=\"https:\/\/schlammtrocknung.com\/leistungen\/papierschlammtrocknung\/\"><span style=\"font-weight: 400;\">pap\u00edrov\u00e9 kaly<\/span><\/a><span style=\"font-weight: 400;\">.<\/span><\/p>\n<p><span style=\"font-weight: 400;\">Nab\u00edz\u00edme tak\u00e9 <\/span><b>flexibiln\u00ed mo\u017enosti financov\u00e1n\u00ed<\/b><span style=\"font-weight: 400;\">  kter\u00e9 na\u0161im z\u00e1kazn\u00edk\u016fm umo\u017e\u0148uj\u00ed zav\u00e1d\u011bt pokro\u010dil\u00e9 technologie su\u0161en\u00ed, ani\u017e by byla ohro\u017eena jejich finan\u010dn\u00ed flexibilita. D\u00edky t\u011bmto adaptivn\u00edm \u0159e\u0161en\u00edm se spole\u010dnost michel SLUDGE-DRYING-SYSTEMS stav\u00ed do pozice va\u0161eho partnera pro ekologick\u00e9 a n\u00e1kladov\u011b efektivn\u00ed su\u0161en\u00ed kal\u016f. <\/span>[\/vc_column_text][\/vc_column][\/vc_row][vc_row][vc_column][vc_cta h2=&#8220;Profesion\u00e1ln\u00ed su\u0161\u00edc\u00ed syst\u00e9my michel SLUDGE-DRYING-SYSTEMS&#8220; txt_align=&#8220;center&#8220; add_button=&#8220;bottom&#8220; btn_title=&#8220;Kontaktujte n\u00e1s!&#8220; btn_style=&#8220;gradient-custom&#8220; btn_gradient_custom_color_1=&#8220;#728d2a&#8220; btn_gradient_custom_color_2=&#8220;#728d2a&#8220; btn_align=&#8220;center&#8220; btn_link=&#8220;url:https%3A%2F%2Fschlammtrocknung.com%2Fcs%2Fkontaktujte-nas%2F|title:Kontaktujte%20n%C3%A1s|&#8220;]<\/p>\n<p style=\"text-align: center;\"><span style=\"font-weight: 400;\">Investujte do modern\u00edch su\u0161ic\u00edch syst\u00e9m\u016f <\/span><b>su\u0161\u00edc\u00ed syst\u00e9my od spole\u010dnosti michel SLUDGE-DRYING-SYSTEMS<\/b><span style=\"font-weight: 400;\">  a vyzkou\u0161ejte si, jak na\u0161e technologie nejen zefektivn\u00ed va\u0161e v\u00fdrobn\u00ed procesy, ale tak\u00e9 je \u0161etrn\u011bj\u0161\u00ed k \u017eivotn\u00edmu prost\u0159ed\u00ed. Kontaktujte n\u00e1s je\u0161t\u011b dnes, abyste se dozv\u011bd\u011bli v\u00edce o na\u0161ich su\u0161ic\u00edch syst\u00e9mech a domluvili si s n\u00e1mi sch\u016fzku. <\/span> <b> nab\u00eddka na m\u00edru<\/b><span style=\"font-weight: 400;\"> obdr\u017eet!<\/span><\/p>\n<p>[\/vc_cta][vc_empty_space height=&#8220;50px&#8220;][\/vc_column][\/vc_row][vc_row][vc_column][vc_column_text]<\/p>\n<h2 style=\"text-align: center;\"><span style=\"color: #728d2a;\">\u010casto kladen\u00e9 ot\u00e1zky &#8211; \u010casto kladen\u00e9 ot\u00e1zky o na\u0161ich su\u0161ic\u00edch syst\u00e9mech<\/span><\/h2>\n<p>[\/vc_column_text][\/vc_column][\/vc_row][vc_row][vc_column][vc_toggle title=&#8220;V jak\u00fdch pr\u016fmyslov\u00fdch odv\u011btv\u00edch lze pou\u017e\u00edt su\u0161ic\u00ed syst\u00e9my michel SLUDGE-DRYING-SYSTEMS?&#8220;]Na\u0161e su\u0161\u00edc\u00ed syst\u00e9my jsou velmi univerz\u00e1ln\u00ed. Nab\u00edzej\u00ed \u0161irokou \u0161k\u00e1lu vyu\u017eit\u00ed v r\u016fzn\u00fdch pr\u016fmyslov\u00fdch odv\u011btv\u00edch, od su\u0161en\u00ed \u010dist\u00edrensk\u00fdch kal\u016f a biokal\u016f a\u017e po zpracov\u00e1n\u00ed pr\u016fmyslov\u00fdch odpad\u016f, jako jsou pap\u00edrov\u00e9 a kovov\u00e9 kaly. Mezi na\u0161e z\u00e1kazn\u00edky pat\u0159\u00ed \u010dist\u00edrny odpadn\u00edch vod, m\u00edstn\u00ed \u00fa\u0159ady a pr\u016fmyslov\u00e9 podniky.[\/vc_toggle][vc_toggle title=&#8220;Jak\u00e9 jsou v\u00fdhody modul\u00e1rn\u00edch su\u0161ic\u00edch syst\u00e9m\u016f michel SLUDGE-DRYING-SYSTEMS?&#8220;]Na\u0161e modul\u00e1rn\u00ed su\u0161ic\u00ed syst\u00e9my jsou k dispozici v r\u016fzn\u00fdch velikostech a lze je flexibiln\u011b p\u0159izp\u016fsobit r\u016fzn\u00fdm typ\u016fm kal\u016f, mno\u017estv\u00ed a po\u017eadavk\u016fm z\u00e1kazn\u00edk\u016f. Nab\u00edzej\u00ed tak\u00e9 efektivn\u00ed zpracov\u00e1n\u00ed kalu od za\u010d\u00e1tku do konce a nevy\u017eaduj\u00ed samostatn\u00e9 stroje pro r\u016fzn\u00e9 f\u00e1ze su\u0161en\u00ed. Na\u0161e syst\u00e9my su\u0161\u00ed kaly p\u0159\u00edmo na m\u00edst\u011b &#8211; bez nutnosti zast\u0159e\u0161en\u00ed nebo haly.[\/vc_toggle][\/vc_column][\/vc_row]<\/p>\n<\/div>","protected":false},"excerpt":{"rendered":"<p>[vc_row content_placement=&#8220;top&#8220;][vc_column][vc_column_text] \u00da\u010dinn\u00e1 technologie: su\u0161\u00e1rna kal\u016f [\/vc_column_text][vc_column_text] Na str\u00e1nk\u00e1ch su\u0161\u00edc\u00ed syst\u00e9my od michel SLUDGE-DRYING-SYSTEMS p\u0159edstavuj\u00ed rozhoduj\u00edc\u00ed krok vp\u0159ed v oblasti ekologick\u00e9ho vyu\u017e\u00edv\u00e1n\u00ed odpadu. D\u00edky vyu\u017eit\u00ed modern\u00edch N\u00edzkoteplotn\u00ed su\u0161i\u010dky na\u0161e syst\u00e9my umo\u017e\u0148uj\u00ed efektivn\u00ed a energeticky \u00fasporn\u00e9 zpracov\u00e1n\u00ed kal\u016f. su\u0161en\u00ed kal\u016fkter\u00e9 nov\u011b definuj\u00ed pr\u016fmyslov\u00e9 standardy. Nez\u00e1le\u017e\u00ed na tom, zda kaly z \u010dist\u00edren odpadn\u00edch vod, biokal nebo pr\u016fmyslov\u00e9&hellip;<\/p>\n","protected":false},"author":1,"featured_media":0,"parent":0,"menu_order":0,"comment_status":"closed","ping_status":"closed","template":"","meta":{"footnotes":""},"class_list":["post-2232","page","type-page","status-publish","hentry","description-off"],"yoast_head":"<!-- This site is optimized with the Yoast SEO plugin v27.4 - https:\/\/yoast.com\/product\/yoast-seo-wordpress\/ -->\n<title>Su\u0161ic\u00ed syst\u00e9m | michel SLUDGE-DRYING-SYSTEMS<\/title>\n<meta name=\"description\" content=\"Objevte pokro\u010dil\u00e9 syst\u00e9my su\u0161en\u00ed pro v\u0161echny typy kal\u016f od spole\u010dnosti michel SLUDGE-DRYING-SYSTEMS.\" \/>\n<meta name=\"robots\" content=\"index, follow, max-snippet:-1, max-image-preview:large, max-video-preview:-1\" \/>\n<link rel=\"canonical\" href=\"https:\/\/schlammtrocknung.com\/cs\/susarna-kalu\/\" \/>\n<meta property=\"og:locale\" content=\"cs_CZ\" \/>\n<meta property=\"og:type\" content=\"article\" \/>\n<meta property=\"og:title\" content=\"Su\u0161ic\u00ed syst\u00e9m | michel SLUDGE-DRYING-SYSTEMS\" \/>\n<meta property=\"og:description\" content=\"Objevte pokro\u010dil\u00e9 syst\u00e9my su\u0161en\u00ed pro v\u0161echny typy kal\u016f od spole\u010dnosti michel SLUDGE-DRYING-SYSTEMS.\" \/>\n<meta property=\"og:url\" content=\"https:\/\/schlammtrocknung.com\/cs\/susarna-kalu\/\" \/>\n<meta property=\"og:site_name\" content=\"Schlammtrocknung \u2013 michel SLUDGE DRYING SYSTEM\" \/>\n<meta property=\"article:modified_time\" content=\"2025-05-09T08:43:00+00:00\" \/>\n<meta name=\"twitter:card\" content=\"summary_large_image\" \/>\n<meta name=\"twitter:label1\" content=\"Odhadovan\u00e1 doba \u010dten\u00ed\" \/>\n\t<meta name=\"twitter:data1\" content=\"7 minut\" \/>\n<script type=\"application\/ld+json\" class=\"yoast-schema-graph\">{\"@context\":\"https:\\\/\\\/schema.org\",\"@graph\":[{\"@type\":\"WebPage\",\"@id\":\"https:\\\/\\\/schlammtrocknung.com\\\/cs\\\/susarna-kalu\\\/\",\"url\":\"https:\\\/\\\/schlammtrocknung.com\\\/cs\\\/susarna-kalu\\\/\",\"name\":\"Su\u0161ic\u00ed syst\u00e9m | michel SLUDGE-DRYING-SYSTEMS\",\"isPartOf\":{\"@id\":\"https:\\\/\\\/schlammtrocknung.com\\\/#website\"},\"datePublished\":\"2025-02-24T16:25:02+00:00\",\"dateModified\":\"2025-05-09T08:43:00+00:00\",\"description\":\"Objevte pokro\u010dil\u00e9 syst\u00e9my su\u0161en\u00ed pro v\u0161echny typy kal\u016f od spole\u010dnosti michel SLUDGE-DRYING-SYSTEMS.\",\"breadcrumb\":{\"@id\":\"https:\\\/\\\/schlammtrocknung.com\\\/cs\\\/susarna-kalu\\\/#breadcrumb\"},\"inLanguage\":\"cs\",\"potentialAction\":[{\"@type\":\"ReadAction\",\"target\":[\"https:\\\/\\\/schlammtrocknung.com\\\/cs\\\/susarna-kalu\\\/\"]}]},{\"@type\":\"BreadcrumbList\",\"@id\":\"https:\\\/\\\/schlammtrocknung.com\\\/cs\\\/susarna-kalu\\\/#breadcrumb\",\"itemListElement\":[{\"@type\":\"ListItem\",\"position\":1,\"name\":\"Startseite\",\"item\":\"https:\\\/\\\/schlammtrocknung.com\\\/cs\\\/domovska-stranka-2\\\/\"},{\"@type\":\"ListItem\",\"position\":2,\"name\":\"Su\u0161\u00e1rna kal\u016f\"}]},{\"@type\":\"WebSite\",\"@id\":\"https:\\\/\\\/schlammtrocknung.com\\\/#website\",\"url\":\"https:\\\/\\\/schlammtrocknung.com\\\/\",\"name\":\"Schlammtrocknung | SDS - Schlammtrocknung\",\"description\":\"Schlamm- L\u00f6sungen f\u00fcr Kl\u00e4rwerke, Industrie und Umwelt\",\"publisher\":{\"@id\":\"https:\\\/\\\/schlammtrocknung.com\\\/#organization\"},\"potentialAction\":[{\"@type\":\"SearchAction\",\"target\":{\"@type\":\"EntryPoint\",\"urlTemplate\":\"https:\\\/\\\/schlammtrocknung.com\\\/?s={search_term_string}\"},\"query-input\":{\"@type\":\"PropertyValueSpecification\",\"valueRequired\":true,\"valueName\":\"search_term_string\"}}],\"inLanguage\":\"cs\"},{\"@type\":\"Organization\",\"@id\":\"https:\\\/\\\/schlammtrocknung.com\\\/#organization\",\"name\":\"Schlammtrocknung | SDS - Schlammtrocknung\",\"url\":\"https:\\\/\\\/schlammtrocknung.com\\\/\",\"logo\":{\"@type\":\"ImageObject\",\"inLanguage\":\"cs\",\"@id\":\"https:\\\/\\\/schlammtrocknung.com\\\/#\\\/schema\\\/logo\\\/image\\\/\",\"url\":\"https:\\\/\\\/schlammtrocknung.com\\\/wp-content\\\/uploads\\\/2023\\\/02\\\/logo_sds-1.png\",\"contentUrl\":\"https:\\\/\\\/schlammtrocknung.com\\\/wp-content\\\/uploads\\\/2023\\\/02\\\/logo_sds-1.png\",\"width\":697,\"height\":187,\"caption\":\"Schlammtrocknung | SDS - Schlammtrocknung\"},\"image\":{\"@id\":\"https:\\\/\\\/schlammtrocknung.com\\\/#\\\/schema\\\/logo\\\/image\\\/\"}}]}<\/script>\n<!-- \/ Yoast SEO plugin. -->","yoast_head_json":{"title":"Su\u0161ic\u00ed syst\u00e9m | michel SLUDGE-DRYING-SYSTEMS","description":"Objevte pokro\u010dil\u00e9 syst\u00e9my su\u0161en\u00ed pro v\u0161echny typy kal\u016f od spole\u010dnosti michel SLUDGE-DRYING-SYSTEMS.","robots":{"index":"index","follow":"follow","max-snippet":"max-snippet:-1","max-image-preview":"max-image-preview:large","max-video-preview":"max-video-preview:-1"},"canonical":"https:\/\/schlammtrocknung.com\/cs\/susarna-kalu\/","og_locale":"cs_CZ","og_type":"article","og_title":"Su\u0161ic\u00ed syst\u00e9m | michel SLUDGE-DRYING-SYSTEMS","og_description":"Objevte pokro\u010dil\u00e9 syst\u00e9my su\u0161en\u00ed pro v\u0161echny typy kal\u016f od spole\u010dnosti michel SLUDGE-DRYING-SYSTEMS.","og_url":"https:\/\/schlammtrocknung.com\/cs\/susarna-kalu\/","og_site_name":"Schlammtrocknung \u2013 michel SLUDGE DRYING SYSTEM","article_modified_time":"2025-05-09T08:43:00+00:00","twitter_card":"summary_large_image","twitter_misc":{"Odhadovan\u00e1 doba \u010dten\u00ed":"7 minut"},"schema":{"@context":"https:\/\/schema.org","@graph":[{"@type":"WebPage","@id":"https:\/\/schlammtrocknung.com\/cs\/susarna-kalu\/","url":"https:\/\/schlammtrocknung.com\/cs\/susarna-kalu\/","name":"Su\u0161ic\u00ed syst\u00e9m | michel SLUDGE-DRYING-SYSTEMS","isPartOf":{"@id":"https:\/\/schlammtrocknung.com\/#website"},"datePublished":"2025-02-24T16:25:02+00:00","dateModified":"2025-05-09T08:43:00+00:00","description":"Objevte pokro\u010dil\u00e9 syst\u00e9my su\u0161en\u00ed pro v\u0161echny typy kal\u016f od spole\u010dnosti michel SLUDGE-DRYING-SYSTEMS.","breadcrumb":{"@id":"https:\/\/schlammtrocknung.com\/cs\/susarna-kalu\/#breadcrumb"},"inLanguage":"cs","potentialAction":[{"@type":"ReadAction","target":["https:\/\/schlammtrocknung.com\/cs\/susarna-kalu\/"]}]},{"@type":"BreadcrumbList","@id":"https:\/\/schlammtrocknung.com\/cs\/susarna-kalu\/#breadcrumb","itemListElement":[{"@type":"ListItem","position":1,"name":"Startseite","item":"https:\/\/schlammtrocknung.com\/cs\/domovska-stranka-2\/"},{"@type":"ListItem","position":2,"name":"Su\u0161\u00e1rna kal\u016f"}]},{"@type":"WebSite","@id":"https:\/\/schlammtrocknung.com\/#website","url":"https:\/\/schlammtrocknung.com\/","name":"Schlammtrocknung | SDS - Schlammtrocknung","description":"Schlamm- L\u00f6sungen f\u00fcr Kl\u00e4rwerke, Industrie und Umwelt","publisher":{"@id":"https:\/\/schlammtrocknung.com\/#organization"},"potentialAction":[{"@type":"SearchAction","target":{"@type":"EntryPoint","urlTemplate":"https:\/\/schlammtrocknung.com\/?s={search_term_string}"},"query-input":{"@type":"PropertyValueSpecification","valueRequired":true,"valueName":"search_term_string"}}],"inLanguage":"cs"},{"@type":"Organization","@id":"https:\/\/schlammtrocknung.com\/#organization","name":"Schlammtrocknung | SDS - Schlammtrocknung","url":"https:\/\/schlammtrocknung.com\/","logo":{"@type":"ImageObject","inLanguage":"cs","@id":"https:\/\/schlammtrocknung.com\/#\/schema\/logo\/image\/","url":"https:\/\/schlammtrocknung.com\/wp-content\/uploads\/2023\/02\/logo_sds-1.png","contentUrl":"https:\/\/schlammtrocknung.com\/wp-content\/uploads\/2023\/02\/logo_sds-1.png","width":697,"height":187,"caption":"Schlammtrocknung | SDS - Schlammtrocknung"},"image":{"@id":"https:\/\/schlammtrocknung.com\/#\/schema\/logo\/image\/"}}]}},"_links":{"self":[{"href":"https:\/\/schlammtrocknung.com\/cs\/wp-json\/wp\/v2\/pages\/2232","targetHints":{"allow":["GET"]}}],"collection":[{"href":"https:\/\/schlammtrocknung.com\/cs\/wp-json\/wp\/v2\/pages"}],"about":[{"href":"https:\/\/schlammtrocknung.com\/cs\/wp-json\/wp\/v2\/types\/page"}],"author":[{"embeddable":true,"href":"https:\/\/schlammtrocknung.com\/cs\/wp-json\/wp\/v2\/users\/1"}],"replies":[{"embeddable":true,"href":"https:\/\/schlammtrocknung.com\/cs\/wp-json\/wp\/v2\/comments?post=2232"}],"version-history":[{"count":2,"href":"https:\/\/schlammtrocknung.com\/cs\/wp-json\/wp\/v2\/pages\/2232\/revisions"}],"predecessor-version":[{"id":2241,"href":"https:\/\/schlammtrocknung.com\/cs\/wp-json\/wp\/v2\/pages\/2232\/revisions\/2241"}],"wp:attachment":[{"href":"https:\/\/schlammtrocknung.com\/cs\/wp-json\/wp\/v2\/media?parent=2232"}],"curies":[{"name":"wp","href":"https:\/\/api.w.org\/{rel}","templated":true}]}}