{"id":2280,"date":"2024-09-04T15:19:37","date_gmt":"2024-09-04T13:19:37","guid":{"rendered":"https:\/\/schlammtrocknung.com\/nizkoteplotni-susicka\/"},"modified":"2025-05-09T10:43:15","modified_gmt":"2025-05-09T08:43:15","slug":"nizkoteplotni-susicka","status":"publish","type":"page","link":"https:\/\/schlammtrocknung.com\/cs\/nizkoteplotni-susicka\/","title":{"rendered":"N\u00edzkoteplotn\u00ed su\u0161i\u010dka"},"content":{"rendered":"<div class=\"wpb-content-wrapper\"><p>[vc_row content_placement=&#8220;top&#8220;][vc_column][vc_column_text]<\/p>\n<h1 style=\"text-align: center;\"><span style=\"color: #728d2a;\"><b>N\u00edzkoteplotn\u00ed su\u0161i\u010dky u spole\u010dnosti michel SLUDGE-DRYING-SYSTEMS<\/b><\/span><\/h1>\n<p>[\/vc_column_text][vc_column_text]<\/p>\n<p style=\"text-align: center;\"><span style=\"font-weight: 400;\">Maximalizujte efektivitu sv\u00e9ho <\/span><b>su\u0161en\u00ed kal\u016f<\/b><span style=\"font-weight: 400;\"> s pokro\u010dil\u00fdm <\/span><b>n\u00edzkoteplotn\u00ed su\u0161i\u010dky<\/b><span style=\"font-weight: 400;\">  od spole\u010dnosti michel SLUDGE-DRYING-SYSTEMS, vyvinut\u00e9 pro optim\u00e1ln\u00ed v\u00fdkon p\u0159i minim\u00e1ln\u00ed spot\u0159eb\u011b energie. Na\u0161e su\u0161ic\u00ed syst\u00e9my vyu\u017e\u00edvaj\u00ed tuto modern\u00ed technologii, aby bylo su\u0161en\u00ed kal\u016f co nej\u0161etrn\u011bj\u0161\u00ed. <\/span><\/p>\n<p>[\/vc_column_text][vc_empty_space height=&#8220;70px&#8220;][\/vc_column][\/vc_row][vc_row][vc_column][vc_column_text]<\/p>\n<h2 style=\"text-align: center;\"><span style=\"color: #728d2a;\">Mal\u00e9 teploty, velk\u00fd \u00fa\u010dinek<\/span><\/h2>\n<p style=\"text-align: center;\"><span style=\"font-weight: 400;\">N\u00edzkoteplotn\u00ed su\u0161i\u010dka pracuje p\u0159i teplot\u011b <\/span><b>ni\u017e\u0161\u00edch teplot\u00e1ch<\/b><span style=\"font-weight: 400;\">k \u00fa\u010dinn\u00e9mu su\u0161en\u00ed kalu, ani\u017e by se zm\u011bnilo jeho chemick\u00e9 slo\u017een\u00ed nebo vznikly \u0161kodliv\u00e9 emise. Tato technologie vyu\u017e\u00edv\u00e1 teplo \u0159\u00edzen\u00fdm a \u00fa\u010dinn\u00fdm zp\u016fsobem k odpa\u0159ov\u00e1n\u00ed vlhkosti z kalu, co\u017e v\u00fdrazn\u011b sni\u017euje energetick\u00e9 n\u00e1roky a minimalizuje tepeln\u00e9 zat\u00ed\u017een\u00ed materi\u00e1lu. <\/span><span style=\"color: #728d2a;\"><br \/>\n<\/span><\/p>\n<p>[\/vc_column_text][vc_empty_space height=&#8220;30px&#8220;][vc_column_text]<\/p>\n<h3 style=\"text-align: center;\"><span style=\"color: #728d2a;\">N\u00edzkoteplotn\u00ed su\u0161i\u010dka v na\u0161em procesu su\u0161en\u00ed kal\u016f SDS<\/span><\/h3>\n<p>[\/vc_column_text][\/vc_column][\/vc_row][vc_row][vc_column width=&#8220;1\/2&#8243;][vc_single_image image=&#8220;376&#8243; img_size=&#8220;600&#215;400&#8243;][vc_empty_space height=&#8220;70px&#8220;][\/vc_column][vc_column width=&#8220;1\/2&#8243;][vc_column_text]<span style=\"font-weight: 400;\">michel SLUDGE-DRYING-SYSTEMS je dodavatelem modul\u00e1rn\u00edho <\/span><b>modul\u00e1rn\u00ed syst\u00e9my su\u0161en\u00ed kal\u016f<\/b><span style=\"font-weight: 400;\">kter\u00e9 jsou k dispozici v r\u016fzn\u00fdch velikostech a lze je p\u0159izp\u016fsobit individu\u00e1ln\u00edm po\u017eadavk\u016fm z\u00e1kazn\u00edka. Tyto syst\u00e9my jsou navr\u017eeny tak, aby \u00fa\u010dinn\u011b sni\u017eovaly obsah vody v kalu a z\u00e1rove\u0148 minimalizovaly obsah vody v kalu. <\/span> <b> Minimalizace spot\u0159eby energie<\/b><span style=\"font-weight: 400;\">.<\/span><\/p>\n<p><span style=\"font-weight: 400;\">Integrace \u0161etrn\u00fdch metod su\u0161en\u00ed do jedin\u00e9ho syst\u00e9mu umo\u017e\u0148uje bezprobl\u00e9mov\u00e9 a \u00fa\u010dinn\u00e9 zpracov\u00e1n\u00ed kalu. <\/span><a href=\"http:\/\/schlammtrocknung.com\/leistungen\/schlammbehandlung\"><span style=\"font-weight: 400;\">zpracov\u00e1n\u00ed kalu<\/span><\/a><span style=\"font-weight: 400;\"> od za\u010d\u00e1tku a\u017e do konce bez nutnosti pou\u017eit\u00ed samostatn\u00fdch stroj\u016f pro r\u016fzn\u00e9 f\u00e1ze su\u0161en\u00ed.<\/span>[\/vc_column_text][\/vc_column][\/vc_row][vc_row][vc_column][vc_column_text]<\/p>\n<h2 style=\"text-align: center;\"><span style=\"color: #728d2a;\"><b>\u0160etrn\u00e9 zpracov\u00e1n\u00ed: <\/b>su\u0161en\u00ed kal\u016f v michel SLUDGE-DRYING-SYSTEMS<\/span><\/h2>\n<p>[\/vc_column_text][vc_toggle title=&#8220;Pou\u017eit\u00ed n\u00edzkoteplotn\u00edch su\u0161i\u010dek v na\u0161ich su\u0161\u00e1rn\u00e1ch kal\u016f nab\u00edz\u00ed \u0159adu v\u00fdhod:&#8220; custom_font_container=&#8220;tag:h3|text_align:left&#8220; use_custom_heading=&#8220;true&#8220;]<span style=\"font-weight: 400;\">Pou\u017eit\u00ed n\u00edzkoteplotn\u00edch su\u0161i\u010dek v na\u0161ich syst\u00e9mech pro su\u0161en\u00ed kal\u016f nab\u00edz\u00ed \u0159adu v\u00fdhod. <\/span><b>v\u00fdhody<\/b><span style=\"font-weight: 400;\">. <\/span> <span style=\"font-weight: 400;\">D\u00edky sn\u00ed\u017een\u00e9 teplot\u011b se p\u0159i su\u0161en\u00ed spot\u0159ebuje m\u00e9n\u011b energie. T\u00edm se nejen zvy\u0161uje   <\/span><b>Energetick\u00e1 \u00fa\u010dinnost<\/b><span style=\"font-weight: 400;\">ale tak\u00e9 \u0161et\u0159\u00ed n\u00e1klady. Krom\u011b \u017eivotn\u00edho prost\u0159ed\u00ed a va\u0161\u00ed pen\u011b\u017eenky jsou chr\u00e1n\u011bny tak\u00e9 suroviny a potenci\u00e1ln\u00ed kone\u010dn\u00fd produkt su\u0161en\u00ed kal\u016f. <\/span><\/p>\n<p><span style=\"font-weight: 400;\">Objevte v\u00fdhody <\/span><b>su\u0161en\u00ed p\u0159i n\u00edzk\u00fdch teplot\u00e1ch<\/b><span style=\"font-weight: 400;\"> s michel SLUDGE-DRYING-SYSTEMS:<\/span><\/p>\n<ul>\n<li style=\"font-weight: 400;\" aria-level=\"1\"><b>Energetick\u00e1 \u00fa\u010dinnost:<\/b><span style=\"font-weight: 400;\"> Technologie v\u00fdrazn\u011b sni\u017euje spot\u0159ebu energie, proto\u017ee k odpa\u0159en\u00ed kapaliny v kalu je zapot\u0159eb\u00ed m\u00e9n\u011b tepla.<\/span><\/li>\n<li style=\"font-weight: 400;\" aria-level=\"1\"><b>\u0160etrn\u00e9 k \u017eivotn\u00edmu prost\u0159ed\u00ed:<\/b><span style=\"font-weight: 400;\"> Na\u0161e syst\u00e9my neprodukuj\u00ed \u017e\u00e1dn\u00e9 \u0161kodliv\u00e9 emise, sni\u017euj\u00ed emise CO\u2082 a zamezuj\u00ed probl\u00e9m\u016fm s odpadn\u00ed vodou, tak\u017ee jsou \u0161etrn\u00e9 k \u017eivotn\u00edmu prost\u0159ed\u00ed.<\/span><\/li>\n<li style=\"font-weight: 400;\" aria-level=\"1\"><b>\u00daspora n\u00e1klad\u016f:<\/b><span style=\"font-weight: 400;\">  Efektivn\u00ed vyu\u017eit\u00ed tepla a elekt\u0159iny vede ke sn\u00ed\u017een\u00ed provozn\u00edch n\u00e1klad\u016f. Kompaktn\u00ed konstrukce syst\u00e9mu nav\u00edc \u0161et\u0159\u00ed m\u00edsto, proto\u017ee nen\u00ed pot\u0159eba samostatn\u00e1 st\u0159echa nebo hala. <\/span><\/li>\n<li style=\"font-weight: 400;\" aria-level=\"1\"><b>\u0160etrn\u00e9 o\u0161et\u0159en\u00ed:<\/b><span style=\"font-weight: 400;\"> Proces su\u0161en\u00ed p\u0159i n\u00edzk\u00fdch teplot\u00e1ch zabra\u0148uje slepen\u00ed materi\u00e1lu a minimalizuje emise prachu a jin\u00fdch \u010d\u00e1stic.<\/span><\/li>\n<li style=\"font-weight: 400;\" aria-level=\"1\"><b>V\u0161estrannost:<\/b><span style=\"font-weight: 400;\"> Jednotky jsou vhodn\u00e9 pro \u0161irokou \u0161k\u00e1lu kal\u016f, co\u017e z nich \u010din\u00ed flexibiln\u00ed volbu pro r\u016fzn\u00e9 pr\u016fmyslov\u00e9 aplikace.<\/span><\/li>\n<\/ul>\n<p>[\/vc_toggle][\/vc_column][\/vc_row][vc_row][vc_column][vc_empty_space height=&#8220;50px&#8220;][vc_cta h2=&#8220;Za\u010dn\u011bte su\u0161it kaly s michel SLUDGE-DRYING-SYSTEMS&#8220; txt_align=&#8220;center&#8220; add_button=&#8220;bottom&#8220; btn_title=&#8220;Kontaktujte n\u00e1s!&#8220; btn_style=&#8220;gradient-custom&#8220; btn_gradient_custom_color_1=&#8220;#728d2a&#8220; btn_gradient_custom_color_2=&#8220;#728d2a&#8220; btn_align=&#8220;center&#8220; btn_link=&#8220;url:https%3A%2F%2Fschlammtrocknung.com%2Fcs%2Fkontaktujte-nas%2F|title:Kontaktujte%20n%C3%A1s|&#8220;]<\/p>\n<p style=\"text-align: center;\"><span style=\"font-weight: 400;\">Spolehn\u011bte se p\u0159i su\u0161en\u00ed kal\u016f na inovativn\u00ed technologii michel SLUDGE-DRYING-SYSTEMS. Kontaktujte n\u00e1s je\u0161t\u011b dnes a zjist\u011bte v\u00edce o tom, jak na\u0161e   <\/span><span style=\"font-weight: 400;\">su\u0161\u00edc\u00ed syst\u00e9my<\/span><span style=\"font-weight: 400;\"> zefektiv\u0148uj\u00ed va\u0161e v\u00fdrobn\u00ed procesy a jsou \u0161etrn\u011bj\u0161\u00ed k \u017eivotn\u00edmu prost\u0159ed\u00ed.<\/span><\/p>\n<p>[\/vc_cta][vc_empty_space height=&#8220;50px&#8220;][\/vc_column][\/vc_row][vc_row][vc_column][vc_column_text]<\/p>\n<h2 style=\"text-align: center;\"><span style=\"color: #728d2a;\">\u010casto kladen\u00e9 ot\u00e1zky &#8211; \u010casto kladen\u00e9 ot\u00e1zky k n\u00edzkoteplotn\u00ed su\u0161i\u010dce<\/span><\/h2>\n<p>[\/vc_column_text][\/vc_column][\/vc_row][vc_row][vc_column][vc_toggle title=&#8220;Jak\u00e9 jsou v\u00fdhody n\u00edzkoteplotn\u00ed su\u0161i\u010dky?&#8220;]<span style=\"font-weight: 400;\">N\u00edzkoteplotn\u00ed su\u0161i\u010dka su\u0161\u00ed kal p\u0159i n\u00edzk\u00fdch teplot\u00e1ch, co\u017e minimalizuje spot\u0159ebu energie bez vzniku \u0161kodliv\u00fdch emis\u00ed.<\/span>[\/vc_toggle][vc_toggle title=&#8220;Jak p\u0159isp\u00edv\u00e1 n\u00edzkoteplotn\u00ed su\u0161i\u010dka k \u0161etrnosti k \u017eivotn\u00edmu prost\u0159ed\u00ed?&#8220;]<span style=\"font-weight: 400;\">N\u00edzkoteplotn\u00ed su\u0161i\u010dky pracuj\u00ed p\u0159i n\u00edzk\u00fdch teplot\u00e1ch, \u010d\u00edm\u017e v\u00fdrazn\u011b sni\u017euj\u00ed energetickou n\u00e1ro\u010dnost a zamezuj\u00ed vzniku \u0161kodliv\u00fdch emis\u00ed, co\u017e z nich \u010din\u00ed ekologicky \u0161etrn\u00e9 \u0159e\u0161en\u00ed pro su\u0161en\u00ed kal\u016f.<\/span>[\/vc_toggle][\/vc_column][\/vc_row]<\/p>\n<\/div>","protected":false},"excerpt":{"rendered":"<p>[vc_row content_placement=&#8220;top&#8220;][vc_column][vc_column_text] N\u00edzkoteplotn\u00ed su\u0161i\u010dky u spole\u010dnosti michel SLUDGE-DRYING-SYSTEMS [\/vc_column_text][vc_column_text] Maximalizujte efektivitu sv\u00e9ho su\u0161en\u00ed kal\u016f s pokro\u010dil\u00fdm n\u00edzkoteplotn\u00ed su\u0161i\u010dky od spole\u010dnosti michel SLUDGE-DRYING-SYSTEMS, vyvinut\u00e9 pro optim\u00e1ln\u00ed v\u00fdkon p\u0159i minim\u00e1ln\u00ed spot\u0159eb\u011b energie. Na\u0161e su\u0161ic\u00ed syst\u00e9my vyu\u017e\u00edvaj\u00ed tuto modern\u00ed technologii, aby bylo su\u0161en\u00ed kal\u016f co nej\u0161etrn\u011bj\u0161\u00ed. [\/vc_column_text][vc_empty_space height=&#8220;70px&#8220;][\/vc_column][\/vc_row][vc_row][vc_column][vc_column_text] Mal\u00e9 teploty, velk\u00fd \u00fa\u010dinek N\u00edzkoteplotn\u00ed su\u0161i\u010dka pracuje p\u0159i teplot\u011b ni\u017e\u0161\u00edch&hellip;<\/p>\n","protected":false},"author":1,"featured_media":0,"parent":0,"menu_order":0,"comment_status":"closed","ping_status":"closed","template":"","meta":{"footnotes":""},"class_list":["post-2280","page","type-page","status-publish","hentry","description-off"],"yoast_head":"<!-- This site is optimized with the Yoast SEO plugin v27.3 - https:\/\/yoast.com\/product\/yoast-seo-wordpress\/ -->\n<title>N\u00edzkoteplotn\u00ed su\u0161i\u010dka | Michelsk\u00e9 su\u0161en\u00ed kal\u016f<\/title>\n<meta name=\"description\" content=\"Objevte n\u00edzkoteplotn\u00ed su\u0161i\u010dky od spole\u010dnosti michel SLUDGE-DRYING-SYSTEMS pro \u0161etrn\u00e9 su\u0161en\u00ed kal\u016f.\" \/>\n<meta name=\"robots\" content=\"index, follow, max-snippet:-1, max-image-preview:large, max-video-preview:-1\" \/>\n<link rel=\"canonical\" href=\"https:\/\/schlammtrocknung.com\/cs\/nizkoteplotni-susicka\/\" \/>\n<meta property=\"og:locale\" content=\"cs_CZ\" \/>\n<meta property=\"og:type\" content=\"article\" \/>\n<meta property=\"og:title\" content=\"N\u00edzkoteplotn\u00ed su\u0161i\u010dka | Michelsk\u00e9 su\u0161en\u00ed kal\u016f\" \/>\n<meta property=\"og:description\" content=\"Objevte n\u00edzkoteplotn\u00ed su\u0161i\u010dky od spole\u010dnosti michel SLUDGE-DRYING-SYSTEMS pro \u0161etrn\u00e9 su\u0161en\u00ed kal\u016f.\" \/>\n<meta property=\"og:url\" content=\"https:\/\/schlammtrocknung.com\/cs\/nizkoteplotni-susicka\/\" \/>\n<meta property=\"og:site_name\" content=\"Schlammtrocknung \u2013 michel SLUDGE DRYING SYSTEM\" \/>\n<meta property=\"article:modified_time\" content=\"2025-05-09T08:43:15+00:00\" \/>\n<meta name=\"twitter:card\" content=\"summary_large_image\" \/>\n<meta name=\"twitter:label1\" content=\"Odhadovan\u00e1 doba \u010dten\u00ed\" \/>\n\t<meta name=\"twitter:data1\" content=\"4 minuty\" \/>\n<script type=\"application\/ld+json\" class=\"yoast-schema-graph\">{\"@context\":\"https:\\\/\\\/schema.org\",\"@graph\":[{\"@type\":\"WebPage\",\"@id\":\"https:\\\/\\\/schlammtrocknung.com\\\/cs\\\/nizkoteplotni-susicka\\\/\",\"url\":\"https:\\\/\\\/schlammtrocknung.com\\\/cs\\\/nizkoteplotni-susicka\\\/\",\"name\":\"N\u00edzkoteplotn\u00ed su\u0161i\u010dka | Michelsk\u00e9 su\u0161en\u00ed kal\u016f\",\"isPartOf\":{\"@id\":\"https:\\\/\\\/schlammtrocknung.com\\\/#website\"},\"datePublished\":\"2024-09-04T13:19:37+00:00\",\"dateModified\":\"2025-05-09T08:43:15+00:00\",\"description\":\"Objevte n\u00edzkoteplotn\u00ed su\u0161i\u010dky od spole\u010dnosti michel SLUDGE-DRYING-SYSTEMS pro \u0161etrn\u00e9 su\u0161en\u00ed kal\u016f.\",\"breadcrumb\":{\"@id\":\"https:\\\/\\\/schlammtrocknung.com\\\/cs\\\/nizkoteplotni-susicka\\\/#breadcrumb\"},\"inLanguage\":\"cs\",\"potentialAction\":[{\"@type\":\"ReadAction\",\"target\":[\"https:\\\/\\\/schlammtrocknung.com\\\/cs\\\/nizkoteplotni-susicka\\\/\"]}]},{\"@type\":\"BreadcrumbList\",\"@id\":\"https:\\\/\\\/schlammtrocknung.com\\\/cs\\\/nizkoteplotni-susicka\\\/#breadcrumb\",\"itemListElement\":[{\"@type\":\"ListItem\",\"position\":1,\"name\":\"Startseite\",\"item\":\"https:\\\/\\\/schlammtrocknung.com\\\/cs\\\/domovska-stranka-2\\\/\"},{\"@type\":\"ListItem\",\"position\":2,\"name\":\"N\u00edzkoteplotn\u00ed su\u0161i\u010dka\"}]},{\"@type\":\"WebSite\",\"@id\":\"https:\\\/\\\/schlammtrocknung.com\\\/#website\",\"url\":\"https:\\\/\\\/schlammtrocknung.com\\\/\",\"name\":\"Schlammtrocknung | SDS - Schlammtrocknung\",\"description\":\"Schlamm- L\u00f6sungen f\u00fcr Kl\u00e4rwerke, Industrie und Umwelt\",\"publisher\":{\"@id\":\"https:\\\/\\\/schlammtrocknung.com\\\/#organization\"},\"potentialAction\":[{\"@type\":\"SearchAction\",\"target\":{\"@type\":\"EntryPoint\",\"urlTemplate\":\"https:\\\/\\\/schlammtrocknung.com\\\/?s={search_term_string}\"},\"query-input\":{\"@type\":\"PropertyValueSpecification\",\"valueRequired\":true,\"valueName\":\"search_term_string\"}}],\"inLanguage\":\"cs\"},{\"@type\":\"Organization\",\"@id\":\"https:\\\/\\\/schlammtrocknung.com\\\/#organization\",\"name\":\"Schlammtrocknung | SDS - Schlammtrocknung\",\"url\":\"https:\\\/\\\/schlammtrocknung.com\\\/\",\"logo\":{\"@type\":\"ImageObject\",\"inLanguage\":\"cs\",\"@id\":\"https:\\\/\\\/schlammtrocknung.com\\\/#\\\/schema\\\/logo\\\/image\\\/\",\"url\":\"https:\\\/\\\/schlammtrocknung.com\\\/wp-content\\\/uploads\\\/2023\\\/02\\\/logo_sds-1.png\",\"contentUrl\":\"https:\\\/\\\/schlammtrocknung.com\\\/wp-content\\\/uploads\\\/2023\\\/02\\\/logo_sds-1.png\",\"width\":697,\"height\":187,\"caption\":\"Schlammtrocknung | SDS - Schlammtrocknung\"},\"image\":{\"@id\":\"https:\\\/\\\/schlammtrocknung.com\\\/#\\\/schema\\\/logo\\\/image\\\/\"}}]}<\/script>\n<!-- \/ Yoast SEO plugin. -->","yoast_head_json":{"title":"N\u00edzkoteplotn\u00ed su\u0161i\u010dka | Michelsk\u00e9 su\u0161en\u00ed kal\u016f","description":"Objevte n\u00edzkoteplotn\u00ed su\u0161i\u010dky od spole\u010dnosti michel SLUDGE-DRYING-SYSTEMS pro \u0161etrn\u00e9 su\u0161en\u00ed kal\u016f.","robots":{"index":"index","follow":"follow","max-snippet":"max-snippet:-1","max-image-preview":"max-image-preview:large","max-video-preview":"max-video-preview:-1"},"canonical":"https:\/\/schlammtrocknung.com\/cs\/nizkoteplotni-susicka\/","og_locale":"cs_CZ","og_type":"article","og_title":"N\u00edzkoteplotn\u00ed su\u0161i\u010dka | Michelsk\u00e9 su\u0161en\u00ed kal\u016f","og_description":"Objevte n\u00edzkoteplotn\u00ed su\u0161i\u010dky od spole\u010dnosti michel SLUDGE-DRYING-SYSTEMS pro \u0161etrn\u00e9 su\u0161en\u00ed kal\u016f.","og_url":"https:\/\/schlammtrocknung.com\/cs\/nizkoteplotni-susicka\/","og_site_name":"Schlammtrocknung \u2013 michel SLUDGE DRYING SYSTEM","article_modified_time":"2025-05-09T08:43:15+00:00","twitter_card":"summary_large_image","twitter_misc":{"Odhadovan\u00e1 doba \u010dten\u00ed":"4 minuty"},"schema":{"@context":"https:\/\/schema.org","@graph":[{"@type":"WebPage","@id":"https:\/\/schlammtrocknung.com\/cs\/nizkoteplotni-susicka\/","url":"https:\/\/schlammtrocknung.com\/cs\/nizkoteplotni-susicka\/","name":"N\u00edzkoteplotn\u00ed su\u0161i\u010dka | Michelsk\u00e9 su\u0161en\u00ed kal\u016f","isPartOf":{"@id":"https:\/\/schlammtrocknung.com\/#website"},"datePublished":"2024-09-04T13:19:37+00:00","dateModified":"2025-05-09T08:43:15+00:00","description":"Objevte n\u00edzkoteplotn\u00ed su\u0161i\u010dky od spole\u010dnosti michel SLUDGE-DRYING-SYSTEMS pro \u0161etrn\u00e9 su\u0161en\u00ed kal\u016f.","breadcrumb":{"@id":"https:\/\/schlammtrocknung.com\/cs\/nizkoteplotni-susicka\/#breadcrumb"},"inLanguage":"cs","potentialAction":[{"@type":"ReadAction","target":["https:\/\/schlammtrocknung.com\/cs\/nizkoteplotni-susicka\/"]}]},{"@type":"BreadcrumbList","@id":"https:\/\/schlammtrocknung.com\/cs\/nizkoteplotni-susicka\/#breadcrumb","itemListElement":[{"@type":"ListItem","position":1,"name":"Startseite","item":"https:\/\/schlammtrocknung.com\/cs\/domovska-stranka-2\/"},{"@type":"ListItem","position":2,"name":"N\u00edzkoteplotn\u00ed su\u0161i\u010dka"}]},{"@type":"WebSite","@id":"https:\/\/schlammtrocknung.com\/#website","url":"https:\/\/schlammtrocknung.com\/","name":"Schlammtrocknung | SDS - Schlammtrocknung","description":"Schlamm- L\u00f6sungen f\u00fcr Kl\u00e4rwerke, Industrie und Umwelt","publisher":{"@id":"https:\/\/schlammtrocknung.com\/#organization"},"potentialAction":[{"@type":"SearchAction","target":{"@type":"EntryPoint","urlTemplate":"https:\/\/schlammtrocknung.com\/?s={search_term_string}"},"query-input":{"@type":"PropertyValueSpecification","valueRequired":true,"valueName":"search_term_string"}}],"inLanguage":"cs"},{"@type":"Organization","@id":"https:\/\/schlammtrocknung.com\/#organization","name":"Schlammtrocknung | SDS - Schlammtrocknung","url":"https:\/\/schlammtrocknung.com\/","logo":{"@type":"ImageObject","inLanguage":"cs","@id":"https:\/\/schlammtrocknung.com\/#\/schema\/logo\/image\/","url":"https:\/\/schlammtrocknung.com\/wp-content\/uploads\/2023\/02\/logo_sds-1.png","contentUrl":"https:\/\/schlammtrocknung.com\/wp-content\/uploads\/2023\/02\/logo_sds-1.png","width":697,"height":187,"caption":"Schlammtrocknung | SDS - Schlammtrocknung"},"image":{"@id":"https:\/\/schlammtrocknung.com\/#\/schema\/logo\/image\/"}}]}},"_links":{"self":[{"href":"https:\/\/schlammtrocknung.com\/cs\/wp-json\/wp\/v2\/pages\/2280","targetHints":{"allow":["GET"]}}],"collection":[{"href":"https:\/\/schlammtrocknung.com\/cs\/wp-json\/wp\/v2\/pages"}],"about":[{"href":"https:\/\/schlammtrocknung.com\/cs\/wp-json\/wp\/v2\/types\/page"}],"author":[{"embeddable":true,"href":"https:\/\/schlammtrocknung.com\/cs\/wp-json\/wp\/v2\/users\/1"}],"replies":[{"embeddable":true,"href":"https:\/\/schlammtrocknung.com\/cs\/wp-json\/wp\/v2\/comments?post=2280"}],"version-history":[{"count":2,"href":"https:\/\/schlammtrocknung.com\/cs\/wp-json\/wp\/v2\/pages\/2280\/revisions"}],"predecessor-version":[{"id":2286,"href":"https:\/\/schlammtrocknung.com\/cs\/wp-json\/wp\/v2\/pages\/2280\/revisions\/2286"}],"wp:attachment":[{"href":"https:\/\/schlammtrocknung.com\/cs\/wp-json\/wp\/v2\/media?parent=2280"}],"curies":[{"name":"wp","href":"https:\/\/api.w.org\/{rel}","templated":true}]}}