{"id":2302,"date":"2024-09-04T13:12:33","date_gmt":"2024-09-04T11:12:33","guid":{"rendered":"https:\/\/schlammtrocknung.com\/sluzby\/zpracovani-kalu\/"},"modified":"2025-05-09T10:43:20","modified_gmt":"2025-05-09T08:43:20","slug":"zpracovani-kalu","status":"publish","type":"page","link":"https:\/\/schlammtrocknung.com\/cs\/sluzby\/zpracovani-kalu\/","title":{"rendered":"Zpracov\u00e1n\u00ed kal\u016f"},"content":{"rendered":"<div class=\"wpb-content-wrapper\"><p>[vc_row content_placement=&#8220;top&#8220;][vc_column][vc_column_text]<\/p>\n<h1 style=\"text-align: center;\"><span style=\"color: #728d2a;\">Efektivn\u00ed zpracov\u00e1n\u00ed kal\u016f: michel SLUDGE-DRYING-SYSTEMS<\/span><\/h1>\n<p>[\/vc_column_text][vc_column_text]<\/p>\n<p style=\"text-align: center;\"><span style=\"font-weight: 400;\">P\u0159em\u011b\u0148te kaly z pr\u016fmyslov\u00e9ho odpadu na cenn\u00fd zdroj &#8211; pomoc\u00ed <\/span><b>michel SLUDGE-DRYING-SYSTEMS<\/b><span style=\"font-weight: 400;\">va\u0161\u00edm partnerem pro efektivn\u00ed <\/span><b>zpracov\u00e1n\u00ed kal\u016f<\/b><span style=\"font-weight: 400;\">.<\/span><\/p>\n<p style=\"text-align: center;\"><a href=\"https:\/\/schlammtrocknung.com\/cs\/kontaktujte-nas\/\">Vy\u017e\u00e1dejte si \u0159e\u0161en\u00ed na m\u00edru!<\/a><\/p>\n<p>[\/vc_column_text][vc_empty_space height=&#8220;70px&#8220;][\/vc_column][\/vc_row][vc_row][vc_column width=&#8220;2\/3&#8243;][vc_column_text]<\/p>\n<h2><span style=\"color: #728d2a;\">Zpracov\u00e1n\u00ed kal\u016f &#8211; velk\u00fd potenci\u00e1l pro udr\u017eiteln\u00fd pr\u016fmysl<\/span><\/h2>\n<p><span style=\"font-weight: 400;\">Zpracov\u00e1n\u00ed kal\u016f z pr\u016fmyslov\u00fdch, komun\u00e1ln\u00edch nebo zem\u011bd\u011blsk\u00fdch proces\u016f m\u00e1 z\u00e1sadn\u00ed v\u00fdznam pro prevenci po\u0161kozen\u00ed \u017eivotn\u00edho prost\u0159ed\u00ed, recyklaci zdroj\u016f a minimalizaci zdravotn\u00edch rizik. Zpracovan\u00fd kal lze vyu\u017e\u00edt r\u016fzn\u00fdmi zp\u016fsoby: jako   <\/span><b>obnoviteln\u00fd zdroj energie, <\/b><span style=\"font-weight: 400;\">jako<\/span><b> hnojivo <\/b><span style=\"font-weight: 400;\">pro zlep\u0161en\u00ed p\u016fdy nebo jako surovina v pr\u016fmyslu. <\/span><b>ve stavebnictv\u00ed<\/b><span style=\"font-weight: 400;\">. <\/span> <\/p>\n<p><span style=\"font-weight: 400;\">Prost\u0159ednictv\u00edm <\/span><span style=\"font-weight: 400;\">progresivn\u00ed<\/span> <span style=\"font-weight: 400;\">l\u00e9\u010dby<\/span><span style=\"font-weight: 400;\"> . <\/span><a href=\"http:\/\/schlammtrocknung.com\/glossar\/wassergehalt\"><span style=\"font-weight: 400;\">obsah vody<\/span><\/a><span style=\"font-weight: 400;\">  kalu, co\u017e sni\u017euje n\u00e1klady na p\u0159epravu a skladov\u00e1n\u00ed a zvy\u0161uje \u00fa\u010dinnost dal\u0161\u00edho zpracov\u00e1n\u00ed. D\u016fle\u017eitou sou\u010d\u00e1st\u00ed tohoto procesu je   <\/span><b>Su\u0161en\u00ed kalu<\/b><span style=\"font-weight: 400;\">.<\/span>[\/vc_column_text][vc_empty_space height=&#8220;70px&#8220;][\/vc_column][vc_column width=&#8220;1\/3&#8243;][vc_single_image image=&#8220;1219&#8243; img_size=&#8220;400&#215;400&#8243;][\/vc_column][\/vc_row][vc_row][vc_column width=&#8220;1\/2&#8243;][vc_single_image image=&#8220;376&#8243; img_size=&#8220;600&#215;660&#8243;][vc_empty_space height=&#8220;70px&#8220;][\/vc_column][vc_column width=&#8220;1\/2&#8243;][vc_column_text]<\/p>\n<h2><span style=\"color: #728d2a;\">P\u0159ehled procesu zpracov\u00e1n\u00ed kalu<\/span><\/h2>\n<p><span style=\"font-weight: 400;\">V pr\u016fb\u011bhu su\u0161en\u00ed a zpracov\u00e1n\u00ed proch\u00e1z\u00ed recyklovateln\u00fd materi\u00e1l r\u016fzn\u00fdmi procesn\u00edmi kroky:<\/span><\/p>\n<ol>\n<li style=\"font-weight: 400;\" aria-level=\"1\"><b>P\u0159ed\u00faprava kalu:<\/b><span style=\"font-weight: 400;\"> \u00daprava hodnoty pH a p\u0159id\u00e1n\u00ed flokulant\u016f<\/span><\/li>\n<li style=\"font-weight: 400;\" aria-level=\"1\"><b>Kondice:<\/b><span style=\"font-weight: 400;\"> Optimalizace fyzik\u00e1ln\u00edch a chemick\u00fdch vlastnost\u00ed pro su\u0161en\u00ed<\/span><\/li>\n<li style=\"font-weight: 400;\" aria-level=\"1\"><b>Su\u0161en\u00ed:<\/b><span style=\"font-weight: 400;\"> Pou\u017eit\u00ed kontaktn\u00edho a konvek\u010dn\u00edho su\u0161en\u00ed pro sn\u00ed\u017een\u00ed vlhkosti<\/span><\/li>\n<\/ol>\n<p><span style=\"font-weight: 400;\">Syst\u00e9my michel SLUDGE-DRYING-SYSTEMS integruj\u00ed pokro\u010dil\u00e9 technologie, jako je <a href=\"https:\/\/schlammtrocknung.com\/cs\/nizkoteplotni-susicka\/\">n\u00edzkoteplotn\u00ed su\u0161en\u00ed<\/a>.<\/span><span style=\"font-weight: 400;\">co\u017e minimalizuje spot\u0159ebu energie a sni\u017euje dopad na \u017eivotn\u00ed prost\u0159ed\u00ed. Syst\u00e9my maj\u00ed modul\u00e1rn\u00ed konstrukci a lze je p\u0159izp\u016fsobit konkr\u00e9tn\u00edm po\u017eadavk\u016fm a mno\u017estv\u00ed kalu, co\u017e umo\u017e\u0148uje flexibiln\u00ed a efektivn\u00ed zpracov\u00e1n\u00ed kalu. <\/span>[\/vc_column_text][\/vc_column][\/vc_row][vc_row][vc_column width=&#8220;1\/2&#8243;][vc_column_text]<\/p>\n<h2><span style=\"color: #728d2a;\">Udr\u017eiteln\u00e9 a decentralizovan\u00e9: v\u00fdhody na\u0161eho zpracov\u00e1n\u00ed kal\u016f<\/span><\/h2>\n<p><b>michel SLUDGE-DRYING-SYSTEMS<\/b><span style=\"font-weight: 400;\">  nab\u00edz\u00ed jedine\u010dn\u00e9 v\u00fdhody pro za\u0159\u00edzen\u00ed na zpracov\u00e1n\u00ed kal\u016f d\u00edky kombinaci nejmodern\u011bj\u0161\u00ed technologie a dlouholet\u00fdch zku\u0161enost\u00ed v oblasti stroj\u00edrenstv\u00ed. Integrace nejmodern\u011bj\u0161\u00edch technologi\u00ed minimalizuje spot\u0159ebu energie, co\u017e nejen sni\u017euje provozn\u00ed n\u00e1klady, ale tak\u00e9 dopad na \u017eivotn\u00ed prost\u0159ed\u00ed.   <\/span><\/p>\n<p><span style=\"font-weight: 400;\">Krom\u011b toho d\u00edky ni\u017e\u0161\u00edm emis\u00edm p\u0159isp\u00edvaj\u00ed k. <\/span><b>sn\u00ed\u017een\u00ed emis\u00ed CO\u2082 <\/b><span style=\"font-weight: 400;\">a podporuj\u00ed v\u00e1s p\u0159i dosahov\u00e1n\u00ed va\u0161ich c\u00edl\u016f. <\/span><b>ekologick\u00fdch c\u00edl\u016f<\/b><span style=\"font-weight: 400;\">  dos\u00e1hnout. Flexibilita a modularita syst\u00e9m\u016f umo\u017e\u0148uje jejich p\u0159izp\u016fsoben\u00ed na m\u00edru   <\/span><a href=\"http:\/\/schlammtrocknung.com\/leistungen\"><span style=\"font-weight: 400;\">R\u016fzn\u00e9 typy kal\u016f<\/span><\/a><b> a mno\u017estv\u00ed <\/b><span style=\"font-weight: 400;\">co\u017e umo\u017e\u0148uje \u0161irokou \u0161k\u00e1lu aplikac\u00ed. <\/span> <\/p>\n<p><span style=\"font-weight: 400;\">Pe\u010dliv\u00e1 kontrola a optimalizace procesn\u00edch parametr\u016f nav\u00edc zaji\u0161\u0165uje vysokou kvalitu. <\/span><b>kvalita<\/b><span style=\"font-weight: 400;\"> vysu\u0161en\u00e9ho kalu, co\u017e zlep\u0161uje mo\u017enosti jeho op\u011btovn\u00e9ho vyu\u017eit\u00ed a d\u00e1le p\u0159isp\u00edv\u00e1 k ekonomick\u00e9 efektivit\u011b zpracov\u00e1n\u00ed kalu.<\/span>[\/vc_column_text][\/vc_column][vc_column width=&#8220;1\/2&#8243;][vc_single_image image=&#8220;373&#8243; img_size=&#8220;600&#215;520&#8243;][vc_empty_space height=&#8220;70px&#8220;][\/vc_column][\/vc_row][vc_row][vc_column][vc_empty_space height=&#8220;50px&#8220;][\/vc_column][\/vc_row][vc_row][vc_column][vc_cta h2=&#8220;Inovativn\u00ed zpracov\u00e1n\u00ed kal\u016f pomoc\u00ed michelov\u00fdch syst\u00e9m\u016f SLUDGE-DRYING-SYSTEMS&#8220; txt_align=&#8220;center&#8220; add_button=&#8220;bottom&#8220; btn_title=&#8220;Kontaktujte n\u00e1s!&#8220; btn_style=&#8220;gradient-custom&#8220; btn_gradient_custom_color_1=&#8220;#728d2a&#8220; btn_gradient_custom_color_2=&#8220;#728d2a&#8220; btn_align=&#8220;center&#8220; btn_link=&#8220;url:https%3A%2F%2Fschlammtrocknung.com%2Fcs%2Fkontaktujte-nas%2F|title:Kontaktujte%20n%C3%A1s|&#8220;]<\/p>\n<p style=\"text-align: center;\"><span style=\"font-weight: 400;\">Vyu\u017eijte pokro\u010dil\u00e9 technologie <\/span><b>michel SLUDGE-DRYING-SYSTEMS<\/b><span style=\"font-weight: 400;\">k optimalizaci va\u0161eho <\/span><b>zpracov\u00e1n\u00ed kal\u016f<\/b><span style=\"font-weight: 400;\"> optimalizujte zpracov\u00e1n\u00ed kal\u016f a z\u00e1rove\u0148 v\u00fdrazn\u011b u\u0161et\u0159ete <\/span><b>ochranu \u017eivotn\u00edho prost\u0159ed\u00ed<\/b><span style=\"font-weight: 400;\">  prov\u00e1d\u011bt. N\u00e1\u0161 t\u00fdm je p\u0159ipraven nab\u00eddnout v\u00e1m \u0159e\u0161en\u00ed na m\u00edru, kter\u00e9 bude p\u0159esn\u011b odpov\u00eddat va\u0161im pot\u0159eb\u00e1m. <\/span><\/p>\n<p>[\/vc_cta][vc_empty_space height=&#8220;50px&#8220;][\/vc_column][\/vc_row][vc_row][vc_column][vc_column_text]<\/p>\n<h2 style=\"text-align: center;\"><span style=\"color: #728d2a;\">\u010casto kladen\u00e9 ot\u00e1zky &#8211; \u010casto kladen\u00e9 ot\u00e1zky o zpracov\u00e1n\u00ed kal\u016f<\/span><\/h2>\n<p>[\/vc_column_text][\/vc_column][\/vc_row][vc_row][vc_column][vc_toggle title=&#8220;Pro\u010d je zpracov\u00e1n\u00ed kal\u016f tak d\u016fle\u017eit\u00e9?&#8220;]<span style=\"font-weight: 400;\">Zpracov\u00e1n\u00ed pr\u016fmyslov\u00fdch kal\u016f m\u00e1 z\u00e1sadn\u00ed v\u00fdznam pro prevenci po\u0161kozen\u00ed \u017eivotn\u00edho prost\u0159ed\u00ed, recyklaci zdroj\u016f a sn\u00ed\u017een\u00ed zdravotn\u00edch rizik. Umo\u017e\u0148uje bezpe\u010dn\u00e9 a \u00fa\u010dinn\u00e9 op\u011btovn\u00e9 vyu\u017eit\u00ed kal\u016f v r\u016fzn\u00fdch oblastech od v\u00fdroby energie a\u017e po z\u00farodn\u011bn\u00ed p\u016fdy. <\/span>[\/vc_toggle][vc_toggle title=&#8220;Jak\u00e9 jsou v\u00fdhody zpracov\u00e1n\u00ed kal\u016f?&#8220;]<span style=\"font-weight: 400;\">Kvalitn\u00ed a modern\u00ed za\u0159\u00edzen\u00ed na zpracov\u00e1n\u00ed kal\u016f sni\u017euje provozn\u00ed n\u00e1klady d\u00edky energetick\u00e9 \u00fa\u010dinnosti, sni\u017euje zne\u010di\u0161t\u011bn\u00ed \u017eivotn\u00edho prost\u0159ed\u00ed a umo\u017e\u0148uje flexibiln\u00ed p\u0159izp\u016fsoben\u00ed r\u016fzn\u00fdm typ\u016fm a mno\u017estv\u00edm kal\u016f. To p\u0159in\u00e1\u0161\u00ed v\u00fdhody, jako je lep\u0161\u00ed kvalita kalu a \u0161irok\u00e9 mo\u017enosti recyklace. <\/span>[\/vc_toggle][\/vc_column][\/vc_row]<\/p>\n<\/div>","protected":false},"excerpt":{"rendered":"<p>[vc_row content_placement=&#8220;top&#8220;][vc_column][vc_column_text] Efektivn\u00ed zpracov\u00e1n\u00ed kal\u016f: michel SLUDGE-DRYING-SYSTEMS [\/vc_column_text][vc_column_text] P\u0159em\u011b\u0148te kaly z pr\u016fmyslov\u00e9ho odpadu na cenn\u00fd zdroj &#8211; pomoc\u00ed michel SLUDGE-DRYING-SYSTEMSva\u0161\u00edm partnerem pro efektivn\u00ed zpracov\u00e1n\u00ed kal\u016f. Vy\u017e\u00e1dejte si \u0159e\u0161en\u00ed na m\u00edru! [\/vc_column_text][vc_empty_space height=&#8220;70px&#8220;][\/vc_column][\/vc_row][vc_row][vc_column width=&#8220;2\/3&#8243;][vc_column_text] Zpracov\u00e1n\u00ed kal\u016f &#8211; velk\u00fd potenci\u00e1l pro udr\u017eiteln\u00fd pr\u016fmysl Zpracov\u00e1n\u00ed kal\u016f z pr\u016fmyslov\u00fdch, komun\u00e1ln\u00edch nebo zem\u011bd\u011blsk\u00fdch proces\u016f m\u00e1 z\u00e1sadn\u00ed v\u00fdznam pro prevenci po\u0161kozen\u00ed&hellip;<\/p>\n","protected":false},"author":1,"featured_media":0,"parent":1790,"menu_order":0,"comment_status":"closed","ping_status":"closed","template":"","meta":{"footnotes":""},"class_list":["post-2302","page","type-page","status-publish","hentry","description-off"],"yoast_head":"<!-- This site is optimized with the Yoast SEO plugin v27.3 - https:\/\/yoast.com\/product\/yoast-seo-wordpress\/ -->\n<title>Zpracov\u00e1n\u00ed kal\u016f | Michel Su\u0161en\u00ed kal\u016f<\/title>\n<meta name=\"description\" content=\"Optimalizujte zpracov\u00e1n\u00ed kal\u016f pomoc\u00ed modern\u00edch a \u00fa\u010dinn\u00fdch syst\u00e9m\u016f michel SLUDGE-DRYING-SYSTEMS.\" \/>\n<meta name=\"robots\" content=\"index, follow, max-snippet:-1, max-image-preview:large, max-video-preview:-1\" \/>\n<link rel=\"canonical\" href=\"https:\/\/schlammtrocknung.com\/cs\/sluzby\/zpracovani-kalu\/\" \/>\n<meta property=\"og:locale\" content=\"cs_CZ\" \/>\n<meta property=\"og:type\" content=\"article\" \/>\n<meta property=\"og:title\" content=\"Zpracov\u00e1n\u00ed kal\u016f | Michel Su\u0161en\u00ed kal\u016f\" \/>\n<meta property=\"og:description\" content=\"Optimalizujte zpracov\u00e1n\u00ed kal\u016f pomoc\u00ed modern\u00edch a \u00fa\u010dinn\u00fdch syst\u00e9m\u016f michel SLUDGE-DRYING-SYSTEMS.\" \/>\n<meta property=\"og:url\" content=\"https:\/\/schlammtrocknung.com\/cs\/sluzby\/zpracovani-kalu\/\" \/>\n<meta property=\"og:site_name\" content=\"Schlammtrocknung \u2013 michel SLUDGE DRYING SYSTEM\" \/>\n<meta property=\"article:modified_time\" content=\"2025-05-09T08:43:20+00:00\" \/>\n<meta name=\"twitter:card\" content=\"summary_large_image\" \/>\n<meta name=\"twitter:label1\" content=\"Odhadovan\u00e1 doba \u010dten\u00ed\" \/>\n\t<meta name=\"twitter:data1\" content=\"4 minuty\" \/>\n<script type=\"application\/ld+json\" class=\"yoast-schema-graph\">{\"@context\":\"https:\\\/\\\/schema.org\",\"@graph\":[{\"@type\":\"WebPage\",\"@id\":\"https:\\\/\\\/schlammtrocknung.com\\\/cs\\\/sluzby\\\/zpracovani-kalu\\\/\",\"url\":\"https:\\\/\\\/schlammtrocknung.com\\\/cs\\\/sluzby\\\/zpracovani-kalu\\\/\",\"name\":\"Zpracov\u00e1n\u00ed kal\u016f | Michel Su\u0161en\u00ed kal\u016f\",\"isPartOf\":{\"@id\":\"https:\\\/\\\/schlammtrocknung.com\\\/#website\"},\"datePublished\":\"2024-09-04T11:12:33+00:00\",\"dateModified\":\"2025-05-09T08:43:20+00:00\",\"description\":\"Optimalizujte zpracov\u00e1n\u00ed kal\u016f pomoc\u00ed modern\u00edch a \u00fa\u010dinn\u00fdch syst\u00e9m\u016f michel SLUDGE-DRYING-SYSTEMS.\",\"breadcrumb\":{\"@id\":\"https:\\\/\\\/schlammtrocknung.com\\\/cs\\\/sluzby\\\/zpracovani-kalu\\\/#breadcrumb\"},\"inLanguage\":\"cs\",\"potentialAction\":[{\"@type\":\"ReadAction\",\"target\":[\"https:\\\/\\\/schlammtrocknung.com\\\/cs\\\/sluzby\\\/zpracovani-kalu\\\/\"]}]},{\"@type\":\"BreadcrumbList\",\"@id\":\"https:\\\/\\\/schlammtrocknung.com\\\/cs\\\/sluzby\\\/zpracovani-kalu\\\/#breadcrumb\",\"itemListElement\":[{\"@type\":\"ListItem\",\"position\":1,\"name\":\"Startseite\",\"item\":\"https:\\\/\\\/schlammtrocknung.com\\\/cs\\\/domovska-stranka-2\\\/\"},{\"@type\":\"ListItem\",\"position\":2,\"name\":\"Slu\u017eby\",\"item\":\"https:\\\/\\\/schlammtrocknung.com\\\/cs\\\/sluzby\\\/\"},{\"@type\":\"ListItem\",\"position\":3,\"name\":\"Zpracov\u00e1n\u00ed kal\u016f\"}]},{\"@type\":\"WebSite\",\"@id\":\"https:\\\/\\\/schlammtrocknung.com\\\/#website\",\"url\":\"https:\\\/\\\/schlammtrocknung.com\\\/\",\"name\":\"Schlammtrocknung | SDS - Schlammtrocknung\",\"description\":\"Schlamm- L\u00f6sungen f\u00fcr Kl\u00e4rwerke, Industrie und Umwelt\",\"publisher\":{\"@id\":\"https:\\\/\\\/schlammtrocknung.com\\\/#organization\"},\"potentialAction\":[{\"@type\":\"SearchAction\",\"target\":{\"@type\":\"EntryPoint\",\"urlTemplate\":\"https:\\\/\\\/schlammtrocknung.com\\\/?s={search_term_string}\"},\"query-input\":{\"@type\":\"PropertyValueSpecification\",\"valueRequired\":true,\"valueName\":\"search_term_string\"}}],\"inLanguage\":\"cs\"},{\"@type\":\"Organization\",\"@id\":\"https:\\\/\\\/schlammtrocknung.com\\\/#organization\",\"name\":\"Schlammtrocknung | SDS - Schlammtrocknung\",\"url\":\"https:\\\/\\\/schlammtrocknung.com\\\/\",\"logo\":{\"@type\":\"ImageObject\",\"inLanguage\":\"cs\",\"@id\":\"https:\\\/\\\/schlammtrocknung.com\\\/#\\\/schema\\\/logo\\\/image\\\/\",\"url\":\"https:\\\/\\\/schlammtrocknung.com\\\/wp-content\\\/uploads\\\/2023\\\/02\\\/logo_sds-1.png\",\"contentUrl\":\"https:\\\/\\\/schlammtrocknung.com\\\/wp-content\\\/uploads\\\/2023\\\/02\\\/logo_sds-1.png\",\"width\":697,\"height\":187,\"caption\":\"Schlammtrocknung | SDS - Schlammtrocknung\"},\"image\":{\"@id\":\"https:\\\/\\\/schlammtrocknung.com\\\/#\\\/schema\\\/logo\\\/image\\\/\"}}]}<\/script>\n<!-- \/ Yoast SEO plugin. -->","yoast_head_json":{"title":"Zpracov\u00e1n\u00ed kal\u016f | Michel Su\u0161en\u00ed kal\u016f","description":"Optimalizujte zpracov\u00e1n\u00ed kal\u016f pomoc\u00ed modern\u00edch a \u00fa\u010dinn\u00fdch syst\u00e9m\u016f michel SLUDGE-DRYING-SYSTEMS.","robots":{"index":"index","follow":"follow","max-snippet":"max-snippet:-1","max-image-preview":"max-image-preview:large","max-video-preview":"max-video-preview:-1"},"canonical":"https:\/\/schlammtrocknung.com\/cs\/sluzby\/zpracovani-kalu\/","og_locale":"cs_CZ","og_type":"article","og_title":"Zpracov\u00e1n\u00ed kal\u016f | Michel Su\u0161en\u00ed kal\u016f","og_description":"Optimalizujte zpracov\u00e1n\u00ed kal\u016f pomoc\u00ed modern\u00edch a \u00fa\u010dinn\u00fdch syst\u00e9m\u016f michel SLUDGE-DRYING-SYSTEMS.","og_url":"https:\/\/schlammtrocknung.com\/cs\/sluzby\/zpracovani-kalu\/","og_site_name":"Schlammtrocknung \u2013 michel SLUDGE DRYING SYSTEM","article_modified_time":"2025-05-09T08:43:20+00:00","twitter_card":"summary_large_image","twitter_misc":{"Odhadovan\u00e1 doba \u010dten\u00ed":"4 minuty"},"schema":{"@context":"https:\/\/schema.org","@graph":[{"@type":"WebPage","@id":"https:\/\/schlammtrocknung.com\/cs\/sluzby\/zpracovani-kalu\/","url":"https:\/\/schlammtrocknung.com\/cs\/sluzby\/zpracovani-kalu\/","name":"Zpracov\u00e1n\u00ed kal\u016f | Michel Su\u0161en\u00ed kal\u016f","isPartOf":{"@id":"https:\/\/schlammtrocknung.com\/#website"},"datePublished":"2024-09-04T11:12:33+00:00","dateModified":"2025-05-09T08:43:20+00:00","description":"Optimalizujte zpracov\u00e1n\u00ed kal\u016f pomoc\u00ed modern\u00edch a \u00fa\u010dinn\u00fdch syst\u00e9m\u016f michel SLUDGE-DRYING-SYSTEMS.","breadcrumb":{"@id":"https:\/\/schlammtrocknung.com\/cs\/sluzby\/zpracovani-kalu\/#breadcrumb"},"inLanguage":"cs","potentialAction":[{"@type":"ReadAction","target":["https:\/\/schlammtrocknung.com\/cs\/sluzby\/zpracovani-kalu\/"]}]},{"@type":"BreadcrumbList","@id":"https:\/\/schlammtrocknung.com\/cs\/sluzby\/zpracovani-kalu\/#breadcrumb","itemListElement":[{"@type":"ListItem","position":1,"name":"Startseite","item":"https:\/\/schlammtrocknung.com\/cs\/domovska-stranka-2\/"},{"@type":"ListItem","position":2,"name":"Slu\u017eby","item":"https:\/\/schlammtrocknung.com\/cs\/sluzby\/"},{"@type":"ListItem","position":3,"name":"Zpracov\u00e1n\u00ed kal\u016f"}]},{"@type":"WebSite","@id":"https:\/\/schlammtrocknung.com\/#website","url":"https:\/\/schlammtrocknung.com\/","name":"Schlammtrocknung | SDS - Schlammtrocknung","description":"Schlamm- L\u00f6sungen f\u00fcr Kl\u00e4rwerke, Industrie und Umwelt","publisher":{"@id":"https:\/\/schlammtrocknung.com\/#organization"},"potentialAction":[{"@type":"SearchAction","target":{"@type":"EntryPoint","urlTemplate":"https:\/\/schlammtrocknung.com\/?s={search_term_string}"},"query-input":{"@type":"PropertyValueSpecification","valueRequired":true,"valueName":"search_term_string"}}],"inLanguage":"cs"},{"@type":"Organization","@id":"https:\/\/schlammtrocknung.com\/#organization","name":"Schlammtrocknung | SDS - Schlammtrocknung","url":"https:\/\/schlammtrocknung.com\/","logo":{"@type":"ImageObject","inLanguage":"cs","@id":"https:\/\/schlammtrocknung.com\/#\/schema\/logo\/image\/","url":"https:\/\/schlammtrocknung.com\/wp-content\/uploads\/2023\/02\/logo_sds-1.png","contentUrl":"https:\/\/schlammtrocknung.com\/wp-content\/uploads\/2023\/02\/logo_sds-1.png","width":697,"height":187,"caption":"Schlammtrocknung | SDS - Schlammtrocknung"},"image":{"@id":"https:\/\/schlammtrocknung.com\/#\/schema\/logo\/image\/"}}]}},"_links":{"self":[{"href":"https:\/\/schlammtrocknung.com\/cs\/wp-json\/wp\/v2\/pages\/2302","targetHints":{"allow":["GET"]}}],"collection":[{"href":"https:\/\/schlammtrocknung.com\/cs\/wp-json\/wp\/v2\/pages"}],"about":[{"href":"https:\/\/schlammtrocknung.com\/cs\/wp-json\/wp\/v2\/types\/page"}],"author":[{"embeddable":true,"href":"https:\/\/schlammtrocknung.com\/cs\/wp-json\/wp\/v2\/users\/1"}],"replies":[{"embeddable":true,"href":"https:\/\/schlammtrocknung.com\/cs\/wp-json\/wp\/v2\/comments?post=2302"}],"version-history":[{"count":2,"href":"https:\/\/schlammtrocknung.com\/cs\/wp-json\/wp\/v2\/pages\/2302\/revisions"}],"predecessor-version":[{"id":2305,"href":"https:\/\/schlammtrocknung.com\/cs\/wp-json\/wp\/v2\/pages\/2302\/revisions\/2305"}],"up":[{"embeddable":true,"href":"https:\/\/schlammtrocknung.com\/cs\/wp-json\/wp\/v2\/pages\/1790"}],"wp:attachment":[{"href":"https:\/\/schlammtrocknung.com\/cs\/wp-json\/wp\/v2\/media?parent=2302"}],"curies":[{"name":"wp","href":"https:\/\/api.w.org\/{rel}","templated":true}]}}