{"id":2311,"date":"2024-09-04T12:54:09","date_gmt":"2024-09-04T10:54:09","guid":{"rendered":"https:\/\/schlammtrocknung.com\/sluzby\/suseni-papirovych-kalu\/"},"modified":"2025-05-09T10:43:23","modified_gmt":"2025-05-09T08:43:23","slug":"suseni-papirovych-kalu","status":"publish","type":"page","link":"https:\/\/schlammtrocknung.com\/cs\/sluzby\/suseni-papirovych-kalu\/","title":{"rendered":"Su\u0161en\u00ed pap\u00edrov\u00fdch kal\u016f"},"content":{"rendered":"<div class=\"wpb-content-wrapper\"><p>[vc_row content_placement=&#8220;top&#8220;][vc_column][vc_column_text]<\/p>\n<h1 style=\"text-align: center;\"><span style=\"color: #728d2a;\">Su\u0161en\u00ed pap\u00edrov\u00fdch kal\u016f: vyu\u017eit\u00ed odpadu a ochrana \u017eivotn\u00edho prost\u0159ed\u00ed<br \/>\n<\/span><\/h1>\n<p>[\/vc_column_text][vc_column_text]<\/p>\n<p style=\"text-align: center;\"><span style=\"font-weight: 400;\">Pou\u017eijte pokro\u010dil\u00e1 \u0159e\u0161en\u00ed od <\/span><b>michel SLUDGE-DRYING-SYSTEMS<\/b><span style=\"font-weight: 400;\"> pro ekologicky \u0161etrn\u00e9 a efektivn\u00ed <\/span><b>su\u0161en\u00ed pap\u00edrov\u00fdch kal\u016f<\/b><span style=\"font-weight: 400;\">. Na\u0161e syst\u00e9my umo\u017e\u0148uj\u00ed minimalizovat objem va\u0161eho v\u00fdrobn\u00edho odpadu a spr\u00e1vn\u011b jej zlikvidovat nebo recyklovat.<\/span><\/p>\n<p style=\"text-align: center;\"><a href=\"https:\/\/schlammtrocknung.com\/cs\/kontaktujte-nas\/\">Zjist\u011bte v\u00edce!<\/a><\/p>\n<p>[\/vc_column_text][vc_empty_space height=&#8220;50px&#8220;][\/vc_column][\/vc_row][vc_row][vc_column width=&#8220;2\/3&#8243;][vc_column_text]<\/p>\n<h2><span style=\"color: #728d2a;\">Efektivn\u00ed zpracov\u00e1n\u00ed pap\u00edrov\u00fdch kal\u016f<br \/>\n<\/span><\/h2>\n<p>[\/vc_column_text][vc_message]<i><span style=\"font-weight: 400;\">Co je to pap\u00edrov\u00fd kal?<\/span><\/i><\/p>\n<p><i><span style=\"font-weight: 400;\">Pap\u00edrensk\u00fd kal je vedlej\u0161\u00ed produkt v\u00fdroby pap\u00edru, kter\u00fd vznik\u00e1 p\u0159i \u010di\u0161t\u011bn\u00ed buni\u010diny a filtraci vody. Tento kal se skl\u00e1d\u00e1 p\u0159edev\u0161\u00edm z vl\u00e1ken, plniv, chemik\u00e1li\u00ed a vody.   <\/span><\/i>[\/vc_message][vc_column_text]<span style=\"font-weight: 400;\">P\u0159esto\u017ee pap\u00edrov\u00e9 kaly obsahuj\u00ed cenn\u00e9 organick\u00e9 materi\u00e1ly, jsou v nich obsa\u017eeny <\/span><b>pap\u00edrov\u00e9 kaly<\/b><span style=\"font-weight: 400;\"> bez vhodn\u00e9ho zpracov\u00e1n\u00ed <\/span><b>probl\u00e9m s likvidac\u00ed<\/b><span style=\"font-weight: 400;\">  reprezentovat. \u00da\u010dinn\u00e9 zpracov\u00e1n\u00ed a su\u0161en\u00ed kal\u016f je z\u00e1sadn\u00ed pro minimalizaci jejich dopadu na \u017eivotn\u00ed prost\u0159ed\u00ed a maxim\u00e1ln\u00ed recyklaci surovin, kter\u00e9 obsahuj\u00ed. <\/span>[\/vc_column_text][vc_empty_space height=&#8220;70px&#8220;][\/vc_column][\/vc_row][vc_row][vc_column width=&#8220;1\/2&#8243;][vc_single_image image=&#8220;1225&#8243; img_size=&#8220;full&#8220;][vc_empty_space height=&#8220;70px&#8220;][\/vc_column][vc_column width=&#8220;1\/2&#8243;][vc_column_text]<span style=\"font-weight: 400;\">Pouze prost\u0159ednictv\u00edm <\/span><b>su\u0161en\u00ed pap\u00edrov\u00fdch kal\u016f<\/b><span style=\"font-weight: 400;\">  T\u00edm se sni\u017euje jeho objem a hmotnost, co\u017e minimalizuje n\u00e1klady a dopad na \u017eivotn\u00ed prost\u0159ed\u00ed p\u0159i jeho p\u0159eprav\u011b a likvidaci. Su\u0161en\u00edm se kal stabilizuje, co\u017e sni\u017euje uvol\u0148ov\u00e1n\u00ed z\u00e1pachu a riziko kontaminace.   <\/span><\/p>\n<p><span style=\"font-weight: 400;\"><a href=\"https:\/\/schlammtrocknung.com\/schlammtrocknung-verfahren\/\">Proces su\u0161en\u00ed<\/a> tak\u00e9 umo\u017e\u0148uje zp\u011btn\u00e9 z\u00edsk\u00e1v\u00e1n\u00ed vl\u00e1ken a plniv pro op\u011btovn\u00e9 pou\u017eit\u00ed p\u0159i v\u00fdrob\u011b pap\u00edru nebo v jin\u00fdch pr\u016fmyslov\u00fdch aplikac\u00edch, co\u017e sni\u017euje pot\u0159ebu t\u011b\u017eby nov\u00fdch surovin a pom\u00e1h\u00e1 \u0161et\u0159it p\u0159\u00edrodn\u00ed zdroje.<\/span>[\/vc_column_text][\/vc_column][\/vc_row][vc_row][vc_column width=&#8220;1\/2&#8243;][vc_column_text]<\/p>\n<h2><span style=\"color: #728d2a;\">Pokro\u010dil\u00e9 su\u0161en\u00ed pap\u00edrov\u00fdch kal\u016f pomoc\u00ed michel SLUDGE-DRYING-SYSTEMS<\/span><\/h2>\n<p><span style=\"font-weight: 400;\">michel SLUDGE-DRYING-SYSTEMS pou\u017e\u00edv\u00e1 pokro\u010dilou technologii su\u0161en\u00ed pap\u00edrov\u00fdch kal\u016f. <\/span><b>su\u0161en\u00ed pap\u00edrov\u00fdch kal\u016f<\/b><span style=\"font-weight: 400;\">vysok\u00e1 <\/span><b>energetick\u00e1 \u00fa\u010dinnost<\/b><span style=\"font-weight: 400;\">  a n\u00edzk\u00fd dopad na \u017eivotn\u00ed prost\u0159ed\u00ed. Na\u0161e syst\u00e9my vyu\u017e\u00edvaj\u00ed kombinaci   <\/span><b>Kontaktn\u00ed a konvek\u010dn\u00ed su\u0161en\u00ed<\/b><span style=\"font-weight: 400;\">co\u017e umo\u017e\u0148uje rovnom\u011brn\u00fd a \u00fa\u010dinn\u00fd p\u0159enos tepla. <\/span> <\/p>\n<p><span style=\"font-weight: 400;\">Tento syst\u00e9m pracuje p\u0159i n\u00edzk\u00fdch teplot\u00e1ch, aby se sn\u00ed\u017eily n\u00e1klady na energii. Modul\u00e1rn\u00ed syst\u00e9my lze instalovat p\u0159\u00edmo na m\u00edst\u011b a jsou k dispozici v r\u016fzn\u00fdch velikostech, aby vyhovovaly r\u016fzn\u00fdm objem\u016fm a po\u017eadavk\u016fm spole\u010dnost\u00ed vyr\u00e1b\u011bj\u00edc\u00edch pap\u00edr. <\/span>[\/vc_column_text][\/vc_column][vc_column width=&#8220;1\/2&#8243;][vc_single_image image=&#8220;373&#8243; img_size=&#8220;600&#215;480&#8243;][vc_empty_space height=&#8220;70px&#8220;][\/vc_column][\/vc_row][vc_row][vc_column width=&#8220;1\/2&#8243;][vc_single_image image=&#8220;371&#8243; img_size=&#8220;600&#215;550&#8243;][vc_empty_space height=&#8220;70px&#8220;][\/vc_column][vc_column width=&#8220;1\/2&#8243;][vc_column_text]<\/p>\n<h3><span style=\"color: #728d2a;\">V\u00fdhody su\u0161en\u00ed pap\u00edrov\u00fdch kal\u016f pomoc\u00ed michel SLUDGE-DRYING-SYSTEMS<\/span><\/h3>\n<p><span style=\"font-weight: 400;\">Jako p\u0159edn\u00ed dodavatel specializovan\u00fdch syst\u00e9m\u016f pro su\u0161en\u00ed pap\u00edrov\u00fdch kal\u016f m\u00e1me mnoho dobr\u00fdch d\u016fvod\u016f, pro\u010d byste m\u011bli zvolit na\u0161e \u0159e\u0161en\u00ed:<\/span><\/p>\n<ul>\n<li style=\"font-weight: 400;\" aria-level=\"1\"><b>\u017d\u00e1dn\u00e9 n\u00e1klady na dopravu: <\/b><span style=\"font-weight: 400;\">Na\u0161e syst\u00e9my pracuj\u00ed p\u0159\u00edmo na m\u00edst\u011b a dal\u0161\u00ed p\u0159eprava nezpracovan\u00fdch pap\u00edrov\u00fdch kal\u016f je zbyte\u010dn\u00e1.<\/span><\/li>\n<li style=\"font-weight: 400;\" aria-level=\"1\"><b>Sn\u00ed\u017een\u00ed provozn\u00edch n\u00e1klad\u016f:<\/b><span style=\"font-weight: 400;\"> D\u00edky \u00fa\u010dinn\u00e9mu n\u00edzkoteplotn\u00edmu su\u0161en\u00ed m\u00e1te ni\u017e\u0161\u00ed spot\u0159ebu energie.<\/span><\/li>\n<li style=\"font-weight: 400;\" aria-level=\"1\"><b>\u00daspora m\u00edsta:<\/b><span style=\"font-weight: 400;\"> Su\u0161en\u00ed kalu sni\u017euje objem pap\u00edrov\u00e9ho kalu, a t\u00edm i velikost skladovac\u00edch prostor.<\/span><\/li>\n<li style=\"font-weight: 400;\" aria-level=\"1\"><b>Zlep\u0161en\u00e1 kvalita materi\u00e1lu:<\/b><span style=\"font-weight: 400;\"> N\u00e1\u0161 \u0161etrn\u00fd proces su\u0161en\u00ed zachov\u00e1v\u00e1 kvalitu vl\u00e1ken pro dal\u0161\u00ed pr\u016fmyslov\u00e9 vyu\u017eit\u00ed.<\/span><\/li>\n<li style=\"font-weight: 400;\" aria-level=\"1\"><b>Flexibilita:<\/b><span style=\"font-weight: 400;\"> Na\u0161e p\u0159izp\u016fsobiteln\u00e9 syst\u00e9my lze p\u0159izp\u016fsobit r\u016fzn\u00fdm kvalit\u00e1m a mno\u017estv\u00edm kalu.<\/span><\/li>\n<\/ul>\n<p>[\/vc_column_text][\/vc_column][\/vc_row][vc_row][vc_column][vc_cta h2=&#8220;Spojte se s n\u00e1mi!&#8220; txt_align=&#8220;center&#8220; add_button=&#8220;bottom&#8220; btn_title=&#8220;Kontaktujte n\u00e1s!&#8220; btn_style=&#8220;gradient-custom&#8220; btn_gradient_custom_color_1=&#8220;#728d2a&#8220; btn_gradient_custom_color_2=&#8220;#728d2a&#8220; btn_align=&#8220;center&#8220; btn_link=&#8220;url:https%3A%2F%2Fschlammtrocknung.com%2Fcs%2Fkontaktujte-nas%2F|title:Kontaktujte%20n%C3%A1s|&#8220;]<\/p>\n<p style=\"text-align: center;\"><span style=\"font-weight: 400;\">S pokro\u010dil\u00fdmi \u0159e\u0161en\u00edmi od <\/span><b>michel SLUDGE-DRYING-SYSTEMS<\/b><span style=\"font-weight: 400;\"> v oblasti <\/span><b>su\u0161en\u00ed pap\u00edrov\u00fdch kal\u016f<\/b><span style=\"font-weight: 400;\">  m\u016f\u017eete nejen profesion\u00e1ln\u011b zlikvidovat sv\u016fj odpad, ale tak\u00e9 aktivn\u011b p\u0159isp\u011bt k ochran\u011b \u017eivotn\u00edho prost\u0159ed\u00ed. Kontaktujte n\u00e1s je\u0161t\u011b dnes a zjist\u011bte v\u00edce o na\u0161ich za\u0159\u00edzen\u00edch a o tom, jak v\u00e1m m\u016f\u017eeme pomoci dos\u00e1hnout va\u0161ich c\u00edl\u016f v oblasti ochrany \u017eivotn\u00edho prost\u0159ed\u00ed. <\/span><\/p>\n<p>[\/vc_cta][vc_empty_space height=&#8220;50px&#8220;][\/vc_column][\/vc_row][vc_row][vc_column][vc_column_text]<\/p>\n<h2 style=\"text-align: center;\"><span style=\"color: #728d2a;\">FAQ &#8211; \u010casto kladen\u00e9 ot\u00e1zky o su\u0161en\u00ed pap\u00edrov\u00fdch kal\u016f<\/span><\/h2>\n<p>[\/vc_column_text][\/vc_column][\/vc_row][vc_row][vc_column][vc_toggle title=&#8220;Co je to pap\u00edrov\u00fd kal a jak se vyr\u00e1b\u00ed?&#8220;]<span style=\"font-weight: 400;\">Pap\u00edrensk\u00fd kal je vedlej\u0161\u00ed produkt v\u00fdroby pap\u00edru, kter\u00fd se skl\u00e1d\u00e1 z vl\u00e1ken, plniv a chemick\u00fdch l\u00e1tek. Vznik\u00e1 p\u0159i \u010di\u0161t\u011bn\u00ed buni\u010diny a filtraci vody b\u011bhem v\u00fdrobn\u00edho procesu. <\/span>[\/vc_toggle][vc_toggle title=&#8220;Pro\u010d je su\u0161en\u00ed pap\u00edrov\u00fdch kal\u016f d\u016fle\u017eit\u00e9?&#8220;]<span style=\"font-weight: 400;\">Su\u0161en\u00ed sni\u017euje objem a hmotnost pap\u00edrov\u00fdch kal\u016f, sni\u017euje n\u00e1klady na p\u0159epravu a likvidaci a minimalizuje dopad na \u017eivotn\u00ed prost\u0159ed\u00ed. Umo\u017e\u0148uje tak\u00e9 obnovu a op\u011btovn\u00e9 pou\u017eit\u00ed cenn\u00fdch vl\u00e1ken a plniv. <\/span>[\/vc_toggle][vc_toggle title=&#8220;Jak funguje su\u0161en\u00ed pap\u00edrov\u00fdch kal\u016f?&#8220;]michel SLUDGE-DRYING-SYSTEMS pou\u017e\u00edv\u00e1 pokro\u010dil\u00e9 technologie su\u0161en\u00ed, v\u010detn\u011b kontaktn\u00edho a konvek\u010dn\u00edho su\u0161en\u00ed p\u0159i n\u00edzk\u00fdch teplot\u00e1ch, kter\u00e9 zaji\u0161\u0165uj\u00ed \u00fa\u010dinn\u00e9 a energeticky \u00fasporn\u00e9 su\u0161en\u00ed. T\u00edm se sni\u017euje obsah vody v kalu, a t\u00edm i jeho objem.[\/vc_toggle][\/vc_column][\/vc_row]<\/p>\n<\/div>","protected":false},"excerpt":{"rendered":"<p>[vc_row content_placement=&#8220;top&#8220;][vc_column][vc_column_text] Su\u0161en\u00ed pap\u00edrov\u00fdch kal\u016f: vyu\u017eit\u00ed odpadu a ochrana \u017eivotn\u00edho prost\u0159ed\u00ed [\/vc_column_text][vc_column_text] Pou\u017eijte pokro\u010dil\u00e1 \u0159e\u0161en\u00ed od michel SLUDGE-DRYING-SYSTEMS pro ekologicky \u0161etrn\u00e9 a efektivn\u00ed su\u0161en\u00ed pap\u00edrov\u00fdch kal\u016f. Na\u0161e syst\u00e9my umo\u017e\u0148uj\u00ed minimalizovat objem va\u0161eho v\u00fdrobn\u00edho odpadu a spr\u00e1vn\u011b jej zlikvidovat nebo recyklovat. Zjist\u011bte v\u00edce! [\/vc_column_text][vc_empty_space height=&#8220;50px&#8220;][\/vc_column][\/vc_row][vc_row][vc_column width=&#8220;2\/3&#8243;][vc_column_text] Efektivn\u00ed zpracov\u00e1n\u00ed pap\u00edrov\u00fdch kal\u016f [\/vc_column_text][vc_message]Co je to pap\u00edrov\u00fd kal? Pap\u00edrensk\u00fd&hellip;<\/p>\n","protected":false},"author":1,"featured_media":0,"parent":1790,"menu_order":0,"comment_status":"closed","ping_status":"closed","template":"","meta":{"footnotes":""},"class_list":["post-2311","page","type-page","status-publish","hentry","description-off"],"yoast_head":"<!-- This site is optimized with the Yoast SEO plugin v27.3 - https:\/\/yoast.com\/product\/yoast-seo-wordpress\/ -->\n<title>Su\u0161en\u00ed pap\u00edrov\u00fdch kal\u016f | Su\u0161en\u00ed michelsk\u00fdch kal\u016f<\/title>\n<meta name=\"description\" content=\"Objevte \u00fa\u010dinn\u00fd syst\u00e9m su\u0161en\u00ed pap\u00edrov\u00fdch kal\u016f od spole\u010dnosti michel SLUDGE-DRYING-SYSTEMS pro udr\u017eiteln\u00e9 vyu\u017eit\u00ed odpadu.\" \/>\n<meta name=\"robots\" content=\"index, follow, max-snippet:-1, max-image-preview:large, max-video-preview:-1\" \/>\n<link rel=\"canonical\" href=\"https:\/\/schlammtrocknung.com\/cs\/sluzby\/suseni-papirovych-kalu\/\" \/>\n<meta property=\"og:locale\" content=\"cs_CZ\" \/>\n<meta property=\"og:type\" content=\"article\" \/>\n<meta property=\"og:title\" content=\"Su\u0161en\u00ed pap\u00edrov\u00fdch kal\u016f | Su\u0161en\u00ed michelsk\u00fdch kal\u016f\" \/>\n<meta property=\"og:description\" content=\"Objevte \u00fa\u010dinn\u00fd syst\u00e9m su\u0161en\u00ed pap\u00edrov\u00fdch kal\u016f od spole\u010dnosti michel SLUDGE-DRYING-SYSTEMS pro udr\u017eiteln\u00e9 vyu\u017eit\u00ed odpadu.\" \/>\n<meta property=\"og:url\" content=\"https:\/\/schlammtrocknung.com\/cs\/sluzby\/suseni-papirovych-kalu\/\" \/>\n<meta property=\"og:site_name\" content=\"Schlammtrocknung \u2013 michel SLUDGE DRYING SYSTEM\" \/>\n<meta property=\"article:modified_time\" content=\"2025-05-09T08:43:23+00:00\" \/>\n<meta name=\"twitter:card\" content=\"summary_large_image\" \/>\n<meta name=\"twitter:label1\" content=\"Odhadovan\u00e1 doba \u010dten\u00ed\" \/>\n\t<meta name=\"twitter:data1\" content=\"5 minut\" \/>\n<script type=\"application\/ld+json\" class=\"yoast-schema-graph\">{\"@context\":\"https:\\\/\\\/schema.org\",\"@graph\":[{\"@type\":\"WebPage\",\"@id\":\"https:\\\/\\\/schlammtrocknung.com\\\/cs\\\/sluzby\\\/suseni-papirovych-kalu\\\/\",\"url\":\"https:\\\/\\\/schlammtrocknung.com\\\/cs\\\/sluzby\\\/suseni-papirovych-kalu\\\/\",\"name\":\"Su\u0161en\u00ed pap\u00edrov\u00fdch kal\u016f | Su\u0161en\u00ed michelsk\u00fdch kal\u016f\",\"isPartOf\":{\"@id\":\"https:\\\/\\\/schlammtrocknung.com\\\/#website\"},\"datePublished\":\"2024-09-04T10:54:09+00:00\",\"dateModified\":\"2025-05-09T08:43:23+00:00\",\"description\":\"Objevte \u00fa\u010dinn\u00fd syst\u00e9m su\u0161en\u00ed pap\u00edrov\u00fdch kal\u016f od spole\u010dnosti michel SLUDGE-DRYING-SYSTEMS pro udr\u017eiteln\u00e9 vyu\u017eit\u00ed odpadu.\",\"breadcrumb\":{\"@id\":\"https:\\\/\\\/schlammtrocknung.com\\\/cs\\\/sluzby\\\/suseni-papirovych-kalu\\\/#breadcrumb\"},\"inLanguage\":\"cs\",\"potentialAction\":[{\"@type\":\"ReadAction\",\"target\":[\"https:\\\/\\\/schlammtrocknung.com\\\/cs\\\/sluzby\\\/suseni-papirovych-kalu\\\/\"]}]},{\"@type\":\"BreadcrumbList\",\"@id\":\"https:\\\/\\\/schlammtrocknung.com\\\/cs\\\/sluzby\\\/suseni-papirovych-kalu\\\/#breadcrumb\",\"itemListElement\":[{\"@type\":\"ListItem\",\"position\":1,\"name\":\"Startseite\",\"item\":\"https:\\\/\\\/schlammtrocknung.com\\\/cs\\\/domovska-stranka-2\\\/\"},{\"@type\":\"ListItem\",\"position\":2,\"name\":\"Slu\u017eby\",\"item\":\"https:\\\/\\\/schlammtrocknung.com\\\/cs\\\/sluzby\\\/\"},{\"@type\":\"ListItem\",\"position\":3,\"name\":\"Su\u0161en\u00ed pap\u00edrov\u00fdch kal\u016f\"}]},{\"@type\":\"WebSite\",\"@id\":\"https:\\\/\\\/schlammtrocknung.com\\\/#website\",\"url\":\"https:\\\/\\\/schlammtrocknung.com\\\/\",\"name\":\"Schlammtrocknung | SDS - Schlammtrocknung\",\"description\":\"Schlamm- L\u00f6sungen f\u00fcr Kl\u00e4rwerke, Industrie und Umwelt\",\"publisher\":{\"@id\":\"https:\\\/\\\/schlammtrocknung.com\\\/#organization\"},\"potentialAction\":[{\"@type\":\"SearchAction\",\"target\":{\"@type\":\"EntryPoint\",\"urlTemplate\":\"https:\\\/\\\/schlammtrocknung.com\\\/?s={search_term_string}\"},\"query-input\":{\"@type\":\"PropertyValueSpecification\",\"valueRequired\":true,\"valueName\":\"search_term_string\"}}],\"inLanguage\":\"cs\"},{\"@type\":\"Organization\",\"@id\":\"https:\\\/\\\/schlammtrocknung.com\\\/#organization\",\"name\":\"Schlammtrocknung | SDS - Schlammtrocknung\",\"url\":\"https:\\\/\\\/schlammtrocknung.com\\\/\",\"logo\":{\"@type\":\"ImageObject\",\"inLanguage\":\"cs\",\"@id\":\"https:\\\/\\\/schlammtrocknung.com\\\/#\\\/schema\\\/logo\\\/image\\\/\",\"url\":\"https:\\\/\\\/schlammtrocknung.com\\\/wp-content\\\/uploads\\\/2023\\\/02\\\/logo_sds-1.png\",\"contentUrl\":\"https:\\\/\\\/schlammtrocknung.com\\\/wp-content\\\/uploads\\\/2023\\\/02\\\/logo_sds-1.png\",\"width\":697,\"height\":187,\"caption\":\"Schlammtrocknung | SDS - Schlammtrocknung\"},\"image\":{\"@id\":\"https:\\\/\\\/schlammtrocknung.com\\\/#\\\/schema\\\/logo\\\/image\\\/\"}}]}<\/script>\n<!-- \/ Yoast SEO plugin. -->","yoast_head_json":{"title":"Su\u0161en\u00ed pap\u00edrov\u00fdch kal\u016f | Su\u0161en\u00ed michelsk\u00fdch kal\u016f","description":"Objevte \u00fa\u010dinn\u00fd syst\u00e9m su\u0161en\u00ed pap\u00edrov\u00fdch kal\u016f od spole\u010dnosti michel SLUDGE-DRYING-SYSTEMS pro udr\u017eiteln\u00e9 vyu\u017eit\u00ed odpadu.","robots":{"index":"index","follow":"follow","max-snippet":"max-snippet:-1","max-image-preview":"max-image-preview:large","max-video-preview":"max-video-preview:-1"},"canonical":"https:\/\/schlammtrocknung.com\/cs\/sluzby\/suseni-papirovych-kalu\/","og_locale":"cs_CZ","og_type":"article","og_title":"Su\u0161en\u00ed pap\u00edrov\u00fdch kal\u016f | Su\u0161en\u00ed michelsk\u00fdch kal\u016f","og_description":"Objevte \u00fa\u010dinn\u00fd syst\u00e9m su\u0161en\u00ed pap\u00edrov\u00fdch kal\u016f od spole\u010dnosti michel SLUDGE-DRYING-SYSTEMS pro udr\u017eiteln\u00e9 vyu\u017eit\u00ed odpadu.","og_url":"https:\/\/schlammtrocknung.com\/cs\/sluzby\/suseni-papirovych-kalu\/","og_site_name":"Schlammtrocknung \u2013 michel SLUDGE DRYING SYSTEM","article_modified_time":"2025-05-09T08:43:23+00:00","twitter_card":"summary_large_image","twitter_misc":{"Odhadovan\u00e1 doba \u010dten\u00ed":"5 minut"},"schema":{"@context":"https:\/\/schema.org","@graph":[{"@type":"WebPage","@id":"https:\/\/schlammtrocknung.com\/cs\/sluzby\/suseni-papirovych-kalu\/","url":"https:\/\/schlammtrocknung.com\/cs\/sluzby\/suseni-papirovych-kalu\/","name":"Su\u0161en\u00ed pap\u00edrov\u00fdch kal\u016f | Su\u0161en\u00ed michelsk\u00fdch kal\u016f","isPartOf":{"@id":"https:\/\/schlammtrocknung.com\/#website"},"datePublished":"2024-09-04T10:54:09+00:00","dateModified":"2025-05-09T08:43:23+00:00","description":"Objevte \u00fa\u010dinn\u00fd syst\u00e9m su\u0161en\u00ed pap\u00edrov\u00fdch kal\u016f od spole\u010dnosti michel SLUDGE-DRYING-SYSTEMS pro udr\u017eiteln\u00e9 vyu\u017eit\u00ed odpadu.","breadcrumb":{"@id":"https:\/\/schlammtrocknung.com\/cs\/sluzby\/suseni-papirovych-kalu\/#breadcrumb"},"inLanguage":"cs","potentialAction":[{"@type":"ReadAction","target":["https:\/\/schlammtrocknung.com\/cs\/sluzby\/suseni-papirovych-kalu\/"]}]},{"@type":"BreadcrumbList","@id":"https:\/\/schlammtrocknung.com\/cs\/sluzby\/suseni-papirovych-kalu\/#breadcrumb","itemListElement":[{"@type":"ListItem","position":1,"name":"Startseite","item":"https:\/\/schlammtrocknung.com\/cs\/domovska-stranka-2\/"},{"@type":"ListItem","position":2,"name":"Slu\u017eby","item":"https:\/\/schlammtrocknung.com\/cs\/sluzby\/"},{"@type":"ListItem","position":3,"name":"Su\u0161en\u00ed pap\u00edrov\u00fdch kal\u016f"}]},{"@type":"WebSite","@id":"https:\/\/schlammtrocknung.com\/#website","url":"https:\/\/schlammtrocknung.com\/","name":"Schlammtrocknung | SDS - Schlammtrocknung","description":"Schlamm- L\u00f6sungen f\u00fcr Kl\u00e4rwerke, Industrie und Umwelt","publisher":{"@id":"https:\/\/schlammtrocknung.com\/#organization"},"potentialAction":[{"@type":"SearchAction","target":{"@type":"EntryPoint","urlTemplate":"https:\/\/schlammtrocknung.com\/?s={search_term_string}"},"query-input":{"@type":"PropertyValueSpecification","valueRequired":true,"valueName":"search_term_string"}}],"inLanguage":"cs"},{"@type":"Organization","@id":"https:\/\/schlammtrocknung.com\/#organization","name":"Schlammtrocknung | SDS - Schlammtrocknung","url":"https:\/\/schlammtrocknung.com\/","logo":{"@type":"ImageObject","inLanguage":"cs","@id":"https:\/\/schlammtrocknung.com\/#\/schema\/logo\/image\/","url":"https:\/\/schlammtrocknung.com\/wp-content\/uploads\/2023\/02\/logo_sds-1.png","contentUrl":"https:\/\/schlammtrocknung.com\/wp-content\/uploads\/2023\/02\/logo_sds-1.png","width":697,"height":187,"caption":"Schlammtrocknung | SDS - Schlammtrocknung"},"image":{"@id":"https:\/\/schlammtrocknung.com\/#\/schema\/logo\/image\/"}}]}},"_links":{"self":[{"href":"https:\/\/schlammtrocknung.com\/cs\/wp-json\/wp\/v2\/pages\/2311","targetHints":{"allow":["GET"]}}],"collection":[{"href":"https:\/\/schlammtrocknung.com\/cs\/wp-json\/wp\/v2\/pages"}],"about":[{"href":"https:\/\/schlammtrocknung.com\/cs\/wp-json\/wp\/v2\/types\/page"}],"author":[{"embeddable":true,"href":"https:\/\/schlammtrocknung.com\/cs\/wp-json\/wp\/v2\/users\/1"}],"replies":[{"embeddable":true,"href":"https:\/\/schlammtrocknung.com\/cs\/wp-json\/wp\/v2\/comments?post=2311"}],"version-history":[{"count":2,"href":"https:\/\/schlammtrocknung.com\/cs\/wp-json\/wp\/v2\/pages\/2311\/revisions"}],"predecessor-version":[{"id":2314,"href":"https:\/\/schlammtrocknung.com\/cs\/wp-json\/wp\/v2\/pages\/2311\/revisions\/2314"}],"up":[{"embeddable":true,"href":"https:\/\/schlammtrocknung.com\/cs\/wp-json\/wp\/v2\/pages\/1790"}],"wp:attachment":[{"href":"https:\/\/schlammtrocknung.com\/cs\/wp-json\/wp\/v2\/media?parent=2311"}],"curies":[{"name":"wp","href":"https:\/\/api.w.org\/{rel}","templated":true}]}}