{"id":2324,"date":"2024-09-04T12:39:01","date_gmt":"2024-09-04T10:39:01","guid":{"rendered":"https:\/\/schlammtrocknung.com\/sluzby\/suseni-kalu-z-olejovych-barev\/"},"modified":"2025-05-09T10:43:28","modified_gmt":"2025-05-09T08:43:28","slug":"suseni-kalu-z-olejovych-barev","status":"publish","type":"page","link":"https:\/\/schlammtrocknung.com\/cs\/sluzby\/suseni-kalu-z-olejovych-barev\/","title":{"rendered":"Su\u0161en\u00ed kal\u016f z olejov\u00fdch barev"},"content":{"rendered":"<div class=\"wpb-content-wrapper\"><p>[vc_row content_placement=&#8220;top&#8220;][vc_column][vc_column_text]<\/p>\n<h1 style=\"text-align: center;\"><span style=\"color: #728d2a;\">michel SLUDGE-DRYING-SYSTEMS &#8211; specializovan\u00fd partner pro su\u0161en\u00ed kal\u016f z olejov\u00fdch barev<br \/>\n<\/span><\/h1>\n<p>[\/vc_column_text][vc_column_text]<\/p>\n<p style=\"text-align: center;\"><span style=\"font-weight: 400;\">Zvy\u0161te svou efektivitu a chra\u0148te \u017eivotn\u00ed prost\u0159ed\u00ed pomoc\u00ed pokro\u010dil\u00fdch technologi\u00ed. <\/span><b>su\u0161en\u00ed olejov\u00fdch kal\u016f<\/b><span style=\"font-weight: 400;\">. Optimalizujte zpracov\u00e1n\u00ed kal\u016f z olejov\u00fdch barev pomoc\u00ed specializovan\u00fdch syst\u00e9m\u016f od spole\u010dnosti<\/span> <b> michel SLUDGE-DRYING-SYSTEMS<\/b><span style=\"font-weight: 400;\">kter\u00e9 jsou ekonomicky i ekologicky v\u00fdhodn\u011bj\u0161\u00ed.<\/span><\/p>\n<p>[\/vc_column_text][vc_empty_space height=&#8220;50px&#8220;][\/vc_column][\/vc_row][vc_row][vc_column width=&#8220;2\/3&#8243;][vc_column_text]<\/p>\n<h2><span style=\"color: #728d2a;\">Profesion\u00e1ln\u00ed likvidace su\u0161en\u00edm kal\u016f z olejov\u00fdch barev<br \/>\n<\/span><\/h2>\n<p>[\/vc_column_text][vc_message]<i><span style=\"font-weight: 400;\">Co je kal z olejov\u00e9 barvy?<\/span><\/i><\/p>\n<p><i><span style=\"font-weight: 400;\">Kal z olejov\u00fdch barev je vedlej\u0161\u00ed produkt, kter\u00fd vznik\u00e1 p\u0159edev\u0161\u00edm v pr\u016fmyslu barev a lak\u016f a p\u0159i r\u016fzn\u00fdch pr\u016fmyslov\u00fdch \u010distic\u00edch procesech. Jedn\u00e1 se o sm\u011bs zbytk\u016f barev, rozpou\u0161t\u011bdel, olej\u016f a vody, kter\u00e1 \u010dasto obsahuje t\u011b\u017ek\u00e9 kovy a dal\u0161\u00ed toxick\u00e9 l\u00e1tky.   <\/span><\/i>[\/vc_message][vc_column_text]<span style=\"font-weight: 400;\">Toto slo\u017een\u00ed umo\u017e\u0148uje profesion\u00e1ln\u00ed a bezpe\u010dnou manipulaci a tak\u00e9. <\/span><b>likvidaci nebo recyklaci kal\u016f z olejov\u00fdch barev. <\/b> <span style=\"font-weight: 400;\">environment\u00e1ln\u00ed v\u00fdzva. Su\u0161en\u00ed kal\u016f z olejov\u00fdch barev sni\u017euje riziko kontaminace \u017eivotn\u00edho prost\u0159ed\u00ed t\u011b\u017ek\u00fdmi kovy a rozpustn\u00fdmi toxiny. <\/span>[\/vc_column_text][vc_empty_space height=&#8220;70px&#8220;][\/vc_column][vc_column width=&#8220;1\/3&#8243;][vc_single_image image=&#8220;367&#8243; img_size=&#8220;400&#215;500&#8243;][\/vc_column][\/vc_row][vc_row][vc_column width=&#8220;1\/2&#8243;][vc_single_image image=&#8220;376&#8243; img_size=&#8220;600&#215;350&#8243;][vc_empty_space height=&#8220;70px&#8220;][\/vc_column][vc_column width=&#8220;1\/2&#8243;][vc_column_text]<\/p>\n<h2><span style=\"color: #728d2a;\">Proces su\u0161en\u00ed kal\u016f z olejov\u00fdch barev pomoc\u00ed michelov\u00fdch syst\u00e9m\u016f SLUDGE-DRYING-SYSTEMS<\/span><\/h2>\n<p><span style=\"font-weight: 400;\">michel SLUDGE-DRYING-SYSTEMS vyr\u00e1b\u00ed syst\u00e9my s pokro\u010dil\u00fdmi technologiemi su\u0161en\u00ed, kter\u00e9 jsou speci\u00e1ln\u011b p\u0159izp\u016fsobeny jedine\u010dn\u00fdm vlastnostem kal\u016f z olejov\u00fdch barev. Za prv\u00e9, recyklovateln\u00fd materi\u00e1l je   <\/span><b>p\u0159edupraven\u00e9<\/b><span style=\"font-weight: 400;\">k filtraci t\u011bkav\u00fdch organick\u00fdch l\u00e1tek a pevn\u00fdch l\u00e1tek. N\u00e1sledn\u011b se   <\/span><b>klimatizace<\/b><span style=\"font-weight: 400;\">chemick\u00e1 \u00faprava pro zlep\u0161en\u00ed \u00fa\u010dinnosti su\u0161en\u00ed.<\/span>[\/vc_column_text][\/vc_column][\/vc_row][vc_row][vc_column width=&#8220;1\/2&#8243;][vc_column_text]<span style=\"font-weight: 400;\">Prost\u0159ednictv\u00edm <\/span><b>kontaktn\u00ed a konvek\u010dn\u00ed su\u0161en\u00ed<\/b><span style=\"font-weight: 400;\"> se teplo aplikuje za kontrolovan\u00fdch podm\u00ednek, aby se maximalizovalo <\/span><a href=\"http:\/\/schlammtrocknung.com\/glossar\/entwaesserung\"><span style=\"font-weight: 400;\">odvodn\u011bn\u00ed<\/span><\/a><span style=\"font-weight: 400;\">  bez po\u0161kozen\u00ed recyklovateln\u00fdch sou\u010d\u00e1st\u00ed. T\u00edm se v\u00fdrazn\u011b sni\u017euje mno\u017estv\u00ed materi\u00e1lu ur\u010den\u00e9ho k likvidaci, co\u017e sni\u017euje n\u00e1klady na p\u0159epravu a likvidaci. <\/span><\/p>\n<p><span style=\"font-weight: 400;\">Po vysu\u0161en\u00ed lze kaly z olejov\u00fdch barev pou\u017e\u00edt v r\u016fzn\u00fdch form\u00e1ch:<\/span><\/p>\n<ul>\n<li style=\"font-weight: 400;\" aria-level=\"1\"><b>Zp\u011btn\u00e9 z\u00edsk\u00e1v\u00e1n\u00ed energie:<\/b><span style=\"font-weight: 400;\"> Pou\u017eit\u00ed jako sekund\u00e1rn\u00ed palivo ve vhodn\u00fdch pr\u016fmyslov\u00fdch za\u0159\u00edzen\u00edch.<\/span><\/li>\n<li style=\"font-weight: 400;\" aria-level=\"1\"><b>Materi\u00e1lov\u00e9 vyu\u017eit\u00ed:<\/b><span style=\"font-weight: 400;\"> Zp\u011btn\u00fd n\u00e1vrat kov\u016f a dal\u0161\u00edch recyklovateln\u00fdch materi\u00e1l\u016f do v\u00fdrobn\u00edho cyklu.<\/span><\/li>\n<li style=\"font-weight: 400;\" aria-level=\"1\"><b>Skl\u00e1dka:<\/b><span style=\"font-weight: 400;\"> bezpe\u010dn\u00e1 kone\u010dn\u00e1 likvidace inertn\u00edho materi\u00e1lu, pokud nejsou k dispozici jin\u00e9 mo\u017enosti recyklace.<\/span><\/li>\n<\/ul>\n<p>[\/vc_column_text][\/vc_column][vc_column width=&#8220;1\/2&#8243;][vc_single_image image=&#8220;373&#8243; img_size=&#8220;600&#215;420&#8243;][vc_empty_space height=&#8220;70px&#8220;][\/vc_column][\/vc_row][vc_row][vc_column width=&#8220;1\/2&#8243;][vc_single_image image=&#8220;371&#8243; img_size=&#8220;600&#215;500&#8243;][vc_empty_space height=&#8220;70px&#8220;][\/vc_column][vc_column width=&#8220;1\/2&#8243;][vc_column_text]<\/p>\n<h3><span style=\"color: #728d2a;\">V\u00fdhody su\u0161en\u00ed kal\u016f z olejov\u00fdch barev pomoc\u00ed michel SLUDGE-DRYING-SYSTEMS<\/span><\/h3>\n<p><span style=\"font-weight: 400;\">Prov\u00e1d\u011bn\u00ed <\/span><b>michel SLUDGE-DRYING-SYSTEMS<\/b><span style=\"font-weight: 400;\"> ve va\u0161\u00ed tov\u00e1rn\u011b p\u0159in\u00e1\u0161\u00ed \u0159adu v\u00fdhod a m\u011bn\u00ed manipulaci s <\/span><b>kaly z olejov\u00fdch barev<\/b><span style=\"font-weight: 400;\">. Za prv\u00e9,  <\/span><b>Sn\u00ed\u017een\u00ed objemu kalu<\/b><span style=\"font-weight: 400;\"> To vede k v\u00fdrazn\u00fdm \u00faspor\u00e1m n\u00e1klad\u016f na likvidaci. <\/span> <\/p>\n<p><span style=\"font-weight: 400;\">Krom\u011b toho syst\u00e9my podporuj\u00ed prost\u0159ed\u00ed <\/span><b>kontrolu zne\u010di\u0161\u0165uj\u00edc\u00edch l\u00e1tek<\/b><span style=\"font-weight: 400;\"> \u0161etrn\u011bj\u0161\u00ed v\u00fdrobu k \u017eivotn\u00edmu prost\u0159ed\u00ed t\u00edm, \u017ee sni\u017euj\u00ed emise a p\u0159isp\u00edvaj\u00ed k nim, <\/span><b>environment\u00e1ln\u00edch p\u0159edpis\u016f<\/b><span style=\"font-weight: 400;\">  l\u00e9pe dodr\u017eovat. Na\u0161e syst\u00e9my se vyzna\u010duj\u00ed vysokou m\u00edrou flexibility a lze je snadno p\u0159izp\u016fsobit r\u016fzn\u00fdm typ\u016fm a mno\u017estv\u00edm kalu. <\/span><\/p>\n<p><span style=\"font-weight: 400;\">Krom\u011b toho je pou\u017eit\u00ed <\/span><b>n\u00edzkoteplotn\u00edch syst\u00e9m\u016f su\u0161en\u00ed a rekuperace energie<\/b><span style=\"font-weight: 400;\"> v\u00fdrazn\u00fd n\u00e1r\u016fst <\/span><b>energetick\u00e9 \u00fa\u010dinnosti<\/b><span style=\"font-weight: 400;\">co\u017e minimalizuje energetick\u00e9 n\u00e1roky a d\u00e1le sni\u017euje provozn\u00ed n\u00e1klady.<\/span>[\/vc_column_text][\/vc_column][\/vc_row][vc_row][vc_column][vc_cta h2=&#8220;Za\u010dn\u011bte svou udr\u017eitelnou transformaci v ropn\u00e9m a n\u00e1t\u011brov\u00e9m pr\u016fmyslu&#8220; txt_align=&#8220;center&#8220; add_button=&#8220;bottom&#8220; btn_title=&#8220;Kontaktujte n\u00e1s!&#8220; btn_style=&#8220;gradient-custom&#8220; btn_gradient_custom_color_1=&#8220;#728d2a&#8220; btn_gradient_custom_color_2=&#8220;#728d2a&#8220; btn_align=&#8220;center&#8220; btn_link=&#8220;url:https%3A%2F%2Fschlammtrocknung.com%2Fcs%2Fkontaktujte-nas%2F|title:Kontaktujte%20n%C3%A1s|&#8220;]<\/p>\n<p style=\"text-align: center;\"><span style=\"font-weight: 400;\">S pokro\u010dil\u00fdmi \u0159e\u0161en\u00edmi pro su\u0161en\u00ed kal\u016f z olejov\u00fdch barev od <\/span><b>michel SLUDGE-DRYING-SYSTEMS<\/b><span style=\"font-weight: 400;\"> nejen\u017ee sn\u00ed\u017e\u00edte provozn\u00ed n\u00e1klady a spln\u00edte z\u00e1konn\u00e9 po\u017eadavky, ale tak\u00e9 aktivn\u011b p\u0159isp\u011bjete k tomu, abyste <\/span><b>ochran\u011b \u017eivotn\u00edho prost\u0159ed\u00ed<\/b><span style=\"font-weight: 400;\">  v. Kontaktujte n\u00e1s je\u0161t\u011b dnes a zjist\u011bte v\u00edce o na\u0161em su\u0161en\u00ed kal\u016f z olejov\u00fdch barev a o tom, jak v\u00e1m m\u016f\u017eeme pomoci dos\u00e1hnout va\u0161ich ekologick\u00fdch a ekonomick\u00fdch c\u00edl\u016f. <\/span><\/p>\n<p>[\/vc_cta][vc_empty_space height=&#8220;50px&#8220;][\/vc_column][\/vc_row][vc_row][vc_column][vc_column_text]<\/p>\n<h2 style=\"text-align: center;\"><span style=\"color: #728d2a;\">\u010casto kladen\u00e9 ot\u00e1zky &#8211; \u010casto kladen\u00e9 ot\u00e1zky o su\u0161en\u00ed kal\u016f z olejov\u00fdch barev<\/span><\/h2>\n<p>[\/vc_column_text][\/vc_column][\/vc_row][vc_row][vc_column][vc_toggle title=&#8220;Pro\u010d je d\u016fle\u017eit\u00e9 su\u0161en\u00ed kal\u016f z olejov\u00fdch barev?&#8220;]<span style=\"font-weight: 400;\">Kaly z olejov\u00fdch barev, vedlej\u0161\u00ed produkt pr\u016fmyslu barev a lak\u016f, obsahuj\u00ed zne\u010di\u0161\u0165uj\u00edc\u00ed l\u00e1tky, jako jsou t\u011b\u017ek\u00e9 kovy. Su\u0161en\u00ed kal\u016f z olejov\u00fdch barev sni\u017euje objem a nebezpe\u010d\u00ed pro \u017eivotn\u00ed prost\u0159ed\u00ed, usnad\u0148uje recyklaci slo\u017eek, jako jsou kovy, a zlep\u0161uje spalitelnost pro v\u00fdrobu energie. <\/span>[\/vc_toggle][vc_toggle title=&#8220;Jak prob\u00edh\u00e1 su\u0161en\u00ed kal\u016f z olejov\u00fdch barev?&#8220;]<span style=\"font-weight: 400;\">Kal z olejov\u00fdch barev se su\u0161\u00ed sn\u00ed\u017een\u00edm obsahu vody v kalu, \u010d\u00edm\u017e se zmen\u0161\u00ed objem a hmotnost materi\u00e1lu a sn\u00ed\u017e\u00ed se n\u00e1klady na jeho likvidaci. Tento proces vyu\u017e\u00edv\u00e1 techniky, jako je kontaktn\u00ed a konvek\u010dn\u00ed su\u0161en\u00ed, k \u00fa\u010dinn\u00e9mu odstran\u011bn\u00ed vlhkosti. <\/span>[\/vc_toggle][\/vc_column][\/vc_row]<\/p>\n<\/div>","protected":false},"excerpt":{"rendered":"<p>[vc_row content_placement=&#8220;top&#8220;][vc_column][vc_column_text] michel SLUDGE-DRYING-SYSTEMS &#8211; specializovan\u00fd partner pro su\u0161en\u00ed kal\u016f z olejov\u00fdch barev [\/vc_column_text][vc_column_text] Zvy\u0161te svou efektivitu a chra\u0148te \u017eivotn\u00ed prost\u0159ed\u00ed pomoc\u00ed pokro\u010dil\u00fdch technologi\u00ed. su\u0161en\u00ed olejov\u00fdch kal\u016f. Optimalizujte zpracov\u00e1n\u00ed kal\u016f z olejov\u00fdch barev pomoc\u00ed specializovan\u00fdch syst\u00e9m\u016f od spole\u010dnosti michel SLUDGE-DRYING-SYSTEMSkter\u00e9 jsou ekonomicky i ekologicky v\u00fdhodn\u011bj\u0161\u00ed. [\/vc_column_text][vc_empty_space height=&#8220;50px&#8220;][\/vc_column][\/vc_row][vc_row][vc_column width=&#8220;2\/3&#8243;][vc_column_text] Profesion\u00e1ln\u00ed likvidace su\u0161en\u00edm kal\u016f z olejov\u00fdch barev&hellip;<\/p>\n","protected":false},"author":1,"featured_media":0,"parent":1790,"menu_order":0,"comment_status":"closed","ping_status":"closed","template":"","meta":{"footnotes":""},"class_list":["post-2324","page","type-page","status-publish","hentry","description-off"],"yoast_head":"<!-- This site is optimized with the Yoast SEO plugin v27.3 - https:\/\/yoast.com\/product\/yoast-seo-wordpress\/ -->\n<title>Su\u0161en\u00ed olejov\u00fdch kal\u016f | Michelsk\u00e9 su\u0161en\u00ed kal\u016f<\/title>\n<meta name=\"description\" content=\"Zvy\u0161te svou efektivitu a chra\u0148te \u017eivotn\u00ed prost\u0159ed\u00ed d\u00edky pokro\u010dil\u00e9mu su\u0161en\u00ed kal\u016f z olejov\u00fdch barev.\" \/>\n<meta name=\"robots\" content=\"index, follow, max-snippet:-1, max-image-preview:large, max-video-preview:-1\" \/>\n<link rel=\"canonical\" href=\"https:\/\/schlammtrocknung.com\/cs\/sluzby\/suseni-kalu-z-olejovych-barev\/\" \/>\n<meta property=\"og:locale\" content=\"cs_CZ\" \/>\n<meta property=\"og:type\" content=\"article\" \/>\n<meta property=\"og:title\" content=\"Su\u0161en\u00ed olejov\u00fdch kal\u016f | Michelsk\u00e9 su\u0161en\u00ed kal\u016f\" \/>\n<meta property=\"og:description\" content=\"Zvy\u0161te svou efektivitu a chra\u0148te \u017eivotn\u00ed prost\u0159ed\u00ed d\u00edky pokro\u010dil\u00e9mu su\u0161en\u00ed kal\u016f z olejov\u00fdch barev.\" \/>\n<meta property=\"og:url\" content=\"https:\/\/schlammtrocknung.com\/cs\/sluzby\/suseni-kalu-z-olejovych-barev\/\" \/>\n<meta property=\"og:site_name\" content=\"Schlammtrocknung \u2013 michel SLUDGE DRYING SYSTEM\" \/>\n<meta property=\"article:modified_time\" content=\"2025-05-09T08:43:28+00:00\" \/>\n<meta name=\"twitter:card\" content=\"summary_large_image\" \/>\n<meta name=\"twitter:label1\" content=\"Odhadovan\u00e1 doba \u010dten\u00ed\" \/>\n\t<meta name=\"twitter:data1\" content=\"5 minut\" \/>\n<script type=\"application\/ld+json\" class=\"yoast-schema-graph\">{\"@context\":\"https:\\\/\\\/schema.org\",\"@graph\":[{\"@type\":\"WebPage\",\"@id\":\"https:\\\/\\\/schlammtrocknung.com\\\/cs\\\/sluzby\\\/suseni-kalu-z-olejovych-barev\\\/\",\"url\":\"https:\\\/\\\/schlammtrocknung.com\\\/cs\\\/sluzby\\\/suseni-kalu-z-olejovych-barev\\\/\",\"name\":\"Su\u0161en\u00ed olejov\u00fdch kal\u016f | Michelsk\u00e9 su\u0161en\u00ed kal\u016f\",\"isPartOf\":{\"@id\":\"https:\\\/\\\/schlammtrocknung.com\\\/#website\"},\"datePublished\":\"2024-09-04T10:39:01+00:00\",\"dateModified\":\"2025-05-09T08:43:28+00:00\",\"description\":\"Zvy\u0161te svou efektivitu a chra\u0148te \u017eivotn\u00ed prost\u0159ed\u00ed d\u00edky pokro\u010dil\u00e9mu su\u0161en\u00ed kal\u016f z olejov\u00fdch barev.\",\"breadcrumb\":{\"@id\":\"https:\\\/\\\/schlammtrocknung.com\\\/cs\\\/sluzby\\\/suseni-kalu-z-olejovych-barev\\\/#breadcrumb\"},\"inLanguage\":\"cs\",\"potentialAction\":[{\"@type\":\"ReadAction\",\"target\":[\"https:\\\/\\\/schlammtrocknung.com\\\/cs\\\/sluzby\\\/suseni-kalu-z-olejovych-barev\\\/\"]}]},{\"@type\":\"BreadcrumbList\",\"@id\":\"https:\\\/\\\/schlammtrocknung.com\\\/cs\\\/sluzby\\\/suseni-kalu-z-olejovych-barev\\\/#breadcrumb\",\"itemListElement\":[{\"@type\":\"ListItem\",\"position\":1,\"name\":\"Startseite\",\"item\":\"https:\\\/\\\/schlammtrocknung.com\\\/cs\\\/domovska-stranka-2\\\/\"},{\"@type\":\"ListItem\",\"position\":2,\"name\":\"Slu\u017eby\",\"item\":\"https:\\\/\\\/schlammtrocknung.com\\\/cs\\\/sluzby\\\/\"},{\"@type\":\"ListItem\",\"position\":3,\"name\":\"Su\u0161en\u00ed kal\u016f z olejov\u00fdch barev\"}]},{\"@type\":\"WebSite\",\"@id\":\"https:\\\/\\\/schlammtrocknung.com\\\/#website\",\"url\":\"https:\\\/\\\/schlammtrocknung.com\\\/\",\"name\":\"Schlammtrocknung | SDS - Schlammtrocknung\",\"description\":\"Schlamm- L\u00f6sungen f\u00fcr Kl\u00e4rwerke, Industrie und Umwelt\",\"publisher\":{\"@id\":\"https:\\\/\\\/schlammtrocknung.com\\\/#organization\"},\"potentialAction\":[{\"@type\":\"SearchAction\",\"target\":{\"@type\":\"EntryPoint\",\"urlTemplate\":\"https:\\\/\\\/schlammtrocknung.com\\\/?s={search_term_string}\"},\"query-input\":{\"@type\":\"PropertyValueSpecification\",\"valueRequired\":true,\"valueName\":\"search_term_string\"}}],\"inLanguage\":\"cs\"},{\"@type\":\"Organization\",\"@id\":\"https:\\\/\\\/schlammtrocknung.com\\\/#organization\",\"name\":\"Schlammtrocknung | SDS - Schlammtrocknung\",\"url\":\"https:\\\/\\\/schlammtrocknung.com\\\/\",\"logo\":{\"@type\":\"ImageObject\",\"inLanguage\":\"cs\",\"@id\":\"https:\\\/\\\/schlammtrocknung.com\\\/#\\\/schema\\\/logo\\\/image\\\/\",\"url\":\"https:\\\/\\\/schlammtrocknung.com\\\/wp-content\\\/uploads\\\/2023\\\/02\\\/logo_sds-1.png\",\"contentUrl\":\"https:\\\/\\\/schlammtrocknung.com\\\/wp-content\\\/uploads\\\/2023\\\/02\\\/logo_sds-1.png\",\"width\":697,\"height\":187,\"caption\":\"Schlammtrocknung | SDS - Schlammtrocknung\"},\"image\":{\"@id\":\"https:\\\/\\\/schlammtrocknung.com\\\/#\\\/schema\\\/logo\\\/image\\\/\"}}]}<\/script>\n<!-- \/ Yoast SEO plugin. -->","yoast_head_json":{"title":"Su\u0161en\u00ed olejov\u00fdch kal\u016f | Michelsk\u00e9 su\u0161en\u00ed kal\u016f","description":"Zvy\u0161te svou efektivitu a chra\u0148te \u017eivotn\u00ed prost\u0159ed\u00ed d\u00edky pokro\u010dil\u00e9mu su\u0161en\u00ed kal\u016f z olejov\u00fdch barev.","robots":{"index":"index","follow":"follow","max-snippet":"max-snippet:-1","max-image-preview":"max-image-preview:large","max-video-preview":"max-video-preview:-1"},"canonical":"https:\/\/schlammtrocknung.com\/cs\/sluzby\/suseni-kalu-z-olejovych-barev\/","og_locale":"cs_CZ","og_type":"article","og_title":"Su\u0161en\u00ed olejov\u00fdch kal\u016f | Michelsk\u00e9 su\u0161en\u00ed kal\u016f","og_description":"Zvy\u0161te svou efektivitu a chra\u0148te \u017eivotn\u00ed prost\u0159ed\u00ed d\u00edky pokro\u010dil\u00e9mu su\u0161en\u00ed kal\u016f z olejov\u00fdch barev.","og_url":"https:\/\/schlammtrocknung.com\/cs\/sluzby\/suseni-kalu-z-olejovych-barev\/","og_site_name":"Schlammtrocknung \u2013 michel SLUDGE DRYING SYSTEM","article_modified_time":"2025-05-09T08:43:28+00:00","twitter_card":"summary_large_image","twitter_misc":{"Odhadovan\u00e1 doba \u010dten\u00ed":"5 minut"},"schema":{"@context":"https:\/\/schema.org","@graph":[{"@type":"WebPage","@id":"https:\/\/schlammtrocknung.com\/cs\/sluzby\/suseni-kalu-z-olejovych-barev\/","url":"https:\/\/schlammtrocknung.com\/cs\/sluzby\/suseni-kalu-z-olejovych-barev\/","name":"Su\u0161en\u00ed olejov\u00fdch kal\u016f | Michelsk\u00e9 su\u0161en\u00ed kal\u016f","isPartOf":{"@id":"https:\/\/schlammtrocknung.com\/#website"},"datePublished":"2024-09-04T10:39:01+00:00","dateModified":"2025-05-09T08:43:28+00:00","description":"Zvy\u0161te svou efektivitu a chra\u0148te \u017eivotn\u00ed prost\u0159ed\u00ed d\u00edky pokro\u010dil\u00e9mu su\u0161en\u00ed kal\u016f z olejov\u00fdch barev.","breadcrumb":{"@id":"https:\/\/schlammtrocknung.com\/cs\/sluzby\/suseni-kalu-z-olejovych-barev\/#breadcrumb"},"inLanguage":"cs","potentialAction":[{"@type":"ReadAction","target":["https:\/\/schlammtrocknung.com\/cs\/sluzby\/suseni-kalu-z-olejovych-barev\/"]}]},{"@type":"BreadcrumbList","@id":"https:\/\/schlammtrocknung.com\/cs\/sluzby\/suseni-kalu-z-olejovych-barev\/#breadcrumb","itemListElement":[{"@type":"ListItem","position":1,"name":"Startseite","item":"https:\/\/schlammtrocknung.com\/cs\/domovska-stranka-2\/"},{"@type":"ListItem","position":2,"name":"Slu\u017eby","item":"https:\/\/schlammtrocknung.com\/cs\/sluzby\/"},{"@type":"ListItem","position":3,"name":"Su\u0161en\u00ed kal\u016f z olejov\u00fdch barev"}]},{"@type":"WebSite","@id":"https:\/\/schlammtrocknung.com\/#website","url":"https:\/\/schlammtrocknung.com\/","name":"Schlammtrocknung | SDS - Schlammtrocknung","description":"Schlamm- L\u00f6sungen f\u00fcr Kl\u00e4rwerke, Industrie und Umwelt","publisher":{"@id":"https:\/\/schlammtrocknung.com\/#organization"},"potentialAction":[{"@type":"SearchAction","target":{"@type":"EntryPoint","urlTemplate":"https:\/\/schlammtrocknung.com\/?s={search_term_string}"},"query-input":{"@type":"PropertyValueSpecification","valueRequired":true,"valueName":"search_term_string"}}],"inLanguage":"cs"},{"@type":"Organization","@id":"https:\/\/schlammtrocknung.com\/#organization","name":"Schlammtrocknung | SDS - Schlammtrocknung","url":"https:\/\/schlammtrocknung.com\/","logo":{"@type":"ImageObject","inLanguage":"cs","@id":"https:\/\/schlammtrocknung.com\/#\/schema\/logo\/image\/","url":"https:\/\/schlammtrocknung.com\/wp-content\/uploads\/2023\/02\/logo_sds-1.png","contentUrl":"https:\/\/schlammtrocknung.com\/wp-content\/uploads\/2023\/02\/logo_sds-1.png","width":697,"height":187,"caption":"Schlammtrocknung | SDS - Schlammtrocknung"},"image":{"@id":"https:\/\/schlammtrocknung.com\/#\/schema\/logo\/image\/"}}]}},"_links":{"self":[{"href":"https:\/\/schlammtrocknung.com\/cs\/wp-json\/wp\/v2\/pages\/2324","targetHints":{"allow":["GET"]}}],"collection":[{"href":"https:\/\/schlammtrocknung.com\/cs\/wp-json\/wp\/v2\/pages"}],"about":[{"href":"https:\/\/schlammtrocknung.com\/cs\/wp-json\/wp\/v2\/types\/page"}],"author":[{"embeddable":true,"href":"https:\/\/schlammtrocknung.com\/cs\/wp-json\/wp\/v2\/users\/1"}],"replies":[{"embeddable":true,"href":"https:\/\/schlammtrocknung.com\/cs\/wp-json\/wp\/v2\/comments?post=2324"}],"version-history":[{"count":2,"href":"https:\/\/schlammtrocknung.com\/cs\/wp-json\/wp\/v2\/pages\/2324\/revisions"}],"predecessor-version":[{"id":2329,"href":"https:\/\/schlammtrocknung.com\/cs\/wp-json\/wp\/v2\/pages\/2324\/revisions\/2329"}],"up":[{"embeddable":true,"href":"https:\/\/schlammtrocknung.com\/cs\/wp-json\/wp\/v2\/pages\/1790"}],"wp:attachment":[{"href":"https:\/\/schlammtrocknung.com\/cs\/wp-json\/wp\/v2\/media?parent=2324"}],"curies":[{"name":"wp","href":"https:\/\/api.w.org\/{rel}","templated":true}]}}