{"id":2343,"date":"2024-09-04T12:24:34","date_gmt":"2024-09-04T10:24:34","guid":{"rendered":"https:\/\/schlammtrocknung.com\/sluzby\/suseni-kovovych-kalu\/"},"modified":"2025-05-09T10:43:35","modified_gmt":"2025-05-09T08:43:35","slug":"suseni-kovovych-kalu","status":"publish","type":"page","link":"https:\/\/schlammtrocknung.com\/cs\/sluzby\/suseni-kovovych-kalu\/","title":{"rendered":"Su\u0161en\u00ed kovov\u00fdch kal\u016f"},"content":{"rendered":"<div class=\"wpb-content-wrapper\"><p>[vc_row content_placement=&#8220;top&#8220;][vc_column][vc_column_text]<\/p>\n<h1 style=\"text-align: center;\"><span style=\"color: #728d2a;\">Efektivn\u00ed zpracov\u00e1n\u00ed odpadu: su\u0161en\u00ed kovov\u00fdch kal\u016f p\u0159\u00edmo na m\u00edst\u011b<br \/>\n<\/span><\/h1>\n<p>[\/vc_column_text][vc_column_text]<\/p>\n<p style=\"text-align: center;\"><span style=\"font-weight: 400;\">Spol\u00e9hejte se na pokro\u010dil\u00e9 <\/span><b>su\u0161en\u00ed kovov\u00fdch kal\u016f<\/b><span style=\"font-weight: 400;\"> z <\/span><b>michel SLUDGE-DRYING-SYSTEMS<\/b><span style=\"font-weight: 400;\"> pro ekologicky \u0161etrn\u00e9 a efektivn\u00ed<\/span><b> zpracov\u00e1n\u00ed odpadu a vyu\u017eit\u00ed kov\u016f p\u0159\u00edmo na m\u00edst\u011b<\/b><span style=\"font-weight: 400;\">.<\/span><\/p>\n<p>[\/vc_column_text][vc_empty_space height=&#8220;50px&#8220;][\/vc_column][\/vc_row][vc_row][vc_column width=&#8220;2\/3&#8243;][vc_column_text]<\/p>\n<h2><span style=\"color: #728d2a;\">Kovov\u00e9 kaly &#8211; v\u00fdzvy a p\u0159\u00edle\u017eitosti<\/span><\/h2>\n<p><b>Kovov\u00fd kal<\/b><span style=\"font-weight: 400;\">  vznik\u00e1 p\u0159edev\u0161\u00edm v pr\u016fmyslov\u00fdch procesech, jako je zpracov\u00e1n\u00ed kov\u016f nebo \u00faprava vody, kde se z kapalin filtruj\u00ed kovy. Skl\u00e1d\u00e1 se z koncentrace   <\/span><b>kovov\u00e9 \u010d\u00e1stice<\/b><span style=\"font-weight: 400;\">kter\u00e9 mohou \u010dasto obsahovat cenn\u00e9 kovy, jako je zlato, st\u0159\u00edbro, m\u011b\u010f a nikl. <\/span> <\/p>\n<p><span style=\"font-weight: 400;\">Krom\u011b t\u011bchto cenn\u00fdch slo\u017eek obsahuj\u00ed kovov\u00e9 kaly tak\u00e9 <\/span><b>ne\u010distoty<\/b><span style=\"font-weight: 400;\">kter\u00e9 vy\u017eaduj\u00ed ekologick\u00e9 zpracov\u00e1n\u00ed a likvidaci nebo recyklaci. \u00da\u010dinn\u00e9 zpracov\u00e1n\u00ed kovov\u00fdch kal\u016f je z\u00e1sadn\u00ed pro z\u00edsk\u00e1n\u00ed cenn\u00fdch kov\u016f, kter\u00e9 obsahuj\u00ed, a minimalizaci zne\u010di\u0161t\u011bn\u00ed \u017eivotn\u00edho prost\u0159ed\u00ed. <\/span><\/p>\n<h3><\/h3>\n<h3><span style=\"color: #728d2a;\">Od t\u011b\u017eby po galvanizaci &#8211; kde vznikaj\u00ed kovov\u00e9 kaly  <\/span><\/h3>\n<p><span style=\"font-weight: 400;\">Kovov\u00e9 kaly vznikaj\u00ed v mnoha pr\u016fmyslov\u00fdch procesech, v nich\u017e se pou\u017e\u00edvaj\u00ed kovy:<\/span>[\/vc_column_text][vc_empty_space height=&#8220;70px&#8220;][\/vc_column][vc_column width=&#8220;1\/3&#8243;][vc_single_image image=&#8220;1169&#8243; img_size=&#8220;400&#215;500&#8243;][\/vc_column][\/vc_row][vc_row][vc_column width=&#8220;1\/2&#8243;][vc_single_image image=&#8220;1170&#8243; img_size=&#8220;600&#215;500&#8243;][vc_empty_space height=&#8220;70px&#8220;][\/vc_column][vc_column width=&#8220;1\/2&#8243;][vc_column_text]<\/p>\n<ul>\n<li style=\"font-weight: 400;\" aria-level=\"1\"><b>Zpracov\u00e1n\u00ed a rafinace kov\u016f:<\/b><span style=\"font-weight: 400;\"> P\u0159i procesech, jako je brou\u0161en\u00ed, le\u0161t\u011bn\u00ed, lept\u00e1n\u00ed a \u010di\u0161t\u011bn\u00ed kov\u016f.<\/span><span style=\"font-weight: 400;\"> vznikaj\u00ed jemn\u00e9 \u010d\u00e1stice a zbytky<\/span><span style=\"font-weight: 400;\">shroma\u017e\u010fovan\u00e9 jako kovov\u00fd kal.<\/span><\/li>\n<li style=\"font-weight: 400;\" aria-level=\"1\"><b>Galvanick\u00e9 pokovov\u00e1n\u00ed:<\/b> <span style=\"font-weight: 400;\">P\u0159i galvanick\u00e9m pokovov\u00e1n\u00ed \u010dasto vznikaj\u00ed kaly, kter\u00e9 obsahuj\u00ed t\u011b\u017ek\u00e9 kovy, jako je chrom, zinek, m\u011b\u010f, nikl a kadmium.<\/span><\/li>\n<li style=\"font-weight: 400;\" aria-level=\"1\"><b>\u010ci\u0161t\u011bn\u00ed odpadn\u00edch vod v pr\u016fmyslu:<\/b> <span style=\"font-weight: 400;\">P\u0159i \u010di\u0161t\u011bn\u00ed pr\u016fmyslov\u00fdch odpadn\u00edch vod obsahuj\u00edc\u00edch kovy se tyto \u010dasto odd\u011bluj\u00ed jako kal.<\/span><\/li>\n<li style=\"font-weight: 400;\" aria-level=\"1\"><b>T\u011b\u017eba a zpracov\u00e1n\u00ed rud:<\/b> <span style=\"font-weight: 400;\">P\u0159i t\u011b\u017eb\u011b a zpracov\u00e1n\u00ed rud vznikaj\u00ed kaly obsahuj\u00edc\u00ed kovy a dal\u0161\u00ed miner\u00e1ly.<\/span><\/li>\n<li style=\"font-weight: 400;\" aria-level=\"1\"><b>Chemick\u00e1 v\u00fdroba:<\/b><span style=\"font-weight: 400;\"> V chemick\u00e9m pr\u016fmyslu, zejm\u00e9na v procesech vyu\u017e\u00edvaj\u00edc\u00edch katalyz\u00e1tory na b\u00e1zi kov\u016f, vznikaj\u00ed kovov\u00e9 kaly jako vedlej\u0161\u00ed produkt.<\/span><\/li>\n<\/ul>\n<p>[\/vc_column_text][\/vc_column][\/vc_row][vc_row][vc_column width=&#8220;1\/2&#8243;][vc_column_text]<\/p>\n<h2><span style=\"color: #728d2a;\">Su\u0161en\u00ed kovov\u00fdch kal\u016f jako nepostradateln\u00fd proces pro r\u016fzn\u00e1 pr\u016fmyslov\u00e1 odv\u011btv\u00ed<\/span><\/h2>\n<p><span style=\"font-weight: 400;\">Ve v\u0161ech t\u011bchto procesech je nakl\u00e1d\u00e1n\u00ed s kovov\u00fdmi kaly rozhoduj\u00edc\u00ed pro zabr\u00e1n\u011bn\u00ed zne\u010di\u0161t\u011bn\u00ed \u017eivotn\u00edho prost\u0159ed\u00ed a z\u00edsk\u00e1n\u00ed cenn\u00fdch kov\u016f. Na str\u00e1nk\u00e1ch   <\/span><b>Su\u0161en\u00ed kovov\u00fdch kal\u016f<\/b><span style=\"font-weight: 400;\"> je kritick\u00fdm krokem v \u0159et\u011bzci proces\u016f zpracov\u00e1n\u00ed kov\u016f. <\/span><b>z\u00edsk\u00e1v\u00e1n\u00ed kov\u016f<\/b><span style=\"font-weight: 400;\">. Sn\u00ed\u017een\u00edm  <\/span><a href=\"http:\/\/schlammtrocknung.com\/glossar\/wassergehalt\"><span style=\"font-weight: 400;\">obsah vody<\/span><\/a><span style=\"font-weight: 400;\"> Hmotnost a objem kalu se v\u00fdrazn\u011b sni\u017euj\u00ed, co\u017e zvy\u0161uje efektivitu p\u0159epravy a dal\u0161\u00edho zpracov\u00e1n\u00ed. <\/span> <\/p>\n<p><span style=\"font-weight: 400;\">Se such\u00fdm kovov\u00fdm kalem se l\u00e9pe manipuluje, skladuje a p\u0159epravuje. Krom\u011b toho su\u0161en\u00ed usnad\u0148uje separaci kov\u016f od ostatn\u00edch nekovov\u00fdch kontaminant\u016f, zvy\u0161uje kvalitu a \u00fa\u010dinnost su\u0161en\u00ed.   <\/span><b>\u010distota<\/b><span style=\"font-weight: 400;\"> kone\u010dn\u00e9ho produktu a sni\u017euje n\u00e1klady na tepeln\u00e9 zpracov\u00e1n\u00ed v dal\u0161\u00edch kroc\u00edch procesu. <\/span>[\/vc_column_text][vc_message]<i><span style=\"font-weight: 400;\">Nezapome\u0148te:<\/span><\/i><\/p>\n<p><i><span style=\"font-weight: 400;\">Su\u0161en\u00ed kovov\u00fdch kal\u016f je z\u00e1sadn\u00ed proces pro zv\u00fd\u0161en\u00ed hodnoty a sn\u00ed\u017een\u00ed dopadu na \u017eivotn\u00ed prost\u0159ed\u00ed.<\/span><\/i>[\/vc_message][\/vc_column][vc_column width=&#8220;1\/2&#8243;][vc_single_image image=&#8220;373&#8243; img_size=&#8220;600&#215;580&#8243;][vc_empty_space height=&#8220;70px&#8220;][\/vc_column][\/vc_row][vc_row][vc_column width=&#8220;1\/2&#8243;][vc_single_image image=&#8220;371&#8243; img_size=&#8220;600&#215;560&#8243;][vc_empty_space height=&#8220;70px&#8220;][\/vc_column][vc_column width=&#8220;1\/2&#8243;][vc_column_text]<\/p>\n<h2><span style=\"color: #728d2a;\">Jak v\u00e1m michel SLUDGE-DRYING-SYSTEMS umo\u017e\u0148uje obnovu kov\u016f  <\/span><\/h2>\n<p><span style=\"font-weight: 400;\">michel SLUDGE-DRYING-SYSTEMS vyu\u017e\u00edv\u00e1 nejmodern\u011bj\u0161\u00ed technologie pro su\u0161en\u00ed kovov\u00fdch kal\u016f. Na\u0161e <\/span> <b> modul\u00e1rn\u00ed syst\u00e9my<\/b><span style=\"font-weight: 400;\"> vyu\u017e\u00edvaj\u00ed pokro\u010dilou kombinaci <\/span><b>kontaktn\u00edho a konvek\u010dn\u00edho su\u0161en\u00ed<\/b><span style=\"font-weight: 400;\">kter\u00e1 umo\u017e\u0148uje rovnom\u011brn\u00e9 a \u00fa\u010dinn\u00e9 su\u0161en\u00ed i p\u0159i n\u00edzk\u00fdch teplot\u00e1ch. <\/span> <\/p>\n<p><span style=\"font-weight: 400;\">T\u00edm se chr\u00e1n\u00ed nejen \u017eivotn\u00ed prost\u0159ed\u00ed, ale tak\u00e9 materi\u00e1lov\u00e1 struktura kalu. Na\u0161e syst\u00e9my jsou flexibiln\u011b navr\u017eeny tak, aby je bylo mo\u017en\u00e9 p\u0159izp\u016fsobit r\u016fzn\u00fdm velikostem a podm\u00ednk\u00e1m a aby je bylo mo\u017en\u00e9   <\/span><b>p\u0159\u00edmo v m\u00edst\u011b vzniku kalu. <\/b><span style=\"font-weight: 400;\">aby se minimalizovaly n\u00e1klady na dopravu a logistiku.<\/span><\/p>\n<p><span style=\"font-weight: 400;\">Dal\u0161\u00edm zpracov\u00e1n\u00edm, nap\u0159. <\/span><b>taven\u00ed<\/b><span style=\"font-weight: 400;\"> nebo <\/span><b>chemickou extrakc\u00ed<\/b><span style=\"font-weight: 400;\"> po procesu su\u0161en\u00ed kovov\u00fdch kal\u016f m\u016f\u017ee n\u00e1sledovat <\/span><b>zp\u011btn\u00e9 z\u00edsk\u00e1v\u00e1n\u00ed surovin<\/b><span style=\"font-weight: 400;\"> m\u016f\u017ee za\u010d\u00edt. <\/span>[\/vc_column_text][\/vc_column][\/vc_row][vc_row][vc_column width=&#8220;1\/2&#8243;][vc_column_text]<\/p>\n<h3><span style=\"color: #728d2a;\">V\u00fdhody su\u0161en\u00ed kovov\u00fdch kal\u016f pomoc\u00ed michel SLUDGE-DRYING-SYSTEMS<\/span><\/h3>\n<p><span style=\"font-weight: 400;\">Syst\u00e9my pro <\/span><b>su\u0161en\u00ed kovov\u00fdch kal\u016f<\/b><span style=\"font-weight: 400;\">  od spole\u010dnosti michel SLUDGE-DRYING-SYSTEMS nab\u00edzej\u00ed v\u00fdznamn\u00e9 v\u00fdhody, kter\u00e9 z nich \u010din\u00ed udr\u017eiteln\u00e9 a efektivn\u00ed \u0159e\u0161en\u00ed. D\u00edky n\u00edzkoteplotn\u00edmu procesu su\u0161en\u00ed se   <\/span><b>V\u00fdrazn\u00e9 sn\u00ed\u017een\u00ed spot\u0159eby energie<\/b><span style=\"font-weight: 400;\">co\u017e nejen zvy\u0161uje \u00fa\u010dinnost, ale tak\u00e9 minimalizuje zne\u010di\u0161t\u011bn\u00ed CO\u2082 a dal\u0161\u00ed emise. <\/span> <\/p>\n<p><span style=\"font-weight: 400;\">Na\u0161e syst\u00e9my tak\u00e9 sni\u017euj\u00ed va\u0161e provozn\u00ed n\u00e1klady a n\u00e1klady na \u00fadr\u017ebu, stejn\u011b jako n\u00e1klady na p\u0159epravu a skladov\u00e1n\u00ed kovov\u00fdch kal\u016f. Jejich flexibilita umo\u017e\u0148uje zpracov\u00e1vat r\u016fzn\u00e1 mno\u017estv\u00ed a typy kovov\u00fdch kal\u016f.   <\/span><b>p\u0159\u00edmo na m\u00edst\u011b a bez zast\u0159e\u0161en\u00ed<\/b><span style=\"font-weight: 400;\"> ke zpracov\u00e1n\u00ed. <\/span>[\/vc_column_text][vc_empty_space height=&#8220;70px&#8220;][\/vc_column][vc_column width=&#8220;1\/2&#8243;][vc_single_image image=&#8220;372&#8243; img_size=&#8220;600&#215;500&#8243;][\/vc_column][\/vc_row][vc_row][vc_column][vc_cta h2=&#8220;Za\u010dn\u011bte s udr\u017eiteln\u00fdm vyu\u017e\u00edv\u00e1n\u00edm kovov\u00fdch kal\u016f ji\u017e nyn\u00ed&#8220; txt_align=&#8220;center&#8220; add_button=&#8220;bottom&#8220; btn_title=&#8220;Kontaktujte n\u00e1s!&#8220; btn_style=&#8220;gradient-custom&#8220; btn_gradient_custom_color_1=&#8220;#728d2a&#8220; btn_gradient_custom_color_2=&#8220;#728d2a&#8220; btn_align=&#8220;center&#8220; btn_link=&#8220;url:https%3A%2F%2Fschlammtrocknung.com%2Fcs%2Fkontaktujte-nas%2F|title:Kontaktujte%20n%C3%A1s|&#8220;]<\/p>\n<p style=\"text-align: center;\"><span style=\"font-weight: 400;\">Spol\u00e9hejte se na <\/span><b>michel SLUDGE-DRYING-SYSTEMS<\/b><span style=\"font-weight: 400;\">pro va\u0161e <\/span><b>su\u0161en\u00ed kovov\u00fdch kal\u016f<\/b><span style=\"font-weight: 400;\">  revoluci ve va\u0161em podnik\u00e1n\u00ed. Kontaktujte n\u00e1s je\u0161t\u011b dnes a zjist\u011bte v\u00edce o na\u0161ich inovativn\u00edch \u0159e\u0161en\u00edch a o tom, jak v\u00e1m m\u016f\u017eeme pomoci dos\u00e1hnout va\u0161ich ekologick\u00fdch a ekonomick\u00fdch c\u00edl\u016f. <\/span><\/p>\n<p>[\/vc_cta][vc_empty_space height=&#8220;50px&#8220;][\/vc_column][\/vc_row][vc_row][vc_column][vc_column_text]<\/p>\n<h2 style=\"text-align: center;\"><span style=\"color: #728d2a;\">FAQ &#8211; \u010casto kladen\u00e9 ot\u00e1zky o su\u0161en\u00ed kovov\u00fdch kal\u016f<\/span><\/h2>\n<p>[\/vc_column_text][\/vc_column][\/vc_row][vc_row][vc_column][vc_toggle title=&#8220;Co je to kovov\u00fd kal?&#8220;]<span style=\"font-weight: 400;\">Kovov\u00fd kal je vedlej\u0161\u00ed produkt pr\u016fmyslov\u00fdch proces\u016f, jako je zpracov\u00e1n\u00ed kov\u016f a \u00faprava vody, kter\u00fd obsahuje kovov\u00e9 \u010d\u00e1stice a ne\u010distoty. Vznik\u00e1 filtrac\u00ed kov\u016f z kapalin a vy\u017eaduje pe\u010dliv\u00e9 zpracov\u00e1n\u00ed pro recyklaci nebo likvidaci. <\/span>[\/vc_toggle][vc_toggle title=&#8220;Jak\u00e9 jsou v\u00fdhody su\u0161en\u00ed kovov\u00fdch kal\u016f?&#8220;]<span style=\"font-weight: 400;\">Su\u0161en\u00ed kovov\u00fdch kal\u016f minimalizuje jejich objem a hmotnost, zlep\u0161uje manipulaci a sni\u017euje n\u00e1klady na p\u0159epravu. Usnad\u0148uje tak\u00e9 separaci kov\u016f a nekovov\u00fdch ne\u010distot, zvy\u0161uje \u010distotu kone\u010dn\u00e9ho produktu a sni\u017euje dopad na \u017eivotn\u00ed prost\u0159ed\u00ed. Pr\u00e1v\u011b to umo\u017e\u0148uje \u00fa\u010dinn\u00e9 z\u00edsk\u00e1v\u00e1n\u00ed kov\u016f z kovov\u00fdch kal\u016f.  <\/span>[\/vc_toggle][\/vc_column][\/vc_row]<\/p>\n<\/div>","protected":false},"excerpt":{"rendered":"<p>[vc_row content_placement=&#8220;top&#8220;][vc_column][vc_column_text] Efektivn\u00ed zpracov\u00e1n\u00ed odpadu: su\u0161en\u00ed kovov\u00fdch kal\u016f p\u0159\u00edmo na m\u00edst\u011b [\/vc_column_text][vc_column_text] Spol\u00e9hejte se na pokro\u010dil\u00e9 su\u0161en\u00ed kovov\u00fdch kal\u016f z michel SLUDGE-DRYING-SYSTEMS pro ekologicky \u0161etrn\u00e9 a efektivn\u00ed zpracov\u00e1n\u00ed odpadu a vyu\u017eit\u00ed kov\u016f p\u0159\u00edmo na m\u00edst\u011b. [\/vc_column_text][vc_empty_space height=&#8220;50px&#8220;][\/vc_column][\/vc_row][vc_row][vc_column width=&#8220;2\/3&#8243;][vc_column_text] Kovov\u00e9 kaly &#8211; v\u00fdzvy a p\u0159\u00edle\u017eitosti Kovov\u00fd kal vznik\u00e1 p\u0159edev\u0161\u00edm v pr\u016fmyslov\u00fdch procesech, jako je zpracov\u00e1n\u00ed kov\u016f&hellip;<\/p>\n","protected":false},"author":1,"featured_media":0,"parent":1790,"menu_order":0,"comment_status":"closed","ping_status":"closed","template":"","meta":{"footnotes":""},"class_list":["post-2343","page","type-page","status-publish","hentry","description-off"],"yoast_head":"<!-- This site is optimized with the Yoast SEO plugin v27.3 - https:\/\/yoast.com\/product\/yoast-seo-wordpress\/ -->\n<title>Su\u0161en\u00ed kovov\u00fdch kal\u016f | Su\u0161en\u00ed michelsk\u00fdch kal\u016f<\/title>\n<meta name=\"description\" content=\"Spolehn\u011bte se na \u00fa\u010dinn\u00e9 zpracov\u00e1n\u00ed odpadu a vyu\u017eit\u00ed kov\u016f pomoc\u00ed syst\u00e9m\u016f su\u0161en\u00ed kovov\u00fdch kal\u016f.\" \/>\n<meta name=\"robots\" content=\"index, follow, max-snippet:-1, max-image-preview:large, max-video-preview:-1\" \/>\n<link rel=\"canonical\" href=\"https:\/\/schlammtrocknung.com\/cs\/sluzby\/suseni-kovovych-kalu\/\" \/>\n<meta property=\"og:locale\" content=\"cs_CZ\" \/>\n<meta property=\"og:type\" content=\"article\" \/>\n<meta property=\"og:title\" content=\"Su\u0161en\u00ed kovov\u00fdch kal\u016f | Su\u0161en\u00ed michelsk\u00fdch kal\u016f\" \/>\n<meta property=\"og:description\" content=\"Spolehn\u011bte se na \u00fa\u010dinn\u00e9 zpracov\u00e1n\u00ed odpadu a vyu\u017eit\u00ed kov\u016f pomoc\u00ed syst\u00e9m\u016f su\u0161en\u00ed kovov\u00fdch kal\u016f.\" \/>\n<meta property=\"og:url\" content=\"https:\/\/schlammtrocknung.com\/cs\/sluzby\/suseni-kovovych-kalu\/\" \/>\n<meta property=\"og:site_name\" content=\"Schlammtrocknung \u2013 michel SLUDGE DRYING SYSTEM\" \/>\n<meta property=\"article:modified_time\" content=\"2025-05-09T08:43:35+00:00\" \/>\n<meta name=\"twitter:card\" content=\"summary_large_image\" \/>\n<meta name=\"twitter:label1\" content=\"Odhadovan\u00e1 doba \u010dten\u00ed\" \/>\n\t<meta name=\"twitter:data1\" content=\"6 minut\" \/>\n<script type=\"application\/ld+json\" class=\"yoast-schema-graph\">{\"@context\":\"https:\\\/\\\/schema.org\",\"@graph\":[{\"@type\":\"WebPage\",\"@id\":\"https:\\\/\\\/schlammtrocknung.com\\\/cs\\\/sluzby\\\/suseni-kovovych-kalu\\\/\",\"url\":\"https:\\\/\\\/schlammtrocknung.com\\\/cs\\\/sluzby\\\/suseni-kovovych-kalu\\\/\",\"name\":\"Su\u0161en\u00ed kovov\u00fdch kal\u016f | Su\u0161en\u00ed michelsk\u00fdch kal\u016f\",\"isPartOf\":{\"@id\":\"https:\\\/\\\/schlammtrocknung.com\\\/#website\"},\"datePublished\":\"2024-09-04T10:24:34+00:00\",\"dateModified\":\"2025-05-09T08:43:35+00:00\",\"description\":\"Spolehn\u011bte se na \u00fa\u010dinn\u00e9 zpracov\u00e1n\u00ed odpadu a vyu\u017eit\u00ed kov\u016f pomoc\u00ed syst\u00e9m\u016f su\u0161en\u00ed kovov\u00fdch kal\u016f.\",\"breadcrumb\":{\"@id\":\"https:\\\/\\\/schlammtrocknung.com\\\/cs\\\/sluzby\\\/suseni-kovovych-kalu\\\/#breadcrumb\"},\"inLanguage\":\"cs\",\"potentialAction\":[{\"@type\":\"ReadAction\",\"target\":[\"https:\\\/\\\/schlammtrocknung.com\\\/cs\\\/sluzby\\\/suseni-kovovych-kalu\\\/\"]}]},{\"@type\":\"BreadcrumbList\",\"@id\":\"https:\\\/\\\/schlammtrocknung.com\\\/cs\\\/sluzby\\\/suseni-kovovych-kalu\\\/#breadcrumb\",\"itemListElement\":[{\"@type\":\"ListItem\",\"position\":1,\"name\":\"Startseite\",\"item\":\"https:\\\/\\\/schlammtrocknung.com\\\/cs\\\/domovska-stranka-2\\\/\"},{\"@type\":\"ListItem\",\"position\":2,\"name\":\"Slu\u017eby\",\"item\":\"https:\\\/\\\/schlammtrocknung.com\\\/cs\\\/sluzby\\\/\"},{\"@type\":\"ListItem\",\"position\":3,\"name\":\"Su\u0161en\u00ed kovov\u00fdch kal\u016f\"}]},{\"@type\":\"WebSite\",\"@id\":\"https:\\\/\\\/schlammtrocknung.com\\\/#website\",\"url\":\"https:\\\/\\\/schlammtrocknung.com\\\/\",\"name\":\"Schlammtrocknung | SDS - Schlammtrocknung\",\"description\":\"Schlamm- L\u00f6sungen f\u00fcr Kl\u00e4rwerke, Industrie und Umwelt\",\"publisher\":{\"@id\":\"https:\\\/\\\/schlammtrocknung.com\\\/#organization\"},\"potentialAction\":[{\"@type\":\"SearchAction\",\"target\":{\"@type\":\"EntryPoint\",\"urlTemplate\":\"https:\\\/\\\/schlammtrocknung.com\\\/?s={search_term_string}\"},\"query-input\":{\"@type\":\"PropertyValueSpecification\",\"valueRequired\":true,\"valueName\":\"search_term_string\"}}],\"inLanguage\":\"cs\"},{\"@type\":\"Organization\",\"@id\":\"https:\\\/\\\/schlammtrocknung.com\\\/#organization\",\"name\":\"Schlammtrocknung | SDS - Schlammtrocknung\",\"url\":\"https:\\\/\\\/schlammtrocknung.com\\\/\",\"logo\":{\"@type\":\"ImageObject\",\"inLanguage\":\"cs\",\"@id\":\"https:\\\/\\\/schlammtrocknung.com\\\/#\\\/schema\\\/logo\\\/image\\\/\",\"url\":\"https:\\\/\\\/schlammtrocknung.com\\\/wp-content\\\/uploads\\\/2023\\\/02\\\/logo_sds-1.png\",\"contentUrl\":\"https:\\\/\\\/schlammtrocknung.com\\\/wp-content\\\/uploads\\\/2023\\\/02\\\/logo_sds-1.png\",\"width\":697,\"height\":187,\"caption\":\"Schlammtrocknung | SDS - Schlammtrocknung\"},\"image\":{\"@id\":\"https:\\\/\\\/schlammtrocknung.com\\\/#\\\/schema\\\/logo\\\/image\\\/\"}}]}<\/script>\n<!-- \/ Yoast SEO plugin. -->","yoast_head_json":{"title":"Su\u0161en\u00ed kovov\u00fdch kal\u016f | Su\u0161en\u00ed michelsk\u00fdch kal\u016f","description":"Spolehn\u011bte se na \u00fa\u010dinn\u00e9 zpracov\u00e1n\u00ed odpadu a vyu\u017eit\u00ed kov\u016f pomoc\u00ed syst\u00e9m\u016f su\u0161en\u00ed kovov\u00fdch kal\u016f.","robots":{"index":"index","follow":"follow","max-snippet":"max-snippet:-1","max-image-preview":"max-image-preview:large","max-video-preview":"max-video-preview:-1"},"canonical":"https:\/\/schlammtrocknung.com\/cs\/sluzby\/suseni-kovovych-kalu\/","og_locale":"cs_CZ","og_type":"article","og_title":"Su\u0161en\u00ed kovov\u00fdch kal\u016f | Su\u0161en\u00ed michelsk\u00fdch kal\u016f","og_description":"Spolehn\u011bte se na \u00fa\u010dinn\u00e9 zpracov\u00e1n\u00ed odpadu a vyu\u017eit\u00ed kov\u016f pomoc\u00ed syst\u00e9m\u016f su\u0161en\u00ed kovov\u00fdch kal\u016f.","og_url":"https:\/\/schlammtrocknung.com\/cs\/sluzby\/suseni-kovovych-kalu\/","og_site_name":"Schlammtrocknung \u2013 michel SLUDGE DRYING SYSTEM","article_modified_time":"2025-05-09T08:43:35+00:00","twitter_card":"summary_large_image","twitter_misc":{"Odhadovan\u00e1 doba \u010dten\u00ed":"6 minut"},"schema":{"@context":"https:\/\/schema.org","@graph":[{"@type":"WebPage","@id":"https:\/\/schlammtrocknung.com\/cs\/sluzby\/suseni-kovovych-kalu\/","url":"https:\/\/schlammtrocknung.com\/cs\/sluzby\/suseni-kovovych-kalu\/","name":"Su\u0161en\u00ed kovov\u00fdch kal\u016f | Su\u0161en\u00ed michelsk\u00fdch kal\u016f","isPartOf":{"@id":"https:\/\/schlammtrocknung.com\/#website"},"datePublished":"2024-09-04T10:24:34+00:00","dateModified":"2025-05-09T08:43:35+00:00","description":"Spolehn\u011bte se na \u00fa\u010dinn\u00e9 zpracov\u00e1n\u00ed odpadu a vyu\u017eit\u00ed kov\u016f pomoc\u00ed syst\u00e9m\u016f su\u0161en\u00ed kovov\u00fdch kal\u016f.","breadcrumb":{"@id":"https:\/\/schlammtrocknung.com\/cs\/sluzby\/suseni-kovovych-kalu\/#breadcrumb"},"inLanguage":"cs","potentialAction":[{"@type":"ReadAction","target":["https:\/\/schlammtrocknung.com\/cs\/sluzby\/suseni-kovovych-kalu\/"]}]},{"@type":"BreadcrumbList","@id":"https:\/\/schlammtrocknung.com\/cs\/sluzby\/suseni-kovovych-kalu\/#breadcrumb","itemListElement":[{"@type":"ListItem","position":1,"name":"Startseite","item":"https:\/\/schlammtrocknung.com\/cs\/domovska-stranka-2\/"},{"@type":"ListItem","position":2,"name":"Slu\u017eby","item":"https:\/\/schlammtrocknung.com\/cs\/sluzby\/"},{"@type":"ListItem","position":3,"name":"Su\u0161en\u00ed kovov\u00fdch kal\u016f"}]},{"@type":"WebSite","@id":"https:\/\/schlammtrocknung.com\/#website","url":"https:\/\/schlammtrocknung.com\/","name":"Schlammtrocknung | SDS - Schlammtrocknung","description":"Schlamm- L\u00f6sungen f\u00fcr Kl\u00e4rwerke, Industrie und Umwelt","publisher":{"@id":"https:\/\/schlammtrocknung.com\/#organization"},"potentialAction":[{"@type":"SearchAction","target":{"@type":"EntryPoint","urlTemplate":"https:\/\/schlammtrocknung.com\/?s={search_term_string}"},"query-input":{"@type":"PropertyValueSpecification","valueRequired":true,"valueName":"search_term_string"}}],"inLanguage":"cs"},{"@type":"Organization","@id":"https:\/\/schlammtrocknung.com\/#organization","name":"Schlammtrocknung | SDS - Schlammtrocknung","url":"https:\/\/schlammtrocknung.com\/","logo":{"@type":"ImageObject","inLanguage":"cs","@id":"https:\/\/schlammtrocknung.com\/#\/schema\/logo\/image\/","url":"https:\/\/schlammtrocknung.com\/wp-content\/uploads\/2023\/02\/logo_sds-1.png","contentUrl":"https:\/\/schlammtrocknung.com\/wp-content\/uploads\/2023\/02\/logo_sds-1.png","width":697,"height":187,"caption":"Schlammtrocknung | SDS - Schlammtrocknung"},"image":{"@id":"https:\/\/schlammtrocknung.com\/#\/schema\/logo\/image\/"}}]}},"_links":{"self":[{"href":"https:\/\/schlammtrocknung.com\/cs\/wp-json\/wp\/v2\/pages\/2343","targetHints":{"allow":["GET"]}}],"collection":[{"href":"https:\/\/schlammtrocknung.com\/cs\/wp-json\/wp\/v2\/pages"}],"about":[{"href":"https:\/\/schlammtrocknung.com\/cs\/wp-json\/wp\/v2\/types\/page"}],"author":[{"embeddable":true,"href":"https:\/\/schlammtrocknung.com\/cs\/wp-json\/wp\/v2\/users\/1"}],"replies":[{"embeddable":true,"href":"https:\/\/schlammtrocknung.com\/cs\/wp-json\/wp\/v2\/comments?post=2343"}],"version-history":[{"count":2,"href":"https:\/\/schlammtrocknung.com\/cs\/wp-json\/wp\/v2\/pages\/2343\/revisions"}],"predecessor-version":[{"id":2346,"href":"https:\/\/schlammtrocknung.com\/cs\/wp-json\/wp\/v2\/pages\/2343\/revisions\/2346"}],"up":[{"embeddable":true,"href":"https:\/\/schlammtrocknung.com\/cs\/wp-json\/wp\/v2\/pages\/1790"}],"wp:attachment":[{"href":"https:\/\/schlammtrocknung.com\/cs\/wp-json\/wp\/v2\/media?parent=2343"}],"curies":[{"name":"wp","href":"https:\/\/api.w.org\/{rel}","templated":true}]}}