{"id":2369,"date":"2024-09-04T12:00:35","date_gmt":"2024-09-04T10:00:35","guid":{"rendered":"https:\/\/schlammtrocknung.com\/sluzby\/suseni-cistirenskych-kalu\/"},"modified":"2025-05-09T10:46:02","modified_gmt":"2025-05-09T08:46:02","slug":"suseni-cistirenskych-kalu","status":"publish","type":"page","link":"https:\/\/schlammtrocknung.com\/cs\/sluzby\/suseni-cistirenskych-kalu\/","title":{"rendered":"Su\u0161en\u00ed \u010dist\u00edrensk\u00fdch kal\u016f"},"content":{"rendered":"<div class=\"wpb-content-wrapper\"><p>[vc_row content_placement=&#8220;top&#8220;][vc_column][vc_column_text]<\/p>\n<h1 style=\"text-align: center;\"><span style=\"color: #728d2a;\">  Su\u0161en\u00ed \u010dist\u00edrensk\u00fdch kal\u016f pomoc\u00ed michel SLUDGE-DRYING-SYSTEMS<\/span><\/h1>\n<p>[\/vc_column_text][vc_column_text]<\/p>\n<p style=\"text-align: center;\"><span style=\"font-weight: 400;\">Pokro\u010dil\u00e9 <\/span><b>Su\u0161en\u00ed \u010dist\u00edrensk\u00fdch kal\u016f<\/b><span style=\"font-weight: 400;\">kter\u00e1 nov\u011b definuje ekologick\u00e9 standardy a z\u00e1rove\u0148 je ekonomicky v\u00fdhodn\u00e1 &#8211; to v\u0161e je mo\u017en\u00e9 realizovat pomoc\u00ed syst\u00e9m\u016f od spole\u010dnosti <\/span><b>michel SLUDGE-DRYING-SYSTEMS <\/b> <span style=\"font-weight: 400;\">mo\u017en\u00e9. Na\u0161e za\u0159\u00edzen\u00ed optim\u00e1ln\u011b p\u0159ipravuj\u00ed \u010dist\u00edrensk\u00e9 kaly pro \u0161etrnou likvidaci nebo   <\/span><a href=\"http:\/\/schlammtrocknung.com\/schlammverwertung\"><span style=\"font-weight: 400;\">valorizace<\/span><\/a><span style=\"font-weight: 400;\">nap\u0159\u00edklad v pr\u016fb\u011bhu <\/span><a href=\"http:\/\/schlammtrocknung.com\/blog\/phosphor-recycling\"><span style=\"font-weight: 400;\">recyklace fosforu<\/span><\/a><span style=\"font-weight: 400;\">p\u0159ed.<\/span><\/p>\n<p>[\/vc_column_text][vc_empty_space height=&#8220;50px&#8220;][\/vc_column][\/vc_row][vc_row][vc_column width=&#8220;2\/3&#8243;][vc_column_text]<\/p>\n<h2><span style=\"color: #728d2a;\">Su\u0161en\u00ed \u010dist\u00edrensk\u00fdch kal\u016f &#8211; rozhoduj\u00edc\u00ed krok pro vyu\u017eit\u00ed odpadu<\/span><\/h2>\n<p>[\/vc_column_text][vc_message]<i><span style=\"font-weight: 400;\">Co je to kal z \u010dist\u00edren odpadn\u00edch vod?<\/span><\/i><\/p>\n<p><i><span style=\"font-weight: 400;\">\u010cist\u00edrensk\u00fd kal je vedlej\u0161\u00ed produkt \u010di\u0161t\u011bn\u00ed odpadn\u00edch vod, kter\u00fd se skl\u00e1d\u00e1 z pevn\u00fdch materi\u00e1l\u016f odstran\u011bn\u00fdch z odpadn\u00edch vod. Tento kal, kter\u00fd m\u00e1 st\u00e1le vysok\u00fd obsah vlhkosti,   <\/span><\/i><i><span style=\"font-weight: 400;\">Obsahuje organick\u00e9 a anorganick\u00e9 materi\u00e1ly, <\/span><\/i><i><span style=\"font-weight: 400;\">mikroorganismy a potenci\u00e1ln\u011b patogenn\u00ed bakterie. <\/span><\/i>[\/vc_message][vc_column_text]<span style=\"font-weight: 400;\">Kal m\u016f\u017ee obsahovat tak\u00e9 t\u011b\u017ek\u00e9 kovy a dal\u0161\u00ed zne\u010di\u0161\u0165uj\u00edc\u00ed l\u00e1tky, kter\u00e9 vy\u017eaduj\u00ed pe\u010dliv\u00e9 zpracov\u00e1n\u00ed. <\/span><a href=\"http:\/\/schlammtrocknung.com\/leistungen\/schlammbehandlung\"><span style=\"font-weight: 400;\">zpracov\u00e1n\u00ed<\/span><\/a><span style=\"font-weight: 400;\">  k ochran\u011b \u017eivotn\u00edho prost\u0159ed\u00ed a lidsk\u00e9ho zdrav\u00ed. Str\u00e1nky   <\/span><b>\u00fa\u010dinn\u00e9 a bezpe\u010dn\u00e9 su\u0161en\u00ed \u010dist\u00edrensk\u00fdch kal\u016f<\/b><span style=\"font-weight: 400;\"> je proto \u00fast\u0159edn\u00edm prvkem modern\u00edch strategi\u00ed nakl\u00e1d\u00e1n\u00ed s odpady a ochrany \u017eivotn\u00edho prost\u0159ed\u00ed.<\/span>[\/vc_column_text][vc_empty_space height=&#8220;70px&#8220;][\/vc_column][vc_column width=&#8220;1\/3&#8243;][vc_single_image image=&#8220;1166&#8243; img_size=&#8220;400&#215;500&#8243;][\/vc_column][\/vc_row][vc_row][vc_column width=&#8220;1\/2&#8243;][vc_single_image image=&#8220;374&#8243; img_size=&#8220;600&#215;400&#8243;][vc_empty_space height=&#8220;70px&#8220;][\/vc_column][vc_column width=&#8220;1\/2&#8243;][vc_column_text]<\/p>\n<h2><span style=\"color: #728d2a;\">Proto je su\u0161en\u00ed \u010dist\u00edrensk\u00fdch kal\u016f nezbytn\u00e9.<\/span><\/h2>\n<p>Su\u0161en\u00edm \u010dist\u00edrensk\u00fdch kal\u016f se v\u00fdrazn\u011b zmen\u0161\u00ed jejich objem a hmotnost, proto\u017ee se odstran\u00ed velk\u00e1 \u010d\u00e1st jejich kapaln\u00e9ho obsahu. To zjednodu\u0161uje p\u0159epravu a dal\u0161\u00ed zpracov\u00e1n\u00ed \u010dist\u00edrensk\u00e9ho kalu a sni\u017euje n\u00e1klady. <\/p>\n<p><span style=\"font-weight: 400;\">Su\u0161en\u00ed pom\u00e1h\u00e1 stabilizovat kal t\u00edm, \u017ee sni\u017euje biologickou aktivitu, <\/span><span style=\"font-weight: 400;\">z\u00e1pachu<\/span><span style=\"font-weight: 400;\">  minimalizovat a zabr\u00e1nit \u0161\u00ed\u0159en\u00ed patogen\u016f. Umo\u017e\u0148uje tak\u00e9   <\/span><b>Zotaven\u00ed<\/b><span style=\"font-weight: 400;\"> \u00fa\u010dinn\u011bj\u0161\u00ed z\u00edsk\u00e1v\u00e1n\u00ed cenn\u00fdch l\u00e1tek z kal\u016f.<\/span><\/p>\n<h3><\/h3>\n<p>[\/vc_column_text][\/vc_column][\/vc_row][vc_row][vc_column width=&#8220;1\/2&#8243;][vc_column_text]<b>Su\u0161en\u00e9 \u010dist\u00edrensk\u00e9 kaly<\/b><span style=\"font-weight: 400;\"> lze bezpe\u010dn\u011b skladovat a pou\u017e\u00edvat r\u016fzn\u00fdmi zp\u016fsoby:<\/span><\/p>\n<ul>\n<li style=\"font-weight: 400;\" aria-level=\"1\"><b>Jako obnoviteln\u00e9 palivo<\/b><span style=\"font-weight: 400;\"> v elektr\u00e1rn\u00e1ch na biomasu pro v\u00fdrobu energie<\/span><\/li>\n<li style=\"font-weight: 400;\" aria-level=\"1\"><b>Jako vysoce kvalitn\u00ed hnojivo <\/b><span style=\"font-weight: 400;\">s nezbytn\u00fdmi \u017eivinami pro zem\u011bd\u011blstv\u00ed<\/span><\/li>\n<li style=\"font-weight: 400;\" aria-level=\"1\"><b>Ve stavebnictv\u00ed<\/b><span style=\"font-weight: 400;\"> jako kamenivo pro v\u00fdrobu stavebn\u00edch materi\u00e1l\u016f, jako jsou cihly nebo dla\u017eebn\u00ed kostky.<\/span><\/li>\n<li style=\"font-weight: 400;\" aria-level=\"1\"><b>Pro z\u00edsk\u00e1v\u00e1n\u00ed cenn\u00e9ho fosforu <\/b><span style=\"font-weight: 400;\">ze su\u0161en\u00e9ho kalu<\/span><\/li>\n<\/ul>\n<p>[\/vc_column_text][\/vc_column][vc_column width=&#8220;1\/2&#8243;][vc_single_image image=&#8220;373&#8243; img_size=&#8220;600&#215;380&#8243;][vc_empty_space height=&#8220;70px&#8220;][\/vc_column][\/vc_row][vc_row][vc_column width=&#8220;1\/2&#8243;][vc_single_image image=&#8220;371&#8243; img_size=&#8220;600&#215;500&#8243;][vc_empty_space height=&#8220;70px&#8220;][\/vc_column][vc_column width=&#8220;1\/2&#8243;][vc_column_text]<\/p>\n<h2><span style=\"color: #728d2a;\">Udr\u017eiteln\u00e9 vyu\u017eit\u00ed \u010dist\u00edrensk\u00fdch kal\u016f pomoc\u00ed michelov\u00fdch syst\u00e9m\u016f su\u0161en\u00ed kal\u016f<\/span><\/h2>\n<p><span style=\"font-weight: 400;\">michel SLUDGE-DRYING-SYSTEMS pou\u017e\u00edv\u00e1 inovativn\u00ed technologie pro efektivn\u00ed su\u0161en\u00ed \u010dist\u00edrensk\u00fdch kal\u016f. Na\u0161e   <\/span><b>syst\u00e9my<\/b><span style=\"font-weight: 400;\"> pou\u017e\u00edvaj\u00ed kombinaci kontaktn\u00edho a konvek\u010dn\u00edho su\u0161en\u00ed. <\/span><span style=\"font-weight: 400;\">pro rovnom\u011brn\u00e9 a \u0161etrn\u00e9 su\u0161en\u00ed \u010dist\u00edrensk\u00fdch kal\u016f. <\/span><span style=\"font-weight: 400;\">&#8211; bez nutnosti p\u0159epravy, proto\u017ee se su\u0161\u00ed p\u0159\u00edmo na m\u00edst\u011b. <\/span> <\/p>\n<p><span style=\"font-weight: 400;\">Na str\u00e1nk\u00e1ch <\/span><b>su\u0161en\u00ed \u010dist\u00edrensk\u00fdch kal\u016f<\/b><span style=\"font-weight: 400;\">  prob\u00edh\u00e1 p\u0159i <a href=\"https:\/\/schlammtrocknung.com\/cs\/nizkoteplotni-susicka\/\">n\u00edzk\u00fdch teplot\u00e1ch<\/a>, aby se u\u0161et\u0159ila energie a zachovaly u\u017eite\u010dn\u00e9 l\u00e1tky obsa\u017een\u00e9 v kalu. Na\u0161e modul\u00e1rn\u00ed syst\u00e9my lze p\u0159izp\u016fsobit r\u016fzn\u00fdm typ\u016fm a mno\u017estv\u00edm kal\u016f a jsou k dispozici ve <strong>v\u0161ech<\/strong> variant\u00e1ch. <\/span> <b> velikosti <\/b><span style=\"font-weight: 400;\">k dispozici pro pot\u0159eby r\u016fzn\u00fdch instalac\u00ed.<\/span>[\/vc_column_text][\/vc_column][\/vc_row][vc_row][vc_column width=&#8220;1\/2&#8243;][vc_column_text]<\/p>\n<h3><span style=\"color: #728d2a;\">V\u00fdhody su\u0161en\u00ed \u010dist\u00edrensk\u00fdch kal\u016f pomoc\u00ed michel SLUDGE-DRYING-SYSTEMS<\/span><\/h3>\n<p><span style=\"font-weight: 400;\">Michel SLUDGE-DRYING-SYSTEMS nab\u00edz\u00ed \u0159adu v\u00fdhod, kter\u00e9 na\u0161i technologii odli\u0161uj\u00ed od b\u011b\u017en\u00fdch syst\u00e9m\u016f. <\/span><span style=\"font-weight: 400;\">odli\u0161uj\u00ed<\/span><span style=\"font-weight: 400;\">:<\/span><\/p>\n<ul>\n<li style=\"font-weight: 400;\" aria-level=\"1\"><b>P\u0159\u00edmo na m\u00edst\u011b:<\/b><span style=\"font-weight: 400;\"> Na\u0161e \u0159e\u0161en\u00ed \u0161et\u0159\u00ed n\u00e1klady na logistiku: instaluj\u00ed se p\u0159\u00edmo na m\u00edst\u011b, kde se kaly produkuj\u00ed.<\/span><\/li>\n<li style=\"font-weight: 400;\" aria-level=\"1\"><b>Ekologicky udr\u017eiteln\u00e9:<\/b> <span style=\"font-weight: 400;\">\u017d\u00e1dn\u00e9 p\u0159\u00edm\u00e9 emise a v\u00fdrazn\u00e9 sn\u00ed\u017een\u00ed emis\u00ed CO\u2082.<\/span><\/li>\n<li style=\"font-weight: 400;\" aria-level=\"1\"><b>Efektivn\u00ed proces<\/b><b>:<\/b><span style=\"font-weight: 400;\"> D\u00edky n\u00edzkoteplotn\u00edmu su\u0161en\u00ed dosahujeme maxim\u00e1ln\u00ed energetick\u00e9 \u00fa\u010dinnosti a n\u00edzk\u00fdch provozn\u00edch n\u00e1klad\u016f.<\/span><\/li>\n<li style=\"font-weight: 400;\" aria-level=\"1\"><b>V\u0161estrann\u00fd a p\u0159izp\u016fsobiteln\u00fd:<\/b><span style=\"font-weight: 400;\"> Syst\u00e9my jsou vhodn\u00e9 pro r\u016fzn\u00e9 typy kal\u016f a jsou modul\u00e1rn\u011b roz\u0161i\u0159iteln\u00e9.<\/span><\/li>\n<li style=\"font-weight: 400;\" aria-level=\"1\"><b>Odoln\u00e9 a nen\u00e1ro\u010dn\u00e9 na \u00fadr\u017ebu:<\/b> <span style=\"font-weight: 400;\">Na\u0161e robustn\u00ed konstrukce a pokro\u010dil\u00e1 technologie maximalizuj\u00ed spolehlivost.<\/span><\/li>\n<\/ul>\n<p>[\/vc_column_text][vc_empty_space height=&#8220;70px&#8220;][\/vc_column][vc_column width=&#8220;1\/2&#8243;][vc_single_image image=&#8220;372&#8243; img_size=&#8220;600&#215;500&#8243;][\/vc_column][\/vc_row][vc_row][vc_column][vc_cta h2=&#8220;Vezm\u011bte su\u0161en\u00ed kal\u016f do vlastn\u00edch rukou&#8220; txt_align=&#8220;center&#8220; add_button=&#8220;bottom&#8220; btn_title=&#8220;Kontaktujte n\u00e1s!&#8220; btn_style=&#8220;gradient-custom&#8220; btn_gradient_custom_color_1=&#8220;#728d2a&#8220; btn_gradient_custom_color_2=&#8220;#728d2a&#8220; btn_align=&#8220;center&#8220; btn_link=&#8220;url:https%3A%2F%2Fschlammtrocknung.com%2Fcs%2Fkontaktujte-nas%2F|title:Kontaktujte%20n%C3%A1s|&#8220;]<\/p>\n<p style=\"text-align: center;\"><span style=\"font-weight: 400;\">Spol\u00e9hejte se na <\/span><b>michel SLUDGE-DRYING-SYSTEMS<\/b><span style=\"font-weight: 400;\">pro va\u0161e <\/span><b>su\u0161en\u00ed \u010dist\u00edrensk\u00fdch kal\u016f<\/b><span style=\"font-weight: 400;\">  \u0161etrn\u00e9 k \u017eivotn\u00edmu prost\u0159ed\u00ed a n\u00e1kladov\u011b efektivn\u00ed. Kontaktujte n\u00e1s a dozv\u00edte se v\u00edce o tom, jak v\u00e1m na\u0161e syst\u00e9my mohou pomoci dos\u00e1hnout va\u0161ich obchodn\u00edch c\u00edl\u016f a c\u00edl\u016f udr\u017eitelnosti. <\/span><\/p>\n<p>[\/vc_cta][vc_empty_space height=&#8220;50px&#8220;][\/vc_column][\/vc_row][vc_row][vc_column][vc_column_text]<\/p>\n<h2 style=\"text-align: center;\"><span style=\"color: #728d2a;\">\u010casto kladen\u00e9 ot\u00e1zky &#8211; \u010casto kladen\u00e9 ot\u00e1zky o su\u0161en\u00ed \u010dist\u00edrensk\u00fdch kal\u016f<\/span><\/h2>\n<p>[\/vc_column_text][\/vc_column][\/vc_row][vc_row][vc_column][vc_toggle title=&#8220;Jak se su\u0161\u00ed \u010dist\u00edrensk\u00e9 kaly?&#8220;]<span style=\"font-weight: 400;\">Kal z \u010dist\u00edren odpadn\u00edch vod se su\u0161\u00ed p\u016fsoben\u00edm tepla a tlaku pomoc\u00ed technik, jako je kontaktn\u00ed a konvek\u010dn\u00ed su\u0161en\u00ed. T\u00edm se z kalu odstran\u00ed vlhkost, co\u017e zmen\u0161\u00ed jeho objem a hmotnost a usnadn\u00ed p\u0159epravu, skladov\u00e1n\u00ed a dal\u0161\u00ed zpracov\u00e1n\u00ed. <\/span>[\/vc_toggle][vc_toggle title=&#8220;Co p\u0159esn\u011b je kal z \u010dist\u00edren odpadn\u00edch vod?&#8220;]<span style=\"font-weight: 400;\">\u010cist\u00edrensk\u00fd kal je vedlej\u0161\u00ed produkt \u010di\u0161t\u011bn\u00ed odpadn\u00edch vod, kter\u00fd se skl\u00e1d\u00e1 p\u0159edev\u0161\u00edm z organick\u00fdch materi\u00e1l\u016f, mikroorganism\u016f a pevn\u00fdch l\u00e1tek odfiltrovan\u00fdch z vody. Obsahuje \u017eiviny, jako je dus\u00edk a fosfor, ale m\u016f\u017ee tak\u00e9 obsahovat zne\u010di\u0161\u0165uj\u00edc\u00ed l\u00e1tky, jako jsou bakterie a t\u011b\u017ek\u00e9 kovy, co\u017e vy\u017eaduje pe\u010dliv\u00e9 zpracov\u00e1n\u00ed a likvidaci. <\/span>[\/vc_toggle][vc_toggle title=&#8220;Jsou kaly z \u010dist\u00edren odpadn\u00edch vod ho\u0159lav\u00e9?&#8220;]<span style=\"font-weight: 400;\">Ano, kaly z \u010dist\u00edren odpadn\u00edch vod jsou ho\u0159lav\u00e9, zejm\u00e9na po jejich \u00fapln\u00e9m vysu\u0161en\u00ed. Vysu\u0161en\u00e9 \u010dist\u00edrensk\u00e9 kaly lze pou\u017e\u00edt jako palivo ve speci\u00e1ln\u011b navr\u017een\u00fdch za\u0159\u00edzen\u00edch na v\u00fdrobu energie. P\u0159ed vysu\u0161en\u00edm je v\u0161ak kal z \u010dist\u00edren odpadn\u00edch vod obecn\u011b neho\u0159lav\u00fd kv\u016fli vysok\u00e9mu obsahu vody.  <\/span>[\/vc_toggle][\/vc_column][\/vc_row]<\/p>\n<\/div>","protected":false},"excerpt":{"rendered":"<p>[vc_row content_placement=&#8220;top&#8220;][vc_column][vc_column_text] Su\u0161en\u00ed \u010dist\u00edrensk\u00fdch kal\u016f pomoc\u00ed michel SLUDGE-DRYING-SYSTEMS [\/vc_column_text][vc_column_text] Pokro\u010dil\u00e9 Su\u0161en\u00ed \u010dist\u00edrensk\u00fdch kal\u016fkter\u00e1 nov\u011b definuje ekologick\u00e9 standardy a z\u00e1rove\u0148 je ekonomicky v\u00fdhodn\u00e1 &#8211; to v\u0161e je mo\u017en\u00e9 realizovat pomoc\u00ed syst\u00e9m\u016f od spole\u010dnosti michel SLUDGE-DRYING-SYSTEMS mo\u017en\u00e9. Na\u0161e za\u0159\u00edzen\u00ed optim\u00e1ln\u011b p\u0159ipravuj\u00ed \u010dist\u00edrensk\u00e9 kaly pro \u0161etrnou likvidaci nebo valorizacenap\u0159\u00edklad v pr\u016fb\u011bhu recyklace fosforup\u0159ed. [\/vc_column_text][vc_empty_space height=&#8220;50px&#8220;][\/vc_column][\/vc_row][vc_row][vc_column width=&#8220;2\/3&#8243;][vc_column_text] Su\u0161en\u00ed \u010dist\u00edrensk\u00fdch&hellip;<\/p>\n","protected":false},"author":1,"featured_media":0,"parent":1790,"menu_order":0,"comment_status":"closed","ping_status":"closed","template":"","meta":{"footnotes":""},"class_list":["post-2369","page","type-page","status-publish","hentry","description-off"],"yoast_head":"<!-- This site is optimized with the Yoast SEO plugin v27.3 - https:\/\/yoast.com\/product\/yoast-seo-wordpress\/ -->\n<title>Su\u0161en\u00ed \u010dist\u00edrensk\u00fdch kal\u016f | Michelsk\u00e9 su\u0161en\u00ed kal\u016f<\/title>\n<meta name=\"description\" content=\"Optimalizujte vyu\u017eit\u00ed odpadu pomoc\u00ed pokro\u010dil\u00e9ho su\u0161en\u00ed \u010dist\u00edrensk\u00fdch kal\u016f od spole\u010dnosti michel SLUDGE-DRYING-SYSTEMS.\" \/>\n<meta name=\"robots\" content=\"index, follow, max-snippet:-1, max-image-preview:large, max-video-preview:-1\" \/>\n<link rel=\"canonical\" href=\"https:\/\/schlammtrocknung.com\/cs\/sluzby\/suseni-cistirenskych-kalu\/\" \/>\n<meta property=\"og:locale\" content=\"cs_CZ\" \/>\n<meta property=\"og:type\" content=\"article\" \/>\n<meta property=\"og:title\" content=\"Su\u0161en\u00ed \u010dist\u00edrensk\u00fdch kal\u016f | Michelsk\u00e9 su\u0161en\u00ed kal\u016f\" \/>\n<meta property=\"og:description\" content=\"Optimalizujte vyu\u017eit\u00ed odpadu pomoc\u00ed pokro\u010dil\u00e9ho su\u0161en\u00ed \u010dist\u00edrensk\u00fdch kal\u016f od spole\u010dnosti michel SLUDGE-DRYING-SYSTEMS.\" \/>\n<meta property=\"og:url\" content=\"https:\/\/schlammtrocknung.com\/cs\/sluzby\/suseni-cistirenskych-kalu\/\" \/>\n<meta property=\"og:site_name\" content=\"Schlammtrocknung \u2013 michel SLUDGE DRYING SYSTEM\" \/>\n<meta property=\"article:modified_time\" content=\"2025-05-09T08:46:02+00:00\" \/>\n<meta name=\"twitter:card\" content=\"summary_large_image\" \/>\n<meta name=\"twitter:label1\" content=\"Odhadovan\u00e1 doba \u010dten\u00ed\" \/>\n\t<meta name=\"twitter:data1\" content=\"6 minut\" \/>\n<script type=\"application\/ld+json\" class=\"yoast-schema-graph\">{\"@context\":\"https:\\\/\\\/schema.org\",\"@graph\":[{\"@type\":\"WebPage\",\"@id\":\"https:\\\/\\\/schlammtrocknung.com\\\/cs\\\/sluzby\\\/suseni-cistirenskych-kalu\\\/\",\"url\":\"https:\\\/\\\/schlammtrocknung.com\\\/cs\\\/sluzby\\\/suseni-cistirenskych-kalu\\\/\",\"name\":\"Su\u0161en\u00ed \u010dist\u00edrensk\u00fdch kal\u016f | Michelsk\u00e9 su\u0161en\u00ed kal\u016f\",\"isPartOf\":{\"@id\":\"https:\\\/\\\/schlammtrocknung.com\\\/#website\"},\"datePublished\":\"2024-09-04T10:00:35+00:00\",\"dateModified\":\"2025-05-09T08:46:02+00:00\",\"description\":\"Optimalizujte vyu\u017eit\u00ed odpadu pomoc\u00ed pokro\u010dil\u00e9ho su\u0161en\u00ed \u010dist\u00edrensk\u00fdch kal\u016f od spole\u010dnosti michel SLUDGE-DRYING-SYSTEMS.\",\"breadcrumb\":{\"@id\":\"https:\\\/\\\/schlammtrocknung.com\\\/cs\\\/sluzby\\\/suseni-cistirenskych-kalu\\\/#breadcrumb\"},\"inLanguage\":\"cs\",\"potentialAction\":[{\"@type\":\"ReadAction\",\"target\":[\"https:\\\/\\\/schlammtrocknung.com\\\/cs\\\/sluzby\\\/suseni-cistirenskych-kalu\\\/\"]}]},{\"@type\":\"BreadcrumbList\",\"@id\":\"https:\\\/\\\/schlammtrocknung.com\\\/cs\\\/sluzby\\\/suseni-cistirenskych-kalu\\\/#breadcrumb\",\"itemListElement\":[{\"@type\":\"ListItem\",\"position\":1,\"name\":\"Startseite\",\"item\":\"https:\\\/\\\/schlammtrocknung.com\\\/cs\\\/domovska-stranka-2\\\/\"},{\"@type\":\"ListItem\",\"position\":2,\"name\":\"Slu\u017eby\",\"item\":\"https:\\\/\\\/schlammtrocknung.com\\\/cs\\\/sluzby\\\/\"},{\"@type\":\"ListItem\",\"position\":3,\"name\":\"Su\u0161en\u00ed \u010dist\u00edrensk\u00fdch kal\u016f\"}]},{\"@type\":\"WebSite\",\"@id\":\"https:\\\/\\\/schlammtrocknung.com\\\/#website\",\"url\":\"https:\\\/\\\/schlammtrocknung.com\\\/\",\"name\":\"Schlammtrocknung | SDS - Schlammtrocknung\",\"description\":\"Schlamm- L\u00f6sungen f\u00fcr Kl\u00e4rwerke, Industrie und Umwelt\",\"publisher\":{\"@id\":\"https:\\\/\\\/schlammtrocknung.com\\\/#organization\"},\"potentialAction\":[{\"@type\":\"SearchAction\",\"target\":{\"@type\":\"EntryPoint\",\"urlTemplate\":\"https:\\\/\\\/schlammtrocknung.com\\\/?s={search_term_string}\"},\"query-input\":{\"@type\":\"PropertyValueSpecification\",\"valueRequired\":true,\"valueName\":\"search_term_string\"}}],\"inLanguage\":\"cs\"},{\"@type\":\"Organization\",\"@id\":\"https:\\\/\\\/schlammtrocknung.com\\\/#organization\",\"name\":\"Schlammtrocknung | SDS - Schlammtrocknung\",\"url\":\"https:\\\/\\\/schlammtrocknung.com\\\/\",\"logo\":{\"@type\":\"ImageObject\",\"inLanguage\":\"cs\",\"@id\":\"https:\\\/\\\/schlammtrocknung.com\\\/#\\\/schema\\\/logo\\\/image\\\/\",\"url\":\"https:\\\/\\\/schlammtrocknung.com\\\/wp-content\\\/uploads\\\/2023\\\/02\\\/logo_sds-1.png\",\"contentUrl\":\"https:\\\/\\\/schlammtrocknung.com\\\/wp-content\\\/uploads\\\/2023\\\/02\\\/logo_sds-1.png\",\"width\":697,\"height\":187,\"caption\":\"Schlammtrocknung | SDS - Schlammtrocknung\"},\"image\":{\"@id\":\"https:\\\/\\\/schlammtrocknung.com\\\/#\\\/schema\\\/logo\\\/image\\\/\"}}]}<\/script>\n<!-- \/ Yoast SEO plugin. -->","yoast_head_json":{"title":"Su\u0161en\u00ed \u010dist\u00edrensk\u00fdch kal\u016f | Michelsk\u00e9 su\u0161en\u00ed kal\u016f","description":"Optimalizujte vyu\u017eit\u00ed odpadu pomoc\u00ed pokro\u010dil\u00e9ho su\u0161en\u00ed \u010dist\u00edrensk\u00fdch kal\u016f od spole\u010dnosti michel SLUDGE-DRYING-SYSTEMS.","robots":{"index":"index","follow":"follow","max-snippet":"max-snippet:-1","max-image-preview":"max-image-preview:large","max-video-preview":"max-video-preview:-1"},"canonical":"https:\/\/schlammtrocknung.com\/cs\/sluzby\/suseni-cistirenskych-kalu\/","og_locale":"cs_CZ","og_type":"article","og_title":"Su\u0161en\u00ed \u010dist\u00edrensk\u00fdch kal\u016f | Michelsk\u00e9 su\u0161en\u00ed kal\u016f","og_description":"Optimalizujte vyu\u017eit\u00ed odpadu pomoc\u00ed pokro\u010dil\u00e9ho su\u0161en\u00ed \u010dist\u00edrensk\u00fdch kal\u016f od spole\u010dnosti michel SLUDGE-DRYING-SYSTEMS.","og_url":"https:\/\/schlammtrocknung.com\/cs\/sluzby\/suseni-cistirenskych-kalu\/","og_site_name":"Schlammtrocknung \u2013 michel SLUDGE DRYING SYSTEM","article_modified_time":"2025-05-09T08:46:02+00:00","twitter_card":"summary_large_image","twitter_misc":{"Odhadovan\u00e1 doba \u010dten\u00ed":"6 minut"},"schema":{"@context":"https:\/\/schema.org","@graph":[{"@type":"WebPage","@id":"https:\/\/schlammtrocknung.com\/cs\/sluzby\/suseni-cistirenskych-kalu\/","url":"https:\/\/schlammtrocknung.com\/cs\/sluzby\/suseni-cistirenskych-kalu\/","name":"Su\u0161en\u00ed \u010dist\u00edrensk\u00fdch kal\u016f | Michelsk\u00e9 su\u0161en\u00ed kal\u016f","isPartOf":{"@id":"https:\/\/schlammtrocknung.com\/#website"},"datePublished":"2024-09-04T10:00:35+00:00","dateModified":"2025-05-09T08:46:02+00:00","description":"Optimalizujte vyu\u017eit\u00ed odpadu pomoc\u00ed pokro\u010dil\u00e9ho su\u0161en\u00ed \u010dist\u00edrensk\u00fdch kal\u016f od spole\u010dnosti michel SLUDGE-DRYING-SYSTEMS.","breadcrumb":{"@id":"https:\/\/schlammtrocknung.com\/cs\/sluzby\/suseni-cistirenskych-kalu\/#breadcrumb"},"inLanguage":"cs","potentialAction":[{"@type":"ReadAction","target":["https:\/\/schlammtrocknung.com\/cs\/sluzby\/suseni-cistirenskych-kalu\/"]}]},{"@type":"BreadcrumbList","@id":"https:\/\/schlammtrocknung.com\/cs\/sluzby\/suseni-cistirenskych-kalu\/#breadcrumb","itemListElement":[{"@type":"ListItem","position":1,"name":"Startseite","item":"https:\/\/schlammtrocknung.com\/cs\/domovska-stranka-2\/"},{"@type":"ListItem","position":2,"name":"Slu\u017eby","item":"https:\/\/schlammtrocknung.com\/cs\/sluzby\/"},{"@type":"ListItem","position":3,"name":"Su\u0161en\u00ed \u010dist\u00edrensk\u00fdch kal\u016f"}]},{"@type":"WebSite","@id":"https:\/\/schlammtrocknung.com\/#website","url":"https:\/\/schlammtrocknung.com\/","name":"Schlammtrocknung | SDS - Schlammtrocknung","description":"Schlamm- L\u00f6sungen f\u00fcr Kl\u00e4rwerke, Industrie und Umwelt","publisher":{"@id":"https:\/\/schlammtrocknung.com\/#organization"},"potentialAction":[{"@type":"SearchAction","target":{"@type":"EntryPoint","urlTemplate":"https:\/\/schlammtrocknung.com\/?s={search_term_string}"},"query-input":{"@type":"PropertyValueSpecification","valueRequired":true,"valueName":"search_term_string"}}],"inLanguage":"cs"},{"@type":"Organization","@id":"https:\/\/schlammtrocknung.com\/#organization","name":"Schlammtrocknung | SDS - Schlammtrocknung","url":"https:\/\/schlammtrocknung.com\/","logo":{"@type":"ImageObject","inLanguage":"cs","@id":"https:\/\/schlammtrocknung.com\/#\/schema\/logo\/image\/","url":"https:\/\/schlammtrocknung.com\/wp-content\/uploads\/2023\/02\/logo_sds-1.png","contentUrl":"https:\/\/schlammtrocknung.com\/wp-content\/uploads\/2023\/02\/logo_sds-1.png","width":697,"height":187,"caption":"Schlammtrocknung | SDS - Schlammtrocknung"},"image":{"@id":"https:\/\/schlammtrocknung.com\/#\/schema\/logo\/image\/"}}]}},"_links":{"self":[{"href":"https:\/\/schlammtrocknung.com\/cs\/wp-json\/wp\/v2\/pages\/2369","targetHints":{"allow":["GET"]}}],"collection":[{"href":"https:\/\/schlammtrocknung.com\/cs\/wp-json\/wp\/v2\/pages"}],"about":[{"href":"https:\/\/schlammtrocknung.com\/cs\/wp-json\/wp\/v2\/types\/page"}],"author":[{"embeddable":true,"href":"https:\/\/schlammtrocknung.com\/cs\/wp-json\/wp\/v2\/users\/1"}],"replies":[{"embeddable":true,"href":"https:\/\/schlammtrocknung.com\/cs\/wp-json\/wp\/v2\/comments?post=2369"}],"version-history":[{"count":2,"href":"https:\/\/schlammtrocknung.com\/cs\/wp-json\/wp\/v2\/pages\/2369\/revisions"}],"predecessor-version":[{"id":2374,"href":"https:\/\/schlammtrocknung.com\/cs\/wp-json\/wp\/v2\/pages\/2369\/revisions\/2374"}],"up":[{"embeddable":true,"href":"https:\/\/schlammtrocknung.com\/cs\/wp-json\/wp\/v2\/pages\/1790"}],"wp:attachment":[{"href":"https:\/\/schlammtrocknung.com\/cs\/wp-json\/wp\/v2\/media?parent=2369"}],"curies":[{"name":"wp","href":"https:\/\/api.w.org\/{rel}","templated":true}]}}