{"id":2372,"date":"2024-08-30T11:00:11","date_gmt":"2024-08-30T09:00:11","guid":{"rendered":"https:\/\/schlammtrocknung.com\/vyuziti-kalu\/"},"modified":"2025-05-09T10:46:03","modified_gmt":"2025-05-09T08:46:03","slug":"vyuziti-kalu","status":"publish","type":"page","link":"https:\/\/schlammtrocknung.com\/cs\/vyuziti-kalu\/","title":{"rendered":"Vyu\u017eit\u00ed kalu"},"content":{"rendered":"<div class=\"wpb-content-wrapper\"><p>[vc_row][vc_column][vc_custom_heading text=&#8220;S vyu\u017eit\u00edm kal\u016f na recyklovateln\u00fd materi\u00e1l&#8220; font_container=&#8220;tag:h1|text_align:center|color:%23728d2a&#8220; use_theme_fonts=&#8220;yes&#8220;][vc_column_text]<\/p>\n<p style=\"text-align: center;\"><span style=\"font-weight: 400;\">Efektivn\u00ed <\/span><b>vyu\u017eit\u00ed kal\u016f<\/b><span style=\"font-weight: 400;\">  nab\u00edz\u00ed velk\u00fd potenci\u00e1l pro udr\u017eiteln\u00e9 nakl\u00e1d\u00e1n\u00ed s odpady, kter\u00e9 nejen chr\u00e1n\u00ed \u017eivotn\u00ed prost\u0159ed\u00ed, ale tak\u00e9 z\u00edsk\u00e1v\u00e1 cenn\u00e9 zdroje. Pokro\u010dil\u00e9 syst\u00e9my od   <\/span><b>michel SLUDGE-DRYING-SYSTEMS<\/b><span style=\"font-weight: 400;\">  tvo\u0159\u00ed z\u00e1klad pro efektivn\u00ed metody vyu\u017eit\u00ed. P\u0159ipravuj\u00ed kaly k pozd\u011bj\u0161\u00edmu vyu\u017eit\u00ed. <\/span><\/p>\n<p style=\"text-align: center;\"><a href=\"https:\/\/schlammtrocknung.com\/cs\/kontaktujte-nas\/\">Objevte syst\u00e9my nyn\u00ed!<\/a><\/p>\n<p>[\/vc_column_text][\/vc_column][\/vc_row][vc_row][vc_column][vc_custom_heading text=&#8220;Od paliva ke stavebnictv\u00ed &#8211; potenci\u00e1l vyu\u017eit\u00ed kal\u016f&#8220; font_container=&#8220;tag:h2|text_align:left|color:%23728d2a&#8220; use_theme_fonts=&#8220;yes&#8220;][\/vc_column][\/vc_row][vc_row][vc_column width=&#8220;1\/2&#8243;][vc_column_text]<b>Kal<\/b><span style=\"font-weight: 400;\">kter\u00e9 se hromad\u00ed jako spot\u0159ebitelsk\u00fd nebo pr\u016fmyslov\u00fd odpad, lze udr\u017eiteln\u00fdm zp\u016fsobem recyklovat r\u016fzn\u00fdmi zp\u016fsoby. <\/span> <\/p>\n<p><span style=\"font-weight: 400;\">Dal\u0161\u00edm zpracov\u00e1n\u00edm lze z vysu\u0161en\u00e9ho kalu vyrobit pevn\u00e9 palivo, kter\u00e9 lze vyu\u017e\u00edt v elektr\u00e1rn\u00e1ch k v\u00fdrob\u011b energie. <\/span><b>v\u00fdroba energie<\/b><span style=\"font-weight: 400;\">  se pou\u017e\u00edv\u00e1. V n\u011bkter\u00fdch p\u0159\u00edpadech lze su\u0161en\u00e9 kaly pou\u017e\u00edt tak\u00e9 jako p\u0159\u00edsadu do vody.   <\/span><b>stavebnictv\u00ed<\/b><span style=\"font-weight: 400;\"> lze pou\u017e\u00edt k v\u00fdrob\u011b cihel nebo jin\u00fdch stavebn\u00edch materi\u00e1l\u016f, proto\u017ee zlep\u0161uj\u00ed ur\u010dit\u00e9 vlastnosti, nap\u0159\u00edklad izola\u010dn\u00ed.<\/span>[\/vc_column_text][\/vc_column][vc_column width=&#8220;1\/2&#8243;][vc_single_image image=&#8220;1164&#8243; img_size=&#8220;full&#8220;][\/vc_column][\/vc_row][vc_row][vc_column][vc_custom_heading text=&#8220;Vyu\u017eit\u00ed kal\u016f &#8211; d\u016fle\u017eit\u00fd p\u0159\u00edsp\u011bvek k ob\u011bhov\u00e9mu hospod\u00e1\u0159stv\u00ed&#8220; font_container=&#8220;tag:h2|text_align:center|color:%23728d2a&#8220; use_theme_fonts=&#8220;yes&#8220;][vc_column_text]<span style=\"font-weight: 400;\">Jako <\/span><b>p\u0159\u00edrodn\u00ed zdroj<\/b><span style=\"font-weight: 400;\">  zpracovan\u00e9 kaly mohou b\u00fdt cennou sou\u010d\u00e1st\u00ed ob\u011bhov\u00e9ho hospod\u00e1\u0159stv\u00ed \u0161etrn\u00e9ho k \u017eivotn\u00edmu prost\u0159ed\u00ed. Prost\u0159ednictv\u00edm \u00fa\u010dinn\u00e9ho   <\/span><b>Vyu\u017eit\u00ed kalu<\/b><span style=\"font-weight: 400;\"> potenci\u00e1ln\u011b \u0161kodliv\u00fd odpad je p\u0159em\u011bn\u011bn na u\u017eite\u010dn\u00e9 produkty, co\u017e v\u00fdrazn\u011b sni\u017euje dopad na \u017eivotn\u00ed prost\u0159ed\u00ed. <\/span><span style=\"font-weight: 400;\">Vhodn\u00e9 vyu\u017eit\u00ed kal\u016f nab\u00edz\u00ed mnoho <\/span><b>v\u00fdhod<\/b><span style=\"font-weight: 400;\">:<\/span><\/p>\n<ul>\n<li style=\"font-weight: 400;\" aria-level=\"1\"><span style=\"font-weight: 400;\">Sn\u00ed\u017een\u00ed n\u00e1klad\u016f na likvidaci odpadu d\u00edky zpracov\u00e1n\u00ed kal\u016f na m\u00edst\u011b nam\u00edsto jejich p\u0159epravy.<\/span><\/li>\n<li style=\"font-weight: 400;\" aria-level=\"1\"><span style=\"font-weight: 400;\">Z\u00edsk\u00e1v\u00e1n\u00ed zdroj\u016f z kal\u016f<\/span><\/li>\n<li style=\"font-weight: 400;\" aria-level=\"1\"><span style=\"font-weight: 400;\">Zachov\u00e1n\u00ed p\u0159\u00edrodn\u00edch zdroj\u016f  <\/span><\/li>\n<li style=\"font-weight: 400;\" aria-level=\"1\"><span style=\"font-weight: 400;\">Sn\u00ed\u017een\u00ed z\u00e1vislosti na fosiln\u00edch palivech<\/span><\/li>\n<\/ul>\n<p>[\/vc_column_text][\/vc_column][\/vc_row][vc_row][vc_column][vc_empty_space][vc_custom_heading text=&#8220;Efektivn\u00ed su\u0161en\u00ed kal\u016f jako z\u00e1klad pro jejich vyu\u017eit\u00ed&#8220; font_container=&#8220;tag:h2|text_align:center|color:%23728d2a&#8220; use_theme_fonts=&#8220;yes&#8220;][vc_column_text]<b>michel SLUDGE-DRYING-SYSTEMS<\/b><span style=\"font-weight: 400;\">  vyu\u017e\u00edv\u00e1 pokro\u010dil\u00e9 technologie su\u0161en\u00ed kal\u016f, kter\u00e9 \u00fa\u010dinn\u011b a ekologicky \u0161etrn\u011b p\u0159ev\u00e1d\u011bj\u00ed v\u0161echny typy kal\u016f do pou\u017eiteln\u00e9ho stavu. Na\u0161e za\u0159\u00edzen\u00ed pou\u017e\u00edvaj\u00ed   <\/span><b>Kombinace kontaktn\u00edho a konvek\u010dn\u00edho su\u0161en\u00ed<\/b><span style=\"font-weight: 400;\">kter\u00e1 zaji\u0161\u0165uje optim\u00e1ln\u00ed <\/span><a href=\"http:\/\/www.schlammtrocknung.com\/glossar\/trocknung\"><span style=\"font-weight: 400;\">su\u0161en\u00ed<\/span><\/a><span style=\"font-weight: 400;\"> s minim\u00e1ln\u00ed spot\u0159ebou energie. <\/span> <\/p>\n<p><span style=\"font-weight: 400;\">Syst\u00e9my jsou navr\u017eeny tak, aby je bylo mo\u017en\u00e9 p\u0159izp\u016fsobit r\u016fzn\u00fdm typ\u016fm kal\u016f, od komun\u00e1ln\u00edch <\/span><a href=\"http:\/\/schlammtrocknung.com\/leistungen\/klaerschlammtrocknung\"><span style=\"font-weight: 400;\">kal\u016f z \u010dist\u00edren odpadn\u00edch vod<\/span><\/a><span style=\"font-weight: 400;\">  a\u017e po pr\u016fmyslov\u00e9 kaly. Pou\u017eit\u00ed n\u00edzkoteplotn\u00edch technologi\u00ed sni\u017euje energetick\u00e9 n\u00e1roky p\u0159i dosa\u017een\u00ed vysok\u00e9ho su\u0161ic\u00edho v\u00fdkonu. Tato optimalizace procesu vede k n\u00edzk\u00fdm provozn\u00edm n\u00e1klad\u016fm a podporuje udr\u017eitelnou v\u00fdrobu.    <\/span><b>Ob\u011bhov\u00e9 hospod\u00e1\u0159stv\u00ed<\/b><span style=\"font-weight: 400;\">.<\/span><\/p>\n<p><span style=\"font-weight: 400;\">Objevte potenci\u00e1l <\/span><b>vyu\u017eit\u00ed kal\u016f<\/b><span style=\"font-weight: 400;\"> s <\/span><b>michel SLUDGE-DRYING-SYSTEMS<\/b><span style=\"font-weight: 400;\">integrac\u00ed \u00fasporn\u00e9ho a udr\u017eiteln\u00e9ho procesu su\u0161en\u00ed kal\u016f do va\u0161eho strojn\u00edho za\u0159\u00edzen\u00ed. Spojte se s na\u0161\u00edm t\u00fdmem a z\u00edskejte nab\u00eddku na m\u00edru pro va\u0161e   <\/span><a href=\"https:\/\/schlammtrocknung.com\/produkte\/\"><span style=\"font-weight: 400;\">su\u0161\u00e1rna kal\u016f<\/span><\/a><span style=\"font-weight: 400;\"> p\u0159ij\u00edmat.<\/span>[\/vc_column_text][\/vc_column][\/vc_row][vc_row][vc_column][vc_cta h2=&#8220;&#8220; txt_align=&#8220;center&#8220; add_button=&#8220;bottom&#8220; btn_title=&#8220;Spojte se s n\u00e1mi!&#8220; btn_color=&#8220;green&#8220; btn_size=&#8220;lg&#8220; btn_align=&#8220;center&#8220; btn_link=&#8220;url:https%3A%2F%2Fschlammtrocknung.com%2Fcs%2Fkontaktujte-nas%2F|title:Kontaktujte%20n%C3%A1s|&#8220;][\/vc_cta][\/vc_column][\/vc_row][vc_row][vc_column][vc_empty_space height=&#8220;100px&#8220;][\/vc_column][\/vc_row][vc_row][vc_column][vc_column_text]<\/p>\n<h2><b>\u010casto kladen\u00e9 ot\u00e1zky &#8211; \u010dasto kladen\u00e9 ot\u00e1zky o <\/b><b>vyu\u017eit\u00ed kal\u016f<\/b><\/h2>\n<p>[\/vc_column_text][vc_toggle title=&#8220;Jak\u00e9 jsou hlavn\u00ed v\u00fdhody vyu\u017eit\u00ed kal\u016f?&#8220;]<span style=\"font-weight: 400;\">Udr\u017eiteln\u00e9 vyu\u017e\u00edv\u00e1n\u00ed kal\u016f sni\u017euje zne\u010di\u0161t\u011bn\u00ed \u017eivotn\u00edho prost\u0159ed\u00ed, sni\u017euje n\u00e1klady na jejich likvidaci a podporuje ob\u011bhov\u00e9 hospod\u00e1\u0159stv\u00ed t\u00edm, \u017ee kaly p\u0159em\u011b\u0148uje na energii nebo stavebn\u00ed materi\u00e1ly.<\/span>[\/vc_toggle][vc_toggle title=&#8220;V jak\u00fdch oblastech lze su\u0161en\u00e9 kaly pou\u017e\u00edt?&#8220;]<span style=\"font-weight: 400;\">Krom\u011b vyu\u017eit\u00ed jako hnojivo a palivo lze su\u0161en\u00e9 kaly pou\u017e\u00edt p\u0159i v\u00fdrob\u011b stavebn\u00edch materi\u00e1l\u016f a slou\u017e\u00ed k rekultivaci a stabilizaci degradovan\u00fdch ploch. Vyu\u017eit\u00ed kal\u016f tak p\u0159isp\u00edv\u00e1 k reaktivaci ekosyst\u00e9m\u016f. <\/span>[\/vc_toggle][vc_toggle title=&#8220;Jak p\u0159isp\u00edv\u00e1 su\u0161en\u00ed kal\u016f k udr\u017eiteln\u00e9mu vyu\u017e\u00edv\u00e1n\u00ed kal\u016f?&#8220;]<span style=\"font-weight: 400;\">michel SLUDGE-DRYING-SYSTEMS optimalizuje proces su\u0161en\u00ed pomoc\u00ed pokro\u010dil\u00e9ho kontaktn\u00edho a konvek\u010dn\u00edho su\u0161en\u00ed, kter\u00e9 efektivn\u011b vyu\u017e\u00edv\u00e1 energii a umo\u017e\u0148uje vysok\u00fd su\u0161\u00edc\u00ed v\u00fdkon pro r\u016fzn\u00e9 typy kal\u016f, \u010d\u00edm\u017e se kaly st\u00e1vaj\u00ed l\u00e9pe vyu\u017eiteln\u00fdmi.<\/span>[\/vc_toggle][vc_empty_space height=&#8220;100px&#8220;][\/vc_column][\/vc_row]<\/p>\n<\/div>","protected":false},"excerpt":{"rendered":"<p>[vc_row][vc_column][vc_custom_heading text=&#8220;S vyu\u017eit\u00edm kal\u016f na recyklovateln\u00fd materi\u00e1l&#8220; font_container=&#8220;tag:h1|text_align:center|color:%23728d2a&#8220; use_theme_fonts=&#8220;yes&#8220;][vc_column_text] Efektivn\u00ed vyu\u017eit\u00ed kal\u016f nab\u00edz\u00ed velk\u00fd potenci\u00e1l pro udr\u017eiteln\u00e9 nakl\u00e1d\u00e1n\u00ed s odpady, kter\u00e9 nejen chr\u00e1n\u00ed \u017eivotn\u00ed prost\u0159ed\u00ed, ale tak\u00e9 z\u00edsk\u00e1v\u00e1 cenn\u00e9 zdroje. Pokro\u010dil\u00e9 syst\u00e9my od michel SLUDGE-DRYING-SYSTEMS tvo\u0159\u00ed z\u00e1klad pro efektivn\u00ed metody vyu\u017eit\u00ed. P\u0159ipravuj\u00ed kaly k pozd\u011bj\u0161\u00edmu vyu\u017eit\u00ed. Objevte syst\u00e9my nyn\u00ed! [\/vc_column_text][\/vc_column][\/vc_row][vc_row][vc_column][vc_custom_heading text=&#8220;Od paliva ke stavebnictv\u00ed &#8211;&hellip;<\/p>\n","protected":false},"author":1,"featured_media":1374,"parent":0,"menu_order":0,"comment_status":"closed","ping_status":"closed","template":"","meta":{"footnotes":""},"class_list":["post-2372","page","type-page","status-publish","has-post-thumbnail","hentry","description-off"],"yoast_head":"<!-- This site is optimized with the Yoast SEO plugin v27.3 - https:\/\/yoast.com\/product\/yoast-seo-wordpress\/ -->\n<title>Vyu\u017eit\u00ed kal\u016f | Michelsk\u00e9 su\u0161en\u00ed kal\u016f<\/title>\n<meta name=\"description\" content=\"Objevte potenci\u00e1l vyu\u017eit\u00ed kal\u016f pro udr\u017eiteln\u00e9 nakl\u00e1d\u00e1n\u00ed s odpady.\" \/>\n<meta name=\"robots\" content=\"index, follow, max-snippet:-1, max-image-preview:large, max-video-preview:-1\" \/>\n<link rel=\"canonical\" href=\"https:\/\/schlammtrocknung.com\/cs\/vyuziti-kalu\/\" \/>\n<meta property=\"og:locale\" content=\"cs_CZ\" \/>\n<meta property=\"og:type\" content=\"article\" \/>\n<meta property=\"og:title\" content=\"Vyu\u017eit\u00ed kal\u016f | Michelsk\u00e9 su\u0161en\u00ed kal\u016f\" \/>\n<meta property=\"og:description\" content=\"Objevte potenci\u00e1l vyu\u017eit\u00ed kal\u016f pro udr\u017eiteln\u00e9 nakl\u00e1d\u00e1n\u00ed s odpady.\" \/>\n<meta property=\"og:url\" content=\"https:\/\/schlammtrocknung.com\/cs\/vyuziti-kalu\/\" \/>\n<meta property=\"og:site_name\" content=\"Schlammtrocknung \u2013 michel SLUDGE DRYING SYSTEM\" \/>\n<meta property=\"article:modified_time\" content=\"2025-05-09T08:46:03+00:00\" \/>\n<meta property=\"og:image\" content=\"https:\/\/schlammtrocknung.com\/wp-content\/uploads\/2023\/05\/DSC_3747-scaled.jpg\" \/>\n\t<meta property=\"og:image:width\" content=\"2560\" \/>\n\t<meta property=\"og:image:height\" content=\"1436\" \/>\n\t<meta property=\"og:image:type\" content=\"image\/jpeg\" \/>\n<meta name=\"twitter:card\" content=\"summary_large_image\" \/>\n<meta name=\"twitter:label1\" content=\"Odhadovan\u00e1 doba \u010dten\u00ed\" \/>\n\t<meta name=\"twitter:data1\" content=\"5 minut\" \/>\n<script type=\"application\/ld+json\" class=\"yoast-schema-graph\">{\"@context\":\"https:\\\/\\\/schema.org\",\"@graph\":[{\"@type\":\"WebPage\",\"@id\":\"https:\\\/\\\/schlammtrocknung.com\\\/cs\\\/vyuziti-kalu\\\/\",\"url\":\"https:\\\/\\\/schlammtrocknung.com\\\/cs\\\/vyuziti-kalu\\\/\",\"name\":\"Vyu\u017eit\u00ed kal\u016f | Michelsk\u00e9 su\u0161en\u00ed kal\u016f\",\"isPartOf\":{\"@id\":\"https:\\\/\\\/schlammtrocknung.com\\\/#website\"},\"primaryImageOfPage\":{\"@id\":\"https:\\\/\\\/schlammtrocknung.com\\\/cs\\\/vyuziti-kalu\\\/#primaryimage\"},\"image\":{\"@id\":\"https:\\\/\\\/schlammtrocknung.com\\\/cs\\\/vyuziti-kalu\\\/#primaryimage\"},\"thumbnailUrl\":\"https:\\\/\\\/schlammtrocknung.com\\\/wp-content\\\/uploads\\\/2023\\\/05\\\/DSC_3747-scaled.jpg\",\"datePublished\":\"2024-08-30T09:00:11+00:00\",\"dateModified\":\"2025-05-09T08:46:03+00:00\",\"description\":\"Objevte potenci\u00e1l vyu\u017eit\u00ed kal\u016f pro udr\u017eiteln\u00e9 nakl\u00e1d\u00e1n\u00ed s odpady.\",\"breadcrumb\":{\"@id\":\"https:\\\/\\\/schlammtrocknung.com\\\/cs\\\/vyuziti-kalu\\\/#breadcrumb\"},\"inLanguage\":\"cs\",\"potentialAction\":[{\"@type\":\"ReadAction\",\"target\":[\"https:\\\/\\\/schlammtrocknung.com\\\/cs\\\/vyuziti-kalu\\\/\"]}]},{\"@type\":\"ImageObject\",\"inLanguage\":\"cs\",\"@id\":\"https:\\\/\\\/schlammtrocknung.com\\\/cs\\\/vyuziti-kalu\\\/#primaryimage\",\"url\":\"https:\\\/\\\/schlammtrocknung.com\\\/wp-content\\\/uploads\\\/2023\\\/05\\\/DSC_3747-scaled.jpg\",\"contentUrl\":\"https:\\\/\\\/schlammtrocknung.com\\\/wp-content\\\/uploads\\\/2023\\\/05\\\/DSC_3747-scaled.jpg\",\"width\":2560,\"height\":1436},{\"@type\":\"BreadcrumbList\",\"@id\":\"https:\\\/\\\/schlammtrocknung.com\\\/cs\\\/vyuziti-kalu\\\/#breadcrumb\",\"itemListElement\":[{\"@type\":\"ListItem\",\"position\":1,\"name\":\"Startseite\",\"item\":\"https:\\\/\\\/schlammtrocknung.com\\\/cs\\\/domovska-stranka-2\\\/\"},{\"@type\":\"ListItem\",\"position\":2,\"name\":\"Vyu\u017eit\u00ed kalu\"}]},{\"@type\":\"WebSite\",\"@id\":\"https:\\\/\\\/schlammtrocknung.com\\\/#website\",\"url\":\"https:\\\/\\\/schlammtrocknung.com\\\/\",\"name\":\"Schlammtrocknung | SDS - Schlammtrocknung\",\"description\":\"Schlamm- L\u00f6sungen f\u00fcr Kl\u00e4rwerke, Industrie und Umwelt\",\"publisher\":{\"@id\":\"https:\\\/\\\/schlammtrocknung.com\\\/#organization\"},\"potentialAction\":[{\"@type\":\"SearchAction\",\"target\":{\"@type\":\"EntryPoint\",\"urlTemplate\":\"https:\\\/\\\/schlammtrocknung.com\\\/?s={search_term_string}\"},\"query-input\":{\"@type\":\"PropertyValueSpecification\",\"valueRequired\":true,\"valueName\":\"search_term_string\"}}],\"inLanguage\":\"cs\"},{\"@type\":\"Organization\",\"@id\":\"https:\\\/\\\/schlammtrocknung.com\\\/#organization\",\"name\":\"Schlammtrocknung | SDS - Schlammtrocknung\",\"url\":\"https:\\\/\\\/schlammtrocknung.com\\\/\",\"logo\":{\"@type\":\"ImageObject\",\"inLanguage\":\"cs\",\"@id\":\"https:\\\/\\\/schlammtrocknung.com\\\/#\\\/schema\\\/logo\\\/image\\\/\",\"url\":\"https:\\\/\\\/schlammtrocknung.com\\\/wp-content\\\/uploads\\\/2023\\\/02\\\/logo_sds-1.png\",\"contentUrl\":\"https:\\\/\\\/schlammtrocknung.com\\\/wp-content\\\/uploads\\\/2023\\\/02\\\/logo_sds-1.png\",\"width\":697,\"height\":187,\"caption\":\"Schlammtrocknung | SDS - Schlammtrocknung\"},\"image\":{\"@id\":\"https:\\\/\\\/schlammtrocknung.com\\\/#\\\/schema\\\/logo\\\/image\\\/\"}}]}<\/script>\n<!-- \/ Yoast SEO plugin. -->","yoast_head_json":{"title":"Vyu\u017eit\u00ed kal\u016f | Michelsk\u00e9 su\u0161en\u00ed kal\u016f","description":"Objevte potenci\u00e1l vyu\u017eit\u00ed kal\u016f pro udr\u017eiteln\u00e9 nakl\u00e1d\u00e1n\u00ed s odpady.","robots":{"index":"index","follow":"follow","max-snippet":"max-snippet:-1","max-image-preview":"max-image-preview:large","max-video-preview":"max-video-preview:-1"},"canonical":"https:\/\/schlammtrocknung.com\/cs\/vyuziti-kalu\/","og_locale":"cs_CZ","og_type":"article","og_title":"Vyu\u017eit\u00ed kal\u016f | Michelsk\u00e9 su\u0161en\u00ed kal\u016f","og_description":"Objevte potenci\u00e1l vyu\u017eit\u00ed kal\u016f pro udr\u017eiteln\u00e9 nakl\u00e1d\u00e1n\u00ed s odpady.","og_url":"https:\/\/schlammtrocknung.com\/cs\/vyuziti-kalu\/","og_site_name":"Schlammtrocknung \u2013 michel SLUDGE DRYING SYSTEM","article_modified_time":"2025-05-09T08:46:03+00:00","og_image":[{"width":2560,"height":1436,"url":"https:\/\/schlammtrocknung.com\/wp-content\/uploads\/2023\/05\/DSC_3747-scaled.jpg","type":"image\/jpeg"}],"twitter_card":"summary_large_image","twitter_misc":{"Odhadovan\u00e1 doba \u010dten\u00ed":"5 minut"},"schema":{"@context":"https:\/\/schema.org","@graph":[{"@type":"WebPage","@id":"https:\/\/schlammtrocknung.com\/cs\/vyuziti-kalu\/","url":"https:\/\/schlammtrocknung.com\/cs\/vyuziti-kalu\/","name":"Vyu\u017eit\u00ed kal\u016f | Michelsk\u00e9 su\u0161en\u00ed kal\u016f","isPartOf":{"@id":"https:\/\/schlammtrocknung.com\/#website"},"primaryImageOfPage":{"@id":"https:\/\/schlammtrocknung.com\/cs\/vyuziti-kalu\/#primaryimage"},"image":{"@id":"https:\/\/schlammtrocknung.com\/cs\/vyuziti-kalu\/#primaryimage"},"thumbnailUrl":"https:\/\/schlammtrocknung.com\/wp-content\/uploads\/2023\/05\/DSC_3747-scaled.jpg","datePublished":"2024-08-30T09:00:11+00:00","dateModified":"2025-05-09T08:46:03+00:00","description":"Objevte potenci\u00e1l vyu\u017eit\u00ed kal\u016f pro udr\u017eiteln\u00e9 nakl\u00e1d\u00e1n\u00ed s odpady.","breadcrumb":{"@id":"https:\/\/schlammtrocknung.com\/cs\/vyuziti-kalu\/#breadcrumb"},"inLanguage":"cs","potentialAction":[{"@type":"ReadAction","target":["https:\/\/schlammtrocknung.com\/cs\/vyuziti-kalu\/"]}]},{"@type":"ImageObject","inLanguage":"cs","@id":"https:\/\/schlammtrocknung.com\/cs\/vyuziti-kalu\/#primaryimage","url":"https:\/\/schlammtrocknung.com\/wp-content\/uploads\/2023\/05\/DSC_3747-scaled.jpg","contentUrl":"https:\/\/schlammtrocknung.com\/wp-content\/uploads\/2023\/05\/DSC_3747-scaled.jpg","width":2560,"height":1436},{"@type":"BreadcrumbList","@id":"https:\/\/schlammtrocknung.com\/cs\/vyuziti-kalu\/#breadcrumb","itemListElement":[{"@type":"ListItem","position":1,"name":"Startseite","item":"https:\/\/schlammtrocknung.com\/cs\/domovska-stranka-2\/"},{"@type":"ListItem","position":2,"name":"Vyu\u017eit\u00ed kalu"}]},{"@type":"WebSite","@id":"https:\/\/schlammtrocknung.com\/#website","url":"https:\/\/schlammtrocknung.com\/","name":"Schlammtrocknung | SDS - Schlammtrocknung","description":"Schlamm- L\u00f6sungen f\u00fcr Kl\u00e4rwerke, Industrie und Umwelt","publisher":{"@id":"https:\/\/schlammtrocknung.com\/#organization"},"potentialAction":[{"@type":"SearchAction","target":{"@type":"EntryPoint","urlTemplate":"https:\/\/schlammtrocknung.com\/?s={search_term_string}"},"query-input":{"@type":"PropertyValueSpecification","valueRequired":true,"valueName":"search_term_string"}}],"inLanguage":"cs"},{"@type":"Organization","@id":"https:\/\/schlammtrocknung.com\/#organization","name":"Schlammtrocknung | SDS - Schlammtrocknung","url":"https:\/\/schlammtrocknung.com\/","logo":{"@type":"ImageObject","inLanguage":"cs","@id":"https:\/\/schlammtrocknung.com\/#\/schema\/logo\/image\/","url":"https:\/\/schlammtrocknung.com\/wp-content\/uploads\/2023\/02\/logo_sds-1.png","contentUrl":"https:\/\/schlammtrocknung.com\/wp-content\/uploads\/2023\/02\/logo_sds-1.png","width":697,"height":187,"caption":"Schlammtrocknung | SDS - Schlammtrocknung"},"image":{"@id":"https:\/\/schlammtrocknung.com\/#\/schema\/logo\/image\/"}}]}},"_links":{"self":[{"href":"https:\/\/schlammtrocknung.com\/cs\/wp-json\/wp\/v2\/pages\/2372","targetHints":{"allow":["GET"]}}],"collection":[{"href":"https:\/\/schlammtrocknung.com\/cs\/wp-json\/wp\/v2\/pages"}],"about":[{"href":"https:\/\/schlammtrocknung.com\/cs\/wp-json\/wp\/v2\/types\/page"}],"author":[{"embeddable":true,"href":"https:\/\/schlammtrocknung.com\/cs\/wp-json\/wp\/v2\/users\/1"}],"replies":[{"embeddable":true,"href":"https:\/\/schlammtrocknung.com\/cs\/wp-json\/wp\/v2\/comments?post=2372"}],"version-history":[{"count":1,"href":"https:\/\/schlammtrocknung.com\/cs\/wp-json\/wp\/v2\/pages\/2372\/revisions"}],"predecessor-version":[{"id":2375,"href":"https:\/\/schlammtrocknung.com\/cs\/wp-json\/wp\/v2\/pages\/2372\/revisions\/2375"}],"wp:featuredmedia":[{"embeddable":true,"href":"https:\/\/schlammtrocknung.com\/cs\/wp-json\/wp\/v2\/media\/1374"}],"wp:attachment":[{"href":"https:\/\/schlammtrocknung.com\/cs\/wp-json\/wp\/v2\/media?parent=2372"}],"curies":[{"name":"wp","href":"https:\/\/api.w.org\/{rel}","templated":true}]}}