{"id":2392,"date":"2024-08-30T11:22:58","date_gmt":"2024-08-30T09:22:58","guid":{"rendered":"https:\/\/schlammtrocknung.com\/proces-suseni-kalu\/"},"modified":"2025-05-09T10:46:12","modified_gmt":"2025-05-09T08:46:12","slug":"proces-suseni-kalu","status":"publish","type":"page","link":"https:\/\/schlammtrocknung.com\/cs\/proces-suseni-kalu\/","title":{"rendered":"Proces su\u0161en\u00ed kalu"},"content":{"rendered":"<div class=\"wpb-content-wrapper\"><p>[vc_row][vc_column][vc_custom_heading text=&#8220;Su\u0161en\u00ed kalu pomoc\u00ed proces\u016f, kter\u00e9 stanovuj\u00ed normy&#8220; font_container=&#8220;tag:h1|text_align:center|color:%23728d2a&#8220; use_theme_fonts=&#8220;yes&#8220;][vc_column_text]<\/p>\n<p style=\"text-align: center;\"><span style=\"font-weight: 400;\">Udr\u017eiteln\u00fd <\/span><b>su\u0161en\u00ed kal\u016f<\/b><span style=\"font-weight: 400;\"> pot\u0159ebuje <\/span><b>procesy<\/b><span style=\"font-weight: 400;\">kter\u00e9 vyu\u017e\u00edvaj\u00ed modern\u00ed technologie a funguj\u00ed efektivn\u011b. <\/span><b>michel SLUDGE-DRYING-SYSTEMS <\/b> <span style=\"font-weight: 400;\">nab\u00edz\u00ed pokro\u010dil\u00e9 integrovan\u00e9 syst\u00e9my pro efektivn\u00ed su\u0161en\u00ed kal\u016f v jedin\u00e9m stroji. Optimalizujte recyklaci pr\u016fmyslov\u00fdch kal\u016f pomoc\u00ed na\u0161ich pokro\u010dil\u00fdch \u0159e\u0161en\u00ed. <\/span><\/p>\n<p>[\/vc_column_text][\/vc_column][\/vc_row][vc_row][vc_column width=&#8220;1\/2&#8243;][vc_custom_heading text=&#8220;Co je su\u0161en\u00ed kalu a k \u010demu je dobr\u00e9?&#8220; font_container=&#8220;tag:h2|text_align:left|color:%23728d2a&#8220; use_theme_fonts=&#8220;yes&#8220;][vc_message]<i><span style=\"font-weight: 400;\">Co je su\u0161en\u00ed kalu?<\/span><\/i><\/p>\n<p><i><span style=\"font-weight: 400;\">Su\u0161en\u00ed kal\u016f je proces odstra\u0148ov\u00e1n\u00ed vody z kal\u016f vznikaj\u00edc\u00edch p\u0159i r\u016fzn\u00fdch pr\u016fmyslov\u00fdch, zem\u011bd\u011blsk\u00fdch nebo komun\u00e1ln\u00edch procesech. Tento proces m\u00e1 z\u00e1sadn\u00ed v\u00fdznam pro sn\u00ed\u017een\u00ed objemu, sn\u00ed\u017een\u00ed n\u00e1klad\u016f na p\u0159epravu a likvidaci a v\u00fdm\u011bnu CO2 a umo\u017e\u0148uje bezpe\u010dn\u00e9 op\u011btovn\u00e9 pou\u017eit\u00ed nebo likvidaci kalu. <\/span><\/i>[\/vc_message][vc_column_text]<span style=\"font-weight: 400;\">Su\u0161en\u00fd kal lze pou\u017e\u00edt jako <\/span><b>jako palivo, hnojivo nebo p\u0159i v\u00fdrob\u011b materi\u00e1l\u016f.<\/b><span style=\"font-weight: 400;\">  To znamen\u00e1, \u017ee kaly mohou b\u00fdt vyu\u017eity, co\u017e \u0161et\u0159\u00ed zdroje a chr\u00e1n\u00ed \u017eivotn\u00ed prost\u0159ed\u00ed. Nejprve v\u0161ak mus\u00ed proj\u00edt speci\u00e1ln\u00edm procesem su\u0161en\u00ed kalu. <\/span>[\/vc_column_text][\/vc_column][vc_column width=&#8220;1\/2&#8243;][vc_single_image image=&#8220;280&#8243; img_size=&#8220;full&#8220;][\/vc_column][\/vc_row][vc_row][vc_column][vc_custom_heading text=&#8220;P\u0159ehled procesn\u00edch krok\u016f su\u0161en\u00ed kalu&#8220; font_container=&#8220;tag:h2|text_align:center|color:%23728d2a&#8220; use_theme_fonts=&#8220;yes&#8220;][\/vc_column][\/vc_row][vc_row][vc_column width=&#8220;1\/2&#8243;][vc_column_text]<\/p>\n<ul>\n<li style=\"font-weight: 400; text-align: left;\" aria-level=\"1\"><span style=\"font-weight: 400;\">P\u0159ed\u00faprava kalu, nap\u0159. v \u010dist\u00edrn\u011b odpadn\u00edch vod.<\/span><\/li>\n<li style=\"font-weight: 400; text-align: left;\" aria-level=\"1\"><span style=\"font-weight: 400;\">Kondicionov\u00e1n\u00ed pro proces su\u0161en\u00ed<\/span><\/li>\n<li style=\"font-weight: 400; text-align: left;\" aria-level=\"1\"><span style=\"font-weight: 400;\">P\u0159\u00edvod do su\u0161ic\u00edho syst\u00e9mu<\/span><\/li>\n<li style=\"font-weight: 400; text-align: left;\" aria-level=\"1\"><span style=\"font-weight: 400;\">Pou\u017eit\u00ed kontaktn\u00edho a konvek\u010dn\u00edho tepla<\/span><\/li>\n<li style=\"font-weight: 400; text-align: left;\" aria-level=\"1\"><span style=\"font-weight: 400;\">Pr\u016fb\u011b\u017en\u00fd pohyb kalu<\/span><\/li>\n<li style=\"font-weight: 400; text-align: left;\" aria-level=\"1\"><span style=\"font-weight: 400;\">Odstran\u011bn\u00ed vlhkosti<\/span><\/li>\n<li style=\"font-weight: 400; text-align: left;\" aria-level=\"1\"><span style=\"font-weight: 400;\">Sb\u011br vysu\u0161en\u00e9ho kalu<\/span><\/li>\n<li style=\"font-weight: 400; text-align: left;\" aria-level=\"1\"><span style=\"font-weight: 400;\">Likvidace nebo recyklace<\/span><\/li>\n<\/ul>\n<p>[\/vc_column_text][\/vc_column][vc_column width=&#8220;1\/2&#8243;][vc_single_image image=&#8220;1177&#8243; img_size=&#8220;full&#8220;][\/vc_column][\/vc_row][vc_row][vc_column width=&#8220;1\/2&#8243;][vc_single_image image=&#8220;1217&#8243; img_size=&#8220;full&#8220;][\/vc_column][vc_column width=&#8220;1\/2&#8243;][vc_custom_heading text=&#8220;Odvod\u0148ov\u00e1n\u00ed a su\u0161en\u00ed kal\u016f &#8211; jak proces funguje&#8220; font_container=&#8220;tag:h2|text_align:center|color:%23728d2a&#8220; use_theme_fonts=&#8220;yes&#8220;][vc_column_text]<\/p>\n<p style=\"text-align: center;\"><span style=\"font-weight: 400;\">\u00dast\u0159edn\u00edm prvkem modul\u00e1rn\u00edch syst\u00e9m\u016f michel SLUDGE-DRYING-SYSTEMS je inovativn\u00ed syst\u00e9m <\/span><b>proces su\u0161en\u00ed<\/b><span style=\"font-weight: 400;\">kter\u00e1 prob\u00edh\u00e1 v jednom integrovan\u00e9m stroji. Na str\u00e1nk\u00e1ch   <\/span><b>Aplikace tepla a nep\u0159etr\u017eit\u00fd pohyb <\/b><span style=\"font-weight: 400;\">je zam\u011b\u0159eno na \u00fa\u010dinn\u00e9 odpa\u0159ov\u00e1n\u00ed vody z kalu. <\/span> <\/p>\n<p style=\"text-align: center;\"><span style=\"font-weight: 400;\">D\u00edky pou\u017eit\u00ed nejmodern\u011bj\u0161\u00edch technologi\u00ed, jako je nap\u0159. <\/span><b>n\u00edzkoteplotn\u00ed su\u0161en\u00ed<\/b><span style=\"font-weight: 400;\"> a na\u0161\u00ed <\/span><b>IntelligentDrySystem .<\/b><b>\u00ae<\/b><span style=\"font-weight: 400;\">  spot\u0159eba energie je minimalizov\u00e1na. N\u00e1\u0161 syst\u00e9m se automaticky p\u0159izp\u016fsobuje   <\/span><a href=\"http:\/\/schlammtrocknung.com\/leistungen\"><span style=\"font-weight: 400;\">R\u016fzn\u00e9 typy kal\u016f<\/span><\/a><span style=\"font-weight: 400;\">  co\u017e zaji\u0161\u0165uje vysokou m\u00edru flexibility a efektivity. Tento proces nejen\u017ee zaji\u0161\u0165uje v\u00fdrazn\u00e9 sn\u00ed\u017een\u00ed   <\/span><a href=\"http:\/\/www.schlammtrocknung.com\/glossar\/wassergehalt\"><span style=\"font-weight: 400;\">obsah vody<\/span><\/a><span style=\"font-weight: 400;\"> a\u017e do 10 %, ale tak\u00e9 pro zv\u00fd\u0161en\u00ed kvality such\u00e9 hmoty. <\/span><b>such\u00e9 l\u00e1tky<\/b><span style=\"font-weight: 400;\">.<\/span><\/p>\n<p>[\/vc_column_text][\/vc_column][\/vc_row][vc_row][vc_column][vc_column_text]<b>Jak funguje n\u00e1\u0161 inovativn\u00ed syst\u00e9m n\u00edzkoteplotn\u00edho su\u0161en\u00ed<\/b><\/p>\n<p><span style=\"font-weight: 400;\">Na str\u00e1nk\u00e1ch <\/span><a href=\"https:\/\/schlammtrocknung.com\/cs\/nizkoteplotni-susicka\/\"><span style=\"font-weight: 400;\">n\u00edzkoteplotn\u00ed su\u0161i\u010dka<\/span><\/a><span style=\"font-weight: 400;\">  od spole\u010dnosti Michel SLUDGE-DRYING-SYSTEMS umo\u017e\u0148uj\u00ed \u00fa\u010dinn\u00e9 su\u0161en\u00ed kal\u016f p\u0159i n\u00edzk\u00fdch teplot\u00e1ch, kter\u00e9 zachov\u00e1v\u00e1 chemick\u00e9 slo\u017een\u00ed materi\u00e1lu a z\u00e1rove\u0148 zabra\u0148uje emis\u00edm \u0161kodliv\u00fdm pro \u017eivotn\u00ed prost\u0159ed\u00ed. Tato pokro\u010dil\u00e1 technologie vyu\u017e\u00edv\u00e1 \u0159\u00edzen\u00e9 teplo k c\u00edlen\u00e9mu odpa\u0159ov\u00e1n\u00ed vlhkosti, co\u017e v\u00fdrazn\u011b sni\u017euje spot\u0159ebu energie a \u0161etrn\u011b zach\u00e1z\u00ed s materi\u00e1lem.   <\/span><\/p>\n<p><span style=\"font-weight: 400;\">V na\u0161em<\/span><b> modul\u00e1rn\u00edch su\u0161\u00edc\u00edch syst\u00e9m\u016f<\/b><span style=\"font-weight: 400;\">kter\u00e9 lze konfigurovat v r\u016fzn\u00fdch velikostech a podle individu\u00e1ln\u00edch po\u017eadavk\u016f, je tato technologie integrov\u00e1na tak, aby minimalizovala obsah vody v kalu a maximalizovala energetickou \u00fa\u010dinnost. Pou\u017eit\u00edm n\u00edzkoteplotn\u00edch su\u0161i\u010dek v t\u011bchto syst\u00e9mech lze v\u00fdrazn\u011b sn\u00ed\u017eit provozn\u00ed n\u00e1klady, sn\u00ed\u017eit emise CO\u2082 a p\u0159edej\u00edt probl\u00e9m\u016fm s odpadn\u00edmi vodami. <\/span>[\/vc_column_text][vc_custom_heading text=&#8220;Neomezen\u00e9 mo\u017enosti vyu\u017eit\u00ed kalu po vysu\u0161en\u00ed&#8220; font_container=&#8220;tag:h2|text_align:center|color:%23728d2a&#8220; use_theme_fonts=&#8220;yes&#8220;][vc_column_text]<span style=\"font-weight: 400;\">Po vysu\u0161en\u00ed lze zpracovan\u00fd kal vyu\u017e\u00edt r\u016fzn\u00fdmi zp\u016fsoby. Slou\u017e\u00ed jako   <\/span><b>obnoviteln\u00fd zdroj energie<\/b><span style=\"font-weight: 400;\">se st\u00e1v\u00e1 ekologick\u00fdm <\/span><b>hnojiva<\/b><span style=\"font-weight: 400;\"> zpracov\u00e1v\u00e1ny nebo pou\u017e\u00edv\u00e1ny v <\/span><b>stavebnictv\u00ed<\/b><span style=\"font-weight: 400;\">  se pou\u017e\u00edv\u00e1 jako agreg\u00e1t. Toto dal\u0161\u00ed zpracov\u00e1n\u00ed podporuje udr\u017eiteln\u00e9 ob\u011bhov\u00e9 hospod\u00e1\u0159stv\u00ed a pom\u00e1h\u00e1 \u0161et\u0159it p\u0159\u00edrodn\u00ed zdroje. <\/span>[\/vc_column_text][\/vc_column][vc_column][vc_custom_heading text=&#8220;\u0160pi\u010dkov\u00e9 procesy su\u0161en\u00ed kal\u016f s michel SLUDGE-DRYING-SYSTEMS&#8220; font_container=&#8220;tag:h2|text_align:center|color:%23728d2a&#8220; use_theme_fonts=&#8220;yes&#8220;][vc_column_text]<span style=\"font-weight: 400;\">Zvy\u0161te svou efektivitu a udr\u017eitelnost pomoc\u00ed pokro\u010dil\u00fdch za\u0159\u00edzen\u00ed a proces\u016f su\u0161en\u00ed kal\u016f od spole\u010dnosti michel SLUDGE-DRYING-SYSTEMS. Kontaktujte n\u00e1s nyn\u00ed a zjist\u011bte v\u00edce o na\u0161ich technologi\u00edch a o tom, jak m\u016f\u017eete revolu\u010dn\u011b zm\u011bnit odvod\u0148ov\u00e1n\u00ed kal\u016f. <\/span><\/p>\n<p style=\"text-align: center;\"><a href=\"https:\/\/schlammtrocknung.com\/cs\/kontaktujte-nas\/\">Spojte se s n\u00e1mi!<\/a><\/p>\n<p>[\/vc_column_text][vc_empty_space height=&#8220;100px&#8220;][\/vc_column][\/vc_row][vc_row][vc_column][vc_column_text]<\/p>\n<h2>\u010casto kladen\u00e9 ot\u00e1zky &#8211; \u010dasto kladen\u00e9 ot\u00e1zky k procesu su\u0161en\u00ed kalu<\/h2>\n<p>[\/vc_column_text][vc_toggle title=&#8220;Co p\u0159esn\u011b zahrnuje p\u0159ed\u00faprava kalu v procesu su\u0161en\u00ed kalu?&#8220;]<span style=\"font-weight: 400;\">P\u0159ed\u00faprava kalu zahrnuje kroky \u00fapravy, jako je \u00faprava hodnoty pH, p\u0159id\u00e1n\u00ed flokulant\u016f a homogenizace konzistence, aby se optimalizovala \u00fa\u010dinnost su\u0161en\u00ed a zabr\u00e1nilo se ucp\u00e1v\u00e1n\u00ed.<\/span>[\/vc_toggle][vc_toggle title=&#8220;Jak prob\u00edh\u00e1 proces su\u0161en\u00ed p\u0159i su\u0161en\u00ed kal\u016f?&#8220;]<span style=\"font-weight: 400;\">Proces su\u0161en\u00ed vyu\u017e\u00edv\u00e1 teplo a tlak k \u00fa\u010dinn\u00e9mu odpa\u0159en\u00ed vody z kalu. Pou\u017eit\u00ed n\u00edzkoteplotn\u00edch technologi\u00ed minimalizuje spot\u0159ebu energie, zat\u00edmco flexibilita je zaji\u0161t\u011bna p\u0159izp\u016fsobivost\u00ed r\u016fzn\u00fdm typ\u016fm kal\u016f. <\/span>[\/vc_toggle][vc_toggle title=&#8220;Jak\u00e9 mo\u017enosti nab\u00edz\u00ed su\u0161en\u00fd kal po zpracov\u00e1n\u00ed?&#8220;]<span style=\"font-weight: 400;\">Su\u0161en\u00e9 kaly lze vyu\u017e\u00edt r\u016fzn\u00fdmi zp\u016fsoby, nap\u0159\u00edklad jako obnoviteln\u00fd zdroj energie, ekologick\u00e9 hnojivo nebo jako kamenivo ve stavebnictv\u00ed. Tato vyu\u017eit\u00ed podporuj\u00ed udr\u017eiteln\u00e9 ob\u011bhov\u00e9 hospod\u00e1\u0159stv\u00ed a pom\u00e1haj\u00ed \u0161et\u0159it p\u0159\u00edrodn\u00ed zdroje. <\/span>[\/vc_toggle][vc_empty_space height=&#8220;100px&#8220;][\/vc_column][\/vc_row]<\/p>\n<\/div>","protected":false},"excerpt":{"rendered":"<p>[vc_row][vc_column][vc_custom_heading text=&#8220;Su\u0161en\u00ed kalu pomoc\u00ed proces\u016f, kter\u00e9 stanovuj\u00ed normy&#8220; font_container=&#8220;tag:h1|text_align:center|color:%23728d2a&#8220; use_theme_fonts=&#8220;yes&#8220;][vc_column_text] Udr\u017eiteln\u00fd su\u0161en\u00ed kal\u016f pot\u0159ebuje procesykter\u00e9 vyu\u017e\u00edvaj\u00ed modern\u00ed technologie a funguj\u00ed efektivn\u011b. michel SLUDGE-DRYING-SYSTEMS nab\u00edz\u00ed pokro\u010dil\u00e9 integrovan\u00e9 syst\u00e9my pro efektivn\u00ed su\u0161en\u00ed kal\u016f v jedin\u00e9m stroji. Optimalizujte recyklaci pr\u016fmyslov\u00fdch kal\u016f pomoc\u00ed na\u0161ich pokro\u010dil\u00fdch \u0159e\u0161en\u00ed. [\/vc_column_text][\/vc_column][\/vc_row][vc_row][vc_column width=&#8220;1\/2&#8243;][vc_custom_heading text=&#8220;Co je su\u0161en\u00ed kalu a k \u010demu je dobr\u00e9?&#8220; font_container=&#8220;tag:h2|text_align:left|color:%23728d2a&#8220; use_theme_fonts=&#8220;yes&#8220;][vc_message]Co&hellip;<\/p>\n","protected":false},"author":1,"featured_media":1374,"parent":0,"menu_order":0,"comment_status":"closed","ping_status":"closed","template":"","meta":{"footnotes":""},"class_list":["post-2392","page","type-page","status-publish","has-post-thumbnail","hentry","description-off"],"yoast_head":"<!-- This site is optimized with the Yoast SEO plugin v27.4 - https:\/\/yoast.com\/product\/yoast-seo-wordpress\/ -->\n<title>Proces su\u0161en\u00ed kalu | Michelsk\u00e9 su\u0161en\u00ed kalu<\/title>\n<meta name=\"description\" content=\"Optimalizujte vyu\u017eit\u00ed pr\u016fmyslov\u00fdch kal\u016f pomoc\u00ed proces\u016f su\u0161en\u00ed kal\u016f od spole\u010dnosti michel SLUDGE-DRYING-SYSTEMS.\" \/>\n<meta name=\"robots\" content=\"index, follow, max-snippet:-1, max-image-preview:large, max-video-preview:-1\" \/>\n<link rel=\"canonical\" href=\"https:\/\/schlammtrocknung.com\/cs\/proces-suseni-kalu\/\" \/>\n<meta property=\"og:locale\" content=\"cs_CZ\" \/>\n<meta property=\"og:type\" content=\"article\" \/>\n<meta property=\"og:title\" content=\"Proces su\u0161en\u00ed kalu | Michelsk\u00e9 su\u0161en\u00ed kalu\" \/>\n<meta property=\"og:description\" content=\"Optimalizujte vyu\u017eit\u00ed pr\u016fmyslov\u00fdch kal\u016f pomoc\u00ed proces\u016f su\u0161en\u00ed kal\u016f od spole\u010dnosti michel SLUDGE-DRYING-SYSTEMS.\" \/>\n<meta property=\"og:url\" content=\"https:\/\/schlammtrocknung.com\/cs\/proces-suseni-kalu\/\" \/>\n<meta property=\"og:site_name\" content=\"Schlammtrocknung \u2013 michel SLUDGE DRYING SYSTEM\" \/>\n<meta property=\"article:modified_time\" content=\"2025-05-09T08:46:12+00:00\" \/>\n<meta property=\"og:image\" content=\"https:\/\/schlammtrocknung.com\/wp-content\/uploads\/2023\/05\/DSC_3747-scaled.jpg\" \/>\n\t<meta property=\"og:image:width\" content=\"2560\" \/>\n\t<meta property=\"og:image:height\" content=\"1436\" \/>\n\t<meta property=\"og:image:type\" content=\"image\/jpeg\" \/>\n<meta name=\"twitter:card\" content=\"summary_large_image\" \/>\n<meta name=\"twitter:label1\" content=\"Odhadovan\u00e1 doba \u010dten\u00ed\" \/>\n\t<meta name=\"twitter:data1\" content=\"6 minut\" \/>\n<script type=\"application\/ld+json\" class=\"yoast-schema-graph\">{\"@context\":\"https:\\\/\\\/schema.org\",\"@graph\":[{\"@type\":\"WebPage\",\"@id\":\"https:\\\/\\\/schlammtrocknung.com\\\/cs\\\/proces-suseni-kalu\\\/\",\"url\":\"https:\\\/\\\/schlammtrocknung.com\\\/cs\\\/proces-suseni-kalu\\\/\",\"name\":\"Proces su\u0161en\u00ed kalu | Michelsk\u00e9 su\u0161en\u00ed kalu\",\"isPartOf\":{\"@id\":\"https:\\\/\\\/schlammtrocknung.com\\\/#website\"},\"primaryImageOfPage\":{\"@id\":\"https:\\\/\\\/schlammtrocknung.com\\\/cs\\\/proces-suseni-kalu\\\/#primaryimage\"},\"image\":{\"@id\":\"https:\\\/\\\/schlammtrocknung.com\\\/cs\\\/proces-suseni-kalu\\\/#primaryimage\"},\"thumbnailUrl\":\"https:\\\/\\\/schlammtrocknung.com\\\/wp-content\\\/uploads\\\/2023\\\/05\\\/DSC_3747-scaled.jpg\",\"datePublished\":\"2024-08-30T09:22:58+00:00\",\"dateModified\":\"2025-05-09T08:46:12+00:00\",\"description\":\"Optimalizujte vyu\u017eit\u00ed pr\u016fmyslov\u00fdch kal\u016f pomoc\u00ed proces\u016f su\u0161en\u00ed kal\u016f od spole\u010dnosti michel SLUDGE-DRYING-SYSTEMS.\",\"breadcrumb\":{\"@id\":\"https:\\\/\\\/schlammtrocknung.com\\\/cs\\\/proces-suseni-kalu\\\/#breadcrumb\"},\"inLanguage\":\"cs\",\"potentialAction\":[{\"@type\":\"ReadAction\",\"target\":[\"https:\\\/\\\/schlammtrocknung.com\\\/cs\\\/proces-suseni-kalu\\\/\"]}]},{\"@type\":\"ImageObject\",\"inLanguage\":\"cs\",\"@id\":\"https:\\\/\\\/schlammtrocknung.com\\\/cs\\\/proces-suseni-kalu\\\/#primaryimage\",\"url\":\"https:\\\/\\\/schlammtrocknung.com\\\/wp-content\\\/uploads\\\/2023\\\/05\\\/DSC_3747-scaled.jpg\",\"contentUrl\":\"https:\\\/\\\/schlammtrocknung.com\\\/wp-content\\\/uploads\\\/2023\\\/05\\\/DSC_3747-scaled.jpg\",\"width\":2560,\"height\":1436},{\"@type\":\"BreadcrumbList\",\"@id\":\"https:\\\/\\\/schlammtrocknung.com\\\/cs\\\/proces-suseni-kalu\\\/#breadcrumb\",\"itemListElement\":[{\"@type\":\"ListItem\",\"position\":1,\"name\":\"Startseite\",\"item\":\"https:\\\/\\\/schlammtrocknung.com\\\/cs\\\/domovska-stranka-2\\\/\"},{\"@type\":\"ListItem\",\"position\":2,\"name\":\"Proces su\u0161en\u00ed kalu\"}]},{\"@type\":\"WebSite\",\"@id\":\"https:\\\/\\\/schlammtrocknung.com\\\/#website\",\"url\":\"https:\\\/\\\/schlammtrocknung.com\\\/\",\"name\":\"Schlammtrocknung | SDS - Schlammtrocknung\",\"description\":\"Schlamm- L\u00f6sungen f\u00fcr Kl\u00e4rwerke, Industrie und Umwelt\",\"publisher\":{\"@id\":\"https:\\\/\\\/schlammtrocknung.com\\\/#organization\"},\"potentialAction\":[{\"@type\":\"SearchAction\",\"target\":{\"@type\":\"EntryPoint\",\"urlTemplate\":\"https:\\\/\\\/schlammtrocknung.com\\\/?s={search_term_string}\"},\"query-input\":{\"@type\":\"PropertyValueSpecification\",\"valueRequired\":true,\"valueName\":\"search_term_string\"}}],\"inLanguage\":\"cs\"},{\"@type\":\"Organization\",\"@id\":\"https:\\\/\\\/schlammtrocknung.com\\\/#organization\",\"name\":\"Schlammtrocknung | SDS - Schlammtrocknung\",\"url\":\"https:\\\/\\\/schlammtrocknung.com\\\/\",\"logo\":{\"@type\":\"ImageObject\",\"inLanguage\":\"cs\",\"@id\":\"https:\\\/\\\/schlammtrocknung.com\\\/#\\\/schema\\\/logo\\\/image\\\/\",\"url\":\"https:\\\/\\\/schlammtrocknung.com\\\/wp-content\\\/uploads\\\/2023\\\/02\\\/logo_sds-1.png\",\"contentUrl\":\"https:\\\/\\\/schlammtrocknung.com\\\/wp-content\\\/uploads\\\/2023\\\/02\\\/logo_sds-1.png\",\"width\":697,\"height\":187,\"caption\":\"Schlammtrocknung | SDS - Schlammtrocknung\"},\"image\":{\"@id\":\"https:\\\/\\\/schlammtrocknung.com\\\/#\\\/schema\\\/logo\\\/image\\\/\"}}]}<\/script>\n<!-- \/ Yoast SEO plugin. -->","yoast_head_json":{"title":"Proces su\u0161en\u00ed kalu | Michelsk\u00e9 su\u0161en\u00ed kalu","description":"Optimalizujte vyu\u017eit\u00ed pr\u016fmyslov\u00fdch kal\u016f pomoc\u00ed proces\u016f su\u0161en\u00ed kal\u016f od spole\u010dnosti michel SLUDGE-DRYING-SYSTEMS.","robots":{"index":"index","follow":"follow","max-snippet":"max-snippet:-1","max-image-preview":"max-image-preview:large","max-video-preview":"max-video-preview:-1"},"canonical":"https:\/\/schlammtrocknung.com\/cs\/proces-suseni-kalu\/","og_locale":"cs_CZ","og_type":"article","og_title":"Proces su\u0161en\u00ed kalu | Michelsk\u00e9 su\u0161en\u00ed kalu","og_description":"Optimalizujte vyu\u017eit\u00ed pr\u016fmyslov\u00fdch kal\u016f pomoc\u00ed proces\u016f su\u0161en\u00ed kal\u016f od spole\u010dnosti michel SLUDGE-DRYING-SYSTEMS.","og_url":"https:\/\/schlammtrocknung.com\/cs\/proces-suseni-kalu\/","og_site_name":"Schlammtrocknung \u2013 michel SLUDGE DRYING SYSTEM","article_modified_time":"2025-05-09T08:46:12+00:00","og_image":[{"width":2560,"height":1436,"url":"https:\/\/schlammtrocknung.com\/wp-content\/uploads\/2023\/05\/DSC_3747-scaled.jpg","type":"image\/jpeg"}],"twitter_card":"summary_large_image","twitter_misc":{"Odhadovan\u00e1 doba \u010dten\u00ed":"6 minut"},"schema":{"@context":"https:\/\/schema.org","@graph":[{"@type":"WebPage","@id":"https:\/\/schlammtrocknung.com\/cs\/proces-suseni-kalu\/","url":"https:\/\/schlammtrocknung.com\/cs\/proces-suseni-kalu\/","name":"Proces su\u0161en\u00ed kalu | Michelsk\u00e9 su\u0161en\u00ed kalu","isPartOf":{"@id":"https:\/\/schlammtrocknung.com\/#website"},"primaryImageOfPage":{"@id":"https:\/\/schlammtrocknung.com\/cs\/proces-suseni-kalu\/#primaryimage"},"image":{"@id":"https:\/\/schlammtrocknung.com\/cs\/proces-suseni-kalu\/#primaryimage"},"thumbnailUrl":"https:\/\/schlammtrocknung.com\/wp-content\/uploads\/2023\/05\/DSC_3747-scaled.jpg","datePublished":"2024-08-30T09:22:58+00:00","dateModified":"2025-05-09T08:46:12+00:00","description":"Optimalizujte vyu\u017eit\u00ed pr\u016fmyslov\u00fdch kal\u016f pomoc\u00ed proces\u016f su\u0161en\u00ed kal\u016f od spole\u010dnosti michel SLUDGE-DRYING-SYSTEMS.","breadcrumb":{"@id":"https:\/\/schlammtrocknung.com\/cs\/proces-suseni-kalu\/#breadcrumb"},"inLanguage":"cs","potentialAction":[{"@type":"ReadAction","target":["https:\/\/schlammtrocknung.com\/cs\/proces-suseni-kalu\/"]}]},{"@type":"ImageObject","inLanguage":"cs","@id":"https:\/\/schlammtrocknung.com\/cs\/proces-suseni-kalu\/#primaryimage","url":"https:\/\/schlammtrocknung.com\/wp-content\/uploads\/2023\/05\/DSC_3747-scaled.jpg","contentUrl":"https:\/\/schlammtrocknung.com\/wp-content\/uploads\/2023\/05\/DSC_3747-scaled.jpg","width":2560,"height":1436},{"@type":"BreadcrumbList","@id":"https:\/\/schlammtrocknung.com\/cs\/proces-suseni-kalu\/#breadcrumb","itemListElement":[{"@type":"ListItem","position":1,"name":"Startseite","item":"https:\/\/schlammtrocknung.com\/cs\/domovska-stranka-2\/"},{"@type":"ListItem","position":2,"name":"Proces su\u0161en\u00ed kalu"}]},{"@type":"WebSite","@id":"https:\/\/schlammtrocknung.com\/#website","url":"https:\/\/schlammtrocknung.com\/","name":"Schlammtrocknung | SDS - Schlammtrocknung","description":"Schlamm- L\u00f6sungen f\u00fcr Kl\u00e4rwerke, Industrie und Umwelt","publisher":{"@id":"https:\/\/schlammtrocknung.com\/#organization"},"potentialAction":[{"@type":"SearchAction","target":{"@type":"EntryPoint","urlTemplate":"https:\/\/schlammtrocknung.com\/?s={search_term_string}"},"query-input":{"@type":"PropertyValueSpecification","valueRequired":true,"valueName":"search_term_string"}}],"inLanguage":"cs"},{"@type":"Organization","@id":"https:\/\/schlammtrocknung.com\/#organization","name":"Schlammtrocknung | SDS - Schlammtrocknung","url":"https:\/\/schlammtrocknung.com\/","logo":{"@type":"ImageObject","inLanguage":"cs","@id":"https:\/\/schlammtrocknung.com\/#\/schema\/logo\/image\/","url":"https:\/\/schlammtrocknung.com\/wp-content\/uploads\/2023\/02\/logo_sds-1.png","contentUrl":"https:\/\/schlammtrocknung.com\/wp-content\/uploads\/2023\/02\/logo_sds-1.png","width":697,"height":187,"caption":"Schlammtrocknung | SDS - Schlammtrocknung"},"image":{"@id":"https:\/\/schlammtrocknung.com\/#\/schema\/logo\/image\/"}}]}},"_links":{"self":[{"href":"https:\/\/schlammtrocknung.com\/cs\/wp-json\/wp\/v2\/pages\/2392","targetHints":{"allow":["GET"]}}],"collection":[{"href":"https:\/\/schlammtrocknung.com\/cs\/wp-json\/wp\/v2\/pages"}],"about":[{"href":"https:\/\/schlammtrocknung.com\/cs\/wp-json\/wp\/v2\/types\/page"}],"author":[{"embeddable":true,"href":"https:\/\/schlammtrocknung.com\/cs\/wp-json\/wp\/v2\/users\/1"}],"replies":[{"embeddable":true,"href":"https:\/\/schlammtrocknung.com\/cs\/wp-json\/wp\/v2\/comments?post=2392"}],"version-history":[{"count":2,"href":"https:\/\/schlammtrocknung.com\/cs\/wp-json\/wp\/v2\/pages\/2392\/revisions"}],"predecessor-version":[{"id":2394,"href":"https:\/\/schlammtrocknung.com\/cs\/wp-json\/wp\/v2\/pages\/2392\/revisions\/2394"}],"wp:featuredmedia":[{"embeddable":true,"href":"https:\/\/schlammtrocknung.com\/cs\/wp-json\/wp\/v2\/media\/1374"}],"wp:attachment":[{"href":"https:\/\/schlammtrocknung.com\/cs\/wp-json\/wp\/v2\/media?parent=2392"}],"curies":[{"name":"wp","href":"https:\/\/api.w.org\/{rel}","templated":true}]}}