{"id":2398,"date":"2024-09-04T11:08:22","date_gmt":"2024-09-04T09:08:22","guid":{"rendered":"https:\/\/schlammtrocknung.com\/sluzby\/suseni-biologickeho-kalu\/"},"modified":"2025-05-09T10:46:18","modified_gmt":"2025-05-09T08:46:18","slug":"suseni-biologickeho-kalu","status":"publish","type":"page","link":"https:\/\/schlammtrocknung.com\/cs\/sluzby\/suseni-biologickeho-kalu\/","title":{"rendered":"Su\u0161en\u00ed biologick\u00e9ho kalu"},"content":{"rendered":"<div class=\"wpb-content-wrapper\"><p>[vc_row content_placement=&#8220;top&#8220;][vc_column][vc_column_text]<\/p>\n<h1 style=\"text-align: center;\"><span style=\"color: #728d2a;\">Udr\u017eiteln\u00e9 kompletn\u00ed \u0159e\u0161en\u00ed pro su\u0161en\u00ed biologick\u00e9ho kalu<\/span><\/h1>\n<p>&nbsp;[\/vc_column_text][vc_column_text]<\/p>\n<p style=\"text-align: center;\"><span style=\"font-weight: 400;\">Za\u017eijte, jak <\/span><b>michel SLUDGE-DRYING-SYSTEMS<\/b><span style=\"font-weight: 400;\"> s pokro\u010dil\u00fdmi technologiemi a revolu\u010dn\u00edmi syst\u00e9my pro va\u0161e <\/span><b>su\u0161en\u00ed biologick\u00e9ho kalu<\/b><span style=\"font-weight: 400;\"> efektivn\u00ed a \u0161etrn\u00e9 k \u017eivotn\u00edmu prost\u0159ed\u00ed. <\/span><b>P\u0159\u00edmo na m\u00edst\u011b, decentralizovan\u011b a hospod\u00e1rn\u011b!<\/b><\/p>\n<p>[\/vc_column_text][vc_empty_space height=&#8220;50px&#8220;][\/vc_column][\/vc_row][vc_row][vc_column][vc_cta h2=&#8220;Revoluce v su\u0161en\u00ed biologick\u00e9ho kalu pomoc\u00ed michel SLUDGE-DRYING-SYSTEMS&#8220; txt_align=&#8220;center&#8220; add_button=&#8220;bottom&#8220; btn_title=&#8220;Objevte \u0159e\u0161en\u00ed hned te\u010f!&#8220; btn_style=&#8220;gradient-custom&#8220; btn_gradient_custom_color_1=&#8220;#728d2a&#8220; btn_gradient_custom_color_2=&#8220;#728d2a&#8220; btn_align=&#8220;center&#8220; btn_link=&#8220;url:https%3A%2F%2Fschlammtrocknung.com%2Fcs%2Fkontaktujte-nas%2F|title:Kontaktujte%20n%C3%A1s|&#8220;]<\/p>\n<p style=\"text-align: center;\"><span style=\"font-weight: 400;\">Za\u010dn\u011bte <\/span><b>udr\u017eitelnou transformaci<\/b><span style=\"font-weight: 400;\">  s pokro\u010dil\u00fdmi \u0159e\u0161en\u00edmi od michel SLUDGE-DRYING-SYSTEMS. Na str\u00e1nk\u00e1ch   <\/span><b>Su\u0161en\u00ed biologick\u00e9ho kalu<\/b><span style=\"font-weight: 400;\"> s na\u0161imi syst\u00e9my nejen sni\u017euje va\u0161e provozn\u00ed n\u00e1klady, ale tak\u00e9 aktivn\u011b p\u0159isp\u00edv\u00e1 k <\/span><b>ochran\u011b \u017eivotn\u00edho prost\u0159ed\u00ed <\/b><span style=\"font-weight: 400;\">a .<\/span><b> ob\u011bhov\u00e9ho hospod\u00e1\u0159stv\u00ed<\/b><span style=\"font-weight: 400;\">. Kontaktujte n\u00e1s je\u0161t\u011b dnes a zjist\u011bte v\u00edce o na\u0161ich \u0159e\u0161en\u00edch su\u0161en\u00ed bioslo\u017eek.<\/span><\/p>\n<p>[\/vc_cta][vc_empty_space height=&#8220;50px&#8220;][\/vc_column][\/vc_row][vc_row][vc_column width=&#8220;2\/3&#8243;][vc_column_text]<\/p>\n<h2><span style=\"color: #728d2a;\">Stru\u010dn\u011b vysv\u011btleno: su\u0161en\u00ed biologick\u00e9ho kalu<\/span><\/h2>\n<p>[\/vc_column_text][vc_message]<i><span style=\"font-weight: 400;\">Co je to bioslo\u017eka?<\/span><\/i><\/p>\n<p><i><span style=\"font-weight: 400;\">Bioslo\u017eka je vedlej\u0161\u00ed produkt \u010di\u0161t\u011bn\u00ed odpadn\u00edch vod, kter\u00fd obsahuje organick\u00e9 zbytky a mikroorganismy. Tento recyklovateln\u00fd materi\u00e1l vznik\u00e1 p\u0159edev\u0161\u00edm v komun\u00e1ln\u00edch \u010dist\u00edrn\u00e1ch odpadn\u00edch vod a pr\u016fmyslov\u00fdch \u010dist\u00edrn\u00e1ch odpadn\u00edch vod. <\/span><\/i>[\/vc_message][vc_column_text]<span style=\"font-weight: 400;\">Tento kal obsahuje cenn\u00e9 <\/span><b>\u017eiviny<\/b><span style=\"font-weight: 400;\"> jako je dus\u00edk a <\/span><a href=\"http:\/\/schlammtrocknung.com\/blog\/phosphor-recycling\"><span style=\"font-weight: 400;\">fosfor<\/span><\/a><span style=\"font-weight: 400;\">Je v\u0161ak tak\u00e9 kontaminov\u00e1na zne\u010di\u0161\u0165uj\u00edc\u00edmi l\u00e1tkami, kter\u00e9 vy\u017eaduj\u00ed opatrn\u00e9 zach\u00e1zen\u00ed, aby se zabr\u00e1nilo ohro\u017een\u00ed \u017eivotn\u00edho prost\u0159ed\u00ed a zdrav\u00ed. Spr\u00e1vn\u00e9   <\/span><b>Zpracov\u00e1n\u00ed<\/b><span style=\"font-weight: 400;\"> bioslo\u017eky m\u00e1 z\u00e1sadn\u00ed v\u00fdznam pro vyu\u017eit\u00ed jej\u00ed hodnoty a z\u00e1rove\u0148 pro minimalizaci rizik.<\/span>[\/vc_column_text][vc_empty_space height=&#8220;70px&#8220;][\/vc_column][vc_column width=&#8220;1\/3&#8243;][vc_single_image image=&#8220;1172&#8243; img_size=&#8220;400&#215;450&#8243;][\/vc_column][\/vc_row][vc_row][vc_column width=&#8220;1\/2&#8243;][vc_single_image image=&#8220;376&#8243; img_size=&#8220;600&#215;500&#8243;][vc_empty_space height=&#8220;70px&#8220;][\/vc_column][vc_column width=&#8220;1\/2&#8243;][vc_column_text]<\/p>\n<h3><span style=\"color: #728d2a;\">Jak\u00fd potenci\u00e1l nab\u00edz\u00ed su\u0161en\u00ed bioskladu?<\/span><\/h3>\n<p><span style=\"font-weight: 400;\">Su\u0161en\u00ed bioslo\u017eky hraje rozhoduj\u00edc\u00ed roli p\u0159i minimalizaci objemu bioslo\u017eky. <\/span><b>minimalizaci objemu a hmotnosti<\/b><span style=\"font-weight: 400;\"> kalu, co\u017e zjednodu\u0161uje skladov\u00e1n\u00ed, p\u0159epravu a dal\u0161\u00ed zpracov\u00e1n\u00ed. <\/span><b>Such\u00fd biokal<\/b><span style=\"font-weight: 400;\"> m\u016f\u017ee b\u00fdt p\u0159epravov\u00e1n bezpe\u010dn\u011bji a hospod\u00e1rn\u011bji a nab\u00edz\u00ed mo\u017enosti pro <\/span><a href=\"http:\/\/schlammtrocknung.com\/schlammverwertung\"><span style=\"font-weight: 400;\">vyu\u017eit\u00ed kalu<\/span><\/a><span style=\"font-weight: 400;\"> nebo v\u00fdrobu energie. <\/span> <\/p>\n<p><span style=\"font-weight: 400;\">Sn\u00ed\u017een\u00edm <\/span><b>obsahu vody<\/b><span style=\"font-weight: 400;\"> na m\u00e9n\u011b ne\u017e 10 % se omez\u00ed mikrobi\u00e1ln\u00ed aktivita, co\u017e podporuje hygienizaci kalu a prodlu\u017euje jeho skladovatelnost.<\/span>[\/vc_column_text][\/vc_column][\/vc_row][vc_row][vc_column width=&#8220;1\/2&#8243;][vc_column_text]<\/p>\n<h2><span style=\"color: #728d2a;\">Su\u0161en\u00ed biologick\u00e9ho kalu pomoc\u00ed michel SLUDGE-DRYING-SYSTEMS &#8211; p\u0159ehled na\u0161eho procesu<\/span><\/h2>\n<p><span style=\"font-weight: 400;\">michel SLUDGE-DRYING-SYSTEMS vyu\u017e\u00edv\u00e1 <\/span><b>pokro\u010dil\u00e9 technologie<\/b><span style=\"font-weight: 400;\">k \u00fa\u010dinn\u00e9mu su\u0161en\u00ed biokal\u016f. Na\u0161e syst\u00e9my vyu\u017e\u00edvaj\u00ed   <\/span><b>Kombinace kontaktn\u00edho a konvek\u010dn\u00edho su\u0161en\u00ed<\/b><span style=\"font-weight: 400;\">k dosa\u017een\u00ed optim\u00e1ln\u00edch v\u00fdsledk\u016f. Tyto technologie umo\u017e\u0148uj\u00ed \u0161etrn\u00e9 su\u0161en\u00ed p\u0159i ni\u017e\u0161\u00edch teplot\u00e1ch a n\u00edzk\u00e9 spot\u0159eb\u011b energie. <\/span>[\/vc_column_text][\/vc_column][vc_column width=&#8220;1\/2&#8243;][vc_single_image image=&#8220;373&#8243; img_size=&#8220;600&#215;330&#8243;][vc_empty_space height=&#8220;70px&#8220;][\/vc_column][\/vc_row][vc_row][vc_column width=&#8220;1\/2&#8243;][vc_single_image image=&#8220;1173&#8243; img_size=&#8220;600&#215;400&#8243;][vc_empty_space height=&#8220;70px&#8220;][\/vc_column][vc_column width=&#8220;1\/2&#8243;][vc_column_text]<span style=\"font-weight: 400;\">Na\u0161e syst\u00e9my SDS pro <\/span><b>su\u0161en\u00ed biologick\u00e9ho kalu<\/b><span style=\"font-weight: 400;\"> jsou modul\u00e1rn\u00ed a dostupn\u00e9 v <\/span><b>r\u016fzn\u00fdch velikostech <\/b> <span style=\"font-weight: 400;\">k dispozici pro pot\u0159eby r\u016fzn\u00fdch z\u00e1kazn\u00edk\u016f. To umo\u017e\u0148uje flexibiln\u00ed a \u0161k\u00e1lovateln\u00e9 \u0159e\u0161en\u00ed, kter\u00e9 lze realizovat p\u0159\u00edmo v m\u00edst\u011b, kde kaly vznikaj\u00ed. Po vysu\u0161en\u00ed nab\u00edz\u00ed biokal \u0161irokou \u0161k\u00e1lu    <\/span><b>Mo\u017enosti vyu\u017eit\u00ed<\/b><span style=\"font-weight: 400;\">:<\/span><\/p>\n<ul>\n<li style=\"font-weight: 400;\" aria-level=\"1\"><b>Palivo:<\/b><span style=\"font-weight: 400;\"> Su\u0161en\u00fd biokal m\u016f\u017ee b\u00fdt pou\u017eit k v\u00fdrob\u011b energie v elektr\u00e1rn\u00e1ch na biomasu.<\/span><\/li>\n<li style=\"font-weight: 400;\" aria-level=\"1\"><b>Hnojivo:<\/b><span style=\"font-weight: 400;\"> D\u00edky vysok\u00e9mu obsahu \u017eivin lze su\u0161en\u00fd biokal pou\u017e\u00edvat jako hnojivo v zem\u011bd\u011blstv\u00ed.<\/span><\/li>\n<li style=\"font-weight: 400;\" aria-level=\"1\"><b>Stavebnictv\u00ed:<\/b><span style=\"font-weight: 400;\"> Su\u0161en\u00e9 kaly lze pou\u017e\u00edt jako kamenivo pro v\u00fdrobu stavebn\u00edch materi\u00e1l\u016f.<\/span><\/li>\n<\/ul>\n<p>[\/vc_column_text][\/vc_column][\/vc_row][vc_row][vc_column width=&#8220;1\/2&#8243;][vc_column_text]<\/p>\n<h2><span style=\"color: #728d2a;\">Decentralizovan\u00e9 a energeticky \u00fasporn\u00e9 &#8211; v\u00fdhody na\u0161eho syst\u00e9mu su\u0161en\u00ed biokal\u016f<\/span><\/h2>\n<p><span style=\"font-weight: 400;\">Syst\u00e9my su\u0161en\u00ed biologick\u00e9ho kalu od spole\u010dnosti michel SLUDGE-DRYING-SYSTEMS nab\u00edzej\u00ed \u0159adu v\u00fdhod:<\/span><\/p>\n<ul>\n<li style=\"font-weight: 400;\" aria-level=\"1\"><b>Decentralizovan\u00e9:<\/b><span style=\"font-weight: 400;\"> Lze realizovat p\u0159\u00edmo v m\u00edst\u011b p\u016fvodu, co\u017e sni\u017euje n\u00e1klady na dopravu a emise.<\/span><\/li>\n<li style=\"font-weight: 400;\" aria-level=\"1\"><b>\u0160etrn\u00e9 k \u017eivotn\u00edmu prost\u0159ed\u00ed:<\/b><span style=\"font-weight: 400;\"> \u017d\u00e1dn\u00e9 emise a n\u00edzk\u00e9 zne\u010di\u0161t\u011bn\u00ed CO\u2082.<\/span><\/li>\n<li style=\"font-weight: 400;\" aria-level=\"1\"><b>\u00dasporn\u00e9:<\/b><span style=\"font-weight: 400;\"> Sn\u00ed\u017een\u00e9 energetick\u00e9 n\u00e1roky d\u00edky su\u0161en\u00ed p\u0159i n\u00edzk\u00fdch teplot\u00e1ch.<\/span><\/li>\n<li style=\"font-weight: 400;\" aria-level=\"1\"><b>N\u00e1kladov\u011b efektivn\u00ed:<\/b><span style=\"font-weight: 400;\"> N\u00edzk\u00e9 provozn\u00ed n\u00e1klady d\u00edky efektivn\u00edmu vyu\u017eit\u00ed energie a sn\u00ed\u017een\u00fdm n\u00e1klad\u016fm na \u00fadr\u017ebu.<\/span><\/li>\n<li style=\"font-weight: 400;\" aria-level=\"1\"><b>Jemn\u00e9:<\/b><span style=\"font-weight: 400;\"> Zachov\u00e1v\u00e1 kvalitu such\u00e9ho materi\u00e1lu a minimalizuje tvorbu prachu d\u00edky \u0161etrn\u00e9mu su\u0161en\u00ed.<\/span><\/li>\n<li style=\"font-weight: 400;\" aria-level=\"1\"><b>V\u0161estrannost:<\/b><span style=\"font-weight: 400;\"> Vhodn\u00e1 pro r\u016fzn\u00e9 typy kal\u016f.<\/span><\/li>\n<\/ul>\n<p>[\/vc_column_text][vc_empty_space height=&#8220;70px&#8220;][\/vc_column][vc_column width=&#8220;1\/2&#8243;][vc_single_image image=&#8220;372&#8243; img_size=&#8220;600&#215;400&#8243;][vc_btn title=&#8220;Objevte syst\u00e9my su\u0161en\u00ed bioskladu!&#8220; style=&#8220;custom&#8220; custom_background=&#8220;#728d2a&#8220; custom_text=&#8220;#ffffff&#8220; align=&#8220;center&#8220; link=&#8220;url:https%3A%2F%2Fschlammtrocknung.com%2Fprodukte%2F|&#8220;][\/vc_column][\/vc_row][vc_row][vc_column][vc_cta h2=&#8220;Revoluce v su\u0161en\u00ed biologick\u00e9ho kalu pomoc\u00ed michel SLUDGE-DRYING-SYSTEMS&#8220; txt_align=&#8220;center&#8220; add_button=&#8220;bottom&#8220; btn_title=&#8220;Kontaktujte n\u00e1s!&#8220; btn_style=&#8220;gradient-custom&#8220; btn_gradient_custom_color_1=&#8220;#728d2a&#8220; btn_gradient_custom_color_2=&#8220;#728d2a&#8220; btn_align=&#8220;center&#8220; btn_link=&#8220;url:https%3A%2F%2Fschlammtrocknung.com%2Fcs%2Fkontaktujte-nas%2F|title:Kontaktujte%20n%C3%A1s|&#8220;]<\/p>\n<p style=\"text-align: center;\"><span style=\"font-weight: 400;\">Za\u010dn\u011bte <\/span><b>udr\u017eitelnou transformaci<\/b><span style=\"font-weight: 400;\">  s pokro\u010dil\u00fdmi \u0159e\u0161en\u00edmi od michel SLUDGE-DRYING-SYSTEMS. Na str\u00e1nk\u00e1ch   <\/span><b>Su\u0161en\u00ed biologick\u00e9ho kalu<\/b><span style=\"font-weight: 400;\"> s na\u0161imi syst\u00e9my nejen sni\u017euje va\u0161e provozn\u00ed n\u00e1klady, ale tak\u00e9 aktivn\u011b p\u0159isp\u00edv\u00e1 k <\/span><b>ochran\u011b \u017eivotn\u00edho prost\u0159ed\u00ed <\/b><span style=\"font-weight: 400;\">a .<\/span><b> ob\u011bhov\u00e9ho hospod\u00e1\u0159stv\u00ed<\/b><span style=\"font-weight: 400;\">. Kontaktujte n\u00e1s je\u0161t\u011b dnes a zjist\u011bte v\u00edce o na\u0161ich \u0159e\u0161en\u00edch su\u0161en\u00ed bioslo\u017eek.<\/span><\/p>\n<p>[\/vc_cta][vc_empty_space height=&#8220;50px&#8220;][\/vc_column][\/vc_row][vc_row][vc_column][vc_column_text]<\/p>\n<h2 style=\"text-align: center;\"><span style=\"color: #728d2a;\">\u010casto kladen\u00e9 ot\u00e1zky &#8211; \u010casto kladen\u00e9 ot\u00e1zky o su\u0161en\u00ed bioskladu<\/span><\/h2>\n<p>[\/vc_column_text][\/vc_column][\/vc_row][vc_row][vc_column][vc_toggle title=&#8220;Co je to bioslo\u017eka a jak se vyr\u00e1b\u00ed?&#8220;]<span style=\"font-weight: 400;\">Bioslo\u017eka je odpadn\u00ed produkt z \u010di\u0161t\u011bn\u00ed odpadn\u00edch vod, kter\u00fd je bohat\u00fd na organick\u00e9 materi\u00e1ly, mikroorganismy a cenn\u00e9 \u017eiviny, jako je fosfor. Vznik\u00e1 v \u010dist\u00edrn\u00e1ch odpadn\u00edch vod, kde se odpadn\u00ed voda \u010dist\u00ed a obsahuje \u017eiviny i potenci\u00e1ln\u011b \u0161kodliv\u00e9 zne\u010di\u0161\u0165uj\u00edc\u00ed l\u00e1tky. Ty mus\u00ed b\u00fdt odstran\u011bny filtrac\u00ed a su\u0161en\u00edm biokalu.  <\/span>[\/vc_toggle][vc_toggle title=&#8220;Pro\u010d je su\u0161en\u00ed bioskladu d\u016fle\u017eit\u00e9?&#8220;]<span style=\"font-weight: 400;\">Su\u0161en\u00edm se sni\u017euje objem a hmotnost biokal\u016f, usnad\u0148uje se p\u0159eprava a sni\u017euj\u00ed se n\u00e1klady na skladov\u00e1n\u00ed a dal\u0161\u00ed zpracov\u00e1n\u00ed. Umo\u017e\u0148uje tak\u00e9 hygienickou manipulaci a vytv\u00e1\u0159\u00ed potenci\u00e1l pro vyu\u017eit\u00ed jako paliva nebo hnojiva. <\/span>[\/vc_toggle][vc_toggle title=&#8220;Jak funguje su\u0161en\u00ed bioskladu?&#8220;]<span style=\"font-weight: 400;\">michel SLUDGE-DRYING-SYSTEMS vyu\u017e\u00edv\u00e1 pokro\u010dil\u00e9 technologie su\u0161en\u00ed, kter\u00e9 umo\u017e\u0148uj\u00ed efektivn\u00ed sn\u00ed\u017een\u00ed obsahu vlhkosti v kalu. Pou\u017eit\u00ed kontaktn\u00edho a konvek\u010dn\u00edho su\u0161en\u00ed p\u0159i n\u00edzk\u00fdch teplot\u00e1ch \u0161et\u0159\u00ed energii a zachov\u00e1v\u00e1 kvalitu kone\u010dn\u00e9ho produktu. Vysu\u0161en\u00fd biokal lze n\u00e1sledn\u011b pou\u017e\u00edt jako hnojivo bohat\u00e9 na \u017eiviny nebo jako \u00fa\u010dinn\u00e9 palivo.  <\/span>[\/vc_toggle][\/vc_column][\/vc_row]<\/p>\n<\/div>","protected":false},"excerpt":{"rendered":"<p>[vc_row content_placement=&#8220;top&#8220;][vc_column][vc_column_text] Udr\u017eiteln\u00e9 kompletn\u00ed \u0159e\u0161en\u00ed pro su\u0161en\u00ed biologick\u00e9ho kalu &nbsp;[\/vc_column_text][vc_column_text] Za\u017eijte, jak michel SLUDGE-DRYING-SYSTEMS s pokro\u010dil\u00fdmi technologiemi a revolu\u010dn\u00edmi syst\u00e9my pro va\u0161e su\u0161en\u00ed biologick\u00e9ho kalu efektivn\u00ed a \u0161etrn\u00e9 k \u017eivotn\u00edmu prost\u0159ed\u00ed. P\u0159\u00edmo na m\u00edst\u011b, decentralizovan\u011b a hospod\u00e1rn\u011b! [\/vc_column_text][vc_empty_space height=&#8220;50px&#8220;][\/vc_column][\/vc_row][vc_row][vc_column][vc_cta h2=&#8220;Revoluce v su\u0161en\u00ed biologick\u00e9ho kalu pomoc\u00ed michel SLUDGE-DRYING-SYSTEMS&#8220; txt_align=&#8220;center&#8220; add_button=&#8220;bottom&#8220; btn_title=&#8220;Objevte \u0159e\u0161en\u00ed hned te\u010f!&#8220; btn_style=&#8220;gradient-custom&#8220; btn_gradient_custom_color_1=&#8220;#728d2a&#8220;&hellip;<\/p>\n","protected":false},"author":1,"featured_media":0,"parent":1790,"menu_order":0,"comment_status":"closed","ping_status":"closed","template":"","meta":{"footnotes":""},"class_list":["post-2398","page","type-page","status-publish","hentry","description-off"],"yoast_head":"<!-- This site is optimized with the Yoast SEO plugin v27.3 - https:\/\/yoast.com\/product\/yoast-seo-wordpress\/ -->\n<title>Su\u0161en\u00ed biologick\u00e9ho kalu | Michelsk\u00e9 su\u0161en\u00ed kalu<\/title>\n<meta name=\"description\" content=\"Maximalizujte \u00fa\u010dinnost a udr\u017eitelnost pomoc\u00ed su\u0161en\u00ed biologick\u00e9ho kalu od spole\u010dnosti michel SLUDGE-DRYING-SYSTEMS.\" \/>\n<meta name=\"robots\" content=\"index, follow, max-snippet:-1, max-image-preview:large, max-video-preview:-1\" \/>\n<link rel=\"canonical\" href=\"https:\/\/schlammtrocknung.com\/cs\/sluzby\/suseni-biologickeho-kalu\/\" \/>\n<meta property=\"og:locale\" content=\"cs_CZ\" \/>\n<meta property=\"og:type\" content=\"article\" \/>\n<meta property=\"og:title\" content=\"Su\u0161en\u00ed biologick\u00e9ho kalu | Michelsk\u00e9 su\u0161en\u00ed kalu\" \/>\n<meta property=\"og:description\" content=\"Maximalizujte \u00fa\u010dinnost a udr\u017eitelnost pomoc\u00ed su\u0161en\u00ed biologick\u00e9ho kalu od spole\u010dnosti michel SLUDGE-DRYING-SYSTEMS.\" \/>\n<meta property=\"og:url\" content=\"https:\/\/schlammtrocknung.com\/cs\/sluzby\/suseni-biologickeho-kalu\/\" \/>\n<meta property=\"og:site_name\" content=\"Schlammtrocknung \u2013 michel SLUDGE DRYING SYSTEM\" \/>\n<meta property=\"article:modified_time\" content=\"2025-05-09T08:46:18+00:00\" \/>\n<meta name=\"twitter:card\" content=\"summary_large_image\" \/>\n<meta name=\"twitter:label1\" content=\"Odhadovan\u00e1 doba \u010dten\u00ed\" \/>\n\t<meta name=\"twitter:data1\" content=\"7 minut\" \/>\n<script type=\"application\/ld+json\" class=\"yoast-schema-graph\">{\"@context\":\"https:\\\/\\\/schema.org\",\"@graph\":[{\"@type\":\"WebPage\",\"@id\":\"https:\\\/\\\/schlammtrocknung.com\\\/cs\\\/sluzby\\\/suseni-biologickeho-kalu\\\/\",\"url\":\"https:\\\/\\\/schlammtrocknung.com\\\/cs\\\/sluzby\\\/suseni-biologickeho-kalu\\\/\",\"name\":\"Su\u0161en\u00ed biologick\u00e9ho kalu | Michelsk\u00e9 su\u0161en\u00ed kalu\",\"isPartOf\":{\"@id\":\"https:\\\/\\\/schlammtrocknung.com\\\/#website\"},\"datePublished\":\"2024-09-04T09:08:22+00:00\",\"dateModified\":\"2025-05-09T08:46:18+00:00\",\"description\":\"Maximalizujte \u00fa\u010dinnost a udr\u017eitelnost pomoc\u00ed su\u0161en\u00ed biologick\u00e9ho kalu od spole\u010dnosti michel SLUDGE-DRYING-SYSTEMS.\",\"breadcrumb\":{\"@id\":\"https:\\\/\\\/schlammtrocknung.com\\\/cs\\\/sluzby\\\/suseni-biologickeho-kalu\\\/#breadcrumb\"},\"inLanguage\":\"cs\",\"potentialAction\":[{\"@type\":\"ReadAction\",\"target\":[\"https:\\\/\\\/schlammtrocknung.com\\\/cs\\\/sluzby\\\/suseni-biologickeho-kalu\\\/\"]}]},{\"@type\":\"BreadcrumbList\",\"@id\":\"https:\\\/\\\/schlammtrocknung.com\\\/cs\\\/sluzby\\\/suseni-biologickeho-kalu\\\/#breadcrumb\",\"itemListElement\":[{\"@type\":\"ListItem\",\"position\":1,\"name\":\"Startseite\",\"item\":\"https:\\\/\\\/schlammtrocknung.com\\\/cs\\\/domovska-stranka-2\\\/\"},{\"@type\":\"ListItem\",\"position\":2,\"name\":\"Slu\u017eby\",\"item\":\"https:\\\/\\\/schlammtrocknung.com\\\/cs\\\/sluzby\\\/\"},{\"@type\":\"ListItem\",\"position\":3,\"name\":\"Su\u0161en\u00ed biologick\u00e9ho kalu\"}]},{\"@type\":\"WebSite\",\"@id\":\"https:\\\/\\\/schlammtrocknung.com\\\/#website\",\"url\":\"https:\\\/\\\/schlammtrocknung.com\\\/\",\"name\":\"Schlammtrocknung | SDS - Schlammtrocknung\",\"description\":\"Schlamm- L\u00f6sungen f\u00fcr Kl\u00e4rwerke, Industrie und Umwelt\",\"publisher\":{\"@id\":\"https:\\\/\\\/schlammtrocknung.com\\\/#organization\"},\"potentialAction\":[{\"@type\":\"SearchAction\",\"target\":{\"@type\":\"EntryPoint\",\"urlTemplate\":\"https:\\\/\\\/schlammtrocknung.com\\\/?s={search_term_string}\"},\"query-input\":{\"@type\":\"PropertyValueSpecification\",\"valueRequired\":true,\"valueName\":\"search_term_string\"}}],\"inLanguage\":\"cs\"},{\"@type\":\"Organization\",\"@id\":\"https:\\\/\\\/schlammtrocknung.com\\\/#organization\",\"name\":\"Schlammtrocknung | SDS - Schlammtrocknung\",\"url\":\"https:\\\/\\\/schlammtrocknung.com\\\/\",\"logo\":{\"@type\":\"ImageObject\",\"inLanguage\":\"cs\",\"@id\":\"https:\\\/\\\/schlammtrocknung.com\\\/#\\\/schema\\\/logo\\\/image\\\/\",\"url\":\"https:\\\/\\\/schlammtrocknung.com\\\/wp-content\\\/uploads\\\/2023\\\/02\\\/logo_sds-1.png\",\"contentUrl\":\"https:\\\/\\\/schlammtrocknung.com\\\/wp-content\\\/uploads\\\/2023\\\/02\\\/logo_sds-1.png\",\"width\":697,\"height\":187,\"caption\":\"Schlammtrocknung | SDS - Schlammtrocknung\"},\"image\":{\"@id\":\"https:\\\/\\\/schlammtrocknung.com\\\/#\\\/schema\\\/logo\\\/image\\\/\"}}]}<\/script>\n<!-- \/ Yoast SEO plugin. -->","yoast_head_json":{"title":"Su\u0161en\u00ed biologick\u00e9ho kalu | Michelsk\u00e9 su\u0161en\u00ed kalu","description":"Maximalizujte \u00fa\u010dinnost a udr\u017eitelnost pomoc\u00ed su\u0161en\u00ed biologick\u00e9ho kalu od spole\u010dnosti michel SLUDGE-DRYING-SYSTEMS.","robots":{"index":"index","follow":"follow","max-snippet":"max-snippet:-1","max-image-preview":"max-image-preview:large","max-video-preview":"max-video-preview:-1"},"canonical":"https:\/\/schlammtrocknung.com\/cs\/sluzby\/suseni-biologickeho-kalu\/","og_locale":"cs_CZ","og_type":"article","og_title":"Su\u0161en\u00ed biologick\u00e9ho kalu | Michelsk\u00e9 su\u0161en\u00ed kalu","og_description":"Maximalizujte \u00fa\u010dinnost a udr\u017eitelnost pomoc\u00ed su\u0161en\u00ed biologick\u00e9ho kalu od spole\u010dnosti michel SLUDGE-DRYING-SYSTEMS.","og_url":"https:\/\/schlammtrocknung.com\/cs\/sluzby\/suseni-biologickeho-kalu\/","og_site_name":"Schlammtrocknung \u2013 michel SLUDGE DRYING SYSTEM","article_modified_time":"2025-05-09T08:46:18+00:00","twitter_card":"summary_large_image","twitter_misc":{"Odhadovan\u00e1 doba \u010dten\u00ed":"7 minut"},"schema":{"@context":"https:\/\/schema.org","@graph":[{"@type":"WebPage","@id":"https:\/\/schlammtrocknung.com\/cs\/sluzby\/suseni-biologickeho-kalu\/","url":"https:\/\/schlammtrocknung.com\/cs\/sluzby\/suseni-biologickeho-kalu\/","name":"Su\u0161en\u00ed biologick\u00e9ho kalu | Michelsk\u00e9 su\u0161en\u00ed kalu","isPartOf":{"@id":"https:\/\/schlammtrocknung.com\/#website"},"datePublished":"2024-09-04T09:08:22+00:00","dateModified":"2025-05-09T08:46:18+00:00","description":"Maximalizujte \u00fa\u010dinnost a udr\u017eitelnost pomoc\u00ed su\u0161en\u00ed biologick\u00e9ho kalu od spole\u010dnosti michel SLUDGE-DRYING-SYSTEMS.","breadcrumb":{"@id":"https:\/\/schlammtrocknung.com\/cs\/sluzby\/suseni-biologickeho-kalu\/#breadcrumb"},"inLanguage":"cs","potentialAction":[{"@type":"ReadAction","target":["https:\/\/schlammtrocknung.com\/cs\/sluzby\/suseni-biologickeho-kalu\/"]}]},{"@type":"BreadcrumbList","@id":"https:\/\/schlammtrocknung.com\/cs\/sluzby\/suseni-biologickeho-kalu\/#breadcrumb","itemListElement":[{"@type":"ListItem","position":1,"name":"Startseite","item":"https:\/\/schlammtrocknung.com\/cs\/domovska-stranka-2\/"},{"@type":"ListItem","position":2,"name":"Slu\u017eby","item":"https:\/\/schlammtrocknung.com\/cs\/sluzby\/"},{"@type":"ListItem","position":3,"name":"Su\u0161en\u00ed biologick\u00e9ho kalu"}]},{"@type":"WebSite","@id":"https:\/\/schlammtrocknung.com\/#website","url":"https:\/\/schlammtrocknung.com\/","name":"Schlammtrocknung | SDS - Schlammtrocknung","description":"Schlamm- L\u00f6sungen f\u00fcr Kl\u00e4rwerke, Industrie und Umwelt","publisher":{"@id":"https:\/\/schlammtrocknung.com\/#organization"},"potentialAction":[{"@type":"SearchAction","target":{"@type":"EntryPoint","urlTemplate":"https:\/\/schlammtrocknung.com\/?s={search_term_string}"},"query-input":{"@type":"PropertyValueSpecification","valueRequired":true,"valueName":"search_term_string"}}],"inLanguage":"cs"},{"@type":"Organization","@id":"https:\/\/schlammtrocknung.com\/#organization","name":"Schlammtrocknung | SDS - Schlammtrocknung","url":"https:\/\/schlammtrocknung.com\/","logo":{"@type":"ImageObject","inLanguage":"cs","@id":"https:\/\/schlammtrocknung.com\/#\/schema\/logo\/image\/","url":"https:\/\/schlammtrocknung.com\/wp-content\/uploads\/2023\/02\/logo_sds-1.png","contentUrl":"https:\/\/schlammtrocknung.com\/wp-content\/uploads\/2023\/02\/logo_sds-1.png","width":697,"height":187,"caption":"Schlammtrocknung | SDS - Schlammtrocknung"},"image":{"@id":"https:\/\/schlammtrocknung.com\/#\/schema\/logo\/image\/"}}]}},"_links":{"self":[{"href":"https:\/\/schlammtrocknung.com\/cs\/wp-json\/wp\/v2\/pages\/2398","targetHints":{"allow":["GET"]}}],"collection":[{"href":"https:\/\/schlammtrocknung.com\/cs\/wp-json\/wp\/v2\/pages"}],"about":[{"href":"https:\/\/schlammtrocknung.com\/cs\/wp-json\/wp\/v2\/types\/page"}],"author":[{"embeddable":true,"href":"https:\/\/schlammtrocknung.com\/cs\/wp-json\/wp\/v2\/users\/1"}],"replies":[{"embeddable":true,"href":"https:\/\/schlammtrocknung.com\/cs\/wp-json\/wp\/v2\/comments?post=2398"}],"version-history":[{"count":1,"href":"https:\/\/schlammtrocknung.com\/cs\/wp-json\/wp\/v2\/pages\/2398\/revisions"}],"predecessor-version":[{"id":2400,"href":"https:\/\/schlammtrocknung.com\/cs\/wp-json\/wp\/v2\/pages\/2398\/revisions\/2400"}],"up":[{"embeddable":true,"href":"https:\/\/schlammtrocknung.com\/cs\/wp-json\/wp\/v2\/pages\/1790"}],"wp:attachment":[{"href":"https:\/\/schlammtrocknung.com\/cs\/wp-json\/wp\/v2\/media?parent=2398"}],"curies":[{"name":"wp","href":"https:\/\/api.w.org\/{rel}","templated":true}]}}