{"id":2462,"date":"2024-08-14T10:42:06","date_gmt":"2024-08-14T08:42:06","guid":{"rendered":"https:\/\/schlammtrocknung.com\/likvidace-kalu\/"},"modified":"2025-05-09T10:46:36","modified_gmt":"2025-05-09T08:46:36","slug":"likvidace-kalu","status":"publish","type":"page","link":"https:\/\/schlammtrocknung.com\/cs\/likvidace-kalu\/","title":{"rendered":"Likvidace kal\u016f"},"content":{"rendered":"<div class=\"wpb-content-wrapper\"><p>[vc_row][vc_column][vc_custom_heading text=&#8220;Pokro\u010dil\u00e1 likvidace kal\u016f<br \/>\n&#8211; p\u0159\u00edmo na m\u00edst\u011b&#8220; font_container=&#8220;tag:h1|text_align:center|color:%23728d2a&#8220; use_theme_fonts=&#8220;yes&#8220;][vc_column_text]<\/p>\n<p style=\"text-align: center;\"><span style=\"font-weight: 400;\">Pokro\u010dil\u00e9 <\/span><b>Likvidace kalu p\u0159\u00edmo na m\u00edst\u011b<\/b><span style=\"font-weight: 400;\">s nejmodern\u011bj\u0161\u00edm vybaven\u00edm a bez n\u00e1kladn\u00e9 p\u0159epravy vody &#8211; to je to, co <\/span><b>michel SLUDGE-DRYING-SYSTEMS<\/b><span style=\"font-weight: 400;\">. D\u00edky na\u0161im odborn\u00fdm znalostem jsme schopni efektivn\u011b vyu\u017e\u00edvat kaly a dos\u00e1hnout tak.  <\/span><b>budoucnost \u0161etrn\u00e1 k \u017eivotn\u00edmu prost\u0159ed\u00ed<\/b><span style=\"font-weight: 400;\"> bez pl\u00fdtv\u00e1n\u00ed cenn\u00fdmi surovinami.<\/span><\/p>\n<p style=\"text-align: center;\"><a href=\"https:\/\/schlammtrocknung.com\/cs\/kontaktujte-nas\/\">Objevte \u0159e\u0161en\u00ed hned te\u010f!<\/a><\/p>\n<p>[\/vc_column_text][vc_empty_space height=&#8220;150px&#8220;][\/vc_column][\/vc_row][vc_row][vc_column width=&#8220;1\/2&#8243;][vc_custom_heading text=&#8220;Odpov\u011bdn\u00e1 likvidace kal\u016f &#8211; z\u00e1sadn\u00ed pro \u017eivotn\u00ed prost\u0159ed\u00ed a zdrav\u00ed lid\u00ed&#8220; font_container=&#8220;tag:h2|text_align:left|color:%23728d2a&#8220; use_theme_fonts=&#8220;yes&#8220;][vc_column_text]<i><span style=\"font-weight: 400;\">Co je to likvidace kal\u016f?<\/span><\/i><\/p>\n<p><i><span style=\"font-weight: 400;\">Likvidace kal\u016f se t\u00fdk\u00e1 zpracov\u00e1n\u00ed a likvidace kal\u016f, kter\u00e9 jsou vedlej\u0161\u00edm produktem pr\u016fmyslov\u00fdch proces\u016f, \u010di\u0161t\u011bn\u00ed odpadn\u00edch vod a zem\u011bd\u011blsk\u00fdch \u010dinnost\u00ed. Tento postup m\u00e1 z\u00e1sadn\u00ed v\u00fdznam pro zdrav\u00ed \u017eivotn\u00edho prost\u0159ed\u00ed, proto\u017ee neupraven\u00fd kal m\u016f\u017ee obsahovat zne\u010di\u0161\u0165uj\u00edc\u00ed l\u00e1tky, jako jsou t\u011b\u017ek\u00e9 kovy a organick\u00e9 slou\u010deniny. <\/span><\/i>[\/vc_column_text][\/vc_column][vc_column width=&#8220;1\/2&#8243; css=&#8220;.vc_custom_1740486470044{border-radius: 2px !important;}&#8220;][vc_single_image image=&#8220;1201&#8243; img_size=&#8220;full&#8220;][\/vc_column][\/vc_row][vc_row][vc_column][vc_column_text]<\/p>\n<p style=\"text-align: center;\"><span style=\"font-weight: 400;\">Efektivn\u00ed <\/span><b>likvidace kal\u016f<\/b><span style=\"font-weight: 400;\"> zabra\u0148uje kontaminaci vodn\u00edch \u00fatvar\u016f, chr\u00e1n\u00ed \u017eivotn\u00ed prost\u0159ed\u00ed a \u017eivotn\u00ed prost\u0159ed\u00ed. <\/span><b>kvalitu p\u016fdy<\/b><span style=\"font-weight: 400;\"> a podporuje obnovu cenn\u00fdch <\/span><b>zdroj\u016f<\/b><span style=\"font-weight: 400;\">. P\u0159i \u010di\u0161t\u011bn\u00ed odpadn\u00edch vod, zpracov\u00e1n\u00ed pr\u016fmyslov\u00e9ho odpadu a v\u00fdrob\u011b hnojiv je nezbytn\u00e1 modern\u00ed likvidace, aby se minimalizovala rizika pro \u017eivotn\u00ed prost\u0159ed\u00ed a zdrav\u00ed &#8211; a z\u00e1rove\u0148 se ochr\u00e1nily v\u0161echny dostupn\u00e9 zdroje.  <\/span><b>pr\u00e1vn\u00ed pokyny<\/b><span style=\"font-weight: 400;\"> splnit.<\/span><\/p>\n<p>[\/vc_column_text][vc_empty_space height=&#8220;150px&#8220;][vc_custom_heading text=&#8220;Lok\u00e1ln\u011b realizovateln\u00e1 a ekonomick\u00e1 &#8211; na\u0161e likvidace kal\u016f&#8220; font_container=&#8220;tag:h2|text_align:center|color:%23728d2a&#8220; use_theme_fonts=&#8220;yes&#8220;][vc_column_text]<\/p>\n<p style=\"text-align: center;\"><span style=\"font-weight: 400;\">Pro\u010d je <\/span><b>michel SLUDGE-DRYING-SYSTEMS<\/b><span style=\"font-weight: 400;\">  ide\u00e1ln\u00edm partnerem pro likvidaci kal\u016f? Je to jednoduch\u00e9: syst\u00e9my pracuj\u00ed s kombinac\u00ed kontaktn\u00edho a konvek\u010dn\u00edho su\u0161en\u00ed a jsou dokonale vhodn\u00e9 pro \u0161irokou \u0161k\u00e1lu aplikac\u00ed.   <\/span><\/p>\n<p style=\"text-align: center;\"><span style=\"font-weight: 400;\">Na\u0161e patentovan\u00e9 su\u0161ic\u00ed syst\u00e9my jsou nejen technologicky vysp\u011bl\u00e9, ale tak\u00e9 univerz\u00e1ln\u00ed a lze je pou\u017e\u00edt pro \u0161irokou \u0161k\u00e1lu kal\u016f, od <a href=\"https:\/\/schlammtrocknung.com\/cs\/sluzby\/suseni-cistirenskych-kalu\/\">\u010dist\u00edrensk\u00fdch kal\u016f<\/a> po <a href=\"https:\/\/schlammtrocknung.com\/cs\/sluzby\/suseni-biologickeho-kalu\/\">biologick\u00e9 kaly<\/a> a <a href=\"https:\/\/schlammtrocknung.com\/cs\/sluzby\/suseni-kovovych-kalu\/\">kovov\u00e9 kaly<\/a>. D\u00edky na\u0161\u00ed modul\u00e1rn\u00ed konstrukci v\u017edy najdeme to spr\u00e1vn\u00e9 \u0159e\u0161en\u00ed pro likvidaci va\u0161eho kalu. <\/span><\/p>\n<p>[\/vc_column_text][vc_custom_heading text=&#8220;Pod\u00edvejte se na v\u0161echny v\u00fdhody likvidace kal\u016f pomoc\u00ed na\u0161ich patentovan\u00fdch su\u0161ic\u00edch syst\u00e9m\u016f:&#8220; font_container=&#8220;tag:h3|text_align:center|color:%23728d2a&#8220; use_theme_fonts=&#8220;yes&#8220;][\/vc_column][\/vc_row][vc_row][vc_column width=&#8220;1\/2&#8243;][vc_empty_space][vc_single_image image=&#8220;279&#8243; img_size=&#8220;large&#8220;][\/vc_column][vc_column width=&#8220;1\/2&#8243;][vc_column_text]<\/p>\n<ul>\n<li><b>M\u00edstn\u011b realizovateln\u00e9:<\/b><span style=\"font-weight: 400;\"> Na\u0161e technologie pracuje p\u0159\u00edmo na m\u00edst\u011b, kde se kaly produkuj\u00ed.<\/span><\/li>\n<li style=\"font-weight: 400;\" aria-level=\"1\"><b>\u0160etrn\u00e9 k \u017eivotn\u00edmu prost\u0159ed\u00ed:<\/b><span style=\"font-weight: 400;\"> \u017d\u00e1dn\u00e9 emise, \u017e\u00e1dn\u00e9 probl\u00e9my s odpadn\u00ed vodou a v\u00fdrazn\u00e9 sn\u00ed\u017een\u00ed emis\u00ed CO\u2082.<\/span><\/li>\n<li style=\"font-weight: 400;\" aria-level=\"1\"><b>Efektivn\u00ed a \u00fasporn\u00e9:<\/b><span style=\"font-weight: 400;\"> Sn\u00ed\u017een\u00e1 pot\u0159eba energie d\u00edky su\u0161en\u00ed p\u0159i n\u00edzk\u00fdch teplot\u00e1ch a bez nutnosti pou\u017eit\u00ed drah\u00e9ho dal\u0161\u00edho za\u0159\u00edzen\u00ed.<\/span><\/li>\n<li style=\"font-weight: 400;\" aria-level=\"1\"><b>N\u00edzk\u00e9 provozn\u00ed n\u00e1klady:<\/b><span style=\"font-weight: 400;\"> Efektivn\u00ed vyu\u017eit\u00ed tepla a elekt\u0159iny.<\/span><\/li>\n<li style=\"font-weight: 400;\" aria-level=\"1\"><b>\u0160etrn\u00e9 zpracov\u00e1n\u00ed:<\/b><span style=\"font-weight: 400;\"> Zabra\u0148uje lepen\u00ed a minimalizuje emise a tvorbu prachu.<\/span><\/li>\n<li style=\"font-weight: 400;\" aria-level=\"1\"><b>Nen\u00ed t\u0159eba \u017e\u00e1dn\u00e1 st\u0159e\u0161n\u00ed krytina:<\/b><span style=\"font-weight: 400;\"> \u00daspora n\u00e1klad\u016f a m\u00edsta, proto\u017ee nen\u00ed nutn\u00e9 zast\u0159e\u0161en\u00ed.<\/span><\/li>\n<li style=\"font-weight: 400;\" aria-level=\"1\"><b>V\u0161estrannost:<\/b><span style=\"font-weight: 400;\"> Vhodn\u00e9 pro r\u016fzn\u00e9 typy kal\u016f<\/span><\/li>\n<li style=\"font-weight: 400;\" aria-level=\"1\"><b>Pozitivn\u00ed ekologick\u00e1 rovnov\u00e1ha:<\/b><span style=\"font-weight: 400;\"> P\u0159\u00edsp\u011bvek k \u00faspor\u00e1m CO\u2082 a podpora udr\u017eiteln\u00fdch postup\u016f<\/span><\/li>\n<\/ul>\n<p>[\/vc_column_text][\/vc_column][\/vc_row][vc_row][vc_column][vc_column_text]<\/p>\n<p style=\"text-align: left;\"><span style=\"font-weight: 400;\"><i>Tip odborn\u00edka:<\/i><\/span><\/p>\n<p style=\"text-align: left;\"><span style=\"font-weight: 400;\">Dobr\u00e9 v\u011bd\u011bt: Nab\u00edz\u00edme nejen prvot\u0159\u00eddn\u00ed technologie a <\/span>syst\u00e9my ve t\u0159ech r\u016fzn\u00fdch velikostech,<span style=\"font-weight: 400;\"> ale tak\u00e9 <\/span><b>flexibiln\u00ed mo\u017enosti financov\u00e1n\u00ed,<\/b><span style=\"font-weight: 400;\"> kter\u00e9 v\u00e1m umo\u017en\u00ed za\u010d\u00edt bez vysok\u00fdch po\u010d\u00e1te\u010dn\u00edch investic.<\/span><\/p>\n<p>[\/vc_column_text][vc_empty_space height=&#8220;100px&#8220;][\/vc_column][\/vc_row][vc_row][vc_column][vc_custom_heading text=&#8220;Vyu\u017eit\u00ed nam\u00edsto likvidace &#8211; potenci\u00e1l zpracovan\u00fdch kal\u016f&#8220; font_container=&#8220;tag:h2|text_align:left|color:%23728d2a&#8220; use_theme_fonts=&#8220;yes&#8220;][vc_column_text]<span style=\"font-weight: 400;\">I kdy\u017e je kal zpo\u010d\u00e1tku pova\u017eov\u00e1n za odpad, m\u016f\u017ee se st\u00e1t cenn\u00fdm materi\u00e1lem s mnoha mo\u017enostmi. Kl\u00ed\u010dem k tomu je profesion\u00e1ln\u00ed   <\/span><b>Su\u0161en\u00ed kalu<\/b><span style=\"font-weight: 400;\">  s n\u00e1sledn\u00fdm zpracov\u00e1n\u00edm. Potenci\u00e1l sah\u00e1 a\u017e k   <\/span><a href=\"https:\/\/schlammtrocknung.com\/news\/phosphor-recycling\/\"><span style=\"font-weight: 400;\">Zp\u011btn\u00e9 z\u00edsk\u00e1v\u00e1n\u00ed fosforu<\/span><\/a><span style=\"font-weight: 400;\">cenn\u00e9 \u017eiviny pro rostliny.<\/span><\/p>\n<p><span style=\"font-weight: 400;\">Zpracovan\u00e9 kaly, zejm\u00e9na kaly z \u010dist\u00edren odpadn\u00edch vod, jsou bohat\u00e9 na organick\u00e9 l\u00e1tky a \u017eiviny, jako je dus\u00edk a fosfor. <\/span><a href=\"https:\/\/schlammtrocknung.com\/news\/phosphor-recycling\/\"><span style=\"font-weight: 400;\">fosfor<\/span><\/a><span style=\"font-weight: 400;\">kter\u00e9 se pou\u017e\u00edvaj\u00ed v <\/span><b>zem\u011bd\u011blstv\u00ed<\/b><span style=\"font-weight: 400;\">  lze pou\u017e\u00edt jako hnojivo. Toto vyu\u017eit\u00ed podporuje nejen   <\/span><b>ob\u011bhov\u00e9 hospod\u00e1\u0159stv\u00ed<\/b><span style=\"font-weight: 400;\">ale tak\u00e9 sni\u017euje pot\u0159ebu um\u011bl\u00fdch hnojiv, jejich\u017e v\u00fdroba je \u010dasto energeticky n\u00e1ro\u010dn\u00e1 a nese s sebou riziko zne\u010di\u0161t\u011bn\u00ed \u017eivotn\u00edho prost\u0159ed\u00ed.<\/span><\/p>\n<p><span style=\"font-weight: 400;\">Su\u0161en\u00e9 kaly z \u010dist\u00edren odpadn\u00edch vod lze tak\u00e9 pou\u017e\u00edt v <\/span><b>k v\u00fdrob\u011b energie<\/b><span style=\"font-weight: 400;\"> jako <\/span><b>palivo z biomasy<\/b><span style=\"font-weight: 400;\">  obnovitelnou alternativu k fosiln\u00edm paliv\u016fm. V   <\/span><b>Stavebnictv\u00ed<\/b><span style=\"font-weight: 400;\"> zpracovan\u00e9 kaly se pou\u017e\u00edvaj\u00ed jako kamenivo, nap\u0159\u00edklad p\u0159i v\u00fdrob\u011b stavebn\u00edch materi\u00e1l\u016f, jako jsou cihly nebo dla\u017eebn\u00ed kostky, co\u017e pom\u00e1h\u00e1 sni\u017eovat mno\u017estv\u00ed odpadu a sni\u017eovat v\u00fdrobn\u00ed n\u00e1klady.<\/span><\/p>\n<p><i><span style=\"font-weight: 400;\">Pozn\u00e1mka:<\/span><\/i><i><span style=\"font-weight: 400;\"><br \/>\n<\/span><\/i><i><span style=\"font-weight: 400;\">Vyu\u017eit\u00ed upraven\u00fdch kal\u016f p\u0159edstavuje udr\u017eitelnou alternativu ke konven\u010dn\u00edmu odstra\u0148ov\u00e1n\u00ed a nab\u00edz\u00ed \u0159adu ekologick\u00fdch a ekonomick\u00fdch v\u00fdhod. Sni\u017euje tlak na p\u0159\u00edrodn\u00ed zdroje a z\u00e1rove\u0148 nab\u00edz\u00ed ekonomick\u00e9 v\u00fdhody. <\/span><\/i>[\/vc_column_text][vc_empty_space height=&#8220;100px&#8220;][vc_custom_heading text=&#8220;Objevte na\u0161e \u0161pi\u010dkov\u00e1 \u0159e\u0161en\u00ed pro likvidaci kal\u016f&#8220; font_container=&#8220;tag:h2|text_align:left|color:%23728d2a&#8220; use_theme_fonts=&#8220;yes&#8220;][vc_column_text]<span style=\"font-weight: 400;\">operace &#8211; nastaveno pomoc\u00ed <\/span><b>michel SLUDGE-DRYING-SYSTEMS<\/b><span style=\"font-weight: 400;\">  k udr\u017eiteln\u00e9 budoucnosti. Jsme p\u0159ipraveni j\u00edt po t\u00e9to cest\u011b spole\u010dn\u011b s v\u00e1mi. <\/span><\/p>\n<p style=\"text-align: center;\"><a href=\"https:\/\/schlammtrocknung.com\/cs\/kontaktujte-nas\/\">Kontaktujte n\u00e1s!<\/a><\/p>\n<p>[\/vc_column_text][\/vc_column][\/vc_row][vc_row][vc_column][vc_column_text]<\/p>\n<h2>\u010casto kladen\u00e9 ot\u00e1zky &#8211; \u010dasto kladen\u00e9 ot\u00e1zky o likvidaci kal\u016f<\/h2>\n<p>[\/vc_column_text][vc_toggle title=&#8220;Co je to likvidace kal\u016f?&#8220;]<span style=\"font-weight: 400;\">Likvidace kalu, zn\u00e1m\u00e1 tak\u00e9 jako su\u0161en\u00ed kalu, je proces, p\u0159i kter\u00e9m se z kalu odstra\u0148uje voda, aby se zmen\u0161il jeho objem a usnadnilo se jeho odstran\u011bn\u00ed nebo vyu\u017eit\u00ed. T\u00edm se zvy\u0161uje \u00fa\u010dinnost likvidace kalu a sni\u017euj\u00ed se n\u00e1klady na dopravu a zpracov\u00e1n\u00ed. <\/span>[\/vc_toggle][vc_toggle title=&#8220;Je likvidace kal\u016f \u0161etrn\u00e1 k \u017eivotn\u00edmu prost\u0159ed\u00ed?&#8220;]<span style=\"font-weight: 400;\">Modern\u00ed technologie likvidace kal\u016f jsou navr\u017eeny tak, aby byly \u0161etrn\u00e9 k \u017eivotn\u00edmu prost\u0159ed\u00ed. Sni\u017euj\u00ed emise, zabra\u0148uj\u00ed zne\u010di\u0161t\u011bn\u00ed podzemn\u00edch vod a umo\u017e\u0148uj\u00ed obnovu zdroj\u016f, nap\u0159\u00edklad vyu\u017eit\u00ed vysu\u0161en\u00e9ho kalu jako paliva nebo hnojiva. <\/span>[\/vc_toggle][vc_toggle title=&#8220;Jak\u00e9 technologie se pou\u017e\u00edvaj\u00ed p\u0159i likvidaci kal\u016f?&#8220;]<span style=\"font-weight: 400;\">K likvidaci kal\u016f se pou\u017e\u00edvaj\u00ed r\u016fzn\u00e9 technologie, v\u010detn\u011b odst\u0159e\u010fov\u00e1n\u00ed, filtra\u010dn\u00edch lis\u016f, tepeln\u00e9ho zpracov\u00e1n\u00ed a biologick\u00fdch proces\u016f. C\u00edlem t\u011bchto metod je stabilizovat kal, vysu\u0161it jej a p\u0159ipravit k bezpe\u010dn\u00e9 kone\u010dn\u00e9 likvidaci nebo op\u011btovn\u00e9mu pou\u017eit\u00ed. <\/span>[\/vc_toggle][vc_empty_space height=&#8220;100px&#8220;][\/vc_column][\/vc_row]<\/p>\n<\/div>","protected":false},"excerpt":{"rendered":"<p>[vc_row][vc_column][vc_custom_heading text=&#8220;Pokro\u010dil\u00e1 likvidace kal\u016f &#8211; p\u0159\u00edmo na m\u00edst\u011b&#8220; font_container=&#8220;tag:h1|text_align:center|color:%23728d2a&#8220; use_theme_fonts=&#8220;yes&#8220;][vc_column_text] Pokro\u010dil\u00e9 Likvidace kalu p\u0159\u00edmo na m\u00edst\u011bs nejmodern\u011bj\u0161\u00edm vybaven\u00edm a bez n\u00e1kladn\u00e9 p\u0159epravy vody &#8211; to je to, co michel SLUDGE-DRYING-SYSTEMS. D\u00edky na\u0161im odborn\u00fdm znalostem jsme schopni efektivn\u011b vyu\u017e\u00edvat kaly a dos\u00e1hnout tak. budoucnost \u0161etrn\u00e1 k \u017eivotn\u00edmu prost\u0159ed\u00ed bez pl\u00fdtv\u00e1n\u00ed cenn\u00fdmi surovinami. Objevte \u0159e\u0161en\u00ed hned te\u010f!&hellip;<\/p>\n","protected":false},"author":1,"featured_media":1374,"parent":0,"menu_order":0,"comment_status":"closed","ping_status":"closed","template":"","meta":{"footnotes":""},"class_list":["post-2462","page","type-page","status-publish","has-post-thumbnail","hentry","description-off"],"yoast_head":"<!-- This site is optimized with the Yoast SEO plugin v27.3 - https:\/\/yoast.com\/product\/yoast-seo-wordpress\/ -->\n<title>Likvidace kal\u016f | michel SLUDGE-DRYING-SYSTEMS<\/title>\n<meta name=\"description\" content=\"Objevte pokro\u010dil\u00e9 technologie michel SLUDGE-DRYING-SYSTEMS pro ekologickou likvidaci kal\u016f p\u0159\u00edmo na m\u00edst\u011b!\" \/>\n<meta name=\"robots\" content=\"index, follow, max-snippet:-1, max-image-preview:large, max-video-preview:-1\" \/>\n<link rel=\"canonical\" href=\"https:\/\/schlammtrocknung.com\/cs\/likvidace-kalu\/\" \/>\n<meta property=\"og:locale\" content=\"cs_CZ\" \/>\n<meta property=\"og:type\" content=\"article\" \/>\n<meta property=\"og:title\" content=\"Likvidace kal\u016f | michel SLUDGE-DRYING-SYSTEMS\" \/>\n<meta property=\"og:description\" content=\"Objevte pokro\u010dil\u00e9 technologie michel SLUDGE-DRYING-SYSTEMS pro ekologickou likvidaci kal\u016f p\u0159\u00edmo na m\u00edst\u011b!\" \/>\n<meta property=\"og:url\" content=\"https:\/\/schlammtrocknung.com\/cs\/likvidace-kalu\/\" \/>\n<meta property=\"og:site_name\" content=\"Schlammtrocknung \u2013 michel SLUDGE DRYING SYSTEM\" \/>\n<meta property=\"article:modified_time\" content=\"2025-05-09T08:46:36+00:00\" \/>\n<meta property=\"og:image\" content=\"https:\/\/schlammtrocknung.com\/wp-content\/uploads\/2023\/05\/DSC_3747-scaled.jpg\" \/>\n\t<meta property=\"og:image:width\" content=\"2560\" \/>\n\t<meta property=\"og:image:height\" content=\"1436\" \/>\n\t<meta property=\"og:image:type\" content=\"image\/jpeg\" \/>\n<meta name=\"twitter:card\" content=\"summary_large_image\" \/>\n<meta name=\"twitter:label1\" content=\"Odhadovan\u00e1 doba \u010dten\u00ed\" \/>\n\t<meta name=\"twitter:data1\" content=\"7 minut\" \/>\n<script type=\"application\/ld+json\" class=\"yoast-schema-graph\">{\"@context\":\"https:\\\/\\\/schema.org\",\"@graph\":[{\"@type\":\"WebPage\",\"@id\":\"https:\\\/\\\/schlammtrocknung.com\\\/cs\\\/likvidace-kalu\\\/\",\"url\":\"https:\\\/\\\/schlammtrocknung.com\\\/cs\\\/likvidace-kalu\\\/\",\"name\":\"Likvidace kal\u016f | michel SLUDGE-DRYING-SYSTEMS\",\"isPartOf\":{\"@id\":\"https:\\\/\\\/schlammtrocknung.com\\\/#website\"},\"primaryImageOfPage\":{\"@id\":\"https:\\\/\\\/schlammtrocknung.com\\\/cs\\\/likvidace-kalu\\\/#primaryimage\"},\"image\":{\"@id\":\"https:\\\/\\\/schlammtrocknung.com\\\/cs\\\/likvidace-kalu\\\/#primaryimage\"},\"thumbnailUrl\":\"https:\\\/\\\/schlammtrocknung.com\\\/wp-content\\\/uploads\\\/2023\\\/05\\\/DSC_3747-scaled.jpg\",\"datePublished\":\"2024-08-14T08:42:06+00:00\",\"dateModified\":\"2025-05-09T08:46:36+00:00\",\"description\":\"Objevte pokro\u010dil\u00e9 technologie michel SLUDGE-DRYING-SYSTEMS pro ekologickou likvidaci kal\u016f p\u0159\u00edmo na m\u00edst\u011b!\",\"breadcrumb\":{\"@id\":\"https:\\\/\\\/schlammtrocknung.com\\\/cs\\\/likvidace-kalu\\\/#breadcrumb\"},\"inLanguage\":\"cs\",\"potentialAction\":[{\"@type\":\"ReadAction\",\"target\":[\"https:\\\/\\\/schlammtrocknung.com\\\/cs\\\/likvidace-kalu\\\/\"]}]},{\"@type\":\"ImageObject\",\"inLanguage\":\"cs\",\"@id\":\"https:\\\/\\\/schlammtrocknung.com\\\/cs\\\/likvidace-kalu\\\/#primaryimage\",\"url\":\"https:\\\/\\\/schlammtrocknung.com\\\/wp-content\\\/uploads\\\/2023\\\/05\\\/DSC_3747-scaled.jpg\",\"contentUrl\":\"https:\\\/\\\/schlammtrocknung.com\\\/wp-content\\\/uploads\\\/2023\\\/05\\\/DSC_3747-scaled.jpg\",\"width\":2560,\"height\":1436},{\"@type\":\"BreadcrumbList\",\"@id\":\"https:\\\/\\\/schlammtrocknung.com\\\/cs\\\/likvidace-kalu\\\/#breadcrumb\",\"itemListElement\":[{\"@type\":\"ListItem\",\"position\":1,\"name\":\"Startseite\",\"item\":\"https:\\\/\\\/schlammtrocknung.com\\\/cs\\\/domovska-stranka-2\\\/\"},{\"@type\":\"ListItem\",\"position\":2,\"name\":\"Likvidace kal\u016f\"}]},{\"@type\":\"WebSite\",\"@id\":\"https:\\\/\\\/schlammtrocknung.com\\\/#website\",\"url\":\"https:\\\/\\\/schlammtrocknung.com\\\/\",\"name\":\"Schlammtrocknung | SDS - Schlammtrocknung\",\"description\":\"Schlamm- L\u00f6sungen f\u00fcr Kl\u00e4rwerke, Industrie und Umwelt\",\"publisher\":{\"@id\":\"https:\\\/\\\/schlammtrocknung.com\\\/#organization\"},\"potentialAction\":[{\"@type\":\"SearchAction\",\"target\":{\"@type\":\"EntryPoint\",\"urlTemplate\":\"https:\\\/\\\/schlammtrocknung.com\\\/?s={search_term_string}\"},\"query-input\":{\"@type\":\"PropertyValueSpecification\",\"valueRequired\":true,\"valueName\":\"search_term_string\"}}],\"inLanguage\":\"cs\"},{\"@type\":\"Organization\",\"@id\":\"https:\\\/\\\/schlammtrocknung.com\\\/#organization\",\"name\":\"Schlammtrocknung | SDS - Schlammtrocknung\",\"url\":\"https:\\\/\\\/schlammtrocknung.com\\\/\",\"logo\":{\"@type\":\"ImageObject\",\"inLanguage\":\"cs\",\"@id\":\"https:\\\/\\\/schlammtrocknung.com\\\/#\\\/schema\\\/logo\\\/image\\\/\",\"url\":\"https:\\\/\\\/schlammtrocknung.com\\\/wp-content\\\/uploads\\\/2023\\\/02\\\/logo_sds-1.png\",\"contentUrl\":\"https:\\\/\\\/schlammtrocknung.com\\\/wp-content\\\/uploads\\\/2023\\\/02\\\/logo_sds-1.png\",\"width\":697,\"height\":187,\"caption\":\"Schlammtrocknung | SDS - Schlammtrocknung\"},\"image\":{\"@id\":\"https:\\\/\\\/schlammtrocknung.com\\\/#\\\/schema\\\/logo\\\/image\\\/\"}}]}<\/script>\n<!-- \/ Yoast SEO plugin. -->","yoast_head_json":{"title":"Likvidace kal\u016f | michel SLUDGE-DRYING-SYSTEMS","description":"Objevte pokro\u010dil\u00e9 technologie michel SLUDGE-DRYING-SYSTEMS pro ekologickou likvidaci kal\u016f p\u0159\u00edmo na m\u00edst\u011b!","robots":{"index":"index","follow":"follow","max-snippet":"max-snippet:-1","max-image-preview":"max-image-preview:large","max-video-preview":"max-video-preview:-1"},"canonical":"https:\/\/schlammtrocknung.com\/cs\/likvidace-kalu\/","og_locale":"cs_CZ","og_type":"article","og_title":"Likvidace kal\u016f | michel SLUDGE-DRYING-SYSTEMS","og_description":"Objevte pokro\u010dil\u00e9 technologie michel SLUDGE-DRYING-SYSTEMS pro ekologickou likvidaci kal\u016f p\u0159\u00edmo na m\u00edst\u011b!","og_url":"https:\/\/schlammtrocknung.com\/cs\/likvidace-kalu\/","og_site_name":"Schlammtrocknung \u2013 michel SLUDGE DRYING SYSTEM","article_modified_time":"2025-05-09T08:46:36+00:00","og_image":[{"width":2560,"height":1436,"url":"https:\/\/schlammtrocknung.com\/wp-content\/uploads\/2023\/05\/DSC_3747-scaled.jpg","type":"image\/jpeg"}],"twitter_card":"summary_large_image","twitter_misc":{"Odhadovan\u00e1 doba \u010dten\u00ed":"7 minut"},"schema":{"@context":"https:\/\/schema.org","@graph":[{"@type":"WebPage","@id":"https:\/\/schlammtrocknung.com\/cs\/likvidace-kalu\/","url":"https:\/\/schlammtrocknung.com\/cs\/likvidace-kalu\/","name":"Likvidace kal\u016f | michel SLUDGE-DRYING-SYSTEMS","isPartOf":{"@id":"https:\/\/schlammtrocknung.com\/#website"},"primaryImageOfPage":{"@id":"https:\/\/schlammtrocknung.com\/cs\/likvidace-kalu\/#primaryimage"},"image":{"@id":"https:\/\/schlammtrocknung.com\/cs\/likvidace-kalu\/#primaryimage"},"thumbnailUrl":"https:\/\/schlammtrocknung.com\/wp-content\/uploads\/2023\/05\/DSC_3747-scaled.jpg","datePublished":"2024-08-14T08:42:06+00:00","dateModified":"2025-05-09T08:46:36+00:00","description":"Objevte pokro\u010dil\u00e9 technologie michel SLUDGE-DRYING-SYSTEMS pro ekologickou likvidaci kal\u016f p\u0159\u00edmo na m\u00edst\u011b!","breadcrumb":{"@id":"https:\/\/schlammtrocknung.com\/cs\/likvidace-kalu\/#breadcrumb"},"inLanguage":"cs","potentialAction":[{"@type":"ReadAction","target":["https:\/\/schlammtrocknung.com\/cs\/likvidace-kalu\/"]}]},{"@type":"ImageObject","inLanguage":"cs","@id":"https:\/\/schlammtrocknung.com\/cs\/likvidace-kalu\/#primaryimage","url":"https:\/\/schlammtrocknung.com\/wp-content\/uploads\/2023\/05\/DSC_3747-scaled.jpg","contentUrl":"https:\/\/schlammtrocknung.com\/wp-content\/uploads\/2023\/05\/DSC_3747-scaled.jpg","width":2560,"height":1436},{"@type":"BreadcrumbList","@id":"https:\/\/schlammtrocknung.com\/cs\/likvidace-kalu\/#breadcrumb","itemListElement":[{"@type":"ListItem","position":1,"name":"Startseite","item":"https:\/\/schlammtrocknung.com\/cs\/domovska-stranka-2\/"},{"@type":"ListItem","position":2,"name":"Likvidace kal\u016f"}]},{"@type":"WebSite","@id":"https:\/\/schlammtrocknung.com\/#website","url":"https:\/\/schlammtrocknung.com\/","name":"Schlammtrocknung | SDS - Schlammtrocknung","description":"Schlamm- L\u00f6sungen f\u00fcr Kl\u00e4rwerke, Industrie und Umwelt","publisher":{"@id":"https:\/\/schlammtrocknung.com\/#organization"},"potentialAction":[{"@type":"SearchAction","target":{"@type":"EntryPoint","urlTemplate":"https:\/\/schlammtrocknung.com\/?s={search_term_string}"},"query-input":{"@type":"PropertyValueSpecification","valueRequired":true,"valueName":"search_term_string"}}],"inLanguage":"cs"},{"@type":"Organization","@id":"https:\/\/schlammtrocknung.com\/#organization","name":"Schlammtrocknung | SDS - Schlammtrocknung","url":"https:\/\/schlammtrocknung.com\/","logo":{"@type":"ImageObject","inLanguage":"cs","@id":"https:\/\/schlammtrocknung.com\/#\/schema\/logo\/image\/","url":"https:\/\/schlammtrocknung.com\/wp-content\/uploads\/2023\/02\/logo_sds-1.png","contentUrl":"https:\/\/schlammtrocknung.com\/wp-content\/uploads\/2023\/02\/logo_sds-1.png","width":697,"height":187,"caption":"Schlammtrocknung | SDS - Schlammtrocknung"},"image":{"@id":"https:\/\/schlammtrocknung.com\/#\/schema\/logo\/image\/"}}]}},"_links":{"self":[{"href":"https:\/\/schlammtrocknung.com\/cs\/wp-json\/wp\/v2\/pages\/2462","targetHints":{"allow":["GET"]}}],"collection":[{"href":"https:\/\/schlammtrocknung.com\/cs\/wp-json\/wp\/v2\/pages"}],"about":[{"href":"https:\/\/schlammtrocknung.com\/cs\/wp-json\/wp\/v2\/types\/page"}],"author":[{"embeddable":true,"href":"https:\/\/schlammtrocknung.com\/cs\/wp-json\/wp\/v2\/users\/1"}],"replies":[{"embeddable":true,"href":"https:\/\/schlammtrocknung.com\/cs\/wp-json\/wp\/v2\/comments?post=2462"}],"version-history":[{"count":2,"href":"https:\/\/schlammtrocknung.com\/cs\/wp-json\/wp\/v2\/pages\/2462\/revisions"}],"predecessor-version":[{"id":2464,"href":"https:\/\/schlammtrocknung.com\/cs\/wp-json\/wp\/v2\/pages\/2462\/revisions\/2464"}],"wp:featuredmedia":[{"embeddable":true,"href":"https:\/\/schlammtrocknung.com\/cs\/wp-json\/wp\/v2\/media\/1374"}],"wp:attachment":[{"href":"https:\/\/schlammtrocknung.com\/cs\/wp-json\/wp\/v2\/media?parent=2462"}],"curies":[{"name":"wp","href":"https:\/\/api.w.org\/{rel}","templated":true}]}}