{"id":1778,"date":"2023-02-02T18:31:25","date_gmt":"2023-02-02T17:31:25","guid":{"rendered":"https:\/\/schlammtrocknung.com\/team\/"},"modified":"2025-04-02T11:34:16","modified_gmt":"2025-04-02T09:34:16","slug":"team","status":"publish","type":"page","link":"https:\/\/schlammtrocknung.com\/en\/team\/","title":{"rendered":"Team"},"content":{"rendered":"<div class=\"wpb-content-wrapper\"><p>[vc_row full_width=&#8221;stretch_row&#8221; css=&#8221;.vc_custom_1675707362788{margin-right: 100px !important;margin-left: 100px !important;}&#8221;][vc_column offset=&#8221;vc_hidden-sm vc_hidden-xs&#8221;][vc_custom_heading text=&#8221;The strong team&#8230;&#8221; font_container=&#8221;tag:h2|text_align:left|color:%23728d2a&#8221; use_theme_fonts=&#8221;yes&#8221;][vc_column_text]&#8230;consists of michel gmbh and Sludge Drying Systems. Together they combine years of experience and expertise in their respective fields to provide an outstanding service to their customers. michel gmbh brings expertise in sales and marketing, while Sludge Drying Systems specializes in modern, cost-efficient and environmentally friendly alternatives for sludge disposal. By working together, the team offers its customers individual solutions that are perfectly tailored to their needs. The strong team is characterized by a high level of professionalism, innovation and customer orientation. Customers can rely on excellent support and successful implementation of their projects.     <\/p>\n<p>We &#8211; michel SLUDGE DRYING SYSTEMS &#8211; are two strong partners for innovative and sustainable solutions in sludge drying and recycling. While SDS designs and develops, MICHEL GMBH is the exclusive distributor of the efficient systems. <\/p>\n<p>The revolution in the field of sludge drying is made possible by the intelligent<span class=\"Apple-converted-space\"> <\/span>SDS sludge drying system.[\/vc_column_text][\/vc_column][\/vc_row][vc_row full_width=&#8221;stretch_row&#8221;][vc_column offset=&#8221;vc_hidden-lg vc_hidden-md&#8221;][vc_custom_heading text=&#8221;The strong team&#8230;&#8221; font_container=&#8221;tag:h2|text_align:left|color:%23728d2a&#8221; use_theme_fonts=&#8221;yes&#8221;][vc_column_text]&#8230;consists of michel gmbh and Sludge Drying Systems. Together they combine years of experience and expertise in their respective fields to provide an outstanding service to their customers. michel gmbh brings expertise in sales and marketing, while Sludge Drying Systems specializes in modern, cost-efficient and environmentally friendly alternatives for sludge disposal. By working together, the team offers its customers individual solutions that are perfectly tailored to their needs. The strong team is characterized by a high level of professionalism, innovation and customer orientation. Customers can rely on excellent support and successful implementation of their projects.     <\/p>\n<p>We &#8211; michel SLUDGE DRYING SYSTEMS &#8211; are two strong partners for innovative and sustainable solutions in sludge drying and recycling. While SDS designs and develops, MICHEL GMBH is the exclusive distributor of the efficient systems. <\/p>\n<p>The revolution in sludge drying is driven by the intelligent SDS sludge drying system.[\/vc_column_text][\/vc_column][\/vc_row][vc_row][vc_column][vc_separator color=&#8221;custom&#8221; border_width=&#8221;2&#8243; accent_color=&#8221;#728d2a&#8221; css=&#8221;.vc_custom_1675707504734{margin-top: 50px !important;margin-bottom: 70px !important;}&#8221;][\/vc_column][\/vc_row][vc_row full_width=&#8221;stretch_row&#8221; equal_height=&#8221;yes&#8221;][vc_column width=&#8221;1\/2&#8243;][vc_single_image image=&#8221;128&#8243; img_size=&#8221;medium&#8221;][\/vc_column][vc_column width=&#8221;1\/2&#8243;][vc_single_image image=&#8221;191&#8243; img_size=&#8221;medium&#8221; alignment=&#8221;right&#8221;][\/vc_column][\/vc_row][vc_row][vc_column width=&#8221;1\/2&#8243;][vc_column_text]michel gmbh is a family-run company and has been offering companies an all-round carefree sales package for over 26 years. We support companies and service providers in setting up and expanding sales, with ready-made sales concepts, training and even complete sales &#8211; in close cooperation with our partners. <\/p>\n<p>We bundle our specific knowledge in sales and marketing with the aim of increasing the turnover of our partner companies in a scalable manner &#8211; differently, and therefore very effectively. We will find the perfect solution for you and your business partners on all sales topics.[\/vc_column_text][\/vc_column][vc_column width=&#8221;1\/2&#8243;][vc_column_text]SDS is an innovative team led by mechanical engineer Felix Hellmuth, whose aim is to develop a modern, cost-efficient and environmentally friendly alternative to sludge disposal. SDS offers complete solutions, from the design and manufacture of the SludgeDryingSystem to advice on approval procedures. With a financing partner, SDS enables flexible and individual solutions for every customer.[\/vc_column_text][\/vc_column][\/vc_row]<\/p>\n<\/div>","protected":false},"excerpt":{"rendered":"<p>[vc_row full_width=&#8221;stretch_row&#8221; css=&#8221;.vc_custom_1675707362788{margin-right: 100px !important;margin-left: 100px !important;}&#8221;][vc_column offset=&#8221;vc_hidden-sm vc_hidden-xs&#8221;][vc_custom_heading text=&#8221;The strong team&#8230;&#8221; font_container=&#8221;tag:h2|text_align:left|color:%23728d2a&#8221; use_theme_fonts=&#8221;yes&#8221;][vc_column_text]&#8230;consists of michel gmbh and Sludge Drying Systems. Together they combine years of experience and expertise in their respective fields to provide an outstanding service to their customers. michel gmbh brings expertise in sales and marketing, while Sludge Drying Systems specializes in&hellip;<\/p>\n","protected":false},"author":1,"featured_media":0,"parent":0,"menu_order":0,"comment_status":"closed","ping_status":"closed","template":"","meta":{"footnotes":""},"class_list":["post-1778","page","type-page","status-publish","hentry","description-off"],"yoast_head":"<!-- This site is optimized with the Yoast SEO plugin v27.3 - https:\/\/yoast.com\/product\/yoast-seo-wordpress\/ -->\n<title>Team - Schlammtrocknung \u2013 michel SLUDGE DRYING SYSTEM<\/title>\n<meta name=\"robots\" content=\"index, follow, max-snippet:-1, max-image-preview:large, max-video-preview:-1\" \/>\n<link rel=\"canonical\" href=\"https:\/\/schlammtrocknung.com\/en\/team\/\" \/>\n<meta property=\"og:locale\" content=\"en_US\" \/>\n<meta property=\"og:type\" content=\"article\" \/>\n<meta property=\"og:title\" content=\"Team - Schlammtrocknung \u2013 michel SLUDGE DRYING SYSTEM\" \/>\n<meta property=\"og:description\" content=\"[vc_row full_width=&#8221;stretch_row&#8221; css=&#8221;.vc_custom_1675707362788{margin-right: 100px !important;margin-left: 100px !important;}&#8221;][vc_column offset=&#8221;vc_hidden-sm vc_hidden-xs&#8221;][vc_custom_heading text=&#8221;The strong team&#8230;&#8221; font_container=&#8221;tag:h2|text_align:left|color:%23728d2a&#8221; use_theme_fonts=&#8221;yes&#8221;][vc_column_text]&#8230;consists of michel gmbh and Sludge Drying Systems. Together they combine years of experience and expertise in their respective fields to provide an outstanding service to their customers. michel gmbh brings expertise in sales and marketing, while Sludge Drying Systems specializes in&hellip;\" \/>\n<meta property=\"og:url\" content=\"https:\/\/schlammtrocknung.com\/en\/team\/\" \/>\n<meta property=\"og:site_name\" content=\"Schlammtrocknung \u2013 michel SLUDGE DRYING SYSTEM\" \/>\n<meta property=\"article:modified_time\" content=\"2025-04-02T09:34:16+00:00\" \/>\n<meta name=\"twitter:card\" content=\"summary_large_image\" \/>\n<meta name=\"twitter:label1\" content=\"Est. reading time\" \/>\n\t<meta name=\"twitter:data1\" content=\"3 minutes\" \/>\n<script type=\"application\/ld+json\" class=\"yoast-schema-graph\">{\"@context\":\"https:\\\/\\\/schema.org\",\"@graph\":[{\"@type\":\"WebPage\",\"@id\":\"https:\\\/\\\/schlammtrocknung.com\\\/en\\\/team\\\/\",\"url\":\"https:\\\/\\\/schlammtrocknung.com\\\/en\\\/team\\\/\",\"name\":\"Team - Schlammtrocknung \u2013 michel SLUDGE DRYING SYSTEM\",\"isPartOf\":{\"@id\":\"https:\\\/\\\/schlammtrocknung.com\\\/#website\"},\"datePublished\":\"2023-02-02T17:31:25+00:00\",\"dateModified\":\"2025-04-02T09:34:16+00:00\",\"breadcrumb\":{\"@id\":\"https:\\\/\\\/schlammtrocknung.com\\\/en\\\/team\\\/#breadcrumb\"},\"inLanguage\":\"en-US\",\"potentialAction\":[{\"@type\":\"ReadAction\",\"target\":[\"https:\\\/\\\/schlammtrocknung.com\\\/en\\\/team\\\/\"]}]},{\"@type\":\"BreadcrumbList\",\"@id\":\"https:\\\/\\\/schlammtrocknung.com\\\/en\\\/team\\\/#breadcrumb\",\"itemListElement\":[{\"@type\":\"ListItem\",\"position\":1,\"name\":\"Startseite\",\"item\":\"https:\\\/\\\/schlammtrocknung.com\\\/en\\\/home-page-2\\\/\"},{\"@type\":\"ListItem\",\"position\":2,\"name\":\"Team\"}]},{\"@type\":\"WebSite\",\"@id\":\"https:\\\/\\\/schlammtrocknung.com\\\/#website\",\"url\":\"https:\\\/\\\/schlammtrocknung.com\\\/\",\"name\":\"Schlammtrocknung | SDS - Schlammtrocknung\",\"description\":\"Schlamm- L\u00f6sungen f\u00fcr Kl\u00e4rwerke, Industrie und Umwelt\",\"publisher\":{\"@id\":\"https:\\\/\\\/schlammtrocknung.com\\\/#organization\"},\"potentialAction\":[{\"@type\":\"SearchAction\",\"target\":{\"@type\":\"EntryPoint\",\"urlTemplate\":\"https:\\\/\\\/schlammtrocknung.com\\\/?s={search_term_string}\"},\"query-input\":{\"@type\":\"PropertyValueSpecification\",\"valueRequired\":true,\"valueName\":\"search_term_string\"}}],\"inLanguage\":\"en-US\"},{\"@type\":\"Organization\",\"@id\":\"https:\\\/\\\/schlammtrocknung.com\\\/#organization\",\"name\":\"Schlammtrocknung | SDS - Schlammtrocknung\",\"url\":\"https:\\\/\\\/schlammtrocknung.com\\\/\",\"logo\":{\"@type\":\"ImageObject\",\"inLanguage\":\"en-US\",\"@id\":\"https:\\\/\\\/schlammtrocknung.com\\\/#\\\/schema\\\/logo\\\/image\\\/\",\"url\":\"https:\\\/\\\/schlammtrocknung.com\\\/wp-content\\\/uploads\\\/2023\\\/02\\\/logo_sds-1.png\",\"contentUrl\":\"https:\\\/\\\/schlammtrocknung.com\\\/wp-content\\\/uploads\\\/2023\\\/02\\\/logo_sds-1.png\",\"width\":697,\"height\":187,\"caption\":\"Schlammtrocknung | SDS - Schlammtrocknung\"},\"image\":{\"@id\":\"https:\\\/\\\/schlammtrocknung.com\\\/#\\\/schema\\\/logo\\\/image\\\/\"}}]}<\/script>\n<!-- \/ Yoast SEO plugin. -->","yoast_head_json":{"title":"Team - Schlammtrocknung \u2013 michel SLUDGE DRYING SYSTEM","robots":{"index":"index","follow":"follow","max-snippet":"max-snippet:-1","max-image-preview":"max-image-preview:large","max-video-preview":"max-video-preview:-1"},"canonical":"https:\/\/schlammtrocknung.com\/en\/team\/","og_locale":"en_US","og_type":"article","og_title":"Team - Schlammtrocknung \u2013 michel SLUDGE DRYING SYSTEM","og_description":"[vc_row full_width=&#8221;stretch_row&#8221; css=&#8221;.vc_custom_1675707362788{margin-right: 100px !important;margin-left: 100px !important;}&#8221;][vc_column offset=&#8221;vc_hidden-sm vc_hidden-xs&#8221;][vc_custom_heading text=&#8221;The strong team&#8230;&#8221; font_container=&#8221;tag:h2|text_align:left|color:%23728d2a&#8221; use_theme_fonts=&#8221;yes&#8221;][vc_column_text]&#8230;consists of michel gmbh and Sludge Drying Systems. Together they combine years of experience and expertise in their respective fields to provide an outstanding service to their customers. michel gmbh brings expertise in sales and marketing, while Sludge Drying Systems specializes in&hellip;","og_url":"https:\/\/schlammtrocknung.com\/en\/team\/","og_site_name":"Schlammtrocknung \u2013 michel SLUDGE DRYING SYSTEM","article_modified_time":"2025-04-02T09:34:16+00:00","twitter_card":"summary_large_image","twitter_misc":{"Est. reading time":"3 minutes"},"schema":{"@context":"https:\/\/schema.org","@graph":[{"@type":"WebPage","@id":"https:\/\/schlammtrocknung.com\/en\/team\/","url":"https:\/\/schlammtrocknung.com\/en\/team\/","name":"Team - Schlammtrocknung \u2013 michel SLUDGE DRYING SYSTEM","isPartOf":{"@id":"https:\/\/schlammtrocknung.com\/#website"},"datePublished":"2023-02-02T17:31:25+00:00","dateModified":"2025-04-02T09:34:16+00:00","breadcrumb":{"@id":"https:\/\/schlammtrocknung.com\/en\/team\/#breadcrumb"},"inLanguage":"en-US","potentialAction":[{"@type":"ReadAction","target":["https:\/\/schlammtrocknung.com\/en\/team\/"]}]},{"@type":"BreadcrumbList","@id":"https:\/\/schlammtrocknung.com\/en\/team\/#breadcrumb","itemListElement":[{"@type":"ListItem","position":1,"name":"Startseite","item":"https:\/\/schlammtrocknung.com\/en\/home-page-2\/"},{"@type":"ListItem","position":2,"name":"Team"}]},{"@type":"WebSite","@id":"https:\/\/schlammtrocknung.com\/#website","url":"https:\/\/schlammtrocknung.com\/","name":"Schlammtrocknung | SDS - Schlammtrocknung","description":"Schlamm- L\u00f6sungen f\u00fcr Kl\u00e4rwerke, Industrie und Umwelt","publisher":{"@id":"https:\/\/schlammtrocknung.com\/#organization"},"potentialAction":[{"@type":"SearchAction","target":{"@type":"EntryPoint","urlTemplate":"https:\/\/schlammtrocknung.com\/?s={search_term_string}"},"query-input":{"@type":"PropertyValueSpecification","valueRequired":true,"valueName":"search_term_string"}}],"inLanguage":"en-US"},{"@type":"Organization","@id":"https:\/\/schlammtrocknung.com\/#organization","name":"Schlammtrocknung | SDS - Schlammtrocknung","url":"https:\/\/schlammtrocknung.com\/","logo":{"@type":"ImageObject","inLanguage":"en-US","@id":"https:\/\/schlammtrocknung.com\/#\/schema\/logo\/image\/","url":"https:\/\/schlammtrocknung.com\/wp-content\/uploads\/2023\/02\/logo_sds-1.png","contentUrl":"https:\/\/schlammtrocknung.com\/wp-content\/uploads\/2023\/02\/logo_sds-1.png","width":697,"height":187,"caption":"Schlammtrocknung | SDS - Schlammtrocknung"},"image":{"@id":"https:\/\/schlammtrocknung.com\/#\/schema\/logo\/image\/"}}]}},"_links":{"self":[{"href":"https:\/\/schlammtrocknung.com\/en\/wp-json\/wp\/v2\/pages\/1778","targetHints":{"allow":["GET"]}}],"collection":[{"href":"https:\/\/schlammtrocknung.com\/en\/wp-json\/wp\/v2\/pages"}],"about":[{"href":"https:\/\/schlammtrocknung.com\/en\/wp-json\/wp\/v2\/types\/page"}],"author":[{"embeddable":true,"href":"https:\/\/schlammtrocknung.com\/en\/wp-json\/wp\/v2\/users\/1"}],"replies":[{"embeddable":true,"href":"https:\/\/schlammtrocknung.com\/en\/wp-json\/wp\/v2\/comments?post=1778"}],"version-history":[{"count":1,"href":"https:\/\/schlammtrocknung.com\/en\/wp-json\/wp\/v2\/pages\/1778\/revisions"}],"predecessor-version":[{"id":1781,"href":"https:\/\/schlammtrocknung.com\/en\/wp-json\/wp\/v2\/pages\/1778\/revisions\/1781"}],"wp:attachment":[{"href":"https:\/\/schlammtrocknung.com\/en\/wp-json\/wp\/v2\/media?parent=1778"}],"curies":[{"name":"wp","href":"https:\/\/api.w.org\/{rel}","templated":true}]}}