{"id":1787,"date":"2024-09-04T10:22:38","date_gmt":"2024-09-04T08:22:38","guid":{"rendered":"https:\/\/schlammtrocknung.com\/services\/"},"modified":"2025-04-02T11:34:29","modified_gmt":"2025-04-02T09:34:29","slug":"services","status":"publish","type":"page","link":"https:\/\/schlammtrocknung.com\/en\/services\/","title":{"rendered":"Services"},"content":{"rendered":"<div class=\"wpb-content-wrapper\"><p>[vc_row content_placement=&#8221;top&#8221;][vc_column][vc_column_text]<\/p>\n<h1 style=\"text-align: center;\"><span style=\"color: #728d2a;\">Maximize resource efficiency with michel SLUDGE-DRYING-SYSTEMS<\/span><\/h1>\n<p>[\/vc_column_text][vc_empty_space height=&#8221;50px&#8221;][\/vc_column][\/vc_row][vc_row][vc_column width=&#8221;1\/2&#8243;][vc_column_text]<b>michel SLUDGE-DRYING-SYSTEMS<\/b><span style=\"font-weight: 400;\"> offers advanced solutions for <\/span><b>sludge drying<\/b><span style=\"font-weight: 400;\">that are specifically designed to reduce operating costs and minimize environmental impact. <\/span> <\/p>\n<p><span style=\"font-weight: 400;\">Our <\/span><b>customized systems<\/b><span style=\"font-weight: 400;\"> are ideal for a wide range of <\/span><b>industries<\/b><span style=\"font-weight: 400;\">to ensure efficient and environmentally friendly disposal of sludge. Discover how our technology can meet your specific requirements &#8211; from sewage sludge drying to metal sludge drying <\/span>[\/vc_column_text][vc_empty_space height=&#8221;100px&#8221;][\/vc_column][vc_column width=&#8221;1\/2&#8243;][vc_single_image image=&#8221;367&#8243; img_size=&#8221;600&#215;280&#8243;][\/vc_column][\/vc_row][vc_row][vc_column][vc_row_inner][vc_column_inner width=&#8221;1\/3&#8243;][vc_single_image image=&#8221;376&#8243; img_size=&#8221;400&#215;250&#8243; alignment=&#8221;center&#8221;][vc_column_text]<\/p>\n<h3 style=\"text-align: center;\"><span style=\"color: #728d2a;\">Sewage sludge drying<\/span><\/h3>\n<p style=\"text-align: center;\">Optimize the treatment of sewage sludge with our efficient drying systems that reduce water content, lower transport and disposal costs and help you to easily comply with the new Sewage Sludge Ordinance. Our sewage sludge drying systems not only work economically, but also enable the recovery of valuable phosphorus. <\/p>\n<p>[\/vc_column_text]<style type=\"text\/css\">#dt-btn-1 {background: #728d2a;}<\/style><div class=\"text-centered\"><a href=\"https:\/\/schlammtrocknung.com\/leistungen\/klaerschlammtrocknung\/\" class=\"btn-shortcode dt-btn-m dt-btn default-btn-color default-btn-hover-color default-btn-bg-hover-color\" id=\"dt-btn-1\"><span>Find out more!<\/span><\/a><\/div>[\/vc_column_inner][vc_column_inner width=&#8221;1\/3&#8243;][vc_single_image image=&#8221;374&#8243; img_size=&#8221;400&#215;250&#8243; alignment=&#8221;center&#8221;][vc_column_text css=&#8221;.vc_custom_1725452149334{padding-bottom: 30px !important;}&#8221;]<\/p>\n<h3 style=\"text-align: center;\"><span style=\"color: #728d2a;\">Biosludge drying<\/span><\/h3>\n<p style=\"text-align: center;\">Our technology for biosludge drying ensures a safe and efficient reduction in the volume of biological sludge. This facilitates further processing and improves the overall eco-balance of your plant. Become a pioneer in environmentally friendly waste disposal or create a basis for recyclable sludge utilization!  <\/p>\n<p>[\/vc_column_text]<style type=\"text\/css\">#dt-btn-2 {background: #728d2a;}<\/style><div class=\"text-centered\"><a href=\"https:\/\/schlammtrocknung.com\/leistungen\/bioschlammtrocknung\/\" class=\"btn-shortcode dt-btn-m dt-btn default-btn-color default-btn-hover-color default-btn-bg-hover-color\" id=\"dt-btn-2\"><span>Find out more!<\/span><\/a><\/div>[\/vc_column_inner][vc_column_inner width=&#8221;1\/3&#8243;][vc_single_image image=&#8221;373&#8243; img_size=&#8221;400&#215;250&#8243; alignment=&#8221;center&#8221;][vc_column_text css=&#8221;.vc_custom_1725452165049{padding-bottom: 30px !important;}&#8221;]<\/p>\n<h3 style=\"text-align: center;\"><span style=\"color: #728d2a;\">Metal sludge drying<\/span><\/h3>\n<p style=\"text-align: center;\">By drying metal sludge in our specialized plants, you can effectively recover valuable metals while eliminating environmental pollution from hazardous residues. Our systems are ideal for industries such as mining, steel production and electroplating. <\/p>\n<p>[\/vc_column_text]<style type=\"text\/css\">#dt-btn-3 {background: #728d2a;}<\/style><div class=\"text-centered\"><a href=\"https:\/\/schlammtrocknung.com\/leistungen\/metallschlammtrocknung\/\" class=\"btn-shortcode dt-btn-m dt-btn default-btn-color default-btn-hover-color default-btn-bg-hover-color\" id=\"dt-btn-3\"><span>Find out more!<\/span><\/a><\/div>[\/vc_column_inner][vc_column_inner][vc_empty_space height=&#8221;50px&#8221;][\/vc_column_inner][\/vc_row_inner][vc_row_inner][vc_column_inner width=&#8221;1\/3&#8243;][vc_single_image image=&#8221;372&#8243; img_size=&#8221;400&#215;250&#8243; alignment=&#8221;center&#8221;][vc_column_text css=&#8221;.vc_custom_1725452198849{padding-bottom: 50px !important;}&#8221;]<\/p>\n<h3 style=\"text-align: center;\"><span style=\"color: #728d2a;\">Paper sludge drying<\/span><\/h3>\n<p style=\"text-align: center;\">Benefit from our paper sludge drying systems, which are designed to minimize moisture content and reduce the cost of disposing of paper sludge. Our solutions are essential for industries in which pulp is cleaned and processed into semi-finished products. <\/p>\n<p>[\/vc_column_text]<style type=\"text\/css\">#dt-btn-4 {background: #728d2a;}<\/style><div class=\"text-centered\"><a href=\"https:\/\/schlammtrocknung.com\/leistungen\/papierschlammtrocknung\/\" class=\"btn-shortcode dt-btn-m dt-btn default-btn-color default-btn-hover-color default-btn-bg-hover-color\" id=\"dt-btn-4\"><span>Find out more!<\/span><\/a><\/div>[\/vc_column_inner][vc_column_inner width=&#8221;1\/3&#8243;][vc_single_image image=&#8221;371&#8243; img_size=&#8221;400&#215;250&#8243; alignment=&#8221;center&#8221;][vc_column_text]<\/p>\n<h3 style=\"text-align: center;\"><span style=\"color: #728d2a;\">Oil-lacquer sludge drying<\/span><\/h3>\n<p style=\"text-align: center;\">Our solutions for drying oil paint sludge are ideally suited to the gentle and responsible treatment of sludge from the paint and varnish industry that is harmful to health and the environment. Thanks to efficient volume reduction, the systems from michel SLUDGE-DRYING-SYSTEMS enable you to dispose of oil paint sludge efficiently or even recover valuable ingredients. <\/p>\n<p>[\/vc_column_text]<style type=\"text\/css\">#dt-btn-5 {background: #728d2a;}<\/style><div class=\"text-centered\"><a href=\"https:\/\/schlammtrocknung.com\/leistungen\/oel-lackschlamm-trocknung\/\" class=\"btn-shortcode dt-btn-m dt-btn default-btn-color default-btn-hover-color default-btn-bg-hover-color\" id=\"dt-btn-5\"><span>Find out more!<\/span><\/a><\/div>[\/vc_column_inner][vc_column_inner width=&#8221;1\/3&#8243;][vc_single_image image=&#8221;370&#8243; img_size=&#8221;400&#215;250&#8243; alignment=&#8221;center&#8221;][vc_column_text css=&#8221;.vc_custom_1725452233530{padding-bottom: 60px !important;}&#8221;]<\/p>\n<h3 style=\"text-align: center;\"><span style=\"color: #728d2a;\">Sludge treatment<\/span><\/h3>\n<p style=\"text-align: center;\">Our holistic approach to sludge treatment offers a comprehensive solution from drying to the final recycling of the material. In this way, you prepare your sludge for further use as a fertilizer, fuel or aggregate in the construction industry &#8211; fully in line with the circular economy. <\/p>\n<p>[\/vc_column_text]<style type=\"text\/css\">#dt-btn-6 {background: #728d2a;}<\/style><div class=\"text-centered\"><a href=\"https:\/\/schlammtrocknung.com\/leistungen\/schlammbehandlung\/\" class=\"btn-shortcode dt-btn-m dt-btn default-btn-color default-btn-hover-color default-btn-bg-hover-color\" id=\"dt-btn-6\"><span>Find out more!<\/span><\/a><\/div>[\/vc_column_inner][vc_column_inner][vc_empty_space height=&#8221;100px&#8221;][\/vc_column_inner][vc_column_inner][vc_cta h2=&#8221;Discover the advantages of our SDS sludge drying systems&#8221; txt_align=&#8221;center&#8221; add_button=&#8221;bottom&#8221; btn_title=&#8221;Get in touch now!&#8221; btn_color=&#8221;green&#8221; btn_align=&#8221;center&#8221; btn_link=&#8221;url:https%3A%2F%2Fschlammtrocknung.com%2Fen%2Fcontact-us%2F|title:Contact%20us|&#8221;]<\/p>\n<p style=\"text-align: center;\"><span style=\"font-weight: 400;\">Increase the <\/span><b>efficiency<\/b><span style=\"font-weight: 400;\"> of your sludge processing and at the same time improve your <\/span><b>environmental balance<\/b><span style=\"font-weight: 400;\">. Contact michel SLUDGE-DRYING-SYSTEMS today to learn more about sustainable sludge drying solutions. Rely on advanced technology and sustainable practices &#8211; choose michel SLUDGE-DRYING-SYSTEMS for a gentle and environmentally friendly system.  <\/span><\/p>\n<p>[\/vc_cta][\/vc_column_inner][\/vc_row_inner][vc_empty_space height=&#8221;50px&#8221;][\/vc_column][\/vc_row]<\/p>\n<\/div>","protected":false},"excerpt":{"rendered":"<p>[vc_row content_placement=&#8221;top&#8221;][vc_column][vc_column_text] Maximize resource efficiency with michel SLUDGE-DRYING-SYSTEMS [\/vc_column_text][vc_empty_space height=&#8221;50px&#8221;][\/vc_column][\/vc_row][vc_row][vc_column width=&#8221;1\/2&#8243;][vc_column_text]michel SLUDGE-DRYING-SYSTEMS offers advanced solutions for sludge dryingthat are specifically designed to reduce operating costs and minimize environmental impact. Our customized systems are ideal for a wide range of industriesto ensure efficient and environmentally friendly disposal of sludge. Discover how our technology can meet your&hellip;<\/p>\n","protected":false},"author":1,"featured_media":0,"parent":0,"menu_order":0,"comment_status":"closed","ping_status":"closed","template":"","meta":{"footnotes":""},"class_list":["post-1787","page","type-page","status-publish","hentry","description-off"],"yoast_head":"<!-- This site is optimized with the Yoast SEO plugin v27.3 - https:\/\/yoast.com\/product\/yoast-seo-wordpress\/ -->\n<title>Services | Michel sludge drying<\/title>\n<meta name=\"description\" content=\"michel SLUDGE-DRYING-SYSTEMS offers advanced solutions for sludge drying.\" \/>\n<meta name=\"robots\" content=\"index, follow, max-snippet:-1, max-image-preview:large, max-video-preview:-1\" \/>\n<link rel=\"canonical\" href=\"https:\/\/schlammtrocknung.com\/en\/services\/\" \/>\n<meta property=\"og:locale\" content=\"en_US\" \/>\n<meta property=\"og:type\" content=\"article\" \/>\n<meta property=\"og:title\" content=\"Services | Michel sludge drying\" \/>\n<meta property=\"og:description\" content=\"michel SLUDGE-DRYING-SYSTEMS offers advanced solutions for sludge drying.\" \/>\n<meta property=\"og:url\" content=\"https:\/\/schlammtrocknung.com\/en\/services\/\" \/>\n<meta property=\"og:site_name\" content=\"Schlammtrocknung \u2013 michel SLUDGE DRYING SYSTEM\" \/>\n<meta property=\"article:modified_time\" content=\"2025-04-02T09:34:29+00:00\" \/>\n<meta name=\"twitter:card\" content=\"summary_large_image\" \/>\n<meta name=\"twitter:label1\" content=\"Est. reading time\" \/>\n\t<meta name=\"twitter:data1\" content=\"4 minutes\" \/>\n<script type=\"application\/ld+json\" class=\"yoast-schema-graph\">{\"@context\":\"https:\\\/\\\/schema.org\",\"@graph\":[{\"@type\":\"WebPage\",\"@id\":\"https:\\\/\\\/schlammtrocknung.com\\\/en\\\/services\\\/\",\"url\":\"https:\\\/\\\/schlammtrocknung.com\\\/en\\\/services\\\/\",\"name\":\"Services | Michel sludge drying\",\"isPartOf\":{\"@id\":\"https:\\\/\\\/schlammtrocknung.com\\\/#website\"},\"datePublished\":\"2024-09-04T08:22:38+00:00\",\"dateModified\":\"2025-04-02T09:34:29+00:00\",\"description\":\"michel SLUDGE-DRYING-SYSTEMS offers advanced solutions for sludge drying.\",\"breadcrumb\":{\"@id\":\"https:\\\/\\\/schlammtrocknung.com\\\/en\\\/services\\\/#breadcrumb\"},\"inLanguage\":\"en-US\",\"potentialAction\":[{\"@type\":\"ReadAction\",\"target\":[\"https:\\\/\\\/schlammtrocknung.com\\\/en\\\/services\\\/\"]}]},{\"@type\":\"BreadcrumbList\",\"@id\":\"https:\\\/\\\/schlammtrocknung.com\\\/en\\\/services\\\/#breadcrumb\",\"itemListElement\":[{\"@type\":\"ListItem\",\"position\":1,\"name\":\"Startseite\",\"item\":\"https:\\\/\\\/schlammtrocknung.com\\\/en\\\/home-page-2\\\/\"},{\"@type\":\"ListItem\",\"position\":2,\"name\":\"Services\"}]},{\"@type\":\"WebSite\",\"@id\":\"https:\\\/\\\/schlammtrocknung.com\\\/#website\",\"url\":\"https:\\\/\\\/schlammtrocknung.com\\\/\",\"name\":\"Schlammtrocknung | SDS - Schlammtrocknung\",\"description\":\"Schlamm- L\u00f6sungen f\u00fcr Kl\u00e4rwerke, Industrie und Umwelt\",\"publisher\":{\"@id\":\"https:\\\/\\\/schlammtrocknung.com\\\/#organization\"},\"potentialAction\":[{\"@type\":\"SearchAction\",\"target\":{\"@type\":\"EntryPoint\",\"urlTemplate\":\"https:\\\/\\\/schlammtrocknung.com\\\/?s={search_term_string}\"},\"query-input\":{\"@type\":\"PropertyValueSpecification\",\"valueRequired\":true,\"valueName\":\"search_term_string\"}}],\"inLanguage\":\"en-US\"},{\"@type\":\"Organization\",\"@id\":\"https:\\\/\\\/schlammtrocknung.com\\\/#organization\",\"name\":\"Schlammtrocknung | SDS - Schlammtrocknung\",\"url\":\"https:\\\/\\\/schlammtrocknung.com\\\/\",\"logo\":{\"@type\":\"ImageObject\",\"inLanguage\":\"en-US\",\"@id\":\"https:\\\/\\\/schlammtrocknung.com\\\/#\\\/schema\\\/logo\\\/image\\\/\",\"url\":\"https:\\\/\\\/schlammtrocknung.com\\\/wp-content\\\/uploads\\\/2023\\\/02\\\/logo_sds-1.png\",\"contentUrl\":\"https:\\\/\\\/schlammtrocknung.com\\\/wp-content\\\/uploads\\\/2023\\\/02\\\/logo_sds-1.png\",\"width\":697,\"height\":187,\"caption\":\"Schlammtrocknung | SDS - Schlammtrocknung\"},\"image\":{\"@id\":\"https:\\\/\\\/schlammtrocknung.com\\\/#\\\/schema\\\/logo\\\/image\\\/\"}}]}<\/script>\n<!-- \/ Yoast SEO plugin. -->","yoast_head_json":{"title":"Services | Michel sludge drying","description":"michel SLUDGE-DRYING-SYSTEMS offers advanced solutions for sludge drying.","robots":{"index":"index","follow":"follow","max-snippet":"max-snippet:-1","max-image-preview":"max-image-preview:large","max-video-preview":"max-video-preview:-1"},"canonical":"https:\/\/schlammtrocknung.com\/en\/services\/","og_locale":"en_US","og_type":"article","og_title":"Services | Michel sludge drying","og_description":"michel SLUDGE-DRYING-SYSTEMS offers advanced solutions for sludge drying.","og_url":"https:\/\/schlammtrocknung.com\/en\/services\/","og_site_name":"Schlammtrocknung \u2013 michel SLUDGE DRYING SYSTEM","article_modified_time":"2025-04-02T09:34:29+00:00","twitter_card":"summary_large_image","twitter_misc":{"Est. reading time":"4 minutes"},"schema":{"@context":"https:\/\/schema.org","@graph":[{"@type":"WebPage","@id":"https:\/\/schlammtrocknung.com\/en\/services\/","url":"https:\/\/schlammtrocknung.com\/en\/services\/","name":"Services | Michel sludge drying","isPartOf":{"@id":"https:\/\/schlammtrocknung.com\/#website"},"datePublished":"2024-09-04T08:22:38+00:00","dateModified":"2025-04-02T09:34:29+00:00","description":"michel SLUDGE-DRYING-SYSTEMS offers advanced solutions for sludge drying.","breadcrumb":{"@id":"https:\/\/schlammtrocknung.com\/en\/services\/#breadcrumb"},"inLanguage":"en-US","potentialAction":[{"@type":"ReadAction","target":["https:\/\/schlammtrocknung.com\/en\/services\/"]}]},{"@type":"BreadcrumbList","@id":"https:\/\/schlammtrocknung.com\/en\/services\/#breadcrumb","itemListElement":[{"@type":"ListItem","position":1,"name":"Startseite","item":"https:\/\/schlammtrocknung.com\/en\/home-page-2\/"},{"@type":"ListItem","position":2,"name":"Services"}]},{"@type":"WebSite","@id":"https:\/\/schlammtrocknung.com\/#website","url":"https:\/\/schlammtrocknung.com\/","name":"Schlammtrocknung | SDS - Schlammtrocknung","description":"Schlamm- L\u00f6sungen f\u00fcr Kl\u00e4rwerke, Industrie und Umwelt","publisher":{"@id":"https:\/\/schlammtrocknung.com\/#organization"},"potentialAction":[{"@type":"SearchAction","target":{"@type":"EntryPoint","urlTemplate":"https:\/\/schlammtrocknung.com\/?s={search_term_string}"},"query-input":{"@type":"PropertyValueSpecification","valueRequired":true,"valueName":"search_term_string"}}],"inLanguage":"en-US"},{"@type":"Organization","@id":"https:\/\/schlammtrocknung.com\/#organization","name":"Schlammtrocknung | SDS - Schlammtrocknung","url":"https:\/\/schlammtrocknung.com\/","logo":{"@type":"ImageObject","inLanguage":"en-US","@id":"https:\/\/schlammtrocknung.com\/#\/schema\/logo\/image\/","url":"https:\/\/schlammtrocknung.com\/wp-content\/uploads\/2023\/02\/logo_sds-1.png","contentUrl":"https:\/\/schlammtrocknung.com\/wp-content\/uploads\/2023\/02\/logo_sds-1.png","width":697,"height":187,"caption":"Schlammtrocknung | SDS - Schlammtrocknung"},"image":{"@id":"https:\/\/schlammtrocknung.com\/#\/schema\/logo\/image\/"}}]}},"_links":{"self":[{"href":"https:\/\/schlammtrocknung.com\/en\/wp-json\/wp\/v2\/pages\/1787","targetHints":{"allow":["GET"]}}],"collection":[{"href":"https:\/\/schlammtrocknung.com\/en\/wp-json\/wp\/v2\/pages"}],"about":[{"href":"https:\/\/schlammtrocknung.com\/en\/wp-json\/wp\/v2\/types\/page"}],"author":[{"embeddable":true,"href":"https:\/\/schlammtrocknung.com\/en\/wp-json\/wp\/v2\/users\/1"}],"replies":[{"embeddable":true,"href":"https:\/\/schlammtrocknung.com\/en\/wp-json\/wp\/v2\/comments?post=1787"}],"version-history":[{"count":4,"href":"https:\/\/schlammtrocknung.com\/en\/wp-json\/wp\/v2\/pages\/1787\/revisions"}],"predecessor-version":[{"id":1793,"href":"https:\/\/schlammtrocknung.com\/en\/wp-json\/wp\/v2\/pages\/1787\/revisions\/1793"}],"wp:attachment":[{"href":"https:\/\/schlammtrocknung.com\/en\/wp-json\/wp\/v2\/media?parent=1787"}],"curies":[{"name":"wp","href":"https:\/\/api.w.org\/{rel}","templated":true}]}}