{"id":2230,"date":"2025-02-24T17:25:02","date_gmt":"2025-02-24T16:25:02","guid":{"rendered":"https:\/\/schlammtrocknung.com\/drying-plant-for-sludge\/"},"modified":"2025-05-09T10:43:02","modified_gmt":"2025-05-09T08:43:02","slug":"drying-plant-for-sludge","status":"publish","type":"page","link":"https:\/\/schlammtrocknung.com\/en\/drying-plant-for-sludge\/","title":{"rendered":"Drying plant for sludge"},"content":{"rendered":"<div class=\"wpb-content-wrapper\"><p>[vc_row content_placement=&#8221;top&#8221;][vc_column][vc_column_text]<\/p>\n<h1 style=\"text-align: center\"><span style=\"color: #728d2a\">Efficient technology: drying plant for sludge<br \/><\/span><\/h1>\n<p>[\/vc_column_text][vc_column_text]<\/p>\n<p style=\"text-align: center\"><span style=\"font-weight: 400\">The <\/span><b>drying systems from michel SLUDGE-DRYING-SYSTEMS<\/b><span style=\"font-weight: 400\">  represent a decisive step forward in environmentally friendly waste recycling. Through the use of modern   <\/span><b>Low-temperature dryers<\/b><span style=\"font-weight: 400\"> our systems enable effective and energy-efficient sludge <\/span><b>sludge drying<\/b><span style=\"font-weight: 400\">that redefines industrial standards.<\/span><\/p>\n<p style=\"text-align: center\"><span style=\"font-weight: 400\">No matter whether <\/span><a href=\"https:\/\/schlammtrocknung.com\/leistungen\/klaerschlammtrocknung\/\"><span style=\"font-weight: 400\">sewage sludge<\/span><\/a><span style=\"font-weight: 400\">, <\/span><a href=\"https:\/\/schlammtrocknung.com\/leistungen\/bioschlammtrocknung\/\"><span style=\"font-weight: 400\">biosludge<\/span><\/a><span style=\"font-weight: 400\"> or industrial sludge &#8211; our<\/span><b> industrial drying plants<\/b><span style=\"font-weight: 400\"> ensure professional sludge drying <\/span><b>sludge drying directly on site<\/b><span style=\"font-weight: 400\">. Discover the range of michel SLUDGE-DRYING-SYSTEMS to buy, rent or finance efficient drying systems.<\/span><\/p>\n<p>[\/vc_column_text][vc_btn title=&#8221;Discover drying systems now!&#8221; style=&#8221;custom&#8221; custom_background=&#8221;#728d2a&#8221; custom_text=&#8221;#ffffff&#8221; align=&#8221;center&#8221; link=&#8221;url:https%3A%2F%2Fschlammtrocknung.com%2Fprodukte%2F|&#8221;][vc_empty_space height=&#8221;50px&#8221;][\/vc_column][\/vc_row][vc_row][vc_column width=&#8221;2\/3&#8243;][vc_column_text]<\/p>\n<h3><span style=\"color: #728d2a\">Discover the advantages of our drying systems at a glance:<br \/><\/span><\/h3>\n<p>[\/vc_column_text][vc_column_text]<\/p>\n<ul>\n<li style=\"font-weight: 400\"><span style=\"font-weight: 400\">Gentle and energy-efficient sludge drying thanks to low-temperature drying<\/span><\/li>\n<li style=\"font-weight: 400\"><span style=\"font-weight: 400\">Uncomplicated and cost-saving drying directly at the site of sludge formation<\/span><\/li>\n<li style=\"font-weight: 400\"><span style=\"font-weight: 400\">Modular systems in various sizes<\/span><\/li>\n<li style=\"font-weight: 400\"><span style=\"font-weight: 400\">Wide range of possible uses from <\/span><a href=\"https:\/\/schlammtrocknung.com\/schlammentsorgung\/\"><span style=\"font-weight: 400\">sludge disposal<\/span><\/a><span style=\"font-weight: 400\"> to the <\/span><a href=\"https:\/\/schlammtrocknung.com\/news\/phosphor-recycling\/\"><span style=\"font-weight: 400\">recovery of phosphorus<\/span><\/a><\/li>\n<li style=\"font-weight: 400\"><span style=\"font-weight: 400\">Simple installation without special infrastructure or conversion work<\/span><\/li>\n<\/ul>\n<p>[\/vc_column_text][vc_empty_space height=&#8221;70px&#8221;][\/vc_column][vc_column width=&#8221;1\/3&#8243;][vc_single_image image=&#8221;367&#8243; img_size=&#8221;400&#215;300&#8243;][\/vc_column][\/vc_row][vc_row][vc_column width=&#8221;1\/2&#8243;][vc_single_image image=&#8221;368&#8243; img_size=&#8221;600&#215;600&#8243;][vc_empty_space height=&#8221;70px&#8221;][\/vc_column][vc_column width=&#8221;1\/2&#8243;][vc_column_text]<\/p>\n<h2><span style=\"color: #728d2a\">Maximum results with minimum heat generation<br \/><\/span><\/h2>\n<p><span style=\"font-weight: 400\">The <\/span><a href=\"https:\/\/schlammtrocknung.com\/niedertemperaturtrockner\/\"><span style=\"font-weight: 400\">low temperature dryers<\/span><\/a><span style=\"font-weight: 400\"> from michel SLUDGE-DRYING-SYSTEMS operate at <\/span><b>lower temperatures<\/b><span style=\"font-weight: 400\">to dry the sludge without chemical alteration or emission of harmful substances. This controlled application of heat evaporates moisture efficiently, reducing energy requirements while preserving the material.   <\/span><\/p>\n<p><span style=\"font-weight: 400\">This method minimizes the thermal load on the dried material, which not only protects the environment, but also improves the <\/span><b>quality<\/b><span style=\"font-weight: 400\"> quality of the end product.<\/span><\/p>\n<p><b>Gentle treatment and considerable energy savings<\/b><\/p>\n<p><span style=\"font-weight: 400\">Through the use of <\/span><b>low temperature dryers<\/b><span style=\"font-weight: 400\">  in our drying systems, we can significantly reduce energy consumption. This energy efficiency not only leads to lower operating costs, but also to a considerable reduction in CO\u2082 emissions. In addition, our systems also avoid problems with waste water and other emissions thanks to their innovative technology.  <\/span>[\/vc_column_text][\/vc_column][\/vc_row][vc_row][vc_column width=&#8221;1\/2&#8243;][vc_column_text]<\/p>\n<h2><span style=\"color: #728d2a\">Adaptable drying systems for optimum results<br \/><\/span><\/h2>\n<p><span style=\"font-weight: 400\">Our <\/span><b>modular sludge drying systems <\/b><span style=\"font-weight: 400\">are available in <\/span><b>different sizes <\/b> <span style=\"font-weight: 400\">and are tailored precisely to the needs of our customers. Each system integrates gentle drying methods that effectively reduce the water content in the sludge while minimizing energy consumption.   <\/span><\/p>\n<p><span style=\"font-weight: 400\">This enables continuous, efficient sludge treatment from start to finish, without the need for different drying stages or separate machines.<\/span><\/p>\n<p><span style=\"font-weight: 400\">The <\/span><b>versatile application possibilities<\/b><span style=\"font-weight: 400\">  of our drying systems make them an ideal solution for a wide range of industrial applications. Whether in biomass power plants for energy generation, as a fertilizer in agriculture, or as an aggregate in the construction industry &#8211; the drying systems from michel SLUDGE-DRYING-SYSTEMS are suitable for all types of sludge and can be modularly adapted to specific requirements. <\/span>[\/vc_column_text][\/vc_column][vc_column width=&#8221;1\/2&#8243;][vc_single_image image=&#8221;1194&#8243; img_size=&#8221;600&#215;600&#8243;][vc_empty_space height=&#8221;70px&#8221;][\/vc_column][\/vc_row][vc_row][vc_column width=&#8221;1\/2&#8243;][vc_single_image image=&#8221;375&#8243; img_size=&#8221;600&#215;600&#8243;][vc_empty_space height=&#8221;70px&#8221;][\/vc_column][vc_column width=&#8221;1\/2&#8243;][vc_column_text]<\/p>\n<h3><span style=\"color: #728d2a\">Flexibility and efficiency at every location<br \/><\/span><\/h3>\n<p><span style=\"font-weight: 400\">michel SLUDGE-DRYING-SYSTEMS offers decentralized drying systems for sludge that have been specially developed to <\/span><b>directly at the place of sludge formation <\/b> <span style=\"font-weight: 400\">to be put into operation. This independence from major infrastructural adjustments makes our systems a flexible solution for a wide variety of locations.   <\/span><\/p>\n<p><span style=\"font-weight: 400\">Without the need for extensive construction work or roofing, our systems can be seamlessly integrated into existing operating processes.<\/span><\/p>\n<p><span style=\"font-weight: 400\">The plants are also designed to handle a wide range of sludge types. <\/span><b>types of sludge<\/b><span style=\"font-weight: 400\"> effectively &#8211; from municipal sewage sludge to special industrial sludges such as the <\/span><a href=\"https:\/\/schlammtrocknung.com\/leistungen\/metallschlammtrocknung\/\"><span style=\"font-weight: 400\">metal<\/span><\/a><span style=\"font-weight: 400\"> or <\/span><a href=\"https:\/\/schlammtrocknung.com\/leistungen\/papierschlammtrocknung\/\"><span style=\"font-weight: 400\">paper sludge<\/span><\/a><span style=\"font-weight: 400\">.<\/span><\/p>\n<p><span style=\"font-weight: 400\">We also offer <\/span><b>flexible financing options<\/b><span style=\"font-weight: 400\">  that enable our customers to introduce advanced drying technology without compromising their financial flexibility. With these adaptive solutions, michel SLUDGE-DRYING-SYSTEMS positions itself as your partner for environmentally friendly and cost-efficient sludge drying. <\/span>[\/vc_column_text][\/vc_column][\/vc_row][vc_row][vc_column][vc_cta h2=&#8221;Professional drying systems from michel SLUDGE-DRYING-SYSTEMS&#8221; txt_align=&#8221;center&#8221; add_button=&#8221;bottom&#8221; btn_title=&#8221;Contact us!&#8221; btn_style=&#8221;gradient-custom&#8221; btn_gradient_custom_color_1=&#8221;#728d2a&#8221; btn_gradient_custom_color_2=&#8221;#728d2a&#8221; btn_align=&#8221;center&#8221; btn_link=&#8221;url:https%3A%2F%2Fschlammtrocknung.com%2Fen%2Fcontact-us%2F|title:Contact%20us|&#8221;]<\/p>\n<p style=\"text-align: center\"><span style=\"font-weight: 400\">Invest in the advanced drying systems <\/span><b>drying systems from michel SLUDGE-DRYING-SYSTEMS<\/b><span style=\"font-weight: 400\">  and experience how our technology can make your production processes not only more efficient, but also more environmentally friendly. Contact us today to find out more about our drying systems and to arrange a <\/span> <b> individual offer<\/b><span style=\"font-weight: 400\"> to receive!<\/span><\/p>\n<p>[\/vc_cta][vc_empty_space height=&#8221;50px&#8221;][\/vc_column][\/vc_row][vc_row][vc_column][vc_column_text]<\/p>\n<h2 style=\"text-align: center\"><span style=\"color: #728d2a\">FAQ &#8211; Frequently asked questions about our drying systems<\/span><\/h2>\n<p>[\/vc_column_text][\/vc_column][\/vc_row][vc_row][vc_column][vc_toggle title=&#8221;In which industries can the drying systems from michel SLUDGE-DRYING-SYSTEMS be used?&#8221;]Our drying systems are highly versatile. From the drying of sewage sludge and biosludge to the treatment of industrial waste products such as paper and metal sludge, they offer a wide range of applications in various industries. Our customers include sewage treatment plants, local authorities and industrial companies.[\/vc_toggle][vc_toggle title=&#8221;What are the advantages of the modular drying systems from michel SLUDGE-DRYING-SYSTEMS?&#8221;]Our modular drying systems are available in various sizes and can be flexibly adapted to different sludge types, quantities and customer requirements. They also offer efficient sludge treatment from start to finish and do not require separate machines for different drying stages. Our systems dry sludge directly on site &#8211; without the need for a roof or hall.[\/vc_toggle][\/vc_column][\/vc_row]<\/p>\n<\/div>","protected":false},"excerpt":{"rendered":"<p>[vc_row content_placement=&#8221;top&#8221;][vc_column][vc_column_text] Efficient technology: drying plant for sludge [\/vc_column_text][vc_column_text] The drying systems from michel SLUDGE-DRYING-SYSTEMS represent a decisive step forward in environmentally friendly waste recycling. Through the use of modern Low-temperature dryers our systems enable effective and energy-efficient sludge sludge dryingthat redefines industrial standards. No matter whether sewage sludge, biosludge or industrial sludge &#8211; our&hellip;<\/p>\n","protected":false},"author":1,"featured_media":0,"parent":0,"menu_order":0,"comment_status":"closed","ping_status":"closed","template":"","meta":{"footnotes":""},"class_list":["post-2230","page","type-page","status-publish","hentry","description-off"],"yoast_head":"<!-- This site is optimized with the Yoast SEO plugin v27.4 - https:\/\/yoast.com\/product\/yoast-seo-wordpress\/ -->\n<title>Drying system | michel SLUDGE-DRYING-SYSTEMS<\/title>\n<meta name=\"description\" content=\"Discover advanced drying systems for all types of sludge from michel SLUDGE-DRYING-SYSTEMS.\" \/>\n<meta name=\"robots\" content=\"index, follow, max-snippet:-1, max-image-preview:large, max-video-preview:-1\" \/>\n<link rel=\"canonical\" href=\"https:\/\/schlammtrocknung.com\/en\/drying-plant-for-sludge\/\" \/>\n<meta property=\"og:locale\" content=\"en_US\" \/>\n<meta property=\"og:type\" content=\"article\" \/>\n<meta property=\"og:title\" content=\"Drying system | michel SLUDGE-DRYING-SYSTEMS\" \/>\n<meta property=\"og:description\" content=\"Discover advanced drying systems for all types of sludge from michel SLUDGE-DRYING-SYSTEMS.\" \/>\n<meta property=\"og:url\" content=\"https:\/\/schlammtrocknung.com\/en\/drying-plant-for-sludge\/\" \/>\n<meta property=\"og:site_name\" content=\"Schlammtrocknung \u2013 michel SLUDGE DRYING SYSTEM\" \/>\n<meta property=\"article:modified_time\" content=\"2025-05-09T08:43:02+00:00\" \/>\n<meta name=\"twitter:card\" content=\"summary_large_image\" \/>\n<meta name=\"twitter:label1\" content=\"Est. reading time\" \/>\n\t<meta name=\"twitter:data1\" content=\"5 minutes\" \/>\n<script type=\"application\/ld+json\" class=\"yoast-schema-graph\">{\"@context\":\"https:\\\/\\\/schema.org\",\"@graph\":[{\"@type\":\"WebPage\",\"@id\":\"https:\\\/\\\/schlammtrocknung.com\\\/en\\\/drying-plant-for-sludge\\\/\",\"url\":\"https:\\\/\\\/schlammtrocknung.com\\\/en\\\/drying-plant-for-sludge\\\/\",\"name\":\"Drying system | michel SLUDGE-DRYING-SYSTEMS\",\"isPartOf\":{\"@id\":\"https:\\\/\\\/schlammtrocknung.com\\\/#website\"},\"datePublished\":\"2025-02-24T16:25:02+00:00\",\"dateModified\":\"2025-05-09T08:43:02+00:00\",\"description\":\"Discover advanced drying systems for all types of sludge from michel SLUDGE-DRYING-SYSTEMS.\",\"breadcrumb\":{\"@id\":\"https:\\\/\\\/schlammtrocknung.com\\\/en\\\/drying-plant-for-sludge\\\/#breadcrumb\"},\"inLanguage\":\"en-US\",\"potentialAction\":[{\"@type\":\"ReadAction\",\"target\":[\"https:\\\/\\\/schlammtrocknung.com\\\/en\\\/drying-plant-for-sludge\\\/\"]}]},{\"@type\":\"BreadcrumbList\",\"@id\":\"https:\\\/\\\/schlammtrocknung.com\\\/en\\\/drying-plant-for-sludge\\\/#breadcrumb\",\"itemListElement\":[{\"@type\":\"ListItem\",\"position\":1,\"name\":\"Startseite\",\"item\":\"https:\\\/\\\/schlammtrocknung.com\\\/en\\\/home-page-2\\\/\"},{\"@type\":\"ListItem\",\"position\":2,\"name\":\"Drying plant for sludge\"}]},{\"@type\":\"WebSite\",\"@id\":\"https:\\\/\\\/schlammtrocknung.com\\\/#website\",\"url\":\"https:\\\/\\\/schlammtrocknung.com\\\/\",\"name\":\"Schlammtrocknung | SDS - Schlammtrocknung\",\"description\":\"Schlamm- L\u00f6sungen f\u00fcr Kl\u00e4rwerke, Industrie und Umwelt\",\"publisher\":{\"@id\":\"https:\\\/\\\/schlammtrocknung.com\\\/#organization\"},\"potentialAction\":[{\"@type\":\"SearchAction\",\"target\":{\"@type\":\"EntryPoint\",\"urlTemplate\":\"https:\\\/\\\/schlammtrocknung.com\\\/?s={search_term_string}\"},\"query-input\":{\"@type\":\"PropertyValueSpecification\",\"valueRequired\":true,\"valueName\":\"search_term_string\"}}],\"inLanguage\":\"en-US\"},{\"@type\":\"Organization\",\"@id\":\"https:\\\/\\\/schlammtrocknung.com\\\/#organization\",\"name\":\"Schlammtrocknung | SDS - Schlammtrocknung\",\"url\":\"https:\\\/\\\/schlammtrocknung.com\\\/\",\"logo\":{\"@type\":\"ImageObject\",\"inLanguage\":\"en-US\",\"@id\":\"https:\\\/\\\/schlammtrocknung.com\\\/#\\\/schema\\\/logo\\\/image\\\/\",\"url\":\"https:\\\/\\\/schlammtrocknung.com\\\/wp-content\\\/uploads\\\/2023\\\/02\\\/logo_sds-1.png\",\"contentUrl\":\"https:\\\/\\\/schlammtrocknung.com\\\/wp-content\\\/uploads\\\/2023\\\/02\\\/logo_sds-1.png\",\"width\":697,\"height\":187,\"caption\":\"Schlammtrocknung | SDS - Schlammtrocknung\"},\"image\":{\"@id\":\"https:\\\/\\\/schlammtrocknung.com\\\/#\\\/schema\\\/logo\\\/image\\\/\"}}]}<\/script>\n<!-- \/ Yoast SEO plugin. -->","yoast_head_json":{"title":"Drying system | michel SLUDGE-DRYING-SYSTEMS","description":"Discover advanced drying systems for all types of sludge from michel SLUDGE-DRYING-SYSTEMS.","robots":{"index":"index","follow":"follow","max-snippet":"max-snippet:-1","max-image-preview":"max-image-preview:large","max-video-preview":"max-video-preview:-1"},"canonical":"https:\/\/schlammtrocknung.com\/en\/drying-plant-for-sludge\/","og_locale":"en_US","og_type":"article","og_title":"Drying system | michel SLUDGE-DRYING-SYSTEMS","og_description":"Discover advanced drying systems for all types of sludge from michel SLUDGE-DRYING-SYSTEMS.","og_url":"https:\/\/schlammtrocknung.com\/en\/drying-plant-for-sludge\/","og_site_name":"Schlammtrocknung \u2013 michel SLUDGE DRYING SYSTEM","article_modified_time":"2025-05-09T08:43:02+00:00","twitter_card":"summary_large_image","twitter_misc":{"Est. reading time":"5 minutes"},"schema":{"@context":"https:\/\/schema.org","@graph":[{"@type":"WebPage","@id":"https:\/\/schlammtrocknung.com\/en\/drying-plant-for-sludge\/","url":"https:\/\/schlammtrocknung.com\/en\/drying-plant-for-sludge\/","name":"Drying system | michel SLUDGE-DRYING-SYSTEMS","isPartOf":{"@id":"https:\/\/schlammtrocknung.com\/#website"},"datePublished":"2025-02-24T16:25:02+00:00","dateModified":"2025-05-09T08:43:02+00:00","description":"Discover advanced drying systems for all types of sludge from michel SLUDGE-DRYING-SYSTEMS.","breadcrumb":{"@id":"https:\/\/schlammtrocknung.com\/en\/drying-plant-for-sludge\/#breadcrumb"},"inLanguage":"en-US","potentialAction":[{"@type":"ReadAction","target":["https:\/\/schlammtrocknung.com\/en\/drying-plant-for-sludge\/"]}]},{"@type":"BreadcrumbList","@id":"https:\/\/schlammtrocknung.com\/en\/drying-plant-for-sludge\/#breadcrumb","itemListElement":[{"@type":"ListItem","position":1,"name":"Startseite","item":"https:\/\/schlammtrocknung.com\/en\/home-page-2\/"},{"@type":"ListItem","position":2,"name":"Drying plant for sludge"}]},{"@type":"WebSite","@id":"https:\/\/schlammtrocknung.com\/#website","url":"https:\/\/schlammtrocknung.com\/","name":"Schlammtrocknung | SDS - Schlammtrocknung","description":"Schlamm- L\u00f6sungen f\u00fcr Kl\u00e4rwerke, Industrie und Umwelt","publisher":{"@id":"https:\/\/schlammtrocknung.com\/#organization"},"potentialAction":[{"@type":"SearchAction","target":{"@type":"EntryPoint","urlTemplate":"https:\/\/schlammtrocknung.com\/?s={search_term_string}"},"query-input":{"@type":"PropertyValueSpecification","valueRequired":true,"valueName":"search_term_string"}}],"inLanguage":"en-US"},{"@type":"Organization","@id":"https:\/\/schlammtrocknung.com\/#organization","name":"Schlammtrocknung | SDS - Schlammtrocknung","url":"https:\/\/schlammtrocknung.com\/","logo":{"@type":"ImageObject","inLanguage":"en-US","@id":"https:\/\/schlammtrocknung.com\/#\/schema\/logo\/image\/","url":"https:\/\/schlammtrocknung.com\/wp-content\/uploads\/2023\/02\/logo_sds-1.png","contentUrl":"https:\/\/schlammtrocknung.com\/wp-content\/uploads\/2023\/02\/logo_sds-1.png","width":697,"height":187,"caption":"Schlammtrocknung | SDS - Schlammtrocknung"},"image":{"@id":"https:\/\/schlammtrocknung.com\/#\/schema\/logo\/image\/"}}]}},"_links":{"self":[{"href":"https:\/\/schlammtrocknung.com\/en\/wp-json\/wp\/v2\/pages\/2230","targetHints":{"allow":["GET"]}}],"collection":[{"href":"https:\/\/schlammtrocknung.com\/en\/wp-json\/wp\/v2\/pages"}],"about":[{"href":"https:\/\/schlammtrocknung.com\/en\/wp-json\/wp\/v2\/types\/page"}],"author":[{"embeddable":true,"href":"https:\/\/schlammtrocknung.com\/en\/wp-json\/wp\/v2\/users\/1"}],"replies":[{"embeddable":true,"href":"https:\/\/schlammtrocknung.com\/en\/wp-json\/wp\/v2\/comments?post=2230"}],"version-history":[{"count":4,"href":"https:\/\/schlammtrocknung.com\/en\/wp-json\/wp\/v2\/pages\/2230\/revisions"}],"predecessor-version":[{"id":2261,"href":"https:\/\/schlammtrocknung.com\/en\/wp-json\/wp\/v2\/pages\/2230\/revisions\/2261"}],"wp:attachment":[{"href":"https:\/\/schlammtrocknung.com\/en\/wp-json\/wp\/v2\/media?parent=2230"}],"curies":[{"name":"wp","href":"https:\/\/api.w.org\/{rel}","templated":true}]}}