{"id":2279,"date":"2024-09-04T15:19:37","date_gmt":"2024-09-04T13:19:37","guid":{"rendered":"https:\/\/schlammtrocknung.com\/low-temperature-dryer\/"},"modified":"2025-05-09T10:43:15","modified_gmt":"2025-05-09T08:43:15","slug":"low-temperature-dryer","status":"publish","type":"page","link":"https:\/\/schlammtrocknung.com\/en\/low-temperature-dryer\/","title":{"rendered":"Low temperature dryer"},"content":{"rendered":"<div class=\"wpb-content-wrapper\"><p>[vc_row content_placement=&#8221;top&#8221;][vc_column][vc_column_text]<\/p>\n<h1 style=\"text-align: center;\"><span style=\"color: #728d2a;\"><b>Low-temperature dryers at michel SLUDGE-DRYING-SYSTEMS<\/b><\/span><\/h1>\n<p>[\/vc_column_text][vc_column_text]<\/p>\n<p style=\"text-align: center;\"><span style=\"font-weight: 400;\">Maximize the efficiency of your <\/span><b>sludge drying<\/b><span style=\"font-weight: 400;\"> with advanced <\/span><b>low temperature dryers<\/b><span style=\"font-weight: 400;\">  from michel SLUDGE-DRYING-SYSTEMS, developed for optimum performance with minimum energy consumption. Our drying systems use this modern technology to make sludge drying as gentle as possible. <\/span><\/p>\n<p>[\/vc_column_text][vc_empty_space height=&#8221;70px&#8221;][\/vc_column][\/vc_row][vc_row][vc_column][vc_column_text]<\/p>\n<h2 style=\"text-align: center;\"><span style=\"color: #728d2a;\">Small temperatures, big effect<\/span><\/h2>\n<p style=\"text-align: center;\"><span style=\"font-weight: 400;\">A low-temperature dryer operates at <\/span><b>lower temperatures<\/b><span style=\"font-weight: 400;\">to effectively dry sludge without changing its chemical composition or generating harmful emissions. This technology uses heat in a controlled and efficient manner to evaporate moisture from the sludge, significantly reducing energy requirements and minimizing thermal stress on the material. <\/span><span style=\"color: #728d2a;\"><br \/>\n<\/span><\/p>\n<p>[\/vc_column_text][vc_empty_space height=&#8221;30px&#8221;][vc_column_text]<\/p>\n<h3 style=\"text-align: center;\"><span style=\"color: #728d2a;\">The low-temperature dryer in our SDS sludge drying process<\/span><\/h3>\n<p>[\/vc_column_text][\/vc_column][\/vc_row][vc_row][vc_column width=&#8221;1\/2&#8243;][vc_single_image image=&#8221;376&#8243; img_size=&#8221;600&#215;400&#8243;][vc_empty_space height=&#8221;70px&#8221;][\/vc_column][vc_column width=&#8221;1\/2&#8243;][vc_column_text]<span style=\"font-weight: 400;\">michel SLUDGE-DRYING-SYSTEMS is the supplier of modular <\/span><b>modular sludge drying systems<\/b><span style=\"font-weight: 400;\">which are available in various sizes and can be customized to meet individual customer requirements. These systems are designed to effectively reduce the water content in the sludge while at the same time minimizing the <\/span> <b> Minimize energy consumption<\/b><span style=\"font-weight: 400;\">.<\/span><\/p>\n<p><span style=\"font-weight: 400;\">The integration of gentle drying methods into a single system enables seamless and efficient <\/span><a href=\"http:\/\/schlammtrocknung.com\/leistungen\/schlammbehandlung\"><span style=\"font-weight: 400;\">sludge treatment<\/span><\/a><span style=\"font-weight: 400;\"> from start to finish without the need for separate machines for different drying stages.<\/span>[\/vc_column_text][\/vc_column][\/vc_row][vc_row][vc_column][vc_column_text]<\/p>\n<h2 style=\"text-align: center;\"><span style=\"color: #728d2a;\"><b>Gentle treatment: <\/b>sludge drying at michel SLUDGE-DRYING-SYSTEMS<\/span><\/h2>\n<p>[\/vc_column_text][vc_toggle title=&#8221;The use of low-temperature dryers in our sludge drying plants offers numerous advantages:&#8221; custom_font_container=&#8221;tag:h3|text_align:left&#8221; use_custom_heading=&#8221;true&#8221;]<span style=\"font-weight: 400;\">The use of low-temperature dryers in our sludge drying systems offers numerous <\/span><b>advantages<\/b><span style=\"font-weight: 400;\">. <\/span> <span style=\"font-weight: 400;\">Due to the reduced heat, less energy is consumed in the drying process. This not only increases the   <\/span><b>Energy efficiency<\/b><span style=\"font-weight: 400;\">but also saves costs. In addition to the environment and your wallet, the raw material and the potential end product of sludge drying are also protected. <\/span><\/p>\n<p><span style=\"font-weight: 400;\">Discover the advantages of <\/span><b>low temperature drying<\/b><span style=\"font-weight: 400;\"> with michel SLUDGE-DRYING-SYSTEMS in detail:<\/span><\/p>\n<ul>\n<li style=\"font-weight: 400;\" aria-level=\"1\"><b>Energy efficiency:<\/b><span style=\"font-weight: 400;\"> The technology significantly reduces energy consumption as less heat is required to evaporate the liquid in the sludge.<\/span><\/li>\n<li style=\"font-weight: 400;\" aria-level=\"1\"><b>Environmentally friendly:<\/b><span style=\"font-weight: 400;\"> Our systems produce no harmful emissions, reduce CO\u2082 emissions and avoid waste water problems, making them an environmentally friendly choice.<\/span><\/li>\n<li style=\"font-weight: 400;\" aria-level=\"1\"><b>Cost savings:<\/b><span style=\"font-weight: 400;\">  The efficient use of heat and electricity leads to lower operating costs. In addition, the compact design of the system saves space, as no separate roof or hall is required. <\/span><\/li>\n<li style=\"font-weight: 400;\" aria-level=\"1\"><b>Gentle treatment:<\/b><span style=\"font-weight: 400;\"> The drying process at low temperatures prevents gluing of the material and minimizes the emission of dust and other particles.<\/span><\/li>\n<li style=\"font-weight: 400;\" aria-level=\"1\"><b>Versatility:<\/b><span style=\"font-weight: 400;\"> The units are suitable for a wide range of slurries, making them a flexible option for various industrial applications.<\/span><\/li>\n<\/ul>\n<p>[\/vc_toggle][\/vc_column][\/vc_row][vc_row][vc_column][vc_empty_space height=&#8221;50px&#8221;][vc_cta h2=&#8221;Start your sludge drying with michel SLUDGE-DRYING-SYSTEMS&#8221; txt_align=&#8221;center&#8221; add_button=&#8221;bottom&#8221; btn_title=&#8221;Contact us!&#8221; btn_style=&#8221;gradient-custom&#8221; btn_gradient_custom_color_1=&#8221;#728d2a&#8221; btn_gradient_custom_color_2=&#8221;#728d2a&#8221; btn_align=&#8221;center&#8221; btn_link=&#8221;url:https%3A%2F%2Fschlammtrocknung.com%2Fen%2Fcontact-us%2F|title:Contact%20us|&#8221;]<\/p>\n<p style=\"text-align: center;\"><span style=\"font-weight: 400;\">Rely on the innovative technology of michel SLUDGE-DRYING-SYSTEMS for your sludge drying. Contact us today to find out more about how our   <\/span><span style=\"font-weight: 400;\">drying systems<\/span><span style=\"font-weight: 400;\"> make your production processes more efficient and environmentally friendly.<\/span><\/p>\n<p>[\/vc_cta][vc_empty_space height=&#8221;50px&#8221;][\/vc_column][\/vc_row][vc_row][vc_column][vc_column_text]<\/p>\n<h2 style=\"text-align: center;\"><span style=\"color: #728d2a;\">FAQ &#8211; Frequently asked questions about the low-temperature dryer<\/span><\/h2>\n<p>[\/vc_column_text][\/vc_column][\/vc_row][vc_row][vc_column][vc_toggle title=&#8221;What are the advantages of a low-temperature dryer?&#8221;]<span style=\"font-weight: 400;\">A low-temperature dryer dries sludge at low temperatures, which minimizes energy consumption without generating harmful emissions.<\/span>[\/vc_toggle][vc_toggle title=&#8221;How does the low-temperature dryer contribute to environmental friendliness?&#8221;]<span style=\"font-weight: 400;\">By operating at low temperatures, low-temperature dryers significantly reduce energy requirements and avoid harmful emissions, making them an environmentally friendly solution for sludge drying.<\/span>[\/vc_toggle][\/vc_column][\/vc_row]<\/p>\n<\/div>","protected":false},"excerpt":{"rendered":"<p>[vc_row content_placement=&#8221;top&#8221;][vc_column][vc_column_text] Low-temperature dryers at michel SLUDGE-DRYING-SYSTEMS [\/vc_column_text][vc_column_text] Maximize the efficiency of your sludge drying with advanced low temperature dryers from michel SLUDGE-DRYING-SYSTEMS, developed for optimum performance with minimum energy consumption. Our drying systems use this modern technology to make sludge drying as gentle as possible. [\/vc_column_text][vc_empty_space height=&#8221;70px&#8221;][\/vc_column][\/vc_row][vc_row][vc_column][vc_column_text] Small temperatures, big effect A low-temperature dryer&hellip;<\/p>\n","protected":false},"author":1,"featured_media":0,"parent":0,"menu_order":0,"comment_status":"closed","ping_status":"closed","template":"","meta":{"footnotes":""},"class_list":["post-2279","page","type-page","status-publish","hentry","description-off"],"yoast_head":"<!-- This site is optimized with the Yoast SEO plugin v27.3 - https:\/\/yoast.com\/product\/yoast-seo-wordpress\/ -->\n<title>Low-temperature dryer | Michel sludge drying<\/title>\n<meta name=\"description\" content=\"Discover the low-temperature dryers from michel SLUDGE-DRYING-SYSTEMS for gentle sludge drying.\" \/>\n<meta name=\"robots\" content=\"index, follow, max-snippet:-1, max-image-preview:large, max-video-preview:-1\" \/>\n<link rel=\"canonical\" href=\"https:\/\/schlammtrocknung.com\/en\/low-temperature-dryer\/\" \/>\n<meta property=\"og:locale\" content=\"en_US\" \/>\n<meta property=\"og:type\" content=\"article\" \/>\n<meta property=\"og:title\" content=\"Low-temperature dryer | Michel sludge drying\" \/>\n<meta property=\"og:description\" content=\"Discover the low-temperature dryers from michel SLUDGE-DRYING-SYSTEMS for gentle sludge drying.\" \/>\n<meta property=\"og:url\" content=\"https:\/\/schlammtrocknung.com\/en\/low-temperature-dryer\/\" \/>\n<meta property=\"og:site_name\" content=\"Schlammtrocknung \u2013 michel SLUDGE DRYING SYSTEM\" \/>\n<meta property=\"article:modified_time\" content=\"2025-05-09T08:43:15+00:00\" \/>\n<meta name=\"twitter:card\" content=\"summary_large_image\" \/>\n<meta name=\"twitter:label1\" content=\"Est. reading time\" \/>\n\t<meta name=\"twitter:data1\" content=\"4 minutes\" \/>\n<script type=\"application\/ld+json\" class=\"yoast-schema-graph\">{\"@context\":\"https:\\\/\\\/schema.org\",\"@graph\":[{\"@type\":\"WebPage\",\"@id\":\"https:\\\/\\\/schlammtrocknung.com\\\/en\\\/low-temperature-dryer\\\/\",\"url\":\"https:\\\/\\\/schlammtrocknung.com\\\/en\\\/low-temperature-dryer\\\/\",\"name\":\"Low-temperature dryer | Michel sludge drying\",\"isPartOf\":{\"@id\":\"https:\\\/\\\/schlammtrocknung.com\\\/#website\"},\"datePublished\":\"2024-09-04T13:19:37+00:00\",\"dateModified\":\"2025-05-09T08:43:15+00:00\",\"description\":\"Discover the low-temperature dryers from michel SLUDGE-DRYING-SYSTEMS for gentle sludge drying.\",\"breadcrumb\":{\"@id\":\"https:\\\/\\\/schlammtrocknung.com\\\/en\\\/low-temperature-dryer\\\/#breadcrumb\"},\"inLanguage\":\"en-US\",\"potentialAction\":[{\"@type\":\"ReadAction\",\"target\":[\"https:\\\/\\\/schlammtrocknung.com\\\/en\\\/low-temperature-dryer\\\/\"]}]},{\"@type\":\"BreadcrumbList\",\"@id\":\"https:\\\/\\\/schlammtrocknung.com\\\/en\\\/low-temperature-dryer\\\/#breadcrumb\",\"itemListElement\":[{\"@type\":\"ListItem\",\"position\":1,\"name\":\"Startseite\",\"item\":\"https:\\\/\\\/schlammtrocknung.com\\\/en\\\/home-page-2\\\/\"},{\"@type\":\"ListItem\",\"position\":2,\"name\":\"Low temperature dryer\"}]},{\"@type\":\"WebSite\",\"@id\":\"https:\\\/\\\/schlammtrocknung.com\\\/#website\",\"url\":\"https:\\\/\\\/schlammtrocknung.com\\\/\",\"name\":\"Schlammtrocknung | SDS - Schlammtrocknung\",\"description\":\"Schlamm- L\u00f6sungen f\u00fcr Kl\u00e4rwerke, Industrie und Umwelt\",\"publisher\":{\"@id\":\"https:\\\/\\\/schlammtrocknung.com\\\/#organization\"},\"potentialAction\":[{\"@type\":\"SearchAction\",\"target\":{\"@type\":\"EntryPoint\",\"urlTemplate\":\"https:\\\/\\\/schlammtrocknung.com\\\/?s={search_term_string}\"},\"query-input\":{\"@type\":\"PropertyValueSpecification\",\"valueRequired\":true,\"valueName\":\"search_term_string\"}}],\"inLanguage\":\"en-US\"},{\"@type\":\"Organization\",\"@id\":\"https:\\\/\\\/schlammtrocknung.com\\\/#organization\",\"name\":\"Schlammtrocknung | SDS - Schlammtrocknung\",\"url\":\"https:\\\/\\\/schlammtrocknung.com\\\/\",\"logo\":{\"@type\":\"ImageObject\",\"inLanguage\":\"en-US\",\"@id\":\"https:\\\/\\\/schlammtrocknung.com\\\/#\\\/schema\\\/logo\\\/image\\\/\",\"url\":\"https:\\\/\\\/schlammtrocknung.com\\\/wp-content\\\/uploads\\\/2023\\\/02\\\/logo_sds-1.png\",\"contentUrl\":\"https:\\\/\\\/schlammtrocknung.com\\\/wp-content\\\/uploads\\\/2023\\\/02\\\/logo_sds-1.png\",\"width\":697,\"height\":187,\"caption\":\"Schlammtrocknung | SDS - Schlammtrocknung\"},\"image\":{\"@id\":\"https:\\\/\\\/schlammtrocknung.com\\\/#\\\/schema\\\/logo\\\/image\\\/\"}}]}<\/script>\n<!-- \/ Yoast SEO plugin. -->","yoast_head_json":{"title":"Low-temperature dryer | Michel sludge drying","description":"Discover the low-temperature dryers from michel SLUDGE-DRYING-SYSTEMS for gentle sludge drying.","robots":{"index":"index","follow":"follow","max-snippet":"max-snippet:-1","max-image-preview":"max-image-preview:large","max-video-preview":"max-video-preview:-1"},"canonical":"https:\/\/schlammtrocknung.com\/en\/low-temperature-dryer\/","og_locale":"en_US","og_type":"article","og_title":"Low-temperature dryer | Michel sludge drying","og_description":"Discover the low-temperature dryers from michel SLUDGE-DRYING-SYSTEMS for gentle sludge drying.","og_url":"https:\/\/schlammtrocknung.com\/en\/low-temperature-dryer\/","og_site_name":"Schlammtrocknung \u2013 michel SLUDGE DRYING SYSTEM","article_modified_time":"2025-05-09T08:43:15+00:00","twitter_card":"summary_large_image","twitter_misc":{"Est. reading time":"4 minutes"},"schema":{"@context":"https:\/\/schema.org","@graph":[{"@type":"WebPage","@id":"https:\/\/schlammtrocknung.com\/en\/low-temperature-dryer\/","url":"https:\/\/schlammtrocknung.com\/en\/low-temperature-dryer\/","name":"Low-temperature dryer | Michel sludge drying","isPartOf":{"@id":"https:\/\/schlammtrocknung.com\/#website"},"datePublished":"2024-09-04T13:19:37+00:00","dateModified":"2025-05-09T08:43:15+00:00","description":"Discover the low-temperature dryers from michel SLUDGE-DRYING-SYSTEMS for gentle sludge drying.","breadcrumb":{"@id":"https:\/\/schlammtrocknung.com\/en\/low-temperature-dryer\/#breadcrumb"},"inLanguage":"en-US","potentialAction":[{"@type":"ReadAction","target":["https:\/\/schlammtrocknung.com\/en\/low-temperature-dryer\/"]}]},{"@type":"BreadcrumbList","@id":"https:\/\/schlammtrocknung.com\/en\/low-temperature-dryer\/#breadcrumb","itemListElement":[{"@type":"ListItem","position":1,"name":"Startseite","item":"https:\/\/schlammtrocknung.com\/en\/home-page-2\/"},{"@type":"ListItem","position":2,"name":"Low temperature dryer"}]},{"@type":"WebSite","@id":"https:\/\/schlammtrocknung.com\/#website","url":"https:\/\/schlammtrocknung.com\/","name":"Schlammtrocknung | SDS - Schlammtrocknung","description":"Schlamm- L\u00f6sungen f\u00fcr Kl\u00e4rwerke, Industrie und Umwelt","publisher":{"@id":"https:\/\/schlammtrocknung.com\/#organization"},"potentialAction":[{"@type":"SearchAction","target":{"@type":"EntryPoint","urlTemplate":"https:\/\/schlammtrocknung.com\/?s={search_term_string}"},"query-input":{"@type":"PropertyValueSpecification","valueRequired":true,"valueName":"search_term_string"}}],"inLanguage":"en-US"},{"@type":"Organization","@id":"https:\/\/schlammtrocknung.com\/#organization","name":"Schlammtrocknung | SDS - Schlammtrocknung","url":"https:\/\/schlammtrocknung.com\/","logo":{"@type":"ImageObject","inLanguage":"en-US","@id":"https:\/\/schlammtrocknung.com\/#\/schema\/logo\/image\/","url":"https:\/\/schlammtrocknung.com\/wp-content\/uploads\/2023\/02\/logo_sds-1.png","contentUrl":"https:\/\/schlammtrocknung.com\/wp-content\/uploads\/2023\/02\/logo_sds-1.png","width":697,"height":187,"caption":"Schlammtrocknung | SDS - Schlammtrocknung"},"image":{"@id":"https:\/\/schlammtrocknung.com\/#\/schema\/logo\/image\/"}}]}},"_links":{"self":[{"href":"https:\/\/schlammtrocknung.com\/en\/wp-json\/wp\/v2\/pages\/2279","targetHints":{"allow":["GET"]}}],"collection":[{"href":"https:\/\/schlammtrocknung.com\/en\/wp-json\/wp\/v2\/pages"}],"about":[{"href":"https:\/\/schlammtrocknung.com\/en\/wp-json\/wp\/v2\/types\/page"}],"author":[{"embeddable":true,"href":"https:\/\/schlammtrocknung.com\/en\/wp-json\/wp\/v2\/users\/1"}],"replies":[{"embeddable":true,"href":"https:\/\/schlammtrocknung.com\/en\/wp-json\/wp\/v2\/comments?post=2279"}],"version-history":[{"count":2,"href":"https:\/\/schlammtrocknung.com\/en\/wp-json\/wp\/v2\/pages\/2279\/revisions"}],"predecessor-version":[{"id":2283,"href":"https:\/\/schlammtrocknung.com\/en\/wp-json\/wp\/v2\/pages\/2279\/revisions\/2283"}],"wp:attachment":[{"href":"https:\/\/schlammtrocknung.com\/en\/wp-json\/wp\/v2\/media?parent=2279"}],"curies":[{"name":"wp","href":"https:\/\/api.w.org\/{rel}","templated":true}]}}