{"id":2308,"date":"2024-09-04T12:54:09","date_gmt":"2024-09-04T10:54:09","guid":{"rendered":"https:\/\/schlammtrocknung.com\/services\/paper-sludge-drying\/"},"modified":"2025-05-09T10:43:22","modified_gmt":"2025-05-09T08:43:22","slug":"paper-sludge-drying","status":"publish","type":"page","link":"https:\/\/schlammtrocknung.com\/en\/services\/paper-sludge-drying\/","title":{"rendered":"Paper sludge drying"},"content":{"rendered":"<div class=\"wpb-content-wrapper\"><p>[vc_row content_placement=&#8221;top&#8221;][vc_column][vc_column_text]<\/p>\n<h1 style=\"text-align: center;\"><span style=\"color: #728d2a;\">Paper sludge drying: recycling waste and protecting the environment<br \/>\n<\/span><\/h1>\n<p>[\/vc_column_text][vc_column_text]<\/p>\n<p style=\"text-align: center;\"><span style=\"font-weight: 400;\">Take advantage of the advanced solutions from <\/span><b>michel SLUDGE-DRYING-SYSTEMS<\/b><span style=\"font-weight: 400;\"> for environmentally friendly and efficient <\/span><b>paper sludge drying<\/b><span style=\"font-weight: 400;\">. Our systems make it possible to minimize the volume of your production waste and dispose of or recycle it properly.<\/span><\/p>\n<p style=\"text-align: center;\"><a href=\"https:\/\/schlammtrocknung.com\/en\/contact-us\/\">Find out more!<\/a><\/p>\n<p>[\/vc_column_text][vc_empty_space height=&#8221;50px&#8221;][\/vc_column][\/vc_row][vc_row][vc_column width=&#8221;2\/3&#8243;][vc_column_text]<\/p>\n<h2><span style=\"color: #728d2a;\">Process paper sludge effectively<br \/>\n<\/span><\/h2>\n<p>[\/vc_column_text][vc_message]<i><span style=\"font-weight: 400;\">What is paper sludge?<\/span><\/i><\/p>\n<p><i><span style=\"font-weight: 400;\">Paper sludge is a by-product of paper production that is produced during the pulp cleaning and water filtration process. This sludge consists mainly of fibers, fillers, chemicals and water.   <\/span><\/i>[\/vc_message][vc_column_text]<span style=\"font-weight: 400;\">Although it contains valuable organic materials <\/span><b>paper sludge<\/b><span style=\"font-weight: 400;\"> without appropriate treatment <\/span><b>disposal problem<\/b><span style=\"font-weight: 400;\">  represent. Effective processing and drying of the sludge is crucial to minimize its environmental impact and maximize the recycling of the raw materials it contains. <\/span>[\/vc_column_text][vc_empty_space height=&#8221;70px&#8221;][\/vc_column][\/vc_row][vc_row][vc_column width=&#8221;1\/2&#8243;][vc_single_image image=&#8221;1225&#8243; img_size=&#8221;full&#8221;][vc_empty_space height=&#8221;70px&#8221;][\/vc_column][vc_column width=&#8221;1\/2&#8243;][vc_column_text]<span style=\"font-weight: 400;\">Only through <\/span><b>paper sludge drying<\/b><span style=\"font-weight: 400;\">  manages to reduce its volume and weight, which minimizes the cost and environmental impact of its transport and disposal. Drying stabilizes the sludge, which reduces the release of odours and the risk of contamination.   <\/span><\/p>\n<p><span style=\"font-weight: 400;\">The <a href=\"https:\/\/schlammtrocknung.com\/schlammtrocknung-verfahren\/\">drying process<\/a> also enables the recovery of fibers and fillers for reuse in paper production or other industrial applications, which reduces the need to extract new raw materials and helps to conserve natural resources.<\/span>[\/vc_column_text][\/vc_column][\/vc_row][vc_row][vc_column width=&#8221;1\/2&#8243;][vc_column_text]<\/p>\n<h2><span style=\"color: #728d2a;\">Advanced paper sludge drying with michel SLUDGE-DRYING-SYSTEMS<\/span><\/h2>\n<p><span style=\"font-weight: 400;\">michel SLUDGE-DRYING-SYSTEMS uses an advanced technology to dry paper sludge. <\/span><b>paper sludge drying<\/b><span style=\"font-weight: 400;\">which offers high <\/span><b>energy efficiency<\/b><span style=\"font-weight: 400;\">  and low environmental impact. Our systems use a combination of   <\/span><b>Contact and convection drying<\/b><span style=\"font-weight: 400;\">which enables uniform and efficient heat transfer. <\/span> <\/p>\n<p><span style=\"font-weight: 400;\">This system operates at low temperatures to reduce energy costs. The modular systems can be installed directly on site and are available in various sizes to meet the different volumes and requirements of paper production companies. <\/span>[\/vc_column_text][\/vc_column][vc_column width=&#8221;1\/2&#8243;][vc_single_image image=&#8221;373&#8243; img_size=&#8221;600&#215;480&#8243;][vc_empty_space height=&#8221;70px&#8221;][\/vc_column][\/vc_row][vc_row][vc_column width=&#8221;1\/2&#8243;][vc_single_image image=&#8221;371&#8243; img_size=&#8221;600&#215;550&#8243;][vc_empty_space height=&#8221;70px&#8221;][\/vc_column][vc_column width=&#8221;1\/2&#8243;][vc_column_text]<\/p>\n<h3><span style=\"color: #728d2a;\">Advantages of paper sludge drying with michel SLUDGE-DRYING-SYSTEMS<\/span><\/h3>\n<p><span style=\"font-weight: 400;\">As a leading supplier of specialized paper sludge drying systems, there are many good reasons why you should choose our solutions:<\/span><\/p>\n<ul>\n<li style=\"font-weight: 400;\" aria-level=\"1\"><b>No transportation required: <\/b><span style=\"font-weight: 400;\">Our systems work directly on site and make the additional transportation of unprocessed paper sludge obsolete.<\/span><\/li>\n<li style=\"font-weight: 400;\" aria-level=\"1\"><b>Reduced operating costs:<\/b><span style=\"font-weight: 400;\"> Thanks to efficient low-temperature drying, you benefit from lower energy consumption.<\/span><\/li>\n<li style=\"font-weight: 400;\" aria-level=\"1\"><b>Space saving:<\/b><span style=\"font-weight: 400;\"> Sludge drying reduces the volume of your paper sludge and therefore the size of your storage area.<\/span><\/li>\n<li style=\"font-weight: 400;\" aria-level=\"1\"><b>Improved material quality:<\/b><span style=\"font-weight: 400;\"> Our gentle drying process preserves the fiber quality for further industrial applications.<\/span><\/li>\n<li style=\"font-weight: 400;\" aria-level=\"1\"><b>Flexibility:<\/b><span style=\"font-weight: 400;\"> Our adaptable systems can be adapted to different sludge qualities and quantities.<\/span><\/li>\n<\/ul>\n<p>[\/vc_column_text][\/vc_column][\/vc_row][vc_row][vc_column][vc_cta h2=&#8221;Get in touch now!&#8221; txt_align=&#8221;center&#8221; add_button=&#8221;bottom&#8221; btn_title=&#8221;Contact us!&#8221; btn_style=&#8221;gradient-custom&#8221; btn_gradient_custom_color_1=&#8221;#728d2a&#8221; btn_gradient_custom_color_2=&#8221;#728d2a&#8221; btn_align=&#8221;center&#8221; btn_link=&#8221;url:https%3A%2F%2Fschlammtrocknung.com%2Fen%2Fcontact-us%2F|title:Contact%20us|&#8221;]<\/p>\n<p style=\"text-align: center;\"><span style=\"font-weight: 400;\">With the advanced solutions from <\/span><b>michel SLUDGE-DRYING-SYSTEMS<\/b><span style=\"font-weight: 400;\"> in the field of <\/span><b>paper sludge drying<\/b><span style=\"font-weight: 400;\">  you can not only dispose of your waste professionally, but also actively contribute to environmental protection. Contact us today to find out more about our facilities and how we can help you achieve your environmental goals. <\/span><\/p>\n<p>[\/vc_cta][vc_empty_space height=&#8221;50px&#8221;][\/vc_column][\/vc_row][vc_row][vc_column][vc_column_text]<\/p>\n<h2 style=\"text-align: center;\"><span style=\"color: #728d2a;\">FAQ &#8211; Frequently asked questions about paper sludge drying<\/span><\/h2>\n<p>[\/vc_column_text][\/vc_column][\/vc_row][vc_row][vc_column][vc_toggle title=&#8221;What is paper sludge and how is it formed?&#8221;]<span style=\"font-weight: 400;\">Paper sludge is a by-product of paper production, consisting of fibers, fillers and chemicals. It is created when the pulp is cleaned and water is filtered during the production process. <\/span>[\/vc_toggle][vc_toggle title=&#8221;Why is the drying of paper sludge important?&#8221;]<span style=\"font-weight: 400;\">Drying reduces the volume and weight of the paper sludge, lowers transportation and disposal costs and reduces the environmental impact. It also enables the recovery and reuse of valuable fibers and fillers. <\/span>[\/vc_toggle][vc_toggle title=&#8221;How does paper sludge drying work?&#8221;]michel SLUDGE-DRYING-SYSTEMS uses advanced drying technologies, including contact and convection drying at low temperatures, which ensure efficient and energy-saving drying. This reduces the water content of the sludge and thus also its volume.[\/vc_toggle][\/vc_column][\/vc_row]<\/p>\n<\/div>","protected":false},"excerpt":{"rendered":"<p>[vc_row content_placement=&#8221;top&#8221;][vc_column][vc_column_text] Paper sludge drying: recycling waste and protecting the environment [\/vc_column_text][vc_column_text] Take advantage of the advanced solutions from michel SLUDGE-DRYING-SYSTEMS for environmentally friendly and efficient paper sludge drying. Our systems make it possible to minimize the volume of your production waste and dispose of or recycle it properly. Find out more! [\/vc_column_text][vc_empty_space height=&#8221;50px&#8221;][\/vc_column][\/vc_row][vc_row][vc_column width=&#8221;2\/3&#8243;][vc_column_text]&hellip;<\/p>\n","protected":false},"author":1,"featured_media":0,"parent":1787,"menu_order":0,"comment_status":"closed","ping_status":"closed","template":"","meta":{"footnotes":""},"class_list":["post-2308","page","type-page","status-publish","hentry","description-off"],"yoast_head":"<!-- This site is optimized with the Yoast SEO plugin v27.3 - https:\/\/yoast.com\/product\/yoast-seo-wordpress\/ -->\n<title>Paper sludge drying | Michel sludge drying<\/title>\n<meta name=\"description\" content=\"Discover the efficient paper sludge drying system from michel SLUDGE-DRYING-SYSTEMS for sustainable waste recycling.\" \/>\n<meta name=\"robots\" content=\"index, follow, max-snippet:-1, max-image-preview:large, max-video-preview:-1\" \/>\n<link rel=\"canonical\" href=\"https:\/\/schlammtrocknung.com\/en\/services\/paper-sludge-drying\/\" \/>\n<meta property=\"og:locale\" content=\"en_US\" \/>\n<meta property=\"og:type\" content=\"article\" \/>\n<meta property=\"og:title\" content=\"Paper sludge drying | Michel sludge drying\" \/>\n<meta property=\"og:description\" content=\"Discover the efficient paper sludge drying system from michel SLUDGE-DRYING-SYSTEMS for sustainable waste recycling.\" \/>\n<meta property=\"og:url\" content=\"https:\/\/schlammtrocknung.com\/en\/services\/paper-sludge-drying\/\" \/>\n<meta property=\"og:site_name\" content=\"Schlammtrocknung \u2013 michel SLUDGE DRYING SYSTEM\" \/>\n<meta property=\"article:modified_time\" content=\"2025-05-09T08:43:22+00:00\" \/>\n<meta name=\"twitter:card\" content=\"summary_large_image\" \/>\n<meta name=\"twitter:label1\" content=\"Est. reading time\" \/>\n\t<meta name=\"twitter:data1\" content=\"4 minutes\" \/>\n<script type=\"application\/ld+json\" class=\"yoast-schema-graph\">{\"@context\":\"https:\\\/\\\/schema.org\",\"@graph\":[{\"@type\":\"WebPage\",\"@id\":\"https:\\\/\\\/schlammtrocknung.com\\\/en\\\/services\\\/paper-sludge-drying\\\/\",\"url\":\"https:\\\/\\\/schlammtrocknung.com\\\/en\\\/services\\\/paper-sludge-drying\\\/\",\"name\":\"Paper sludge drying | Michel sludge drying\",\"isPartOf\":{\"@id\":\"https:\\\/\\\/schlammtrocknung.com\\\/#website\"},\"datePublished\":\"2024-09-04T10:54:09+00:00\",\"dateModified\":\"2025-05-09T08:43:22+00:00\",\"description\":\"Discover the efficient paper sludge drying system from michel SLUDGE-DRYING-SYSTEMS for sustainable waste recycling.\",\"breadcrumb\":{\"@id\":\"https:\\\/\\\/schlammtrocknung.com\\\/en\\\/services\\\/paper-sludge-drying\\\/#breadcrumb\"},\"inLanguage\":\"en-US\",\"potentialAction\":[{\"@type\":\"ReadAction\",\"target\":[\"https:\\\/\\\/schlammtrocknung.com\\\/en\\\/services\\\/paper-sludge-drying\\\/\"]}]},{\"@type\":\"BreadcrumbList\",\"@id\":\"https:\\\/\\\/schlammtrocknung.com\\\/en\\\/services\\\/paper-sludge-drying\\\/#breadcrumb\",\"itemListElement\":[{\"@type\":\"ListItem\",\"position\":1,\"name\":\"Startseite\",\"item\":\"https:\\\/\\\/schlammtrocknung.com\\\/en\\\/home-page-2\\\/\"},{\"@type\":\"ListItem\",\"position\":2,\"name\":\"Services\",\"item\":\"https:\\\/\\\/schlammtrocknung.com\\\/en\\\/services\\\/\"},{\"@type\":\"ListItem\",\"position\":3,\"name\":\"Paper sludge drying\"}]},{\"@type\":\"WebSite\",\"@id\":\"https:\\\/\\\/schlammtrocknung.com\\\/#website\",\"url\":\"https:\\\/\\\/schlammtrocknung.com\\\/\",\"name\":\"Schlammtrocknung | SDS - Schlammtrocknung\",\"description\":\"Schlamm- L\u00f6sungen f\u00fcr Kl\u00e4rwerke, Industrie und Umwelt\",\"publisher\":{\"@id\":\"https:\\\/\\\/schlammtrocknung.com\\\/#organization\"},\"potentialAction\":[{\"@type\":\"SearchAction\",\"target\":{\"@type\":\"EntryPoint\",\"urlTemplate\":\"https:\\\/\\\/schlammtrocknung.com\\\/?s={search_term_string}\"},\"query-input\":{\"@type\":\"PropertyValueSpecification\",\"valueRequired\":true,\"valueName\":\"search_term_string\"}}],\"inLanguage\":\"en-US\"},{\"@type\":\"Organization\",\"@id\":\"https:\\\/\\\/schlammtrocknung.com\\\/#organization\",\"name\":\"Schlammtrocknung | SDS - Schlammtrocknung\",\"url\":\"https:\\\/\\\/schlammtrocknung.com\\\/\",\"logo\":{\"@type\":\"ImageObject\",\"inLanguage\":\"en-US\",\"@id\":\"https:\\\/\\\/schlammtrocknung.com\\\/#\\\/schema\\\/logo\\\/image\\\/\",\"url\":\"https:\\\/\\\/schlammtrocknung.com\\\/wp-content\\\/uploads\\\/2023\\\/02\\\/logo_sds-1.png\",\"contentUrl\":\"https:\\\/\\\/schlammtrocknung.com\\\/wp-content\\\/uploads\\\/2023\\\/02\\\/logo_sds-1.png\",\"width\":697,\"height\":187,\"caption\":\"Schlammtrocknung | SDS - Schlammtrocknung\"},\"image\":{\"@id\":\"https:\\\/\\\/schlammtrocknung.com\\\/#\\\/schema\\\/logo\\\/image\\\/\"}}]}<\/script>\n<!-- \/ Yoast SEO plugin. -->","yoast_head_json":{"title":"Paper sludge drying | Michel sludge drying","description":"Discover the efficient paper sludge drying system from michel SLUDGE-DRYING-SYSTEMS for sustainable waste recycling.","robots":{"index":"index","follow":"follow","max-snippet":"max-snippet:-1","max-image-preview":"max-image-preview:large","max-video-preview":"max-video-preview:-1"},"canonical":"https:\/\/schlammtrocknung.com\/en\/services\/paper-sludge-drying\/","og_locale":"en_US","og_type":"article","og_title":"Paper sludge drying | Michel sludge drying","og_description":"Discover the efficient paper sludge drying system from michel SLUDGE-DRYING-SYSTEMS for sustainable waste recycling.","og_url":"https:\/\/schlammtrocknung.com\/en\/services\/paper-sludge-drying\/","og_site_name":"Schlammtrocknung \u2013 michel SLUDGE DRYING SYSTEM","article_modified_time":"2025-05-09T08:43:22+00:00","twitter_card":"summary_large_image","twitter_misc":{"Est. reading time":"4 minutes"},"schema":{"@context":"https:\/\/schema.org","@graph":[{"@type":"WebPage","@id":"https:\/\/schlammtrocknung.com\/en\/services\/paper-sludge-drying\/","url":"https:\/\/schlammtrocknung.com\/en\/services\/paper-sludge-drying\/","name":"Paper sludge drying | Michel sludge drying","isPartOf":{"@id":"https:\/\/schlammtrocknung.com\/#website"},"datePublished":"2024-09-04T10:54:09+00:00","dateModified":"2025-05-09T08:43:22+00:00","description":"Discover the efficient paper sludge drying system from michel SLUDGE-DRYING-SYSTEMS for sustainable waste recycling.","breadcrumb":{"@id":"https:\/\/schlammtrocknung.com\/en\/services\/paper-sludge-drying\/#breadcrumb"},"inLanguage":"en-US","potentialAction":[{"@type":"ReadAction","target":["https:\/\/schlammtrocknung.com\/en\/services\/paper-sludge-drying\/"]}]},{"@type":"BreadcrumbList","@id":"https:\/\/schlammtrocknung.com\/en\/services\/paper-sludge-drying\/#breadcrumb","itemListElement":[{"@type":"ListItem","position":1,"name":"Startseite","item":"https:\/\/schlammtrocknung.com\/en\/home-page-2\/"},{"@type":"ListItem","position":2,"name":"Services","item":"https:\/\/schlammtrocknung.com\/en\/services\/"},{"@type":"ListItem","position":3,"name":"Paper sludge drying"}]},{"@type":"WebSite","@id":"https:\/\/schlammtrocknung.com\/#website","url":"https:\/\/schlammtrocknung.com\/","name":"Schlammtrocknung | SDS - Schlammtrocknung","description":"Schlamm- L\u00f6sungen f\u00fcr Kl\u00e4rwerke, Industrie und Umwelt","publisher":{"@id":"https:\/\/schlammtrocknung.com\/#organization"},"potentialAction":[{"@type":"SearchAction","target":{"@type":"EntryPoint","urlTemplate":"https:\/\/schlammtrocknung.com\/?s={search_term_string}"},"query-input":{"@type":"PropertyValueSpecification","valueRequired":true,"valueName":"search_term_string"}}],"inLanguage":"en-US"},{"@type":"Organization","@id":"https:\/\/schlammtrocknung.com\/#organization","name":"Schlammtrocknung | SDS - Schlammtrocknung","url":"https:\/\/schlammtrocknung.com\/","logo":{"@type":"ImageObject","inLanguage":"en-US","@id":"https:\/\/schlammtrocknung.com\/#\/schema\/logo\/image\/","url":"https:\/\/schlammtrocknung.com\/wp-content\/uploads\/2023\/02\/logo_sds-1.png","contentUrl":"https:\/\/schlammtrocknung.com\/wp-content\/uploads\/2023\/02\/logo_sds-1.png","width":697,"height":187,"caption":"Schlammtrocknung | SDS - Schlammtrocknung"},"image":{"@id":"https:\/\/schlammtrocknung.com\/#\/schema\/logo\/image\/"}}]}},"_links":{"self":[{"href":"https:\/\/schlammtrocknung.com\/en\/wp-json\/wp\/v2\/pages\/2308","targetHints":{"allow":["GET"]}}],"collection":[{"href":"https:\/\/schlammtrocknung.com\/en\/wp-json\/wp\/v2\/pages"}],"about":[{"href":"https:\/\/schlammtrocknung.com\/en\/wp-json\/wp\/v2\/types\/page"}],"author":[{"embeddable":true,"href":"https:\/\/schlammtrocknung.com\/en\/wp-json\/wp\/v2\/users\/1"}],"replies":[{"embeddable":true,"href":"https:\/\/schlammtrocknung.com\/en\/wp-json\/wp\/v2\/comments?post=2308"}],"version-history":[{"count":2,"href":"https:\/\/schlammtrocknung.com\/en\/wp-json\/wp\/v2\/pages\/2308\/revisions"}],"predecessor-version":[{"id":2310,"href":"https:\/\/schlammtrocknung.com\/en\/wp-json\/wp\/v2\/pages\/2308\/revisions\/2310"}],"up":[{"embeddable":true,"href":"https:\/\/schlammtrocknung.com\/en\/wp-json\/wp\/v2\/pages\/1787"}],"wp:attachment":[{"href":"https:\/\/schlammtrocknung.com\/en\/wp-json\/wp\/v2\/media?parent=2308"}],"curies":[{"name":"wp","href":"https:\/\/api.w.org\/{rel}","templated":true}]}}