{"id":2326,"date":"2024-09-04T12:39:01","date_gmt":"2024-09-04T10:39:01","guid":{"rendered":"https:\/\/schlammtrocknung.com\/services\/oil-paint-sludge-drying\/"},"modified":"2025-05-09T10:43:29","modified_gmt":"2025-05-09T08:43:29","slug":"oil-paint-sludge-drying","status":"publish","type":"page","link":"https:\/\/schlammtrocknung.com\/en\/services\/oil-paint-sludge-drying\/","title":{"rendered":"Oil paint sludge drying"},"content":{"rendered":"<div class=\"wpb-content-wrapper\"><p>[vc_row content_placement=&#8221;top&#8221;][vc_column][vc_column_text]<\/p>\n<h1 style=\"text-align: center;\"><span style=\"color: #728d2a;\">michel SLUDGE-DRYING-SYSTEMS &#8211; the specialized partner for oil-paint sludge drying<br \/>\n<\/span><\/h1>\n<p>[\/vc_column_text][vc_column_text]<\/p>\n<p style=\"text-align: center;\"><span style=\"font-weight: 400;\">Increase your efficiency and protect the environment with advanced <\/span><b>oil-paint sludge drying<\/b><span style=\"font-weight: 400;\">. Optimize the processing of oil paint sludge with specialized systems from<\/span> <b> michel SLUDGE-DRYING-SYSTEMS<\/b><span style=\"font-weight: 400;\">which are both economically and ecologically superior.<\/span><\/p>\n<p>[\/vc_column_text][vc_empty_space height=&#8221;50px&#8221;][\/vc_column][\/vc_row][vc_row][vc_column width=&#8221;2\/3&#8243;][vc_column_text]<\/p>\n<h2><span style=\"color: #728d2a;\">Professional disposal through oil-paint sludge drying<br \/>\n<\/span><\/h2>\n<p>[\/vc_column_text][vc_message]<i><span style=\"font-weight: 400;\">What is oil paint sludge?<\/span><\/i><\/p>\n<p><i><span style=\"font-weight: 400;\">Oil paint sludge is a by-product that is mainly produced in the paint and varnish industry and in various industrial cleaning processes. It is a mixture of paint residues, solvents, oils and water, which often contains heavy metals and other toxic substances.   <\/span><\/i>[\/vc_message][vc_column_text]<span style=\"font-weight: 400;\">This composition makes the professional and safe handling as well as the <\/span><b>disposal or recycling of oil-paint sludge <\/b> <span style=\"font-weight: 400;\">an environmental challenge. Drying oil paint sludge reduces the risk of environmental contamination by heavy metals and soluble toxins. <\/span>[\/vc_column_text][vc_empty_space height=&#8221;70px&#8221;][\/vc_column][vc_column width=&#8221;1\/3&#8243;][vc_single_image image=&#8221;367&#8243; img_size=&#8221;400&#215;500&#8243;][\/vc_column][\/vc_row][vc_row][vc_column width=&#8221;1\/2&#8243;][vc_single_image image=&#8221;376&#8243; img_size=&#8221;600&#215;350&#8243;][vc_empty_space height=&#8221;70px&#8221;][\/vc_column][vc_column width=&#8221;1\/2&#8243;][vc_column_text]<\/p>\n<h2><span style=\"color: #728d2a;\">Process of oil-paint sludge drying with michel SLUDGE-DRYING-SYSTEMS<\/span><\/h2>\n<p><span style=\"font-weight: 400;\">michel SLUDGE-DRYING-SYSTEMS builds systems with advanced drying technologies that are specially tailored to the unique properties of oil paint sludge. First, the recyclable material is   <\/span><b>pretreated<\/b><span style=\"font-weight: 400;\">to filter volatile organic compounds and solids. Then the   <\/span><b>conditioning<\/b><span style=\"font-weight: 400;\">a chemical modification to improve drying efficiency.<\/span>[\/vc_column_text][\/vc_column][\/vc_row][vc_row][vc_column width=&#8221;1\/2&#8243;][vc_column_text]<span style=\"font-weight: 400;\">Through <\/span><b>contact and convection drying<\/b><span style=\"font-weight: 400;\"> heat is applied under controlled conditions to achieve maximum <\/span><a href=\"http:\/\/schlammtrocknung.com\/glossar\/entwaesserung\"><span style=\"font-weight: 400;\">dewatering<\/span><\/a><span style=\"font-weight: 400;\">  without damaging the recyclable components. This significantly reduces the amount of material to be disposed of, which reduces transportation and disposal costs. <\/span><\/p>\n<p><span style=\"font-weight: 400;\">After drying, oil paint sludge can be used in various forms:<\/span><\/p>\n<ul>\n<li style=\"font-weight: 400;\" aria-level=\"1\"><b>Energy recovery:<\/b><span style=\"font-weight: 400;\"> Use as a secondary fuel in suitable industrial plants.<\/span><\/li>\n<li style=\"font-weight: 400;\" aria-level=\"1\"><b>Material recovery:<\/b><span style=\"font-weight: 400;\"> Returning metals and other recyclable materials to the production cycle.<\/span><\/li>\n<li style=\"font-weight: 400;\" aria-level=\"1\"><b>Landfilling:<\/b><span style=\"font-weight: 400;\"> Safe final disposal of the inertized material if no other recycling options are available.<\/span><\/li>\n<\/ul>\n<p>[\/vc_column_text][\/vc_column][vc_column width=&#8221;1\/2&#8243;][vc_single_image image=&#8221;373&#8243; img_size=&#8221;600&#215;420&#8243;][vc_empty_space height=&#8221;70px&#8221;][\/vc_column][\/vc_row][vc_row][vc_column width=&#8221;1\/2&#8243;][vc_single_image image=&#8221;371&#8243; img_size=&#8221;600&#215;500&#8243;][vc_empty_space height=&#8221;70px&#8221;][\/vc_column][vc_column width=&#8221;1\/2&#8243;][vc_column_text]<\/p>\n<h3><span style=\"color: #728d2a;\">Advantages of oil-paint sludge drying with michel SLUDGE-DRYING-SYSTEMS<\/span><\/h3>\n<p><span style=\"font-weight: 400;\">The implementation of <\/span><b>michel SLUDGE-DRYING-SYSTEMS<\/b><span style=\"font-weight: 400;\"> in your plant brings numerous advantages and transforms the handling of <\/span><b>oil paint sludge<\/b><span style=\"font-weight: 400;\">. First of all, the  <\/span><b>Reduction of the sludge volume<\/b><span style=\"font-weight: 400;\"> This leads to significant cost savings in disposal. <\/span> <\/p>\n<p><span style=\"font-weight: 400;\">In addition, the systems support the environment with their effective <\/span><b>pollutant control<\/b><span style=\"font-weight: 400;\"> more environmentally friendly production by reducing and contributing to emissions, <\/span><b>environmental regulations<\/b><span style=\"font-weight: 400;\">  better adhered to. Our systems are characterized by a high degree of flexibility and can be easily adjusted to different types and quantities of sludge. <\/span><\/p>\n<p><span style=\"font-weight: 400;\">In addition, the use of <\/span><b>low-temperature drying and energy recovery systems<\/b><span style=\"font-weight: 400;\"> a considerable increase in <\/span><b>energy efficiency<\/b><span style=\"font-weight: 400;\">which minimizes energy requirements and further reduces operating costs.<\/span>[\/vc_column_text][\/vc_column][\/vc_row][vc_row][vc_column][vc_cta h2=&#8221;Start your sustainable transformation in the oil and coatings industry&#8221; txt_align=&#8221;center&#8221; add_button=&#8221;bottom&#8221; btn_title=&#8221;Contact us!&#8221; btn_style=&#8221;gradient-custom&#8221; btn_gradient_custom_color_1=&#8221;#728d2a&#8221; btn_gradient_custom_color_2=&#8221;#728d2a&#8221; btn_align=&#8221;center&#8221; btn_link=&#8221;url:https%3A%2F%2Fschlammtrocknung.com%2Fen%2Fcontact-us%2F|title:Contact%20us|&#8221;]<\/p>\n<p style=\"text-align: center;\"><span style=\"font-weight: 400;\">With advanced solutions for oil-paint sludge drying from <\/span><b>michel SLUDGE-DRYING-SYSTEMS<\/b><span style=\"font-weight: 400;\"> you not only reduce your operating costs and fulfill legal requirements, but also actively contribute to <\/span><b>environmental protection<\/b><span style=\"font-weight: 400;\">  at. Contact us today to find out more about our oil paint sludge drying and how we can help you achieve your environmental and economic goals. <\/span><\/p>\n<p>[\/vc_cta][vc_empty_space height=&#8221;50px&#8221;][\/vc_column][\/vc_row][vc_row][vc_column][vc_column_text]<\/p>\n<h2 style=\"text-align: center;\"><span style=\"color: #728d2a;\">FAQ &#8211; Frequently asked questions about oil paint sludge drying<\/span><\/h2>\n<p>[\/vc_column_text][\/vc_column][\/vc_row][vc_row][vc_column][vc_toggle title=&#8221;Why is the drying of oil paint sludge important?&#8221;]<span style=\"font-weight: 400;\">Oil paint sludge, a by-product from the paint and varnish industry, contains pollutants such as heavy metals. Oil paint sludge drying reduces volume and environmental hazards, facilitates the recycling of ingredients such as metals and improves combustibility for energy generation. <\/span>[\/vc_toggle][vc_toggle title=&#8221;How does oil-paint sludge drying work?&#8221;]<span style=\"font-weight: 400;\">Oil paint sludge is dried by reducing the water content in the sludge, thereby reducing the volume and weight of the material and lowering disposal costs. This process uses techniques such as contact and convection drying to efficiently remove moisture. <\/span>[\/vc_toggle][\/vc_column][\/vc_row]<\/p>\n<\/div>","protected":false},"excerpt":{"rendered":"<p>[vc_row content_placement=&#8221;top&#8221;][vc_column][vc_column_text] michel SLUDGE-DRYING-SYSTEMS &#8211; the specialized partner for oil-paint sludge drying [\/vc_column_text][vc_column_text] Increase your efficiency and protect the environment with advanced oil-paint sludge drying. Optimize the processing of oil paint sludge with specialized systems from michel SLUDGE-DRYING-SYSTEMSwhich are both economically and ecologically superior. [\/vc_column_text][vc_empty_space height=&#8221;50px&#8221;][\/vc_column][\/vc_row][vc_row][vc_column width=&#8221;2\/3&#8243;][vc_column_text] Professional disposal through oil-paint sludge drying [\/vc_column_text][vc_message]What is&hellip;<\/p>\n","protected":false},"author":1,"featured_media":0,"parent":1787,"menu_order":0,"comment_status":"closed","ping_status":"closed","template":"","meta":{"footnotes":""},"class_list":["post-2326","page","type-page","status-publish","hentry","description-off"],"yoast_head":"<!-- This site is optimized with the Yoast SEO plugin v27.3 - https:\/\/yoast.com\/product\/yoast-seo-wordpress\/ -->\n<title>Oil-lacquer sludge drying | Michel sludge drying<\/title>\n<meta name=\"description\" content=\"Increase your efficiency and protect the environment with advanced oil-paint sludge drying.\" \/>\n<meta name=\"robots\" content=\"index, follow, max-snippet:-1, max-image-preview:large, max-video-preview:-1\" \/>\n<link rel=\"canonical\" href=\"https:\/\/schlammtrocknung.com\/en\/services\/oil-paint-sludge-drying\/\" \/>\n<meta property=\"og:locale\" content=\"en_US\" \/>\n<meta property=\"og:type\" content=\"article\" \/>\n<meta property=\"og:title\" content=\"Oil-lacquer sludge drying | Michel sludge drying\" \/>\n<meta property=\"og:description\" content=\"Increase your efficiency and protect the environment with advanced oil-paint sludge drying.\" \/>\n<meta property=\"og:url\" content=\"https:\/\/schlammtrocknung.com\/en\/services\/oil-paint-sludge-drying\/\" \/>\n<meta property=\"og:site_name\" content=\"Schlammtrocknung \u2013 michel SLUDGE DRYING SYSTEM\" \/>\n<meta property=\"article:modified_time\" content=\"2025-05-09T08:43:29+00:00\" \/>\n<meta name=\"twitter:card\" content=\"summary_large_image\" \/>\n<meta name=\"twitter:label1\" content=\"Est. reading time\" \/>\n\t<meta name=\"twitter:data1\" content=\"4 minutes\" \/>\n<script type=\"application\/ld+json\" class=\"yoast-schema-graph\">{\"@context\":\"https:\\\/\\\/schema.org\",\"@graph\":[{\"@type\":\"WebPage\",\"@id\":\"https:\\\/\\\/schlammtrocknung.com\\\/en\\\/services\\\/oil-paint-sludge-drying\\\/\",\"url\":\"https:\\\/\\\/schlammtrocknung.com\\\/en\\\/services\\\/oil-paint-sludge-drying\\\/\",\"name\":\"Oil-lacquer sludge drying | Michel sludge drying\",\"isPartOf\":{\"@id\":\"https:\\\/\\\/schlammtrocknung.com\\\/#website\"},\"datePublished\":\"2024-09-04T10:39:01+00:00\",\"dateModified\":\"2025-05-09T08:43:29+00:00\",\"description\":\"Increase your efficiency and protect the environment with advanced oil-paint sludge drying.\",\"breadcrumb\":{\"@id\":\"https:\\\/\\\/schlammtrocknung.com\\\/en\\\/services\\\/oil-paint-sludge-drying\\\/#breadcrumb\"},\"inLanguage\":\"en-US\",\"potentialAction\":[{\"@type\":\"ReadAction\",\"target\":[\"https:\\\/\\\/schlammtrocknung.com\\\/en\\\/services\\\/oil-paint-sludge-drying\\\/\"]}]},{\"@type\":\"BreadcrumbList\",\"@id\":\"https:\\\/\\\/schlammtrocknung.com\\\/en\\\/services\\\/oil-paint-sludge-drying\\\/#breadcrumb\",\"itemListElement\":[{\"@type\":\"ListItem\",\"position\":1,\"name\":\"Startseite\",\"item\":\"https:\\\/\\\/schlammtrocknung.com\\\/en\\\/home-page-2\\\/\"},{\"@type\":\"ListItem\",\"position\":2,\"name\":\"Services\",\"item\":\"https:\\\/\\\/schlammtrocknung.com\\\/en\\\/services\\\/\"},{\"@type\":\"ListItem\",\"position\":3,\"name\":\"Oil paint sludge drying\"}]},{\"@type\":\"WebSite\",\"@id\":\"https:\\\/\\\/schlammtrocknung.com\\\/#website\",\"url\":\"https:\\\/\\\/schlammtrocknung.com\\\/\",\"name\":\"Schlammtrocknung | SDS - Schlammtrocknung\",\"description\":\"Schlamm- L\u00f6sungen f\u00fcr Kl\u00e4rwerke, Industrie und Umwelt\",\"publisher\":{\"@id\":\"https:\\\/\\\/schlammtrocknung.com\\\/#organization\"},\"potentialAction\":[{\"@type\":\"SearchAction\",\"target\":{\"@type\":\"EntryPoint\",\"urlTemplate\":\"https:\\\/\\\/schlammtrocknung.com\\\/?s={search_term_string}\"},\"query-input\":{\"@type\":\"PropertyValueSpecification\",\"valueRequired\":true,\"valueName\":\"search_term_string\"}}],\"inLanguage\":\"en-US\"},{\"@type\":\"Organization\",\"@id\":\"https:\\\/\\\/schlammtrocknung.com\\\/#organization\",\"name\":\"Schlammtrocknung | SDS - Schlammtrocknung\",\"url\":\"https:\\\/\\\/schlammtrocknung.com\\\/\",\"logo\":{\"@type\":\"ImageObject\",\"inLanguage\":\"en-US\",\"@id\":\"https:\\\/\\\/schlammtrocknung.com\\\/#\\\/schema\\\/logo\\\/image\\\/\",\"url\":\"https:\\\/\\\/schlammtrocknung.com\\\/wp-content\\\/uploads\\\/2023\\\/02\\\/logo_sds-1.png\",\"contentUrl\":\"https:\\\/\\\/schlammtrocknung.com\\\/wp-content\\\/uploads\\\/2023\\\/02\\\/logo_sds-1.png\",\"width\":697,\"height\":187,\"caption\":\"Schlammtrocknung | SDS - Schlammtrocknung\"},\"image\":{\"@id\":\"https:\\\/\\\/schlammtrocknung.com\\\/#\\\/schema\\\/logo\\\/image\\\/\"}}]}<\/script>\n<!-- \/ Yoast SEO plugin. -->","yoast_head_json":{"title":"Oil-lacquer sludge drying | Michel sludge drying","description":"Increase your efficiency and protect the environment with advanced oil-paint sludge drying.","robots":{"index":"index","follow":"follow","max-snippet":"max-snippet:-1","max-image-preview":"max-image-preview:large","max-video-preview":"max-video-preview:-1"},"canonical":"https:\/\/schlammtrocknung.com\/en\/services\/oil-paint-sludge-drying\/","og_locale":"en_US","og_type":"article","og_title":"Oil-lacquer sludge drying | Michel sludge drying","og_description":"Increase your efficiency and protect the environment with advanced oil-paint sludge drying.","og_url":"https:\/\/schlammtrocknung.com\/en\/services\/oil-paint-sludge-drying\/","og_site_name":"Schlammtrocknung \u2013 michel SLUDGE DRYING SYSTEM","article_modified_time":"2025-05-09T08:43:29+00:00","twitter_card":"summary_large_image","twitter_misc":{"Est. reading time":"4 minutes"},"schema":{"@context":"https:\/\/schema.org","@graph":[{"@type":"WebPage","@id":"https:\/\/schlammtrocknung.com\/en\/services\/oil-paint-sludge-drying\/","url":"https:\/\/schlammtrocknung.com\/en\/services\/oil-paint-sludge-drying\/","name":"Oil-lacquer sludge drying | Michel sludge drying","isPartOf":{"@id":"https:\/\/schlammtrocknung.com\/#website"},"datePublished":"2024-09-04T10:39:01+00:00","dateModified":"2025-05-09T08:43:29+00:00","description":"Increase your efficiency and protect the environment with advanced oil-paint sludge drying.","breadcrumb":{"@id":"https:\/\/schlammtrocknung.com\/en\/services\/oil-paint-sludge-drying\/#breadcrumb"},"inLanguage":"en-US","potentialAction":[{"@type":"ReadAction","target":["https:\/\/schlammtrocknung.com\/en\/services\/oil-paint-sludge-drying\/"]}]},{"@type":"BreadcrumbList","@id":"https:\/\/schlammtrocknung.com\/en\/services\/oil-paint-sludge-drying\/#breadcrumb","itemListElement":[{"@type":"ListItem","position":1,"name":"Startseite","item":"https:\/\/schlammtrocknung.com\/en\/home-page-2\/"},{"@type":"ListItem","position":2,"name":"Services","item":"https:\/\/schlammtrocknung.com\/en\/services\/"},{"@type":"ListItem","position":3,"name":"Oil paint sludge drying"}]},{"@type":"WebSite","@id":"https:\/\/schlammtrocknung.com\/#website","url":"https:\/\/schlammtrocknung.com\/","name":"Schlammtrocknung | SDS - Schlammtrocknung","description":"Schlamm- L\u00f6sungen f\u00fcr Kl\u00e4rwerke, Industrie und Umwelt","publisher":{"@id":"https:\/\/schlammtrocknung.com\/#organization"},"potentialAction":[{"@type":"SearchAction","target":{"@type":"EntryPoint","urlTemplate":"https:\/\/schlammtrocknung.com\/?s={search_term_string}"},"query-input":{"@type":"PropertyValueSpecification","valueRequired":true,"valueName":"search_term_string"}}],"inLanguage":"en-US"},{"@type":"Organization","@id":"https:\/\/schlammtrocknung.com\/#organization","name":"Schlammtrocknung | SDS - Schlammtrocknung","url":"https:\/\/schlammtrocknung.com\/","logo":{"@type":"ImageObject","inLanguage":"en-US","@id":"https:\/\/schlammtrocknung.com\/#\/schema\/logo\/image\/","url":"https:\/\/schlammtrocknung.com\/wp-content\/uploads\/2023\/02\/logo_sds-1.png","contentUrl":"https:\/\/schlammtrocknung.com\/wp-content\/uploads\/2023\/02\/logo_sds-1.png","width":697,"height":187,"caption":"Schlammtrocknung | SDS - Schlammtrocknung"},"image":{"@id":"https:\/\/schlammtrocknung.com\/#\/schema\/logo\/image\/"}}]}},"_links":{"self":[{"href":"https:\/\/schlammtrocknung.com\/en\/wp-json\/wp\/v2\/pages\/2326","targetHints":{"allow":["GET"]}}],"collection":[{"href":"https:\/\/schlammtrocknung.com\/en\/wp-json\/wp\/v2\/pages"}],"about":[{"href":"https:\/\/schlammtrocknung.com\/en\/wp-json\/wp\/v2\/types\/page"}],"author":[{"embeddable":true,"href":"https:\/\/schlammtrocknung.com\/en\/wp-json\/wp\/v2\/users\/1"}],"replies":[{"embeddable":true,"href":"https:\/\/schlammtrocknung.com\/en\/wp-json\/wp\/v2\/comments?post=2326"}],"version-history":[{"count":2,"href":"https:\/\/schlammtrocknung.com\/en\/wp-json\/wp\/v2\/pages\/2326\/revisions"}],"predecessor-version":[{"id":2332,"href":"https:\/\/schlammtrocknung.com\/en\/wp-json\/wp\/v2\/pages\/2326\/revisions\/2332"}],"up":[{"embeddable":true,"href":"https:\/\/schlammtrocknung.com\/en\/wp-json\/wp\/v2\/pages\/1787"}],"wp:attachment":[{"href":"https:\/\/schlammtrocknung.com\/en\/wp-json\/wp\/v2\/media?parent=2326"}],"curies":[{"name":"wp","href":"https:\/\/api.w.org\/{rel}","templated":true}]}}