{"id":2334,"date":"2024-09-04T12:24:34","date_gmt":"2024-09-04T10:24:34","guid":{"rendered":"https:\/\/schlammtrocknung.com\/services\/metal-sludge-drying\/"},"modified":"2025-05-09T10:43:33","modified_gmt":"2025-05-09T08:43:33","slug":"metal-sludge-drying","status":"publish","type":"page","link":"https:\/\/schlammtrocknung.com\/en\/services\/metal-sludge-drying\/","title":{"rendered":"Metal sludge drying"},"content":{"rendered":"<div class=\"wpb-content-wrapper\"><p>[vc_row content_placement=&#8221;top&#8221;][vc_column][vc_column_text]<\/p>\n<h1 style=\"text-align: center;\"><span style=\"color: #728d2a;\">Efficient waste treatment: metal sludge drying directly on site<br \/>\n<\/span><\/h1>\n<p>[\/vc_column_text][vc_column_text]<\/p>\n<p style=\"text-align: center;\"><span style=\"font-weight: 400;\">Rely on advanced <\/span><b>metal sludge drying<\/b><span style=\"font-weight: 400;\"> from <\/span><b>michel SLUDGE-DRYING-SYSTEMS<\/b><span style=\"font-weight: 400;\"> for environmentally friendly and efficient<\/span><b> waste treatment and metal recovery directly on site<\/b><span style=\"font-weight: 400;\">.<\/span><\/p>\n<p>[\/vc_column_text][vc_empty_space height=&#8221;50px&#8221;][\/vc_column][\/vc_row][vc_row][vc_column width=&#8221;2\/3&#8243;][vc_column_text]<\/p>\n<h2><span style=\"color: #728d2a;\">Metal sludge &#8211; challenges and opportunities<\/span><\/h2>\n<p><b>Metal sludge<\/b><span style=\"font-weight: 400;\">  is mainly produced in industrial processes such as metal processing or water treatment, where metals are filtered out of liquids. It consists of a concentration of   <\/span><b>metal particles<\/b><span style=\"font-weight: 400;\">which can often contain valuable metals such as gold, silver, copper and nickel. <\/span> <\/p>\n<p><span style=\"font-weight: 400;\">In addition to these valuable components, metal sludge also contains <\/span><b>impurities<\/b><span style=\"font-weight: 400;\">that require environmentally friendly treatment and disposal or recycling. The effective treatment of metal sludge is crucial to recovering the valuable metals it contains and minimizing environmental impact. <\/span><\/p>\n<h3><\/h3>\n<h3><span style=\"color: #728d2a;\">From mining to electroplating &#8211; where metal sludge is produced  <\/span><\/h3>\n<p><span style=\"font-weight: 400;\">Metal sludge is produced in a large number of industrial processes in which metal is used:<\/span>[\/vc_column_text][vc_empty_space height=&#8221;70px&#8221;][\/vc_column][vc_column width=&#8221;1\/3&#8243;][vc_single_image image=&#8221;1169&#8243; img_size=&#8221;400&#215;500&#8243;][\/vc_column][\/vc_row][vc_row][vc_column width=&#8221;1\/2&#8243;][vc_single_image image=&#8221;1170&#8243; img_size=&#8221;600&#215;500&#8243;][vc_empty_space height=&#8221;70px&#8221;][\/vc_column][vc_column width=&#8221;1\/2&#8243;][vc_column_text]<\/p>\n<ul>\n<li style=\"font-weight: 400;\" aria-level=\"1\"><b>Metal processing and refining:<\/b><span style=\"font-weight: 400;\"> During processes such as grinding, polishing, etching and cleaning of metals<\/span><span style=\"font-weight: 400;\"> produce fine particles and residues<\/span><span style=\"font-weight: 400;\">which are collected as metal sludge.<\/span><\/li>\n<li style=\"font-weight: 400;\" aria-level=\"1\"><b>Electroplating:<\/b> <span style=\"font-weight: 400;\">Electroplating often produces sludge containing heavy metals such as chromium, zinc, copper, nickel and cadmium.<\/span><\/li>\n<li style=\"font-weight: 400;\" aria-level=\"1\"><b>Wastewater treatment in industry:<\/b> <span style=\"font-weight: 400;\">During the treatment of industrial wastewater containing metals, these are often separated as sludge.<\/span><\/li>\n<li style=\"font-weight: 400;\" aria-level=\"1\"><b>Mining and ore processing:<\/b> <span style=\"font-weight: 400;\">During the extraction and processing of ores, sludges containing metals and other minerals are produced.<\/span><\/li>\n<li style=\"font-weight: 400;\" aria-level=\"1\"><b>Chemical production:<\/b><span style=\"font-weight: 400;\"> In the chemical industry, especially in processes that use metal-based catalysts, metal sludges are produced as by-products.<\/span><\/li>\n<\/ul>\n<p>[\/vc_column_text][\/vc_column][\/vc_row][vc_row][vc_column width=&#8221;1\/2&#8243;][vc_column_text]<\/p>\n<h2><span style=\"color: #728d2a;\">Metal sludge drying as an indispensable process for various industries<\/span><\/h2>\n<p><span style=\"font-weight: 400;\">In all these processes, the handling of metal sludge is critical to prevent environmental pollution and recover valuable metals. The   <\/span><b>Metal sludge drying<\/b><span style=\"font-weight: 400;\"> is a critical step in the process chain of metal <\/span><b>metal recovery<\/b><span style=\"font-weight: 400;\">. By reducing the  <\/span><a href=\"http:\/\/schlammtrocknung.com\/glossar\/wassergehalt\"><span style=\"font-weight: 400;\">water content<\/span><\/a><span style=\"font-weight: 400;\"> significantly reduces the weight and volume of the sludge, which increases the efficiency of transportation and further processing. <\/span> <\/p>\n<p><span style=\"font-weight: 400;\">Dry metal sludge is easier to handle, store and transport. In addition, drying facilitates the separation of metals from other non-metal contaminants, increases the   <\/span><b>purity<\/b><span style=\"font-weight: 400;\"> of the end product and reduces the costs for thermal treatment in subsequent process steps. <\/span>[\/vc_column_text][vc_message]<i><span style=\"font-weight: 400;\">Note:<\/span><\/i><\/p>\n<p><i><span style=\"font-weight: 400;\">Drying metal sludge is an essential process for increasing value and reducing environmental impact.<\/span><\/i>[\/vc_message][\/vc_column][vc_column width=&#8221;1\/2&#8243;][vc_single_image image=&#8221;373&#8243; img_size=&#8221;600&#215;580&#8243;][vc_empty_space height=&#8221;70px&#8221;][\/vc_column][\/vc_row][vc_row][vc_column width=&#8221;1\/2&#8243;][vc_single_image image=&#8221;371&#8243; img_size=&#8221;600&#215;560&#8243;][vc_empty_space height=&#8221;70px&#8221;][\/vc_column][vc_column width=&#8221;1\/2&#8243;][vc_column_text]<\/p>\n<h2><span style=\"color: #728d2a;\">How michel SLUDGE-DRYING-SYSTEMS makes your metal recovery possible  <\/span><\/h2>\n<p><span style=\"font-weight: 400;\">michel SLUDGE-DRYING-SYSTEMS uses the latest technologies for drying metal sludge. Our <\/span> <b> modular systems<\/b><span style=\"font-weight: 400;\"> utilize an advanced combination of <\/span><b>contact and convection drying<\/b><span style=\"font-weight: 400;\">which enables uniform and efficient drying, even at low temperatures. <\/span> <\/p>\n<p><span style=\"font-weight: 400;\">This not only protects the environment, but also the material structure of the sludge. Our systems are flexibly designed to be adapted to different sizes and conditions and can be   <\/span><b>directly at the point of origin of the sludge <\/b><span style=\"font-weight: 400;\">to minimize transport and logistics costs.<\/span><\/p>\n<p><span style=\"font-weight: 400;\">Through further processing such as <\/span><b>melting<\/b><span style=\"font-weight: 400;\"> or <\/span><b>chemical extraction<\/b><span style=\"font-weight: 400;\"> the metal sludge drying process can be followed by <\/span><b>recovery of the raw materials<\/b><span style=\"font-weight: 400;\"> can begin. <\/span>[\/vc_column_text][\/vc_column][\/vc_row][vc_row][vc_column width=&#8221;1\/2&#8243;][vc_column_text]<\/p>\n<h3><span style=\"color: #728d2a;\">Advantages of metal sludge drying with michel SLUDGE-DRYING-SYSTEMS<\/span><\/h3>\n<p><span style=\"font-weight: 400;\">The systems for <\/span><b>metal sludge drying<\/b><span style=\"font-weight: 400;\">  from michel SLUDGE-DRYING-SYSTEMS offer significant advantages that make them a sustainable and efficient solution. Thanks to the low-temperature drying process, the   <\/span><b>Energy consumption significantly reduced<\/b><span style=\"font-weight: 400;\">which not only increases efficiency, but also minimizes CO\u2082 pollution and other emissions. <\/span> <\/p>\n<p><span style=\"font-weight: 400;\">Our systems also reduce your operating and maintenance costs as well as the costs of transporting and storing your metal sludge. Their flexibility makes it possible to process different quantities and types of metal sludge.   <\/span><b>directly on site and without roofing<\/b><span style=\"font-weight: 400;\"> to process. <\/span>[\/vc_column_text][vc_empty_space height=&#8221;70px&#8221;][\/vc_column][vc_column width=&#8221;1\/2&#8243;][vc_single_image image=&#8221;372&#8243; img_size=&#8221;600&#215;500&#8243;][\/vc_column][\/vc_row][vc_row][vc_column][vc_cta h2=&#8221;Start now with the sustainable recycling of metal sludge&#8221; txt_align=&#8221;center&#8221; add_button=&#8221;bottom&#8221; btn_title=&#8221;Contact us!&#8221; btn_style=&#8221;gradient-custom&#8221; btn_gradient_custom_color_1=&#8221;#728d2a&#8221; btn_gradient_custom_color_2=&#8221;#728d2a&#8221; btn_align=&#8221;center&#8221; btn_link=&#8221;url:https%3A%2F%2Fschlammtrocknung.com%2Fen%2Fcontact-us%2F|title:Contact%20us|&#8221;]<\/p>\n<p style=\"text-align: center;\"><span style=\"font-weight: 400;\">Rely on <\/span><b>michel SLUDGE-DRYING-SYSTEMS<\/b><span style=\"font-weight: 400;\">for your <\/span><b>metal sludge drying<\/b><span style=\"font-weight: 400;\">  revolutionize your business. Contact us today to find out more about our innovative solutions and how we can help you achieve your environmental and economic goals. <\/span><\/p>\n<p>[\/vc_cta][vc_empty_space height=&#8221;50px&#8221;][\/vc_column][\/vc_row][vc_row][vc_column][vc_column_text]<\/p>\n<h2 style=\"text-align: center;\"><span style=\"color: #728d2a;\">FAQ &#8211; Frequently asked questions about metal sludge drying<\/span><\/h2>\n<p>[\/vc_column_text][\/vc_column][\/vc_row][vc_row][vc_column][vc_toggle title=&#8221;What is metal sludge?&#8221;]<span style=\"font-weight: 400;\">Metal sludge is a by-product of industrial processes such as metal processing and water treatment that contains metal particles and impurities. It is produced by the filtration of metals from liquids and requires careful treatment for recycling or disposal. <\/span>[\/vc_toggle][vc_toggle title=&#8221;What are the advantages of metal sludge drying?&#8221;]<span style=\"font-weight: 400;\">Drying metal sludge minimizes its volume and weight, improves handling and reduces transport costs. It also facilitates the separation of metals and non-metal impurities, increases the purity of the end product and reduces the environmental impact. This is what makes effective metal recovery from metal sludge possible.  <\/span>[\/vc_toggle][\/vc_column][\/vc_row]<\/p>\n<\/div>","protected":false},"excerpt":{"rendered":"<p>[vc_row content_placement=&#8221;top&#8221;][vc_column][vc_column_text] Efficient waste treatment: metal sludge drying directly on site [\/vc_column_text][vc_column_text] Rely on advanced metal sludge drying from michel SLUDGE-DRYING-SYSTEMS for environmentally friendly and efficient waste treatment and metal recovery directly on site. [\/vc_column_text][vc_empty_space height=&#8221;50px&#8221;][\/vc_column][\/vc_row][vc_row][vc_column width=&#8221;2\/3&#8243;][vc_column_text] Metal sludge &#8211; challenges and opportunities Metal sludge is mainly produced in industrial processes such as metal processing&hellip;<\/p>\n","protected":false},"author":1,"featured_media":0,"parent":1787,"menu_order":0,"comment_status":"closed","ping_status":"closed","template":"","meta":{"footnotes":""},"class_list":["post-2334","page","type-page","status-publish","hentry","description-off"],"yoast_head":"<!-- This site is optimized with the Yoast SEO plugin v27.3 - https:\/\/yoast.com\/product\/yoast-seo-wordpress\/ -->\n<title>Metal sludge drying | Michel sludge drying<\/title>\n<meta name=\"description\" content=\"Rely on effective waste treatment and metal recovery with metal sludge drying systems.\" \/>\n<meta name=\"robots\" content=\"index, follow, max-snippet:-1, max-image-preview:large, max-video-preview:-1\" \/>\n<link rel=\"canonical\" href=\"https:\/\/schlammtrocknung.com\/en\/services\/metal-sludge-drying\/\" \/>\n<meta property=\"og:locale\" content=\"en_US\" \/>\n<meta property=\"og:type\" content=\"article\" \/>\n<meta property=\"og:title\" content=\"Metal sludge drying | Michel sludge drying\" \/>\n<meta property=\"og:description\" content=\"Rely on effective waste treatment and metal recovery with metal sludge drying systems.\" \/>\n<meta property=\"og:url\" content=\"https:\/\/schlammtrocknung.com\/en\/services\/metal-sludge-drying\/\" \/>\n<meta property=\"og:site_name\" content=\"Schlammtrocknung \u2013 michel SLUDGE DRYING SYSTEM\" \/>\n<meta property=\"article:modified_time\" content=\"2025-05-09T08:43:33+00:00\" \/>\n<meta name=\"twitter:card\" content=\"summary_large_image\" \/>\n<meta name=\"twitter:label1\" content=\"Est. reading time\" \/>\n\t<meta name=\"twitter:data1\" content=\"5 minutes\" \/>\n<script type=\"application\/ld+json\" class=\"yoast-schema-graph\">{\"@context\":\"https:\\\/\\\/schema.org\",\"@graph\":[{\"@type\":\"WebPage\",\"@id\":\"https:\\\/\\\/schlammtrocknung.com\\\/en\\\/services\\\/metal-sludge-drying\\\/\",\"url\":\"https:\\\/\\\/schlammtrocknung.com\\\/en\\\/services\\\/metal-sludge-drying\\\/\",\"name\":\"Metal sludge drying | Michel sludge drying\",\"isPartOf\":{\"@id\":\"https:\\\/\\\/schlammtrocknung.com\\\/#website\"},\"datePublished\":\"2024-09-04T10:24:34+00:00\",\"dateModified\":\"2025-05-09T08:43:33+00:00\",\"description\":\"Rely on effective waste treatment and metal recovery with metal sludge drying systems.\",\"breadcrumb\":{\"@id\":\"https:\\\/\\\/schlammtrocknung.com\\\/en\\\/services\\\/metal-sludge-drying\\\/#breadcrumb\"},\"inLanguage\":\"en-US\",\"potentialAction\":[{\"@type\":\"ReadAction\",\"target\":[\"https:\\\/\\\/schlammtrocknung.com\\\/en\\\/services\\\/metal-sludge-drying\\\/\"]}]},{\"@type\":\"BreadcrumbList\",\"@id\":\"https:\\\/\\\/schlammtrocknung.com\\\/en\\\/services\\\/metal-sludge-drying\\\/#breadcrumb\",\"itemListElement\":[{\"@type\":\"ListItem\",\"position\":1,\"name\":\"Startseite\",\"item\":\"https:\\\/\\\/schlammtrocknung.com\\\/en\\\/home-page-2\\\/\"},{\"@type\":\"ListItem\",\"position\":2,\"name\":\"Services\",\"item\":\"https:\\\/\\\/schlammtrocknung.com\\\/en\\\/services\\\/\"},{\"@type\":\"ListItem\",\"position\":3,\"name\":\"Metal sludge drying\"}]},{\"@type\":\"WebSite\",\"@id\":\"https:\\\/\\\/schlammtrocknung.com\\\/#website\",\"url\":\"https:\\\/\\\/schlammtrocknung.com\\\/\",\"name\":\"Schlammtrocknung | SDS - Schlammtrocknung\",\"description\":\"Schlamm- L\u00f6sungen f\u00fcr Kl\u00e4rwerke, Industrie und Umwelt\",\"publisher\":{\"@id\":\"https:\\\/\\\/schlammtrocknung.com\\\/#organization\"},\"potentialAction\":[{\"@type\":\"SearchAction\",\"target\":{\"@type\":\"EntryPoint\",\"urlTemplate\":\"https:\\\/\\\/schlammtrocknung.com\\\/?s={search_term_string}\"},\"query-input\":{\"@type\":\"PropertyValueSpecification\",\"valueRequired\":true,\"valueName\":\"search_term_string\"}}],\"inLanguage\":\"en-US\"},{\"@type\":\"Organization\",\"@id\":\"https:\\\/\\\/schlammtrocknung.com\\\/#organization\",\"name\":\"Schlammtrocknung | SDS - Schlammtrocknung\",\"url\":\"https:\\\/\\\/schlammtrocknung.com\\\/\",\"logo\":{\"@type\":\"ImageObject\",\"inLanguage\":\"en-US\",\"@id\":\"https:\\\/\\\/schlammtrocknung.com\\\/#\\\/schema\\\/logo\\\/image\\\/\",\"url\":\"https:\\\/\\\/schlammtrocknung.com\\\/wp-content\\\/uploads\\\/2023\\\/02\\\/logo_sds-1.png\",\"contentUrl\":\"https:\\\/\\\/schlammtrocknung.com\\\/wp-content\\\/uploads\\\/2023\\\/02\\\/logo_sds-1.png\",\"width\":697,\"height\":187,\"caption\":\"Schlammtrocknung | SDS - Schlammtrocknung\"},\"image\":{\"@id\":\"https:\\\/\\\/schlammtrocknung.com\\\/#\\\/schema\\\/logo\\\/image\\\/\"}}]}<\/script>\n<!-- \/ Yoast SEO plugin. -->","yoast_head_json":{"title":"Metal sludge drying | Michel sludge drying","description":"Rely on effective waste treatment and metal recovery with metal sludge drying systems.","robots":{"index":"index","follow":"follow","max-snippet":"max-snippet:-1","max-image-preview":"max-image-preview:large","max-video-preview":"max-video-preview:-1"},"canonical":"https:\/\/schlammtrocknung.com\/en\/services\/metal-sludge-drying\/","og_locale":"en_US","og_type":"article","og_title":"Metal sludge drying | Michel sludge drying","og_description":"Rely on effective waste treatment and metal recovery with metal sludge drying systems.","og_url":"https:\/\/schlammtrocknung.com\/en\/services\/metal-sludge-drying\/","og_site_name":"Schlammtrocknung \u2013 michel SLUDGE DRYING SYSTEM","article_modified_time":"2025-05-09T08:43:33+00:00","twitter_card":"summary_large_image","twitter_misc":{"Est. reading time":"5 minutes"},"schema":{"@context":"https:\/\/schema.org","@graph":[{"@type":"WebPage","@id":"https:\/\/schlammtrocknung.com\/en\/services\/metal-sludge-drying\/","url":"https:\/\/schlammtrocknung.com\/en\/services\/metal-sludge-drying\/","name":"Metal sludge drying | Michel sludge drying","isPartOf":{"@id":"https:\/\/schlammtrocknung.com\/#website"},"datePublished":"2024-09-04T10:24:34+00:00","dateModified":"2025-05-09T08:43:33+00:00","description":"Rely on effective waste treatment and metal recovery with metal sludge drying systems.","breadcrumb":{"@id":"https:\/\/schlammtrocknung.com\/en\/services\/metal-sludge-drying\/#breadcrumb"},"inLanguage":"en-US","potentialAction":[{"@type":"ReadAction","target":["https:\/\/schlammtrocknung.com\/en\/services\/metal-sludge-drying\/"]}]},{"@type":"BreadcrumbList","@id":"https:\/\/schlammtrocknung.com\/en\/services\/metal-sludge-drying\/#breadcrumb","itemListElement":[{"@type":"ListItem","position":1,"name":"Startseite","item":"https:\/\/schlammtrocknung.com\/en\/home-page-2\/"},{"@type":"ListItem","position":2,"name":"Services","item":"https:\/\/schlammtrocknung.com\/en\/services\/"},{"@type":"ListItem","position":3,"name":"Metal sludge drying"}]},{"@type":"WebSite","@id":"https:\/\/schlammtrocknung.com\/#website","url":"https:\/\/schlammtrocknung.com\/","name":"Schlammtrocknung | SDS - Schlammtrocknung","description":"Schlamm- L\u00f6sungen f\u00fcr Kl\u00e4rwerke, Industrie und Umwelt","publisher":{"@id":"https:\/\/schlammtrocknung.com\/#organization"},"potentialAction":[{"@type":"SearchAction","target":{"@type":"EntryPoint","urlTemplate":"https:\/\/schlammtrocknung.com\/?s={search_term_string}"},"query-input":{"@type":"PropertyValueSpecification","valueRequired":true,"valueName":"search_term_string"}}],"inLanguage":"en-US"},{"@type":"Organization","@id":"https:\/\/schlammtrocknung.com\/#organization","name":"Schlammtrocknung | SDS - Schlammtrocknung","url":"https:\/\/schlammtrocknung.com\/","logo":{"@type":"ImageObject","inLanguage":"en-US","@id":"https:\/\/schlammtrocknung.com\/#\/schema\/logo\/image\/","url":"https:\/\/schlammtrocknung.com\/wp-content\/uploads\/2023\/02\/logo_sds-1.png","contentUrl":"https:\/\/schlammtrocknung.com\/wp-content\/uploads\/2023\/02\/logo_sds-1.png","width":697,"height":187,"caption":"Schlammtrocknung | SDS - Schlammtrocknung"},"image":{"@id":"https:\/\/schlammtrocknung.com\/#\/schema\/logo\/image\/"}}]}},"_links":{"self":[{"href":"https:\/\/schlammtrocknung.com\/en\/wp-json\/wp\/v2\/pages\/2334","targetHints":{"allow":["GET"]}}],"collection":[{"href":"https:\/\/schlammtrocknung.com\/en\/wp-json\/wp\/v2\/pages"}],"about":[{"href":"https:\/\/schlammtrocknung.com\/en\/wp-json\/wp\/v2\/types\/page"}],"author":[{"embeddable":true,"href":"https:\/\/schlammtrocknung.com\/en\/wp-json\/wp\/v2\/users\/1"}],"replies":[{"embeddable":true,"href":"https:\/\/schlammtrocknung.com\/en\/wp-json\/wp\/v2\/comments?post=2334"}],"version-history":[{"count":2,"href":"https:\/\/schlammtrocknung.com\/en\/wp-json\/wp\/v2\/pages\/2334\/revisions"}],"predecessor-version":[{"id":2340,"href":"https:\/\/schlammtrocknung.com\/en\/wp-json\/wp\/v2\/pages\/2334\/revisions\/2340"}],"up":[{"embeddable":true,"href":"https:\/\/schlammtrocknung.com\/en\/wp-json\/wp\/v2\/pages\/1787"}],"wp:attachment":[{"href":"https:\/\/schlammtrocknung.com\/en\/wp-json\/wp\/v2\/media?parent=2334"}],"curies":[{"name":"wp","href":"https:\/\/api.w.org\/{rel}","templated":true}]}}