{"id":2351,"date":"2024-09-04T11:08:22","date_gmt":"2024-09-04T09:08:22","guid":{"rendered":"https:\/\/schlammtrocknung.com\/services\/biosludge-drying\/"},"modified":"2025-05-09T10:43:45","modified_gmt":"2025-05-09T08:43:45","slug":"biosludge-drying","status":"publish","type":"page","link":"https:\/\/schlammtrocknung.com\/en\/services\/biosludge-drying\/","title":{"rendered":"Biosludge drying"},"content":{"rendered":"<div class=\"wpb-content-wrapper\"><p>[vc_row content_placement=&#8221;top&#8221;][vc_column][vc_column_text]<\/p>\n<h1 style=\"text-align: center;\"><span style=\"color: #728d2a;\">The sustainable complete solution for biosludge drying<\/span><\/h1>\n<p>&nbsp;[\/vc_column_text][vc_column_text]<\/p>\n<p style=\"text-align: center;\"><span style=\"font-weight: 400;\">Experience how <\/span><b>michel SLUDGE-DRYING-SYSTEMS<\/b><span style=\"font-weight: 400;\"> with advanced technologies and revolutionary systems your <\/span><b>biosludge drying<\/b><span style=\"font-weight: 400;\"> efficient and environmentally friendly. <\/span><b>Directly on site, decentralized and economical!<\/b><\/p>\n<p>[\/vc_column_text][vc_empty_space height=&#8221;50px&#8221;][\/vc_column][\/vc_row][vc_row][vc_column][vc_cta h2=&#8221;Revolutionize biosludge drying with michel SLUDGE-DRYING-SYSTEMS&#8221; txt_align=&#8221;center&#8221; add_button=&#8221;bottom&#8221; btn_title=&#8221;Discover solutions now!&#8221; btn_style=&#8221;gradient-custom&#8221; btn_gradient_custom_color_1=&#8221;#728d2a&#8221; btn_gradient_custom_color_2=&#8221;#728d2a&#8221; btn_align=&#8221;center&#8221; btn_link=&#8221;url:https%3A%2F%2Fschlammtrocknung.com%2Fen%2Fcontact-us%2F|title:Contact%20us|&#8221;]<\/p>\n<p style=\"text-align: center;\"><span style=\"font-weight: 400;\">Start your <\/span><b>sustainable transformation<\/b><span style=\"font-weight: 400;\">  with the advanced solutions from michel SLUDGE-DRYING-SYSTEMS. The   <\/span><b>Biosludge drying<\/b><span style=\"font-weight: 400;\"> with our systems not only reduces your operating costs, but also makes an active contribution to <\/span><b>environmental protection <\/b><span style=\"font-weight: 400;\">and<\/span><b> circular economy<\/b><span style=\"font-weight: 400;\">. Contact us today to find out more about our biosludge drying solutions.<\/span><\/p>\n<p>[\/vc_cta][vc_empty_space height=&#8221;50px&#8221;][\/vc_column][\/vc_row][vc_row][vc_column width=&#8221;2\/3&#8243;][vc_column_text]<\/p>\n<h2><span style=\"color: #728d2a;\">Briefly explained: Biosludge drying<\/span><\/h2>\n<p>[\/vc_column_text][vc_message]<i><span style=\"font-weight: 400;\">What is biosludge?<\/span><\/i><\/p>\n<p><i><span style=\"font-weight: 400;\">Biosludge is a by-product of wastewater treatment that contains organic residues and microorganisms. The recyclable material is mainly produced in municipal wastewater treatment plants and industrial wastewater treatment plants. <\/span><\/i>[\/vc_message][vc_column_text]<span style=\"font-weight: 400;\">This sludge contains valuable <\/span><b>nutrients<\/b><span style=\"font-weight: 400;\"> such as nitrogen and <\/span><a href=\"http:\/\/schlammtrocknung.com\/blog\/phosphor-recycling\"><span style=\"font-weight: 400;\">phosphorus<\/span><\/a><span style=\"font-weight: 400;\">However, it is also contaminated with pollutants that require careful handling in order to avoid environmental and health risks. The right   <\/span><b>Processing<\/b><span style=\"font-weight: 400;\"> of biosludge is crucial in order to exploit its value and minimize risks at the same time.<\/span>[\/vc_column_text][vc_empty_space height=&#8221;70px&#8221;][\/vc_column][vc_column width=&#8221;1\/3&#8243;][vc_single_image image=&#8221;1172&#8243; img_size=&#8221;400&#215;450&#8243;][\/vc_column][\/vc_row][vc_row][vc_column width=&#8221;1\/2&#8243;][vc_single_image image=&#8221;376&#8243; img_size=&#8221;600&#215;500&#8243;][vc_empty_space height=&#8221;70px&#8221;][\/vc_column][vc_column width=&#8221;1\/2&#8243;][vc_column_text]<\/p>\n<h3><span style=\"color: #728d2a;\">What potential does biosludge drying offer?<\/span><\/h3>\n<p><span style=\"font-weight: 400;\">The drying of biosludge plays a decisive role in <\/span><b>minimizing the volume and weight of the<\/b><span style=\"font-weight: 400;\"> of the sludge, which simplifies storage, transportation and further processing. <\/span><b>Dry biosludge<\/b><span style=\"font-weight: 400;\"> can be transported more safely and cost-effectively and offers opportunities for <\/span><a href=\"http:\/\/schlammtrocknung.com\/schlammverwertung\"><span style=\"font-weight: 400;\">sludge utilization<\/span><\/a><span style=\"font-weight: 400;\"> or energy production. <\/span> <\/p>\n<p><span style=\"font-weight: 400;\">By reducing the <\/span><b>water content<\/b><span style=\"font-weight: 400;\"> to less than 10%, microbial activity is contained, which promotes the hygienization of the sludge and increases its shelf life.<\/span>[\/vc_column_text][\/vc_column][\/vc_row][vc_row][vc_column width=&#8221;1\/2&#8243;][vc_column_text]<\/p>\n<h2><span style=\"color: #728d2a;\">Biosludge drying with michel SLUDGE-DRYING-SYSTEMS &#8211; our process at a glance<\/span><\/h2>\n<p><span style=\"font-weight: 400;\">michel SLUDGE-DRYING-SYSTEMS uses advanced <\/span><b>advanced technologies<\/b><span style=\"font-weight: 400;\">to efficiently dry biosludge. Our systems use a   <\/span><b>Combination of contact and convection drying<\/b><span style=\"font-weight: 400;\">to achieve optimum results. These technologies enable gentle drying at lower temperatures and low energy consumption. <\/span>[\/vc_column_text][\/vc_column][vc_column width=&#8221;1\/2&#8243;][vc_single_image image=&#8221;373&#8243; img_size=&#8221;600&#215;330&#8243;][vc_empty_space height=&#8221;70px&#8221;][\/vc_column][\/vc_row][vc_row][vc_column width=&#8221;1\/2&#8243;][vc_single_image image=&#8221;1173&#8243; img_size=&#8221;600&#215;400&#8243;][vc_empty_space height=&#8221;70px&#8221;][\/vc_column][vc_column width=&#8221;1\/2&#8243;][vc_column_text]<span style=\"font-weight: 400;\">Our SDS systems for <\/span><b>biosludge drying<\/b><span style=\"font-weight: 400;\"> are modular and available in <\/span><b>different sizes <\/b> <span style=\"font-weight: 400;\">available to meet the needs of different customers. This enables a flexible and scalable solution that can be implemented directly at the site where the sludge is produced. After drying, the biosludge offers a wide range of    <\/span><b>Utilization options<\/b><span style=\"font-weight: 400;\">:<\/span><\/p>\n<ul>\n<li style=\"font-weight: 400;\" aria-level=\"1\"><b>Fuel:<\/b><span style=\"font-weight: 400;\"> Dried biosludge can be used in biomass power plants to generate energy.<\/span><\/li>\n<li style=\"font-weight: 400;\" aria-level=\"1\"><b>Fertilizer:<\/b><span style=\"font-weight: 400;\"> Due to its high nutrient content, dried biosludge can be used as a fertilizer in agriculture.<\/span><\/li>\n<li style=\"font-weight: 400;\" aria-level=\"1\"><b>Construction industry:<\/b><span style=\"font-weight: 400;\"> Dried sludge can be used as an aggregate for the production of building materials.<\/span><\/li>\n<\/ul>\n<p>[\/vc_column_text][\/vc_column][\/vc_row][vc_row][vc_column width=&#8221;1\/2&#8243;][vc_column_text]<\/p>\n<h2><span style=\"color: #728d2a;\">Decentralized and energy-saving &#8211; advantages of our biosludge drying system<\/span><\/h2>\n<p><span style=\"font-weight: 400;\">The bio-sludge drying systems from michel SLUDGE-DRYING-SYSTEMS offer numerous advantages:<\/span><\/p>\n<ul>\n<li style=\"font-weight: 400;\" aria-level=\"1\"><b>Decentralized:<\/b><span style=\"font-weight: 400;\"> Can be implemented directly at the point of origin, which reduces transportation costs and emissions<\/span><\/li>\n<li style=\"font-weight: 400;\" aria-level=\"1\"><b>Environmentally friendly:<\/b><span style=\"font-weight: 400;\"> No emissions and low CO\u2082 pollution<\/span><\/li>\n<li style=\"font-weight: 400;\" aria-level=\"1\"><b>Economical:<\/b><span style=\"font-weight: 400;\"> Reduced energy requirements thanks to low-temperature drying<\/span><\/li>\n<li style=\"font-weight: 400;\" aria-level=\"1\"><b>Cost-effective:<\/b><span style=\"font-weight: 400;\"> Low operating costs due to efficient use of energy and reduced maintenance costs<\/span><\/li>\n<li style=\"font-weight: 400;\" aria-level=\"1\"><b>Gentle:<\/b><span style=\"font-weight: 400;\"> Maintains the quality of the dry material and minimizes dust formation through gentle drying processes<\/span><\/li>\n<li style=\"font-weight: 400;\" aria-level=\"1\"><b>Versatility:<\/b><span style=\"font-weight: 400;\"> Suitable for different types of sludge.<\/span><\/li>\n<\/ul>\n<p>[\/vc_column_text][vc_empty_space height=&#8221;70px&#8221;][\/vc_column][vc_column width=&#8221;1\/2&#8243;][vc_single_image image=&#8221;372&#8243; img_size=&#8221;600&#215;400&#8243;][vc_btn title=&#8221;Discover biosludge drying systems!&#8221; style=&#8221;custom&#8221; custom_background=&#8221;#728d2a&#8221; custom_text=&#8221;#ffffff&#8221; align=&#8221;center&#8221; link=&#8221;url:https%3A%2F%2Fschlammtrocknung.com%2Fprodukte%2F|&#8221;][\/vc_column][\/vc_row][vc_row][vc_column][vc_cta h2=&#8221;Revolutionize biosludge drying with michel SLUDGE-DRYING-SYSTEMS&#8221; txt_align=&#8221;center&#8221; add_button=&#8221;bottom&#8221; btn_title=&#8221;Contact us!&#8221; btn_style=&#8221;gradient-custom&#8221; btn_gradient_custom_color_1=&#8221;#728d2a&#8221; btn_gradient_custom_color_2=&#8221;#728d2a&#8221; btn_align=&#8221;center&#8221; btn_link=&#8221;url:https%3A%2F%2Fschlammtrocknung.com%2Fen%2Fcontact-us%2F|title:Contact%20us|&#8221;]<\/p>\n<p style=\"text-align: center;\"><span style=\"font-weight: 400;\">Start your <\/span><b>sustainable transformation<\/b><span style=\"font-weight: 400;\">  with the advanced solutions from michel SLUDGE-DRYING-SYSTEMS. The   <\/span><b>Biosludge drying<\/b><span style=\"font-weight: 400;\"> with our systems not only reduces your operating costs, but also makes an active contribution to <\/span><b>environmental protection <\/b><span style=\"font-weight: 400;\">and<\/span><b> circular economy<\/b><span style=\"font-weight: 400;\">. Contact us today to find out more about our biosludge drying solutions.<\/span><\/p>\n<p>[\/vc_cta][vc_empty_space height=&#8221;50px&#8221;][\/vc_column][\/vc_row][vc_row][vc_column][vc_column_text]<\/p>\n<h2 style=\"text-align: center;\"><span style=\"color: #728d2a;\">FAQ &#8211; Frequently asked questions about biosludge drying<\/span><\/h2>\n<p>[\/vc_column_text][\/vc_column][\/vc_row][vc_row][vc_column][vc_toggle title=&#8221;What is biosludge and how is it produced?&#8221;]<span style=\"font-weight: 400;\">Biosludge is a waste product from wastewater treatment that is rich in organic materials, microorganisms and valuable nutrients such as phosphorus. It is produced in wastewater treatment plants where wastewater is purified and contains nutrients as well as potentially harmful pollutants. These must be removed by filtration and biosludge drying.  <\/span>[\/vc_toggle][vc_toggle title=&#8221;Why is the drying of biosludge important?&#8221;]<span style=\"font-weight: 400;\">Drying biosludge reduces its volume and weight, facilitates transportation and lowers the costs of storage and further processing. It also enables hygienic handling and creates potential for use as fuel or fertilizer. <\/span>[\/vc_toggle][vc_toggle title=&#8221;How does biosludge drying work?&#8221;]<span style=\"font-weight: 400;\">michel SLUDGE-DRYING-SYSTEMS uses advanced drying technologies that enable efficient reduction of the moisture content in the sludge. By using contact and convection drying at low temperatures, energy is saved and the quality of the end product is maintained. The dried biosludge can then be used as a nutrient-rich fertilizer or as an efficient fuel.  <\/span>[\/vc_toggle][\/vc_column][\/vc_row]<\/p>\n<\/div>","protected":false},"excerpt":{"rendered":"<p>[vc_row content_placement=&#8221;top&#8221;][vc_column][vc_column_text] The sustainable complete solution for biosludge drying &nbsp;[\/vc_column_text][vc_column_text] Experience how michel SLUDGE-DRYING-SYSTEMS with advanced technologies and revolutionary systems your biosludge drying efficient and environmentally friendly. Directly on site, decentralized and economical! [\/vc_column_text][vc_empty_space height=&#8221;50px&#8221;][\/vc_column][\/vc_row][vc_row][vc_column][vc_cta h2=&#8221;Revolutionize biosludge drying with michel SLUDGE-DRYING-SYSTEMS&#8221; txt_align=&#8221;center&#8221; add_button=&#8221;bottom&#8221; btn_title=&#8221;Discover solutions now!&#8221; btn_style=&#8221;gradient-custom&#8221; btn_gradient_custom_color_1=&#8221;#728d2a&#8221; btn_gradient_custom_color_2=&#8221;#728d2a&#8221; btn_align=&#8221;center&#8221; btn_link=&#8221;url:https%3A%2F%2Fschlammtrocknung.com%2Fen%2Fcontact-us%2F|title:Contact%20us|&#8221;] Start your sustainable transformation&hellip;<\/p>\n","protected":false},"author":1,"featured_media":0,"parent":1787,"menu_order":0,"comment_status":"closed","ping_status":"closed","template":"","meta":{"footnotes":""},"class_list":["post-2351","page","type-page","status-publish","hentry","description-off"],"yoast_head":"<!-- This site is optimized with the Yoast SEO plugin v27.3 - https:\/\/yoast.com\/product\/yoast-seo-wordpress\/ -->\n<title>Biosludge drying | Michel sludge drying<\/title>\n<meta name=\"description\" content=\"Maximize efficiency and sustainability with bio-sludge drying from michel SLUDGE-DRYING-SYSTEMS.\" \/>\n<meta name=\"robots\" content=\"index, follow, max-snippet:-1, max-image-preview:large, max-video-preview:-1\" \/>\n<link rel=\"canonical\" href=\"https:\/\/schlammtrocknung.com\/en\/services\/biosludge-drying\/\" \/>\n<meta property=\"og:locale\" content=\"en_US\" \/>\n<meta property=\"og:type\" content=\"article\" \/>\n<meta property=\"og:title\" content=\"Biosludge drying | Michel sludge drying\" \/>\n<meta property=\"og:description\" content=\"Maximize efficiency and sustainability with bio-sludge drying from michel SLUDGE-DRYING-SYSTEMS.\" \/>\n<meta property=\"og:url\" content=\"https:\/\/schlammtrocknung.com\/en\/services\/biosludge-drying\/\" \/>\n<meta property=\"og:site_name\" content=\"Schlammtrocknung \u2013 michel SLUDGE DRYING SYSTEM\" \/>\n<meta property=\"article:modified_time\" content=\"2025-05-09T08:43:45+00:00\" \/>\n<meta name=\"twitter:card\" content=\"summary_large_image\" \/>\n<meta name=\"twitter:label1\" content=\"Est. reading time\" \/>\n\t<meta name=\"twitter:data1\" content=\"5 minutes\" \/>\n<script type=\"application\/ld+json\" class=\"yoast-schema-graph\">{\"@context\":\"https:\\\/\\\/schema.org\",\"@graph\":[{\"@type\":\"WebPage\",\"@id\":\"https:\\\/\\\/schlammtrocknung.com\\\/en\\\/services\\\/biosludge-drying\\\/\",\"url\":\"https:\\\/\\\/schlammtrocknung.com\\\/en\\\/services\\\/biosludge-drying\\\/\",\"name\":\"Biosludge drying | Michel sludge drying\",\"isPartOf\":{\"@id\":\"https:\\\/\\\/schlammtrocknung.com\\\/#website\"},\"datePublished\":\"2024-09-04T09:08:22+00:00\",\"dateModified\":\"2025-05-09T08:43:45+00:00\",\"description\":\"Maximize efficiency and sustainability with bio-sludge drying from michel SLUDGE-DRYING-SYSTEMS.\",\"breadcrumb\":{\"@id\":\"https:\\\/\\\/schlammtrocknung.com\\\/en\\\/services\\\/biosludge-drying\\\/#breadcrumb\"},\"inLanguage\":\"en-US\",\"potentialAction\":[{\"@type\":\"ReadAction\",\"target\":[\"https:\\\/\\\/schlammtrocknung.com\\\/en\\\/services\\\/biosludge-drying\\\/\"]}]},{\"@type\":\"BreadcrumbList\",\"@id\":\"https:\\\/\\\/schlammtrocknung.com\\\/en\\\/services\\\/biosludge-drying\\\/#breadcrumb\",\"itemListElement\":[{\"@type\":\"ListItem\",\"position\":1,\"name\":\"Startseite\",\"item\":\"https:\\\/\\\/schlammtrocknung.com\\\/en\\\/home-page-2\\\/\"},{\"@type\":\"ListItem\",\"position\":2,\"name\":\"Services\",\"item\":\"https:\\\/\\\/schlammtrocknung.com\\\/en\\\/services\\\/\"},{\"@type\":\"ListItem\",\"position\":3,\"name\":\"Biosludge drying\"}]},{\"@type\":\"WebSite\",\"@id\":\"https:\\\/\\\/schlammtrocknung.com\\\/#website\",\"url\":\"https:\\\/\\\/schlammtrocknung.com\\\/\",\"name\":\"Schlammtrocknung | SDS - Schlammtrocknung\",\"description\":\"Schlamm- L\u00f6sungen f\u00fcr Kl\u00e4rwerke, Industrie und Umwelt\",\"publisher\":{\"@id\":\"https:\\\/\\\/schlammtrocknung.com\\\/#organization\"},\"potentialAction\":[{\"@type\":\"SearchAction\",\"target\":{\"@type\":\"EntryPoint\",\"urlTemplate\":\"https:\\\/\\\/schlammtrocknung.com\\\/?s={search_term_string}\"},\"query-input\":{\"@type\":\"PropertyValueSpecification\",\"valueRequired\":true,\"valueName\":\"search_term_string\"}}],\"inLanguage\":\"en-US\"},{\"@type\":\"Organization\",\"@id\":\"https:\\\/\\\/schlammtrocknung.com\\\/#organization\",\"name\":\"Schlammtrocknung | SDS - Schlammtrocknung\",\"url\":\"https:\\\/\\\/schlammtrocknung.com\\\/\",\"logo\":{\"@type\":\"ImageObject\",\"inLanguage\":\"en-US\",\"@id\":\"https:\\\/\\\/schlammtrocknung.com\\\/#\\\/schema\\\/logo\\\/image\\\/\",\"url\":\"https:\\\/\\\/schlammtrocknung.com\\\/wp-content\\\/uploads\\\/2023\\\/02\\\/logo_sds-1.png\",\"contentUrl\":\"https:\\\/\\\/schlammtrocknung.com\\\/wp-content\\\/uploads\\\/2023\\\/02\\\/logo_sds-1.png\",\"width\":697,\"height\":187,\"caption\":\"Schlammtrocknung | SDS - Schlammtrocknung\"},\"image\":{\"@id\":\"https:\\\/\\\/schlammtrocknung.com\\\/#\\\/schema\\\/logo\\\/image\\\/\"}}]}<\/script>\n<!-- \/ Yoast SEO plugin. -->","yoast_head_json":{"title":"Biosludge drying | Michel sludge drying","description":"Maximize efficiency and sustainability with bio-sludge drying from michel SLUDGE-DRYING-SYSTEMS.","robots":{"index":"index","follow":"follow","max-snippet":"max-snippet:-1","max-image-preview":"max-image-preview:large","max-video-preview":"max-video-preview:-1"},"canonical":"https:\/\/schlammtrocknung.com\/en\/services\/biosludge-drying\/","og_locale":"en_US","og_type":"article","og_title":"Biosludge drying | Michel sludge drying","og_description":"Maximize efficiency and sustainability with bio-sludge drying from michel SLUDGE-DRYING-SYSTEMS.","og_url":"https:\/\/schlammtrocknung.com\/en\/services\/biosludge-drying\/","og_site_name":"Schlammtrocknung \u2013 michel SLUDGE DRYING SYSTEM","article_modified_time":"2025-05-09T08:43:45+00:00","twitter_card":"summary_large_image","twitter_misc":{"Est. reading time":"5 minutes"},"schema":{"@context":"https:\/\/schema.org","@graph":[{"@type":"WebPage","@id":"https:\/\/schlammtrocknung.com\/en\/services\/biosludge-drying\/","url":"https:\/\/schlammtrocknung.com\/en\/services\/biosludge-drying\/","name":"Biosludge drying | Michel sludge drying","isPartOf":{"@id":"https:\/\/schlammtrocknung.com\/#website"},"datePublished":"2024-09-04T09:08:22+00:00","dateModified":"2025-05-09T08:43:45+00:00","description":"Maximize efficiency and sustainability with bio-sludge drying from michel SLUDGE-DRYING-SYSTEMS.","breadcrumb":{"@id":"https:\/\/schlammtrocknung.com\/en\/services\/biosludge-drying\/#breadcrumb"},"inLanguage":"en-US","potentialAction":[{"@type":"ReadAction","target":["https:\/\/schlammtrocknung.com\/en\/services\/biosludge-drying\/"]}]},{"@type":"BreadcrumbList","@id":"https:\/\/schlammtrocknung.com\/en\/services\/biosludge-drying\/#breadcrumb","itemListElement":[{"@type":"ListItem","position":1,"name":"Startseite","item":"https:\/\/schlammtrocknung.com\/en\/home-page-2\/"},{"@type":"ListItem","position":2,"name":"Services","item":"https:\/\/schlammtrocknung.com\/en\/services\/"},{"@type":"ListItem","position":3,"name":"Biosludge drying"}]},{"@type":"WebSite","@id":"https:\/\/schlammtrocknung.com\/#website","url":"https:\/\/schlammtrocknung.com\/","name":"Schlammtrocknung | SDS - Schlammtrocknung","description":"Schlamm- L\u00f6sungen f\u00fcr Kl\u00e4rwerke, Industrie und Umwelt","publisher":{"@id":"https:\/\/schlammtrocknung.com\/#organization"},"potentialAction":[{"@type":"SearchAction","target":{"@type":"EntryPoint","urlTemplate":"https:\/\/schlammtrocknung.com\/?s={search_term_string}"},"query-input":{"@type":"PropertyValueSpecification","valueRequired":true,"valueName":"search_term_string"}}],"inLanguage":"en-US"},{"@type":"Organization","@id":"https:\/\/schlammtrocknung.com\/#organization","name":"Schlammtrocknung | SDS - Schlammtrocknung","url":"https:\/\/schlammtrocknung.com\/","logo":{"@type":"ImageObject","inLanguage":"en-US","@id":"https:\/\/schlammtrocknung.com\/#\/schema\/logo\/image\/","url":"https:\/\/schlammtrocknung.com\/wp-content\/uploads\/2023\/02\/logo_sds-1.png","contentUrl":"https:\/\/schlammtrocknung.com\/wp-content\/uploads\/2023\/02\/logo_sds-1.png","width":697,"height":187,"caption":"Schlammtrocknung | SDS - Schlammtrocknung"},"image":{"@id":"https:\/\/schlammtrocknung.com\/#\/schema\/logo\/image\/"}}]}},"_links":{"self":[{"href":"https:\/\/schlammtrocknung.com\/en\/wp-json\/wp\/v2\/pages\/2351","targetHints":{"allow":["GET"]}}],"collection":[{"href":"https:\/\/schlammtrocknung.com\/en\/wp-json\/wp\/v2\/pages"}],"about":[{"href":"https:\/\/schlammtrocknung.com\/en\/wp-json\/wp\/v2\/types\/page"}],"author":[{"embeddable":true,"href":"https:\/\/schlammtrocknung.com\/en\/wp-json\/wp\/v2\/users\/1"}],"replies":[{"embeddable":true,"href":"https:\/\/schlammtrocknung.com\/en\/wp-json\/wp\/v2\/comments?post=2351"}],"version-history":[{"count":1,"href":"https:\/\/schlammtrocknung.com\/en\/wp-json\/wp\/v2\/pages\/2351\/revisions"}],"predecessor-version":[{"id":2352,"href":"https:\/\/schlammtrocknung.com\/en\/wp-json\/wp\/v2\/pages\/2351\/revisions\/2352"}],"up":[{"embeddable":true,"href":"https:\/\/schlammtrocknung.com\/en\/wp-json\/wp\/v2\/pages\/1787"}],"wp:attachment":[{"href":"https:\/\/schlammtrocknung.com\/en\/wp-json\/wp\/v2\/media?parent=2351"}],"curies":[{"name":"wp","href":"https:\/\/api.w.org\/{rel}","templated":true}]}}