{"id":2353,"date":"2024-09-04T12:00:35","date_gmt":"2024-09-04T10:00:35","guid":{"rendered":"https:\/\/schlammtrocknung.com\/services\/sewage-sludge-drying\/"},"modified":"2025-05-09T10:45:58","modified_gmt":"2025-05-09T08:45:58","slug":"sewage-sludge-drying","status":"publish","type":"page","link":"https:\/\/schlammtrocknung.com\/en\/services\/sewage-sludge-drying\/","title":{"rendered":"Sewage sludge drying"},"content":{"rendered":"<div class=\"wpb-content-wrapper\"><p>[vc_row content_placement=&#8221;top&#8221;][vc_column][vc_column_text]<\/p>\n<h1 style=\"text-align: center;\"><span style=\"color: #728d2a;\">  Sewage sludge drying with michel SLUDGE-DRYING-SYSTEMS<\/span><\/h1>\n<p>[\/vc_column_text][vc_column_text]<\/p>\n<p style=\"text-align: center;\"><span style=\"font-weight: 400;\">Advanced <\/span><b>Sewage sludge drying<\/b><span style=\"font-weight: 400;\">that redefines environmental standards and is economically advantageous at the same time &#8211; all this is achieved with the systems from <\/span><b>michel SLUDGE-DRYING-SYSTEMS <\/b> <span style=\"font-weight: 400;\">possible. Our plants prepare sewage sludge optimally for gentle disposal or   <\/span><a href=\"http:\/\/schlammtrocknung.com\/schlammverwertung\"><span style=\"font-weight: 400;\">utilization<\/span><\/a><span style=\"font-weight: 400;\">for example in the course of <\/span><a href=\"http:\/\/schlammtrocknung.com\/blog\/phosphor-recycling\"><span style=\"font-weight: 400;\">phosphorus recycling<\/span><\/a><span style=\"font-weight: 400;\">before.<\/span><\/p>\n<p>[\/vc_column_text][vc_empty_space height=&#8221;50px&#8221;][\/vc_column][\/vc_row][vc_row][vc_column width=&#8221;2\/3&#8243;][vc_column_text]<\/p>\n<h2><span style=\"color: #728d2a;\">Sewage sludge drying &#8211; a decisive step for your waste utilization<\/span><\/h2>\n<p>[\/vc_column_text][vc_message]<i><span style=\"font-weight: 400;\">What is sewage sludge?<\/span><\/i><\/p>\n<p><i><span style=\"font-weight: 400;\">Sewage sludge is the by-product of wastewater treatment, which consists of solid materials that have been removed from the wastewater. This sludge, which still has a high moisture content,   <\/span><\/i><i><span style=\"font-weight: 400;\">Contains organic and inorganic materials, <\/span><\/i><i><span style=\"font-weight: 400;\">microorganisms and potentially pathogenic bacteria. <\/span><\/i>[\/vc_message][vc_column_text]<span style=\"font-weight: 400;\">Sludge can also contain heavy metals and other pollutants that require careful <\/span><a href=\"http:\/\/schlammtrocknung.com\/leistungen\/schlammbehandlung\"><span style=\"font-weight: 400;\">treatment<\/span><\/a><span style=\"font-weight: 400;\">  to protect the environment and human health. The   <\/span><b>effective and safe drying of sewage sludge<\/b><span style=\"font-weight: 400;\"> is therefore a central element of modern waste management and environmental protection strategies.<\/span>[\/vc_column_text][vc_empty_space height=&#8221;70px&#8221;][\/vc_column][vc_column width=&#8221;1\/3&#8243;][vc_single_image image=&#8221;1166&#8243; img_size=&#8221;400&#215;500&#8243;][\/vc_column][\/vc_row][vc_row][vc_column width=&#8221;1\/2&#8243;][vc_single_image image=&#8221;374&#8243; img_size=&#8221;600&#215;400&#8243;][vc_empty_space height=&#8221;70px&#8221;][\/vc_column][vc_column width=&#8221;1\/2&#8243;][vc_column_text]<\/p>\n<h2><span style=\"color: #728d2a;\">This is why sewage sludge drying is indispensable<\/span><\/h2>\n<p>Drying sewage sludge significantly reduces its volume and weight, as it removes a large proportion of its liquid content. This simplifies the transportation and further processing of the sewage sludge and reduces costs. <\/p>\n<p><span style=\"font-weight: 400;\">Drying helps to stabilize the sludge by reducing biological activity, <\/span><span style=\"font-weight: 400;\">odors<\/span><span style=\"font-weight: 400;\">  minimized and the spread of pathogens prevented. It also makes the   <\/span><b>Recovering<\/b><span style=\"font-weight: 400;\"> valuable substances from the sludge more efficiently.<\/span><\/p>\n<h3><\/h3>\n<p>[\/vc_column_text][\/vc_column][\/vc_row][vc_row][vc_column width=&#8221;1\/2&#8243;][vc_column_text]<b>Dried sewage sludge<\/b><span style=\"font-weight: 400;\"> can be safely stored and used in a variety of ways:<\/span><\/p>\n<ul>\n<li style=\"font-weight: 400;\" aria-level=\"1\"><b>As a renewable fuel<\/b><span style=\"font-weight: 400;\"> in biomass power plants for energy generation<\/span><\/li>\n<li style=\"font-weight: 400;\" aria-level=\"1\"><b>As a high-quality fertilizer <\/b><span style=\"font-weight: 400;\">with essential nutrients for agriculture<\/span><\/li>\n<li style=\"font-weight: 400;\" aria-level=\"1\"><b>In the construction industry<\/b><span style=\"font-weight: 400;\"> as an aggregate for the production of building materials such as bricks or paving stones<\/span><\/li>\n<li style=\"font-weight: 400;\" aria-level=\"1\"><b>For the recovery of valuable phosphorus <\/b><span style=\"font-weight: 400;\">from dried sludge<\/span><\/li>\n<\/ul>\n<p>[\/vc_column_text][\/vc_column][vc_column width=&#8221;1\/2&#8243;][vc_single_image image=&#8221;373&#8243; img_size=&#8221;600&#215;380&#8243;][vc_empty_space height=&#8221;70px&#8221;][\/vc_column][\/vc_row][vc_row][vc_column width=&#8221;1\/2&#8243;][vc_single_image image=&#8221;371&#8243; img_size=&#8221;600&#215;500&#8243;][vc_empty_space height=&#8221;70px&#8221;][\/vc_column][vc_column width=&#8221;1\/2&#8243;][vc_column_text]<\/p>\n<h2><span style=\"color: #728d2a;\">With michel SLUDGE-DRYING-SYSTEMS for sustainable sewage sludge utilization<\/span><\/h2>\n<p><span style=\"font-weight: 400;\">michel SLUDGE-DRYING-SYSTEMS uses innovative technologies to dry sewage sludge efficiently. Our   <\/span><b>systems<\/b><span style=\"font-weight: 400;\"> use a combination of contact and convection drying <\/span><span style=\"font-weight: 400;\">for uniform and gentle drying of your sewage sludge <\/span><span style=\"font-weight: 400;\">&#8211; without any transportation, as it is dried directly on site. <\/span> <\/p>\n<p><span style=\"font-weight: 400;\">The <\/span><b>sewage sludge drying<\/b><span style=\"font-weight: 400;\">  takes place at <a href=\"https:\/\/schlammtrocknung.com\/en\/low-temperature-dryer\/\">low temperatures<\/a> in order to save energy and preserve the useful substances contained in the sludge. Our modular systems can be adapted to different types and quantities of sludge and are available in <strong>all<\/strong> <\/span> <b> sizes <\/b><span style=\"font-weight: 400;\">available to meet the needs of different installations.<\/span>[\/vc_column_text][\/vc_column][\/vc_row][vc_row][vc_column width=&#8221;1\/2&#8243;][vc_column_text]<\/p>\n<h3><span style=\"color: #728d2a;\">Advantages of sewage sludge drying with michel SLUDGE-DRYING-SYSTEMS<\/span><\/h3>\n<p><span style=\"font-weight: 400;\">Michel SLUDGE-DRYING-SYSTEMS offers numerous advantages that distinguish our technology from conventional systems. <\/span><span style=\"font-weight: 400;\">differentiate<\/span><span style=\"font-weight: 400;\">:<\/span><\/p>\n<ul>\n<li style=\"font-weight: 400;\" aria-level=\"1\"><b>Directly on site:<\/b><span style=\"font-weight: 400;\"> Installed directly where the sludge is generated, our solutions save logistics costs.<\/span><\/li>\n<li style=\"font-weight: 400;\" aria-level=\"1\"><b>Ecologically sustainable:<\/b> <span style=\"font-weight: 400;\">No direct emissions and significant CO\u2082 reduction<\/span><\/li>\n<li style=\"font-weight: 400;\" aria-level=\"1\"><b>Efficient process<\/b><b>:<\/b><span style=\"font-weight: 400;\"> Thanks to low-temperature drying, we achieve maximum energy efficiency and low operating costs.<\/span><\/li>\n<li style=\"font-weight: 400;\" aria-level=\"1\"><b>Versatile and customizable:<\/b><span style=\"font-weight: 400;\"> The systems are suitable for different types of sludge and are modularly expandable.<\/span><\/li>\n<li style=\"font-weight: 400;\" aria-level=\"1\"><b>Durable and low-maintenance:<\/b> <span style=\"font-weight: 400;\">We achieve maximum reliability through robust design and advanced technology.<\/span><\/li>\n<\/ul>\n<p>[\/vc_column_text][vc_empty_space height=&#8221;70px&#8221;][\/vc_column][vc_column width=&#8221;1\/2&#8243;][vc_single_image image=&#8221;372&#8243; img_size=&#8221;600&#215;500&#8243;][\/vc_column][\/vc_row][vc_row][vc_column][vc_cta h2=&#8221;Take your sewage sludge drying into your own hands&#8221; txt_align=&#8221;center&#8221; add_button=&#8221;bottom&#8221; btn_title=&#8221;Contact us!&#8221; btn_style=&#8221;gradient-custom&#8221; btn_gradient_custom_color_1=&#8221;#728d2a&#8221; btn_gradient_custom_color_2=&#8221;#728d2a&#8221; btn_align=&#8221;center&#8221; btn_link=&#8221;url:https%3A%2F%2Fschlammtrocknung.com%2Fen%2Fcontact-us%2F|title:Contact%20us|&#8221;]<\/p>\n<p style=\"text-align: center;\"><span style=\"font-weight: 400;\">Rely on <\/span><b>michel SLUDGE-DRYING-SYSTEMS<\/b><span style=\"font-weight: 400;\">for your <\/span><b>sewage sludge drying<\/b><span style=\"font-weight: 400;\">  environmentally friendly and cost-efficient. Contact us now to find out more about how our systems can help you achieve your business and sustainability goals. <\/span><\/p>\n<p>[\/vc_cta][vc_empty_space height=&#8221;50px&#8221;][\/vc_column][\/vc_row][vc_row][vc_column][vc_column_text]<\/p>\n<h2 style=\"text-align: center;\"><span style=\"color: #728d2a;\">FAQ &#8211; Frequently asked questions about sewage sludge drying<\/span><\/h2>\n<p>[\/vc_column_text][\/vc_column][\/vc_row][vc_row][vc_column][vc_toggle title=&#8221;How is sewage sludge dried?&#8221;]<span style=\"font-weight: 400;\">Sewage sludge is dried through the application of heat and pressure, using techniques such as contact and convection drying. This removes the moisture from the sludge, which reduces its volume and weight and facilitates transportation, storage and further processing. <\/span>[\/vc_toggle][vc_toggle title=&#8221;What exactly is sewage sludge?&#8221;]<span style=\"font-weight: 400;\">Sewage sludge is a by-product of wastewater treatment, consisting mainly of organic materials, microorganisms and solids filtered from the water. It contains nutrients such as nitrogen and phosphorus, but can also contain pollutants such as bacteria and heavy metals, which requires careful treatment and disposal. <\/span>[\/vc_toggle][vc_toggle title=&#8221;Is sewage sludge combustible?&#8221;]<span style=\"font-weight: 400;\">Yes, sewage sludge is combustible, especially after it has been completely dried. Dried sewage sludge can be used as a fuel in specially designed plants to generate energy. However, prior to sewage sludge drying, the material is generally not combustible due to its high water content.  <\/span>[\/vc_toggle][\/vc_column][\/vc_row]<\/p>\n<\/div>","protected":false},"excerpt":{"rendered":"<p>[vc_row content_placement=&#8221;top&#8221;][vc_column][vc_column_text] Sewage sludge drying with michel SLUDGE-DRYING-SYSTEMS [\/vc_column_text][vc_column_text] Advanced Sewage sludge dryingthat redefines environmental standards and is economically advantageous at the same time &#8211; all this is achieved with the systems from michel SLUDGE-DRYING-SYSTEMS possible. Our plants prepare sewage sludge optimally for gentle disposal or utilizationfor example in the course of phosphorus recyclingbefore. [\/vc_column_text][vc_empty_space&hellip;<\/p>\n","protected":false},"author":1,"featured_media":0,"parent":1787,"menu_order":0,"comment_status":"closed","ping_status":"closed","template":"","meta":{"footnotes":""},"class_list":["post-2353","page","type-page","status-publish","hentry","description-off"],"yoast_head":"<!-- This site is optimized with the Yoast SEO plugin v27.3 - https:\/\/yoast.com\/product\/yoast-seo-wordpress\/ -->\n<title>Sewage sludge drying | Michel sludge drying<\/title>\n<meta name=\"description\" content=\"Optimize your waste recycling with advanced sewage sludge drying from michel SLUDGE-DRYING-SYSTEMS.\" \/>\n<meta name=\"robots\" content=\"index, follow, max-snippet:-1, max-image-preview:large, max-video-preview:-1\" \/>\n<link rel=\"canonical\" href=\"https:\/\/schlammtrocknung.com\/en\/services\/sewage-sludge-drying\/\" \/>\n<meta property=\"og:locale\" content=\"en_US\" \/>\n<meta property=\"og:type\" content=\"article\" \/>\n<meta property=\"og:title\" content=\"Sewage sludge drying | Michel sludge drying\" \/>\n<meta property=\"og:description\" content=\"Optimize your waste recycling with advanced sewage sludge drying from michel SLUDGE-DRYING-SYSTEMS.\" \/>\n<meta property=\"og:url\" content=\"https:\/\/schlammtrocknung.com\/en\/services\/sewage-sludge-drying\/\" \/>\n<meta property=\"og:site_name\" content=\"Schlammtrocknung \u2013 michel SLUDGE DRYING SYSTEM\" \/>\n<meta property=\"article:modified_time\" content=\"2025-05-09T08:45:58+00:00\" \/>\n<meta name=\"twitter:card\" content=\"summary_large_image\" \/>\n<meta name=\"twitter:label1\" content=\"Est. reading time\" \/>\n\t<meta name=\"twitter:data1\" content=\"5 minutes\" \/>\n<script type=\"application\/ld+json\" class=\"yoast-schema-graph\">{\"@context\":\"https:\\\/\\\/schema.org\",\"@graph\":[{\"@type\":\"WebPage\",\"@id\":\"https:\\\/\\\/schlammtrocknung.com\\\/en\\\/services\\\/sewage-sludge-drying\\\/\",\"url\":\"https:\\\/\\\/schlammtrocknung.com\\\/en\\\/services\\\/sewage-sludge-drying\\\/\",\"name\":\"Sewage sludge drying | Michel sludge drying\",\"isPartOf\":{\"@id\":\"https:\\\/\\\/schlammtrocknung.com\\\/#website\"},\"datePublished\":\"2024-09-04T10:00:35+00:00\",\"dateModified\":\"2025-05-09T08:45:58+00:00\",\"description\":\"Optimize your waste recycling with advanced sewage sludge drying from michel SLUDGE-DRYING-SYSTEMS.\",\"breadcrumb\":{\"@id\":\"https:\\\/\\\/schlammtrocknung.com\\\/en\\\/services\\\/sewage-sludge-drying\\\/#breadcrumb\"},\"inLanguage\":\"en-US\",\"potentialAction\":[{\"@type\":\"ReadAction\",\"target\":[\"https:\\\/\\\/schlammtrocknung.com\\\/en\\\/services\\\/sewage-sludge-drying\\\/\"]}]},{\"@type\":\"BreadcrumbList\",\"@id\":\"https:\\\/\\\/schlammtrocknung.com\\\/en\\\/services\\\/sewage-sludge-drying\\\/#breadcrumb\",\"itemListElement\":[{\"@type\":\"ListItem\",\"position\":1,\"name\":\"Startseite\",\"item\":\"https:\\\/\\\/schlammtrocknung.com\\\/en\\\/home-page-2\\\/\"},{\"@type\":\"ListItem\",\"position\":2,\"name\":\"Services\",\"item\":\"https:\\\/\\\/schlammtrocknung.com\\\/en\\\/services\\\/\"},{\"@type\":\"ListItem\",\"position\":3,\"name\":\"Sewage sludge drying\"}]},{\"@type\":\"WebSite\",\"@id\":\"https:\\\/\\\/schlammtrocknung.com\\\/#website\",\"url\":\"https:\\\/\\\/schlammtrocknung.com\\\/\",\"name\":\"Schlammtrocknung | SDS - Schlammtrocknung\",\"description\":\"Schlamm- L\u00f6sungen f\u00fcr Kl\u00e4rwerke, Industrie und Umwelt\",\"publisher\":{\"@id\":\"https:\\\/\\\/schlammtrocknung.com\\\/#organization\"},\"potentialAction\":[{\"@type\":\"SearchAction\",\"target\":{\"@type\":\"EntryPoint\",\"urlTemplate\":\"https:\\\/\\\/schlammtrocknung.com\\\/?s={search_term_string}\"},\"query-input\":{\"@type\":\"PropertyValueSpecification\",\"valueRequired\":true,\"valueName\":\"search_term_string\"}}],\"inLanguage\":\"en-US\"},{\"@type\":\"Organization\",\"@id\":\"https:\\\/\\\/schlammtrocknung.com\\\/#organization\",\"name\":\"Schlammtrocknung | SDS - Schlammtrocknung\",\"url\":\"https:\\\/\\\/schlammtrocknung.com\\\/\",\"logo\":{\"@type\":\"ImageObject\",\"inLanguage\":\"en-US\",\"@id\":\"https:\\\/\\\/schlammtrocknung.com\\\/#\\\/schema\\\/logo\\\/image\\\/\",\"url\":\"https:\\\/\\\/schlammtrocknung.com\\\/wp-content\\\/uploads\\\/2023\\\/02\\\/logo_sds-1.png\",\"contentUrl\":\"https:\\\/\\\/schlammtrocknung.com\\\/wp-content\\\/uploads\\\/2023\\\/02\\\/logo_sds-1.png\",\"width\":697,\"height\":187,\"caption\":\"Schlammtrocknung | SDS - Schlammtrocknung\"},\"image\":{\"@id\":\"https:\\\/\\\/schlammtrocknung.com\\\/#\\\/schema\\\/logo\\\/image\\\/\"}}]}<\/script>\n<!-- \/ Yoast SEO plugin. -->","yoast_head_json":{"title":"Sewage sludge drying | Michel sludge drying","description":"Optimize your waste recycling with advanced sewage sludge drying from michel SLUDGE-DRYING-SYSTEMS.","robots":{"index":"index","follow":"follow","max-snippet":"max-snippet:-1","max-image-preview":"max-image-preview:large","max-video-preview":"max-video-preview:-1"},"canonical":"https:\/\/schlammtrocknung.com\/en\/services\/sewage-sludge-drying\/","og_locale":"en_US","og_type":"article","og_title":"Sewage sludge drying | Michel sludge drying","og_description":"Optimize your waste recycling with advanced sewage sludge drying from michel SLUDGE-DRYING-SYSTEMS.","og_url":"https:\/\/schlammtrocknung.com\/en\/services\/sewage-sludge-drying\/","og_site_name":"Schlammtrocknung \u2013 michel SLUDGE DRYING SYSTEM","article_modified_time":"2025-05-09T08:45:58+00:00","twitter_card":"summary_large_image","twitter_misc":{"Est. reading time":"5 minutes"},"schema":{"@context":"https:\/\/schema.org","@graph":[{"@type":"WebPage","@id":"https:\/\/schlammtrocknung.com\/en\/services\/sewage-sludge-drying\/","url":"https:\/\/schlammtrocknung.com\/en\/services\/sewage-sludge-drying\/","name":"Sewage sludge drying | Michel sludge drying","isPartOf":{"@id":"https:\/\/schlammtrocknung.com\/#website"},"datePublished":"2024-09-04T10:00:35+00:00","dateModified":"2025-05-09T08:45:58+00:00","description":"Optimize your waste recycling with advanced sewage sludge drying from michel SLUDGE-DRYING-SYSTEMS.","breadcrumb":{"@id":"https:\/\/schlammtrocknung.com\/en\/services\/sewage-sludge-drying\/#breadcrumb"},"inLanguage":"en-US","potentialAction":[{"@type":"ReadAction","target":["https:\/\/schlammtrocknung.com\/en\/services\/sewage-sludge-drying\/"]}]},{"@type":"BreadcrumbList","@id":"https:\/\/schlammtrocknung.com\/en\/services\/sewage-sludge-drying\/#breadcrumb","itemListElement":[{"@type":"ListItem","position":1,"name":"Startseite","item":"https:\/\/schlammtrocknung.com\/en\/home-page-2\/"},{"@type":"ListItem","position":2,"name":"Services","item":"https:\/\/schlammtrocknung.com\/en\/services\/"},{"@type":"ListItem","position":3,"name":"Sewage sludge drying"}]},{"@type":"WebSite","@id":"https:\/\/schlammtrocknung.com\/#website","url":"https:\/\/schlammtrocknung.com\/","name":"Schlammtrocknung | SDS - Schlammtrocknung","description":"Schlamm- L\u00f6sungen f\u00fcr Kl\u00e4rwerke, Industrie und Umwelt","publisher":{"@id":"https:\/\/schlammtrocknung.com\/#organization"},"potentialAction":[{"@type":"SearchAction","target":{"@type":"EntryPoint","urlTemplate":"https:\/\/schlammtrocknung.com\/?s={search_term_string}"},"query-input":{"@type":"PropertyValueSpecification","valueRequired":true,"valueName":"search_term_string"}}],"inLanguage":"en-US"},{"@type":"Organization","@id":"https:\/\/schlammtrocknung.com\/#organization","name":"Schlammtrocknung | SDS - Schlammtrocknung","url":"https:\/\/schlammtrocknung.com\/","logo":{"@type":"ImageObject","inLanguage":"en-US","@id":"https:\/\/schlammtrocknung.com\/#\/schema\/logo\/image\/","url":"https:\/\/schlammtrocknung.com\/wp-content\/uploads\/2023\/02\/logo_sds-1.png","contentUrl":"https:\/\/schlammtrocknung.com\/wp-content\/uploads\/2023\/02\/logo_sds-1.png","width":697,"height":187,"caption":"Schlammtrocknung | SDS - Schlammtrocknung"},"image":{"@id":"https:\/\/schlammtrocknung.com\/#\/schema\/logo\/image\/"}}]}},"_links":{"self":[{"href":"https:\/\/schlammtrocknung.com\/en\/wp-json\/wp\/v2\/pages\/2353","targetHints":{"allow":["GET"]}}],"collection":[{"href":"https:\/\/schlammtrocknung.com\/en\/wp-json\/wp\/v2\/pages"}],"about":[{"href":"https:\/\/schlammtrocknung.com\/en\/wp-json\/wp\/v2\/types\/page"}],"author":[{"embeddable":true,"href":"https:\/\/schlammtrocknung.com\/en\/wp-json\/wp\/v2\/users\/1"}],"replies":[{"embeddable":true,"href":"https:\/\/schlammtrocknung.com\/en\/wp-json\/wp\/v2\/comments?post=2353"}],"version-history":[{"count":2,"href":"https:\/\/schlammtrocknung.com\/en\/wp-json\/wp\/v2\/pages\/2353\/revisions"}],"predecessor-version":[{"id":2356,"href":"https:\/\/schlammtrocknung.com\/en\/wp-json\/wp\/v2\/pages\/2353\/revisions\/2356"}],"up":[{"embeddable":true,"href":"https:\/\/schlammtrocknung.com\/en\/wp-json\/wp\/v2\/pages\/1787"}],"wp:attachment":[{"href":"https:\/\/schlammtrocknung.com\/en\/wp-json\/wp\/v2\/media?parent=2353"}],"curies":[{"name":"wp","href":"https:\/\/api.w.org\/{rel}","templated":true}]}}