{"id":2434,"date":"2024-08-14T10:42:06","date_gmt":"2024-08-14T08:42:06","guid":{"rendered":"https:\/\/schlammtrocknung.com\/sludge-disposal\/"},"modified":"2025-05-09T10:46:28","modified_gmt":"2025-05-09T08:46:28","slug":"sludge-disposal","status":"publish","type":"page","link":"https:\/\/schlammtrocknung.com\/en\/sludge-disposal\/","title":{"rendered":"Sludge disposal"},"content":{"rendered":"<div class=\"wpb-content-wrapper\"><p>[vc_row][vc_column][vc_custom_heading text=&#8221;Advanced sludge disposal<br \/>\n&#8211; directly on site&#8221; font_container=&#8221;tag:h1|text_align:center|color:%23728d2a&#8221; use_theme_fonts=&#8221;yes&#8221;][vc_column_text]<\/p>\n<p style=\"text-align: center;\"><span style=\"font-weight: 400;\">Advanced <\/span><b>Sludge disposal directly on site<\/b><span style=\"font-weight: 400;\">with state-of-the-art equipment and without costly water transportation &#8211; this is what <\/span><b>michel SLUDGE-DRYING-SYSTEMS<\/b><span style=\"font-weight: 400;\">. Our expertise makes it possible to utilize sludge efficiently and thus achieve a  <\/span><b>environmentally friendly future<\/b><span style=\"font-weight: 400;\"> without wasting valuable raw materials.<\/span><\/p>\n<p style=\"text-align: center;\"><a href=\"https:\/\/schlammtrocknung.com\/en\/contact-us\/\">Discover solutions now!<\/a><\/p>\n<p>[\/vc_column_text][vc_empty_space height=&#8221;150px&#8221;][\/vc_column][\/vc_row][vc_row][vc_column width=&#8221;1\/2&#8243;][vc_custom_heading text=&#8221;Responsible disposal of sludge &#8211; essential for the environment and health&#8221; font_container=&#8221;tag:h2|text_align:left|color:%23728d2a&#8221; use_theme_fonts=&#8221;yes&#8221;][vc_column_text]<i><span style=\"font-weight: 400;\">What is sludge disposal?<\/span><\/i><\/p>\n<p><i><span style=\"font-weight: 400;\">Sludge disposal refers to the treatment and disposal of sludge that is a by-product of industrial processes, wastewater treatment and agricultural operations. This procedure is crucial for environmental health, as untreated sludge can contain pollutants such as heavy metals and organic compounds. <\/span><\/i>[\/vc_column_text][\/vc_column][vc_column width=&#8221;1\/2&#8243; css=&#8221;.vc_custom_1740486470044{border-radius: 2px !important;}&#8221;][vc_single_image image=&#8221;1201&#8243; img_size=&#8221;full&#8221;][\/vc_column][\/vc_row][vc_row][vc_column][vc_column_text]<\/p>\n<p style=\"text-align: center;\"><span style=\"font-weight: 400;\">The effective <\/span><b>sludge disposal<\/b><span style=\"font-weight: 400;\"> prevents the contamination of water bodies, protects the <\/span><b>soil quality<\/b><span style=\"font-weight: 400;\"> and promotes the recovery of valuable <\/span><b>resources<\/b><span style=\"font-weight: 400;\">. In wastewater treatment, industrial waste processing and fertilizer production, advanced disposal is essential in order to minimize environmental and health risks &#8211; and at the same time to protect all the resources available.  <\/span><b>legal guidelines<\/b><span style=\"font-weight: 400;\"> to fulfill.<\/span><\/p>\n<p>[\/vc_column_text][vc_empty_space height=&#8221;150px&#8221;][vc_custom_heading text=&#8221;Locally feasible and economical &#8211; our sludge disposal&#8221; font_container=&#8221;tag:h2|text_align:center|color:%23728d2a&#8221; use_theme_fonts=&#8221;yes&#8221;][vc_column_text]<\/p>\n<p style=\"text-align: center;\"><span style=\"font-weight: 400;\">Why is <\/span><b>michel SLUDGE-DRYING-SYSTEMS<\/b><span style=\"font-weight: 400;\">  the ideal partner for sludge disposal? It&#8217;s simple: the systems work with a combination of contact and convection drying and are perfect for a wide range of applications.   <\/span><\/p>\n<p style=\"text-align: center;\"><span style=\"font-weight: 400;\">Our patented drying systems are not only technologically advanced, but also versatile and can be used for a wide variety of sludges, from <a href=\"https:\/\/schlammtrocknung.com\/en\/services\/sewage-sludge-drying\/\">sewage sludge<\/a> to <a href=\"https:\/\/schlammtrocknung.com\/en\/services\/biosludge-drying\/\">biosludge<\/a> and <a href=\"https:\/\/schlammtrocknung.com\/en\/services\/metal-sludge-drying\/\">metal sludge<\/a>. Thanks to our modular design, we always find the right solution for your sludge disposal. <\/span><\/p>\n<p>[\/vc_column_text][vc_custom_heading text=&#8221;See all the advantages of sludge disposal with our patented drying systems at a glance:&#8221; font_container=&#8221;tag:h3|text_align:center|color:%23728d2a&#8221; use_theme_fonts=&#8221;yes&#8221;][\/vc_column][\/vc_row][vc_row][vc_column width=&#8221;1\/2&#8243;][vc_empty_space][vc_single_image image=&#8221;279&#8243; img_size=&#8221;large&#8221;][\/vc_column][vc_column width=&#8221;1\/2&#8243;][vc_column_text]<\/p>\n<ul>\n<li><b>Can be implemented locally:<\/b><span style=\"font-weight: 400;\"> Our technology works directly on site, where the sludge is produced<\/span><\/li>\n<li style=\"font-weight: 400;\" aria-level=\"1\"><b>Environmentally friendly:<\/b><span style=\"font-weight: 400;\"> No emissions, no waste water problems and a significant CO\u2082 reduction<\/span><\/li>\n<li style=\"font-weight: 400;\" aria-level=\"1\"><b>Efficient and economical:<\/b><span style=\"font-weight: 400;\"> Reduced energy requirement thanks to low-temperature drying and no need for expensive additional equipment<\/span><\/li>\n<li style=\"font-weight: 400;\" aria-level=\"1\"><b>Low operating costs:<\/b><span style=\"font-weight: 400;\"> Through efficient use of heat and electricity.<\/span><\/li>\n<li style=\"font-weight: 400;\" aria-level=\"1\"><b>Gentle processing:<\/b><span style=\"font-weight: 400;\"> Prevents gluing and minimizes emissions and dust formation<\/span><\/li>\n<li style=\"font-weight: 400;\" aria-level=\"1\"><b>No roofing required:<\/b><span style=\"font-weight: 400;\"> Save costs and space as no roofing is required<\/span><\/li>\n<li style=\"font-weight: 400;\" aria-level=\"1\"><b>Versatility:<\/b><span style=\"font-weight: 400;\"> Suitable for various types of sludge<\/span><\/li>\n<li style=\"font-weight: 400;\" aria-level=\"1\"><b>Positive eco-balance:<\/b><span style=\"font-weight: 400;\"> Contribution to CO\u2082 savings and promotion of sustainable practices<\/span><\/li>\n<\/ul>\n<p>[\/vc_column_text][\/vc_column][\/vc_row][vc_row][vc_column][vc_column_text]<\/p>\n<p style=\"text-align: left;\"><span style=\"font-weight: 400;\"><i>Expert tip:<\/i><\/span><\/p>\n<p style=\"text-align: left;\"><span style=\"font-weight: 400;\">Good to know: We not only offer first-class technology and <\/span>systems in three different sizes<span style=\"font-weight: 400;\">, but also <\/span><b>flexible financing options<\/b><span style=\"font-weight: 400;\"> that allow you to get started without a high initial investment.<\/span><\/p>\n<p>[\/vc_column_text][vc_empty_space height=&#8221;100px&#8221;][\/vc_column][\/vc_row][vc_row][vc_column][vc_custom_heading text=&#8221;Recycling instead of disposal &#8211; potential of processed sludge&#8221; font_container=&#8221;tag:h2|text_align:left|color:%23728d2a&#8221; use_theme_fonts=&#8221;yes&#8221;][vc_column_text]<span style=\"font-weight: 400;\">Even if sludge is initially considered a waste product, it can also become a valuable material with numerous potentials. The key to this is professional   <\/span><b>Sludge drying<\/b><span style=\"font-weight: 400;\">  with subsequent processing. The potential goes as far as   <\/span><a href=\"https:\/\/schlammtrocknung.com\/news\/phosphor-recycling\/\"><span style=\"font-weight: 400;\">Recovery of phosphorus<\/span><\/a><span style=\"font-weight: 400;\">a valuable plant nutrient.<\/span><\/p>\n<p><span style=\"font-weight: 400;\">Processed sludge, especially sewage sludge from wastewater treatment plants, is rich in organic materials and nutrients such as nitrogen and phosphorus. <\/span><a href=\"https:\/\/schlammtrocknung.com\/news\/phosphor-recycling\/\"><span style=\"font-weight: 400;\">phosphorus<\/span><\/a><span style=\"font-weight: 400;\">which are used in <\/span><b>agriculture<\/b><span style=\"font-weight: 400;\">  can be used as fertilizer. This use not only supports the   <\/span><b>circular economy<\/b><span style=\"font-weight: 400;\">but also reduces the need for artificial fertilizers, which are often energy-intensive to produce and carry the risk of environmental pollution.<\/span><\/p>\n<p><span style=\"font-weight: 400;\">Dried sewage sludge can also be used in <\/span><b>energy production<\/b><span style=\"font-weight: 400;\"> as <\/span><b>biomass fuel<\/b><span style=\"font-weight: 400;\">  a renewable alternative to fossil fuels. In the   <\/span><b>Construction industry<\/b><span style=\"font-weight: 400;\"> processed sludge is used as an aggregate, for example in the production of building materials such as bricks or paving stones, which helps to reduce waste and lower production costs.<\/span><\/p>\n<p><i><span style=\"font-weight: 400;\">Note:<\/span><\/i><i><span style=\"font-weight: 400;\"><br \/>\n<\/span><\/i><i><span style=\"font-weight: 400;\">The recycling of treated sludge represents a sustainable alternative to conventional disposal and offers numerous ecological and economic advantages. It reduces the pressure on natural resources and offers economic benefits at the same time. <\/span><\/i>[\/vc_column_text][vc_empty_space height=&#8221;100px&#8221;][vc_custom_heading text=&#8221;Discover our leading solutions for sludge disposal&#8221; font_container=&#8221;tag:h2|text_align:left|color:%23728d2a&#8221; use_theme_fonts=&#8221;yes&#8221;][vc_column_text]<span style=\"font-weight: 400;\">operation &#8211; set with <\/span><b>michel SLUDGE-DRYING-SYSTEMS<\/b><span style=\"font-weight: 400;\">  to a sustainable future. We are ready to walk this path together with you. <\/span><\/p>\n<p style=\"text-align: center;\"><a href=\"https:\/\/schlammtrocknung.com\/en\/contact-us\/\">Contact us!<\/a><\/p>\n<p>[\/vc_column_text][\/vc_column][\/vc_row][vc_row][vc_column][vc_column_text]<\/p>\n<h2>FAQ &#8211; frequently asked questions about sludge disposal<\/h2>\n<p>[\/vc_column_text][vc_toggle title=&#8221;What is sludge disposal?&#8221;]<span style=\"font-weight: 400;\">Sludge disposal, also known as sludge drying, is a process in which water is removed from sludge to reduce its volume and facilitate disposal or recycling. This increases the efficiency of sludge disposal and reduces transportation and treatment costs. <\/span>[\/vc_toggle][vc_toggle title=&#8221;Is sludge disposal environmentally friendly?&#8221;]<span style=\"font-weight: 400;\">Modern sludge disposal technologies are designed to be environmentally friendly. They reduce emissions, prevent groundwater pollution and enable the recovery of resources, such as the use of dried sludge as fuel or fertilizer. <\/span>[\/vc_toggle][vc_toggle title=&#8221;What technologies are used in sludge disposal?&#8221;]<span style=\"font-weight: 400;\">Various technologies are used to dispose of sludge, including centrifuging, filter presses, thermal treatment and biological processes. These methods aim to stabilize, dry and prepare the sludge for safe final disposal or reuse. <\/span>[\/vc_toggle][vc_empty_space height=&#8221;100px&#8221;][\/vc_column][\/vc_row]<\/p>\n<\/div>","protected":false},"excerpt":{"rendered":"<p>[vc_row][vc_column][vc_custom_heading text=&#8221;Advanced sludge disposal &#8211; directly on site&#8221; font_container=&#8221;tag:h1|text_align:center|color:%23728d2a&#8221; use_theme_fonts=&#8221;yes&#8221;][vc_column_text] Advanced Sludge disposal directly on sitewith state-of-the-art equipment and without costly water transportation &#8211; this is what michel SLUDGE-DRYING-SYSTEMS. Our expertise makes it possible to utilize sludge efficiently and thus achieve a environmentally friendly future without wasting valuable raw materials. Discover solutions now! [\/vc_column_text][vc_empty_space height=&#8221;150px&#8221;][\/vc_column][\/vc_row][vc_row][vc_column&hellip;<\/p>\n","protected":false},"author":1,"featured_media":1375,"parent":0,"menu_order":0,"comment_status":"closed","ping_status":"closed","template":"","meta":{"footnotes":""},"class_list":["post-2434","page","type-page","status-publish","has-post-thumbnail","hentry","description-off"],"yoast_head":"<!-- This site is optimized with the Yoast SEO plugin v27.3 - https:\/\/yoast.com\/product\/yoast-seo-wordpress\/ -->\n<title>Sludge disposal | michel SLUDGE-DRYING-SYSTEMS<\/title>\n<meta name=\"description\" content=\"Discover the advanced technologies from michel SLUDGE-DRYING-SYSTEMS for environmentally friendly sludge disposal directly on site!\" \/>\n<meta name=\"robots\" content=\"index, follow, max-snippet:-1, max-image-preview:large, max-video-preview:-1\" \/>\n<link rel=\"canonical\" href=\"https:\/\/schlammtrocknung.com\/en\/sludge-disposal\/\" \/>\n<meta property=\"og:locale\" content=\"en_US\" \/>\n<meta property=\"og:type\" content=\"article\" \/>\n<meta property=\"og:title\" content=\"Sludge disposal | michel SLUDGE-DRYING-SYSTEMS\" \/>\n<meta property=\"og:description\" content=\"Discover the advanced technologies from michel SLUDGE-DRYING-SYSTEMS for environmentally friendly sludge disposal directly on site!\" \/>\n<meta property=\"og:url\" content=\"https:\/\/schlammtrocknung.com\/en\/sludge-disposal\/\" \/>\n<meta property=\"og:site_name\" content=\"Schlammtrocknung \u2013 michel SLUDGE DRYING SYSTEM\" \/>\n<meta property=\"article:modified_time\" content=\"2025-05-09T08:46:28+00:00\" \/>\n<meta property=\"og:image\" content=\"https:\/\/schlammtrocknung.com\/wp-content\/uploads\/2023\/05\/DSC_3747-scaled.jpg\" \/>\n\t<meta property=\"og:image:width\" content=\"2560\" \/>\n\t<meta property=\"og:image:height\" content=\"1436\" \/>\n\t<meta property=\"og:image:type\" content=\"image\/jpeg\" \/>\n<meta name=\"twitter:card\" content=\"summary_large_image\" \/>\n<meta name=\"twitter:label1\" content=\"Est. reading time\" \/>\n\t<meta name=\"twitter:data1\" content=\"5 minutes\" \/>\n<script type=\"application\/ld+json\" class=\"yoast-schema-graph\">{\"@context\":\"https:\\\/\\\/schema.org\",\"@graph\":[{\"@type\":\"WebPage\",\"@id\":\"https:\\\/\\\/schlammtrocknung.com\\\/en\\\/sludge-disposal\\\/\",\"url\":\"https:\\\/\\\/schlammtrocknung.com\\\/en\\\/sludge-disposal\\\/\",\"name\":\"Sludge disposal | michel SLUDGE-DRYING-SYSTEMS\",\"isPartOf\":{\"@id\":\"https:\\\/\\\/schlammtrocknung.com\\\/#website\"},\"primaryImageOfPage\":{\"@id\":\"https:\\\/\\\/schlammtrocknung.com\\\/en\\\/sludge-disposal\\\/#primaryimage\"},\"image\":{\"@id\":\"https:\\\/\\\/schlammtrocknung.com\\\/en\\\/sludge-disposal\\\/#primaryimage\"},\"thumbnailUrl\":\"https:\\\/\\\/schlammtrocknung.com\\\/wp-content\\\/uploads\\\/2023\\\/05\\\/DSC_3747-scaled.jpg\",\"datePublished\":\"2024-08-14T08:42:06+00:00\",\"dateModified\":\"2025-05-09T08:46:28+00:00\",\"description\":\"Discover the advanced technologies from michel SLUDGE-DRYING-SYSTEMS for environmentally friendly sludge disposal directly on site!\",\"breadcrumb\":{\"@id\":\"https:\\\/\\\/schlammtrocknung.com\\\/en\\\/sludge-disposal\\\/#breadcrumb\"},\"inLanguage\":\"en-US\",\"potentialAction\":[{\"@type\":\"ReadAction\",\"target\":[\"https:\\\/\\\/schlammtrocknung.com\\\/en\\\/sludge-disposal\\\/\"]}]},{\"@type\":\"ImageObject\",\"inLanguage\":\"en-US\",\"@id\":\"https:\\\/\\\/schlammtrocknung.com\\\/en\\\/sludge-disposal\\\/#primaryimage\",\"url\":\"https:\\\/\\\/schlammtrocknung.com\\\/wp-content\\\/uploads\\\/2023\\\/05\\\/DSC_3747-scaled.jpg\",\"contentUrl\":\"https:\\\/\\\/schlammtrocknung.com\\\/wp-content\\\/uploads\\\/2023\\\/05\\\/DSC_3747-scaled.jpg\",\"width\":2560,\"height\":1436},{\"@type\":\"BreadcrumbList\",\"@id\":\"https:\\\/\\\/schlammtrocknung.com\\\/en\\\/sludge-disposal\\\/#breadcrumb\",\"itemListElement\":[{\"@type\":\"ListItem\",\"position\":1,\"name\":\"Startseite\",\"item\":\"https:\\\/\\\/schlammtrocknung.com\\\/en\\\/home-page-2\\\/\"},{\"@type\":\"ListItem\",\"position\":2,\"name\":\"Sludge disposal\"}]},{\"@type\":\"WebSite\",\"@id\":\"https:\\\/\\\/schlammtrocknung.com\\\/#website\",\"url\":\"https:\\\/\\\/schlammtrocknung.com\\\/\",\"name\":\"Schlammtrocknung | SDS - Schlammtrocknung\",\"description\":\"Schlamm- L\u00f6sungen f\u00fcr Kl\u00e4rwerke, Industrie und Umwelt\",\"publisher\":{\"@id\":\"https:\\\/\\\/schlammtrocknung.com\\\/#organization\"},\"potentialAction\":[{\"@type\":\"SearchAction\",\"target\":{\"@type\":\"EntryPoint\",\"urlTemplate\":\"https:\\\/\\\/schlammtrocknung.com\\\/?s={search_term_string}\"},\"query-input\":{\"@type\":\"PropertyValueSpecification\",\"valueRequired\":true,\"valueName\":\"search_term_string\"}}],\"inLanguage\":\"en-US\"},{\"@type\":\"Organization\",\"@id\":\"https:\\\/\\\/schlammtrocknung.com\\\/#organization\",\"name\":\"Schlammtrocknung | SDS - Schlammtrocknung\",\"url\":\"https:\\\/\\\/schlammtrocknung.com\\\/\",\"logo\":{\"@type\":\"ImageObject\",\"inLanguage\":\"en-US\",\"@id\":\"https:\\\/\\\/schlammtrocknung.com\\\/#\\\/schema\\\/logo\\\/image\\\/\",\"url\":\"https:\\\/\\\/schlammtrocknung.com\\\/wp-content\\\/uploads\\\/2023\\\/02\\\/logo_sds-1.png\",\"contentUrl\":\"https:\\\/\\\/schlammtrocknung.com\\\/wp-content\\\/uploads\\\/2023\\\/02\\\/logo_sds-1.png\",\"width\":697,\"height\":187,\"caption\":\"Schlammtrocknung | SDS - Schlammtrocknung\"},\"image\":{\"@id\":\"https:\\\/\\\/schlammtrocknung.com\\\/#\\\/schema\\\/logo\\\/image\\\/\"}}]}<\/script>\n<!-- \/ Yoast SEO plugin. -->","yoast_head_json":{"title":"Sludge disposal | michel SLUDGE-DRYING-SYSTEMS","description":"Discover the advanced technologies from michel SLUDGE-DRYING-SYSTEMS for environmentally friendly sludge disposal directly on site!","robots":{"index":"index","follow":"follow","max-snippet":"max-snippet:-1","max-image-preview":"max-image-preview:large","max-video-preview":"max-video-preview:-1"},"canonical":"https:\/\/schlammtrocknung.com\/en\/sludge-disposal\/","og_locale":"en_US","og_type":"article","og_title":"Sludge disposal | michel SLUDGE-DRYING-SYSTEMS","og_description":"Discover the advanced technologies from michel SLUDGE-DRYING-SYSTEMS for environmentally friendly sludge disposal directly on site!","og_url":"https:\/\/schlammtrocknung.com\/en\/sludge-disposal\/","og_site_name":"Schlammtrocknung \u2013 michel SLUDGE DRYING SYSTEM","article_modified_time":"2025-05-09T08:46:28+00:00","og_image":[{"width":2560,"height":1436,"url":"https:\/\/schlammtrocknung.com\/wp-content\/uploads\/2023\/05\/DSC_3747-scaled.jpg","type":"image\/jpeg"}],"twitter_card":"summary_large_image","twitter_misc":{"Est. reading time":"5 minutes"},"schema":{"@context":"https:\/\/schema.org","@graph":[{"@type":"WebPage","@id":"https:\/\/schlammtrocknung.com\/en\/sludge-disposal\/","url":"https:\/\/schlammtrocknung.com\/en\/sludge-disposal\/","name":"Sludge disposal | michel SLUDGE-DRYING-SYSTEMS","isPartOf":{"@id":"https:\/\/schlammtrocknung.com\/#website"},"primaryImageOfPage":{"@id":"https:\/\/schlammtrocknung.com\/en\/sludge-disposal\/#primaryimage"},"image":{"@id":"https:\/\/schlammtrocknung.com\/en\/sludge-disposal\/#primaryimage"},"thumbnailUrl":"https:\/\/schlammtrocknung.com\/wp-content\/uploads\/2023\/05\/DSC_3747-scaled.jpg","datePublished":"2024-08-14T08:42:06+00:00","dateModified":"2025-05-09T08:46:28+00:00","description":"Discover the advanced technologies from michel SLUDGE-DRYING-SYSTEMS for environmentally friendly sludge disposal directly on site!","breadcrumb":{"@id":"https:\/\/schlammtrocknung.com\/en\/sludge-disposal\/#breadcrumb"},"inLanguage":"en-US","potentialAction":[{"@type":"ReadAction","target":["https:\/\/schlammtrocknung.com\/en\/sludge-disposal\/"]}]},{"@type":"ImageObject","inLanguage":"en-US","@id":"https:\/\/schlammtrocknung.com\/en\/sludge-disposal\/#primaryimage","url":"https:\/\/schlammtrocknung.com\/wp-content\/uploads\/2023\/05\/DSC_3747-scaled.jpg","contentUrl":"https:\/\/schlammtrocknung.com\/wp-content\/uploads\/2023\/05\/DSC_3747-scaled.jpg","width":2560,"height":1436},{"@type":"BreadcrumbList","@id":"https:\/\/schlammtrocknung.com\/en\/sludge-disposal\/#breadcrumb","itemListElement":[{"@type":"ListItem","position":1,"name":"Startseite","item":"https:\/\/schlammtrocknung.com\/en\/home-page-2\/"},{"@type":"ListItem","position":2,"name":"Sludge disposal"}]},{"@type":"WebSite","@id":"https:\/\/schlammtrocknung.com\/#website","url":"https:\/\/schlammtrocknung.com\/","name":"Schlammtrocknung | SDS - Schlammtrocknung","description":"Schlamm- L\u00f6sungen f\u00fcr Kl\u00e4rwerke, Industrie und Umwelt","publisher":{"@id":"https:\/\/schlammtrocknung.com\/#organization"},"potentialAction":[{"@type":"SearchAction","target":{"@type":"EntryPoint","urlTemplate":"https:\/\/schlammtrocknung.com\/?s={search_term_string}"},"query-input":{"@type":"PropertyValueSpecification","valueRequired":true,"valueName":"search_term_string"}}],"inLanguage":"en-US"},{"@type":"Organization","@id":"https:\/\/schlammtrocknung.com\/#organization","name":"Schlammtrocknung | SDS - Schlammtrocknung","url":"https:\/\/schlammtrocknung.com\/","logo":{"@type":"ImageObject","inLanguage":"en-US","@id":"https:\/\/schlammtrocknung.com\/#\/schema\/logo\/image\/","url":"https:\/\/schlammtrocknung.com\/wp-content\/uploads\/2023\/02\/logo_sds-1.png","contentUrl":"https:\/\/schlammtrocknung.com\/wp-content\/uploads\/2023\/02\/logo_sds-1.png","width":697,"height":187,"caption":"Schlammtrocknung | SDS - Schlammtrocknung"},"image":{"@id":"https:\/\/schlammtrocknung.com\/#\/schema\/logo\/image\/"}}]}},"_links":{"self":[{"href":"https:\/\/schlammtrocknung.com\/en\/wp-json\/wp\/v2\/pages\/2434","targetHints":{"allow":["GET"]}}],"collection":[{"href":"https:\/\/schlammtrocknung.com\/en\/wp-json\/wp\/v2\/pages"}],"about":[{"href":"https:\/\/schlammtrocknung.com\/en\/wp-json\/wp\/v2\/types\/page"}],"author":[{"embeddable":true,"href":"https:\/\/schlammtrocknung.com\/en\/wp-json\/wp\/v2\/users\/1"}],"replies":[{"embeddable":true,"href":"https:\/\/schlammtrocknung.com\/en\/wp-json\/wp\/v2\/comments?post=2434"}],"version-history":[{"count":2,"href":"https:\/\/schlammtrocknung.com\/en\/wp-json\/wp\/v2\/pages\/2434\/revisions"}],"predecessor-version":[{"id":2437,"href":"https:\/\/schlammtrocknung.com\/en\/wp-json\/wp\/v2\/pages\/2434\/revisions\/2437"}],"wp:featuredmedia":[{"embeddable":true,"href":"https:\/\/schlammtrocknung.com\/en\/wp-json\/wp\/v2\/media\/1375"}],"wp:attachment":[{"href":"https:\/\/schlammtrocknung.com\/en\/wp-json\/wp\/v2\/media?parent=2434"}],"curies":[{"name":"wp","href":"https:\/\/api.w.org\/{rel}","templated":true}]}}