{"id":1772,"date":"2023-02-02T18:31:25","date_gmt":"2023-02-02T17:31:25","guid":{"rendered":"https:\/\/schlammtrocknung.com\/equipo\/"},"modified":"2025-04-02T11:34:16","modified_gmt":"2025-04-02T09:34:16","slug":"equipo","status":"publish","type":"page","link":"https:\/\/schlammtrocknung.com\/es\/equipo\/","title":{"rendered":"Equipo"},"content":{"rendered":"<div class=\"wpb-content-wrapper\"><p>[vc_row full_width=\u00bbstretch_row\u00bb css=\u00bb.vc_custom_1675707362788{margin-right: 100px !important;margin-left: 100px !important;}\u00bb][vc_column offset=\u00bbvc_hidden-sm vc_hidden-xs\u00bb][vc_custom_heading text=\u00bbEl fuerte equipo&#8230;\u00bb font_container=\u00bbtag:h2|text_align:left|color:%23728d2a\u00bb use_theme_fonts=\u00bbyes\u00bb][vc_column_text]&#8230;est\u00e1 formada por michel gmbh y Sludge Drying Systems. Juntas combinan a\u00f1os de experiencia y conocimientos en sus respectivos campos para ofrecer un servicio excepcional a sus clientes. michel gmbh aporta su experiencia en ventas y marketing, mientras que Sludge Drying Systems est\u00e1 especializada en alternativas modernas, rentables y respetuosas con el medio ambiente para la eliminaci\u00f3n de lodos. Trabajando juntos, el equipo ofrece a sus clientes soluciones personalizadas que se adaptan perfectamente a sus necesidades. El s\u00f3lido equipo se caracteriza por un alto nivel de profesionalidad, innovaci\u00f3n y orientaci\u00f3n al cliente. Los clientes pueden confiar en un apoyo excelente y en la realizaci\u00f3n con \u00e9xito de sus proyectos.     <\/p>\n<p>Nosotros, MICHEL SLUDGE DRYING SYSTEMS, somos dos socios fuertes para soluciones innovadoras y sostenibles en el secado y aprovechamiento de lodos. Mientras SDS dise\u00f1a y desarrolla, MICHEL GMBH es el distribuidor exclusivo de los sistemas eficientes. <\/p>\n<p>La revoluci\u00f3n en el campo del secado de lodos est\u00e1 siendo impulsada por la tecnolog\u00eda inteligente<span class=\"Apple-converted-space\"> <\/span>Sistema de secado de lodos SDS.[\/vc_column_text][\/vc_column][\/vc_row][vc_row full_width=\u00bbstretch_row\u00bb][vc_column offset=\u00bbvc_hidden-lg vc_hidden-md\u00bb][vc_custom_heading text=\u00bbEl fuerte equipo&#8230;\u00bb font_container=\u00bbtag:h2|text_align:left|color:%23728d2a\u00bb use_theme_fonts=\u00bbyes\u00bb][vc_column_text]&#8230;est\u00e1 formada por michel gmbh y Sludge Drying Systems. Juntas combinan a\u00f1os de experiencia y conocimientos en sus respectivos campos para ofrecer un servicio excepcional a sus clientes. michel gmbh aporta su experiencia en ventas y marketing, mientras que Sludge Drying Systems est\u00e1 especializada en alternativas modernas, rentables y respetuosas con el medio ambiente para la eliminaci\u00f3n de lodos. Trabajando juntos, el equipo ofrece a sus clientes soluciones personalizadas que se adaptan perfectamente a sus necesidades. El s\u00f3lido equipo se caracteriza por un alto nivel de profesionalidad, innovaci\u00f3n y orientaci\u00f3n al cliente. Los clientes pueden confiar en un apoyo excelente y en la realizaci\u00f3n con \u00e9xito de sus proyectos.     <\/p>\n<p>Nosotros, MICHEL SLUDGE DRYING SYSTEMS, somos dos socios fuertes para soluciones innovadoras y sostenibles en el secado y aprovechamiento de lodos. Mientras SDS dise\u00f1a y desarrolla, MICHEL GMBH es el distribuidor exclusivo de los sistemas eficientes. <\/p>\n<p>La revoluci\u00f3n en el secado de lodos la impulsa el sistema inteligente de secado de lodos SDS.[\/vc_column_text][\/vc_column][\/vc_row][vc_row][vc_column][vc_separator color=\u00bbcustom\u00bb border_width=\u00bb2&#8243; accent_color=\u00bb#728d2a\u00bb css=\u00bb.vc_custom_1675707504734{margin-top: 50px !important;margin-bottom: 70px !important;}\u00bb][\/vc_column][\/vc_row][vc_row full_width=\u00bbstretch_row\u00bb equal_height=\u00bbyes\u00bb][vc_column width=\u00bb1\/2&#8243;][vc_single_image image=\u00bb128&#8243; img_size=\u00bbmedium\u00bb][\/vc_column][vc_column width=\u00bb1\/2&#8243;][vc_single_image image=\u00bb191&#8243; img_size=\u00bbmedium\u00bb alignment=\u00bbright\u00bb][\/vc_column][\/vc_row][vc_row][vc_column width=\u00bb1\/2&#8243;][vc_column_text]michel gmbh es una empresa familiar que lleva m\u00e1s de 26 a\u00f1os ofreciendo a las empresas un paquete completo de ventas sin preocupaciones. Apoyamos a empresas y proveedores de servicios en la creaci\u00f3n y ampliaci\u00f3n de ventas, con conceptos de venta ya preparados, formaci\u00f3n e incluso ventas completas, en estrecha colaboraci\u00f3n con nuestros socios. <\/p>\n<p>Aunamos nuestros conocimientos espec\u00edficos en ventas y marketing con el objetivo de aumentar el volumen de negocio de nuestras empresas asociadas de forma escalable, diferente y, por tanto, muy eficaz. Encontraremos la soluci\u00f3n perfecta para ti y tus socios comerciales en todos los temas de ventas.[\/vc_column_text][\/vc_column][vc_column width=\u00bb1\/2&#8243;][vc_column_text]SDS es un equipo innovador dirigido por el ingeniero mec\u00e1nico Felix Hellmuth, cuyo objetivo es desarrollar una alternativa moderna, rentable y respetuosa con el medio ambiente a la eliminaci\u00f3n de lodos. SDS ofrece soluciones completas, desde el dise\u00f1o y la fabricaci\u00f3n del SludgeDryingSystem hasta el asesoramiento sobre los procedimientos de homologaci\u00f3n. Con un socio financiero, SDS permite soluciones flexibles y personalizadas para cada cliente.[\/vc_column_text][\/vc_column][\/vc_row]<\/p>\n<\/div>","protected":false},"excerpt":{"rendered":"<p>[vc_row full_width=\u00bbstretch_row\u00bb css=\u00bb.vc_custom_1675707362788{margin-right: 100px !important;margin-left: 100px !important;}\u00bb][vc_column offset=\u00bbvc_hidden-sm vc_hidden-xs\u00bb][vc_custom_heading text=\u00bbEl fuerte equipo&#8230;\u00bb font_container=\u00bbtag:h2|text_align:left|color:%23728d2a\u00bb use_theme_fonts=\u00bbyes\u00bb][vc_column_text]&#8230;est\u00e1 formada por michel gmbh y Sludge Drying Systems. Juntas combinan a\u00f1os de experiencia y conocimientos en sus respectivos campos para ofrecer un servicio excepcional a sus clientes. michel gmbh aporta su experiencia en ventas y marketing, mientras que Sludge Drying Systems&hellip;<\/p>\n","protected":false},"author":1,"featured_media":0,"parent":0,"menu_order":0,"comment_status":"closed","ping_status":"closed","template":"","meta":{"footnotes":""},"class_list":["post-1772","page","type-page","status-publish","hentry","description-off"],"yoast_head":"<!-- This site is optimized with the Yoast SEO plugin v27.3 - https:\/\/yoast.com\/product\/yoast-seo-wordpress\/ -->\n<title>Equipo - Schlammtrocknung \u2013 michel SLUDGE DRYING SYSTEM<\/title>\n<meta name=\"robots\" content=\"index, follow, max-snippet:-1, max-image-preview:large, max-video-preview:-1\" \/>\n<link rel=\"canonical\" href=\"https:\/\/schlammtrocknung.com\/es\/equipo\/\" \/>\n<meta property=\"og:locale\" content=\"es_ES\" \/>\n<meta property=\"og:type\" content=\"article\" \/>\n<meta property=\"og:title\" content=\"Equipo - Schlammtrocknung \u2013 michel SLUDGE DRYING SYSTEM\" \/>\n<meta property=\"og:description\" content=\"[vc_row full_width=\u00bbstretch_row\u00bb css=\u00bb.vc_custom_1675707362788{margin-right: 100px !important;margin-left: 100px !important;}\u00bb][vc_column offset=\u00bbvc_hidden-sm vc_hidden-xs\u00bb][vc_custom_heading text=\u00bbEl fuerte equipo&#8230;\u00bb font_container=\u00bbtag:h2|text_align:left|color:%23728d2a\u00bb use_theme_fonts=\u00bbyes\u00bb][vc_column_text]&#8230;est\u00e1 formada por michel gmbh y Sludge Drying Systems. Juntas combinan a\u00f1os de experiencia y conocimientos en sus respectivos campos para ofrecer un servicio excepcional a sus clientes. michel gmbh aporta su experiencia en ventas y marketing, mientras que Sludge Drying Systems&hellip;\" \/>\n<meta property=\"og:url\" content=\"https:\/\/schlammtrocknung.com\/es\/equipo\/\" \/>\n<meta property=\"og:site_name\" content=\"Schlammtrocknung \u2013 michel SLUDGE DRYING SYSTEM\" \/>\n<meta property=\"article:modified_time\" content=\"2025-04-02T09:34:16+00:00\" \/>\n<meta name=\"twitter:card\" content=\"summary_large_image\" \/>\n<meta name=\"twitter:label1\" content=\"Tiempo de lectura\" \/>\n\t<meta name=\"twitter:data1\" content=\"4 minutos\" \/>\n<script type=\"application\/ld+json\" class=\"yoast-schema-graph\">{\"@context\":\"https:\\\/\\\/schema.org\",\"@graph\":[{\"@type\":\"WebPage\",\"@id\":\"https:\\\/\\\/schlammtrocknung.com\\\/es\\\/equipo\\\/\",\"url\":\"https:\\\/\\\/schlammtrocknung.com\\\/es\\\/equipo\\\/\",\"name\":\"Equipo - Schlammtrocknung \u2013 michel SLUDGE DRYING SYSTEM\",\"isPartOf\":{\"@id\":\"https:\\\/\\\/schlammtrocknung.com\\\/#website\"},\"datePublished\":\"2023-02-02T17:31:25+00:00\",\"dateModified\":\"2025-04-02T09:34:16+00:00\",\"breadcrumb\":{\"@id\":\"https:\\\/\\\/schlammtrocknung.com\\\/es\\\/equipo\\\/#breadcrumb\"},\"inLanguage\":\"es\",\"potentialAction\":[{\"@type\":\"ReadAction\",\"target\":[\"https:\\\/\\\/schlammtrocknung.com\\\/es\\\/equipo\\\/\"]}]},{\"@type\":\"BreadcrumbList\",\"@id\":\"https:\\\/\\\/schlammtrocknung.com\\\/es\\\/equipo\\\/#breadcrumb\",\"itemListElement\":[{\"@type\":\"ListItem\",\"position\":1,\"name\":\"Startseite\",\"item\":\"https:\\\/\\\/schlammtrocknung.com\\\/es\\\/pagina-de-inicio-2\\\/\"},{\"@type\":\"ListItem\",\"position\":2,\"name\":\"Equipo\"}]},{\"@type\":\"WebSite\",\"@id\":\"https:\\\/\\\/schlammtrocknung.com\\\/#website\",\"url\":\"https:\\\/\\\/schlammtrocknung.com\\\/\",\"name\":\"Schlammtrocknung | SDS - Schlammtrocknung\",\"description\":\"Schlamm- L\u00f6sungen f\u00fcr Kl\u00e4rwerke, Industrie und Umwelt\",\"publisher\":{\"@id\":\"https:\\\/\\\/schlammtrocknung.com\\\/#organization\"},\"potentialAction\":[{\"@type\":\"SearchAction\",\"target\":{\"@type\":\"EntryPoint\",\"urlTemplate\":\"https:\\\/\\\/schlammtrocknung.com\\\/?s={search_term_string}\"},\"query-input\":{\"@type\":\"PropertyValueSpecification\",\"valueRequired\":true,\"valueName\":\"search_term_string\"}}],\"inLanguage\":\"es\"},{\"@type\":\"Organization\",\"@id\":\"https:\\\/\\\/schlammtrocknung.com\\\/#organization\",\"name\":\"Schlammtrocknung | SDS - Schlammtrocknung\",\"url\":\"https:\\\/\\\/schlammtrocknung.com\\\/\",\"logo\":{\"@type\":\"ImageObject\",\"inLanguage\":\"es\",\"@id\":\"https:\\\/\\\/schlammtrocknung.com\\\/#\\\/schema\\\/logo\\\/image\\\/\",\"url\":\"https:\\\/\\\/schlammtrocknung.com\\\/wp-content\\\/uploads\\\/2023\\\/02\\\/logo_sds-1.png\",\"contentUrl\":\"https:\\\/\\\/schlammtrocknung.com\\\/wp-content\\\/uploads\\\/2023\\\/02\\\/logo_sds-1.png\",\"width\":697,\"height\":187,\"caption\":\"Schlammtrocknung | SDS - Schlammtrocknung\"},\"image\":{\"@id\":\"https:\\\/\\\/schlammtrocknung.com\\\/#\\\/schema\\\/logo\\\/image\\\/\"}}]}<\/script>\n<!-- \/ Yoast SEO plugin. -->","yoast_head_json":{"title":"Equipo - Schlammtrocknung \u2013 michel SLUDGE DRYING SYSTEM","robots":{"index":"index","follow":"follow","max-snippet":"max-snippet:-1","max-image-preview":"max-image-preview:large","max-video-preview":"max-video-preview:-1"},"canonical":"https:\/\/schlammtrocknung.com\/es\/equipo\/","og_locale":"es_ES","og_type":"article","og_title":"Equipo - Schlammtrocknung \u2013 michel SLUDGE DRYING SYSTEM","og_description":"[vc_row full_width=\u00bbstretch_row\u00bb css=\u00bb.vc_custom_1675707362788{margin-right: 100px !important;margin-left: 100px !important;}\u00bb][vc_column offset=\u00bbvc_hidden-sm vc_hidden-xs\u00bb][vc_custom_heading text=\u00bbEl fuerte equipo&#8230;\u00bb font_container=\u00bbtag:h2|text_align:left|color:%23728d2a\u00bb use_theme_fonts=\u00bbyes\u00bb][vc_column_text]&#8230;est\u00e1 formada por michel gmbh y Sludge Drying Systems. Juntas combinan a\u00f1os de experiencia y conocimientos en sus respectivos campos para ofrecer un servicio excepcional a sus clientes. michel gmbh aporta su experiencia en ventas y marketing, mientras que Sludge Drying Systems&hellip;","og_url":"https:\/\/schlammtrocknung.com\/es\/equipo\/","og_site_name":"Schlammtrocknung \u2013 michel SLUDGE DRYING SYSTEM","article_modified_time":"2025-04-02T09:34:16+00:00","twitter_card":"summary_large_image","twitter_misc":{"Tiempo de lectura":"4 minutos"},"schema":{"@context":"https:\/\/schema.org","@graph":[{"@type":"WebPage","@id":"https:\/\/schlammtrocknung.com\/es\/equipo\/","url":"https:\/\/schlammtrocknung.com\/es\/equipo\/","name":"Equipo - Schlammtrocknung \u2013 michel SLUDGE DRYING SYSTEM","isPartOf":{"@id":"https:\/\/schlammtrocknung.com\/#website"},"datePublished":"2023-02-02T17:31:25+00:00","dateModified":"2025-04-02T09:34:16+00:00","breadcrumb":{"@id":"https:\/\/schlammtrocknung.com\/es\/equipo\/#breadcrumb"},"inLanguage":"es","potentialAction":[{"@type":"ReadAction","target":["https:\/\/schlammtrocknung.com\/es\/equipo\/"]}]},{"@type":"BreadcrumbList","@id":"https:\/\/schlammtrocknung.com\/es\/equipo\/#breadcrumb","itemListElement":[{"@type":"ListItem","position":1,"name":"Startseite","item":"https:\/\/schlammtrocknung.com\/es\/pagina-de-inicio-2\/"},{"@type":"ListItem","position":2,"name":"Equipo"}]},{"@type":"WebSite","@id":"https:\/\/schlammtrocknung.com\/#website","url":"https:\/\/schlammtrocknung.com\/","name":"Schlammtrocknung | SDS - Schlammtrocknung","description":"Schlamm- L\u00f6sungen f\u00fcr Kl\u00e4rwerke, Industrie und Umwelt","publisher":{"@id":"https:\/\/schlammtrocknung.com\/#organization"},"potentialAction":[{"@type":"SearchAction","target":{"@type":"EntryPoint","urlTemplate":"https:\/\/schlammtrocknung.com\/?s={search_term_string}"},"query-input":{"@type":"PropertyValueSpecification","valueRequired":true,"valueName":"search_term_string"}}],"inLanguage":"es"},{"@type":"Organization","@id":"https:\/\/schlammtrocknung.com\/#organization","name":"Schlammtrocknung | SDS - Schlammtrocknung","url":"https:\/\/schlammtrocknung.com\/","logo":{"@type":"ImageObject","inLanguage":"es","@id":"https:\/\/schlammtrocknung.com\/#\/schema\/logo\/image\/","url":"https:\/\/schlammtrocknung.com\/wp-content\/uploads\/2023\/02\/logo_sds-1.png","contentUrl":"https:\/\/schlammtrocknung.com\/wp-content\/uploads\/2023\/02\/logo_sds-1.png","width":697,"height":187,"caption":"Schlammtrocknung | SDS - Schlammtrocknung"},"image":{"@id":"https:\/\/schlammtrocknung.com\/#\/schema\/logo\/image\/"}}]}},"_links":{"self":[{"href":"https:\/\/schlammtrocknung.com\/es\/wp-json\/wp\/v2\/pages\/1772","targetHints":{"allow":["GET"]}}],"collection":[{"href":"https:\/\/schlammtrocknung.com\/es\/wp-json\/wp\/v2\/pages"}],"about":[{"href":"https:\/\/schlammtrocknung.com\/es\/wp-json\/wp\/v2\/types\/page"}],"author":[{"embeddable":true,"href":"https:\/\/schlammtrocknung.com\/es\/wp-json\/wp\/v2\/users\/1"}],"replies":[{"embeddable":true,"href":"https:\/\/schlammtrocknung.com\/es\/wp-json\/wp\/v2\/comments?post=1772"}],"version-history":[{"count":1,"href":"https:\/\/schlammtrocknung.com\/es\/wp-json\/wp\/v2\/pages\/1772\/revisions"}],"predecessor-version":[{"id":1776,"href":"https:\/\/schlammtrocknung.com\/es\/wp-json\/wp\/v2\/pages\/1772\/revisions\/1776"}],"wp:attachment":[{"href":"https:\/\/schlammtrocknung.com\/es\/wp-json\/wp\/v2\/media?parent=1772"}],"curies":[{"name":"wp","href":"https:\/\/api.w.org\/{rel}","templated":true}]}}