{"id":1783,"date":"2024-09-04T10:22:38","date_gmt":"2024-09-04T08:22:38","guid":{"rendered":"https:\/\/schlammtrocknung.com\/servicios\/"},"modified":"2025-04-02T11:34:19","modified_gmt":"2025-04-02T09:34:19","slug":"servicios","status":"publish","type":"page","link":"https:\/\/schlammtrocknung.com\/es\/servicios\/","title":{"rendered":"Servicios"},"content":{"rendered":"<div class=\"wpb-content-wrapper\"><p>[vc_row content_placement=\u00bbtop\u00bb][vc_column][vc_column_text]<\/p>\n<h1 style=\"text-align: center;\"><span style=\"color: #728d2a;\">Maximiza la eficiencia de los recursos con los SISTEMAS DE SECADO DE LODOS michel<\/span><\/h1>\n<p>[\/vc_column_text][vc_empty_space height=\u00bb50px\u00bb][\/vc_column][\/vc_row][vc_row][vc_column width=\u00bb1\/2&#8243;][vc_column_text]<b>sistemas de secado de lodos michel<\/b><span style=\"font-weight: 400;\"> ofrece soluciones avanzadas para <\/span><b>secado de lodos<\/b><span style=\"font-weight: 400;\">dise\u00f1adas espec\u00edficamente para reducir los costes de funcionamiento y minimizar el impacto medioambiental. <\/span> <\/p>\n<p><span style=\"font-weight: 400;\">Nuestro <\/span><b>sistemas personalizados<\/b><span style=\"font-weight: 400;\"> son ideales para una amplia gama de <\/span><b>industrias<\/b><span style=\"font-weight: 400;\">para garantizar una eliminaci\u00f3n eficaz y respetuosa con el medio ambiente de los lodos. Descubre c\u00f3mo nuestra tecnolog\u00eda puede satisfacer tus necesidades espec\u00edficas: desde el secado de lodos de depuradora hasta el secado de lodos met\u00e1licos. <\/span>[\/vc_column_text][vc_empty_space height=\u00bb100px\u00bb][\/vc_column][vc_column width=\u00bb1\/2&#8243;][vc_single_image image=\u00bb367&#8243; img_size=\u00bb600&#215;280&#8243;][\/vc_column][\/vc_row][vc_row][vc_column][vc_row_inner][vc_column_inner width=\u00bb1\/3&#8243;][vc_single_image image=\u00bb376&#8243; img_size=\u00bb400&#215;250&#8243; alignment=\u00bbcenter\u00bb][vc_column_text]<\/p>\n<h3 style=\"text-align: center;\"><span style=\"color: #728d2a;\">Secado de lodos de depuradora<\/span><\/h3>\n<p style=\"text-align: center;\">Optimiza el tratamiento de los lodos de depuradora con nuestros eficaces sistemas de secado, que reducen el contenido de agua, disminuyen los costes de transporte y eliminaci\u00f3n y te ayudan a cumplir f\u00e1cilmente la nueva Ordenanza sobre Lodos de Depuradora. Nuestros sistemas de secado de lodos de depuradora no s\u00f3lo funcionan de forma econ\u00f3mica, sino que tambi\u00e9n permiten recuperar el valioso f\u00f3sforo. <\/p>\n<p>[\/vc_column_text]<style type=\"text\/css\">#dt-btn-1 {background: #728d2a;}<\/style><div class=\"text-centered\"><a href=\"https:\/\/schlammtrocknung.com\/leistungen\/klaerschlammtrocknung\/\" class=\"btn-shortcode dt-btn-m dt-btn default-btn-color default-btn-hover-color default-btn-bg-hover-color\" id=\"dt-btn-1\"><span>M\u00e1s informaci\u00f3n<\/span><\/a><\/div>[\/vc_column_inner][vc_column_inner width=\u00bb1\/3&#8243;][vc_single_image image=\u00bb374&#8243; img_size=\u00bb400&#215;250&#8243; alignment=\u00bbcenter\u00bb][vc_column_text css=\u00bb.vc_custom_1725452149334{padding-bottom: 30px !important;}\u00bb]<\/p>\n<h3 style=\"text-align: center;\"><span style=\"color: #728d2a;\">Secado de bioslodos<\/span><\/h3>\n<p style=\"text-align: center;\">Nuestra tecnolog\u00eda de secado de lodos biol\u00f3gicos garantiza una reducci\u00f3n segura y eficaz del volumen de lodos biol\u00f3gicos. Esto facilita el procesamiento posterior y mejora el equilibrio ecol\u00f3gico general de tu planta. \u00a1Convi\u00e9rtete en pionero de la eliminaci\u00f3n de residuos respetuosa con el medio ambiente o crea una base para la utilizaci\u00f3n de lodos reciclables!  <\/p>\n<p>[\/vc_column_text]<style type=\"text\/css\">#dt-btn-2 {background: #728d2a;}<\/style><div class=\"text-centered\"><a href=\"https:\/\/schlammtrocknung.com\/leistungen\/bioschlammtrocknung\/\" class=\"btn-shortcode dt-btn-m dt-btn default-btn-color default-btn-hover-color default-btn-bg-hover-color\" id=\"dt-btn-2\"><span>M\u00e1s informaci\u00f3n<\/span><\/a><\/div>[\/vc_column_inner][vc_column_inner width=\u00bb1\/3&#8243;][vc_single_image image=\u00bb373&#8243; img_size=\u00bb400&#215;250&#8243; alignment=\u00bbcenter\u00bb][vc_column_text css=\u00bb.vc_custom_1725452165049{padding-bottom: 30px !important;}\u00bb]<\/p>\n<h3 style=\"text-align: center;\"><span style=\"color: #728d2a;\">Secado de lodos met\u00e1licos<\/span><\/h3>\n<p style=\"text-align: center;\">Secando los lodos met\u00e1licos en nuestras plantas especializadas, puedes recuperar eficazmente metales valiosos y eliminar al mismo tiempo el impacto medioambiental de los residuos peligrosos. Nuestros sistemas son ideales para industrias como la miner\u00eda, la producci\u00f3n de acero y la galvanoplastia. <\/p>\n<p>[\/vc_column_text]<style type=\"text\/css\">#dt-btn-3 {background: #728d2a;}<\/style><div class=\"text-centered\"><a href=\"https:\/\/schlammtrocknung.com\/leistungen\/metallschlammtrocknung\/\" class=\"btn-shortcode dt-btn-m dt-btn default-btn-color default-btn-hover-color default-btn-bg-hover-color\" id=\"dt-btn-3\"><span>M\u00e1s informaci\u00f3n<\/span><\/a><\/div>[\/vc_column_inner][vc_column_inner][vc_empty_space height=\u00bb50px\u00bb][\/vc_column_inner][\/vc_row_inner][vc_row_inner][vc_column_inner width=\u00bb1\/3&#8243;][vc_single_image image=\u00bb372&#8243; img_size=\u00bb400&#215;250&#8243; alignment=\u00bbcenter\u00bb][vc_column_text css=\u00bb.vc_custom_1725452198849{padding-bottom: 50px !important;}\u00bb]<\/p>\n<h3 style=\"text-align: center;\"><span style=\"color: #728d2a;\">Secado de lodos de papel<\/span><\/h3>\n<p style=\"text-align: center;\">Benef\u00edciate de nuestros sistemas de secado de lodos de papel, cuyo objetivo es minimizar el contenido de humedad y reducir el coste de eliminaci\u00f3n de los lodos de papel. Nuestras soluciones son esenciales para las industrias en las que se limpia la pasta de papel y se transforma en productos semiacabados. <\/p>\n<p>[\/vc_column_text]<style type=\"text\/css\">#dt-btn-4 {background: #728d2a;}<\/style><div class=\"text-centered\"><a href=\"https:\/\/schlammtrocknung.com\/leistungen\/papierschlammtrocknung\/\" class=\"btn-shortcode dt-btn-m dt-btn default-btn-color default-btn-hover-color default-btn-bg-hover-color\" id=\"dt-btn-4\"><span>M\u00e1s informaci\u00f3n<\/span><\/a><\/div>[\/vc_column_inner][vc_column_inner width=\u00bb1\/3&#8243;][vc_single_image image=\u00bb371&#8243; img_size=\u00bb400&#215;250&#8243; alignment=\u00bbcenter\u00bb][vc_column_text]<\/p>\n<h3 style=\"text-align: center;\"><span style=\"color: #728d2a;\">Secado de lodos de aceite-laca<\/span><\/h3>\n<p style=\"text-align: center;\">Nuestras soluciones para el secado de lodos de pintura al \u00f3leo son id\u00f3neas para el tratamiento cuidadoso y responsable de los lodos de la industria de pinturas y barnices nocivos para la salud y el medio ambiente. Gracias a su eficaz reducci\u00f3n de volumen, los sistemas de secado de lodos michel SLUDGE-DRYING-SYSTEMS te permiten eliminar eficazmente los lodos de pintura al \u00f3leo o incluso recuperar ingredientes valiosos. <\/p>\n<p>[\/vc_column_text]<style type=\"text\/css\">#dt-btn-5 {background: #728d2a;}<\/style><div class=\"text-centered\"><a href=\"https:\/\/schlammtrocknung.com\/leistungen\/oel-lackschlamm-trocknung\/\" class=\"btn-shortcode dt-btn-m dt-btn default-btn-color default-btn-hover-color default-btn-bg-hover-color\" id=\"dt-btn-5\"><span>M\u00e1s informaci\u00f3n<\/span><\/a><\/div>[\/vc_column_inner][vc_column_inner width=\u00bb1\/3&#8243;][vc_single_image image=\u00bb370&#8243; img_size=\u00bb400&#215;250&#8243; alignment=\u00bbcenter\u00bb][vc_column_text css=\u00bb.vc_custom_1725452233530{padding-bottom: 60px !important;}\u00bb]<\/p>\n<h3 style=\"text-align: center;\"><span style=\"color: #728d2a;\">Tratamiento de lodos<\/span><\/h3>\n<p style=\"text-align: center;\">Nuestro enfoque hol\u00edstico del tratamiento de lodos ofrece una soluci\u00f3n integral, desde el secado hasta la utilizaci\u00f3n final del material. De este modo, preparas tus lodos para su uso posterior como fertilizante, combustible o \u00e1rido en la industria de la construcci\u00f3n, en plena consonancia con la econom\u00eda circular. <\/p>\n<p>[\/vc_column_text]<style type=\"text\/css\">#dt-btn-6 {background: #728d2a;}<\/style><div class=\"text-centered\"><a href=\"https:\/\/schlammtrocknung.com\/leistungen\/schlammbehandlung\/\" class=\"btn-shortcode dt-btn-m dt-btn default-btn-color default-btn-hover-color default-btn-bg-hover-color\" id=\"dt-btn-6\"><span>M\u00e1s informaci\u00f3n<\/span><\/a><\/div>[\/vc_column_inner][vc_column_inner][vc_empty_space height=\u00bb100px\u00bb][\/vc_column_inner][vc_column_inner][vc_cta h2=\u00bbDescubre las ventajas de nuestros sistemas de secado de lodos SDS\u00bb txt_align=\u00bbcenter\u00bb add_button=\u00bbbottom\u00bb btn_title=\u00bb\u00a1Ponte en contacto ahora!\u00bb btn_color=\u00bbgreen\u00bb btn_align=\u00bbcenter\u00bb btn_link=\u00bburl:https%3A%2F%2Fschlammtrocknung.com%2Fkontakt%2F|title:Contacta%20con%20nosotros|\u00bb]<\/p>\n<p style=\"text-align: center;\"><span style=\"font-weight: 400;\">Aumentar la <\/span><b>eficacia<\/b><span style=\"font-weight: 400;\"> de tu tratamiento de lodos y, al mismo tiempo, mejora tu <\/span><b>equilibrio medioambiental<\/b><span style=\"font-weight: 400;\">. Ponte en contacto con michel SLUDGE-DRYING-SYSTEMS hoy mismo para saber m\u00e1s sobre las soluciones sostenibles de secado de lodos. Conf\u00eda en la tecnolog\u00eda avanzada y las pr\u00e1cticas sostenibles: elige michel SLUDGE-DRYING-SYSTEMS para obtener un sistema suave y respetuoso con el medio ambiente.  <\/span><\/p>\n<p>[\/vc_cta][\/vc_column_inner][\/vc_row_inner][vc_empty_space height=\u00bb50px\u00bb][\/vc_column][\/vc_row]<\/p>\n<\/div>","protected":false},"excerpt":{"rendered":"<p>[vc_row content_placement=\u00bbtop\u00bb][vc_column][vc_column_text] Maximiza la eficiencia de los recursos con los SISTEMAS DE SECADO DE LODOS michel [\/vc_column_text][vc_empty_space height=\u00bb50px\u00bb][\/vc_column][\/vc_row][vc_row][vc_column width=\u00bb1\/2&#8243;][vc_column_text]sistemas de secado de lodos michel ofrece soluciones avanzadas para secado de lodosdise\u00f1adas espec\u00edficamente para reducir los costes de funcionamiento y minimizar el impacto medioambiental. Nuestro sistemas personalizados son ideales para una amplia gama de industriaspara garantizar&hellip;<\/p>\n","protected":false},"author":1,"featured_media":0,"parent":0,"menu_order":0,"comment_status":"closed","ping_status":"closed","template":"","meta":{"footnotes":""},"class_list":["post-1783","page","type-page","status-publish","hentry","description-off"],"yoast_head":"<!-- This site is optimized with the Yoast SEO plugin v27.3 - https:\/\/yoast.com\/product\/yoast-seo-wordpress\/ -->\n<title>Servicios | Michel Secado de lodos<\/title>\n<meta name=\"description\" content=\"michel SLUDGE-DRYING-SYSTEMS ofrece soluciones avanzadas para el secado de lodos.\" \/>\n<meta name=\"robots\" content=\"index, follow, max-snippet:-1, max-image-preview:large, max-video-preview:-1\" \/>\n<link rel=\"canonical\" href=\"https:\/\/schlammtrocknung.com\/es\/servicios\/\" \/>\n<meta property=\"og:locale\" content=\"es_ES\" \/>\n<meta property=\"og:type\" content=\"article\" \/>\n<meta property=\"og:title\" content=\"Servicios | Michel Secado de lodos\" \/>\n<meta property=\"og:description\" content=\"michel SLUDGE-DRYING-SYSTEMS ofrece soluciones avanzadas para el secado de lodos.\" \/>\n<meta property=\"og:url\" content=\"https:\/\/schlammtrocknung.com\/es\/servicios\/\" \/>\n<meta property=\"og:site_name\" content=\"Schlammtrocknung \u2013 michel SLUDGE DRYING SYSTEM\" \/>\n<meta property=\"article:modified_time\" content=\"2025-04-02T09:34:19+00:00\" \/>\n<meta name=\"twitter:card\" content=\"summary_large_image\" \/>\n<meta name=\"twitter:label1\" content=\"Tiempo de lectura\" \/>\n\t<meta name=\"twitter:data1\" content=\"5 minutos\" \/>\n<script type=\"application\/ld+json\" class=\"yoast-schema-graph\">{\"@context\":\"https:\\\/\\\/schema.org\",\"@graph\":[{\"@type\":\"WebPage\",\"@id\":\"https:\\\/\\\/schlammtrocknung.com\\\/es\\\/servicios\\\/\",\"url\":\"https:\\\/\\\/schlammtrocknung.com\\\/es\\\/servicios\\\/\",\"name\":\"Servicios | Michel Secado de lodos\",\"isPartOf\":{\"@id\":\"https:\\\/\\\/schlammtrocknung.com\\\/#website\"},\"datePublished\":\"2024-09-04T08:22:38+00:00\",\"dateModified\":\"2025-04-02T09:34:19+00:00\",\"description\":\"michel SLUDGE-DRYING-SYSTEMS ofrece soluciones avanzadas para el secado de lodos.\",\"breadcrumb\":{\"@id\":\"https:\\\/\\\/schlammtrocknung.com\\\/es\\\/servicios\\\/#breadcrumb\"},\"inLanguage\":\"es\",\"potentialAction\":[{\"@type\":\"ReadAction\",\"target\":[\"https:\\\/\\\/schlammtrocknung.com\\\/es\\\/servicios\\\/\"]}]},{\"@type\":\"BreadcrumbList\",\"@id\":\"https:\\\/\\\/schlammtrocknung.com\\\/es\\\/servicios\\\/#breadcrumb\",\"itemListElement\":[{\"@type\":\"ListItem\",\"position\":1,\"name\":\"Startseite\",\"item\":\"https:\\\/\\\/schlammtrocknung.com\\\/es\\\/pagina-de-inicio-2\\\/\"},{\"@type\":\"ListItem\",\"position\":2,\"name\":\"Servicios\"}]},{\"@type\":\"WebSite\",\"@id\":\"https:\\\/\\\/schlammtrocknung.com\\\/#website\",\"url\":\"https:\\\/\\\/schlammtrocknung.com\\\/\",\"name\":\"Schlammtrocknung | SDS - Schlammtrocknung\",\"description\":\"Schlamm- L\u00f6sungen f\u00fcr Kl\u00e4rwerke, Industrie und Umwelt\",\"publisher\":{\"@id\":\"https:\\\/\\\/schlammtrocknung.com\\\/#organization\"},\"potentialAction\":[{\"@type\":\"SearchAction\",\"target\":{\"@type\":\"EntryPoint\",\"urlTemplate\":\"https:\\\/\\\/schlammtrocknung.com\\\/?s={search_term_string}\"},\"query-input\":{\"@type\":\"PropertyValueSpecification\",\"valueRequired\":true,\"valueName\":\"search_term_string\"}}],\"inLanguage\":\"es\"},{\"@type\":\"Organization\",\"@id\":\"https:\\\/\\\/schlammtrocknung.com\\\/#organization\",\"name\":\"Schlammtrocknung | SDS - Schlammtrocknung\",\"url\":\"https:\\\/\\\/schlammtrocknung.com\\\/\",\"logo\":{\"@type\":\"ImageObject\",\"inLanguage\":\"es\",\"@id\":\"https:\\\/\\\/schlammtrocknung.com\\\/#\\\/schema\\\/logo\\\/image\\\/\",\"url\":\"https:\\\/\\\/schlammtrocknung.com\\\/wp-content\\\/uploads\\\/2023\\\/02\\\/logo_sds-1.png\",\"contentUrl\":\"https:\\\/\\\/schlammtrocknung.com\\\/wp-content\\\/uploads\\\/2023\\\/02\\\/logo_sds-1.png\",\"width\":697,\"height\":187,\"caption\":\"Schlammtrocknung | SDS - Schlammtrocknung\"},\"image\":{\"@id\":\"https:\\\/\\\/schlammtrocknung.com\\\/#\\\/schema\\\/logo\\\/image\\\/\"}}]}<\/script>\n<!-- \/ Yoast SEO plugin. -->","yoast_head_json":{"title":"Servicios | Michel Secado de lodos","description":"michel SLUDGE-DRYING-SYSTEMS ofrece soluciones avanzadas para el secado de lodos.","robots":{"index":"index","follow":"follow","max-snippet":"max-snippet:-1","max-image-preview":"max-image-preview:large","max-video-preview":"max-video-preview:-1"},"canonical":"https:\/\/schlammtrocknung.com\/es\/servicios\/","og_locale":"es_ES","og_type":"article","og_title":"Servicios | Michel Secado de lodos","og_description":"michel SLUDGE-DRYING-SYSTEMS ofrece soluciones avanzadas para el secado de lodos.","og_url":"https:\/\/schlammtrocknung.com\/es\/servicios\/","og_site_name":"Schlammtrocknung \u2013 michel SLUDGE DRYING SYSTEM","article_modified_time":"2025-04-02T09:34:19+00:00","twitter_card":"summary_large_image","twitter_misc":{"Tiempo de lectura":"5 minutos"},"schema":{"@context":"https:\/\/schema.org","@graph":[{"@type":"WebPage","@id":"https:\/\/schlammtrocknung.com\/es\/servicios\/","url":"https:\/\/schlammtrocknung.com\/es\/servicios\/","name":"Servicios | Michel Secado de lodos","isPartOf":{"@id":"https:\/\/schlammtrocknung.com\/#website"},"datePublished":"2024-09-04T08:22:38+00:00","dateModified":"2025-04-02T09:34:19+00:00","description":"michel SLUDGE-DRYING-SYSTEMS ofrece soluciones avanzadas para el secado de lodos.","breadcrumb":{"@id":"https:\/\/schlammtrocknung.com\/es\/servicios\/#breadcrumb"},"inLanguage":"es","potentialAction":[{"@type":"ReadAction","target":["https:\/\/schlammtrocknung.com\/es\/servicios\/"]}]},{"@type":"BreadcrumbList","@id":"https:\/\/schlammtrocknung.com\/es\/servicios\/#breadcrumb","itemListElement":[{"@type":"ListItem","position":1,"name":"Startseite","item":"https:\/\/schlammtrocknung.com\/es\/pagina-de-inicio-2\/"},{"@type":"ListItem","position":2,"name":"Servicios"}]},{"@type":"WebSite","@id":"https:\/\/schlammtrocknung.com\/#website","url":"https:\/\/schlammtrocknung.com\/","name":"Schlammtrocknung | SDS - Schlammtrocknung","description":"Schlamm- L\u00f6sungen f\u00fcr Kl\u00e4rwerke, Industrie und Umwelt","publisher":{"@id":"https:\/\/schlammtrocknung.com\/#organization"},"potentialAction":[{"@type":"SearchAction","target":{"@type":"EntryPoint","urlTemplate":"https:\/\/schlammtrocknung.com\/?s={search_term_string}"},"query-input":{"@type":"PropertyValueSpecification","valueRequired":true,"valueName":"search_term_string"}}],"inLanguage":"es"},{"@type":"Organization","@id":"https:\/\/schlammtrocknung.com\/#organization","name":"Schlammtrocknung | SDS - Schlammtrocknung","url":"https:\/\/schlammtrocknung.com\/","logo":{"@type":"ImageObject","inLanguage":"es","@id":"https:\/\/schlammtrocknung.com\/#\/schema\/logo\/image\/","url":"https:\/\/schlammtrocknung.com\/wp-content\/uploads\/2023\/02\/logo_sds-1.png","contentUrl":"https:\/\/schlammtrocknung.com\/wp-content\/uploads\/2023\/02\/logo_sds-1.png","width":697,"height":187,"caption":"Schlammtrocknung | SDS - Schlammtrocknung"},"image":{"@id":"https:\/\/schlammtrocknung.com\/#\/schema\/logo\/image\/"}}]}},"_links":{"self":[{"href":"https:\/\/schlammtrocknung.com\/es\/wp-json\/wp\/v2\/pages\/1783","targetHints":{"allow":["GET"]}}],"collection":[{"href":"https:\/\/schlammtrocknung.com\/es\/wp-json\/wp\/v2\/pages"}],"about":[{"href":"https:\/\/schlammtrocknung.com\/es\/wp-json\/wp\/v2\/types\/page"}],"author":[{"embeddable":true,"href":"https:\/\/schlammtrocknung.com\/es\/wp-json\/wp\/v2\/users\/1"}],"replies":[{"embeddable":true,"href":"https:\/\/schlammtrocknung.com\/es\/wp-json\/wp\/v2\/comments?post=1783"}],"version-history":[{"count":1,"href":"https:\/\/schlammtrocknung.com\/es\/wp-json\/wp\/v2\/pages\/1783\/revisions"}],"predecessor-version":[{"id":1786,"href":"https:\/\/schlammtrocknung.com\/es\/wp-json\/wp\/v2\/pages\/1783\/revisions\/1786"}],"wp:attachment":[{"href":"https:\/\/schlammtrocknung.com\/es\/wp-json\/wp\/v2\/media?parent=1783"}],"curies":[{"name":"wp","href":"https:\/\/api.w.org\/{rel}","templated":true}]}}