{"id":2243,"date":"2025-02-24T17:25:02","date_gmt":"2025-02-24T16:25:02","guid":{"rendered":"https:\/\/schlammtrocknung.com\/planta-de-secado-de-lodos\/"},"modified":"2025-05-09T10:43:02","modified_gmt":"2025-05-09T08:43:02","slug":"planta-de-secado-de-lodos","status":"publish","type":"page","link":"https:\/\/schlammtrocknung.com\/es\/planta-de-secado-de-lodos\/","title":{"rendered":"Planta de secado de lodos"},"content":{"rendered":"<div class=\"wpb-content-wrapper\"><p>[vc_row content_placement=\u00bbtop\u00bb][vc_column][vc_column_text]<\/p>\n<h1 style=\"text-align: center;\"><span style=\"color: #728d2a;\">Tecnolog\u00eda eficiente: planta de secado de lodos<br \/><\/span><\/h1>\n<p>[\/vc_column_text][vc_column_text]<\/p>\n<p style=\"text-align: center;\"><span style=\"font-weight: 400;\">El <\/span><b>sistemas de secado de michel SLUDGE-DRYING-SYSTEMS<\/b><span style=\"font-weight: 400;\">  representan un paso adelante decisivo en la utilizaci\u00f3n de residuos respetuosa con el medio ambiente. Mediante el uso de modernas   <\/span><b>Secadores de baja temperatura<\/b><span style=\"font-weight: 400;\"> nuestros sistemas permiten un secado de lodos eficaz y energ\u00e9ticamente eficiente <\/span><b>secado de lodos<\/b><span style=\"font-weight: 400;\">que redefine los est\u00e1ndares industriales.<\/span><\/p>\n<p style=\"text-align: center;\"><span style=\"font-weight: 400;\">No importa si <\/span><a href=\"https:\/\/schlammtrocknung.com\/leistungen\/klaerschlammtrocknung\/\"><span style=\"font-weight: 400;\">lodos de depuradora<\/span><\/a><span style=\"font-weight: 400;\">, <\/span><a href=\"https:\/\/schlammtrocknung.com\/leistungen\/bioschlammtrocknung\/\"><span style=\"font-weight: 400;\">lodos biol\u00f3gicos<\/span><\/a><span style=\"font-weight: 400;\"> o lodos industriales &#8211; nuestras<\/span><b> plantas de secado industrial<\/b><span style=\"font-weight: 400;\"> garantizan un secado profesional de los lodos <\/span><b>secado de lodos directamente in situ<\/b><span style=\"font-weight: 400;\">. Descubre la gama de SISTEMAS DE SECADO DE LODOS michel para comprar, alquilar o financiar sistemas de secado eficaces.<\/span><\/p>\n<p>[\/vc_column_text][vc_btn title=\u00bb\u00a1Descubre ahora los sistemas de secado!\u00bb style=\u00bbcustom\u00bb custom_background=\u00bb#728d2a\u00bb custom_text=\u00bb#ffffff\u00bb align=\u00bbcenter\u00bb link=\u00bburl:https%3A%2F%2Fschlammtrocknung.com%2Fprodukte%2F|\u00bb][vc_empty_space height=\u00bb50px\u00bb][\/vc_column][\/vc_row][vc_row][vc_column width=\u00bb2\/3&#8243;][vc_column_text]<\/p>\n<h3><span style=\"color: #728d2a;\">Descubre de un vistazo las ventajas de nuestros sistemas de secado:<br \/><\/span><\/h3>\n<p>[\/vc_column_text][vc_column_text]<\/p>\n<ul>\n<li style=\"font-weight: 400;\" aria-level=\"1\"><span style=\"font-weight: 400;\">Secado de lodos suave y energ\u00e9ticamente eficiente gracias al secado a baja temperatura<\/span><\/li>\n<li style=\"font-weight: 400;\" aria-level=\"1\"><span style=\"font-weight: 400;\">Secado sencillo y econ\u00f3mico directamente en el lugar de formaci\u00f3n del lodo<\/span><\/li>\n<li style=\"font-weight: 400;\" aria-level=\"1\"><span style=\"font-weight: 400;\">Sistemas modulares de varios tama\u00f1os<\/span><\/li>\n<li style=\"font-weight: 400;\" aria-level=\"1\"><span style=\"font-weight: 400;\">Una amplia gama de opciones de utilizaci\u00f3n, desde <\/span><a href=\"https:\/\/schlammtrocknung.com\/schlammentsorgung\/\"><span style=\"font-weight: 400;\">eliminaci\u00f3n de lodos<\/span><\/a><span style=\"font-weight: 400;\"> hasta la <\/span><a href=\"https:\/\/schlammtrocknung.com\/news\/phosphor-recycling\/\"><span style=\"font-weight: 400;\">recuperaci\u00f3n de f\u00f3sforo<\/span><\/a><\/li>\n<li style=\"font-weight: 400;\" aria-level=\"1\"><span style=\"font-weight: 400;\">Instalaci\u00f3n sencilla sin infraestructura especial ni trabajos de conversi\u00f3n<\/span><\/li>\n<\/ul>\n<p>[\/vc_column_text][vc_empty_space height=\u00bb70px\u00bb][\/vc_column][vc_column width=\u00bb1\/3&#8243;][vc_single_image image=\u00bb367&#8243; img_size=\u00bb400&#215;300&#8243;][\/vc_column][\/vc_row][vc_row][vc_column width=\u00bb1\/2&#8243;][vc_single_image image=\u00bb368&#8243; img_size=\u00bb600&#215;600&#8243;][vc_empty_space height=\u00bb70px\u00bb][\/vc_column][vc_column width=\u00bb1\/2&#8243;][vc_column_text]<\/p>\n<h2><span style=\"color: #728d2a;\">M\u00e1ximos resultados con m\u00ednima generaci\u00f3n de calor<br \/><\/span><\/h2>\n<p><span style=\"font-weight: 400;\">El <\/span><a href=\"https:\/\/schlammtrocknung.com\/niedertemperaturtrockner\/\"><span style=\"font-weight: 400;\">secadoras de baja temperatura<\/span><\/a><span style=\"font-weight: 400;\"> de michel SLUDGE-DRYING-SYSTEMS funcionan a <\/span><b>temperaturas m\u00e1s bajas<\/b><span style=\"font-weight: 400;\">para secar los lodos sin alteraci\u00f3n qu\u00edmica ni emisi\u00f3n de sustancias nocivas. Esta aplicaci\u00f3n controlada de calor vaporiza eficazmente la humedad, reduciendo las necesidades energ\u00e9ticas y protegiendo al mismo tiempo el material.   <\/span><\/p>\n<p><span style=\"font-weight: 400;\">Este m\u00e9todo minimiza la carga t\u00e9rmica del material secado, lo que no s\u00f3lo protege el medio ambiente, sino que tambi\u00e9n mejora la <\/span><b>calidad<\/b><span style=\"font-weight: 400;\"> calidad del producto final.<\/span><\/p>\n<p><b>Tratamiento suave y ahorro considerable de energ\u00eda<\/b><\/p>\n<p><span style=\"font-weight: 400;\">Mediante el uso de <\/span><b>secadores de baja temperatura<\/b><span style=\"font-weight: 400;\">  en nuestros sistemas de secado, podemos reducir significativamente el consumo de energ\u00eda. Esta eficiencia energ\u00e9tica no s\u00f3lo conlleva menores costes de funcionamiento, sino tambi\u00e9n una reducci\u00f3n considerable de las emisiones de CO\u2082. Adem\u00e1s, nuestros sistemas tambi\u00e9n evitan problemas con las aguas residuales y otras emisiones gracias a su innovadora tecnolog\u00eda.  <\/span>[\/vc_column_text][\/vc_column][\/vc_row][vc_row][vc_column width=\u00bb1\/2&#8243;][vc_column_text]<\/p>\n<h2><span style=\"color: #728d2a;\">Sistemas de secado personalizables para obtener resultados \u00f3ptimos<br \/><\/span><\/h2>\n<p><span style=\"font-weight: 400;\">Nuestros <\/span><b>sistemas modulares de secado de lodos <\/b><span style=\"font-weight: 400;\">est\u00e1n disponibles en <\/span><b>diferentes tama\u00f1os <\/b> <span style=\"font-weight: 400;\">y se adaptan con precisi\u00f3n a las necesidades de nuestros clientes. Cada sistema integra m\u00e9todos de secado suave que reducen eficazmente el contenido de agua en los lodos, al tiempo que minimizan el consumo de energ\u00eda.   <\/span><\/p>\n<p><span style=\"font-weight: 400;\">Esto permite un tratamiento continuo y eficaz de los lodos de principio a fin, sin necesidad de distintas etapas de secado ni m\u00e1quinas separadas.<\/span><\/p>\n<p><span style=\"font-weight: 400;\">El <\/span><b>vers\u00e1tiles posibilidades de aplicaci\u00f3n<\/b><span style=\"font-weight: 400;\">  de nuestros sistemas de secado los convierten en una soluci\u00f3n ideal para una amplia gama de aplicaciones industriales. Ya sea en centrales de biomasa para la generaci\u00f3n de energ\u00eda, como fertilizante en la agricultura o como agregado en la industria de la construcci\u00f3n, los sistemas de secado de michel SLUDGE-DRYING-SYSTEMS son adecuados para todo tipo de lodos y pueden adaptarse modularmente a requisitos espec\u00edficos. <\/span>[\/vc_column_text][\/vc_column][vc_column width=\u00bb1\/2&#8243;][vc_single_image image=\u00bb1194&#8243; img_size=\u00bb600&#215;600&#8243;][vc_empty_space height=\u00bb70px\u00bb][\/vc_column][\/vc_row][vc_row][vc_column width=\u00bb1\/2&#8243;][vc_single_image image=\u00bb375&#8243; img_size=\u00bb600&#215;600&#8243;][vc_empty_space height=\u00bb70px\u00bb][\/vc_column][vc_column width=\u00bb1\/2&#8243;][vc_column_text]<\/p>\n<h3><span style=\"color: #728d2a;\">Flexibilidad y eficacia en cualquier lugar<br \/><\/span><\/h3>\n<p><span style=\"font-weight: 400;\">michel SLUDGE-DRYING-SYSTEMS ofrece sistemas descentralizados de secado de lodos especialmente desarrollados para <\/span><b>directamente en el lugar de formaci\u00f3n de los lodos <\/b> <span style=\"font-weight: 400;\">para su puesta en funcionamiento. Esta independencia de grandes ajustes infraestructurales hace de nuestros sistemas una soluci\u00f3n flexible para una gran variedad de ubicaciones.   <\/span><\/p>\n<p><span style=\"font-weight: 400;\">Sin necesidad de grandes obras ni techos, nuestros sistemas pueden integrarse perfectamente en los procesos operativos existentes.<\/span><\/p>\n<p><span style=\"font-weight: 400;\">Las plantas tambi\u00e9n est\u00e1n dise\u00f1adas para manipular una amplia gama de tipos de lodos. <\/span><b>tipos de lodos<\/b><span style=\"font-weight: 400;\"> eficazmente: desde lodos de depuradora municipales hasta lodos industriales especiales, como el <\/span><a href=\"https:\/\/schlammtrocknung.com\/leistungen\/metallschlammtrocknung\/\"><span style=\"font-weight: 400;\">metal<\/span><\/a><span style=\"font-weight: 400;\"> o <\/span><a href=\"https:\/\/schlammtrocknung.com\/leistungen\/papierschlammtrocknung\/\"><span style=\"font-weight: 400;\">lodos de papel<\/span><\/a><span style=\"font-weight: 400;\">.<\/span><\/p>\n<p><span style=\"font-weight: 400;\">Tambi\u00e9n ofrecemos <\/span><b>opciones de financiaci\u00f3n flexibles<\/b><span style=\"font-weight: 400;\">  que permiten a nuestros clientes introducir tecnolog\u00eda de secado avanzada sin comprometer su flexibilidad financiera. Con estas soluciones adaptables, michel SLUDGE-DRYING-SYSTEMS se posiciona como tu socio para un secado de lodos respetuoso con el medio ambiente y rentable. <\/span>[\/vc_column_text][\/vc_column][\/vc_row][vc_row][vc_column][vc_cta h2=\u00bbSistemas profesionales de secado de michel SLUDGE-DRYING-SYSTEMS\u00bb txt_align=\u00bbcenter\u00bb add_button=\u00bbbottom\u00bb btn_title=\u00bbPonte en contacto con nosotros\u00bb btn_style=\u00bbgradient-custom\u00bb btn_gradient_custom_color_1=\u00bb#728d2a\u00bb btn_gradient_custom_color_2=\u00bb#728d2a\u00bb btn_align=\u00bbcenter\u00bb btn_link=\u00bburl:https%3A%2F%2Fschlammtrocknung.com%2Fes%2Fcontacta-con-nosotros%2F|title:Contacta%20con%20nosotros|\u00bb]<\/p>\n<p style=\"text-align: center;\"><span style=\"font-weight: 400;\">Invierte en los sistemas de secado avanzados <\/span><b>sistemas de secado de michel SLUDGE-DRYING-SYSTEMS<\/b><span style=\"font-weight: 400;\">  y experimenta c\u00f3mo nuestra tecnolog\u00eda no s\u00f3lo hace que tus procesos de producci\u00f3n sean m\u00e1s eficientes, sino tambi\u00e9n m\u00e1s respetuosos con el medio ambiente. Ponte en contacto con nosotros hoy mismo para obtener m\u00e1s informaci\u00f3n sobre nuestros sistemas de secado y concertar una cita con nosotros. <\/span> <b> oferta personalizada<\/b><span style=\"font-weight: 400;\"> \u00a1recibir!<\/span><\/p>\n<p>[\/vc_cta][vc_empty_space height=\u00bb50px\u00bb][\/vc_column][\/vc_row][vc_row][vc_column][vc_column_text]<\/p>\n<h2 style=\"text-align: center;\"><span style=\"color: #728d2a;\">FAQ &#8211; Preguntas frecuentes sobre nuestros sistemas de secado<\/span><\/h2>\n<p>[\/vc_column_text][\/vc_column][\/vc_row][vc_row][vc_column][vc_toggle title=\u00bb\u00bfEn qu\u00e9 industrias pueden utilizarse los sistemas de secado de michel SLUDGE-DRYING-SYSTEMS?\u00bb]Nuestros sistemas de secado son muy vers\u00e1tiles. Desde el secado de lodos de depuradora y biolodos hasta el tratamiento de residuos industriales como el papel y los lodos met\u00e1licos, ofrecen una amplia gama de aplicaciones en diversas industrias. Entre nuestros clientes se encuentran depuradoras de aguas residuales, autoridades locales y empresas industriales.[\/vc_toggle][vc_toggle title=\u00bb\u00bfCu\u00e1les son las ventajas de los sistemas modulares de secado de michel SLUDGE-DRYING-SYSTEMS?\u00bb]Nuestros sistemas modulares de secado est\u00e1n disponibles en varios tama\u00f1os y pueden adaptarse con flexibilidad a distintos tipos de lodos, cantidades y requisitos del cliente. Tambi\u00e9n ofrecen un tratamiento eficaz de los lodos de principio a fin y no requieren m\u00e1quinas separadas para las distintas fases de secado. Nuestros sistemas secan los lodos directamente in situ, sin necesidad de techo ni nave.[\/vc_toggle][\/vc_column][\/vc_row]<\/p>\n<\/div>","protected":false},"excerpt":{"rendered":"<p>[vc_row content_placement=\u00bbtop\u00bb][vc_column][vc_column_text] Tecnolog\u00eda eficiente: planta de secado de lodos [\/vc_column_text][vc_column_text] El sistemas de secado de michel SLUDGE-DRYING-SYSTEMS representan un paso adelante decisivo en la utilizaci\u00f3n de residuos respetuosa con el medio ambiente. Mediante el uso de modernas Secadores de baja temperatura nuestros sistemas permiten un secado de lodos eficaz y energ\u00e9ticamente eficiente secado de lodosque&hellip;<\/p>\n","protected":false},"author":1,"featured_media":0,"parent":0,"menu_order":0,"comment_status":"closed","ping_status":"closed","template":"","meta":{"footnotes":""},"class_list":["post-2243","page","type-page","status-publish","hentry","description-off"],"yoast_head":"<!-- This site is optimized with the Yoast SEO plugin v27.4 - https:\/\/yoast.com\/product\/yoast-seo-wordpress\/ -->\n<title>Sistema de secado | michel SLUDGE-DRYING-SYSTEMS<\/title>\n<meta name=\"description\" content=\"Descubre los avanzados sistemas de secado para todo tipo de lodos de michel SLUDGE-DRYING-SYSTEMS.\" \/>\n<meta name=\"robots\" content=\"index, follow, max-snippet:-1, max-image-preview:large, max-video-preview:-1\" \/>\n<link rel=\"canonical\" href=\"https:\/\/schlammtrocknung.com\/es\/planta-de-secado-de-lodos\/\" \/>\n<meta property=\"og:locale\" content=\"es_ES\" \/>\n<meta property=\"og:type\" content=\"article\" \/>\n<meta property=\"og:title\" content=\"Sistema de secado | michel SLUDGE-DRYING-SYSTEMS\" \/>\n<meta property=\"og:description\" content=\"Descubre los avanzados sistemas de secado para todo tipo de lodos de michel SLUDGE-DRYING-SYSTEMS.\" \/>\n<meta property=\"og:url\" content=\"https:\/\/schlammtrocknung.com\/es\/planta-de-secado-de-lodos\/\" \/>\n<meta property=\"og:site_name\" content=\"Schlammtrocknung \u2013 michel SLUDGE DRYING SYSTEM\" \/>\n<meta property=\"article:modified_time\" content=\"2025-05-09T08:43:02+00:00\" \/>\n<meta name=\"twitter:card\" content=\"summary_large_image\" \/>\n<meta name=\"twitter:label1\" content=\"Tiempo de lectura\" \/>\n\t<meta name=\"twitter:data1\" content=\"6 minutos\" \/>\n<script type=\"application\/ld+json\" class=\"yoast-schema-graph\">{\"@context\":\"https:\\\/\\\/schema.org\",\"@graph\":[{\"@type\":\"WebPage\",\"@id\":\"https:\\\/\\\/schlammtrocknung.com\\\/es\\\/planta-de-secado-de-lodos\\\/\",\"url\":\"https:\\\/\\\/schlammtrocknung.com\\\/es\\\/planta-de-secado-de-lodos\\\/\",\"name\":\"Sistema de secado | michel SLUDGE-DRYING-SYSTEMS\",\"isPartOf\":{\"@id\":\"https:\\\/\\\/schlammtrocknung.com\\\/#website\"},\"datePublished\":\"2025-02-24T16:25:02+00:00\",\"dateModified\":\"2025-05-09T08:43:02+00:00\",\"description\":\"Descubre los avanzados sistemas de secado para todo tipo de lodos de michel SLUDGE-DRYING-SYSTEMS.\",\"breadcrumb\":{\"@id\":\"https:\\\/\\\/schlammtrocknung.com\\\/es\\\/planta-de-secado-de-lodos\\\/#breadcrumb\"},\"inLanguage\":\"es\",\"potentialAction\":[{\"@type\":\"ReadAction\",\"target\":[\"https:\\\/\\\/schlammtrocknung.com\\\/es\\\/planta-de-secado-de-lodos\\\/\"]}]},{\"@type\":\"BreadcrumbList\",\"@id\":\"https:\\\/\\\/schlammtrocknung.com\\\/es\\\/planta-de-secado-de-lodos\\\/#breadcrumb\",\"itemListElement\":[{\"@type\":\"ListItem\",\"position\":1,\"name\":\"Startseite\",\"item\":\"https:\\\/\\\/schlammtrocknung.com\\\/es\\\/pagina-de-inicio-2\\\/\"},{\"@type\":\"ListItem\",\"position\":2,\"name\":\"Planta de secado de lodos\"}]},{\"@type\":\"WebSite\",\"@id\":\"https:\\\/\\\/schlammtrocknung.com\\\/#website\",\"url\":\"https:\\\/\\\/schlammtrocknung.com\\\/\",\"name\":\"Schlammtrocknung | SDS - Schlammtrocknung\",\"description\":\"Schlamm- L\u00f6sungen f\u00fcr Kl\u00e4rwerke, Industrie und Umwelt\",\"publisher\":{\"@id\":\"https:\\\/\\\/schlammtrocknung.com\\\/#organization\"},\"potentialAction\":[{\"@type\":\"SearchAction\",\"target\":{\"@type\":\"EntryPoint\",\"urlTemplate\":\"https:\\\/\\\/schlammtrocknung.com\\\/?s={search_term_string}\"},\"query-input\":{\"@type\":\"PropertyValueSpecification\",\"valueRequired\":true,\"valueName\":\"search_term_string\"}}],\"inLanguage\":\"es\"},{\"@type\":\"Organization\",\"@id\":\"https:\\\/\\\/schlammtrocknung.com\\\/#organization\",\"name\":\"Schlammtrocknung | SDS - Schlammtrocknung\",\"url\":\"https:\\\/\\\/schlammtrocknung.com\\\/\",\"logo\":{\"@type\":\"ImageObject\",\"inLanguage\":\"es\",\"@id\":\"https:\\\/\\\/schlammtrocknung.com\\\/#\\\/schema\\\/logo\\\/image\\\/\",\"url\":\"https:\\\/\\\/schlammtrocknung.com\\\/wp-content\\\/uploads\\\/2023\\\/02\\\/logo_sds-1.png\",\"contentUrl\":\"https:\\\/\\\/schlammtrocknung.com\\\/wp-content\\\/uploads\\\/2023\\\/02\\\/logo_sds-1.png\",\"width\":697,\"height\":187,\"caption\":\"Schlammtrocknung | SDS - Schlammtrocknung\"},\"image\":{\"@id\":\"https:\\\/\\\/schlammtrocknung.com\\\/#\\\/schema\\\/logo\\\/image\\\/\"}}]}<\/script>\n<!-- \/ Yoast SEO plugin. -->","yoast_head_json":{"title":"Sistema de secado | michel SLUDGE-DRYING-SYSTEMS","description":"Descubre los avanzados sistemas de secado para todo tipo de lodos de michel SLUDGE-DRYING-SYSTEMS.","robots":{"index":"index","follow":"follow","max-snippet":"max-snippet:-1","max-image-preview":"max-image-preview:large","max-video-preview":"max-video-preview:-1"},"canonical":"https:\/\/schlammtrocknung.com\/es\/planta-de-secado-de-lodos\/","og_locale":"es_ES","og_type":"article","og_title":"Sistema de secado | michel SLUDGE-DRYING-SYSTEMS","og_description":"Descubre los avanzados sistemas de secado para todo tipo de lodos de michel SLUDGE-DRYING-SYSTEMS.","og_url":"https:\/\/schlammtrocknung.com\/es\/planta-de-secado-de-lodos\/","og_site_name":"Schlammtrocknung \u2013 michel SLUDGE DRYING SYSTEM","article_modified_time":"2025-05-09T08:43:02+00:00","twitter_card":"summary_large_image","twitter_misc":{"Tiempo de lectura":"6 minutos"},"schema":{"@context":"https:\/\/schema.org","@graph":[{"@type":"WebPage","@id":"https:\/\/schlammtrocknung.com\/es\/planta-de-secado-de-lodos\/","url":"https:\/\/schlammtrocknung.com\/es\/planta-de-secado-de-lodos\/","name":"Sistema de secado | michel SLUDGE-DRYING-SYSTEMS","isPartOf":{"@id":"https:\/\/schlammtrocknung.com\/#website"},"datePublished":"2025-02-24T16:25:02+00:00","dateModified":"2025-05-09T08:43:02+00:00","description":"Descubre los avanzados sistemas de secado para todo tipo de lodos de michel SLUDGE-DRYING-SYSTEMS.","breadcrumb":{"@id":"https:\/\/schlammtrocknung.com\/es\/planta-de-secado-de-lodos\/#breadcrumb"},"inLanguage":"es","potentialAction":[{"@type":"ReadAction","target":["https:\/\/schlammtrocknung.com\/es\/planta-de-secado-de-lodos\/"]}]},{"@type":"BreadcrumbList","@id":"https:\/\/schlammtrocknung.com\/es\/planta-de-secado-de-lodos\/#breadcrumb","itemListElement":[{"@type":"ListItem","position":1,"name":"Startseite","item":"https:\/\/schlammtrocknung.com\/es\/pagina-de-inicio-2\/"},{"@type":"ListItem","position":2,"name":"Planta de secado de lodos"}]},{"@type":"WebSite","@id":"https:\/\/schlammtrocknung.com\/#website","url":"https:\/\/schlammtrocknung.com\/","name":"Schlammtrocknung | SDS - Schlammtrocknung","description":"Schlamm- L\u00f6sungen f\u00fcr Kl\u00e4rwerke, Industrie und Umwelt","publisher":{"@id":"https:\/\/schlammtrocknung.com\/#organization"},"potentialAction":[{"@type":"SearchAction","target":{"@type":"EntryPoint","urlTemplate":"https:\/\/schlammtrocknung.com\/?s={search_term_string}"},"query-input":{"@type":"PropertyValueSpecification","valueRequired":true,"valueName":"search_term_string"}}],"inLanguage":"es"},{"@type":"Organization","@id":"https:\/\/schlammtrocknung.com\/#organization","name":"Schlammtrocknung | SDS - Schlammtrocknung","url":"https:\/\/schlammtrocknung.com\/","logo":{"@type":"ImageObject","inLanguage":"es","@id":"https:\/\/schlammtrocknung.com\/#\/schema\/logo\/image\/","url":"https:\/\/schlammtrocknung.com\/wp-content\/uploads\/2023\/02\/logo_sds-1.png","contentUrl":"https:\/\/schlammtrocknung.com\/wp-content\/uploads\/2023\/02\/logo_sds-1.png","width":697,"height":187,"caption":"Schlammtrocknung | SDS - Schlammtrocknung"},"image":{"@id":"https:\/\/schlammtrocknung.com\/#\/schema\/logo\/image\/"}}]}},"_links":{"self":[{"href":"https:\/\/schlammtrocknung.com\/es\/wp-json\/wp\/v2\/pages\/2243","targetHints":{"allow":["GET"]}}],"collection":[{"href":"https:\/\/schlammtrocknung.com\/es\/wp-json\/wp\/v2\/pages"}],"about":[{"href":"https:\/\/schlammtrocknung.com\/es\/wp-json\/wp\/v2\/types\/page"}],"author":[{"embeddable":true,"href":"https:\/\/schlammtrocknung.com\/es\/wp-json\/wp\/v2\/users\/1"}],"replies":[{"embeddable":true,"href":"https:\/\/schlammtrocknung.com\/es\/wp-json\/wp\/v2\/comments?post=2243"}],"version-history":[{"count":2,"href":"https:\/\/schlammtrocknung.com\/es\/wp-json\/wp\/v2\/pages\/2243\/revisions"}],"predecessor-version":[{"id":2260,"href":"https:\/\/schlammtrocknung.com\/es\/wp-json\/wp\/v2\/pages\/2243\/revisions\/2260"}],"wp:attachment":[{"href":"https:\/\/schlammtrocknung.com\/es\/wp-json\/wp\/v2\/media?parent=2243"}],"curies":[{"name":"wp","href":"https:\/\/api.w.org\/{rel}","templated":true}]}}