{"id":2290,"date":"2024-09-04T13:12:33","date_gmt":"2024-09-04T11:12:33","guid":{"rendered":"https:\/\/schlammtrocknung.com\/servicios\/tratamiento-de-lodos\/"},"modified":"2025-05-09T10:43:16","modified_gmt":"2025-05-09T08:43:16","slug":"tratamiento-de-lodos","status":"publish","type":"page","link":"https:\/\/schlammtrocknung.com\/es\/servicios\/tratamiento-de-lodos\/","title":{"rendered":"Tratamiento de lodos"},"content":{"rendered":"<div class=\"wpb-content-wrapper\"><p>[vc_row content_placement=\u00bbtop\u00bb][vc_column][vc_column_text]<\/p>\n<h1 style=\"text-align: center;\"><span style=\"color: #728d2a;\">Tratamiento eficaz de los lodos: michel SLUDGE-DRYING-SYSTEMS<\/span><\/h1>\n<p>[\/vc_column_text][vc_column_text]<\/p>\n<p style=\"text-align: center;\"><span style=\"font-weight: 400;\">Convierte los lodos de un residuo industrial en un recurso valioso &#8211; con <\/span><b>sistemas de secado de lodos michel<\/b><span style=\"font-weight: 400;\">tu socio para un tratamiento <\/span><b>tratamiento de lodos<\/b><span style=\"font-weight: 400;\">.<\/span><\/p>\n<p style=\"text-align: center;\"><a href=\"https:\/\/schlammtrocknung.com\/es\/contacta-con-nosotros\/\">\u00a1Solicita soluciones a medida!<\/a><\/p>\n<p>[\/vc_column_text][vc_empty_space height=\u00bb70px\u00bb][\/vc_column][\/vc_row][vc_row][vc_column width=\u00bb2\/3&#8243;][vc_column_text]<\/p>\n<h2><span style=\"color: #728d2a;\">Tratamiento de lodos: gran potencial para una industria sostenible<\/span><\/h2>\n<p><span style=\"font-weight: 400;\">El tratamiento de los lodos procedentes de procesos industriales, municipales o agr\u00edcolas es crucial para evitar da\u00f1os medioambientales, reciclar recursos y minimizar los riesgos para la salud. Los lodos tratados pueden utilizarse de varias formas: como   <\/span><b>fuente de energ\u00eda renovable, <\/b><span style=\"font-weight: 400;\">como<\/span><b> abono <\/b><span style=\"font-weight: 400;\">para mejorar el suelo o como materia prima en la <\/span><b>industria de la construcci\u00f3n<\/b><span style=\"font-weight: 400;\">. <\/span> <\/p>\n<p><span style=\"font-weight: 400;\">A trav\u00e9s de <\/span><span style=\"font-weight: 400;\">progresiva<\/span> <span style=\"font-weight: 400;\">tratamiento<\/span><span style=\"font-weight: 400;\"> el <\/span><a href=\"http:\/\/schlammtrocknung.com\/glossar\/wassergehalt\"><span style=\"font-weight: 400;\">contenido de agua<\/span><\/a><span style=\"font-weight: 400;\">  de los lodos, lo que reduce los costes de transporte y almacenamiento y aumenta la eficacia del tratamiento posterior. Una parte importante de este proceso es la   <\/span><b>Secado de lodos<\/b><span style=\"font-weight: 400;\">.<\/span>[\/vc_column_text][vc_empty_space height=\u00bb70px\u00bb][\/vc_column][vc_column width=\u00bb1\/3&#8243;][vc_single_image image=\u00bb1219&#8243; img_size=\u00bb400&#215;400&#8243;][\/vc_column][\/vc_row][vc_row][vc_column width=\u00bb1\/2&#8243;][vc_single_image image=\u00bb376&#8243; img_size=\u00bb600&#215;660&#8243;][vc_empty_space height=\u00bb70px\u00bb][\/vc_column][vc_column width=\u00bb1\/2&#8243;][vc_column_text]<\/p>\n<h2><span style=\"color: #728d2a;\">El proceso de tratamiento de lodos de un vistazo<\/span><\/h2>\n<p><span style=\"font-weight: 400;\">Durante el proceso de secado y transformaci\u00f3n, el material reciclable pasa por varias fases de proceso:<\/span><\/p>\n<ol>\n<li style=\"font-weight: 400;\" aria-level=\"1\"><b>Pretratamiento de los lodos:<\/b><span style=\"font-weight: 400;\"> Ajuste del valor de pH y adici\u00f3n de floculantes<\/span><\/li>\n<li style=\"font-weight: 400;\" aria-level=\"1\"><b>Acondicionamiento:<\/b><span style=\"font-weight: 400;\"> Optimizaci\u00f3n de las propiedades f\u00edsicas y qu\u00edmicas para el secado<\/span><\/li>\n<li style=\"font-weight: 400;\" aria-level=\"1\"><b>Secado:<\/b><span style=\"font-weight: 400;\"> Aplicaci\u00f3n del secado por contacto y convecci\u00f3n para reducir la humedad<\/span><\/li>\n<\/ol>\n<p><span style=\"font-weight: 400;\">Los sistemas de michel SLUDGE-DRYING-SYSTEMS integran tecnolog\u00edas avanzadas como el <a href=\"https:\/\/schlammtrocknung.com\/es\/secadora-de-baja-temperatura\/\">secado a baja temperatura<\/a><\/span><span style=\"font-weight: 400;\">lo que minimiza el consumo de energ\u00eda y reduce el impacto medioambiental. Los sistemas tienen un dise\u00f1o modular y pueden personalizarse para satisfacer requisitos y vol\u00famenes de lodos espec\u00edficos, lo que permite un tratamiento flexible y eficaz de los lodos. <\/span>[\/vc_column_text][\/vc_column][\/vc_row][vc_row][vc_column width=\u00bb1\/2&#8243;][vc_column_text]<\/p>\n<h2><span style=\"color: #728d2a;\">Sostenible y descentralizado: ventajas de nuestro tratamiento de lodos<\/span><\/h2>\n<p><b>michel SISTEMAS DE SECADO DE LODOS<\/b><span style=\"font-weight: 400;\">  ofrece ventajas \u00fanicas para las plantas de tratamiento de lodos gracias a la combinaci\u00f3n de tecnolog\u00eda punta y a\u00f1os de experiencia en ingenier\u00eda mec\u00e1nica. La integraci\u00f3n de tecnolog\u00edas de vanguardia minimiza el consumo de energ\u00eda, lo que no s\u00f3lo reduce los costes de funcionamiento, sino tambi\u00e9n el impacto medioambiental.   <\/span><\/p>\n<p><span style=\"font-weight: 400;\">Adem\u00e1s, gracias a sus menores emisiones, contribuyen a <\/span><b>reducci\u00f3n de CO\u2082 <\/b><span style=\"font-weight: 400;\">y te ayudan a alcanzar tus <\/span><b>objetivos medioambientales<\/b><span style=\"font-weight: 400;\">  conseguir. La flexibilidad y modularidad de los sistemas permite adaptarlos a   <\/span><a href=\"http:\/\/schlammtrocknung.com\/leistungen\"><span style=\"font-weight: 400;\">Diferentes tipos de lodos<\/span><\/a><b> y cantidades <\/b><span style=\"font-weight: 400;\">lo que permite una amplia gama de aplicaciones. <\/span> <\/p>\n<p><span style=\"font-weight: 400;\">Adem\u00e1s, el control cuidadoso y la optimizaci\u00f3n de los par\u00e1metros del proceso garantizan una alta calidad. <\/span><b>calidad<\/b><span style=\"font-weight: 400;\"> de los lodos secos, lo que mejora las posibilidades de reutilizaci\u00f3n y contribuye a\u00fan m\u00e1s a la eficacia econ\u00f3mica del tratamiento de lodos.<\/span>[\/vc_column_text][\/vc_column][vc_column width=\u00bb1\/2&#8243;][vc_single_image image=\u00bb373&#8243; img_size=\u00bb600&#215;520&#8243;][vc_empty_space height=\u00bb70px\u00bb][\/vc_column][\/vc_row][vc_row][vc_column][vc_empty_space height=\u00bb50px\u00bb][\/vc_column][\/vc_row][vc_row][vc_column][vc_cta h2=\u00bbTratamiento innovador de lodos con sistemas de secado de lodos michel\u00bb txt_align=\u00bbcenter\u00bb add_button=\u00bbbottom\u00bb btn_title=\u00bbPonte en contacto con nosotros\u00bb btn_style=\u00bbgradient-custom\u00bb btn_gradient_custom_color_1=\u00bb#728d2a\u00bb btn_gradient_custom_color_2=\u00bb#728d2a\u00bb btn_align=\u00bbcenter\u00bb btn_link=\u00bburl:https%3A%2F%2Fschlammtrocknung.com%2Fes%2Fcontacta-con-nosotros%2F|title:Contacta%20con%20nosotros|\u00bb]<\/p>\n<p style=\"text-align: center;\"><span style=\"font-weight: 400;\">Benef\u00edciate de la avanzada tecnolog\u00eda de <\/span><b>sistemas de secado de lodos michel<\/b><span style=\"font-weight: 400;\">para optimizar tu <\/span><b>tratamiento de lodos<\/b><span style=\"font-weight: 400;\"> optimiza tu tratamiento de lodos y, al mismo tiempo, realiza un importante <\/span><b>protecci\u00f3n medioambiental<\/b><span style=\"font-weight: 400;\">  para rendir. Nuestro equipo est\u00e1 preparado para ofrecerte una soluci\u00f3n personalizada que se adapte exactamente a tus necesidades. <\/span><\/p>\n<p>[\/vc_cta][vc_empty_space height=\u00bb50px\u00bb][\/vc_column][\/vc_row][vc_row][vc_column][vc_column_text]<\/p>\n<h2 style=\"text-align: center;\"><span style=\"color: #728d2a;\">FAQ &#8211; Preguntas frecuentes sobre el tratamiento de lodos<\/span><\/h2>\n<p>[\/vc_column_text][\/vc_column][\/vc_row][vc_row][vc_column][vc_toggle title=\u00bb\u00bfPor qu\u00e9 es tan importante el tratamiento de los lodos?\u00bb]<span style=\"font-weight: 400;\">El tratamiento de los lodos industriales es esencial para evitar da\u00f1os medioambientales, reciclar recursos y reducir los riesgos para la salud. Permite la reutilizaci\u00f3n segura y eficaz de los lodos en diversos \u00e1mbitos, desde la producci\u00f3n de energ\u00eda hasta la mejora del suelo. <\/span>[\/vc_toggle][vc_toggle title=\u00bb\u00bfCu\u00e1les son las ventajas del tratamiento de lodos?\u00bb]<span style=\"font-weight: 400;\">Una planta de tratamiento de lodos moderna y de alta calidad disminuye los costes de funcionamiento gracias a la eficiencia energ\u00e9tica, reduce la contaminaci\u00f3n ambiental y permite una adaptaci\u00f3n flexible a distintos tipos y cantidades de lodos. Esto se traduce en beneficios como la mejora de la calidad de los lodos y una amplia gama de opciones de reciclaje. <\/span>[\/vc_toggle][\/vc_column][\/vc_row]<\/p>\n<\/div>","protected":false},"excerpt":{"rendered":"<p>[vc_row content_placement=\u00bbtop\u00bb][vc_column][vc_column_text] Tratamiento eficaz de los lodos: michel SLUDGE-DRYING-SYSTEMS [\/vc_column_text][vc_column_text] Convierte los lodos de un residuo industrial en un recurso valioso &#8211; con sistemas de secado de lodos micheltu socio para un tratamiento tratamiento de lodos. \u00a1Solicita soluciones a medida! [\/vc_column_text][vc_empty_space height=\u00bb70px\u00bb][\/vc_column][\/vc_row][vc_row][vc_column width=\u00bb2\/3&#8243;][vc_column_text] Tratamiento de lodos: gran potencial para una industria sostenible El tratamiento de&hellip;<\/p>\n","protected":false},"author":1,"featured_media":0,"parent":1783,"menu_order":0,"comment_status":"closed","ping_status":"closed","template":"","meta":{"footnotes":""},"class_list":["post-2290","page","type-page","status-publish","hentry","description-off"],"yoast_head":"<!-- This site is optimized with the Yoast SEO plugin v27.3 - https:\/\/yoast.com\/product\/yoast-seo-wordpress\/ -->\n<title>Tratamiento de lodos | Michel Secado de lodos<\/title>\n<meta name=\"description\" content=\"Optimiza el tratamiento de tus lodos con los sistemas modernos y eficaces de michel SLUDGE-DRYING-SYSTEMS.\" \/>\n<meta name=\"robots\" content=\"index, follow, max-snippet:-1, max-image-preview:large, max-video-preview:-1\" \/>\n<link rel=\"canonical\" href=\"https:\/\/schlammtrocknung.com\/es\/servicios\/tratamiento-de-lodos\/\" \/>\n<meta property=\"og:locale\" content=\"es_ES\" \/>\n<meta property=\"og:type\" content=\"article\" \/>\n<meta property=\"og:title\" content=\"Tratamiento de lodos | Michel Secado de lodos\" \/>\n<meta property=\"og:description\" content=\"Optimiza el tratamiento de tus lodos con los sistemas modernos y eficaces de michel SLUDGE-DRYING-SYSTEMS.\" \/>\n<meta property=\"og:url\" content=\"https:\/\/schlammtrocknung.com\/es\/servicios\/tratamiento-de-lodos\/\" \/>\n<meta property=\"og:site_name\" content=\"Schlammtrocknung \u2013 michel SLUDGE DRYING SYSTEM\" \/>\n<meta property=\"article:modified_time\" content=\"2025-05-09T08:43:16+00:00\" \/>\n<meta name=\"twitter:card\" content=\"summary_large_image\" \/>\n<meta name=\"twitter:label1\" content=\"Tiempo de lectura\" \/>\n\t<meta name=\"twitter:data1\" content=\"4 minutos\" \/>\n<script type=\"application\/ld+json\" class=\"yoast-schema-graph\">{\"@context\":\"https:\\\/\\\/schema.org\",\"@graph\":[{\"@type\":\"WebPage\",\"@id\":\"https:\\\/\\\/schlammtrocknung.com\\\/es\\\/servicios\\\/tratamiento-de-lodos\\\/\",\"url\":\"https:\\\/\\\/schlammtrocknung.com\\\/es\\\/servicios\\\/tratamiento-de-lodos\\\/\",\"name\":\"Tratamiento de lodos | Michel Secado de lodos\",\"isPartOf\":{\"@id\":\"https:\\\/\\\/schlammtrocknung.com\\\/#website\"},\"datePublished\":\"2024-09-04T11:12:33+00:00\",\"dateModified\":\"2025-05-09T08:43:16+00:00\",\"description\":\"Optimiza el tratamiento de tus lodos con los sistemas modernos y eficaces de michel SLUDGE-DRYING-SYSTEMS.\",\"breadcrumb\":{\"@id\":\"https:\\\/\\\/schlammtrocknung.com\\\/es\\\/servicios\\\/tratamiento-de-lodos\\\/#breadcrumb\"},\"inLanguage\":\"es\",\"potentialAction\":[{\"@type\":\"ReadAction\",\"target\":[\"https:\\\/\\\/schlammtrocknung.com\\\/es\\\/servicios\\\/tratamiento-de-lodos\\\/\"]}]},{\"@type\":\"BreadcrumbList\",\"@id\":\"https:\\\/\\\/schlammtrocknung.com\\\/es\\\/servicios\\\/tratamiento-de-lodos\\\/#breadcrumb\",\"itemListElement\":[{\"@type\":\"ListItem\",\"position\":1,\"name\":\"Startseite\",\"item\":\"https:\\\/\\\/schlammtrocknung.com\\\/es\\\/pagina-de-inicio-2\\\/\"},{\"@type\":\"ListItem\",\"position\":2,\"name\":\"Servicios\",\"item\":\"https:\\\/\\\/schlammtrocknung.com\\\/es\\\/servicios\\\/\"},{\"@type\":\"ListItem\",\"position\":3,\"name\":\"Tratamiento de lodos\"}]},{\"@type\":\"WebSite\",\"@id\":\"https:\\\/\\\/schlammtrocknung.com\\\/#website\",\"url\":\"https:\\\/\\\/schlammtrocknung.com\\\/\",\"name\":\"Schlammtrocknung | SDS - Schlammtrocknung\",\"description\":\"Schlamm- L\u00f6sungen f\u00fcr Kl\u00e4rwerke, Industrie und Umwelt\",\"publisher\":{\"@id\":\"https:\\\/\\\/schlammtrocknung.com\\\/#organization\"},\"potentialAction\":[{\"@type\":\"SearchAction\",\"target\":{\"@type\":\"EntryPoint\",\"urlTemplate\":\"https:\\\/\\\/schlammtrocknung.com\\\/?s={search_term_string}\"},\"query-input\":{\"@type\":\"PropertyValueSpecification\",\"valueRequired\":true,\"valueName\":\"search_term_string\"}}],\"inLanguage\":\"es\"},{\"@type\":\"Organization\",\"@id\":\"https:\\\/\\\/schlammtrocknung.com\\\/#organization\",\"name\":\"Schlammtrocknung | SDS - Schlammtrocknung\",\"url\":\"https:\\\/\\\/schlammtrocknung.com\\\/\",\"logo\":{\"@type\":\"ImageObject\",\"inLanguage\":\"es\",\"@id\":\"https:\\\/\\\/schlammtrocknung.com\\\/#\\\/schema\\\/logo\\\/image\\\/\",\"url\":\"https:\\\/\\\/schlammtrocknung.com\\\/wp-content\\\/uploads\\\/2023\\\/02\\\/logo_sds-1.png\",\"contentUrl\":\"https:\\\/\\\/schlammtrocknung.com\\\/wp-content\\\/uploads\\\/2023\\\/02\\\/logo_sds-1.png\",\"width\":697,\"height\":187,\"caption\":\"Schlammtrocknung | SDS - Schlammtrocknung\"},\"image\":{\"@id\":\"https:\\\/\\\/schlammtrocknung.com\\\/#\\\/schema\\\/logo\\\/image\\\/\"}}]}<\/script>\n<!-- \/ Yoast SEO plugin. -->","yoast_head_json":{"title":"Tratamiento de lodos | Michel Secado de lodos","description":"Optimiza el tratamiento de tus lodos con los sistemas modernos y eficaces de michel SLUDGE-DRYING-SYSTEMS.","robots":{"index":"index","follow":"follow","max-snippet":"max-snippet:-1","max-image-preview":"max-image-preview:large","max-video-preview":"max-video-preview:-1"},"canonical":"https:\/\/schlammtrocknung.com\/es\/servicios\/tratamiento-de-lodos\/","og_locale":"es_ES","og_type":"article","og_title":"Tratamiento de lodos | Michel Secado de lodos","og_description":"Optimiza el tratamiento de tus lodos con los sistemas modernos y eficaces de michel SLUDGE-DRYING-SYSTEMS.","og_url":"https:\/\/schlammtrocknung.com\/es\/servicios\/tratamiento-de-lodos\/","og_site_name":"Schlammtrocknung \u2013 michel SLUDGE DRYING SYSTEM","article_modified_time":"2025-05-09T08:43:16+00:00","twitter_card":"summary_large_image","twitter_misc":{"Tiempo de lectura":"4 minutos"},"schema":{"@context":"https:\/\/schema.org","@graph":[{"@type":"WebPage","@id":"https:\/\/schlammtrocknung.com\/es\/servicios\/tratamiento-de-lodos\/","url":"https:\/\/schlammtrocknung.com\/es\/servicios\/tratamiento-de-lodos\/","name":"Tratamiento de lodos | Michel Secado de lodos","isPartOf":{"@id":"https:\/\/schlammtrocknung.com\/#website"},"datePublished":"2024-09-04T11:12:33+00:00","dateModified":"2025-05-09T08:43:16+00:00","description":"Optimiza el tratamiento de tus lodos con los sistemas modernos y eficaces de michel SLUDGE-DRYING-SYSTEMS.","breadcrumb":{"@id":"https:\/\/schlammtrocknung.com\/es\/servicios\/tratamiento-de-lodos\/#breadcrumb"},"inLanguage":"es","potentialAction":[{"@type":"ReadAction","target":["https:\/\/schlammtrocknung.com\/es\/servicios\/tratamiento-de-lodos\/"]}]},{"@type":"BreadcrumbList","@id":"https:\/\/schlammtrocknung.com\/es\/servicios\/tratamiento-de-lodos\/#breadcrumb","itemListElement":[{"@type":"ListItem","position":1,"name":"Startseite","item":"https:\/\/schlammtrocknung.com\/es\/pagina-de-inicio-2\/"},{"@type":"ListItem","position":2,"name":"Servicios","item":"https:\/\/schlammtrocknung.com\/es\/servicios\/"},{"@type":"ListItem","position":3,"name":"Tratamiento de lodos"}]},{"@type":"WebSite","@id":"https:\/\/schlammtrocknung.com\/#website","url":"https:\/\/schlammtrocknung.com\/","name":"Schlammtrocknung | SDS - Schlammtrocknung","description":"Schlamm- L\u00f6sungen f\u00fcr Kl\u00e4rwerke, Industrie und Umwelt","publisher":{"@id":"https:\/\/schlammtrocknung.com\/#organization"},"potentialAction":[{"@type":"SearchAction","target":{"@type":"EntryPoint","urlTemplate":"https:\/\/schlammtrocknung.com\/?s={search_term_string}"},"query-input":{"@type":"PropertyValueSpecification","valueRequired":true,"valueName":"search_term_string"}}],"inLanguage":"es"},{"@type":"Organization","@id":"https:\/\/schlammtrocknung.com\/#organization","name":"Schlammtrocknung | SDS - Schlammtrocknung","url":"https:\/\/schlammtrocknung.com\/","logo":{"@type":"ImageObject","inLanguage":"es","@id":"https:\/\/schlammtrocknung.com\/#\/schema\/logo\/image\/","url":"https:\/\/schlammtrocknung.com\/wp-content\/uploads\/2023\/02\/logo_sds-1.png","contentUrl":"https:\/\/schlammtrocknung.com\/wp-content\/uploads\/2023\/02\/logo_sds-1.png","width":697,"height":187,"caption":"Schlammtrocknung | SDS - Schlammtrocknung"},"image":{"@id":"https:\/\/schlammtrocknung.com\/#\/schema\/logo\/image\/"}}]}},"_links":{"self":[{"href":"https:\/\/schlammtrocknung.com\/es\/wp-json\/wp\/v2\/pages\/2290","targetHints":{"allow":["GET"]}}],"collection":[{"href":"https:\/\/schlammtrocknung.com\/es\/wp-json\/wp\/v2\/pages"}],"about":[{"href":"https:\/\/schlammtrocknung.com\/es\/wp-json\/wp\/v2\/types\/page"}],"author":[{"embeddable":true,"href":"https:\/\/schlammtrocknung.com\/es\/wp-json\/wp\/v2\/users\/1"}],"replies":[{"embeddable":true,"href":"https:\/\/schlammtrocknung.com\/es\/wp-json\/wp\/v2\/comments?post=2290"}],"version-history":[{"count":2,"href":"https:\/\/schlammtrocknung.com\/es\/wp-json\/wp\/v2\/pages\/2290\/revisions"}],"predecessor-version":[{"id":2300,"href":"https:\/\/schlammtrocknung.com\/es\/wp-json\/wp\/v2\/pages\/2290\/revisions\/2300"}],"up":[{"embeddable":true,"href":"https:\/\/schlammtrocknung.com\/es\/wp-json\/wp\/v2\/pages\/1783"}],"wp:attachment":[{"href":"https:\/\/schlammtrocknung.com\/es\/wp-json\/wp\/v2\/media?parent=2290"}],"curies":[{"name":"wp","href":"https:\/\/api.w.org\/{rel}","templated":true}]}}