{"id":2292,"date":"2024-09-04T15:19:37","date_gmt":"2024-09-04T13:19:37","guid":{"rendered":"https:\/\/schlammtrocknung.com\/secadora-de-baja-temperatura\/"},"modified":"2025-05-09T10:43:16","modified_gmt":"2025-05-09T08:43:16","slug":"secadora-de-baja-temperatura","status":"publish","type":"page","link":"https:\/\/schlammtrocknung.com\/es\/secadora-de-baja-temperatura\/","title":{"rendered":"Secadora de baja temperatura"},"content":{"rendered":"<div class=\"wpb-content-wrapper\"><p>[vc_row content_placement=\u00bbtop\u00bb][vc_column][vc_column_text]<\/p>\n<h1 style=\"text-align: center;\"><span style=\"color: #728d2a;\"><b>Secadoras de baja temperatura en michel SLUDGE-DRYING-SYSTEMS<\/b><\/span><\/h1>\n<p>[\/vc_column_text][vc_column_text]<\/p>\n<p style=\"text-align: center;\"><span style=\"font-weight: 400;\">Maximiza la eficacia de tu <\/span><b>secado de lodos<\/b><span style=\"font-weight: 400;\"> con avanzados <\/span><b>secadores de baja temperatura<\/b><span style=\"font-weight: 400;\">  de los SISTEMAS DE SECADO DE LODOS michel, desarrollados para un rendimiento \u00f3ptimo con un consumo m\u00ednimo de energ\u00eda. Nuestros sistemas de secado utilizan esta moderna tecnolog\u00eda para que el secado de lodos sea lo m\u00e1s suave posible. <\/span><\/p>\n<p>[\/vc_column_text][vc_empty_space height=\u00bb70px\u00bb][\/vc_column][\/vc_row][vc_row][vc_column][vc_column_text]<\/p>\n<h2 style=\"text-align: center;\"><span style=\"color: #728d2a;\">Peque\u00f1as temperaturas, gran efecto<\/span><\/h2>\n<p style=\"text-align: center;\"><span style=\"font-weight: 400;\">Una secadora de baja temperatura funciona a <\/span><b>temperaturas m\u00e1s bajas<\/b><span style=\"font-weight: 400;\">para secar eficazmente los lodos sin cambiar su composici\u00f3n qu\u00edmica ni generar emisiones nocivas. Esta tecnolog\u00eda utiliza el calor de forma controlada y eficaz para evaporar la humedad de los lodos, lo que reduce significativamente las necesidades energ\u00e9ticas y minimiza la carga t\u00e9rmica del material. <\/span><span style=\"color: #728d2a;\"><br \/>\n<\/span><\/p>\n<p>[\/vc_column_text][vc_empty_space height=\u00bb30px\u00bb][vc_column_text]<\/p>\n<h3 style=\"text-align: center;\"><span style=\"color: #728d2a;\">El secador de baja temperatura en nuestro proceso de secado de lodos SDS<\/span><\/h3>\n<p>[\/vc_column_text][\/vc_column][\/vc_row][vc_row][vc_column width=\u00bb1\/2&#8243;][vc_single_image image=\u00bb376&#8243; img_size=\u00bb600&#215;400&#8243;][vc_empty_space height=\u00bb70px\u00bb][\/vc_column][vc_column width=\u00bb1\/2&#8243;][vc_column_text]<span style=\"font-weight: 400;\">michel SLUDGE-DRYING-SYSTEMS es el proveedor de sistemas modulares <\/span><b>sistemas modulares de secado de lodos<\/b><span style=\"font-weight: 400;\">que est\u00e1n disponibles en varios tama\u00f1os y pueden personalizarse para satisfacer las necesidades de cada cliente. Estos sistemas est\u00e1n dise\u00f1ados para reducir eficazmente el contenido de agua en los lodos y, al mismo tiempo, minimizarlo. <\/span> <b> Minimizar el consumo de energ\u00eda<\/b><span style=\"font-weight: 400;\">.<\/span><\/p>\n<p><span style=\"font-weight: 400;\">La integraci\u00f3n de m\u00e9todos de secado suave en un \u00fanico sistema permite un tratamiento de lodos eficaz y sin fisuras. <\/span><a href=\"http:\/\/schlammtrocknung.com\/leistungen\/schlammbehandlung\"><span style=\"font-weight: 400;\">tratamiento de lodos<\/span><\/a><span style=\"font-weight: 400;\"> de principio a fin, sin necesidad de m\u00e1quinas separadas para las distintas fases de secado.<\/span>[\/vc_column_text][\/vc_column][\/vc_row][vc_row][vc_column][vc_column_text]<\/p>\n<h2 style=\"text-align: center;\"><span style=\"color: #728d2a;\"><b>Tratamiento suave: <\/b>secado de lodos en michel SLUDGE-DRYING-SYSTEMS<\/span><\/h2>\n<p>[\/vc_column_text][vc_toggle title=\u00bbEl uso de secadores de baja temperatura en nuestras plantas de secado de lodos ofrece numerosas ventajas:\u00bb custom_font_container=\u00bbtag:h3|text_align:left\u00bb use_custom_heading=\u00bbtrue\u00bb]<span style=\"font-weight: 400;\">El uso de secadores de baja temperatura en nuestros sistemas de secado de lodos ofrece numerosas <\/span><b>ventajas<\/b><span style=\"font-weight: 400;\">. <\/span> <span style=\"font-weight: 400;\">Al reducirse el calor, se consume menos energ\u00eda en el proceso de secado. Esto no s\u00f3lo aumenta la   <\/span><b>Eficiencia energ\u00e9tica<\/b><span style=\"font-weight: 400;\">sino que tambi\u00e9n ahorra costes. Adem\u00e1s del medio ambiente y tu cartera, tambi\u00e9n se protege la materia prima y el producto final potencial del secado de lodos. <\/span><\/p>\n<p><span style=\"font-weight: 400;\">Descubre las ventajas del <\/span><b>secado a baja temperatura<\/b><span style=\"font-weight: 400;\"> con los SISTEMAS DE SECADO DE LODOS michel en detalle:<\/span><\/p>\n<ul>\n<li style=\"font-weight: 400;\" aria-level=\"1\"><b>Eficiencia energ\u00e9tica:<\/b><span style=\"font-weight: 400;\"> La tecnolog\u00eda reduce significativamente el consumo de energ\u00eda, ya que se necesita menos calor para vaporizar el l\u00edquido de los lodos.<\/span><\/li>\n<li style=\"font-weight: 400;\" aria-level=\"1\"><b>Respetuosos con el medio ambiente:<\/b><span style=\"font-weight: 400;\"> Nuestros sistemas no producen emisiones nocivas, reducen las emisiones de CO\u2082 y evitan los problemas de aguas residuales, lo que los convierte en una opci\u00f3n respetuosa con el medio ambiente.<\/span><\/li>\n<li style=\"font-weight: 400;\" aria-level=\"1\"><b>Ahorro de costes:<\/b><span style=\"font-weight: 400;\">  El aprovechamiento eficaz del calor y la electricidad reduce los costes de funcionamiento. Adem\u00e1s, el dise\u00f1o compacto del sistema ahorra espacio, ya que no es necesario un tejado o nave separados. <\/span><\/li>\n<li style=\"font-weight: 400;\" aria-level=\"1\"><b>Tratamiento suave:<\/b><span style=\"font-weight: 400;\"> El proceso de secado a bajas temperaturas evita el encolado del material y minimiza la emisi\u00f3n de polvo y otras part\u00edculas.<\/span><\/li>\n<li style=\"font-weight: 400;\" aria-level=\"1\"><b>Versatilidad:<\/b><span style=\"font-weight: 400;\"> Las unidades son adecuadas para una amplia gama de lodos, lo que las convierte en una opci\u00f3n flexible para diversas aplicaciones industriales.<\/span><\/li>\n<\/ul>\n<p>[\/vc_toggle][\/vc_column][\/vc_row][vc_row][vc_column][vc_empty_space height=\u00bb50px\u00bb][vc_cta h2=\u00bbInicia tu secado de lodos con michel SLUDGE-DRYING-SYSTEMS\u00bb txt_align=\u00bbcenter\u00bb add_button=\u00bbbottom\u00bb btn_title=\u00bbPonte en contacto con nosotros\u00bb btn_style=\u00bbgradient-custom\u00bb btn_gradient_custom_color_1=\u00bb#728d2a\u00bb btn_gradient_custom_color_2=\u00bb#728d2a\u00bb btn_align=\u00bbcenter\u00bb btn_link=\u00bburl:https%3A%2F%2Fschlammtrocknung.com%2Fes%2Fcontacta-con-nosotros%2F|title:Contacta%20con%20nosotros|\u00bb]<\/p>\n<p style=\"text-align: center;\"><span style=\"font-weight: 400;\">Conf\u00eda en la innovadora tecnolog\u00eda de michel SLUDGE-DRYING-SYSTEMS para tu secado de lodos. Ponte en contacto con nosotros hoy mismo para saber m\u00e1s sobre c\u00f3mo nuestros   <\/span><span style=\"font-weight: 400;\">sistemas de secado<\/span><span style=\"font-weight: 400;\"> hacen que tus procesos de producci\u00f3n sean m\u00e1s eficaces y respetuosos con el medio ambiente.<\/span><\/p>\n<p>[\/vc_cta][vc_empty_space height=\u00bb50px\u00bb][\/vc_column][\/vc_row][vc_row][vc_column][vc_column_text]<\/p>\n<h2 style=\"text-align: center;\"><span style=\"color: #728d2a;\">FAQ &#8211; Preguntas frecuentes sobre la secadora de baja temperatura<\/span><\/h2>\n<p>[\/vc_column_text][\/vc_column][\/vc_row][vc_row][vc_column][vc_toggle title=\u00bb\u00bfCu\u00e1les son las ventajas de una secadora de baja temperatura?\u00bb]<span style=\"font-weight: 400;\">Un secador de baja temperatura seca los lodos a baja temperatura, lo que minimiza el consumo de energ\u00eda sin generar emisiones nocivas.<\/span>[\/vc_toggle][vc_toggle title=\u00bb\u00bfC\u00f3mo contribuye la secadora de baja temperatura al respeto del medio ambiente?\u00bb]<span style=\"font-weight: 400;\">Al funcionar a bajas temperaturas, los secadores de baja temperatura reducen significativamente los requisitos energ\u00e9ticos y evitan las emisiones nocivas, lo que los convierte en una soluci\u00f3n ecol\u00f3gica para el secado de lodos.<\/span>[\/vc_toggle][\/vc_column][\/vc_row]<\/p>\n<\/div>","protected":false},"excerpt":{"rendered":"<p>[vc_row content_placement=\u00bbtop\u00bb][vc_column][vc_column_text] Secadoras de baja temperatura en michel SLUDGE-DRYING-SYSTEMS [\/vc_column_text][vc_column_text] Maximiza la eficacia de tu secado de lodos con avanzados secadores de baja temperatura de los SISTEMAS DE SECADO DE LODOS michel, desarrollados para un rendimiento \u00f3ptimo con un consumo m\u00ednimo de energ\u00eda. Nuestros sistemas de secado utilizan esta moderna tecnolog\u00eda para que el secado&hellip;<\/p>\n","protected":false},"author":1,"featured_media":0,"parent":0,"menu_order":0,"comment_status":"closed","ping_status":"closed","template":"","meta":{"footnotes":""},"class_list":["post-2292","page","type-page","status-publish","hentry","description-off"],"yoast_head":"<!-- This site is optimized with the Yoast SEO plugin v27.3 - https:\/\/yoast.com\/product\/yoast-seo-wordpress\/ -->\n<title>Secadora de baja temperatura | Secado de lodos Michel<\/title>\n<meta name=\"description\" content=\"Descubre los secadores de baja temperatura de michel SLUDGE-DRYING-SYSTEMS para un secado suave de los lodos.\" \/>\n<meta name=\"robots\" content=\"index, follow, max-snippet:-1, max-image-preview:large, max-video-preview:-1\" \/>\n<link rel=\"canonical\" href=\"https:\/\/schlammtrocknung.com\/es\/secadora-de-baja-temperatura\/\" \/>\n<meta property=\"og:locale\" content=\"es_ES\" \/>\n<meta property=\"og:type\" content=\"article\" \/>\n<meta property=\"og:title\" content=\"Secadora de baja temperatura | Secado de lodos Michel\" \/>\n<meta property=\"og:description\" content=\"Descubre los secadores de baja temperatura de michel SLUDGE-DRYING-SYSTEMS para un secado suave de los lodos.\" \/>\n<meta property=\"og:url\" content=\"https:\/\/schlammtrocknung.com\/es\/secadora-de-baja-temperatura\/\" \/>\n<meta property=\"og:site_name\" content=\"Schlammtrocknung \u2013 michel SLUDGE DRYING SYSTEM\" \/>\n<meta property=\"article:modified_time\" content=\"2025-05-09T08:43:16+00:00\" \/>\n<meta name=\"twitter:card\" content=\"summary_large_image\" \/>\n<meta name=\"twitter:label1\" content=\"Tiempo de lectura\" \/>\n\t<meta name=\"twitter:data1\" content=\"4 minutos\" \/>\n<script type=\"application\/ld+json\" class=\"yoast-schema-graph\">{\"@context\":\"https:\\\/\\\/schema.org\",\"@graph\":[{\"@type\":\"WebPage\",\"@id\":\"https:\\\/\\\/schlammtrocknung.com\\\/es\\\/secadora-de-baja-temperatura\\\/\",\"url\":\"https:\\\/\\\/schlammtrocknung.com\\\/es\\\/secadora-de-baja-temperatura\\\/\",\"name\":\"Secadora de baja temperatura | Secado de lodos Michel\",\"isPartOf\":{\"@id\":\"https:\\\/\\\/schlammtrocknung.com\\\/#website\"},\"datePublished\":\"2024-09-04T13:19:37+00:00\",\"dateModified\":\"2025-05-09T08:43:16+00:00\",\"description\":\"Descubre los secadores de baja temperatura de michel SLUDGE-DRYING-SYSTEMS para un secado suave de los lodos.\",\"breadcrumb\":{\"@id\":\"https:\\\/\\\/schlammtrocknung.com\\\/es\\\/secadora-de-baja-temperatura\\\/#breadcrumb\"},\"inLanguage\":\"es\",\"potentialAction\":[{\"@type\":\"ReadAction\",\"target\":[\"https:\\\/\\\/schlammtrocknung.com\\\/es\\\/secadora-de-baja-temperatura\\\/\"]}]},{\"@type\":\"BreadcrumbList\",\"@id\":\"https:\\\/\\\/schlammtrocknung.com\\\/es\\\/secadora-de-baja-temperatura\\\/#breadcrumb\",\"itemListElement\":[{\"@type\":\"ListItem\",\"position\":1,\"name\":\"Startseite\",\"item\":\"https:\\\/\\\/schlammtrocknung.com\\\/es\\\/pagina-de-inicio-2\\\/\"},{\"@type\":\"ListItem\",\"position\":2,\"name\":\"Secadora de baja temperatura\"}]},{\"@type\":\"WebSite\",\"@id\":\"https:\\\/\\\/schlammtrocknung.com\\\/#website\",\"url\":\"https:\\\/\\\/schlammtrocknung.com\\\/\",\"name\":\"Schlammtrocknung | SDS - Schlammtrocknung\",\"description\":\"Schlamm- L\u00f6sungen f\u00fcr Kl\u00e4rwerke, Industrie und Umwelt\",\"publisher\":{\"@id\":\"https:\\\/\\\/schlammtrocknung.com\\\/#organization\"},\"potentialAction\":[{\"@type\":\"SearchAction\",\"target\":{\"@type\":\"EntryPoint\",\"urlTemplate\":\"https:\\\/\\\/schlammtrocknung.com\\\/?s={search_term_string}\"},\"query-input\":{\"@type\":\"PropertyValueSpecification\",\"valueRequired\":true,\"valueName\":\"search_term_string\"}}],\"inLanguage\":\"es\"},{\"@type\":\"Organization\",\"@id\":\"https:\\\/\\\/schlammtrocknung.com\\\/#organization\",\"name\":\"Schlammtrocknung | SDS - Schlammtrocknung\",\"url\":\"https:\\\/\\\/schlammtrocknung.com\\\/\",\"logo\":{\"@type\":\"ImageObject\",\"inLanguage\":\"es\",\"@id\":\"https:\\\/\\\/schlammtrocknung.com\\\/#\\\/schema\\\/logo\\\/image\\\/\",\"url\":\"https:\\\/\\\/schlammtrocknung.com\\\/wp-content\\\/uploads\\\/2023\\\/02\\\/logo_sds-1.png\",\"contentUrl\":\"https:\\\/\\\/schlammtrocknung.com\\\/wp-content\\\/uploads\\\/2023\\\/02\\\/logo_sds-1.png\",\"width\":697,\"height\":187,\"caption\":\"Schlammtrocknung | SDS - Schlammtrocknung\"},\"image\":{\"@id\":\"https:\\\/\\\/schlammtrocknung.com\\\/#\\\/schema\\\/logo\\\/image\\\/\"}}]}<\/script>\n<!-- \/ Yoast SEO plugin. -->","yoast_head_json":{"title":"Secadora de baja temperatura | Secado de lodos Michel","description":"Descubre los secadores de baja temperatura de michel SLUDGE-DRYING-SYSTEMS para un secado suave de los lodos.","robots":{"index":"index","follow":"follow","max-snippet":"max-snippet:-1","max-image-preview":"max-image-preview:large","max-video-preview":"max-video-preview:-1"},"canonical":"https:\/\/schlammtrocknung.com\/es\/secadora-de-baja-temperatura\/","og_locale":"es_ES","og_type":"article","og_title":"Secadora de baja temperatura | Secado de lodos Michel","og_description":"Descubre los secadores de baja temperatura de michel SLUDGE-DRYING-SYSTEMS para un secado suave de los lodos.","og_url":"https:\/\/schlammtrocknung.com\/es\/secadora-de-baja-temperatura\/","og_site_name":"Schlammtrocknung \u2013 michel SLUDGE DRYING SYSTEM","article_modified_time":"2025-05-09T08:43:16+00:00","twitter_card":"summary_large_image","twitter_misc":{"Tiempo de lectura":"4 minutos"},"schema":{"@context":"https:\/\/schema.org","@graph":[{"@type":"WebPage","@id":"https:\/\/schlammtrocknung.com\/es\/secadora-de-baja-temperatura\/","url":"https:\/\/schlammtrocknung.com\/es\/secadora-de-baja-temperatura\/","name":"Secadora de baja temperatura | Secado de lodos Michel","isPartOf":{"@id":"https:\/\/schlammtrocknung.com\/#website"},"datePublished":"2024-09-04T13:19:37+00:00","dateModified":"2025-05-09T08:43:16+00:00","description":"Descubre los secadores de baja temperatura de michel SLUDGE-DRYING-SYSTEMS para un secado suave de los lodos.","breadcrumb":{"@id":"https:\/\/schlammtrocknung.com\/es\/secadora-de-baja-temperatura\/#breadcrumb"},"inLanguage":"es","potentialAction":[{"@type":"ReadAction","target":["https:\/\/schlammtrocknung.com\/es\/secadora-de-baja-temperatura\/"]}]},{"@type":"BreadcrumbList","@id":"https:\/\/schlammtrocknung.com\/es\/secadora-de-baja-temperatura\/#breadcrumb","itemListElement":[{"@type":"ListItem","position":1,"name":"Startseite","item":"https:\/\/schlammtrocknung.com\/es\/pagina-de-inicio-2\/"},{"@type":"ListItem","position":2,"name":"Secadora de baja temperatura"}]},{"@type":"WebSite","@id":"https:\/\/schlammtrocknung.com\/#website","url":"https:\/\/schlammtrocknung.com\/","name":"Schlammtrocknung | SDS - Schlammtrocknung","description":"Schlamm- L\u00f6sungen f\u00fcr Kl\u00e4rwerke, Industrie und Umwelt","publisher":{"@id":"https:\/\/schlammtrocknung.com\/#organization"},"potentialAction":[{"@type":"SearchAction","target":{"@type":"EntryPoint","urlTemplate":"https:\/\/schlammtrocknung.com\/?s={search_term_string}"},"query-input":{"@type":"PropertyValueSpecification","valueRequired":true,"valueName":"search_term_string"}}],"inLanguage":"es"},{"@type":"Organization","@id":"https:\/\/schlammtrocknung.com\/#organization","name":"Schlammtrocknung | SDS - Schlammtrocknung","url":"https:\/\/schlammtrocknung.com\/","logo":{"@type":"ImageObject","inLanguage":"es","@id":"https:\/\/schlammtrocknung.com\/#\/schema\/logo\/image\/","url":"https:\/\/schlammtrocknung.com\/wp-content\/uploads\/2023\/02\/logo_sds-1.png","contentUrl":"https:\/\/schlammtrocknung.com\/wp-content\/uploads\/2023\/02\/logo_sds-1.png","width":697,"height":187,"caption":"Schlammtrocknung | SDS - Schlammtrocknung"},"image":{"@id":"https:\/\/schlammtrocknung.com\/#\/schema\/logo\/image\/"}}]}},"_links":{"self":[{"href":"https:\/\/schlammtrocknung.com\/es\/wp-json\/wp\/v2\/pages\/2292","targetHints":{"allow":["GET"]}}],"collection":[{"href":"https:\/\/schlammtrocknung.com\/es\/wp-json\/wp\/v2\/pages"}],"about":[{"href":"https:\/\/schlammtrocknung.com\/es\/wp-json\/wp\/v2\/types\/page"}],"author":[{"embeddable":true,"href":"https:\/\/schlammtrocknung.com\/es\/wp-json\/wp\/v2\/users\/1"}],"replies":[{"embeddable":true,"href":"https:\/\/schlammtrocknung.com\/es\/wp-json\/wp\/v2\/comments?post=2292"}],"version-history":[{"count":2,"href":"https:\/\/schlammtrocknung.com\/es\/wp-json\/wp\/v2\/pages\/2292\/revisions"}],"predecessor-version":[{"id":2299,"href":"https:\/\/schlammtrocknung.com\/es\/wp-json\/wp\/v2\/pages\/2292\/revisions\/2299"}],"wp:attachment":[{"href":"https:\/\/schlammtrocknung.com\/es\/wp-json\/wp\/v2\/media?parent=2292"}],"curies":[{"name":"wp","href":"https:\/\/api.w.org\/{rel}","templated":true}]}}