{"id":2312,"date":"2024-09-04T12:54:09","date_gmt":"2024-09-04T10:54:09","guid":{"rendered":"https:\/\/schlammtrocknung.com\/servicios\/secado-de-lodos-de-papel\/"},"modified":"2025-05-09T10:43:23","modified_gmt":"2025-05-09T08:43:23","slug":"secado-de-lodos-de-papel","status":"publish","type":"page","link":"https:\/\/schlammtrocknung.com\/es\/servicios\/secado-de-lodos-de-papel\/","title":{"rendered":"Secado de lodos de papel"},"content":{"rendered":"<div class=\"wpb-content-wrapper\"><p>[vc_row content_placement=\u00bbtop\u00bb][vc_column][vc_column_text]<\/p>\n<h1 style=\"text-align: center;\"><span style=\"color: #728d2a;\">Secado de lodos de papel: aprovechamiento de residuos y protecci\u00f3n del medio ambiente<br \/>\n<\/span><\/h1>\n<p>[\/vc_column_text][vc_column_text]<\/p>\n<p style=\"text-align: center;\"><span style=\"font-weight: 400;\">Utiliza las soluciones avanzadas de <\/span><b>sistemas de secado de lodos michel<\/b><span style=\"font-weight: 400;\"> para un secado eficaz y respetuoso con el medio ambiente <\/span><b>secado de lodos de papel<\/b><span style=\"font-weight: 400;\">. Nuestros sistemas permiten minimizar el volumen de tus residuos de producci\u00f3n y eliminarlos o reciclarlos adecuadamente.<\/span><\/p>\n<p style=\"text-align: center;\"><a href=\"https:\/\/schlammtrocknung.com\/es\/contacta-con-nosotros\/\">M\u00e1s informaci\u00f3n<\/a><\/p>\n<p>[\/vc_column_text][vc_empty_space height=\u00bb50px\u00bb][\/vc_column][\/vc_row][vc_row][vc_column width=\u00bb2\/3&#8243;][vc_column_text]<\/p>\n<h2><span style=\"color: #728d2a;\">Procesa eficazmente los lodos de papel<br \/>\n<\/span><\/h2>\n<p>[\/vc_column_text][vc_message]<i><span style=\"font-weight: 400;\">\u00bfQu\u00e9 son los lodos de papel?<\/span><\/i><\/p>\n<p><i><span style=\"font-weight: 400;\">El lodo de papel es un subproducto de la producci\u00f3n de papel que se crea durante el proceso de limpieza de la pasta y filtraci\u00f3n del agua. Estos lodos est\u00e1n compuestos principalmente por fibras, cargas, productos qu\u00edmicos y agua.   <\/span><\/i>[\/vc_message][vc_column_text]<span style=\"font-weight: 400;\">Aunque contiene materiales org\u00e1nicos valiosos, los lodos de papel <\/span><b>lodos de papel<\/b><span style=\"font-weight: 400;\"> sin un tratamiento adecuado <\/span><b>problema de eliminaci\u00f3n<\/b><span style=\"font-weight: 400;\">  representan. El tratamiento y secado eficaces de los lodos es crucial para minimizar su impacto medioambiental y maximizar el reciclaje de las materias primas que contienen. <\/span>[\/vc_column_text][vc_empty_space height=\u00bb70px\u00bb][\/vc_column][\/vc_row][vc_row][vc_column width=\u00bb1\/2&#8243;][vc_single_image image=\u00bb1225&#8243; img_size=\u00bbfull\u00bb][vc_empty_space height=\u00bb70px\u00bb][\/vc_column][vc_column width=\u00bb1\/2&#8243;][vc_column_text]<span style=\"font-weight: 400;\">S\u00f3lo mediante <\/span><b>secado de lodos de papel<\/b><span style=\"font-weight: 400;\">  Esto reduce su volumen y peso, lo que minimiza los costes y el impacto medioambiental de su transporte y eliminaci\u00f3n. El secado estabiliza los lodos, lo que reduce la emisi\u00f3n de olores y el riesgo de contaminaci\u00f3n.   <\/span><\/p>\n<p><span style=\"font-weight: 400;\">El <a href=\"https:\/\/schlammtrocknung.com\/schlammtrocknung-verfahren\/\">proceso de secado<\/a> tambi\u00e9n permite recuperar fibras y cargas para reutilizarlas en la producci\u00f3n de papel u otras aplicaciones industriales, lo que reduce la necesidad de extraer nuevas materias primas y ayuda a conservar los recursos naturales.<\/span>[\/vc_column_text][\/vc_column][\/vc_row][vc_row][vc_column width=\u00bb1\/2&#8243;][vc_column_text]<\/p>\n<h2><span style=\"color: #728d2a;\">Secado avanzado de lodos de papel con michel SLUDGE-DRYING-SYSTEMS<\/span><\/h2>\n<p><span style=\"font-weight: 400;\">michel SLUDGE-DRYING-SYSTEMS utiliza una tecnolog\u00eda avanzada para el secado de lodos de papel. <\/span><b>secado de lodos de papel<\/b><span style=\"font-weight: 400;\">la alta <\/span><b>eficiencia energ\u00e9tica<\/b><span style=\"font-weight: 400;\">  y bajo impacto medioambiental. Nuestros sistemas utilizan una combinaci\u00f3n de   <\/span><b>Secado por contacto y convecci\u00f3n<\/b><span style=\"font-weight: 400;\">que permite una transferencia de calor uniforme y eficaz. <\/span> <\/p>\n<p><span style=\"font-weight: 400;\">Este sistema funciona a bajas temperaturas para reducir los costes energ\u00e9ticos. Los sistemas modulares pueden instalarse directamente in situ y est\u00e1n disponibles en varios tama\u00f1os para satisfacer los distintos vol\u00famenes y requisitos de las empresas productoras de papel. <\/span>[\/vc_column_text][\/vc_column][vc_column width=\u00bb1\/2&#8243;][vc_single_image image=\u00bb373&#8243; img_size=\u00bb600&#215;480&#8243;][vc_empty_space height=\u00bb70px\u00bb][\/vc_column][\/vc_row][vc_row][vc_column width=\u00bb1\/2&#8243;][vc_single_image image=\u00bb371&#8243; img_size=\u00bb600&#215;550&#8243;][vc_empty_space height=\u00bb70px\u00bb][\/vc_column][vc_column width=\u00bb1\/2&#8243;][vc_column_text]<\/p>\n<h3><span style=\"color: #728d2a;\">Ventajas del secado de lodos de papel con michel SLUDGE-DRYING-SYSTEMS<\/span><\/h3>\n<p><span style=\"font-weight: 400;\">Como proveedor l\u00edder de sistemas especializados para el secado de lodos de papel, hay muchas buenas razones para que elijas nuestras soluciones:<\/span><\/p>\n<ul>\n<li style=\"font-weight: 400;\" aria-level=\"1\"><b>Sin costes de transporte: <\/b><span style=\"font-weight: 400;\">Nuestros sistemas funcionan directamente in situ y hacen obsoleto el transporte adicional de lodos de papel sin procesar.<\/span><\/li>\n<li style=\"font-weight: 400;\" aria-level=\"1\"><b>Costes de funcionamiento reducidos:<\/b><span style=\"font-weight: 400;\"> Gracias al secado eficaz a baja temperatura, te beneficias de un menor consumo de energ\u00eda.<\/span><\/li>\n<li style=\"font-weight: 400;\" aria-level=\"1\"><b>Ahorro de espacio:<\/b><span style=\"font-weight: 400;\"> El secado de lodos reduce el volumen de tus lodos de papel y, por tanto, el tama\u00f1o de tu zona de almacenamiento.<\/span><\/li>\n<li style=\"font-weight: 400;\" aria-level=\"1\"><b>Mejor calidad del material:<\/b><span style=\"font-weight: 400;\"> Nuestro suave proceso de secado preserva la calidad de la fibra para posteriores aplicaciones industriales.<\/span><\/li>\n<li style=\"font-weight: 400;\" aria-level=\"1\"><b>Flexibilidad:<\/b><span style=\"font-weight: 400;\"> Nuestros sistemas personalizables pueden adaptarse a distintas calidades y cantidades de lodos.<\/span><\/li>\n<\/ul>\n<p>[\/vc_column_text][\/vc_column][\/vc_row][vc_row][vc_column][vc_cta h2=\u00bb\u00a1Ponte en contacto ahora!\u00bb txt_align=\u00bbcenter\u00bb add_button=\u00bbbottom\u00bb btn_title=\u00bbPonte en contacto con nosotros\u00bb btn_style=\u00bbgradient-custom\u00bb btn_gradient_custom_color_1=\u00bb#728d2a\u00bb btn_gradient_custom_color_2=\u00bb#728d2a\u00bb btn_align=\u00bbcenter\u00bb btn_link=\u00bburl:https%3A%2F%2Fschlammtrocknung.com%2Fes%2Fcontacta-con-nosotros%2F|title:Contacta%20con%20nosotros|\u00bb]<\/p>\n<p style=\"text-align: center;\"><span style=\"font-weight: 400;\">Con las soluciones avanzadas de <\/span><b>sistemas de secado de lodos michel<\/b><span style=\"font-weight: 400;\"> en el campo del <\/span><b>secado de lodos de papel<\/b><span style=\"font-weight: 400;\">  no s\u00f3lo puedes eliminar tus residuos de forma profesional, sino tambi\u00e9n contribuir activamente a la protecci\u00f3n del medio ambiente. Ponte en contacto con nosotros hoy mismo para saber m\u00e1s sobre nuestras instalaciones y c\u00f3mo podemos ayudarte a alcanzar tus objetivos medioambientales. <\/span><\/p>\n<p>[\/vc_cta][vc_empty_space height=\u00bb50px\u00bb][\/vc_column][\/vc_row][vc_row][vc_column][vc_column_text]<\/p>\n<h2 style=\"text-align: center;\"><span style=\"color: #728d2a;\">FAQ &#8211; Preguntas frecuentes sobre el secado de lodos de papel<\/span><\/h2>\n<p>[\/vc_column_text][\/vc_column][\/vc_row][vc_row][vc_column][vc_toggle title=\u00bb\u00bfQu\u00e9 son los lodos de papel y c\u00f3mo se producen?\u00bb]<span style=\"font-weight: 400;\">El lodo de papel es un subproducto de la producci\u00f3n de papel, formado por fibras, cargas y productos qu\u00edmicos. Se crea cuando se limpia la pasta y se filtra el agua durante el proceso de producci\u00f3n. <\/span>[\/vc_toggle][vc_toggle title=\u00bb\u00bfPor qu\u00e9 es importante el secado de los lodos de papel?\u00bb]<span style=\"font-weight: 400;\">El secado reduce el volumen y el peso de los lodos de papel, disminuye los costes de transporte y eliminaci\u00f3n y minimiza el impacto medioambiental. Tambi\u00e9n permite recuperar y reutilizar fibras y cargas valiosas. <\/span>[\/vc_toggle][vc_toggle title=\u00bb\u00bfC\u00f3mo funciona el secado de los lodos de papel?\u00bb]Los SISTEMAS DE SECADO DE LODOS michel utilizan tecnolog\u00edas de secado avanzadas, como el secado por contacto y convecci\u00f3n a bajas temperaturas, que garantizan un secado eficaz y que ahorra energ\u00eda. Esto reduce el contenido de agua de los lodos y, por tanto, tambi\u00e9n su volumen.[\/vc_toggle][\/vc_column][\/vc_row]<\/p>\n<\/div>","protected":false},"excerpt":{"rendered":"<p>[vc_row content_placement=\u00bbtop\u00bb][vc_column][vc_column_text] Secado de lodos de papel: aprovechamiento de residuos y protecci\u00f3n del medio ambiente [\/vc_column_text][vc_column_text] Utiliza las soluciones avanzadas de sistemas de secado de lodos michel para un secado eficaz y respetuoso con el medio ambiente secado de lodos de papel. Nuestros sistemas permiten minimizar el volumen de tus residuos de producci\u00f3n y eliminarlos&hellip;<\/p>\n","protected":false},"author":1,"featured_media":0,"parent":1783,"menu_order":0,"comment_status":"closed","ping_status":"closed","template":"","meta":{"footnotes":""},"class_list":["post-2312","page","type-page","status-publish","hentry","description-off"],"yoast_head":"<!-- This site is optimized with the Yoast SEO plugin v27.3 - https:\/\/yoast.com\/product\/yoast-seo-wordpress\/ -->\n<title>Secado de lodos de papel | Secado de lodos Michel<\/title>\n<meta name=\"description\" content=\"Descubre el eficaz sistema de secado de lodos de papel de michel SLUDGE-DRYING-SYSTEMS para un aprovechamiento sostenible de los residuos.\" \/>\n<meta name=\"robots\" content=\"index, follow, max-snippet:-1, max-image-preview:large, max-video-preview:-1\" \/>\n<link rel=\"canonical\" href=\"https:\/\/schlammtrocknung.com\/es\/servicios\/secado-de-lodos-de-papel\/\" \/>\n<meta property=\"og:locale\" content=\"es_ES\" \/>\n<meta property=\"og:type\" content=\"article\" \/>\n<meta property=\"og:title\" content=\"Secado de lodos de papel | Secado de lodos Michel\" \/>\n<meta property=\"og:description\" content=\"Descubre el eficaz sistema de secado de lodos de papel de michel SLUDGE-DRYING-SYSTEMS para un aprovechamiento sostenible de los residuos.\" \/>\n<meta property=\"og:url\" content=\"https:\/\/schlammtrocknung.com\/es\/servicios\/secado-de-lodos-de-papel\/\" \/>\n<meta property=\"og:site_name\" content=\"Schlammtrocknung \u2013 michel SLUDGE DRYING SYSTEM\" \/>\n<meta property=\"article:modified_time\" content=\"2025-05-09T08:43:23+00:00\" \/>\n<meta name=\"twitter:card\" content=\"summary_large_image\" \/>\n<meta name=\"twitter:label1\" content=\"Tiempo de lectura\" \/>\n\t<meta name=\"twitter:data1\" content=\"5 minutos\" \/>\n<script type=\"application\/ld+json\" class=\"yoast-schema-graph\">{\"@context\":\"https:\\\/\\\/schema.org\",\"@graph\":[{\"@type\":\"WebPage\",\"@id\":\"https:\\\/\\\/schlammtrocknung.com\\\/es\\\/servicios\\\/secado-de-lodos-de-papel\\\/\",\"url\":\"https:\\\/\\\/schlammtrocknung.com\\\/es\\\/servicios\\\/secado-de-lodos-de-papel\\\/\",\"name\":\"Secado de lodos de papel | Secado de lodos Michel\",\"isPartOf\":{\"@id\":\"https:\\\/\\\/schlammtrocknung.com\\\/#website\"},\"datePublished\":\"2024-09-04T10:54:09+00:00\",\"dateModified\":\"2025-05-09T08:43:23+00:00\",\"description\":\"Descubre el eficaz sistema de secado de lodos de papel de michel SLUDGE-DRYING-SYSTEMS para un aprovechamiento sostenible de los residuos.\",\"breadcrumb\":{\"@id\":\"https:\\\/\\\/schlammtrocknung.com\\\/es\\\/servicios\\\/secado-de-lodos-de-papel\\\/#breadcrumb\"},\"inLanguage\":\"es\",\"potentialAction\":[{\"@type\":\"ReadAction\",\"target\":[\"https:\\\/\\\/schlammtrocknung.com\\\/es\\\/servicios\\\/secado-de-lodos-de-papel\\\/\"]}]},{\"@type\":\"BreadcrumbList\",\"@id\":\"https:\\\/\\\/schlammtrocknung.com\\\/es\\\/servicios\\\/secado-de-lodos-de-papel\\\/#breadcrumb\",\"itemListElement\":[{\"@type\":\"ListItem\",\"position\":1,\"name\":\"Startseite\",\"item\":\"https:\\\/\\\/schlammtrocknung.com\\\/es\\\/pagina-de-inicio-2\\\/\"},{\"@type\":\"ListItem\",\"position\":2,\"name\":\"Servicios\",\"item\":\"https:\\\/\\\/schlammtrocknung.com\\\/es\\\/servicios\\\/\"},{\"@type\":\"ListItem\",\"position\":3,\"name\":\"Secado de lodos de papel\"}]},{\"@type\":\"WebSite\",\"@id\":\"https:\\\/\\\/schlammtrocknung.com\\\/#website\",\"url\":\"https:\\\/\\\/schlammtrocknung.com\\\/\",\"name\":\"Schlammtrocknung | SDS - Schlammtrocknung\",\"description\":\"Schlamm- L\u00f6sungen f\u00fcr Kl\u00e4rwerke, Industrie und Umwelt\",\"publisher\":{\"@id\":\"https:\\\/\\\/schlammtrocknung.com\\\/#organization\"},\"potentialAction\":[{\"@type\":\"SearchAction\",\"target\":{\"@type\":\"EntryPoint\",\"urlTemplate\":\"https:\\\/\\\/schlammtrocknung.com\\\/?s={search_term_string}\"},\"query-input\":{\"@type\":\"PropertyValueSpecification\",\"valueRequired\":true,\"valueName\":\"search_term_string\"}}],\"inLanguage\":\"es\"},{\"@type\":\"Organization\",\"@id\":\"https:\\\/\\\/schlammtrocknung.com\\\/#organization\",\"name\":\"Schlammtrocknung | SDS - Schlammtrocknung\",\"url\":\"https:\\\/\\\/schlammtrocknung.com\\\/\",\"logo\":{\"@type\":\"ImageObject\",\"inLanguage\":\"es\",\"@id\":\"https:\\\/\\\/schlammtrocknung.com\\\/#\\\/schema\\\/logo\\\/image\\\/\",\"url\":\"https:\\\/\\\/schlammtrocknung.com\\\/wp-content\\\/uploads\\\/2023\\\/02\\\/logo_sds-1.png\",\"contentUrl\":\"https:\\\/\\\/schlammtrocknung.com\\\/wp-content\\\/uploads\\\/2023\\\/02\\\/logo_sds-1.png\",\"width\":697,\"height\":187,\"caption\":\"Schlammtrocknung | SDS - Schlammtrocknung\"},\"image\":{\"@id\":\"https:\\\/\\\/schlammtrocknung.com\\\/#\\\/schema\\\/logo\\\/image\\\/\"}}]}<\/script>\n<!-- \/ Yoast SEO plugin. -->","yoast_head_json":{"title":"Secado de lodos de papel | Secado de lodos Michel","description":"Descubre el eficaz sistema de secado de lodos de papel de michel SLUDGE-DRYING-SYSTEMS para un aprovechamiento sostenible de los residuos.","robots":{"index":"index","follow":"follow","max-snippet":"max-snippet:-1","max-image-preview":"max-image-preview:large","max-video-preview":"max-video-preview:-1"},"canonical":"https:\/\/schlammtrocknung.com\/es\/servicios\/secado-de-lodos-de-papel\/","og_locale":"es_ES","og_type":"article","og_title":"Secado de lodos de papel | Secado de lodos Michel","og_description":"Descubre el eficaz sistema de secado de lodos de papel de michel SLUDGE-DRYING-SYSTEMS para un aprovechamiento sostenible de los residuos.","og_url":"https:\/\/schlammtrocknung.com\/es\/servicios\/secado-de-lodos-de-papel\/","og_site_name":"Schlammtrocknung \u2013 michel SLUDGE DRYING SYSTEM","article_modified_time":"2025-05-09T08:43:23+00:00","twitter_card":"summary_large_image","twitter_misc":{"Tiempo de lectura":"5 minutos"},"schema":{"@context":"https:\/\/schema.org","@graph":[{"@type":"WebPage","@id":"https:\/\/schlammtrocknung.com\/es\/servicios\/secado-de-lodos-de-papel\/","url":"https:\/\/schlammtrocknung.com\/es\/servicios\/secado-de-lodos-de-papel\/","name":"Secado de lodos de papel | Secado de lodos Michel","isPartOf":{"@id":"https:\/\/schlammtrocknung.com\/#website"},"datePublished":"2024-09-04T10:54:09+00:00","dateModified":"2025-05-09T08:43:23+00:00","description":"Descubre el eficaz sistema de secado de lodos de papel de michel SLUDGE-DRYING-SYSTEMS para un aprovechamiento sostenible de los residuos.","breadcrumb":{"@id":"https:\/\/schlammtrocknung.com\/es\/servicios\/secado-de-lodos-de-papel\/#breadcrumb"},"inLanguage":"es","potentialAction":[{"@type":"ReadAction","target":["https:\/\/schlammtrocknung.com\/es\/servicios\/secado-de-lodos-de-papel\/"]}]},{"@type":"BreadcrumbList","@id":"https:\/\/schlammtrocknung.com\/es\/servicios\/secado-de-lodos-de-papel\/#breadcrumb","itemListElement":[{"@type":"ListItem","position":1,"name":"Startseite","item":"https:\/\/schlammtrocknung.com\/es\/pagina-de-inicio-2\/"},{"@type":"ListItem","position":2,"name":"Servicios","item":"https:\/\/schlammtrocknung.com\/es\/servicios\/"},{"@type":"ListItem","position":3,"name":"Secado de lodos de papel"}]},{"@type":"WebSite","@id":"https:\/\/schlammtrocknung.com\/#website","url":"https:\/\/schlammtrocknung.com\/","name":"Schlammtrocknung | SDS - Schlammtrocknung","description":"Schlamm- L\u00f6sungen f\u00fcr Kl\u00e4rwerke, Industrie und Umwelt","publisher":{"@id":"https:\/\/schlammtrocknung.com\/#organization"},"potentialAction":[{"@type":"SearchAction","target":{"@type":"EntryPoint","urlTemplate":"https:\/\/schlammtrocknung.com\/?s={search_term_string}"},"query-input":{"@type":"PropertyValueSpecification","valueRequired":true,"valueName":"search_term_string"}}],"inLanguage":"es"},{"@type":"Organization","@id":"https:\/\/schlammtrocknung.com\/#organization","name":"Schlammtrocknung | SDS - Schlammtrocknung","url":"https:\/\/schlammtrocknung.com\/","logo":{"@type":"ImageObject","inLanguage":"es","@id":"https:\/\/schlammtrocknung.com\/#\/schema\/logo\/image\/","url":"https:\/\/schlammtrocknung.com\/wp-content\/uploads\/2023\/02\/logo_sds-1.png","contentUrl":"https:\/\/schlammtrocknung.com\/wp-content\/uploads\/2023\/02\/logo_sds-1.png","width":697,"height":187,"caption":"Schlammtrocknung | SDS - Schlammtrocknung"},"image":{"@id":"https:\/\/schlammtrocknung.com\/#\/schema\/logo\/image\/"}}]}},"_links":{"self":[{"href":"https:\/\/schlammtrocknung.com\/es\/wp-json\/wp\/v2\/pages\/2312","targetHints":{"allow":["GET"]}}],"collection":[{"href":"https:\/\/schlammtrocknung.com\/es\/wp-json\/wp\/v2\/pages"}],"about":[{"href":"https:\/\/schlammtrocknung.com\/es\/wp-json\/wp\/v2\/types\/page"}],"author":[{"embeddable":true,"href":"https:\/\/schlammtrocknung.com\/es\/wp-json\/wp\/v2\/users\/1"}],"replies":[{"embeddable":true,"href":"https:\/\/schlammtrocknung.com\/es\/wp-json\/wp\/v2\/comments?post=2312"}],"version-history":[{"count":2,"href":"https:\/\/schlammtrocknung.com\/es\/wp-json\/wp\/v2\/pages\/2312\/revisions"}],"predecessor-version":[{"id":2316,"href":"https:\/\/schlammtrocknung.com\/es\/wp-json\/wp\/v2\/pages\/2312\/revisions\/2316"}],"up":[{"embeddable":true,"href":"https:\/\/schlammtrocknung.com\/es\/wp-json\/wp\/v2\/pages\/1783"}],"wp:attachment":[{"href":"https:\/\/schlammtrocknung.com\/es\/wp-json\/wp\/v2\/media?parent=2312"}],"curies":[{"name":"wp","href":"https:\/\/api.w.org\/{rel}","templated":true}]}}