{"id":2333,"date":"2024-09-04T12:39:01","date_gmt":"2024-09-04T10:39:01","guid":{"rendered":"https:\/\/schlammtrocknung.com\/servicios\/secado-de-lodos-de-pintura-al-oleo\/"},"modified":"2025-05-09T10:43:33","modified_gmt":"2025-05-09T08:43:33","slug":"secado-de-lodos-de-pintura-al-oleo","status":"publish","type":"page","link":"https:\/\/schlammtrocknung.com\/es\/servicios\/secado-de-lodos-de-pintura-al-oleo\/","title":{"rendered":"Secado de lodos de pintura al \u00f3leo"},"content":{"rendered":"<div class=\"wpb-content-wrapper\"><p>[vc_row content_placement=\u00bbtop\u00bb][vc_column][vc_column_text]<\/p>\n<h1 style=\"text-align: center;\"><span style=\"color: #728d2a;\">michel SLUDGE-DRYING-SYSTEMS &#8211; el socio especializado en el secado de lodos de pintura al \u00f3leo<br \/>\n<\/span><\/h1>\n<p>[\/vc_column_text][vc_column_text]<\/p>\n<p style=\"text-align: center;\"><span style=\"font-weight: 400;\">Aumenta tu eficacia y protege el medio ambiente con el avanzado <\/span><b>secado de lodos de pintura<\/b><span style=\"font-weight: 400;\">. Optimiza el tratamiento de los lodos de pintura al \u00f3leo con los sistemas especializados de<\/span> <b> sistemas de secado de lodos michel<\/b><span style=\"font-weight: 400;\">que son econ\u00f3mica y ecol\u00f3gicamente superiores.<\/span><\/p>\n<p>[\/vc_column_text][vc_empty_space height=\u00bb50px\u00bb][\/vc_column][\/vc_row][vc_row][vc_column width=\u00bb2\/3&#8243;][vc_column_text]<\/p>\n<h2><span style=\"color: #728d2a;\">Eliminaci\u00f3n profesional mediante secado de lodos de pintura al \u00f3leo<br \/>\n<\/span><\/h2>\n<p>[\/vc_column_text][vc_message]<i><span style=\"font-weight: 400;\">\u00bfQu\u00e9 son los lodos de pintura al \u00f3leo?<\/span><\/i><\/p>\n<p><i><span style=\"font-weight: 400;\">El lodo de pintura al \u00f3leo es un subproducto que se produce principalmente en la industria de pinturas y barnices y en diversos procesos de limpieza industrial. Es una mezcla de residuos de pintura, disolventes, aceites y agua, que a menudo contiene metales pesados y otras sustancias t\u00f3xicas.   <\/span><\/i>[\/vc_message][vc_column_text]<span style=\"font-weight: 400;\">Esta composici\u00f3n hace que la manipulaci\u00f3n profesional y segura, as\u00ed como la <\/span><b>eliminaci\u00f3n o reciclaje de lodos de pintura al \u00f3leo <\/b> <span style=\"font-weight: 400;\">un reto medioambiental. Secar los lodos de pintura al \u00f3leo reduce el riesgo de contaminaci\u00f3n ambiental por metales pesados y toxinas solubles. <\/span>[\/vc_column_text][vc_empty_space height=\u00bb70px\u00bb][\/vc_column][vc_column width=\u00bb1\/3&#8243;][vc_single_image image=\u00bb367&#8243; img_size=\u00bb400&#215;500&#8243;][\/vc_column][\/vc_row][vc_row][vc_column width=\u00bb1\/2&#8243;][vc_single_image image=\u00bb376&#8243; img_size=\u00bb600&#215;350&#8243;][vc_empty_space height=\u00bb70px\u00bb][\/vc_column][vc_column width=\u00bb1\/2&#8243;][vc_column_text]<\/p>\n<h2><span style=\"color: #728d2a;\">Proceso de secado de lodos de pintura al \u00f3leo con michel SLUDGE-DRYING-SYSTEMS<\/span><\/h2>\n<p><span style=\"font-weight: 400;\">michel SLUDGE-DRYING-SYSTEMS construye sistemas con tecnolog\u00edas de secado avanzadas especialmente adaptadas a las propiedades \u00fanicas de los lodos de pintura al \u00f3leo. En primer lugar, el material reciclable se   <\/span><b>pretratada<\/b><span style=\"font-weight: 400;\">para filtrar los compuestos org\u00e1nicos vol\u00e1tiles y los s\u00f3lidos. Posteriormente, el   <\/span><b>acondicionamiento<\/b><span style=\"font-weight: 400;\">una modificaci\u00f3n qu\u00edmica para mejorar la eficacia del secado.<\/span>[\/vc_column_text][\/vc_column][\/vc_row][vc_row][vc_column width=\u00bb1\/2&#8243;][vc_column_text]<span style=\"font-weight: 400;\">A trav\u00e9s de <\/span><b>secado por contacto y convecci\u00f3n<\/b><span style=\"font-weight: 400;\"> se aplica calor en condiciones controladas para maximizar <\/span><a href=\"http:\/\/schlammtrocknung.com\/glossar\/entwaesserung\"><span style=\"font-weight: 400;\">deshidrataci\u00f3n<\/span><\/a><span style=\"font-weight: 400;\">  sin da\u00f1ar los componentes reciclables. Esto reduce significativamente la cantidad de material que hay que desechar, lo que reduce los costes de transporte y eliminaci\u00f3n. <\/span><\/p>\n<p><span style=\"font-weight: 400;\">Tras el secado, los lodos de pintura al \u00f3leo pueden utilizarse de diversas formas:<\/span><\/p>\n<ul>\n<li style=\"font-weight: 400;\" aria-level=\"1\"><b>Recuperaci\u00f3n de energ\u00eda:<\/b><span style=\"font-weight: 400;\"> Utilizaci\u00f3n como combustible secundario en plantas industriales adecuadas.<\/span><\/li>\n<li style=\"font-weight: 400;\" aria-level=\"1\"><b>Recuperaci\u00f3n de materiales:<\/b><span style=\"font-weight: 400;\"> Devolver los metales y otros materiales reciclables al ciclo de producci\u00f3n.<\/span><\/li>\n<li style=\"font-weight: 400;\" aria-level=\"1\"><b>Vertedero:<\/b><span style=\"font-weight: 400;\"> Eliminaci\u00f3n final segura del material inertizado si no hay otras opciones de reciclaje disponibles.<\/span><\/li>\n<\/ul>\n<p>[\/vc_column_text][\/vc_column][vc_column width=\u00bb1\/2&#8243;][vc_single_image image=\u00bb373&#8243; img_size=\u00bb600&#215;420&#8243;][vc_empty_space height=\u00bb70px\u00bb][\/vc_column][\/vc_row][vc_row][vc_column width=\u00bb1\/2&#8243;][vc_single_image image=\u00bb371&#8243; img_size=\u00bb600&#215;500&#8243;][vc_empty_space height=\u00bb70px\u00bb][\/vc_column][vc_column width=\u00bb1\/2&#8243;][vc_column_text]<\/p>\n<h3><span style=\"color: #728d2a;\">Ventajas del secado de lodos de pintura al \u00f3leo con los SISTEMAS DE SECADO DE LODOS michel<\/span><\/h3>\n<p><span style=\"font-weight: 400;\">La aplicaci\u00f3n de <\/span><b>sistemas de secado de lodos michel<\/b><span style=\"font-weight: 400;\"> en tu planta aporta numerosas ventajas y transforma la manipulaci\u00f3n de <\/span><b>lodos de pintura al \u00f3leo<\/b><span style=\"font-weight: 400;\">. En primer lugar, la  <\/span><b>Reducci\u00f3n del volumen de lodos<\/b><span style=\"font-weight: 400;\"> Esto supone un importante ahorro de costes en la eliminaci\u00f3n. <\/span> <\/p>\n<p><span style=\"font-weight: 400;\">Adem\u00e1s, los sistemas apoyan el medio ambiente <\/span><b>el control de contaminantes<\/b><span style=\"font-weight: 400;\"> a una producci\u00f3n m\u00e1s respetuosa con el medio ambiente, reduciendo las emisiones y contribuyendo a ellas, <\/span><b>la normativa medioambiental<\/b><span style=\"font-weight: 400;\">  mejor adheridos. Nuestros sistemas se caracterizan por un alto grado de flexibilidad y pueden ajustarse f\u00e1cilmente a distintos tipos y cantidades de lodos. <\/span><\/p>\n<p><span style=\"font-weight: 400;\">Adem\u00e1s, el uso de <\/span><b>sistemas de secado a baja temperatura y de recuperaci\u00f3n de energ\u00eda<\/b><span style=\"font-weight: 400;\"> un aumento considerable de la <\/span><b>eficiencia energ\u00e9tica<\/b><span style=\"font-weight: 400;\">lo que minimiza las necesidades energ\u00e9ticas y reduce a\u00fan m\u00e1s los costes de funcionamiento.<\/span>[\/vc_column_text][\/vc_column][\/vc_row][vc_row][vc_column][vc_cta h2=\u00bbInicia tu transformaci\u00f3n sostenible en la industria del petr\u00f3leo y los revestimientos\u00bb txt_align=\u00bbcenter\u00bb add_button=\u00bbbottom\u00bb btn_title=\u00bbPonte en contacto con nosotros\u00bb btn_style=\u00bbgradient-custom\u00bb btn_gradient_custom_color_1=\u00bb#728d2a\u00bb btn_gradient_custom_color_2=\u00bb#728d2a\u00bb btn_align=\u00bbcenter\u00bb btn_link=\u00bburl:https%3A%2F%2Fschlammtrocknung.com%2Fes%2Fcontacta-con-nosotros%2F|title:Contacta%20con%20nosotros|\u00bb]<\/p>\n<p style=\"text-align: center;\"><span style=\"font-weight: 400;\">Con soluciones avanzadas para el secado de lodos de pintura al \u00f3leo de <\/span><b>sistemas de secado de lodos michel<\/b><span style=\"font-weight: 400;\"> no s\u00f3lo reducir\u00e1s tus costes de explotaci\u00f3n y cumplir\u00e1s los requisitos legales, sino que tambi\u00e9n contribuir\u00e1s activamente a <\/span><b>la protecci\u00f3n del medio ambiente<\/b><span style=\"font-weight: 400;\">  en. Ponte en contacto con nosotros hoy mismo para saber m\u00e1s sobre nuestro secado de lodos de pintura al \u00f3leo y c\u00f3mo podemos ayudarte a conseguir tus objetivos medioambientales y econ\u00f3micos. <\/span><\/p>\n<p>[\/vc_cta][vc_empty_space height=\u00bb50px\u00bb][\/vc_column][\/vc_row][vc_row][vc_column][vc_column_text]<\/p>\n<h2 style=\"text-align: center;\"><span style=\"color: #728d2a;\">FAQ &#8211; Preguntas frecuentes sobre el secado de lodos de pintura al \u00f3leo<\/span><\/h2>\n<p>[\/vc_column_text][\/vc_column][\/vc_row][vc_row][vc_column][vc_toggle title=\u00bb\u00bfPor qu\u00e9 es importante el secado de los lodos de pintura al \u00f3leo?\u00bb]<span style=\"font-weight: 400;\">Los lodos de pintura al \u00f3leo, un subproducto de la industria de pinturas y barnices, contienen contaminantes como metales pesados. El secado de los lodos de pintura al \u00f3leo reduce el volumen y los peligros medioambientales, facilita el reciclaje de ingredientes como los metales y mejora la combustibilidad para la generaci\u00f3n de energ\u00eda. <\/span>[\/vc_toggle][vc_toggle title=\u00bb\u00bfC\u00f3mo funciona el secado de lodos de pintura al \u00f3leo?\u00bb]<span style=\"font-weight: 400;\">Los lodos de pintura al \u00f3leo se secan reduciendo el contenido de agua en los lodos, con lo que se reduce el volumen y el peso del material y disminuyen los costes de eliminaci\u00f3n. Este proceso utiliza t\u00e9cnicas como el secado por contacto y convecci\u00f3n para eliminar eficazmente la humedad. <\/span>[\/vc_toggle][\/vc_column][\/vc_row]<\/p>\n<\/div>","protected":false},"excerpt":{"rendered":"<p>[vc_row content_placement=\u00bbtop\u00bb][vc_column][vc_column_text] michel SLUDGE-DRYING-SYSTEMS &#8211; el socio especializado en el secado de lodos de pintura al \u00f3leo [\/vc_column_text][vc_column_text] Aumenta tu eficacia y protege el medio ambiente con el avanzado secado de lodos de pintura. Optimiza el tratamiento de los lodos de pintura al \u00f3leo con los sistemas especializados de sistemas de secado de lodos michelque&hellip;<\/p>\n","protected":false},"author":1,"featured_media":0,"parent":1783,"menu_order":0,"comment_status":"closed","ping_status":"closed","template":"","meta":{"footnotes":""},"class_list":["post-2333","page","type-page","status-publish","hentry","description-off"],"yoast_head":"<!-- This site is optimized with the Yoast SEO plugin v27.3 - https:\/\/yoast.com\/product\/yoast-seo-wordpress\/ -->\n<title>Secado de lodos de aceite-laca | Secado de lodos Michel<\/title>\n<meta name=\"description\" content=\"Aumenta tu eficacia y protege el medio ambiente con el secado avanzado de lodos de pintura al \u00f3leo.\" \/>\n<meta name=\"robots\" content=\"index, follow, max-snippet:-1, max-image-preview:large, max-video-preview:-1\" \/>\n<link rel=\"canonical\" href=\"https:\/\/schlammtrocknung.com\/es\/servicios\/secado-de-lodos-de-pintura-al-oleo\/\" \/>\n<meta property=\"og:locale\" content=\"es_ES\" \/>\n<meta property=\"og:type\" content=\"article\" \/>\n<meta property=\"og:title\" content=\"Secado de lodos de aceite-laca | Secado de lodos Michel\" \/>\n<meta property=\"og:description\" content=\"Aumenta tu eficacia y protege el medio ambiente con el secado avanzado de lodos de pintura al \u00f3leo.\" \/>\n<meta property=\"og:url\" content=\"https:\/\/schlammtrocknung.com\/es\/servicios\/secado-de-lodos-de-pintura-al-oleo\/\" \/>\n<meta property=\"og:site_name\" content=\"Schlammtrocknung \u2013 michel SLUDGE DRYING SYSTEM\" \/>\n<meta property=\"article:modified_time\" content=\"2025-05-09T08:43:33+00:00\" \/>\n<meta name=\"twitter:card\" content=\"summary_large_image\" \/>\n<meta name=\"twitter:label1\" content=\"Tiempo de lectura\" \/>\n\t<meta name=\"twitter:data1\" content=\"5 minutos\" \/>\n<script type=\"application\/ld+json\" class=\"yoast-schema-graph\">{\"@context\":\"https:\\\/\\\/schema.org\",\"@graph\":[{\"@type\":\"WebPage\",\"@id\":\"https:\\\/\\\/schlammtrocknung.com\\\/es\\\/servicios\\\/secado-de-lodos-de-pintura-al-oleo\\\/\",\"url\":\"https:\\\/\\\/schlammtrocknung.com\\\/es\\\/servicios\\\/secado-de-lodos-de-pintura-al-oleo\\\/\",\"name\":\"Secado de lodos de aceite-laca | Secado de lodos Michel\",\"isPartOf\":{\"@id\":\"https:\\\/\\\/schlammtrocknung.com\\\/#website\"},\"datePublished\":\"2024-09-04T10:39:01+00:00\",\"dateModified\":\"2025-05-09T08:43:33+00:00\",\"description\":\"Aumenta tu eficacia y protege el medio ambiente con el secado avanzado de lodos de pintura al \u00f3leo.\",\"breadcrumb\":{\"@id\":\"https:\\\/\\\/schlammtrocknung.com\\\/es\\\/servicios\\\/secado-de-lodos-de-pintura-al-oleo\\\/#breadcrumb\"},\"inLanguage\":\"es\",\"potentialAction\":[{\"@type\":\"ReadAction\",\"target\":[\"https:\\\/\\\/schlammtrocknung.com\\\/es\\\/servicios\\\/secado-de-lodos-de-pintura-al-oleo\\\/\"]}]},{\"@type\":\"BreadcrumbList\",\"@id\":\"https:\\\/\\\/schlammtrocknung.com\\\/es\\\/servicios\\\/secado-de-lodos-de-pintura-al-oleo\\\/#breadcrumb\",\"itemListElement\":[{\"@type\":\"ListItem\",\"position\":1,\"name\":\"Startseite\",\"item\":\"https:\\\/\\\/schlammtrocknung.com\\\/es\\\/pagina-de-inicio-2\\\/\"},{\"@type\":\"ListItem\",\"position\":2,\"name\":\"Servicios\",\"item\":\"https:\\\/\\\/schlammtrocknung.com\\\/es\\\/servicios\\\/\"},{\"@type\":\"ListItem\",\"position\":3,\"name\":\"Secado de lodos de pintura al \u00f3leo\"}]},{\"@type\":\"WebSite\",\"@id\":\"https:\\\/\\\/schlammtrocknung.com\\\/#website\",\"url\":\"https:\\\/\\\/schlammtrocknung.com\\\/\",\"name\":\"Schlammtrocknung | SDS - Schlammtrocknung\",\"description\":\"Schlamm- L\u00f6sungen f\u00fcr Kl\u00e4rwerke, Industrie und Umwelt\",\"publisher\":{\"@id\":\"https:\\\/\\\/schlammtrocknung.com\\\/#organization\"},\"potentialAction\":[{\"@type\":\"SearchAction\",\"target\":{\"@type\":\"EntryPoint\",\"urlTemplate\":\"https:\\\/\\\/schlammtrocknung.com\\\/?s={search_term_string}\"},\"query-input\":{\"@type\":\"PropertyValueSpecification\",\"valueRequired\":true,\"valueName\":\"search_term_string\"}}],\"inLanguage\":\"es\"},{\"@type\":\"Organization\",\"@id\":\"https:\\\/\\\/schlammtrocknung.com\\\/#organization\",\"name\":\"Schlammtrocknung | SDS - Schlammtrocknung\",\"url\":\"https:\\\/\\\/schlammtrocknung.com\\\/\",\"logo\":{\"@type\":\"ImageObject\",\"inLanguage\":\"es\",\"@id\":\"https:\\\/\\\/schlammtrocknung.com\\\/#\\\/schema\\\/logo\\\/image\\\/\",\"url\":\"https:\\\/\\\/schlammtrocknung.com\\\/wp-content\\\/uploads\\\/2023\\\/02\\\/logo_sds-1.png\",\"contentUrl\":\"https:\\\/\\\/schlammtrocknung.com\\\/wp-content\\\/uploads\\\/2023\\\/02\\\/logo_sds-1.png\",\"width\":697,\"height\":187,\"caption\":\"Schlammtrocknung | SDS - Schlammtrocknung\"},\"image\":{\"@id\":\"https:\\\/\\\/schlammtrocknung.com\\\/#\\\/schema\\\/logo\\\/image\\\/\"}}]}<\/script>\n<!-- \/ Yoast SEO plugin. -->","yoast_head_json":{"title":"Secado de lodos de aceite-laca | Secado de lodos Michel","description":"Aumenta tu eficacia y protege el medio ambiente con el secado avanzado de lodos de pintura al \u00f3leo.","robots":{"index":"index","follow":"follow","max-snippet":"max-snippet:-1","max-image-preview":"max-image-preview:large","max-video-preview":"max-video-preview:-1"},"canonical":"https:\/\/schlammtrocknung.com\/es\/servicios\/secado-de-lodos-de-pintura-al-oleo\/","og_locale":"es_ES","og_type":"article","og_title":"Secado de lodos de aceite-laca | Secado de lodos Michel","og_description":"Aumenta tu eficacia y protege el medio ambiente con el secado avanzado de lodos de pintura al \u00f3leo.","og_url":"https:\/\/schlammtrocknung.com\/es\/servicios\/secado-de-lodos-de-pintura-al-oleo\/","og_site_name":"Schlammtrocknung \u2013 michel SLUDGE DRYING SYSTEM","article_modified_time":"2025-05-09T08:43:33+00:00","twitter_card":"summary_large_image","twitter_misc":{"Tiempo de lectura":"5 minutos"},"schema":{"@context":"https:\/\/schema.org","@graph":[{"@type":"WebPage","@id":"https:\/\/schlammtrocknung.com\/es\/servicios\/secado-de-lodos-de-pintura-al-oleo\/","url":"https:\/\/schlammtrocknung.com\/es\/servicios\/secado-de-lodos-de-pintura-al-oleo\/","name":"Secado de lodos de aceite-laca | Secado de lodos Michel","isPartOf":{"@id":"https:\/\/schlammtrocknung.com\/#website"},"datePublished":"2024-09-04T10:39:01+00:00","dateModified":"2025-05-09T08:43:33+00:00","description":"Aumenta tu eficacia y protege el medio ambiente con el secado avanzado de lodos de pintura al \u00f3leo.","breadcrumb":{"@id":"https:\/\/schlammtrocknung.com\/es\/servicios\/secado-de-lodos-de-pintura-al-oleo\/#breadcrumb"},"inLanguage":"es","potentialAction":[{"@type":"ReadAction","target":["https:\/\/schlammtrocknung.com\/es\/servicios\/secado-de-lodos-de-pintura-al-oleo\/"]}]},{"@type":"BreadcrumbList","@id":"https:\/\/schlammtrocknung.com\/es\/servicios\/secado-de-lodos-de-pintura-al-oleo\/#breadcrumb","itemListElement":[{"@type":"ListItem","position":1,"name":"Startseite","item":"https:\/\/schlammtrocknung.com\/es\/pagina-de-inicio-2\/"},{"@type":"ListItem","position":2,"name":"Servicios","item":"https:\/\/schlammtrocknung.com\/es\/servicios\/"},{"@type":"ListItem","position":3,"name":"Secado de lodos de pintura al \u00f3leo"}]},{"@type":"WebSite","@id":"https:\/\/schlammtrocknung.com\/#website","url":"https:\/\/schlammtrocknung.com\/","name":"Schlammtrocknung | SDS - Schlammtrocknung","description":"Schlamm- L\u00f6sungen f\u00fcr Kl\u00e4rwerke, Industrie und Umwelt","publisher":{"@id":"https:\/\/schlammtrocknung.com\/#organization"},"potentialAction":[{"@type":"SearchAction","target":{"@type":"EntryPoint","urlTemplate":"https:\/\/schlammtrocknung.com\/?s={search_term_string}"},"query-input":{"@type":"PropertyValueSpecification","valueRequired":true,"valueName":"search_term_string"}}],"inLanguage":"es"},{"@type":"Organization","@id":"https:\/\/schlammtrocknung.com\/#organization","name":"Schlammtrocknung | SDS - Schlammtrocknung","url":"https:\/\/schlammtrocknung.com\/","logo":{"@type":"ImageObject","inLanguage":"es","@id":"https:\/\/schlammtrocknung.com\/#\/schema\/logo\/image\/","url":"https:\/\/schlammtrocknung.com\/wp-content\/uploads\/2023\/02\/logo_sds-1.png","contentUrl":"https:\/\/schlammtrocknung.com\/wp-content\/uploads\/2023\/02\/logo_sds-1.png","width":697,"height":187,"caption":"Schlammtrocknung | SDS - Schlammtrocknung"},"image":{"@id":"https:\/\/schlammtrocknung.com\/#\/schema\/logo\/image\/"}}]}},"_links":{"self":[{"href":"https:\/\/schlammtrocknung.com\/es\/wp-json\/wp\/v2\/pages\/2333","targetHints":{"allow":["GET"]}}],"collection":[{"href":"https:\/\/schlammtrocknung.com\/es\/wp-json\/wp\/v2\/pages"}],"about":[{"href":"https:\/\/schlammtrocknung.com\/es\/wp-json\/wp\/v2\/types\/page"}],"author":[{"embeddable":true,"href":"https:\/\/schlammtrocknung.com\/es\/wp-json\/wp\/v2\/users\/1"}],"replies":[{"embeddable":true,"href":"https:\/\/schlammtrocknung.com\/es\/wp-json\/wp\/v2\/comments?post=2333"}],"version-history":[{"count":2,"href":"https:\/\/schlammtrocknung.com\/es\/wp-json\/wp\/v2\/pages\/2333\/revisions"}],"predecessor-version":[{"id":2337,"href":"https:\/\/schlammtrocknung.com\/es\/wp-json\/wp\/v2\/pages\/2333\/revisions\/2337"}],"up":[{"embeddable":true,"href":"https:\/\/schlammtrocknung.com\/es\/wp-json\/wp\/v2\/pages\/1783"}],"wp:attachment":[{"href":"https:\/\/schlammtrocknung.com\/es\/wp-json\/wp\/v2\/media?parent=2333"}],"curies":[{"name":"wp","href":"https:\/\/api.w.org\/{rel}","templated":true}]}}