{"id":2354,"date":"2024-09-04T12:24:34","date_gmt":"2024-09-04T10:24:34","guid":{"rendered":"https:\/\/schlammtrocknung.com\/servicios\/secado-de-lodos-metalicos\/"},"modified":"2025-05-09T10:45:59","modified_gmt":"2025-05-09T08:45:59","slug":"secado-de-lodos-metalicos","status":"publish","type":"page","link":"https:\/\/schlammtrocknung.com\/es\/servicios\/secado-de-lodos-metalicos\/","title":{"rendered":"Secado de lodos met\u00e1licos"},"content":{"rendered":"<div class=\"wpb-content-wrapper\"><p>[vc_row content_placement=\u00bbtop\u00bb][vc_column][vc_column_text]<\/p>\n<h1 style=\"text-align: center;\"><span style=\"color: #728d2a;\">Tratamiento eficaz de residuos: secado de lodos met\u00e1licos directamente in situ<br \/>\n<\/span><\/h1>\n<p>[\/vc_column_text][vc_column_text]<\/p>\n<p style=\"text-align: center;\"><span style=\"font-weight: 400;\">Conf\u00eda en el avanzado <\/span><b>secado de lodos met\u00e1licos<\/b><span style=\"font-weight: 400;\"> de <\/span><b>sistemas de secado de lodos michel<\/b><span style=\"font-weight: 400;\"> para un tratamiento de residuos<\/span><b> tratamiento de residuos y recuperaci\u00f3n de metales directamente in situ<\/b><span style=\"font-weight: 400;\">.<\/span><\/p>\n<p>[\/vc_column_text][vc_empty_space height=\u00bb50px\u00bb][\/vc_column][\/vc_row][vc_row][vc_column width=\u00bb2\/3&#8243;][vc_column_text]<\/p>\n<h2><span style=\"color: #728d2a;\">Lodos met\u00e1licos: retos y oportunidades<\/span><\/h2>\n<p><b>Lodos met\u00e1licos<\/b><span style=\"font-weight: 400;\">  se produce principalmente en procesos industriales como el tratamiento de metales o el tratamiento de aguas, donde se filtran metales de los l\u00edquidos. Consiste en una concentraci\u00f3n de   <\/span><b>part\u00edculas met\u00e1licas<\/b><span style=\"font-weight: 400;\">que a menudo pueden contener metales valiosos como oro, plata, cobre y n\u00edquel. <\/span> <\/p>\n<p><span style=\"font-weight: 400;\">Adem\u00e1s de estos valiosos componentes, los lodos met\u00e1licos tambi\u00e9n contienen <\/span><b>impurezas<\/b><span style=\"font-weight: 400;\">que requieren un tratamiento respetuoso con el medio ambiente y su eliminaci\u00f3n o reciclado. El tratamiento eficaz de los lodos met\u00e1licos es crucial para recuperar los metales valiosos que contienen y minimizar la contaminaci\u00f3n ambiental. <\/span><\/p>\n<h3><\/h3>\n<h3><span style=\"color: #728d2a;\">De la miner\u00eda a la galvanoplastia: d\u00f3nde se producen los lodos met\u00e1licos  <\/span><\/h3>\n<p><span style=\"font-weight: 400;\">Los lodos met\u00e1licos se producen en un gran n\u00famero de procesos industriales en los que se utiliza metal:<\/span>[\/vc_column_text][vc_empty_space height=\u00bb70px\u00bb][\/vc_column][vc_column width=\u00bb1\/3&#8243;][vc_single_image image=\u00bb1169&#8243; img_size=\u00bb400&#215;500&#8243;][\/vc_column][\/vc_row][vc_row][vc_column width=\u00bb1\/2&#8243;][vc_single_image image=\u00bb1170&#8243; img_size=\u00bb600&#215;500&#8243;][vc_empty_space height=\u00bb70px\u00bb][\/vc_column][vc_column width=\u00bb1\/2&#8243;][vc_column_text]<\/p>\n<ul>\n<li style=\"font-weight: 400;\" aria-level=\"1\"><b>Procesado y refinado de metales:<\/b><span style=\"font-weight: 400;\"> Durante procesos como el esmerilado, pulido, grabado y limpieza de metales<\/span><span style=\"font-weight: 400;\"> producen part\u00edculas finas y residuos<\/span><span style=\"font-weight: 400;\">recogidos como lodos met\u00e1licos.<\/span><\/li>\n<li style=\"font-weight: 400;\" aria-level=\"1\"><b>Galvanoplastia:<\/b> <span style=\"font-weight: 400;\">La galvanoplastia suele producir lodos que contienen metales pesados como cromo, zinc, cobre, n\u00edquel y cadmio.<\/span><\/li>\n<li style=\"font-weight: 400;\" aria-level=\"1\"><b>Tratamiento de aguas residuales en la industria:<\/b> <span style=\"font-weight: 400;\">Durante el tratamiento de las aguas residuales industriales que contienen metales, \u00e9stos suelen separarse en forma de lodos.<\/span><\/li>\n<li style=\"font-weight: 400;\" aria-level=\"1\"><b>Miner\u00eda y tratamiento de minerales:<\/b> <span style=\"font-weight: 400;\">Durante la extracci\u00f3n y el tratamiento de minerales, se producen lodos que contienen metales y otros minerales.<\/span><\/li>\n<li style=\"font-weight: 400;\" aria-level=\"1\"><b>Producci\u00f3n qu\u00edmica:<\/b><span style=\"font-weight: 400;\"> En la industria qu\u00edmica, especialmente en los procesos que utilizan catalizadores met\u00e1licos, se producen lodos met\u00e1licos como subproducto.<\/span><\/li>\n<\/ul>\n<p>[\/vc_column_text][\/vc_column][\/vc_row][vc_row][vc_column width=\u00bb1\/2&#8243;][vc_column_text]<\/p>\n<h2><span style=\"color: #728d2a;\">El secado de lodos met\u00e1licos como proceso indispensable para diversas industrias<\/span><\/h2>\n<p><span style=\"font-weight: 400;\">En todos estos procesos, la manipulaci\u00f3n de los lodos met\u00e1licos es fundamental para evitar la contaminaci\u00f3n ambiental y recuperar los metales valiosos. El sitio   <\/span><b>El secado de lodos met\u00e1licos<\/b><span style=\"font-weight: 400;\"> es un paso cr\u00edtico en la cadena del proceso de <\/span><b>recuperaci\u00f3n de metales<\/b><span style=\"font-weight: 400;\">. Al reducir la  <\/span><a href=\"http:\/\/schlammtrocknung.com\/glossar\/wassergehalt\"><span style=\"font-weight: 400;\">contenido de agua<\/span><\/a><span style=\"font-weight: 400;\"> reduce significativamente el peso y el volumen de los lodos, lo que aumenta la eficacia del transporte y del tratamiento posterior. <\/span> <\/p>\n<p><span style=\"font-weight: 400;\">Los lodos met\u00e1licos secos son m\u00e1s f\u00e1ciles de manipular, almacenar y transportar. Adem\u00e1s, el secado facilita la separaci\u00f3n de los metales de otros contaminantes no met\u00e1licos, aumenta la   <\/span><b>pureza<\/b><span style=\"font-weight: 400;\"> del producto final y reduce los costes del tratamiento t\u00e9rmico en las fases posteriores del proceso. <\/span>[\/vc_column_text][vc_message]<i><span style=\"font-weight: 400;\">Recuerda:<\/span><\/i><\/p>\n<p><i><span style=\"font-weight: 400;\">El secado de los lodos met\u00e1licos es un proceso esencial para aumentar el valor y reducir el impacto medioambiental.<\/span><\/i>[\/vc_message][\/vc_column][vc_column width=\u00bb1\/2&#8243;][vc_single_image image=\u00bb373&#8243; img_size=\u00bb600&#215;580&#8243;][vc_empty_space height=\u00bb70px\u00bb][\/vc_column][\/vc_row][vc_row][vc_column width=\u00bb1\/2&#8243;][vc_single_image image=\u00bb371&#8243; img_size=\u00bb600&#215;560&#8243;][vc_empty_space height=\u00bb70px\u00bb][\/vc_column][vc_column width=\u00bb1\/2&#8243;][vc_column_text]<\/p>\n<h2><span style=\"color: #728d2a;\">C\u00f3mo michel SLUDGE-DRYING-SYSTEMS hace posible tu recuperaci\u00f3n de metales  <\/span><\/h2>\n<p><span style=\"font-weight: 400;\">michel SLUDGE-DRYING-SYSTEMS utiliza las \u00faltimas tecnolog\u00edas para el secado de lodos met\u00e1licos. Nuestro <\/span> <b> sistemas modulares<\/b><span style=\"font-weight: 400;\"> utilizan una combinaci\u00f3n avanzada de <\/span><b>secado por contacto y convecci\u00f3n<\/b><span style=\"font-weight: 400;\">que permite un secado uniforme y eficaz, incluso a bajas temperaturas. <\/span> <\/p>\n<p><span style=\"font-weight: 400;\">Esto no s\u00f3lo protege el medio ambiente, sino tambi\u00e9n la estructura material de los lodos. Nuestros sistemas est\u00e1n dise\u00f1ados de forma flexible para adaptarse a diferentes tama\u00f1os y condiciones, y pueden ser   <\/span><b>directamente en el punto de origen de los lodos <\/b><span style=\"font-weight: 400;\">para minimizar los costes de transporte y log\u00edstica.<\/span><\/p>\n<p><span style=\"font-weight: 400;\">Mediante una transformaci\u00f3n posterior, como <\/span><b>fusi\u00f3n<\/b><span style=\"font-weight: 400;\"> o <\/span><b>extracci\u00f3n qu\u00edmica<\/b><span style=\"font-weight: 400;\"> el proceso de secado de los lodos met\u00e1licos puede ir seguido de <\/span><b>recuperaci\u00f3n de las materias primas<\/b><span style=\"font-weight: 400;\"> puede comenzar. <\/span>[\/vc_column_text][\/vc_column][\/vc_row][vc_row][vc_column width=\u00bb1\/2&#8243;][vc_column_text]<\/p>\n<h3><span style=\"color: #728d2a;\">Ventajas del secado de lodos met\u00e1licos con michel SLUDGE-DRYING-SYSTEMS<\/span><\/h3>\n<p><span style=\"font-weight: 400;\">Los sistemas de <\/span><b>secado de lodos met\u00e1licos<\/b><span style=\"font-weight: 400;\">  de michel SLUDGE-DRYING-SYSTEMS ofrecen importantes ventajas que las convierten en una soluci\u00f3n sostenible y eficaz. Gracias al proceso de secado a baja temperatura, los   <\/span><b>El consumo de energ\u00eda se reduce significativamente<\/b><span style=\"font-weight: 400;\">lo que no s\u00f3lo aumenta la eficiencia, sino que tambi\u00e9n minimiza la contaminaci\u00f3n por CO\u2082 y otras emisiones. <\/span> <\/p>\n<p><span style=\"font-weight: 400;\">Nuestros sistemas tambi\u00e9n reducen tus costes de funcionamiento y mantenimiento, as\u00ed como los costes de transporte y almacenamiento de tus lodos met\u00e1licos. Su flexibilidad permite procesar una gran variedad de cantidades y tipos de lodos met\u00e1licos.   <\/span><b>directamente in situ y sin tejado<\/b><span style=\"font-weight: 400;\"> para procesar. <\/span>[\/vc_column_text][vc_empty_space height=\u00bb70px\u00bb][\/vc_column][vc_column width=\u00bb1\/2&#8243;][vc_single_image image=\u00bb372&#8243; img_size=\u00bb600&#215;500&#8243;][\/vc_column][\/vc_row][vc_row][vc_column][vc_cta h2=\u00bbEmpieza ahora con la utilizaci\u00f3n sostenible de los lodos met\u00e1licos\u00bb txt_align=\u00bbcenter\u00bb add_button=\u00bbbottom\u00bb btn_title=\u00bbPonte en contacto con nosotros\u00bb btn_style=\u00bbgradient-custom\u00bb btn_gradient_custom_color_1=\u00bb#728d2a\u00bb btn_gradient_custom_color_2=\u00bb#728d2a\u00bb btn_align=\u00bbcenter\u00bb btn_link=\u00bburl:https%3A%2F%2Fschlammtrocknung.com%2Fes%2Fcontacta-con-nosotros%2F|title:Contacta%20con%20nosotros|\u00bb]<\/p>\n<p style=\"text-align: center;\"><span style=\"font-weight: 400;\">Conf\u00eda en <\/span><b>sistemas de secado de lodos michel<\/b><span style=\"font-weight: 400;\">para el <\/span><b>secado de lodos met\u00e1licos<\/b><span style=\"font-weight: 400;\">  para revolucionar tu negocio. Ponte en contacto con nosotros hoy mismo para saber m\u00e1s sobre nuestras soluciones innovadoras y c\u00f3mo podemos ayudarte a alcanzar tus objetivos medioambientales y econ\u00f3micos. <\/span><\/p>\n<p>[\/vc_cta][vc_empty_space height=\u00bb50px\u00bb][\/vc_column][\/vc_row][vc_row][vc_column][vc_column_text]<\/p>\n<h2 style=\"text-align: center;\"><span style=\"color: #728d2a;\">FAQ &#8211; Preguntas frecuentes sobre el secado de lodos met\u00e1licos<\/span><\/h2>\n<p>[\/vc_column_text][\/vc_column][\/vc_row][vc_row][vc_column][vc_toggle title=\u00bb\u00bfQu\u00e9 es el lodo met\u00e1lico?\u00bb]<span style=\"font-weight: 400;\">Los lodos met\u00e1licos son un subproducto de procesos industriales, como el procesamiento de metales y el tratamiento de aguas, que contiene part\u00edculas met\u00e1licas e impurezas. Se produce por la filtraci\u00f3n de metales de los l\u00edquidos y requiere un tratamiento cuidadoso para su reciclaje o eliminaci\u00f3n. <\/span>[\/vc_toggle][vc_toggle title=\u00bb\u00bfCu\u00e1les son las ventajas del secado de lodos met\u00e1licos?\u00bb]<span style=\"font-weight: 400;\">Secar los lodos met\u00e1licos minimiza su volumen y peso, mejora su manipulaci\u00f3n y reduce los costes de transporte. Tambi\u00e9n facilita la separaci\u00f3n de metales e impurezas no met\u00e1licas, aumenta la pureza del producto final y reduce el impacto medioambiental. Esto es lo que hace posible la recuperaci\u00f3n eficaz de metales a partir de lodos met\u00e1licos.  <\/span>[\/vc_toggle][\/vc_column][\/vc_row]<\/p>\n<\/div>","protected":false},"excerpt":{"rendered":"<p>[vc_row content_placement=\u00bbtop\u00bb][vc_column][vc_column_text] Tratamiento eficaz de residuos: secado de lodos met\u00e1licos directamente in situ [\/vc_column_text][vc_column_text] Conf\u00eda en el avanzado secado de lodos met\u00e1licos de sistemas de secado de lodos michel para un tratamiento de residuos tratamiento de residuos y recuperaci\u00f3n de metales directamente in situ. [\/vc_column_text][vc_empty_space height=\u00bb50px\u00bb][\/vc_column][\/vc_row][vc_row][vc_column width=\u00bb2\/3&#8243;][vc_column_text] Lodos met\u00e1licos: retos y oportunidades Lodos met\u00e1licos se&hellip;<\/p>\n","protected":false},"author":1,"featured_media":0,"parent":1783,"menu_order":0,"comment_status":"closed","ping_status":"closed","template":"","meta":{"footnotes":""},"class_list":["post-2354","page","type-page","status-publish","hentry","description-off"],"yoast_head":"<!-- This site is optimized with the Yoast SEO plugin v27.3 - https:\/\/yoast.com\/product\/yoast-seo-wordpress\/ -->\n<title>Secado de lodos met\u00e1licos | Secado de lodos Michel<\/title>\n<meta name=\"description\" content=\"Conf\u00eda en un tratamiento eficaz de los residuos y en la recuperaci\u00f3n de metales con los sistemas de secado de lodos met\u00e1licos.\" \/>\n<meta name=\"robots\" content=\"index, follow, max-snippet:-1, max-image-preview:large, max-video-preview:-1\" \/>\n<link rel=\"canonical\" href=\"https:\/\/schlammtrocknung.com\/es\/servicios\/secado-de-lodos-metalicos\/\" \/>\n<meta property=\"og:locale\" content=\"es_ES\" \/>\n<meta property=\"og:type\" content=\"article\" \/>\n<meta property=\"og:title\" content=\"Secado de lodos met\u00e1licos | Secado de lodos Michel\" \/>\n<meta property=\"og:description\" content=\"Conf\u00eda en un tratamiento eficaz de los residuos y en la recuperaci\u00f3n de metales con los sistemas de secado de lodos met\u00e1licos.\" \/>\n<meta property=\"og:url\" content=\"https:\/\/schlammtrocknung.com\/es\/servicios\/secado-de-lodos-metalicos\/\" \/>\n<meta property=\"og:site_name\" content=\"Schlammtrocknung \u2013 michel SLUDGE DRYING SYSTEM\" \/>\n<meta property=\"article:modified_time\" content=\"2025-05-09T08:45:59+00:00\" \/>\n<meta name=\"twitter:card\" content=\"summary_large_image\" \/>\n<meta name=\"twitter:label1\" content=\"Tiempo de lectura\" \/>\n\t<meta name=\"twitter:data1\" content=\"6 minutos\" \/>\n<script type=\"application\/ld+json\" class=\"yoast-schema-graph\">{\"@context\":\"https:\\\/\\\/schema.org\",\"@graph\":[{\"@type\":\"WebPage\",\"@id\":\"https:\\\/\\\/schlammtrocknung.com\\\/es\\\/servicios\\\/secado-de-lodos-metalicos\\\/\",\"url\":\"https:\\\/\\\/schlammtrocknung.com\\\/es\\\/servicios\\\/secado-de-lodos-metalicos\\\/\",\"name\":\"Secado de lodos met\u00e1licos | Secado de lodos Michel\",\"isPartOf\":{\"@id\":\"https:\\\/\\\/schlammtrocknung.com\\\/#website\"},\"datePublished\":\"2024-09-04T10:24:34+00:00\",\"dateModified\":\"2025-05-09T08:45:59+00:00\",\"description\":\"Conf\u00eda en un tratamiento eficaz de los residuos y en la recuperaci\u00f3n de metales con los sistemas de secado de lodos met\u00e1licos.\",\"breadcrumb\":{\"@id\":\"https:\\\/\\\/schlammtrocknung.com\\\/es\\\/servicios\\\/secado-de-lodos-metalicos\\\/#breadcrumb\"},\"inLanguage\":\"es\",\"potentialAction\":[{\"@type\":\"ReadAction\",\"target\":[\"https:\\\/\\\/schlammtrocknung.com\\\/es\\\/servicios\\\/secado-de-lodos-metalicos\\\/\"]}]},{\"@type\":\"BreadcrumbList\",\"@id\":\"https:\\\/\\\/schlammtrocknung.com\\\/es\\\/servicios\\\/secado-de-lodos-metalicos\\\/#breadcrumb\",\"itemListElement\":[{\"@type\":\"ListItem\",\"position\":1,\"name\":\"Startseite\",\"item\":\"https:\\\/\\\/schlammtrocknung.com\\\/es\\\/pagina-de-inicio-2\\\/\"},{\"@type\":\"ListItem\",\"position\":2,\"name\":\"Servicios\",\"item\":\"https:\\\/\\\/schlammtrocknung.com\\\/es\\\/servicios\\\/\"},{\"@type\":\"ListItem\",\"position\":3,\"name\":\"Secado de lodos met\u00e1licos\"}]},{\"@type\":\"WebSite\",\"@id\":\"https:\\\/\\\/schlammtrocknung.com\\\/#website\",\"url\":\"https:\\\/\\\/schlammtrocknung.com\\\/\",\"name\":\"Schlammtrocknung | SDS - Schlammtrocknung\",\"description\":\"Schlamm- L\u00f6sungen f\u00fcr Kl\u00e4rwerke, Industrie und Umwelt\",\"publisher\":{\"@id\":\"https:\\\/\\\/schlammtrocknung.com\\\/#organization\"},\"potentialAction\":[{\"@type\":\"SearchAction\",\"target\":{\"@type\":\"EntryPoint\",\"urlTemplate\":\"https:\\\/\\\/schlammtrocknung.com\\\/?s={search_term_string}\"},\"query-input\":{\"@type\":\"PropertyValueSpecification\",\"valueRequired\":true,\"valueName\":\"search_term_string\"}}],\"inLanguage\":\"es\"},{\"@type\":\"Organization\",\"@id\":\"https:\\\/\\\/schlammtrocknung.com\\\/#organization\",\"name\":\"Schlammtrocknung | SDS - Schlammtrocknung\",\"url\":\"https:\\\/\\\/schlammtrocknung.com\\\/\",\"logo\":{\"@type\":\"ImageObject\",\"inLanguage\":\"es\",\"@id\":\"https:\\\/\\\/schlammtrocknung.com\\\/#\\\/schema\\\/logo\\\/image\\\/\",\"url\":\"https:\\\/\\\/schlammtrocknung.com\\\/wp-content\\\/uploads\\\/2023\\\/02\\\/logo_sds-1.png\",\"contentUrl\":\"https:\\\/\\\/schlammtrocknung.com\\\/wp-content\\\/uploads\\\/2023\\\/02\\\/logo_sds-1.png\",\"width\":697,\"height\":187,\"caption\":\"Schlammtrocknung | SDS - Schlammtrocknung\"},\"image\":{\"@id\":\"https:\\\/\\\/schlammtrocknung.com\\\/#\\\/schema\\\/logo\\\/image\\\/\"}}]}<\/script>\n<!-- \/ Yoast SEO plugin. -->","yoast_head_json":{"title":"Secado de lodos met\u00e1licos | Secado de lodos Michel","description":"Conf\u00eda en un tratamiento eficaz de los residuos y en la recuperaci\u00f3n de metales con los sistemas de secado de lodos met\u00e1licos.","robots":{"index":"index","follow":"follow","max-snippet":"max-snippet:-1","max-image-preview":"max-image-preview:large","max-video-preview":"max-video-preview:-1"},"canonical":"https:\/\/schlammtrocknung.com\/es\/servicios\/secado-de-lodos-metalicos\/","og_locale":"es_ES","og_type":"article","og_title":"Secado de lodos met\u00e1licos | Secado de lodos Michel","og_description":"Conf\u00eda en un tratamiento eficaz de los residuos y en la recuperaci\u00f3n de metales con los sistemas de secado de lodos met\u00e1licos.","og_url":"https:\/\/schlammtrocknung.com\/es\/servicios\/secado-de-lodos-metalicos\/","og_site_name":"Schlammtrocknung \u2013 michel SLUDGE DRYING SYSTEM","article_modified_time":"2025-05-09T08:45:59+00:00","twitter_card":"summary_large_image","twitter_misc":{"Tiempo de lectura":"6 minutos"},"schema":{"@context":"https:\/\/schema.org","@graph":[{"@type":"WebPage","@id":"https:\/\/schlammtrocknung.com\/es\/servicios\/secado-de-lodos-metalicos\/","url":"https:\/\/schlammtrocknung.com\/es\/servicios\/secado-de-lodos-metalicos\/","name":"Secado de lodos met\u00e1licos | Secado de lodos Michel","isPartOf":{"@id":"https:\/\/schlammtrocknung.com\/#website"},"datePublished":"2024-09-04T10:24:34+00:00","dateModified":"2025-05-09T08:45:59+00:00","description":"Conf\u00eda en un tratamiento eficaz de los residuos y en la recuperaci\u00f3n de metales con los sistemas de secado de lodos met\u00e1licos.","breadcrumb":{"@id":"https:\/\/schlammtrocknung.com\/es\/servicios\/secado-de-lodos-metalicos\/#breadcrumb"},"inLanguage":"es","potentialAction":[{"@type":"ReadAction","target":["https:\/\/schlammtrocknung.com\/es\/servicios\/secado-de-lodos-metalicos\/"]}]},{"@type":"BreadcrumbList","@id":"https:\/\/schlammtrocknung.com\/es\/servicios\/secado-de-lodos-metalicos\/#breadcrumb","itemListElement":[{"@type":"ListItem","position":1,"name":"Startseite","item":"https:\/\/schlammtrocknung.com\/es\/pagina-de-inicio-2\/"},{"@type":"ListItem","position":2,"name":"Servicios","item":"https:\/\/schlammtrocknung.com\/es\/servicios\/"},{"@type":"ListItem","position":3,"name":"Secado de lodos met\u00e1licos"}]},{"@type":"WebSite","@id":"https:\/\/schlammtrocknung.com\/#website","url":"https:\/\/schlammtrocknung.com\/","name":"Schlammtrocknung | SDS - Schlammtrocknung","description":"Schlamm- L\u00f6sungen f\u00fcr Kl\u00e4rwerke, Industrie und Umwelt","publisher":{"@id":"https:\/\/schlammtrocknung.com\/#organization"},"potentialAction":[{"@type":"SearchAction","target":{"@type":"EntryPoint","urlTemplate":"https:\/\/schlammtrocknung.com\/?s={search_term_string}"},"query-input":{"@type":"PropertyValueSpecification","valueRequired":true,"valueName":"search_term_string"}}],"inLanguage":"es"},{"@type":"Organization","@id":"https:\/\/schlammtrocknung.com\/#organization","name":"Schlammtrocknung | SDS - Schlammtrocknung","url":"https:\/\/schlammtrocknung.com\/","logo":{"@type":"ImageObject","inLanguage":"es","@id":"https:\/\/schlammtrocknung.com\/#\/schema\/logo\/image\/","url":"https:\/\/schlammtrocknung.com\/wp-content\/uploads\/2023\/02\/logo_sds-1.png","contentUrl":"https:\/\/schlammtrocknung.com\/wp-content\/uploads\/2023\/02\/logo_sds-1.png","width":697,"height":187,"caption":"Schlammtrocknung | SDS - Schlammtrocknung"},"image":{"@id":"https:\/\/schlammtrocknung.com\/#\/schema\/logo\/image\/"}}]}},"_links":{"self":[{"href":"https:\/\/schlammtrocknung.com\/es\/wp-json\/wp\/v2\/pages\/2354","targetHints":{"allow":["GET"]}}],"collection":[{"href":"https:\/\/schlammtrocknung.com\/es\/wp-json\/wp\/v2\/pages"}],"about":[{"href":"https:\/\/schlammtrocknung.com\/es\/wp-json\/wp\/v2\/types\/page"}],"author":[{"embeddable":true,"href":"https:\/\/schlammtrocknung.com\/es\/wp-json\/wp\/v2\/users\/1"}],"replies":[{"embeddable":true,"href":"https:\/\/schlammtrocknung.com\/es\/wp-json\/wp\/v2\/comments?post=2354"}],"version-history":[{"count":2,"href":"https:\/\/schlammtrocknung.com\/es\/wp-json\/wp\/v2\/pages\/2354\/revisions"}],"predecessor-version":[{"id":2362,"href":"https:\/\/schlammtrocknung.com\/es\/wp-json\/wp\/v2\/pages\/2354\/revisions\/2362"}],"up":[{"embeddable":true,"href":"https:\/\/schlammtrocknung.com\/es\/wp-json\/wp\/v2\/pages\/1783"}],"wp:attachment":[{"href":"https:\/\/schlammtrocknung.com\/es\/wp-json\/wp\/v2\/media?parent=2354"}],"curies":[{"name":"wp","href":"https:\/\/api.w.org\/{rel}","templated":true}]}}