{"id":2360,"date":"2024-09-04T12:00:35","date_gmt":"2024-09-04T10:00:35","guid":{"rendered":"https:\/\/schlammtrocknung.com\/servicios\/secado-de-lodos-de-depuradora\/"},"modified":"2025-05-09T10:46:00","modified_gmt":"2025-05-09T08:46:00","slug":"secado-de-lodos-de-depuradora","status":"publish","type":"page","link":"https:\/\/schlammtrocknung.com\/es\/servicios\/secado-de-lodos-de-depuradora\/","title":{"rendered":"Secado de lodos de depuradora"},"content":{"rendered":"<div class=\"wpb-content-wrapper\"><p>[vc_row content_placement=\u00bbtop\u00bb][vc_column][vc_column_text]<\/p>\n<h1 style=\"text-align: center;\"><span style=\"color: #728d2a;\">  Secado de lodos de depuradora con michel SLUDGE-DRYING-SYSTEMS<\/span><\/h1>\n<p>[\/vc_column_text][vc_column_text]<\/p>\n<p style=\"text-align: center;\"><span style=\"font-weight: 400;\">Avanzado <\/span><b>Secado de lodos de depuradora<\/b><span style=\"font-weight: 400;\">que redefine los est\u00e1ndares medioambientales y al mismo tiempo es econ\u00f3micamente ventajoso &#8211; todo esto se consigue con los sistemas de <\/span><b>sistemas de secado de lodos michel <\/b> <span style=\"font-weight: 400;\">posible. Nuestras plantas preparan los lodos de depuradora de forma \u00f3ptima para su eliminaci\u00f3n cuidadosa o   <\/span><a href=\"http:\/\/schlammtrocknung.com\/schlammverwertung\"><span style=\"font-weight: 400;\">valorizaci\u00f3n<\/span><\/a><span style=\"font-weight: 400;\">por ejemplo en el curso de <\/span><a href=\"http:\/\/schlammtrocknung.com\/blog\/phosphor-recycling\"><span style=\"font-weight: 400;\">reciclaje del f\u00f3sforo<\/span><\/a><span style=\"font-weight: 400;\">antes.<\/span><\/p>\n<p>[\/vc_column_text][vc_empty_space height=\u00bb50px\u00bb][\/vc_column][\/vc_row][vc_row][vc_column width=\u00bb2\/3&#8243;][vc_column_text]<\/p>\n<h2><span style=\"color: #728d2a;\">Secado de lodos de depuradora: un paso decisivo para el aprovechamiento de tus residuos<\/span><\/h2>\n<p>[\/vc_column_text][vc_message]<i><span style=\"font-weight: 400;\">\u00bfQu\u00e9 son los lodos de depuradora?<\/span><\/i><\/p>\n<p><i><span style=\"font-weight: 400;\">Los lodos de depuradora son el subproducto del tratamiento de aguas residuales, que consiste en materiales s\u00f3lidos que se han eliminado de las aguas residuales. Estos lodos, que a\u00fan tienen un alto contenido de humedad,   <\/span><\/i><i><span style=\"font-weight: 400;\">Contiene materiales org\u00e1nicos e inorg\u00e1nicos, <\/span><\/i><i><span style=\"font-weight: 400;\">microorganismos y bacterias potencialmente pat\u00f3genos. <\/span><\/i>[\/vc_message][vc_column_text]<span style=\"font-weight: 400;\">Los lodos tambi\u00e9n pueden contener metales pesados y otros contaminantes que requieren un tratamiento cuidadoso. <\/span><a href=\"http:\/\/schlammtrocknung.com\/leistungen\/schlammbehandlung\"><span style=\"font-weight: 400;\">tratamiento<\/span><\/a><span style=\"font-weight: 400;\">  para proteger el medio ambiente y la salud humana. En   <\/span><b>el secado eficaz y seguro de los lodos de depuradora<\/b><span style=\"font-weight: 400;\"> es, por tanto, un elemento central de las estrategias modernas de gesti\u00f3n de residuos y protecci\u00f3n del medio ambiente.<\/span>[\/vc_column_text][vc_empty_space height=\u00bb70px\u00bb][\/vc_column][vc_column width=\u00bb1\/3&#8243;][vc_single_image image=\u00bb1166&#8243; img_size=\u00bb400&#215;500&#8243;][\/vc_column][\/vc_row][vc_row][vc_column width=\u00bb1\/2&#8243;][vc_single_image image=\u00bb374&#8243; img_size=\u00bb600&#215;400&#8243;][vc_empty_space height=\u00bb70px\u00bb][\/vc_column][vc_column width=\u00bb1\/2&#8243;][vc_column_text]<\/p>\n<h2><span style=\"color: #728d2a;\">Por eso es indispensable el secado de los lodos de depuradora<\/span><\/h2>\n<p>El secado de los lodos de depuradora reduce significativamente su volumen y peso, ya que elimina gran parte de su contenido l\u00edquido. Esto simplifica el transporte y el tratamiento posterior de los lodos de depuradora y reduce los costes. <\/p>\n<p><span style=\"font-weight: 400;\">El secado ayuda a estabilizar los lodos reduciendo la actividad biol\u00f3gica, <\/span><span style=\"font-weight: 400;\">los olores<\/span><span style=\"font-weight: 400;\">  y se evita la propagaci\u00f3n de agentes pat\u00f3genos. Tambi\u00e9n hace que la   <\/span><b>Recuperar<\/b><span style=\"font-weight: 400;\"> sustancias valiosas de los lodos con mayor eficacia.<\/span><\/p>\n<h3><\/h3>\n<p>[\/vc_column_text][\/vc_column][\/vc_row][vc_row][vc_column width=\u00bb1\/2&#8243;][vc_column_text]<b>Los lodos de depuradora secos<\/b><span style=\"font-weight: 400;\"> pueden almacenarse de forma segura y utilizarse de diversas maneras:<\/span><\/p>\n<ul>\n<li style=\"font-weight: 400;\" aria-level=\"1\"><b>Como combustible renovable<\/b><span style=\"font-weight: 400;\"> en centrales el\u00e9ctricas de biomasa para la generaci\u00f3n de energ\u00eda<\/span><\/li>\n<li style=\"font-weight: 400;\" aria-level=\"1\"><b>Como abono de alta calidad <\/b><span style=\"font-weight: 400;\">con nutrientes esenciales para la agricultura<\/span><\/li>\n<li style=\"font-weight: 400;\" aria-level=\"1\"><b>En la industria de la construcci\u00f3n<\/b><span style=\"font-weight: 400;\"> como \u00e1rido para la producci\u00f3n de materiales de construcci\u00f3n como ladrillos o adoquines<\/span><\/li>\n<li style=\"font-weight: 400;\" aria-level=\"1\"><b>Para la recuperaci\u00f3n de f\u00f3sforo valioso <\/b><span style=\"font-weight: 400;\">de los lodos secos<\/span><\/li>\n<\/ul>\n<p>[\/vc_column_text][\/vc_column][vc_column width=\u00bb1\/2&#8243;][vc_single_image image=\u00bb373&#8243; img_size=\u00bb600&#215;380&#8243;][vc_empty_space height=\u00bb70px\u00bb][\/vc_column][\/vc_row][vc_row][vc_column width=\u00bb1\/2&#8243;][vc_single_image image=\u00bb371&#8243; img_size=\u00bb600&#215;500&#8243;][vc_empty_space height=\u00bb70px\u00bb][\/vc_column][vc_column width=\u00bb1\/2&#8243;][vc_column_text]<\/p>\n<h2><span style=\"color: #728d2a;\">Aprovechamiento sostenible de los lodos de depuradora con los SISTEMAS DE SECADO DE LODOS de michel<\/span><\/h2>\n<p><span style=\"font-weight: 400;\">michel SLUDGE-DRYING-SYSTEMS utiliza tecnolog\u00edas innovadoras para secar eficazmente los lodos de depuradora. Nuestro   <\/span><b>sistemas<\/b><span style=\"font-weight: 400;\"> utilizan una combinaci\u00f3n de secado por contacto y convecci\u00f3n <\/span><span style=\"font-weight: 400;\">para un secado uniforme y suave de tus lodos de depuradora <\/span><span style=\"font-weight: 400;\">&#8211; sin necesidad de transporte, ya que se secan directamente in situ. <\/span> <\/p>\n<p><span style=\"font-weight: 400;\">El <\/span><b>secado de lodos de depuradora<\/b><span style=\"font-weight: 400;\">  tiene lugar a <a href=\"https:\/\/schlammtrocknung.com\/es\/secadora-de-baja-temperatura\/\">bajas temperaturas<\/a> para ahorrar energ\u00eda y preservar las sustancias \u00fatiles contenidas en los lodos. Nuestros sistemas modulares se adaptan a distintos tipos y cantidades de lodos y est\u00e1n disponibles en <strong>todas las<\/strong> versiones. <\/span> <b> tama\u00f1os <\/b><span style=\"font-weight: 400;\">disponibles para satisfacer las necesidades de diferentes instalaciones.<\/span>[\/vc_column_text][\/vc_column][\/vc_row][vc_row][vc_column width=\u00bb1\/2&#8243;][vc_column_text]<\/p>\n<h3><span style=\"color: #728d2a;\">Ventajas del secado de lodos de depuradora con michel SLUDGE-DRYING-SYSTEMS<\/span><\/h3>\n<p><span style=\"font-weight: 400;\">Los SISTEMAS DE SECADO DE LODOS Michel ofrecen numerosas ventajas que distinguen nuestra tecnolog\u00eda de los sistemas convencionales <\/span><span style=\"font-weight: 400;\">diferencian<\/span><span style=\"font-weight: 400;\">:<\/span><\/p>\n<ul>\n<li style=\"font-weight: 400;\" aria-level=\"1\"><b>Directamente in situ:<\/b><span style=\"font-weight: 400;\"> Instaladas directamente donde se producen los lodos, nuestras soluciones ahorran costes log\u00edsticos.<\/span><\/li>\n<li style=\"font-weight: 400;\" aria-level=\"1\"><b>Ecol\u00f3gicamente sostenible:<\/b> <span style=\"font-weight: 400;\">Sin emisiones directas y con una importante reducci\u00f3n de CO\u2082.<\/span><\/li>\n<li style=\"font-weight: 400;\" aria-level=\"1\"><b>Proceso eficaz<\/b><b>:<\/b><span style=\"font-weight: 400;\"> Gracias al secado a baja temperatura, conseguimos la m\u00e1xima eficiencia energ\u00e9tica y bajos costes de funcionamiento.<\/span><\/li>\n<li style=\"font-weight: 400;\" aria-level=\"1\"><b>Vers\u00e1tiles y personalizables:<\/b><span style=\"font-weight: 400;\"> Los sistemas son adecuados para distintos tipos de lodos y se pueden ampliar modularmente.<\/span><\/li>\n<li style=\"font-weight: 400;\" aria-level=\"1\"><b>Duradero y de bajo mantenimiento:<\/b> <span style=\"font-weight: 400;\">Nuestro dise\u00f1o robusto y nuestra tecnolog\u00eda avanzada maximizan la fiabilidad.<\/span><\/li>\n<\/ul>\n<p>[\/vc_column_text][vc_empty_space height=\u00bb70px\u00bb][\/vc_column][vc_column width=\u00bb1\/2&#8243;][vc_single_image image=\u00bb372&#8243; img_size=\u00bb600&#215;500&#8243;][\/vc_column][\/vc_row][vc_row][vc_column][vc_cta h2=\u00bbToma en tus manos el secado de los lodos de depuradora\u00bb txt_align=\u00bbcenter\u00bb add_button=\u00bbbottom\u00bb btn_title=\u00bbPonte en contacto con nosotros\u00bb btn_style=\u00bbgradient-custom\u00bb btn_gradient_custom_color_1=\u00bb#728d2a\u00bb btn_gradient_custom_color_2=\u00bb#728d2a\u00bb btn_align=\u00bbcenter\u00bb btn_link=\u00bburl:https%3A%2F%2Fschlammtrocknung.com%2Fes%2Fcontacta-con-nosotros%2F|title:Contacta%20con%20nosotros|\u00bb]<\/p>\n<p style=\"text-align: center;\"><span style=\"font-weight: 400;\">Conf\u00eda en <\/span><b>sistemas de secado de lodos michel<\/b><span style=\"font-weight: 400;\">para su <\/span><b>secado de lodos de depuradora<\/b><span style=\"font-weight: 400;\">  respetuosos con el medio ambiente y rentables. Ponte en contacto con nosotros ahora para saber m\u00e1s sobre c\u00f3mo nuestros sistemas pueden ayudarte a alcanzar tus objetivos empresariales y de sostenibilidad. <\/span><\/p>\n<p>[\/vc_cta][vc_empty_space height=\u00bb50px\u00bb][\/vc_column][\/vc_row][vc_row][vc_column][vc_column_text]<\/p>\n<h2 style=\"text-align: center;\"><span style=\"color: #728d2a;\">FAQ &#8211; Preguntas frecuentes sobre el secado de lodos de depuradora<\/span><\/h2>\n<p>[\/vc_column_text][\/vc_column][\/vc_row][vc_row][vc_column][vc_toggle title=\u00bb\u00bfC\u00f3mo se secan los lodos de depuradora?\u00bb]<span style=\"font-weight: 400;\">Los lodos de depuradora se secan aplicando calor y presi\u00f3n, mediante t\u00e9cnicas como el secado por contacto y convecci\u00f3n. As\u00ed se elimina la humedad de los lodos, lo que reduce su volumen y peso y facilita su transporte, almacenamiento y procesamiento posterior. <\/span>[\/vc_toggle][vc_toggle title=\u00bb\u00bfQu\u00e9 son exactamente los lodos de depuradora?\u00bb]<span style=\"font-weight: 400;\">Los lodos de depuradora son un subproducto del tratamiento de aguas residuales, formado principalmente por materiales org\u00e1nicos, microorganismos y s\u00f3lidos filtrados del agua. Contiene nutrientes como nitr\u00f3geno y f\u00f3sforo, pero tambi\u00e9n puede contener contaminantes como bacterias y metales pesados, lo que requiere un tratamiento y eliminaci\u00f3n cuidadosos. <\/span>[\/vc_toggle][vc_toggle title=\u00bb\u00bfLos lodos de depuradora son inflamables?\u00bb]<span style=\"font-weight: 400;\">S\u00ed, los lodos de depuradora son combustibles, sobre todo despu\u00e9s de haberse secado completamente. Los lodos de depuradora secos pueden utilizarse como combustible en plantas especialmente dise\u00f1adas para generar energ\u00eda. Sin embargo, antes de que se sequen los lodos de depuradora, el material no suele ser combustible debido a su alto contenido en agua.  <\/span>[\/vc_toggle][\/vc_column][\/vc_row]<\/p>\n<\/div>","protected":false},"excerpt":{"rendered":"<p>[vc_row content_placement=\u00bbtop\u00bb][vc_column][vc_column_text] Secado de lodos de depuradora con michel SLUDGE-DRYING-SYSTEMS [\/vc_column_text][vc_column_text] Avanzado Secado de lodos de depuradoraque redefine los est\u00e1ndares medioambientales y al mismo tiempo es econ\u00f3micamente ventajoso &#8211; todo esto se consigue con los sistemas de sistemas de secado de lodos michel posible. Nuestras plantas preparan los lodos de depuradora de forma \u00f3ptima para&hellip;<\/p>\n","protected":false},"author":1,"featured_media":0,"parent":1783,"menu_order":0,"comment_status":"closed","ping_status":"closed","template":"","meta":{"footnotes":""},"class_list":["post-2360","page","type-page","status-publish","hentry","description-off"],"yoast_head":"<!-- This site is optimized with the Yoast SEO plugin v27.3 - https:\/\/yoast.com\/product\/yoast-seo-wordpress\/ -->\n<title>Secado de lodos de depuradora | Secado de lodos Michel<\/title>\n<meta name=\"description\" content=\"Optimiza el aprovechamiento de tus residuos con el secado avanzado de lodos de depuradora de michel SLUDGE-DRYING-SYSTEMS.\" \/>\n<meta name=\"robots\" content=\"index, follow, max-snippet:-1, max-image-preview:large, max-video-preview:-1\" \/>\n<link rel=\"canonical\" href=\"https:\/\/schlammtrocknung.com\/es\/servicios\/secado-de-lodos-de-depuradora\/\" \/>\n<meta property=\"og:locale\" content=\"es_ES\" \/>\n<meta property=\"og:type\" content=\"article\" \/>\n<meta property=\"og:title\" content=\"Secado de lodos de depuradora | Secado de lodos Michel\" \/>\n<meta property=\"og:description\" content=\"Optimiza el aprovechamiento de tus residuos con el secado avanzado de lodos de depuradora de michel SLUDGE-DRYING-SYSTEMS.\" \/>\n<meta property=\"og:url\" content=\"https:\/\/schlammtrocknung.com\/es\/servicios\/secado-de-lodos-de-depuradora\/\" \/>\n<meta property=\"og:site_name\" content=\"Schlammtrocknung \u2013 michel SLUDGE DRYING SYSTEM\" \/>\n<meta property=\"article:modified_time\" content=\"2025-05-09T08:46:00+00:00\" \/>\n<meta name=\"twitter:card\" content=\"summary_large_image\" \/>\n<meta name=\"twitter:label1\" content=\"Tiempo de lectura\" \/>\n\t<meta name=\"twitter:data1\" content=\"6 minutos\" \/>\n<script type=\"application\/ld+json\" class=\"yoast-schema-graph\">{\"@context\":\"https:\\\/\\\/schema.org\",\"@graph\":[{\"@type\":\"WebPage\",\"@id\":\"https:\\\/\\\/schlammtrocknung.com\\\/es\\\/servicios\\\/secado-de-lodos-de-depuradora\\\/\",\"url\":\"https:\\\/\\\/schlammtrocknung.com\\\/es\\\/servicios\\\/secado-de-lodos-de-depuradora\\\/\",\"name\":\"Secado de lodos de depuradora | Secado de lodos Michel\",\"isPartOf\":{\"@id\":\"https:\\\/\\\/schlammtrocknung.com\\\/#website\"},\"datePublished\":\"2024-09-04T10:00:35+00:00\",\"dateModified\":\"2025-05-09T08:46:00+00:00\",\"description\":\"Optimiza el aprovechamiento de tus residuos con el secado avanzado de lodos de depuradora de michel SLUDGE-DRYING-SYSTEMS.\",\"breadcrumb\":{\"@id\":\"https:\\\/\\\/schlammtrocknung.com\\\/es\\\/servicios\\\/secado-de-lodos-de-depuradora\\\/#breadcrumb\"},\"inLanguage\":\"es\",\"potentialAction\":[{\"@type\":\"ReadAction\",\"target\":[\"https:\\\/\\\/schlammtrocknung.com\\\/es\\\/servicios\\\/secado-de-lodos-de-depuradora\\\/\"]}]},{\"@type\":\"BreadcrumbList\",\"@id\":\"https:\\\/\\\/schlammtrocknung.com\\\/es\\\/servicios\\\/secado-de-lodos-de-depuradora\\\/#breadcrumb\",\"itemListElement\":[{\"@type\":\"ListItem\",\"position\":1,\"name\":\"Startseite\",\"item\":\"https:\\\/\\\/schlammtrocknung.com\\\/es\\\/pagina-de-inicio-2\\\/\"},{\"@type\":\"ListItem\",\"position\":2,\"name\":\"Servicios\",\"item\":\"https:\\\/\\\/schlammtrocknung.com\\\/es\\\/servicios\\\/\"},{\"@type\":\"ListItem\",\"position\":3,\"name\":\"Secado de lodos de depuradora\"}]},{\"@type\":\"WebSite\",\"@id\":\"https:\\\/\\\/schlammtrocknung.com\\\/#website\",\"url\":\"https:\\\/\\\/schlammtrocknung.com\\\/\",\"name\":\"Schlammtrocknung | SDS - Schlammtrocknung\",\"description\":\"Schlamm- L\u00f6sungen f\u00fcr Kl\u00e4rwerke, Industrie und Umwelt\",\"publisher\":{\"@id\":\"https:\\\/\\\/schlammtrocknung.com\\\/#organization\"},\"potentialAction\":[{\"@type\":\"SearchAction\",\"target\":{\"@type\":\"EntryPoint\",\"urlTemplate\":\"https:\\\/\\\/schlammtrocknung.com\\\/?s={search_term_string}\"},\"query-input\":{\"@type\":\"PropertyValueSpecification\",\"valueRequired\":true,\"valueName\":\"search_term_string\"}}],\"inLanguage\":\"es\"},{\"@type\":\"Organization\",\"@id\":\"https:\\\/\\\/schlammtrocknung.com\\\/#organization\",\"name\":\"Schlammtrocknung | SDS - Schlammtrocknung\",\"url\":\"https:\\\/\\\/schlammtrocknung.com\\\/\",\"logo\":{\"@type\":\"ImageObject\",\"inLanguage\":\"es\",\"@id\":\"https:\\\/\\\/schlammtrocknung.com\\\/#\\\/schema\\\/logo\\\/image\\\/\",\"url\":\"https:\\\/\\\/schlammtrocknung.com\\\/wp-content\\\/uploads\\\/2023\\\/02\\\/logo_sds-1.png\",\"contentUrl\":\"https:\\\/\\\/schlammtrocknung.com\\\/wp-content\\\/uploads\\\/2023\\\/02\\\/logo_sds-1.png\",\"width\":697,\"height\":187,\"caption\":\"Schlammtrocknung | SDS - Schlammtrocknung\"},\"image\":{\"@id\":\"https:\\\/\\\/schlammtrocknung.com\\\/#\\\/schema\\\/logo\\\/image\\\/\"}}]}<\/script>\n<!-- \/ Yoast SEO plugin. -->","yoast_head_json":{"title":"Secado de lodos de depuradora | Secado de lodos Michel","description":"Optimiza el aprovechamiento de tus residuos con el secado avanzado de lodos de depuradora de michel SLUDGE-DRYING-SYSTEMS.","robots":{"index":"index","follow":"follow","max-snippet":"max-snippet:-1","max-image-preview":"max-image-preview:large","max-video-preview":"max-video-preview:-1"},"canonical":"https:\/\/schlammtrocknung.com\/es\/servicios\/secado-de-lodos-de-depuradora\/","og_locale":"es_ES","og_type":"article","og_title":"Secado de lodos de depuradora | Secado de lodos Michel","og_description":"Optimiza el aprovechamiento de tus residuos con el secado avanzado de lodos de depuradora de michel SLUDGE-DRYING-SYSTEMS.","og_url":"https:\/\/schlammtrocknung.com\/es\/servicios\/secado-de-lodos-de-depuradora\/","og_site_name":"Schlammtrocknung \u2013 michel SLUDGE DRYING SYSTEM","article_modified_time":"2025-05-09T08:46:00+00:00","twitter_card":"summary_large_image","twitter_misc":{"Tiempo de lectura":"6 minutos"},"schema":{"@context":"https:\/\/schema.org","@graph":[{"@type":"WebPage","@id":"https:\/\/schlammtrocknung.com\/es\/servicios\/secado-de-lodos-de-depuradora\/","url":"https:\/\/schlammtrocknung.com\/es\/servicios\/secado-de-lodos-de-depuradora\/","name":"Secado de lodos de depuradora | Secado de lodos Michel","isPartOf":{"@id":"https:\/\/schlammtrocknung.com\/#website"},"datePublished":"2024-09-04T10:00:35+00:00","dateModified":"2025-05-09T08:46:00+00:00","description":"Optimiza el aprovechamiento de tus residuos con el secado avanzado de lodos de depuradora de michel SLUDGE-DRYING-SYSTEMS.","breadcrumb":{"@id":"https:\/\/schlammtrocknung.com\/es\/servicios\/secado-de-lodos-de-depuradora\/#breadcrumb"},"inLanguage":"es","potentialAction":[{"@type":"ReadAction","target":["https:\/\/schlammtrocknung.com\/es\/servicios\/secado-de-lodos-de-depuradora\/"]}]},{"@type":"BreadcrumbList","@id":"https:\/\/schlammtrocknung.com\/es\/servicios\/secado-de-lodos-de-depuradora\/#breadcrumb","itemListElement":[{"@type":"ListItem","position":1,"name":"Startseite","item":"https:\/\/schlammtrocknung.com\/es\/pagina-de-inicio-2\/"},{"@type":"ListItem","position":2,"name":"Servicios","item":"https:\/\/schlammtrocknung.com\/es\/servicios\/"},{"@type":"ListItem","position":3,"name":"Secado de lodos de depuradora"}]},{"@type":"WebSite","@id":"https:\/\/schlammtrocknung.com\/#website","url":"https:\/\/schlammtrocknung.com\/","name":"Schlammtrocknung | SDS - Schlammtrocknung","description":"Schlamm- L\u00f6sungen f\u00fcr Kl\u00e4rwerke, Industrie und Umwelt","publisher":{"@id":"https:\/\/schlammtrocknung.com\/#organization"},"potentialAction":[{"@type":"SearchAction","target":{"@type":"EntryPoint","urlTemplate":"https:\/\/schlammtrocknung.com\/?s={search_term_string}"},"query-input":{"@type":"PropertyValueSpecification","valueRequired":true,"valueName":"search_term_string"}}],"inLanguage":"es"},{"@type":"Organization","@id":"https:\/\/schlammtrocknung.com\/#organization","name":"Schlammtrocknung | SDS - Schlammtrocknung","url":"https:\/\/schlammtrocknung.com\/","logo":{"@type":"ImageObject","inLanguage":"es","@id":"https:\/\/schlammtrocknung.com\/#\/schema\/logo\/image\/","url":"https:\/\/schlammtrocknung.com\/wp-content\/uploads\/2023\/02\/logo_sds-1.png","contentUrl":"https:\/\/schlammtrocknung.com\/wp-content\/uploads\/2023\/02\/logo_sds-1.png","width":697,"height":187,"caption":"Schlammtrocknung | SDS - Schlammtrocknung"},"image":{"@id":"https:\/\/schlammtrocknung.com\/#\/schema\/logo\/image\/"}}]}},"_links":{"self":[{"href":"https:\/\/schlammtrocknung.com\/es\/wp-json\/wp\/v2\/pages\/2360","targetHints":{"allow":["GET"]}}],"collection":[{"href":"https:\/\/schlammtrocknung.com\/es\/wp-json\/wp\/v2\/pages"}],"about":[{"href":"https:\/\/schlammtrocknung.com\/es\/wp-json\/wp\/v2\/types\/page"}],"author":[{"embeddable":true,"href":"https:\/\/schlammtrocknung.com\/es\/wp-json\/wp\/v2\/users\/1"}],"replies":[{"embeddable":true,"href":"https:\/\/schlammtrocknung.com\/es\/wp-json\/wp\/v2\/comments?post=2360"}],"version-history":[{"count":2,"href":"https:\/\/schlammtrocknung.com\/es\/wp-json\/wp\/v2\/pages\/2360\/revisions"}],"predecessor-version":[{"id":2366,"href":"https:\/\/schlammtrocknung.com\/es\/wp-json\/wp\/v2\/pages\/2360\/revisions\/2366"}],"up":[{"embeddable":true,"href":"https:\/\/schlammtrocknung.com\/es\/wp-json\/wp\/v2\/pages\/1783"}],"wp:attachment":[{"href":"https:\/\/schlammtrocknung.com\/es\/wp-json\/wp\/v2\/media?parent=2360"}],"curies":[{"name":"wp","href":"https:\/\/api.w.org\/{rel}","templated":true}]}}