{"id":2376,"date":"2024-09-04T11:08:22","date_gmt":"2024-09-04T09:08:22","guid":{"rendered":"https:\/\/schlammtrocknung.com\/servicios\/secado-de-bioslodos\/"},"modified":"2025-05-09T10:46:06","modified_gmt":"2025-05-09T08:46:06","slug":"secado-de-bioslodos","status":"publish","type":"page","link":"https:\/\/schlammtrocknung.com\/es\/servicios\/secado-de-bioslodos\/","title":{"rendered":"Secado de bioslodos"},"content":{"rendered":"<div class=\"wpb-content-wrapper\"><p>[vc_row content_placement=\u00bbtop\u00bb][vc_column][vc_column_text]<\/p>\n<h1 style=\"text-align: center;\"><span style=\"color: #728d2a;\">La soluci\u00f3n completa sostenible para el secado de biolodos<\/span><\/h1>\n<p>&nbsp;[\/vc_column_text][vc_column_text]<\/p>\n<p style=\"text-align: center;\"><span style=\"font-weight: 400;\">Experimenta c\u00f3mo <\/span><b>michel SLUDGE-DRYING-SYSTEMS<\/b><span style=\"font-weight: 400;\"> con tecnolog\u00edas avanzadas y sistemas revolucionarios para tu <\/span><b>secado de biolodos<\/b><span style=\"font-weight: 400;\"> eficiente y respetuoso con el medio ambiente. <\/span><b>\u00a1Directamente in situ, descentralizado y econ\u00f3mico!<\/b><\/p>\n<p>[\/vc_column_text][vc_empty_space height=\u00bb50px\u00bb][\/vc_column][\/vc_row][vc_row][vc_column][vc_cta h2=\u00bbRevoluciona el secado de biolodos con los SISTEMAS DE SECADO DE LODOS michel\u00bb txt_align=\u00bbcenter\u00bb add_button=\u00bbbottom\u00bb btn_title=\u00bb\u00a1Descubre soluciones ahora!\u00bb btn_style=\u00bbgradient-custom\u00bb btn_gradient_custom_color_1=\u00bb#728d2a\u00bb btn_gradient_custom_color_2=\u00bb#728d2a\u00bb btn_align=\u00bbcenter\u00bb btn_link=\u00bburl:https%3A%2F%2Fschlammtrocknung.com%2Fes%2Fcontacta-con-nosotros%2F|title:Contacta%20con%20nosotros|\u00bb]<\/p>\n<p style=\"text-align: center;\"><span style=\"font-weight: 400;\">Comienza tu <\/span><b>transformaci\u00f3n sostenible<\/b><span style=\"font-weight: 400;\">  con las soluciones avanzadas de michel SLUDGE-DRYING-SYSTEMS. El sitio   <\/span><b>El secado de bioslodos<\/b><span style=\"font-weight: 400;\"> con nuestros sistemas no s\u00f3lo reduce tus costes de explotaci\u00f3n, sino que tambi\u00e9n contribuye activamente a la <\/span><b>la protecci\u00f3n del medio ambiente <\/b><span style=\"font-weight: 400;\">y<\/span><b> econom\u00eda circular<\/b><span style=\"font-weight: 400;\">. Ponte en contacto con nosotros hoy mismo para saber m\u00e1s sobre nuestras soluciones de secado de biolodos.<\/span><\/p>\n<p>[\/vc_cta][vc_empty_space height=\u00bb50px\u00bb][\/vc_column][\/vc_row][vc_row][vc_column width=\u00bb2\/3&#8243;][vc_column_text]<\/p>\n<h2><span style=\"color: #728d2a;\">Explicado brevemente: Secado de bioslodos<\/span><\/h2>\n<p>[\/vc_column_text][vc_message]<i><span style=\"font-weight: 400;\">\u00bfQu\u00e9 es el biolodo?<\/span><\/i><\/p>\n<p><i><span style=\"font-weight: 400;\">Los bioslodos son un subproducto del tratamiento de aguas residuales que contiene residuos org\u00e1nicos y microorganismos. Este material reciclable se produce principalmente en las plantas municipales de tratamiento de aguas residuales y en las plantas industriales de tratamiento de aguas residuales. <\/span><\/i>[\/vc_message][vc_column_text]<span style=\"font-weight: 400;\">Estos lodos contienen valiosos <\/span><b>nutrientes<\/b><span style=\"font-weight: 400;\"> como el nitr\u00f3geno y el <\/span><a href=\"http:\/\/schlammtrocknung.com\/blog\/phosphor-recycling\"><span style=\"font-weight: 400;\">f\u00f3sforo<\/span><\/a><span style=\"font-weight: 400;\">Sin embargo, tambi\u00e9n est\u00e1 contaminado con agentes contaminantes que requieren una manipulaci\u00f3n cuidadosa para evitar riesgos medioambientales y sanitarios. El derecho   <\/span><b>El procesamiento<\/b><span style=\"font-weight: 400;\"> de los bioslodos es crucial para aprovechar su valor y minimizar los riesgos al mismo tiempo.<\/span>[\/vc_column_text][vc_empty_space height=\u00bb70px\u00bb][\/vc_column][vc_column width=\u00bb1\/3&#8243;][vc_single_image image=\u00bb1172&#8243; img_size=\u00bb400&#215;450&#8243;][\/vc_column][\/vc_row][vc_row][vc_column width=\u00bb1\/2&#8243;][vc_single_image image=\u00bb376&#8243; img_size=\u00bb600&#215;500&#8243;][vc_empty_space height=\u00bb70px\u00bb][\/vc_column][vc_column width=\u00bb1\/2&#8243;][vc_column_text]<\/p>\n<h3><span style=\"color: #728d2a;\">\u00bfQu\u00e9 potencial ofrece el secado de biolodos?<\/span><\/h3>\n<p><span style=\"font-weight: 400;\">El secado de los bioslodos desempe\u00f1a un papel decisivo para minimizar el volumen <\/span><b>minimizar el volumen y el peso<\/b><span style=\"font-weight: 400;\"> de los lodos, lo que simplifica el almacenamiento, el transporte y el tratamiento posterior. <\/span><b>Los bioslodos secos<\/b><span style=\"font-weight: 400;\"> pueden transportarse de forma m\u00e1s segura y rentable y ofrecen oportunidades de <\/span><a href=\"http:\/\/schlammtrocknung.com\/schlammverwertung\"><span style=\"font-weight: 400;\">aprovechamiento de los lodos<\/span><\/a><span style=\"font-weight: 400;\"> o la producci\u00f3n de energ\u00eda. <\/span> <\/p>\n<p><span style=\"font-weight: 400;\">Al reducir <\/span><b>contenido de agua<\/b><span style=\"font-weight: 400;\"> a menos del 10%, se contiene la actividad microbiana, lo que favorece la higienizaci\u00f3n de los lodos y aumenta su vida \u00fatil.<\/span>[\/vc_column_text][\/vc_column][\/vc_row][vc_row][vc_column width=\u00bb1\/2&#8243;][vc_column_text]<\/p>\n<h2><span style=\"color: #728d2a;\">Secado de bioslodos con michel SLUDGE-DRYING-SYSTEMS &#8211; nuestro proceso de un vistazo<\/span><\/h2>\n<p><span style=\"font-weight: 400;\">michel SLUDGE-DRYING-SYSTEMS utiliza <\/span><b>tecnolog\u00edas avanzadas<\/b><span style=\"font-weight: 400;\">para secar eficazmente los lodos biol\u00f3gicos. Nuestros sistemas utilizan un   <\/span><b>Combinaci\u00f3n de secado por contacto y convecci\u00f3n<\/b><span style=\"font-weight: 400;\">para conseguir resultados \u00f3ptimos. Estas tecnolog\u00edas permiten un secado suave a bajas temperaturas y un bajo consumo de energ\u00eda. <\/span>[\/vc_column_text][\/vc_column][vc_column width=\u00bb1\/2&#8243;][vc_single_image image=\u00bb373&#8243; img_size=\u00bb600&#215;330&#8243;][vc_empty_space height=\u00bb70px\u00bb][\/vc_column][\/vc_row][vc_row][vc_column width=\u00bb1\/2&#8243;][vc_single_image image=\u00bb1173&#8243; img_size=\u00bb600&#215;400&#8243;][vc_empty_space height=\u00bb70px\u00bb][\/vc_column][vc_column width=\u00bb1\/2&#8243;][vc_column_text]<span style=\"font-weight: 400;\">Nuestros sistemas SDS para <\/span><b>secado de biolodos<\/b><span style=\"font-weight: 400;\"> son modulares y est\u00e1n disponibles en <\/span><b>diferentes tama\u00f1os <\/b> <span style=\"font-weight: 400;\">disponibles para satisfacer las necesidades de los distintos clientes. Esto permite una soluci\u00f3n flexible y escalable que puede implantarse directamente en el lugar donde se producen los lodos. Tras el secado, los bioslodos ofrecen una amplia gama de    <\/span><b>Opciones de utilizaci\u00f3n<\/b><span style=\"font-weight: 400;\">:<\/span><\/p>\n<ul>\n<li style=\"font-weight: 400;\" aria-level=\"1\"><b>Combustible:<\/b><span style=\"font-weight: 400;\"> Los bioslodos secos pueden utilizarse para generar energ\u00eda en centrales el\u00e9ctricas de biomasa.<\/span><\/li>\n<li style=\"font-weight: 400;\" aria-level=\"1\"><b>Abono:<\/b><span style=\"font-weight: 400;\"> Debido a su alto contenido en nutrientes, los bioslodos desecados pueden utilizarse como abono en la agricultura.<\/span><\/li>\n<li style=\"font-weight: 400;\" aria-level=\"1\"><b>Industria de la construcci\u00f3n:<\/b><span style=\"font-weight: 400;\"> Los lodos secos pueden utilizarse como \u00e1rido para la producci\u00f3n de materiales de construcci\u00f3n.<\/span><\/li>\n<\/ul>\n<p>[\/vc_column_text][\/vc_column][\/vc_row][vc_row][vc_column width=\u00bb1\/2&#8243;][vc_column_text]<\/p>\n<h2><span style=\"color: #728d2a;\">Descentralizado y ahorro de energ\u00eda: ventajas de nuestro sistema de secado de biolodos<\/span><\/h2>\n<p><span style=\"font-weight: 400;\">Los sistemas de secado de lodos biol\u00f3gicos de michel SLUDGE-DRYING-SYSTEMS ofrecen numerosas ventajas:<\/span><\/p>\n<ul>\n<li style=\"font-weight: 400;\" aria-level=\"1\"><b>Descentralizada:<\/b><span style=\"font-weight: 400;\"> Puede aplicarse directamente en el punto de origen, lo que reduce los costes de transporte y las emisiones<\/span><\/li>\n<li style=\"font-weight: 400;\" aria-level=\"1\"><b>Respetuoso con el medio ambiente:<\/b><span style=\"font-weight: 400;\"> Sin emisiones y baja contaminaci\u00f3n por CO\u2082.<\/span><\/li>\n<li style=\"font-weight: 400;\" aria-level=\"1\"><b>Econ\u00f3mico:<\/b><span style=\"font-weight: 400;\"> Menor consumo de energ\u00eda gracias al secado a baja temperatura<\/span><\/li>\n<li style=\"font-weight: 400;\" aria-level=\"1\"><b>Rentable:<\/b><span style=\"font-weight: 400;\"> Bajos costes de funcionamiento gracias al uso eficiente de la energ\u00eda y a la reducci\u00f3n de los costes de mantenimiento<\/span><\/li>\n<li style=\"font-weight: 400;\" aria-level=\"1\"><b>Suave:<\/b><span style=\"font-weight: 400;\"> Preserva la calidad del material seco y minimiza la formaci\u00f3n de polvo mediante procesos de secado suaves.<\/span><\/li>\n<li style=\"font-weight: 400;\" aria-level=\"1\"><b>Versatilidad:<\/b><span style=\"font-weight: 400;\"> Adecuado para distintos tipos de lodos.<\/span><\/li>\n<\/ul>\n<p>[\/vc_column_text][vc_empty_space height=\u00bb70px\u00bb][\/vc_column][vc_column width=\u00bb1\/2&#8243;][vc_single_image image=\u00bb372&#8243; img_size=\u00bb600&#215;400&#8243;][vc_btn title=\u00bb\u00a1Descubre los sistemas de secado de biolodos!\u00bb style=\u00bbcustom\u00bb custom_background=\u00bb#728d2a\u00bb custom_text=\u00bb#ffffff\u00bb align=\u00bbcenter\u00bb link=\u00bburl:https%3A%2F%2Fschlammtrocknung.com%2Fprodukte%2F|\u00bb][\/vc_column][\/vc_row][vc_row][vc_column][vc_cta h2=\u00bbRevoluciona el secado de biolodos con los SISTEMAS DE SECADO DE LODOS michel\u00bb txt_align=\u00bbcenter\u00bb add_button=\u00bbbottom\u00bb btn_title=\u00bbPonte en contacto con nosotros\u00bb btn_style=\u00bbgradient-custom\u00bb btn_gradient_custom_color_1=\u00bb#728d2a\u00bb btn_gradient_custom_color_2=\u00bb#728d2a\u00bb btn_align=\u00bbcenter\u00bb btn_link=\u00bburl:https%3A%2F%2Fschlammtrocknung.com%2Fes%2Fcontacta-con-nosotros%2F|title:Contacta%20con%20nosotros|\u00bb]<\/p>\n<p style=\"text-align: center;\"><span style=\"font-weight: 400;\">Comienza tu <\/span><b>transformaci\u00f3n sostenible<\/b><span style=\"font-weight: 400;\">  con las soluciones avanzadas de michel SLUDGE-DRYING-SYSTEMS. El sitio   <\/span><b>El secado de bioslodos<\/b><span style=\"font-weight: 400;\"> con nuestros sistemas no s\u00f3lo reduce tus costes de explotaci\u00f3n, sino que tambi\u00e9n contribuye activamente a la <\/span><b>la protecci\u00f3n del medio ambiente <\/b><span style=\"font-weight: 400;\">y<\/span><b> econom\u00eda circular<\/b><span style=\"font-weight: 400;\">. Ponte en contacto con nosotros hoy mismo para saber m\u00e1s sobre nuestras soluciones de secado de biolodos.<\/span><\/p>\n<p>[\/vc_cta][vc_empty_space height=\u00bb50px\u00bb][\/vc_column][\/vc_row][vc_row][vc_column][vc_column_text]<\/p>\n<h2 style=\"text-align: center;\"><span style=\"color: #728d2a;\">FAQ &#8211; Preguntas frecuentes sobre el secado de biolodos<\/span><\/h2>\n<p>[\/vc_column_text][\/vc_column][\/vc_row][vc_row][vc_column][vc_toggle title=\u00bb\u00bfQu\u00e9 son los bioslodos y c\u00f3mo se producen?\u00bb]<span style=\"font-weight: 400;\">Los bioslodos son un producto residual del tratamiento de aguas residuales rico en materiales org\u00e1nicos, microorganismos y nutrientes valiosos como el f\u00f3sforo. Se produce en las depuradoras donde se depuran las aguas residuales y contiene nutrientes y contaminantes potencialmente nocivos. \u00c9stos deben eliminarse mediante filtraci\u00f3n y secado de biolodos.  <\/span>[\/vc_toggle][vc_toggle title=\u00bb\u00bfPor qu\u00e9 es importante el secado de los bioslodos?\u00bb]<span style=\"font-weight: 400;\">El secado de los bioslodos reduce su volumen y peso, facilita el transporte y abarata los costes de almacenamiento y procesamiento posterior. Tambi\u00e9n permite una manipulaci\u00f3n higi\u00e9nica y crea potencial para su uso como combustible o fertilizante. <\/span>[\/vc_toggle][vc_toggle title=\u00bb\u00bfC\u00f3mo funciona el secado de los lodos biol\u00f3gicos?\u00bb]<span style=\"font-weight: 400;\">michel SLUDGE-DRYING-SYSTEMS utiliza tecnolog\u00edas de secado avanzadas que permiten reducir eficazmente el contenido de humedad de los lodos. Mediante el secado por contacto y convecci\u00f3n a bajas temperaturas, se ahorra energ\u00eda y se mantiene la calidad del producto final. El biolodo seco puede utilizarse como fertilizante rico en nutrientes o como combustible eficiente.  <\/span>[\/vc_toggle][\/vc_column][\/vc_row]<\/p>\n<\/div>","protected":false},"excerpt":{"rendered":"<p>[vc_row content_placement=\u00bbtop\u00bb][vc_column][vc_column_text] La soluci\u00f3n completa sostenible para el secado de biolodos &nbsp;[\/vc_column_text][vc_column_text] Experimenta c\u00f3mo michel SLUDGE-DRYING-SYSTEMS con tecnolog\u00edas avanzadas y sistemas revolucionarios para tu secado de biolodos eficiente y respetuoso con el medio ambiente. \u00a1Directamente in situ, descentralizado y econ\u00f3mico! [\/vc_column_text][vc_empty_space height=\u00bb50px\u00bb][\/vc_column][\/vc_row][vc_row][vc_column][vc_cta h2=\u00bbRevoluciona el secado de biolodos con los SISTEMAS DE SECADO DE LODOS michel\u00bb&hellip;<\/p>\n","protected":false},"author":1,"featured_media":0,"parent":1783,"menu_order":0,"comment_status":"closed","ping_status":"closed","template":"","meta":{"footnotes":""},"class_list":["post-2376","page","type-page","status-publish","hentry","description-off"],"yoast_head":"<!-- This site is optimized with the Yoast SEO plugin v27.3 - https:\/\/yoast.com\/product\/yoast-seo-wordpress\/ -->\n<title>Secado de lodos biol\u00f3gicos | Secado de lodos Michel<\/title>\n<meta name=\"description\" content=\"Maximiza la eficacia y la sostenibilidad con el secado de lodos biol\u00f3gicos de michel SLUDGE-DRYING-SYSTEMS.\" \/>\n<meta name=\"robots\" content=\"index, follow, max-snippet:-1, max-image-preview:large, max-video-preview:-1\" \/>\n<link rel=\"canonical\" href=\"https:\/\/schlammtrocknung.com\/es\/servicios\/secado-de-bioslodos\/\" \/>\n<meta property=\"og:locale\" content=\"es_ES\" \/>\n<meta property=\"og:type\" content=\"article\" \/>\n<meta property=\"og:title\" content=\"Secado de lodos biol\u00f3gicos | Secado de lodos Michel\" \/>\n<meta property=\"og:description\" content=\"Maximiza la eficacia y la sostenibilidad con el secado de lodos biol\u00f3gicos de michel SLUDGE-DRYING-SYSTEMS.\" \/>\n<meta property=\"og:url\" content=\"https:\/\/schlammtrocknung.com\/es\/servicios\/secado-de-bioslodos\/\" \/>\n<meta property=\"og:site_name\" content=\"Schlammtrocknung \u2013 michel SLUDGE DRYING SYSTEM\" \/>\n<meta property=\"article:modified_time\" content=\"2025-05-09T08:46:06+00:00\" \/>\n<meta name=\"twitter:card\" content=\"summary_large_image\" \/>\n<meta name=\"twitter:label1\" content=\"Tiempo de lectura\" \/>\n\t<meta name=\"twitter:data1\" content=\"6 minutos\" \/>\n<script type=\"application\/ld+json\" class=\"yoast-schema-graph\">{\"@context\":\"https:\\\/\\\/schema.org\",\"@graph\":[{\"@type\":\"WebPage\",\"@id\":\"https:\\\/\\\/schlammtrocknung.com\\\/es\\\/servicios\\\/secado-de-bioslodos\\\/\",\"url\":\"https:\\\/\\\/schlammtrocknung.com\\\/es\\\/servicios\\\/secado-de-bioslodos\\\/\",\"name\":\"Secado de lodos biol\u00f3gicos | Secado de lodos Michel\",\"isPartOf\":{\"@id\":\"https:\\\/\\\/schlammtrocknung.com\\\/#website\"},\"datePublished\":\"2024-09-04T09:08:22+00:00\",\"dateModified\":\"2025-05-09T08:46:06+00:00\",\"description\":\"Maximiza la eficacia y la sostenibilidad con el secado de lodos biol\u00f3gicos de michel SLUDGE-DRYING-SYSTEMS.\",\"breadcrumb\":{\"@id\":\"https:\\\/\\\/schlammtrocknung.com\\\/es\\\/servicios\\\/secado-de-bioslodos\\\/#breadcrumb\"},\"inLanguage\":\"es\",\"potentialAction\":[{\"@type\":\"ReadAction\",\"target\":[\"https:\\\/\\\/schlammtrocknung.com\\\/es\\\/servicios\\\/secado-de-bioslodos\\\/\"]}]},{\"@type\":\"BreadcrumbList\",\"@id\":\"https:\\\/\\\/schlammtrocknung.com\\\/es\\\/servicios\\\/secado-de-bioslodos\\\/#breadcrumb\",\"itemListElement\":[{\"@type\":\"ListItem\",\"position\":1,\"name\":\"Startseite\",\"item\":\"https:\\\/\\\/schlammtrocknung.com\\\/es\\\/pagina-de-inicio-2\\\/\"},{\"@type\":\"ListItem\",\"position\":2,\"name\":\"Servicios\",\"item\":\"https:\\\/\\\/schlammtrocknung.com\\\/es\\\/servicios\\\/\"},{\"@type\":\"ListItem\",\"position\":3,\"name\":\"Secado de bioslodos\"}]},{\"@type\":\"WebSite\",\"@id\":\"https:\\\/\\\/schlammtrocknung.com\\\/#website\",\"url\":\"https:\\\/\\\/schlammtrocknung.com\\\/\",\"name\":\"Schlammtrocknung | SDS - Schlammtrocknung\",\"description\":\"Schlamm- L\u00f6sungen f\u00fcr Kl\u00e4rwerke, Industrie und Umwelt\",\"publisher\":{\"@id\":\"https:\\\/\\\/schlammtrocknung.com\\\/#organization\"},\"potentialAction\":[{\"@type\":\"SearchAction\",\"target\":{\"@type\":\"EntryPoint\",\"urlTemplate\":\"https:\\\/\\\/schlammtrocknung.com\\\/?s={search_term_string}\"},\"query-input\":{\"@type\":\"PropertyValueSpecification\",\"valueRequired\":true,\"valueName\":\"search_term_string\"}}],\"inLanguage\":\"es\"},{\"@type\":\"Organization\",\"@id\":\"https:\\\/\\\/schlammtrocknung.com\\\/#organization\",\"name\":\"Schlammtrocknung | SDS - Schlammtrocknung\",\"url\":\"https:\\\/\\\/schlammtrocknung.com\\\/\",\"logo\":{\"@type\":\"ImageObject\",\"inLanguage\":\"es\",\"@id\":\"https:\\\/\\\/schlammtrocknung.com\\\/#\\\/schema\\\/logo\\\/image\\\/\",\"url\":\"https:\\\/\\\/schlammtrocknung.com\\\/wp-content\\\/uploads\\\/2023\\\/02\\\/logo_sds-1.png\",\"contentUrl\":\"https:\\\/\\\/schlammtrocknung.com\\\/wp-content\\\/uploads\\\/2023\\\/02\\\/logo_sds-1.png\",\"width\":697,\"height\":187,\"caption\":\"Schlammtrocknung | SDS - Schlammtrocknung\"},\"image\":{\"@id\":\"https:\\\/\\\/schlammtrocknung.com\\\/#\\\/schema\\\/logo\\\/image\\\/\"}}]}<\/script>\n<!-- \/ Yoast SEO plugin. -->","yoast_head_json":{"title":"Secado de lodos biol\u00f3gicos | Secado de lodos Michel","description":"Maximiza la eficacia y la sostenibilidad con el secado de lodos biol\u00f3gicos de michel SLUDGE-DRYING-SYSTEMS.","robots":{"index":"index","follow":"follow","max-snippet":"max-snippet:-1","max-image-preview":"max-image-preview:large","max-video-preview":"max-video-preview:-1"},"canonical":"https:\/\/schlammtrocknung.com\/es\/servicios\/secado-de-bioslodos\/","og_locale":"es_ES","og_type":"article","og_title":"Secado de lodos biol\u00f3gicos | Secado de lodos Michel","og_description":"Maximiza la eficacia y la sostenibilidad con el secado de lodos biol\u00f3gicos de michel SLUDGE-DRYING-SYSTEMS.","og_url":"https:\/\/schlammtrocknung.com\/es\/servicios\/secado-de-bioslodos\/","og_site_name":"Schlammtrocknung \u2013 michel SLUDGE DRYING SYSTEM","article_modified_time":"2025-05-09T08:46:06+00:00","twitter_card":"summary_large_image","twitter_misc":{"Tiempo de lectura":"6 minutos"},"schema":{"@context":"https:\/\/schema.org","@graph":[{"@type":"WebPage","@id":"https:\/\/schlammtrocknung.com\/es\/servicios\/secado-de-bioslodos\/","url":"https:\/\/schlammtrocknung.com\/es\/servicios\/secado-de-bioslodos\/","name":"Secado de lodos biol\u00f3gicos | Secado de lodos Michel","isPartOf":{"@id":"https:\/\/schlammtrocknung.com\/#website"},"datePublished":"2024-09-04T09:08:22+00:00","dateModified":"2025-05-09T08:46:06+00:00","description":"Maximiza la eficacia y la sostenibilidad con el secado de lodos biol\u00f3gicos de michel SLUDGE-DRYING-SYSTEMS.","breadcrumb":{"@id":"https:\/\/schlammtrocknung.com\/es\/servicios\/secado-de-bioslodos\/#breadcrumb"},"inLanguage":"es","potentialAction":[{"@type":"ReadAction","target":["https:\/\/schlammtrocknung.com\/es\/servicios\/secado-de-bioslodos\/"]}]},{"@type":"BreadcrumbList","@id":"https:\/\/schlammtrocknung.com\/es\/servicios\/secado-de-bioslodos\/#breadcrumb","itemListElement":[{"@type":"ListItem","position":1,"name":"Startseite","item":"https:\/\/schlammtrocknung.com\/es\/pagina-de-inicio-2\/"},{"@type":"ListItem","position":2,"name":"Servicios","item":"https:\/\/schlammtrocknung.com\/es\/servicios\/"},{"@type":"ListItem","position":3,"name":"Secado de bioslodos"}]},{"@type":"WebSite","@id":"https:\/\/schlammtrocknung.com\/#website","url":"https:\/\/schlammtrocknung.com\/","name":"Schlammtrocknung | SDS - Schlammtrocknung","description":"Schlamm- L\u00f6sungen f\u00fcr Kl\u00e4rwerke, Industrie und Umwelt","publisher":{"@id":"https:\/\/schlammtrocknung.com\/#organization"},"potentialAction":[{"@type":"SearchAction","target":{"@type":"EntryPoint","urlTemplate":"https:\/\/schlammtrocknung.com\/?s={search_term_string}"},"query-input":{"@type":"PropertyValueSpecification","valueRequired":true,"valueName":"search_term_string"}}],"inLanguage":"es"},{"@type":"Organization","@id":"https:\/\/schlammtrocknung.com\/#organization","name":"Schlammtrocknung | SDS - Schlammtrocknung","url":"https:\/\/schlammtrocknung.com\/","logo":{"@type":"ImageObject","inLanguage":"es","@id":"https:\/\/schlammtrocknung.com\/#\/schema\/logo\/image\/","url":"https:\/\/schlammtrocknung.com\/wp-content\/uploads\/2023\/02\/logo_sds-1.png","contentUrl":"https:\/\/schlammtrocknung.com\/wp-content\/uploads\/2023\/02\/logo_sds-1.png","width":697,"height":187,"caption":"Schlammtrocknung | SDS - Schlammtrocknung"},"image":{"@id":"https:\/\/schlammtrocknung.com\/#\/schema\/logo\/image\/"}}]}},"_links":{"self":[{"href":"https:\/\/schlammtrocknung.com\/es\/wp-json\/wp\/v2\/pages\/2376","targetHints":{"allow":["GET"]}}],"collection":[{"href":"https:\/\/schlammtrocknung.com\/es\/wp-json\/wp\/v2\/pages"}],"about":[{"href":"https:\/\/schlammtrocknung.com\/es\/wp-json\/wp\/v2\/types\/page"}],"author":[{"embeddable":true,"href":"https:\/\/schlammtrocknung.com\/es\/wp-json\/wp\/v2\/users\/1"}],"replies":[{"embeddable":true,"href":"https:\/\/schlammtrocknung.com\/es\/wp-json\/wp\/v2\/comments?post=2376"}],"version-history":[{"count":1,"href":"https:\/\/schlammtrocknung.com\/es\/wp-json\/wp\/v2\/pages\/2376\/revisions"}],"predecessor-version":[{"id":2379,"href":"https:\/\/schlammtrocknung.com\/es\/wp-json\/wp\/v2\/pages\/2376\/revisions\/2379"}],"up":[{"embeddable":true,"href":"https:\/\/schlammtrocknung.com\/es\/wp-json\/wp\/v2\/pages\/1783"}],"wp:attachment":[{"href":"https:\/\/schlammtrocknung.com\/es\/wp-json\/wp\/v2\/media?parent=2376"}],"curies":[{"name":"wp","href":"https:\/\/api.w.org\/{rel}","templated":true}]}}