{"id":2387,"date":"2024-08-30T11:22:58","date_gmt":"2024-08-30T09:22:58","guid":{"rendered":"https:\/\/schlammtrocknung.com\/proceso-de-secado-de-lodos\/"},"modified":"2025-05-09T10:46:11","modified_gmt":"2025-05-09T08:46:11","slug":"proceso-de-secado-de-lodos","status":"publish","type":"page","link":"https:\/\/schlammtrocknung.com\/es\/proceso-de-secado-de-lodos\/","title":{"rendered":"Proceso de secado de lodos"},"content":{"rendered":"<div class=\"wpb-content-wrapper\"><p>[vc_row][vc_column][vc_custom_heading text=\u00bbSecado de lodos con procesos que establecen normas\u00bb font_container=\u00bbtag:h1|text_align:center|color:%23728d2a\u00bb use_theme_fonts=\u00bbyes\u00bb][vc_column_text]<\/p>\n<p style=\"text-align: center;\"><span style=\"font-weight: 400;\">Un sistema sostenible <\/span><b>secado de lodos<\/b><span style=\"font-weight: 400;\"> necesita <\/span><b>procesos<\/b><span style=\"font-weight: 400;\">que utilicen tecnolog\u00edas modernas y funcionen eficazmente. <\/span><b>sistemas de secado de lodos michel <\/b> <span style=\"font-weight: 400;\">ofrece sistemas avanzados e integrados para un secado eficaz de los lodos en una sola m\u00e1quina. Optimiza el reciclaje de lodos industriales con nuestras soluciones avanzadas. <\/span><\/p>\n<p>[\/vc_column_text][\/vc_column][\/vc_row][vc_row][vc_column width=\u00bb1\/2&#8243;][vc_custom_heading text=\u00bb\u00bfQu\u00e9 es el secado de lodos y para qu\u00e9 sirve?\u00bb font_container=\u00bbtag:h2|text_align:left|color:%23728d2a\u00bb use_theme_fonts=\u00bbyes\u00bb][vc_message]<i><span style=\"font-weight: 400;\">\u00bfQu\u00e9 es el secado de lodos?<\/span><\/i><\/p>\n<p><i><span style=\"font-weight: 400;\">El secado de lodos es el proceso de eliminar el agua de los lodos resultantes de diversos procesos industriales, agr\u00edcolas o municipales. Este proceso es crucial para reducir el volumen, disminuir los costes de transporte y eliminaci\u00f3n y el intercambio de CO2, y permitir que los lodos se reutilicen o eliminen de forma segura. <\/span><\/i>[\/vc_message][vc_column_text]<span style=\"font-weight: 400;\">Los lodos secos pueden utilizarse como <\/span><b>combustible, abono o en la producci\u00f3n de materiales.<\/b><span style=\"font-weight: 400;\">  Esto significa que el lodo puede utilizarse, lo que conserva los recursos y protege el medio ambiente. Sin embargo, primero debe someterse a un proceso especial de secado de lodos. <\/span>[\/vc_column_text][\/vc_column][vc_column width=\u00bb1\/2&#8243;][vc_single_image image=\u00bb280&#8243; img_size=\u00bbfull\u00bb][\/vc_column][\/vc_row][vc_row][vc_column][vc_custom_heading text=\u00bbLas fases del proceso de secado de lodos de un vistazo\u00bb font_container=\u00bbtag:h2|text_align:center|color:%23728d2a\u00bb use_theme_fonts=\u00bbyes\u00bb][\/vc_column][\/vc_row][vc_row][vc_column width=\u00bb1\/2&#8243;][vc_column_text]<\/p>\n<ul>\n<li style=\"font-weight: 400; text-align: left;\" aria-level=\"1\"><span style=\"font-weight: 400;\">Pretratamiento de los lodos, por ejemplo, en una depuradora de aguas residuales<\/span><\/li>\n<li style=\"font-weight: 400; text-align: left;\" aria-level=\"1\"><span style=\"font-weight: 400;\">Acondicionamiento para el proceso de secado<\/span><\/li>\n<li style=\"font-weight: 400; text-align: left;\" aria-level=\"1\"><span style=\"font-weight: 400;\">Alimentaci\u00f3n al sistema de secado<\/span><\/li>\n<li style=\"font-weight: 400; text-align: left;\" aria-level=\"1\"><span style=\"font-weight: 400;\">Aplicaci\u00f3n de calor por contacto y convecci\u00f3n<\/span><\/li>\n<li style=\"font-weight: 400; text-align: left;\" aria-level=\"1\"><span style=\"font-weight: 400;\">Movimiento continuo de los lodos<\/span><\/li>\n<li style=\"font-weight: 400; text-align: left;\" aria-level=\"1\"><span style=\"font-weight: 400;\">Eliminaci\u00f3n de la humedad<\/span><\/li>\n<li style=\"font-weight: 400; text-align: left;\" aria-level=\"1\"><span style=\"font-weight: 400;\">Recogida de los lodos secos<\/span><\/li>\n<li style=\"font-weight: 400; text-align: left;\" aria-level=\"1\"><span style=\"font-weight: 400;\">Eliminaci\u00f3n o reciclaje<\/span><\/li>\n<\/ul>\n<p>[\/vc_column_text][\/vc_column][vc_column width=\u00bb1\/2&#8243;][vc_single_image image=\u00bb1177&#8243; img_size=\u00bbfull\u00bb][\/vc_column][\/vc_row][vc_row][vc_column width=\u00bb1\/2&#8243;][vc_single_image image=\u00bb1217&#8243; img_size=\u00bbfull\u00bb][\/vc_column][vc_column width=\u00bb1\/2&#8243;][vc_custom_heading text=\u00bbDeshidrataci\u00f3n y secado de lodos: c\u00f3mo funciona el proceso\u00bb font_container=\u00bbtag:h2|text_align:center|color:%23728d2a\u00bb use_theme_fonts=\u00bbyes\u00bb][vc_column_text]<\/p>\n<p style=\"text-align: center;\"><span style=\"font-weight: 400;\">La pieza central de los sistemas modulares de michel SLUDGE-DRYING-SYSTEMS es el innovador <\/span><b>proceso de secado<\/b><span style=\"font-weight: 400;\">que tiene lugar en una \u00fanica m\u00e1quina integrada. El sitio   <\/span><b>La aplicaci\u00f3n de calor y el movimiento continuo <\/b><span style=\"font-weight: 400;\">tiene como objetivo vaporizar eficazmente el agua de los lodos. <\/span> <\/p>\n<p style=\"text-align: center;\"><span style=\"font-weight: 400;\">Gracias al uso de tecnolog\u00edas de vanguardia, como <\/span><b>secado a baja temperatura<\/b><span style=\"font-weight: 400;\"> y nuestro <\/span><b>Sistema de Secado Inteligente<\/b><b>\u00ae<\/b><span style=\"font-weight: 400;\">  se minimiza el consumo de energ\u00eda. Nuestro sistema se adapta autom\u00e1ticamente   <\/span><a href=\"http:\/\/schlammtrocknung.com\/leistungen\"><span style=\"font-weight: 400;\">Diferentes tipos de lodos<\/span><\/a><span style=\"font-weight: 400;\">  que garantiza un alto grado de flexibilidad y eficacia. Este proceso no s\u00f3lo garantiza una reducci\u00f3n dr\u00e1stica del   <\/span><a href=\"http:\/\/www.schlammtrocknung.com\/glossar\/wassergehalt\"><span style=\"font-weight: 400;\">contenido de agua<\/span><\/a><span style=\"font-weight: 400;\"> hasta el 10%, sino tambi\u00e9n para aumentar la calidad de la sustancia seca <\/span><b>sustancia seca<\/b><span style=\"font-weight: 400;\">.<\/span><\/p>\n<p>[\/vc_column_text][\/vc_column][\/vc_row][vc_row][vc_column][vc_column_text]<b>C\u00f3mo funciona nuestro innovador sistema de secado a baja temperatura<\/b><\/p>\n<p><span style=\"font-weight: 400;\">El <\/span><a href=\"https:\/\/schlammtrocknung.com\/es\/secadora-de-baja-temperatura\/\"><span style=\"font-weight: 400;\">secadora de baja temperatura<\/span><\/a><span style=\"font-weight: 400;\">  de los SISTEMAS DE SECADO DE LODOS Michel permiten secar eficazmente los lodos a bajas temperaturas, lo que preserva la composici\u00f3n qu\u00edmica del material y evita las emisiones nocivas para el medio ambiente. Esta tecnolog\u00eda avanzada utiliza calor controlado para evaporar la humedad de forma selectiva, lo que reduce significativamente el consumo de energ\u00eda y trata el material con suavidad.   <\/span><\/p>\n<p><span style=\"font-weight: 400;\">En nuestros<\/span><b> sistemas modulares de secado<\/b><span style=\"font-weight: 400;\">que pueden configurarse en varios tama\u00f1os y seg\u00fan las necesidades individuales, esta tecnolog\u00eda se integra para minimizar el contenido de agua en los lodos y maximizar la eficiencia energ\u00e9tica. Utilizando secadores de baja temperatura en estos sistemas, se pueden reducir significativamente los costes de funcionamiento, disminuir las emisiones de CO\u2082 y evitar problemas con las aguas residuales. <\/span>[\/vc_column_text][vc_custom_heading text=\u00bbPosibilidades ilimitadas de utilizaci\u00f3n de los lodos tras el secado\u00bb font_container=\u00bbtag:h2|text_align:center|color:%23728d2a\u00bb use_theme_fonts=\u00bbyes\u00bb][vc_column_text]<span style=\"font-weight: 400;\">Tras el secado, el lodo procesado puede utilizarse de diversas formas. Sirve como   <\/span><b>fuente de energ\u00eda renovable<\/b><span style=\"font-weight: 400;\">se convierte en ecol\u00f3gico <\/span><b>abonos<\/b><span style=\"font-weight: 400;\"> procesados o utilizados en la <\/span><b>industria de la construcci\u00f3n<\/b><span style=\"font-weight: 400;\">  utilizado como agregado. Este procesamiento posterior apoya una econom\u00eda circular sostenible y ayuda a conservar los recursos naturales. <\/span>[\/vc_column_text][\/vc_column][vc_column][vc_custom_heading text=\u00bbL\u00edderes en procesos de secado de lodos con michel SLUDGE-DRYING-SYSTEMS\u00bb font_container=\u00bbtag:h2|text_align:center|color:%23728d2a\u00bb use_theme_fonts=\u00bbyes\u00bb][vc_column_text]<span style=\"font-weight: 400;\">Aumenta tu eficacia y sostenibilidad con los equipos y procesos avanzados de secado de lodos de michel SLUDGE-DRYING-SYSTEMS. Ponte en contacto con nosotros para saber m\u00e1s sobre nuestras tecnolog\u00edas y c\u00f3mo puedes revolucionar la deshidrataci\u00f3n de lodos. <\/span><\/p>\n<p style=\"text-align: center;\"><a href=\"https:\/\/schlammtrocknung.com\/es\/contacta-con-nosotros\/\">\u00a1Ponte en contacto ahora!<\/a><\/p>\n<p>[\/vc_column_text][vc_empty_space height=\u00bb100px\u00bb][\/vc_column][\/vc_row][vc_row][vc_column][vc_column_text]<\/p>\n<h2>FAQ &#8211; preguntas frecuentes sobre el proceso de secado de lodos<\/h2>\n<p>[\/vc_column_text][vc_toggle title=\u00bb\u00bfEn qu\u00e9 consiste exactamente el pretratamiento de los lodos en el proceso de secado de lodos?\u00bb]<span style=\"font-weight: 400;\">El pretratamiento de los lodos incluye pasos de acondicionamiento como ajustar el valor del pH, a\u00f1adir floculantes y homogeneizar la consistencia para optimizar la eficacia del secado y evitar obstrucciones.<\/span>[\/vc_toggle][vc_toggle title=\u00bb\u00bfC\u00f3mo funciona el proceso de secado de lodos?\u00bb]<span style=\"font-weight: 400;\">El proceso de secado utiliza calor y presi\u00f3n para evaporar eficazmente el agua de los lodos. El uso de tecnolog\u00edas de baja temperatura minimiza el consumo de energ\u00eda, al tiempo que se garantiza la flexibilidad mediante la adaptabilidad a distintos tipos de lodos. <\/span>[\/vc_toggle][vc_toggle title=\u00bb\u00bfQu\u00e9 posibilidades ofrecen los lodos desecados tras su procesamiento?\u00bb]<span style=\"font-weight: 400;\">Los lodos secos pueden utilizarse de diversas formas, por ejemplo como fuente de energ\u00eda renovable, como abono ecol\u00f3gico o como \u00e1rido en la industria de la construcci\u00f3n. Estos usos apoyan una econom\u00eda circular sostenible y ayudan a conservar los recursos naturales. <\/span>[\/vc_toggle][vc_empty_space height=\u00bb100px\u00bb][\/vc_column][\/vc_row]<\/p>\n<\/div>","protected":false},"excerpt":{"rendered":"<p>[vc_row][vc_column][vc_custom_heading text=\u00bbSecado de lodos con procesos que establecen normas\u00bb font_container=\u00bbtag:h1|text_align:center|color:%23728d2a\u00bb use_theme_fonts=\u00bbyes\u00bb][vc_column_text] Un sistema sostenible secado de lodos necesita procesosque utilicen tecnolog\u00edas modernas y funcionen eficazmente. sistemas de secado de lodos michel ofrece sistemas avanzados e integrados para un secado eficaz de los lodos en una sola m\u00e1quina. Optimiza el reciclaje de lodos industriales con nuestras&hellip;<\/p>\n","protected":false},"author":1,"featured_media":1376,"parent":0,"menu_order":0,"comment_status":"closed","ping_status":"closed","template":"","meta":{"footnotes":""},"class_list":["post-2387","page","type-page","status-publish","has-post-thumbnail","hentry","description-off"],"yoast_head":"<!-- This site is optimized with the Yoast SEO plugin v27.3 - https:\/\/yoast.com\/product\/yoast-seo-wordpress\/ -->\n<title>Proceso de secado de lodos | Secado de lodos Michel<\/title>\n<meta name=\"description\" content=\"Optimiza el aprovechamiento de los lodos industriales con los procesos de secado de lodos de michel SLUDGE-DRYING-SYSTEMS.\" \/>\n<meta name=\"robots\" content=\"index, follow, max-snippet:-1, max-image-preview:large, max-video-preview:-1\" \/>\n<link rel=\"canonical\" href=\"https:\/\/schlammtrocknung.com\/es\/proceso-de-secado-de-lodos\/\" \/>\n<meta property=\"og:locale\" content=\"es_ES\" \/>\n<meta property=\"og:type\" content=\"article\" \/>\n<meta property=\"og:title\" content=\"Proceso de secado de lodos | Secado de lodos Michel\" \/>\n<meta property=\"og:description\" content=\"Optimiza el aprovechamiento de los lodos industriales con los procesos de secado de lodos de michel SLUDGE-DRYING-SYSTEMS.\" \/>\n<meta property=\"og:url\" content=\"https:\/\/schlammtrocknung.com\/es\/proceso-de-secado-de-lodos\/\" \/>\n<meta property=\"og:site_name\" content=\"Schlammtrocknung \u2013 michel SLUDGE DRYING SYSTEM\" \/>\n<meta property=\"article:modified_time\" content=\"2025-05-09T08:46:11+00:00\" \/>\n<meta property=\"og:image\" content=\"https:\/\/schlammtrocknung.com\/wp-content\/uploads\/2023\/05\/DSC_3747-scaled.jpg\" \/>\n\t<meta property=\"og:image:width\" content=\"2560\" \/>\n\t<meta property=\"og:image:height\" content=\"1436\" \/>\n\t<meta property=\"og:image:type\" content=\"image\/jpeg\" \/>\n<meta name=\"twitter:card\" content=\"summary_large_image\" \/>\n<meta name=\"twitter:label1\" content=\"Tiempo de lectura\" \/>\n\t<meta name=\"twitter:data1\" content=\"5 minutos\" \/>\n<script type=\"application\/ld+json\" class=\"yoast-schema-graph\">{\"@context\":\"https:\\\/\\\/schema.org\",\"@graph\":[{\"@type\":\"WebPage\",\"@id\":\"https:\\\/\\\/schlammtrocknung.com\\\/es\\\/proceso-de-secado-de-lodos\\\/\",\"url\":\"https:\\\/\\\/schlammtrocknung.com\\\/es\\\/proceso-de-secado-de-lodos\\\/\",\"name\":\"Proceso de secado de lodos | Secado de lodos Michel\",\"isPartOf\":{\"@id\":\"https:\\\/\\\/schlammtrocknung.com\\\/#website\"},\"primaryImageOfPage\":{\"@id\":\"https:\\\/\\\/schlammtrocknung.com\\\/es\\\/proceso-de-secado-de-lodos\\\/#primaryimage\"},\"image\":{\"@id\":\"https:\\\/\\\/schlammtrocknung.com\\\/es\\\/proceso-de-secado-de-lodos\\\/#primaryimage\"},\"thumbnailUrl\":\"https:\\\/\\\/schlammtrocknung.com\\\/wp-content\\\/uploads\\\/2023\\\/05\\\/DSC_3747-scaled.jpg\",\"datePublished\":\"2024-08-30T09:22:58+00:00\",\"dateModified\":\"2025-05-09T08:46:11+00:00\",\"description\":\"Optimiza el aprovechamiento de los lodos industriales con los procesos de secado de lodos de michel SLUDGE-DRYING-SYSTEMS.\",\"breadcrumb\":{\"@id\":\"https:\\\/\\\/schlammtrocknung.com\\\/es\\\/proceso-de-secado-de-lodos\\\/#breadcrumb\"},\"inLanguage\":\"es\",\"potentialAction\":[{\"@type\":\"ReadAction\",\"target\":[\"https:\\\/\\\/schlammtrocknung.com\\\/es\\\/proceso-de-secado-de-lodos\\\/\"]}]},{\"@type\":\"ImageObject\",\"inLanguage\":\"es\",\"@id\":\"https:\\\/\\\/schlammtrocknung.com\\\/es\\\/proceso-de-secado-de-lodos\\\/#primaryimage\",\"url\":\"https:\\\/\\\/schlammtrocknung.com\\\/wp-content\\\/uploads\\\/2023\\\/05\\\/DSC_3747-scaled.jpg\",\"contentUrl\":\"https:\\\/\\\/schlammtrocknung.com\\\/wp-content\\\/uploads\\\/2023\\\/05\\\/DSC_3747-scaled.jpg\",\"width\":2560,\"height\":1436},{\"@type\":\"BreadcrumbList\",\"@id\":\"https:\\\/\\\/schlammtrocknung.com\\\/es\\\/proceso-de-secado-de-lodos\\\/#breadcrumb\",\"itemListElement\":[{\"@type\":\"ListItem\",\"position\":1,\"name\":\"Startseite\",\"item\":\"https:\\\/\\\/schlammtrocknung.com\\\/es\\\/pagina-de-inicio-2\\\/\"},{\"@type\":\"ListItem\",\"position\":2,\"name\":\"Proceso de secado de lodos\"}]},{\"@type\":\"WebSite\",\"@id\":\"https:\\\/\\\/schlammtrocknung.com\\\/#website\",\"url\":\"https:\\\/\\\/schlammtrocknung.com\\\/\",\"name\":\"Schlammtrocknung | SDS - Schlammtrocknung\",\"description\":\"Schlamm- L\u00f6sungen f\u00fcr Kl\u00e4rwerke, Industrie und Umwelt\",\"publisher\":{\"@id\":\"https:\\\/\\\/schlammtrocknung.com\\\/#organization\"},\"potentialAction\":[{\"@type\":\"SearchAction\",\"target\":{\"@type\":\"EntryPoint\",\"urlTemplate\":\"https:\\\/\\\/schlammtrocknung.com\\\/?s={search_term_string}\"},\"query-input\":{\"@type\":\"PropertyValueSpecification\",\"valueRequired\":true,\"valueName\":\"search_term_string\"}}],\"inLanguage\":\"es\"},{\"@type\":\"Organization\",\"@id\":\"https:\\\/\\\/schlammtrocknung.com\\\/#organization\",\"name\":\"Schlammtrocknung | SDS - Schlammtrocknung\",\"url\":\"https:\\\/\\\/schlammtrocknung.com\\\/\",\"logo\":{\"@type\":\"ImageObject\",\"inLanguage\":\"es\",\"@id\":\"https:\\\/\\\/schlammtrocknung.com\\\/#\\\/schema\\\/logo\\\/image\\\/\",\"url\":\"https:\\\/\\\/schlammtrocknung.com\\\/wp-content\\\/uploads\\\/2023\\\/02\\\/logo_sds-1.png\",\"contentUrl\":\"https:\\\/\\\/schlammtrocknung.com\\\/wp-content\\\/uploads\\\/2023\\\/02\\\/logo_sds-1.png\",\"width\":697,\"height\":187,\"caption\":\"Schlammtrocknung | SDS - Schlammtrocknung\"},\"image\":{\"@id\":\"https:\\\/\\\/schlammtrocknung.com\\\/#\\\/schema\\\/logo\\\/image\\\/\"}}]}<\/script>\n<!-- \/ Yoast SEO plugin. -->","yoast_head_json":{"title":"Proceso de secado de lodos | Secado de lodos Michel","description":"Optimiza el aprovechamiento de los lodos industriales con los procesos de secado de lodos de michel SLUDGE-DRYING-SYSTEMS.","robots":{"index":"index","follow":"follow","max-snippet":"max-snippet:-1","max-image-preview":"max-image-preview:large","max-video-preview":"max-video-preview:-1"},"canonical":"https:\/\/schlammtrocknung.com\/es\/proceso-de-secado-de-lodos\/","og_locale":"es_ES","og_type":"article","og_title":"Proceso de secado de lodos | Secado de lodos Michel","og_description":"Optimiza el aprovechamiento de los lodos industriales con los procesos de secado de lodos de michel SLUDGE-DRYING-SYSTEMS.","og_url":"https:\/\/schlammtrocknung.com\/es\/proceso-de-secado-de-lodos\/","og_site_name":"Schlammtrocknung \u2013 michel SLUDGE DRYING SYSTEM","article_modified_time":"2025-05-09T08:46:11+00:00","og_image":[{"width":2560,"height":1436,"url":"https:\/\/schlammtrocknung.com\/wp-content\/uploads\/2023\/05\/DSC_3747-scaled.jpg","type":"image\/jpeg"}],"twitter_card":"summary_large_image","twitter_misc":{"Tiempo de lectura":"5 minutos"},"schema":{"@context":"https:\/\/schema.org","@graph":[{"@type":"WebPage","@id":"https:\/\/schlammtrocknung.com\/es\/proceso-de-secado-de-lodos\/","url":"https:\/\/schlammtrocknung.com\/es\/proceso-de-secado-de-lodos\/","name":"Proceso de secado de lodos | Secado de lodos Michel","isPartOf":{"@id":"https:\/\/schlammtrocknung.com\/#website"},"primaryImageOfPage":{"@id":"https:\/\/schlammtrocknung.com\/es\/proceso-de-secado-de-lodos\/#primaryimage"},"image":{"@id":"https:\/\/schlammtrocknung.com\/es\/proceso-de-secado-de-lodos\/#primaryimage"},"thumbnailUrl":"https:\/\/schlammtrocknung.com\/wp-content\/uploads\/2023\/05\/DSC_3747-scaled.jpg","datePublished":"2024-08-30T09:22:58+00:00","dateModified":"2025-05-09T08:46:11+00:00","description":"Optimiza el aprovechamiento de los lodos industriales con los procesos de secado de lodos de michel SLUDGE-DRYING-SYSTEMS.","breadcrumb":{"@id":"https:\/\/schlammtrocknung.com\/es\/proceso-de-secado-de-lodos\/#breadcrumb"},"inLanguage":"es","potentialAction":[{"@type":"ReadAction","target":["https:\/\/schlammtrocknung.com\/es\/proceso-de-secado-de-lodos\/"]}]},{"@type":"ImageObject","inLanguage":"es","@id":"https:\/\/schlammtrocknung.com\/es\/proceso-de-secado-de-lodos\/#primaryimage","url":"https:\/\/schlammtrocknung.com\/wp-content\/uploads\/2023\/05\/DSC_3747-scaled.jpg","contentUrl":"https:\/\/schlammtrocknung.com\/wp-content\/uploads\/2023\/05\/DSC_3747-scaled.jpg","width":2560,"height":1436},{"@type":"BreadcrumbList","@id":"https:\/\/schlammtrocknung.com\/es\/proceso-de-secado-de-lodos\/#breadcrumb","itemListElement":[{"@type":"ListItem","position":1,"name":"Startseite","item":"https:\/\/schlammtrocknung.com\/es\/pagina-de-inicio-2\/"},{"@type":"ListItem","position":2,"name":"Proceso de secado de lodos"}]},{"@type":"WebSite","@id":"https:\/\/schlammtrocknung.com\/#website","url":"https:\/\/schlammtrocknung.com\/","name":"Schlammtrocknung | SDS - Schlammtrocknung","description":"Schlamm- L\u00f6sungen f\u00fcr Kl\u00e4rwerke, Industrie und Umwelt","publisher":{"@id":"https:\/\/schlammtrocknung.com\/#organization"},"potentialAction":[{"@type":"SearchAction","target":{"@type":"EntryPoint","urlTemplate":"https:\/\/schlammtrocknung.com\/?s={search_term_string}"},"query-input":{"@type":"PropertyValueSpecification","valueRequired":true,"valueName":"search_term_string"}}],"inLanguage":"es"},{"@type":"Organization","@id":"https:\/\/schlammtrocknung.com\/#organization","name":"Schlammtrocknung | SDS - Schlammtrocknung","url":"https:\/\/schlammtrocknung.com\/","logo":{"@type":"ImageObject","inLanguage":"es","@id":"https:\/\/schlammtrocknung.com\/#\/schema\/logo\/image\/","url":"https:\/\/schlammtrocknung.com\/wp-content\/uploads\/2023\/02\/logo_sds-1.png","contentUrl":"https:\/\/schlammtrocknung.com\/wp-content\/uploads\/2023\/02\/logo_sds-1.png","width":697,"height":187,"caption":"Schlammtrocknung | SDS - Schlammtrocknung"},"image":{"@id":"https:\/\/schlammtrocknung.com\/#\/schema\/logo\/image\/"}}]}},"_links":{"self":[{"href":"https:\/\/schlammtrocknung.com\/es\/wp-json\/wp\/v2\/pages\/2387","targetHints":{"allow":["GET"]}}],"collection":[{"href":"https:\/\/schlammtrocknung.com\/es\/wp-json\/wp\/v2\/pages"}],"about":[{"href":"https:\/\/schlammtrocknung.com\/es\/wp-json\/wp\/v2\/types\/page"}],"author":[{"embeddable":true,"href":"https:\/\/schlammtrocknung.com\/es\/wp-json\/wp\/v2\/users\/1"}],"replies":[{"embeddable":true,"href":"https:\/\/schlammtrocknung.com\/es\/wp-json\/wp\/v2\/comments?post=2387"}],"version-history":[{"count":2,"href":"https:\/\/schlammtrocknung.com\/es\/wp-json\/wp\/v2\/pages\/2387\/revisions"}],"predecessor-version":[{"id":2391,"href":"https:\/\/schlammtrocknung.com\/es\/wp-json\/wp\/v2\/pages\/2387\/revisions\/2391"}],"wp:featuredmedia":[{"embeddable":true,"href":"https:\/\/schlammtrocknung.com\/es\/wp-json\/wp\/v2\/media\/1376"}],"wp:attachment":[{"href":"https:\/\/schlammtrocknung.com\/es\/wp-json\/wp\/v2\/media?parent=2387"}],"curies":[{"name":"wp","href":"https:\/\/api.w.org\/{rel}","templated":true}]}}