{"id":2426,"date":"2024-08-30T10:40:19","date_gmt":"2024-08-30T08:40:19","guid":{"rendered":"https:\/\/schlammtrocknung.com\/deshidratacion-de-lodos\/"},"modified":"2025-05-09T10:46:25","modified_gmt":"2025-05-09T08:46:25","slug":"deshidratacion-de-lodos","status":"publish","type":"page","link":"https:\/\/schlammtrocknung.com\/es\/deshidratacion-de-lodos\/","title":{"rendered":"Deshidrataci\u00f3n de lodos"},"content":{"rendered":"<div class=\"wpb-content-wrapper\"><p>[vc_row][vc_column][vc_custom_heading text=\u00bbDeshidrataci\u00f3n de lodos con michel SLUDGE-DRYING-SYSTEMS\u00bb font_container=\u00bbtag:h1|text_align:center|color:%23728d2a\u00bb use_theme_fonts=\u00bbyes\u00bb][vc_column_text]<\/p>\n<p style=\"text-align: center;\"><span style=\"font-weight: 400;\">Sistemas de \u00faltima generaci\u00f3n para <\/span><b>deshidrataci\u00f3n de lodos<\/b><span style=\"font-weight: 400;\">. Tecnolog\u00edas avanzadas para la  <\/span><a href=\"http:\/\/schlammtrocknung.com\/glossar\/dewatering\"><span style=\"font-weight: 400;\">Deshidrataci\u00f3n<\/span><\/a><span style=\"font-weight: 400;\">. Aprovechamiento eficaz in situ de los lodos. Las soluciones de michel SLUDGE-DRYING-SYSTEMS evitan el costoso transporte de agua y contribuyen a crear un futuro respetuoso con el medio ambiente. <\/span><\/p>\n<p>[\/vc_column_text][\/vc_column][\/vc_row][vc_row][vc_column][vc_cta h2=\u00bb\u00bb add_button=\u00bbbottom\u00bb btn_title=\u00bbInf\u00f3rmate ahora\u00bb btn_style=\u00bbgradient-custom\u00bb btn_gradient_custom_color_1=\u00bb#728d2a\u00bb btn_gradient_custom_color_2=\u00bb#728d2a\u00bb btn_align=\u00bbcenter\u00bb btn_link=\u00bburl:https%3A%2F%2Fschlammtrocknung.com%2Fes%2Fcontacta-con-nosotros%2F|title:Contacta%20con%20nosotros|\u00bb][\/vc_cta][vc_empty_space][\/vc_column][vc_column width=\u00bb1\/2&#8243;][vc_custom_heading text=\u00bbDeshidrataci\u00f3n de lodos: indispensable en entornos industriales\u00bb font_container=\u00bbtag:h2|text_align:left|color:%23728d2a\u00bb use_theme_fonts=\u00bbyes\u00bb][vc_column_text]<i><span style=\"font-weight: 400;\">\u00bfQu\u00e9 es la deshidrataci\u00f3n de lodos?<\/span><\/i><\/p>\n<p><i><span style=\"font-weight: 400;\">La deshidrataci\u00f3n de lodos es un proceso para reducir el contenido de agua en los lodos producidos en procesos industriales, tratamiento de aguas residuales y agricultura. La proporci\u00f3n de l\u00edquido en la masa total del lodo se reduce al 10%, lo que disminuye dr\u00e1sticamente el volumen y el peso del material reciclable. <\/span><\/i>[\/vc_column_text][\/vc_column][vc_column width=\u00bb1\/2&#8243;][vc_single_image image=\u00bb280&#8243; img_size=\u00bbfull\u00bb][\/vc_column][\/vc_row][vc_row][vc_column][vc_column_text]<\/p>\n<p style=\"text-align: center;\"><span style=\"font-weight: 400;\">La deshidrataci\u00f3n de los lodos industriales es esencial para cumplir <\/span><b>la normativa medioambiental<\/b><span style=\"font-weight: 400;\">  minimizando la liberaci\u00f3n de contaminantes y permitiendo la recuperaci\u00f3n de recursos valiosos. Mediante avanzadas   <\/span><b>La deshidrataci\u00f3n de lodos<\/b><span style=\"font-weight: 400;\"> evita que se liberen al medio ambiente metales pesados y compuestos org\u00e1nicos, reduciendo as\u00ed los riesgos ecol\u00f3gicos y sanitarios.<\/span><\/p>\n<p>[\/vc_column_text][vc_custom_heading text=\u00bbVentajas de la deshidrataci\u00f3n de lodos con michel SLUDGE-DRYING-SYSTEMS\u00bb font_container=\u00bbtag:h3|text_align:center|color:%23728d2a\u00bb use_theme_fonts=\u00bbyes\u00bb][\/vc_column][\/vc_row][vc_row][vc_column width=\u00bb1\/2&#8243;][vc_empty_space][vc_single_image image=\u00bb279&#8243; img_size=\u00bblarge\u00bb][\/vc_column][vc_column width=\u00bb1\/2&#8243;][vc_empty_space][vc_column_text]<span style=\"font-weight: 400;\">Las ventajas de nuestra tecnolog\u00eda son diversas e impresionantes:<\/span><\/p>\n<ul>\n<li><b>Viabilidad local:<\/b><span style=\"font-weight: 400;\"> Nuestra tecnolog\u00eda se utiliza directamente en el punto de origen de los lodos<\/span><\/li>\n<li><b>Respetuoso con el medio ambiente:<\/b><span style=\"font-weight: 400;\"> Sin emisiones adicionales, problemas con las aguas residuales ni aumento de la contaminaci\u00f3n por CO\u2082.<\/span><\/li>\n<li><b>Eficiencia energ\u00e9tica y econ\u00f3mica:<\/b><span style=\"font-weight: 400;\"> Reducci\u00f3n de los requisitos energ\u00e9ticos sin necesidad de adquirir costosos dispositivos adicionales<\/span><\/li>\n<li><b>Bajos costes de explotaci\u00f3n:<\/b><span style=\"font-weight: 400;\"> Utilizaci\u00f3n eficiente del calor y la electricidad<\/span><\/li>\n<li><b>Deshidrataci\u00f3n suave:<\/b><span style=\"font-weight: 400;\"> Sin encolado, baja emisi\u00f3n y desarrollo de polvo<\/span><\/li>\n<li><b>No necesita tejado:<\/b><span style=\"font-weight: 400;\"> Reduce costes y ahorra espacio valioso<\/span><\/li>\n<li><b>Versatilidad:<\/b><span style=\"font-weight: 400;\"> Adecuado para diferentes <\/span><a href=\"http:\/\/schlammtrocknung.com\/leistungen\"><span style=\"font-weight: 400;\">tipos de lodos<\/span><\/a><span style=\"font-weight: 400;\"> y ofrece un balance ecol\u00f3gico positivo<\/span><\/li>\n<\/ul>\n<p>[\/vc_column_text][\/vc_column][\/vc_row][vc_row][vc_column][vc_custom_heading text=\u00bbEl proceso de deshidrataci\u00f3n de lodos en detalle\u00bb font_container=\u00bbtag:h2|text_align:center|color:%23728d2a\u00bb use_theme_fonts=\u00bbyes\u00bb][\/vc_column][vc_column width=\u00bb1\/2&#8243;][vc_empty_space][vc_column_text]<\/p>\n<p style=\"text-align: left;\"><span style=\"font-weight: 400;\">La deshidrataci\u00f3n de lodos facilita su transporte, manipulaci\u00f3n y procesamiento posterior. M\u00e9todos mec\u00e1nicos como   <\/span><b>Centrifugadoras, filtros prensa y lechos de secado<\/b><span style=\"font-weight: 400;\">  son t\u00e9cnicas habituales para separar el agua de los s\u00f3lidos. En michel SLUDGE-DRYING-SYSTEMS, todas estas m\u00e1quinas se combinan en una sola   <\/span><b>sistema compacto y modular<\/b><span style=\"font-weight: 400;\"> combinado.<\/span><\/p>\n<p style=\"text-align: left;\"><span style=\"font-weight: 400;\">Nuestro proceso aumenta la <\/span><b>eficacia<\/b><span style=\"font-weight: 400;\">  pasos posteriores, disminuye los costes de eliminaci\u00f3n y reduce los riesgos medioambientales al minimizar el riesgo de contaminaci\u00f3n por fugas. Es un paso decisivo en el tratamiento de residuos y contribuye al uso sostenible de los recursos. <\/span><\/p>\n<p>[\/vc_column_text][\/vc_column][vc_column width=\u00bb1\/2&#8243;][vc_empty_space][vc_single_image image=\u00bb1248&#8243; img_size=\u00bblarge\u00bb][\/vc_column][vc_column][vc_custom_heading text=\u00bbDeshidrataci\u00f3n de lodos mediante secado a baja temperatura: el proceso en detalle\u00bb font_container=\u00bbtag:h3|text_align:center|color:%23728d2a\u00bb use_theme_fonts=\u00bbyes\u00bb][vc_column_text]<\/p>\n<p style=\"text-align: center;\"><span style=\"font-weight: 400;\">El proceso de <\/span><a href=\"https:\/\/schlammtrocknung.com\/es\/secadora-de-baja-temperatura\/\"><span style=\"font-weight: 400;\">secado a baja temperatura<\/span><\/a><span style=\"font-weight: 400;\"> es un paso central en el proceso de deshidrataci\u00f3n de lodos en michel SLUDGE-DRYING-SYSTEMS, que se caracteriza por la aplicaci\u00f3n selectiva <\/span><b>aplicaci\u00f3n de calor<\/b><span style=\"font-weight: 400;\">  Se elimina eficazmente la humedad de los lodos. Los lodos se calientan lenta y suavemente para preservar la integridad de las sustancias org\u00e1nicas y minimizar el consumo de energ\u00eda y la carga t\u00e9rmica.   <\/span><\/p>\n<p style=\"text-align: center;\"><span style=\"font-weight: 400;\">Este m\u00e9todo promueve <\/span><b>la eficiencia energ\u00e9tica<\/b><span style=\"font-weight: 400;\">  y reduce tu huella de carbono. A diferencia de los procesos convencionales de alta temperatura, el secado a baja temperatura evita la liberaci\u00f3n de emisiones nocivas y la formaci\u00f3n de subproductos no deseados, lo que lo convierte en una opci\u00f3n ecol\u00f3gica para la deshidrataci\u00f3n de lodos. <\/span><\/p>\n<p style=\"text-align: center;\"><span style=\"font-weight: 400;\">La deshidrataci\u00f3n eficaz de los lodos de depuradora da como resultado un producto con un volumen y un peso significativamente reducidos. Este material desecado puede utilizarse de muchas formas distintas. En la    <\/span><b>Industria energ\u00e9tica<\/b><span style=\"font-weight: 400;\"> por ejemplo, los lodos secos se utilizan como combustible de biomasa que contribuye a la producci\u00f3n de energ\u00eda renovable.<\/span><\/p>\n<p>[\/vc_column_text][\/vc_column][vc_column][vc_custom_heading text=\u00bbCon michel SLUDGE-DRYING-SYSTEMS para la deshidrataci\u00f3n avanzada de lodos\u00bb font_container=\u00bbtag:h2|text_align:center|color:%23728d2a\u00bb use_theme_fonts=\u00bbyes\u00bb][vc_column_text]<\/p>\n<p style=\"text-align: center;\"><span style=\"font-weight: 400;\">El <\/span><b>deshidrataci\u00f3n de lodos<\/b><span style=\"font-weight: 400;\"> no es s\u00f3lo una medida para <\/span><b>reducci\u00f3n de costes<\/b><span style=\"font-weight: 400;\">sino que tambi\u00e9n desempe\u00f1a un papel decisivo en <\/span><b>la protecci\u00f3n del medio ambiente<\/b><span style=\"font-weight: 400;\">. Invirtiendo en sistemas avanzados de deshidrataci\u00f3n de lodos de  <\/span><b>sistemas de secado de lodos michel<\/b><span style=\"font-weight: 400;\"> empresas y negocios agr\u00edcolas se basan en pr\u00e1cticas sostenibles que contribuyen a la conservaci\u00f3n a largo plazo de nuestro planeta.<\/span><\/p>\n<p style=\"text-align: center;\"><span style=\"font-weight: 400;\">Ponte en contacto con nosotros hoy mismo para saber m\u00e1s sobre nuestras soluciones l\u00edderes en deshidrataci\u00f3n de lodos.<\/span><\/p>\n<p>[\/vc_column_text][vc_cta h2=\u00bb\u00bb txt_align=\u00bbcenter\u00bb add_button=\u00bbbottom\u00bb btn_title=\u00bb\u00a1Ponte en contacto ahora!\u00bb btn_style=\u00bbgradient-custom\u00bb btn_gradient_custom_color_1=\u00bb#728d2a\u00bb btn_gradient_custom_color_2=\u00bb#728d2a\u00bb btn_size=\u00bblg\u00bb btn_align=\u00bbcenter\u00bb btn_link=\u00bburl:https%3A%2F%2Fschlammtrocknung.com%2Fes%2Fcontacta-con-nosotros%2F|title:Contacta%20con%20nosotros|\u00bb][\/vc_cta][\/vc_column][vc_column][\/vc_column][\/vc_row][vc_row][vc_column][vc_column_text]<\/p>\n<h2><b>FAQ &#8211; preguntas frecuentes sobre la deshidrataci\u00f3n de lodos<\/b><\/h2>\n<p>[\/vc_column_text][vc_toggle title=\u00bb\u00bfQu\u00e9 es el agua turbia?\u00bb]<span style=\"font-weight: 400;\">El agua de lodos es una mezcla de agua y part\u00edculas finas y s\u00f3lidas que suele producirse como subproducto de procesos industriales o del tratamiento de aguas residuales. Contiene sustancias org\u00e1nicas e inorg\u00e1nicas, incluidos contaminantes y microorganismos que requieren un tratamiento posterior. El agua de lodos debe deshidratarse y secarse para poder eliminarla adecuadamente o reciclarla.  <\/span>[\/vc_toggle][vc_toggle title=\u00bb\u00bfC\u00f3mo funciona la deshidrataci\u00f3n de lodos?\u00bb]<span style=\"font-weight: 400;\">La deshidrataci\u00f3n de lodos es el proceso de reducir el contenido de agua de los lodos para disminuir su volumen y peso. A menudo se consigue por medios mec\u00e1nicos, como centrifugadoras, filtros prensa o lechos de secado, mediante los cuales se separa el agua de los s\u00f3lidos y se concentran los lodos para permitir un transporte rentable y un f\u00e1cil tratamiento posterior. <\/span>[\/vc_toggle][vc_toggle title=\u00bb\u00bfPor qu\u00e9 se deshidratan los lodos?\u00bb]<span style=\"font-weight: 400;\">Deshidratar los lodos es necesario para facilitar su manipulaci\u00f3n y transporte, reducir los costes de eliminaci\u00f3n final y minimizar los riesgos medioambientales. Reducir el contenido de agua tambi\u00e9n mejora la eficacia de los procesos de tratamiento posteriores y minimiza el riesgo de contaminaci\u00f3n del suelo y el agua por fugas o vertidos de lodos. <\/span>[\/vc_toggle][vc_empty_space height=\u00bb100px\u00bb][\/vc_column][\/vc_row]<\/p>\n<\/div>","protected":false},"excerpt":{"rendered":"<p>[vc_row][vc_column][vc_custom_heading text=\u00bbDeshidrataci\u00f3n de lodos con michel SLUDGE-DRYING-SYSTEMS\u00bb font_container=\u00bbtag:h1|text_align:center|color:%23728d2a\u00bb use_theme_fonts=\u00bbyes\u00bb][vc_column_text] Sistemas de \u00faltima generaci\u00f3n para deshidrataci\u00f3n de lodos. Tecnolog\u00edas avanzadas para la Deshidrataci\u00f3n. Aprovechamiento eficaz in situ de los lodos. Las soluciones de michel SLUDGE-DRYING-SYSTEMS evitan el costoso transporte de agua y contribuyen a crear un futuro respetuoso con el medio ambiente. [\/vc_column_text][\/vc_column][\/vc_row][vc_row][vc_column][vc_cta h2=\u00bb\u00bb add_button=\u00bbbottom\u00bb btn_title=\u00bbInf\u00f3rmate&hellip;<\/p>\n","protected":false},"author":1,"featured_media":1376,"parent":0,"menu_order":0,"comment_status":"closed","ping_status":"closed","template":"","meta":{"footnotes":""},"class_list":["post-2426","page","type-page","status-publish","has-post-thumbnail","hentry","description-off"],"yoast_head":"<!-- This site is optimized with the Yoast SEO plugin v27.4 - https:\/\/yoast.com\/product\/yoast-seo-wordpress\/ -->\n<title>Deshidrataci\u00f3n de lodos | Michel Secado de lodos<\/title>\n<meta name=\"description\" content=\"Descubre las tecnolog\u00edas avanzadas de deshidrataci\u00f3n de lodos con michel SLUDGE-DRYING-SYSTEMS.\" \/>\n<meta name=\"robots\" content=\"index, follow, max-snippet:-1, max-image-preview:large, max-video-preview:-1\" \/>\n<link rel=\"canonical\" href=\"https:\/\/schlammtrocknung.com\/es\/deshidratacion-de-lodos\/\" \/>\n<meta property=\"og:locale\" content=\"es_ES\" \/>\n<meta property=\"og:type\" content=\"article\" \/>\n<meta property=\"og:title\" content=\"Deshidrataci\u00f3n de lodos | Michel Secado de lodos\" \/>\n<meta property=\"og:description\" content=\"Descubre las tecnolog\u00edas avanzadas de deshidrataci\u00f3n de lodos con michel SLUDGE-DRYING-SYSTEMS.\" \/>\n<meta property=\"og:url\" content=\"https:\/\/schlammtrocknung.com\/es\/deshidratacion-de-lodos\/\" \/>\n<meta property=\"og:site_name\" content=\"Schlammtrocknung \u2013 michel SLUDGE DRYING SYSTEM\" \/>\n<meta property=\"article:modified_time\" content=\"2025-05-09T08:46:25+00:00\" \/>\n<meta property=\"og:image\" content=\"https:\/\/schlammtrocknung.com\/wp-content\/uploads\/2023\/05\/DSC_3747-scaled.jpg\" \/>\n\t<meta property=\"og:image:width\" content=\"2560\" \/>\n\t<meta property=\"og:image:height\" content=\"1436\" \/>\n\t<meta property=\"og:image:type\" content=\"image\/jpeg\" \/>\n<meta name=\"twitter:card\" content=\"summary_large_image\" \/>\n<meta name=\"twitter:label1\" content=\"Tiempo de lectura\" \/>\n\t<meta name=\"twitter:data1\" content=\"7 minutos\" \/>\n<script type=\"application\/ld+json\" class=\"yoast-schema-graph\">{\"@context\":\"https:\\\/\\\/schema.org\",\"@graph\":[{\"@type\":\"WebPage\",\"@id\":\"https:\\\/\\\/schlammtrocknung.com\\\/es\\\/deshidratacion-de-lodos\\\/\",\"url\":\"https:\\\/\\\/schlammtrocknung.com\\\/es\\\/deshidratacion-de-lodos\\\/\",\"name\":\"Deshidrataci\u00f3n de lodos | Michel Secado de lodos\",\"isPartOf\":{\"@id\":\"https:\\\/\\\/schlammtrocknung.com\\\/#website\"},\"primaryImageOfPage\":{\"@id\":\"https:\\\/\\\/schlammtrocknung.com\\\/es\\\/deshidratacion-de-lodos\\\/#primaryimage\"},\"image\":{\"@id\":\"https:\\\/\\\/schlammtrocknung.com\\\/es\\\/deshidratacion-de-lodos\\\/#primaryimage\"},\"thumbnailUrl\":\"https:\\\/\\\/schlammtrocknung.com\\\/wp-content\\\/uploads\\\/2023\\\/05\\\/DSC_3747-scaled.jpg\",\"datePublished\":\"2024-08-30T08:40:19+00:00\",\"dateModified\":\"2025-05-09T08:46:25+00:00\",\"description\":\"Descubre las tecnolog\u00edas avanzadas de deshidrataci\u00f3n de lodos con michel SLUDGE-DRYING-SYSTEMS.\",\"breadcrumb\":{\"@id\":\"https:\\\/\\\/schlammtrocknung.com\\\/es\\\/deshidratacion-de-lodos\\\/#breadcrumb\"},\"inLanguage\":\"es\",\"potentialAction\":[{\"@type\":\"ReadAction\",\"target\":[\"https:\\\/\\\/schlammtrocknung.com\\\/es\\\/deshidratacion-de-lodos\\\/\"]}]},{\"@type\":\"ImageObject\",\"inLanguage\":\"es\",\"@id\":\"https:\\\/\\\/schlammtrocknung.com\\\/es\\\/deshidratacion-de-lodos\\\/#primaryimage\",\"url\":\"https:\\\/\\\/schlammtrocknung.com\\\/wp-content\\\/uploads\\\/2023\\\/05\\\/DSC_3747-scaled.jpg\",\"contentUrl\":\"https:\\\/\\\/schlammtrocknung.com\\\/wp-content\\\/uploads\\\/2023\\\/05\\\/DSC_3747-scaled.jpg\",\"width\":2560,\"height\":1436},{\"@type\":\"BreadcrumbList\",\"@id\":\"https:\\\/\\\/schlammtrocknung.com\\\/es\\\/deshidratacion-de-lodos\\\/#breadcrumb\",\"itemListElement\":[{\"@type\":\"ListItem\",\"position\":1,\"name\":\"Startseite\",\"item\":\"https:\\\/\\\/schlammtrocknung.com\\\/es\\\/pagina-de-inicio-2\\\/\"},{\"@type\":\"ListItem\",\"position\":2,\"name\":\"Deshidrataci\u00f3n de lodos\"}]},{\"@type\":\"WebSite\",\"@id\":\"https:\\\/\\\/schlammtrocknung.com\\\/#website\",\"url\":\"https:\\\/\\\/schlammtrocknung.com\\\/\",\"name\":\"Schlammtrocknung | SDS - Schlammtrocknung\",\"description\":\"Schlamm- L\u00f6sungen f\u00fcr Kl\u00e4rwerke, Industrie und Umwelt\",\"publisher\":{\"@id\":\"https:\\\/\\\/schlammtrocknung.com\\\/#organization\"},\"potentialAction\":[{\"@type\":\"SearchAction\",\"target\":{\"@type\":\"EntryPoint\",\"urlTemplate\":\"https:\\\/\\\/schlammtrocknung.com\\\/?s={search_term_string}\"},\"query-input\":{\"@type\":\"PropertyValueSpecification\",\"valueRequired\":true,\"valueName\":\"search_term_string\"}}],\"inLanguage\":\"es\"},{\"@type\":\"Organization\",\"@id\":\"https:\\\/\\\/schlammtrocknung.com\\\/#organization\",\"name\":\"Schlammtrocknung | SDS - Schlammtrocknung\",\"url\":\"https:\\\/\\\/schlammtrocknung.com\\\/\",\"logo\":{\"@type\":\"ImageObject\",\"inLanguage\":\"es\",\"@id\":\"https:\\\/\\\/schlammtrocknung.com\\\/#\\\/schema\\\/logo\\\/image\\\/\",\"url\":\"https:\\\/\\\/schlammtrocknung.com\\\/wp-content\\\/uploads\\\/2023\\\/02\\\/logo_sds-1.png\",\"contentUrl\":\"https:\\\/\\\/schlammtrocknung.com\\\/wp-content\\\/uploads\\\/2023\\\/02\\\/logo_sds-1.png\",\"width\":697,\"height\":187,\"caption\":\"Schlammtrocknung | SDS - Schlammtrocknung\"},\"image\":{\"@id\":\"https:\\\/\\\/schlammtrocknung.com\\\/#\\\/schema\\\/logo\\\/image\\\/\"}}]}<\/script>\n<!-- \/ Yoast SEO plugin. -->","yoast_head_json":{"title":"Deshidrataci\u00f3n de lodos | Michel Secado de lodos","description":"Descubre las tecnolog\u00edas avanzadas de deshidrataci\u00f3n de lodos con michel SLUDGE-DRYING-SYSTEMS.","robots":{"index":"index","follow":"follow","max-snippet":"max-snippet:-1","max-image-preview":"max-image-preview:large","max-video-preview":"max-video-preview:-1"},"canonical":"https:\/\/schlammtrocknung.com\/es\/deshidratacion-de-lodos\/","og_locale":"es_ES","og_type":"article","og_title":"Deshidrataci\u00f3n de lodos | Michel Secado de lodos","og_description":"Descubre las tecnolog\u00edas avanzadas de deshidrataci\u00f3n de lodos con michel SLUDGE-DRYING-SYSTEMS.","og_url":"https:\/\/schlammtrocknung.com\/es\/deshidratacion-de-lodos\/","og_site_name":"Schlammtrocknung \u2013 michel SLUDGE DRYING SYSTEM","article_modified_time":"2025-05-09T08:46:25+00:00","og_image":[{"width":2560,"height":1436,"url":"https:\/\/schlammtrocknung.com\/wp-content\/uploads\/2023\/05\/DSC_3747-scaled.jpg","type":"image\/jpeg"}],"twitter_card":"summary_large_image","twitter_misc":{"Tiempo de lectura":"7 minutos"},"schema":{"@context":"https:\/\/schema.org","@graph":[{"@type":"WebPage","@id":"https:\/\/schlammtrocknung.com\/es\/deshidratacion-de-lodos\/","url":"https:\/\/schlammtrocknung.com\/es\/deshidratacion-de-lodos\/","name":"Deshidrataci\u00f3n de lodos | Michel Secado de lodos","isPartOf":{"@id":"https:\/\/schlammtrocknung.com\/#website"},"primaryImageOfPage":{"@id":"https:\/\/schlammtrocknung.com\/es\/deshidratacion-de-lodos\/#primaryimage"},"image":{"@id":"https:\/\/schlammtrocknung.com\/es\/deshidratacion-de-lodos\/#primaryimage"},"thumbnailUrl":"https:\/\/schlammtrocknung.com\/wp-content\/uploads\/2023\/05\/DSC_3747-scaled.jpg","datePublished":"2024-08-30T08:40:19+00:00","dateModified":"2025-05-09T08:46:25+00:00","description":"Descubre las tecnolog\u00edas avanzadas de deshidrataci\u00f3n de lodos con michel SLUDGE-DRYING-SYSTEMS.","breadcrumb":{"@id":"https:\/\/schlammtrocknung.com\/es\/deshidratacion-de-lodos\/#breadcrumb"},"inLanguage":"es","potentialAction":[{"@type":"ReadAction","target":["https:\/\/schlammtrocknung.com\/es\/deshidratacion-de-lodos\/"]}]},{"@type":"ImageObject","inLanguage":"es","@id":"https:\/\/schlammtrocknung.com\/es\/deshidratacion-de-lodos\/#primaryimage","url":"https:\/\/schlammtrocknung.com\/wp-content\/uploads\/2023\/05\/DSC_3747-scaled.jpg","contentUrl":"https:\/\/schlammtrocknung.com\/wp-content\/uploads\/2023\/05\/DSC_3747-scaled.jpg","width":2560,"height":1436},{"@type":"BreadcrumbList","@id":"https:\/\/schlammtrocknung.com\/es\/deshidratacion-de-lodos\/#breadcrumb","itemListElement":[{"@type":"ListItem","position":1,"name":"Startseite","item":"https:\/\/schlammtrocknung.com\/es\/pagina-de-inicio-2\/"},{"@type":"ListItem","position":2,"name":"Deshidrataci\u00f3n de lodos"}]},{"@type":"WebSite","@id":"https:\/\/schlammtrocknung.com\/#website","url":"https:\/\/schlammtrocknung.com\/","name":"Schlammtrocknung | SDS - Schlammtrocknung","description":"Schlamm- L\u00f6sungen f\u00fcr Kl\u00e4rwerke, Industrie und Umwelt","publisher":{"@id":"https:\/\/schlammtrocknung.com\/#organization"},"potentialAction":[{"@type":"SearchAction","target":{"@type":"EntryPoint","urlTemplate":"https:\/\/schlammtrocknung.com\/?s={search_term_string}"},"query-input":{"@type":"PropertyValueSpecification","valueRequired":true,"valueName":"search_term_string"}}],"inLanguage":"es"},{"@type":"Organization","@id":"https:\/\/schlammtrocknung.com\/#organization","name":"Schlammtrocknung | SDS - Schlammtrocknung","url":"https:\/\/schlammtrocknung.com\/","logo":{"@type":"ImageObject","inLanguage":"es","@id":"https:\/\/schlammtrocknung.com\/#\/schema\/logo\/image\/","url":"https:\/\/schlammtrocknung.com\/wp-content\/uploads\/2023\/02\/logo_sds-1.png","contentUrl":"https:\/\/schlammtrocknung.com\/wp-content\/uploads\/2023\/02\/logo_sds-1.png","width":697,"height":187,"caption":"Schlammtrocknung | SDS - Schlammtrocknung"},"image":{"@id":"https:\/\/schlammtrocknung.com\/#\/schema\/logo\/image\/"}}]}},"_links":{"self":[{"href":"https:\/\/schlammtrocknung.com\/es\/wp-json\/wp\/v2\/pages\/2426","targetHints":{"allow":["GET"]}}],"collection":[{"href":"https:\/\/schlammtrocknung.com\/es\/wp-json\/wp\/v2\/pages"}],"about":[{"href":"https:\/\/schlammtrocknung.com\/es\/wp-json\/wp\/v2\/types\/page"}],"author":[{"embeddable":true,"href":"https:\/\/schlammtrocknung.com\/es\/wp-json\/wp\/v2\/users\/1"}],"replies":[{"embeddable":true,"href":"https:\/\/schlammtrocknung.com\/es\/wp-json\/wp\/v2\/comments?post=2426"}],"version-history":[{"count":2,"href":"https:\/\/schlammtrocknung.com\/es\/wp-json\/wp\/v2\/pages\/2426\/revisions"}],"predecessor-version":[{"id":2430,"href":"https:\/\/schlammtrocknung.com\/es\/wp-json\/wp\/v2\/pages\/2426\/revisions\/2430"}],"wp:featuredmedia":[{"embeddable":true,"href":"https:\/\/schlammtrocknung.com\/es\/wp-json\/wp\/v2\/media\/1376"}],"wp:attachment":[{"href":"https:\/\/schlammtrocknung.com\/es\/wp-json\/wp\/v2\/media?parent=2426"}],"curies":[{"name":"wp","href":"https:\/\/api.w.org\/{rel}","templated":true}]}}