{"id":2457,"date":"2024-08-14T10:42:06","date_gmt":"2024-08-14T08:42:06","guid":{"rendered":"https:\/\/schlammtrocknung.com\/eliminacion-de-lodos\/"},"modified":"2025-05-09T10:46:32","modified_gmt":"2025-05-09T08:46:32","slug":"eliminacion-de-lodos","status":"publish","type":"page","link":"https:\/\/schlammtrocknung.com\/es\/eliminacion-de-lodos\/","title":{"rendered":"Eliminaci\u00f3n de lodos"},"content":{"rendered":"<div class=\"wpb-content-wrapper\"><p>[vc_row][vc_column][vc_custom_heading text=\u00bbEliminaci\u00f3n avanzada de lodos<br \/>\n&#8211; directamente in situ\u00bb font_container=\u00bbtag:h1|text_align:center|color:%23728d2a\u00bb use_theme_fonts=\u00bbyes\u00bb][vc_column_text]<\/p>\n<p style=\"text-align: center;\"><span style=\"font-weight: 400;\">Avanzado <\/span><b>Eliminaci\u00f3n de lodos directamente in situ<\/b><span style=\"font-weight: 400;\">con equipos de \u00faltima generaci\u00f3n y sin costosos transportes de agua &#8211; esto es lo que <\/span><b>sistemas de secado de lodos michel<\/b><span style=\"font-weight: 400;\">. Con nuestra experiencia, somos capaces de utilizar los lodos de forma eficiente y lograr as\u00ed un  <\/span><b>un futuro respetuoso con el medio ambiente<\/b><span style=\"font-weight: 400;\"> sin desperdiciar valiosas materias primas.<\/span><\/p>\n<p style=\"text-align: center;\"><a href=\"https:\/\/schlammtrocknung.com\/es\/contacta-con-nosotros\/\">\u00a1Descubre soluciones ahora!<\/a><\/p>\n<p>[\/vc_column_text][vc_empty_space height=\u00bb150px\u00bb][\/vc_column][\/vc_row][vc_row][vc_column width=\u00bb1\/2&#8243;][vc_custom_heading text=\u00bbEliminaci\u00f3n responsable de los lodos: esencial para el medio ambiente y la salud\u00bb font_container=\u00bbtag:h2|text_align:left|color:%23728d2a\u00bb use_theme_fonts=\u00bbyes\u00bb][vc_column_text]<i><span style=\"font-weight: 400;\">\u00bfQu\u00e9 es la eliminaci\u00f3n de lodos?<\/span><\/i><\/p>\n<p><i><span style=\"font-weight: 400;\">La eliminaci\u00f3n de lodos se refiere al tratamiento y eliminaci\u00f3n de los lodos que son un subproducto de los procesos industriales, el tratamiento de aguas residuales y las operaciones agr\u00edcolas. Este procedimiento es crucial para la salud medioambiental, ya que los lodos no tratados pueden contener contaminantes como metales pesados y compuestos org\u00e1nicos. <\/span><\/i>[\/vc_column_text][\/vc_column][vc_column width=\u00bb1\/2&#8243; css=\u00bb.vc_custom_1740486470044{border-radius: 2px !important;}\u00bb][vc_single_image image=\u00bb1201&#8243; img_size=\u00bbfull\u00bb][\/vc_column][\/vc_row][vc_row][vc_column][vc_column_text]<\/p>\n<p style=\"text-align: center;\"><span style=\"font-weight: 400;\">La eficaz <\/span><b>eliminaci\u00f3n de lodos<\/b><span style=\"font-weight: 400;\"> evita la contaminaci\u00f3n de las masas de agua, protege la <\/span><b>calidad del suelo<\/b><span style=\"font-weight: 400;\"> y promueve la recuperaci\u00f3n de valiosos <\/span><b>recursos<\/b><span style=\"font-weight: 400;\">. En el tratamiento de aguas residuales, el procesamiento de residuos industriales y la producci\u00f3n de fertilizantes, la eliminaci\u00f3n avanzada es esencial para minimizar los riesgos medioambientales y sanitarios, y al mismo tiempo proteger todos los recursos disponibles.  <\/span><b>directrices legales<\/b><span style=\"font-weight: 400;\"> que cumplir.<\/span><\/p>\n<p>[\/vc_column_text][vc_empty_space height=\u00bb150px\u00bb][vc_custom_heading text=\u00bbRealizable localmente y econ\u00f3mica: nuestra eliminaci\u00f3n de lodos\u00bb font_container=\u00bbtag:h2|text_align:center|color:%23728d2a\u00bb use_theme_fonts=\u00bbyes\u00bb][vc_column_text]<\/p>\n<p style=\"text-align: center;\"><span style=\"font-weight: 400;\">\u00bfPor qu\u00e9 <\/span><b>michel SISTEMAS DE SECADO DE LODOS<\/b><span style=\"font-weight: 400;\">  \u00bfel socio ideal para la eliminaci\u00f3n de lodos? Es sencillo: los sistemas funcionan con una combinaci\u00f3n de secado por contacto y convecci\u00f3n y se adaptan perfectamente a una amplia gama de aplicaciones.   <\/span><\/p>\n<p style=\"text-align: center;\"><span style=\"font-weight: 400;\">Nuestros sistemas de secado patentados no s\u00f3lo son tecnol\u00f3gicamente avanzados, sino tambi\u00e9n vers\u00e1tiles y pueden utilizarse para una gran variedad de lodos, desde <a href=\"https:\/\/schlammtrocknung.com\/es\/servicios\/secado-de-lodos-de-depuradora\/\">lodos de depuradora<\/a> hasta <a href=\"https:\/\/schlammtrocknung.com\/es\/servicios\/secado-de-bioslodos\/\">biolodos<\/a> y <a href=\"https:\/\/schlammtrocknung.com\/es\/servicios\/secado-de-lodos-metalicos\/\">lodos met\u00e1licos<\/a>. Gracias a nuestro dise\u00f1o modular, siempre encontramos la soluci\u00f3n adecuada para tu eliminaci\u00f3n de lodos. <\/span><\/p>\n<p>[\/vc_column_text][vc_custom_heading text=\u00bbComprueba de un vistazo todas las ventajas de la eliminaci\u00f3n de lodos con nuestros sistemas de secado patentados:\u00bb font_container=\u00bbtag:h3|text_align:center|color:%23728d2a\u00bb use_theme_fonts=\u00bbyes\u00bb][\/vc_column][\/vc_row][vc_row][vc_column width=\u00bb1\/2&#8243;][vc_empty_space][vc_single_image image=\u00bb279&#8243; img_size=\u00bblarge\u00bb][\/vc_column][vc_column width=\u00bb1\/2&#8243;][vc_column_text]<\/p>\n<ul>\n<li><b>Realizable localmente:<\/b><span style=\"font-weight: 400;\"> Nuestra tecnolog\u00eda funciona directamente in situ, donde se producen los lodos<\/span><\/li>\n<li style=\"font-weight: 400;\" aria-level=\"1\"><b>Respetuoso con el medio ambiente:<\/b><span style=\"font-weight: 400;\"> Sin emisiones, sin problemas de aguas residuales y con una importante reducci\u00f3n de CO\u2082.<\/span><\/li>\n<li style=\"font-weight: 400;\" aria-level=\"1\"><b>Eficaz y econ\u00f3mico:<\/b><span style=\"font-weight: 400;\"> Menor consumo de energ\u00eda gracias al secado a baja temperatura y sin necesidad de costosos equipos adicionales<\/span><\/li>\n<li style=\"font-weight: 400;\" aria-level=\"1\"><b>Bajos costes de funcionamiento:<\/b><span style=\"font-weight: 400;\"> Mediante la utilizaci\u00f3n eficiente del calor y la electricidad.<\/span><\/li>\n<li style=\"font-weight: 400;\" aria-level=\"1\"><b>Procesamiento suave:<\/b><span style=\"font-weight: 400;\"> Evita el encolado y minimiza las emisiones y la formaci\u00f3n de polvo<\/span><\/li>\n<li style=\"font-weight: 400;\" aria-level=\"1\"><b>No necesita tejado:<\/b><span style=\"font-weight: 400;\"> Ahorra costes y espacio al no necesitar tejado<\/span><\/li>\n<li style=\"font-weight: 400;\" aria-level=\"1\"><b>Versatilidad:<\/b><span style=\"font-weight: 400;\"> Adecuado para varios tipos de lodos<\/span><\/li>\n<li style=\"font-weight: 400;\" aria-level=\"1\"><b>Equilibrio ecol\u00f3gico positivo:<\/b><span style=\"font-weight: 400;\"> Contribuci\u00f3n al ahorro de CO\u2082 y fomento de pr\u00e1cticas sostenibles<\/span><\/li>\n<\/ul>\n<p>[\/vc_column_text][\/vc_column][\/vc_row][vc_row][vc_column][vc_column_text]<\/p>\n<p style=\"text-align: left;\"><span style=\"font-weight: 400;\"><i>Consejo de experto:<\/i><\/span><\/p>\n<p style=\"text-align: left;\"><span style=\"font-weight: 400;\">Es bueno saberlo: No s\u00f3lo ofrecemos tecnolog\u00eda y sistemas de primera clase <\/span>en tres tama\u00f1os diferentes<span style=\"font-weight: 400;\">, sino tambi\u00e9n <\/span><b>opciones de financiaci\u00f3n flexibles<\/b><span style=\"font-weight: 400;\"> que te permiten ponerte en marcha sin una inversi\u00f3n inicial elevada.<\/span><\/p>\n<p>[\/vc_column_text][vc_empty_space height=\u00bb100px\u00bb][\/vc_column][\/vc_row][vc_row][vc_column][vc_custom_heading text=\u00bbUtilizaci\u00f3n en lugar de eliminaci\u00f3n: potencial de los lodos procesados\u00bb font_container=\u00bbtag:h2|text_align:left|color:%23728d2a\u00bb use_theme_fonts=\u00bbyes\u00bb][vc_column_text]<span style=\"font-weight: 400;\">Aunque los lodos se consideren inicialmente un producto de desecho, tambi\u00e9n pueden convertirse en un material valioso con numerosos potenciales. La clave para ello es la profesionalidad   <\/span><b>Secado de lodos<\/b><span style=\"font-weight: 400;\">  con el procesamiento posterior. El potencial llega hasta   <\/span><a href=\"https:\/\/schlammtrocknung.com\/news\/phosphor-recycling\/\"><span style=\"font-weight: 400;\">Recuperaci\u00f3n del f\u00f3sforo<\/span><\/a><span style=\"font-weight: 400;\">un valioso nutriente vegetal.<\/span><\/p>\n<p><span style=\"font-weight: 400;\">Los lodos procesados, especialmente los de las depuradoras de aguas residuales, son ricos en materiales org\u00e1nicos y nutrientes como el nitr\u00f3geno y el f\u00f3sforo. <\/span><a href=\"https:\/\/schlammtrocknung.com\/news\/phosphor-recycling\/\"><span style=\"font-weight: 400;\">f\u00f3sforo<\/span><\/a><span style=\"font-weight: 400;\">que se utilizan en <\/span><b>la agricultura<\/b><span style=\"font-weight: 400;\">  puede utilizarse como abono. Esta utilizaci\u00f3n no s\u00f3lo favorece la   <\/span><b>econom\u00eda circular<\/b><span style=\"font-weight: 400;\">sino que tambi\u00e9n reduce la necesidad de fertilizantes artificiales, cuya producci\u00f3n suele requerir mucha energ\u00eda y conlleva el riesgo de contaminaci\u00f3n medioambiental.<\/span><\/p>\n<p><span style=\"font-weight: 400;\">Los lodos de depuradora secos tambi\u00e9n pueden utilizarse en <\/span><b>producci\u00f3n de energ\u00eda<\/b><span style=\"font-weight: 400;\"> como <\/span><b>combustible de biomasa<\/b><span style=\"font-weight: 400;\">  una alternativa renovable a los combustibles f\u00f3siles. En la   <\/span><b>Industria de la construcci\u00f3n<\/b><span style=\"font-weight: 400;\"> Los lodos procesados se utilizan como \u00e1ridos, por ejemplo en la producci\u00f3n de materiales de construcci\u00f3n como ladrillos o adoquines, lo que contribuye a reducir los residuos y a disminuir los costes de producci\u00f3n.<\/span><\/p>\n<p><i><span style=\"font-weight: 400;\">Nota:<\/span><\/i><i><span style=\"font-weight: 400;\"><br \/>\n<\/span><\/i><i><span style=\"font-weight: 400;\">La utilizaci\u00f3n de lodos tratados representa una alternativa sostenible al vertido convencional y ofrece numerosas ventajas ecol\u00f3gicas y econ\u00f3micas. Reduce la presi\u00f3n sobre los recursos naturales y ofrece al mismo tiempo beneficios econ\u00f3micos. <\/span><\/i>[\/vc_column_text][vc_empty_space height=\u00bb100px\u00bb][vc_custom_heading text=\u00bbDescubre nuestras soluciones l\u00edderes para la eliminaci\u00f3n de lodos\u00bb font_container=\u00bbtag:h2|text_align:left|color:%23728d2a\u00bb use_theme_fonts=\u00bbyes\u00bb][vc_column_text]<span style=\"font-weight: 400;\">funcionamiento &#8211; ajuste con <\/span><b>michel SISTEMAS DE SECADO DE LODOS<\/b><span style=\"font-weight: 400;\">  hacia un futuro sostenible. Estamos dispuestos a recorrer este camino contigo. <\/span><\/p>\n<p style=\"text-align: center;\"><a href=\"https:\/\/schlammtrocknung.com\/es\/contacta-con-nosotros\/\">Ponte en contacto con nosotros<\/a><\/p>\n<p>[\/vc_column_text][\/vc_column][\/vc_row][vc_row][vc_column][vc_column_text]<\/p>\n<h2>FAQ &#8211; preguntas frecuentes sobre la eliminaci\u00f3n de lodos<\/h2>\n<p>[\/vc_column_text][vc_toggle title=\u00bb\u00bfQu\u00e9 es la eliminaci\u00f3n de lodos?\u00bb]<span style=\"font-weight: 400;\">La eliminaci\u00f3n de lodos, tambi\u00e9n conocida como secado de lodos, es un proceso en el que se elimina el agua de los lodos para reducir su volumen y facilitar su eliminaci\u00f3n o utilizaci\u00f3n. Esto aumenta la eficacia de la eliminaci\u00f3n de lodos y reduce los costes de transporte y tratamiento. <\/span>[\/vc_toggle][vc_toggle title=\u00bb\u00bfLa eliminaci\u00f3n de lodos es respetuosa con el medio ambiente?\u00bb]<span style=\"font-weight: 400;\">Las tecnolog\u00edas modernas de eliminaci\u00f3n de lodos est\u00e1n dise\u00f1adas para ser respetuosas con el medio ambiente. Reducen las emisiones, evitan la contaminaci\u00f3n de las aguas subterr\u00e1neas y permiten recuperar recursos, como el uso de lodos secos como combustible o abono. <\/span>[\/vc_toggle][vc_toggle title=\u00bb\u00bfQu\u00e9 tecnolog\u00edas se utilizan en la eliminaci\u00f3n de lodos?\u00bb]<span style=\"font-weight: 400;\">Para eliminar los lodos se utilizan varias tecnolog\u00edas, como la centrifugaci\u00f3n, los filtros prensa, el tratamiento t\u00e9rmico y los procesos biol\u00f3gicos. Estos m\u00e9todos tienen como objetivo estabilizar los lodos, secarlos y prepararlos para su eliminaci\u00f3n final segura o su reutilizaci\u00f3n. <\/span>[\/vc_toggle][vc_empty_space height=\u00bb100px\u00bb][\/vc_column][\/vc_row]<\/p>\n<\/div>","protected":false},"excerpt":{"rendered":"<p>[vc_row][vc_column][vc_custom_heading text=\u00bbEliminaci\u00f3n avanzada de lodos &#8211; directamente in situ\u00bb font_container=\u00bbtag:h1|text_align:center|color:%23728d2a\u00bb use_theme_fonts=\u00bbyes\u00bb][vc_column_text] Avanzado Eliminaci\u00f3n de lodos directamente in situcon equipos de \u00faltima generaci\u00f3n y sin costosos transportes de agua &#8211; esto es lo que sistemas de secado de lodos michel. Con nuestra experiencia, somos capaces de utilizar los lodos de forma eficiente y lograr as\u00ed un&hellip;<\/p>\n","protected":false},"author":1,"featured_media":1376,"parent":0,"menu_order":0,"comment_status":"closed","ping_status":"closed","template":"","meta":{"footnotes":""},"class_list":["post-2457","page","type-page","status-publish","has-post-thumbnail","hentry","description-off"],"yoast_head":"<!-- This site is optimized with the Yoast SEO plugin v27.3 - https:\/\/yoast.com\/product\/yoast-seo-wordpress\/ -->\n<title>Eliminaci\u00f3n de lodos | michel SLUDGE-DRYING-SYSTEMS<\/title>\n<meta name=\"description\" content=\"Descubre las avanzadas tecnolog\u00edas de michel SLUDGE-DRYING-SYSTEMS para eliminar los lodos de forma respetuosa con el medio ambiente, \u00a1directamente in situ!\" \/>\n<meta name=\"robots\" content=\"index, follow, max-snippet:-1, max-image-preview:large, max-video-preview:-1\" \/>\n<link rel=\"canonical\" href=\"https:\/\/schlammtrocknung.com\/es\/eliminacion-de-lodos\/\" \/>\n<meta property=\"og:locale\" content=\"es_ES\" \/>\n<meta property=\"og:type\" content=\"article\" \/>\n<meta property=\"og:title\" content=\"Eliminaci\u00f3n de lodos | michel SLUDGE-DRYING-SYSTEMS\" \/>\n<meta property=\"og:description\" content=\"Descubre las avanzadas tecnolog\u00edas de michel SLUDGE-DRYING-SYSTEMS para eliminar los lodos de forma respetuosa con el medio ambiente, \u00a1directamente in situ!\" \/>\n<meta property=\"og:url\" content=\"https:\/\/schlammtrocknung.com\/es\/eliminacion-de-lodos\/\" \/>\n<meta property=\"og:site_name\" content=\"Schlammtrocknung \u2013 michel SLUDGE DRYING SYSTEM\" \/>\n<meta property=\"article:modified_time\" content=\"2025-05-09T08:46:32+00:00\" \/>\n<meta property=\"og:image\" content=\"https:\/\/schlammtrocknung.com\/wp-content\/uploads\/2023\/05\/DSC_3747-scaled.jpg\" \/>\n\t<meta property=\"og:image:width\" content=\"2560\" \/>\n\t<meta property=\"og:image:height\" content=\"1436\" \/>\n\t<meta property=\"og:image:type\" content=\"image\/jpeg\" \/>\n<meta name=\"twitter:card\" content=\"summary_large_image\" \/>\n<meta name=\"twitter:label1\" content=\"Tiempo de lectura\" \/>\n\t<meta name=\"twitter:data1\" content=\"6 minutos\" \/>\n<script type=\"application\/ld+json\" class=\"yoast-schema-graph\">{\"@context\":\"https:\\\/\\\/schema.org\",\"@graph\":[{\"@type\":\"WebPage\",\"@id\":\"https:\\\/\\\/schlammtrocknung.com\\\/es\\\/eliminacion-de-lodos\\\/\",\"url\":\"https:\\\/\\\/schlammtrocknung.com\\\/es\\\/eliminacion-de-lodos\\\/\",\"name\":\"Eliminaci\u00f3n de lodos | michel SLUDGE-DRYING-SYSTEMS\",\"isPartOf\":{\"@id\":\"https:\\\/\\\/schlammtrocknung.com\\\/#website\"},\"primaryImageOfPage\":{\"@id\":\"https:\\\/\\\/schlammtrocknung.com\\\/es\\\/eliminacion-de-lodos\\\/#primaryimage\"},\"image\":{\"@id\":\"https:\\\/\\\/schlammtrocknung.com\\\/es\\\/eliminacion-de-lodos\\\/#primaryimage\"},\"thumbnailUrl\":\"https:\\\/\\\/schlammtrocknung.com\\\/wp-content\\\/uploads\\\/2023\\\/05\\\/DSC_3747-scaled.jpg\",\"datePublished\":\"2024-08-14T08:42:06+00:00\",\"dateModified\":\"2025-05-09T08:46:32+00:00\",\"description\":\"Descubre las avanzadas tecnolog\u00edas de michel SLUDGE-DRYING-SYSTEMS para eliminar los lodos de forma respetuosa con el medio ambiente, \u00a1directamente in situ!\",\"breadcrumb\":{\"@id\":\"https:\\\/\\\/schlammtrocknung.com\\\/es\\\/eliminacion-de-lodos\\\/#breadcrumb\"},\"inLanguage\":\"es\",\"potentialAction\":[{\"@type\":\"ReadAction\",\"target\":[\"https:\\\/\\\/schlammtrocknung.com\\\/es\\\/eliminacion-de-lodos\\\/\"]}]},{\"@type\":\"ImageObject\",\"inLanguage\":\"es\",\"@id\":\"https:\\\/\\\/schlammtrocknung.com\\\/es\\\/eliminacion-de-lodos\\\/#primaryimage\",\"url\":\"https:\\\/\\\/schlammtrocknung.com\\\/wp-content\\\/uploads\\\/2023\\\/05\\\/DSC_3747-scaled.jpg\",\"contentUrl\":\"https:\\\/\\\/schlammtrocknung.com\\\/wp-content\\\/uploads\\\/2023\\\/05\\\/DSC_3747-scaled.jpg\",\"width\":2560,\"height\":1436},{\"@type\":\"BreadcrumbList\",\"@id\":\"https:\\\/\\\/schlammtrocknung.com\\\/es\\\/eliminacion-de-lodos\\\/#breadcrumb\",\"itemListElement\":[{\"@type\":\"ListItem\",\"position\":1,\"name\":\"Startseite\",\"item\":\"https:\\\/\\\/schlammtrocknung.com\\\/es\\\/pagina-de-inicio-2\\\/\"},{\"@type\":\"ListItem\",\"position\":2,\"name\":\"Eliminaci\u00f3n de lodos\"}]},{\"@type\":\"WebSite\",\"@id\":\"https:\\\/\\\/schlammtrocknung.com\\\/#website\",\"url\":\"https:\\\/\\\/schlammtrocknung.com\\\/\",\"name\":\"Schlammtrocknung | SDS - Schlammtrocknung\",\"description\":\"Schlamm- L\u00f6sungen f\u00fcr Kl\u00e4rwerke, Industrie und Umwelt\",\"publisher\":{\"@id\":\"https:\\\/\\\/schlammtrocknung.com\\\/#organization\"},\"potentialAction\":[{\"@type\":\"SearchAction\",\"target\":{\"@type\":\"EntryPoint\",\"urlTemplate\":\"https:\\\/\\\/schlammtrocknung.com\\\/?s={search_term_string}\"},\"query-input\":{\"@type\":\"PropertyValueSpecification\",\"valueRequired\":true,\"valueName\":\"search_term_string\"}}],\"inLanguage\":\"es\"},{\"@type\":\"Organization\",\"@id\":\"https:\\\/\\\/schlammtrocknung.com\\\/#organization\",\"name\":\"Schlammtrocknung | SDS - Schlammtrocknung\",\"url\":\"https:\\\/\\\/schlammtrocknung.com\\\/\",\"logo\":{\"@type\":\"ImageObject\",\"inLanguage\":\"es\",\"@id\":\"https:\\\/\\\/schlammtrocknung.com\\\/#\\\/schema\\\/logo\\\/image\\\/\",\"url\":\"https:\\\/\\\/schlammtrocknung.com\\\/wp-content\\\/uploads\\\/2023\\\/02\\\/logo_sds-1.png\",\"contentUrl\":\"https:\\\/\\\/schlammtrocknung.com\\\/wp-content\\\/uploads\\\/2023\\\/02\\\/logo_sds-1.png\",\"width\":697,\"height\":187,\"caption\":\"Schlammtrocknung | SDS - Schlammtrocknung\"},\"image\":{\"@id\":\"https:\\\/\\\/schlammtrocknung.com\\\/#\\\/schema\\\/logo\\\/image\\\/\"}}]}<\/script>\n<!-- \/ Yoast SEO plugin. -->","yoast_head_json":{"title":"Eliminaci\u00f3n de lodos | michel SLUDGE-DRYING-SYSTEMS","description":"Descubre las avanzadas tecnolog\u00edas de michel SLUDGE-DRYING-SYSTEMS para eliminar los lodos de forma respetuosa con el medio ambiente, \u00a1directamente in situ!","robots":{"index":"index","follow":"follow","max-snippet":"max-snippet:-1","max-image-preview":"max-image-preview:large","max-video-preview":"max-video-preview:-1"},"canonical":"https:\/\/schlammtrocknung.com\/es\/eliminacion-de-lodos\/","og_locale":"es_ES","og_type":"article","og_title":"Eliminaci\u00f3n de lodos | michel SLUDGE-DRYING-SYSTEMS","og_description":"Descubre las avanzadas tecnolog\u00edas de michel SLUDGE-DRYING-SYSTEMS para eliminar los lodos de forma respetuosa con el medio ambiente, \u00a1directamente in situ!","og_url":"https:\/\/schlammtrocknung.com\/es\/eliminacion-de-lodos\/","og_site_name":"Schlammtrocknung \u2013 michel SLUDGE DRYING SYSTEM","article_modified_time":"2025-05-09T08:46:32+00:00","og_image":[{"width":2560,"height":1436,"url":"https:\/\/schlammtrocknung.com\/wp-content\/uploads\/2023\/05\/DSC_3747-scaled.jpg","type":"image\/jpeg"}],"twitter_card":"summary_large_image","twitter_misc":{"Tiempo de lectura":"6 minutos"},"schema":{"@context":"https:\/\/schema.org","@graph":[{"@type":"WebPage","@id":"https:\/\/schlammtrocknung.com\/es\/eliminacion-de-lodos\/","url":"https:\/\/schlammtrocknung.com\/es\/eliminacion-de-lodos\/","name":"Eliminaci\u00f3n de lodos | michel SLUDGE-DRYING-SYSTEMS","isPartOf":{"@id":"https:\/\/schlammtrocknung.com\/#website"},"primaryImageOfPage":{"@id":"https:\/\/schlammtrocknung.com\/es\/eliminacion-de-lodos\/#primaryimage"},"image":{"@id":"https:\/\/schlammtrocknung.com\/es\/eliminacion-de-lodos\/#primaryimage"},"thumbnailUrl":"https:\/\/schlammtrocknung.com\/wp-content\/uploads\/2023\/05\/DSC_3747-scaled.jpg","datePublished":"2024-08-14T08:42:06+00:00","dateModified":"2025-05-09T08:46:32+00:00","description":"Descubre las avanzadas tecnolog\u00edas de michel SLUDGE-DRYING-SYSTEMS para eliminar los lodos de forma respetuosa con el medio ambiente, \u00a1directamente in situ!","breadcrumb":{"@id":"https:\/\/schlammtrocknung.com\/es\/eliminacion-de-lodos\/#breadcrumb"},"inLanguage":"es","potentialAction":[{"@type":"ReadAction","target":["https:\/\/schlammtrocknung.com\/es\/eliminacion-de-lodos\/"]}]},{"@type":"ImageObject","inLanguage":"es","@id":"https:\/\/schlammtrocknung.com\/es\/eliminacion-de-lodos\/#primaryimage","url":"https:\/\/schlammtrocknung.com\/wp-content\/uploads\/2023\/05\/DSC_3747-scaled.jpg","contentUrl":"https:\/\/schlammtrocknung.com\/wp-content\/uploads\/2023\/05\/DSC_3747-scaled.jpg","width":2560,"height":1436},{"@type":"BreadcrumbList","@id":"https:\/\/schlammtrocknung.com\/es\/eliminacion-de-lodos\/#breadcrumb","itemListElement":[{"@type":"ListItem","position":1,"name":"Startseite","item":"https:\/\/schlammtrocknung.com\/es\/pagina-de-inicio-2\/"},{"@type":"ListItem","position":2,"name":"Eliminaci\u00f3n de lodos"}]},{"@type":"WebSite","@id":"https:\/\/schlammtrocknung.com\/#website","url":"https:\/\/schlammtrocknung.com\/","name":"Schlammtrocknung | SDS - Schlammtrocknung","description":"Schlamm- L\u00f6sungen f\u00fcr Kl\u00e4rwerke, Industrie und Umwelt","publisher":{"@id":"https:\/\/schlammtrocknung.com\/#organization"},"potentialAction":[{"@type":"SearchAction","target":{"@type":"EntryPoint","urlTemplate":"https:\/\/schlammtrocknung.com\/?s={search_term_string}"},"query-input":{"@type":"PropertyValueSpecification","valueRequired":true,"valueName":"search_term_string"}}],"inLanguage":"es"},{"@type":"Organization","@id":"https:\/\/schlammtrocknung.com\/#organization","name":"Schlammtrocknung | SDS - Schlammtrocknung","url":"https:\/\/schlammtrocknung.com\/","logo":{"@type":"ImageObject","inLanguage":"es","@id":"https:\/\/schlammtrocknung.com\/#\/schema\/logo\/image\/","url":"https:\/\/schlammtrocknung.com\/wp-content\/uploads\/2023\/02\/logo_sds-1.png","contentUrl":"https:\/\/schlammtrocknung.com\/wp-content\/uploads\/2023\/02\/logo_sds-1.png","width":697,"height":187,"caption":"Schlammtrocknung | SDS - Schlammtrocknung"},"image":{"@id":"https:\/\/schlammtrocknung.com\/#\/schema\/logo\/image\/"}}]}},"_links":{"self":[{"href":"https:\/\/schlammtrocknung.com\/es\/wp-json\/wp\/v2\/pages\/2457","targetHints":{"allow":["GET"]}}],"collection":[{"href":"https:\/\/schlammtrocknung.com\/es\/wp-json\/wp\/v2\/pages"}],"about":[{"href":"https:\/\/schlammtrocknung.com\/es\/wp-json\/wp\/v2\/types\/page"}],"author":[{"embeddable":true,"href":"https:\/\/schlammtrocknung.com\/es\/wp-json\/wp\/v2\/users\/1"}],"replies":[{"embeddable":true,"href":"https:\/\/schlammtrocknung.com\/es\/wp-json\/wp\/v2\/comments?post=2457"}],"version-history":[{"count":2,"href":"https:\/\/schlammtrocknung.com\/es\/wp-json\/wp\/v2\/pages\/2457\/revisions"}],"predecessor-version":[{"id":2460,"href":"https:\/\/schlammtrocknung.com\/es\/wp-json\/wp\/v2\/pages\/2457\/revisions\/2460"}],"wp:featuredmedia":[{"embeddable":true,"href":"https:\/\/schlammtrocknung.com\/es\/wp-json\/wp\/v2\/media\/1376"}],"wp:attachment":[{"href":"https:\/\/schlammtrocknung.com\/es\/wp-json\/wp\/v2\/media?parent=2457"}],"curies":[{"name":"wp","href":"https:\/\/api.w.org\/{rel}","templated":true}]}}