{"id":2458,"date":"2024-08-30T11:00:11","date_gmt":"2024-08-30T09:00:11","guid":{"rendered":"https:\/\/schlammtrocknung.com\/aprovechamiento-de-lodos\/"},"modified":"2025-05-09T10:46:33","modified_gmt":"2025-05-09T08:46:33","slug":"aprovechamiento-de-lodos","status":"publish","type":"page","link":"https:\/\/schlammtrocknung.com\/es\/aprovechamiento-de-lodos\/","title":{"rendered":"Aprovechamiento de lodos"},"content":{"rendered":"<div class=\"wpb-content-wrapper\"><p>[vc_row][vc_column][vc_custom_heading text=\u00bbCon aprovechamiento de lodos a material reciclable\u00bb font_container=\u00bbtag:h1|text_align:center|color:%23728d2a\u00bb use_theme_fonts=\u00bbyes\u00bb][vc_column_text]<\/p>\n<p style=\"text-align: center;\"><span style=\"font-weight: 400;\">Una eficaz <\/span><b>aprovechamiento de lodos<\/b><span style=\"font-weight: 400;\">  ofrece un gran potencial para una gesti\u00f3n sostenible de los residuos que no s\u00f3lo proteja el medio ambiente, sino que tambi\u00e9n recupere recursos valiosos. Los sistemas avanzados de   <\/span><b>michel SISTEMAS DE SECADO DE LODOS<\/b><span style=\"font-weight: 400;\">  constituyen la base de unos m\u00e9todos de aprovechamiento eficaces. Preparan los lodos para su posterior utilizaci\u00f3n. <\/span><\/p>\n<p style=\"text-align: center;\"><a href=\"https:\/\/schlammtrocknung.com\/es\/contacta-con-nosotros\/\">\u00a1Descubre ahora los sistemas!<\/a><\/p>\n<p>[\/vc_column_text][\/vc_column][\/vc_row][vc_row][vc_column][vc_custom_heading text=\u00bbDel combustible a la construcci\u00f3n: el potencial de utilizaci\u00f3n de los lodos\u00bb font_container=\u00bbtag:h2|text_align:left|color:%23728d2a\u00bb use_theme_fonts=\u00bbyes\u00bb][\/vc_column][\/vc_row][vc_row][vc_column width=\u00bb1\/2&#8243;][vc_column_text]<b>Lodos<\/b><span style=\"font-weight: 400;\">que se acumulan como residuos de consumo o industriales pueden reciclarse de forma sostenible de diversas maneras. <\/span> <\/p>\n<p><span style=\"font-weight: 400;\">Mediante un procesamiento posterior, los lodos secos pueden convertirse en un combustible s\u00f3lido que puede utilizarse en centrales el\u00e9ctricas para generar energ\u00eda. <\/span><b>generaci\u00f3n de energ\u00eda<\/b><span style=\"font-weight: 400;\">  se utiliza. En algunos casos, los lodos secos tambi\u00e9n pueden utilizarse como aditivo en la   <\/span><b>industria de la construcci\u00f3n<\/b><span style=\"font-weight: 400;\"> puede utilizarse para la producci\u00f3n de ladrillos u otros materiales de construcci\u00f3n mejorando determinadas propiedades, como el aislamiento.<\/span>[\/vc_column_text][\/vc_column][vc_column width=\u00bb1\/2&#8243;][vc_single_image image=\u00bb1164&#8243; img_size=\u00bbfull\u00bb][\/vc_column][\/vc_row][vc_row][vc_column][vc_custom_heading text=\u00bbUtilizaci\u00f3n de los lodos: una importante contribuci\u00f3n a la econom\u00eda circular\u00bb font_container=\u00bbtag:h2|text_align:center|color:%23728d2a\u00bb use_theme_fonts=\u00bbyes\u00bb][vc_column_text]<span style=\"font-weight: 400;\">Como <\/span><b>recurso natural<\/b><span style=\"font-weight: 400;\">  Los lodos procesados pueden ser un componente valioso de una econom\u00eda circular respetuosa con el medio ambiente. Mediante una   <\/span><b>Aprovechamiento de lodos<\/b><span style=\"font-weight: 400;\"> Los residuos potencialmente nocivos se convierten en productos \u00fatiles, lo que reduce significativamente el impacto medioambiental. <\/span><span style=\"font-weight: 400;\">Una utilizaci\u00f3n adecuada de los lodos ofrece muchas <\/span><b>ventajas<\/b><span style=\"font-weight: 400;\">:<\/span><\/p>\n<ul>\n<li style=\"font-weight: 400;\" aria-level=\"1\"><span style=\"font-weight: 400;\">Reducir los costes de eliminaci\u00f3n de residuos procesando los lodos in situ en lugar de transportarlos<\/span><\/li>\n<li style=\"font-weight: 400;\" aria-level=\"1\"><span style=\"font-weight: 400;\">Recuperaci\u00f3n de recursos de los lodos<\/span><\/li>\n<li style=\"font-weight: 400;\" aria-level=\"1\"><span style=\"font-weight: 400;\">Conservaci\u00f3n de los recursos naturales  <\/span><\/li>\n<li style=\"font-weight: 400;\" aria-level=\"1\"><span style=\"font-weight: 400;\">Reducir la dependencia de los combustibles f\u00f3siles<\/span><\/li>\n<\/ul>\n<p>[\/vc_column_text][\/vc_column][\/vc_row][vc_row][vc_column][vc_empty_space][vc_custom_heading text=\u00bbSecado eficaz de los lodos como base para su aprovechamiento\u00bb font_container=\u00bbtag:h2|text_align:center|color:%23728d2a\u00bb use_theme_fonts=\u00bbyes\u00bb][vc_column_text]<b>michel SISTEMAS DE SECADO DE LODOS<\/b><span style=\"font-weight: 400;\">  utiliza tecnolog\u00edas avanzadas de secado de lodos que convierten de forma eficaz y respetuosa con el medio ambiente lodos de todo tipo en un estado utilizable. Nuestras plantas utilizan un   <\/span><b>Combinaci\u00f3n de secado por contacto y convecci\u00f3n<\/b><span style=\"font-weight: 400;\">que garantiza un <\/span><a href=\"http:\/\/www.schlammtrocknung.com\/glossar\/trocknung\"><span style=\"font-weight: 400;\">secado<\/span><\/a><span style=\"font-weight: 400;\"> con un consumo m\u00ednimo de energ\u00eda. <\/span> <\/p>\n<p><span style=\"font-weight: 400;\">Los sistemas est\u00e1n dise\u00f1ados de tal forma que pueden adaptarse a diferentes tipos de lodos, desde los lodos de depuradora municipales <\/span><a href=\"http:\/\/schlammtrocknung.com\/leistungen\/klaerschlammtrocknung\"><span style=\"font-weight: 400;\">municipales<\/span><\/a><span style=\"font-weight: 400;\">  hasta los lodos industriales. El uso de tecnolog\u00edas de baja temperatura reduce los requisitos energ\u00e9ticos al tiempo que consigue un alto rendimiento de secado. Esta optimizaci\u00f3n del proceso reduce los costes de funcionamiento y favorece una producci\u00f3n sostenible.    <\/span><b>Econom\u00eda circular<\/b><span style=\"font-weight: 400;\">.<\/span><\/p>\n<p><span style=\"font-weight: 400;\">Descubre el potencial de <\/span><b>aprovechamiento de lodos<\/b><span style=\"font-weight: 400;\"> con los sistemas <\/span><b>sistemas de michel SLUDGE-DRYING-SYSTEMS<\/b><span style=\"font-weight: 400;\">integrando en tu maquinaria el proceso de secado de lodos, que ahorra costes y es sostenible. Ponte en contacto con nuestro equipo para recibir una oferta personalizada para tu   <\/span><a href=\"https:\/\/schlammtrocknung.com\/produkte\/\"><span style=\"font-weight: 400;\">planta de secado de lodos<\/span><\/a><span style=\"font-weight: 400;\"> para recibir.<\/span>[\/vc_column_text][\/vc_column][\/vc_row][vc_row][vc_column][vc_cta h2=\u00bb\u00bb txt_align=\u00bbcenter\u00bb add_button=\u00bbbottom\u00bb btn_title=\u00bb\u00a1Ponte en contacto ahora!\u00bb btn_color=\u00bbgreen\u00bb btn_size=\u00bblg\u00bb btn_align=\u00bbcenter\u00bb btn_link=\u00bburl:https%3A%2F%2Fschlammtrocknung.com%2Fes%2Fcontacta-con-nosotros%2F|title:Contacta%20con%20nosotros|\u00bb][\/vc_cta][\/vc_column][\/vc_row][vc_row][vc_column][vc_empty_space height=\u00bb100px\u00bb][\/vc_column][\/vc_row][vc_row][vc_column][vc_column_text]<\/p>\n<h2><b>FAQ &#8211; preguntas frecuentes sobre <\/b><b>utilizaci\u00f3n de lodos<\/b><\/h2>\n<p>[\/vc_column_text][vc_toggle title=\u00bb\u00bfCu\u00e1les son las principales ventajas de la utilizaci\u00f3n de lodos?\u00bb]<span style=\"font-weight: 400;\">La utilizaci\u00f3n sostenible de los lodos reduce la contaminaci\u00f3n ambiental, disminuye los costes de eliminaci\u00f3n y apoya la econom\u00eda circular convirtiendo los lodos en energ\u00eda o materiales de construcci\u00f3n.<\/span>[\/vc_toggle][vc_toggle title=\u00bb\u00bfEn qu\u00e9 \u00e1mbitos pueden utilizarse los lodos desecados?\u00bb]<span style=\"font-weight: 400;\">Adem\u00e1s de utilizarse como fertilizante y combustible, los lodos secos pueden emplearse en la producci\u00f3n de materiales de construcci\u00f3n y sirven para recultivar y estabilizar zonas degradadas. De este modo, la utilizaci\u00f3n de lodos contribuye a la reactivaci\u00f3n de los ecosistemas. <\/span>[\/vc_toggle][vc_toggle title=\u00bb\u00bfC\u00f3mo contribuye el secado de lodos a su utilizaci\u00f3n sostenible?\u00bb]<span style=\"font-weight: 400;\">Los SISTEMAS DE SECADO DE LODOS michel optimizan el proceso de secado mediante un secado avanzado por contacto y convecci\u00f3n, que utiliza la energ\u00eda de forma eficiente y permite un alto rendimiento de secado para distintos tipos de lodos, haciendo que \u00e9stos sean m\u00e1s aprovechables.<\/span>[\/vc_toggle][vc_empty_space height=\u00bb100px\u00bb][\/vc_column][\/vc_row]<\/p>\n<\/div>","protected":false},"excerpt":{"rendered":"<p>[vc_row][vc_column][vc_custom_heading text=\u00bbCon aprovechamiento de lodos a material reciclable\u00bb font_container=\u00bbtag:h1|text_align:center|color:%23728d2a\u00bb use_theme_fonts=\u00bbyes\u00bb][vc_column_text] Una eficaz aprovechamiento de lodos ofrece un gran potencial para una gesti\u00f3n sostenible de los residuos que no s\u00f3lo proteja el medio ambiente, sino que tambi\u00e9n recupere recursos valiosos. Los sistemas avanzados de michel SISTEMAS DE SECADO DE LODOS constituyen la base de unos m\u00e9todos&hellip;<\/p>\n","protected":false},"author":1,"featured_media":1376,"parent":0,"menu_order":0,"comment_status":"closed","ping_status":"closed","template":"","meta":{"footnotes":""},"class_list":["post-2458","page","type-page","status-publish","has-post-thumbnail","hentry","description-off"],"yoast_head":"<!-- This site is optimized with the Yoast SEO plugin v27.3 - https:\/\/yoast.com\/product\/yoast-seo-wordpress\/ -->\n<title>Aprovechamiento de lodos | Secado de lodos Michel<\/title>\n<meta name=\"description\" content=\"Descubre el potencial de la utilizaci\u00f3n de los lodos para una gesti\u00f3n sostenible de los residuos.\" \/>\n<meta name=\"robots\" content=\"index, follow, max-snippet:-1, max-image-preview:large, max-video-preview:-1\" \/>\n<link rel=\"canonical\" href=\"https:\/\/schlammtrocknung.com\/es\/aprovechamiento-de-lodos\/\" \/>\n<meta property=\"og:locale\" content=\"es_ES\" \/>\n<meta property=\"og:type\" content=\"article\" \/>\n<meta property=\"og:title\" content=\"Aprovechamiento de lodos | Secado de lodos Michel\" \/>\n<meta property=\"og:description\" content=\"Descubre el potencial de la utilizaci\u00f3n de los lodos para una gesti\u00f3n sostenible de los residuos.\" \/>\n<meta property=\"og:url\" content=\"https:\/\/schlammtrocknung.com\/es\/aprovechamiento-de-lodos\/\" \/>\n<meta property=\"og:site_name\" content=\"Schlammtrocknung \u2013 michel SLUDGE DRYING SYSTEM\" \/>\n<meta property=\"article:modified_time\" content=\"2025-05-09T08:46:33+00:00\" \/>\n<meta property=\"og:image\" content=\"https:\/\/schlammtrocknung.com\/wp-content\/uploads\/2023\/05\/DSC_3747-scaled.jpg\" \/>\n\t<meta property=\"og:image:width\" content=\"2560\" \/>\n\t<meta property=\"og:image:height\" content=\"1436\" \/>\n\t<meta property=\"og:image:type\" content=\"image\/jpeg\" \/>\n<meta name=\"twitter:card\" content=\"summary_large_image\" \/>\n<meta name=\"twitter:label1\" content=\"Tiempo de lectura\" \/>\n\t<meta name=\"twitter:data1\" content=\"4 minutos\" \/>\n<script type=\"application\/ld+json\" class=\"yoast-schema-graph\">{\"@context\":\"https:\\\/\\\/schema.org\",\"@graph\":[{\"@type\":\"WebPage\",\"@id\":\"https:\\\/\\\/schlammtrocknung.com\\\/es\\\/aprovechamiento-de-lodos\\\/\",\"url\":\"https:\\\/\\\/schlammtrocknung.com\\\/es\\\/aprovechamiento-de-lodos\\\/\",\"name\":\"Aprovechamiento de lodos | Secado de lodos Michel\",\"isPartOf\":{\"@id\":\"https:\\\/\\\/schlammtrocknung.com\\\/#website\"},\"primaryImageOfPage\":{\"@id\":\"https:\\\/\\\/schlammtrocknung.com\\\/es\\\/aprovechamiento-de-lodos\\\/#primaryimage\"},\"image\":{\"@id\":\"https:\\\/\\\/schlammtrocknung.com\\\/es\\\/aprovechamiento-de-lodos\\\/#primaryimage\"},\"thumbnailUrl\":\"https:\\\/\\\/schlammtrocknung.com\\\/wp-content\\\/uploads\\\/2023\\\/05\\\/DSC_3747-scaled.jpg\",\"datePublished\":\"2024-08-30T09:00:11+00:00\",\"dateModified\":\"2025-05-09T08:46:33+00:00\",\"description\":\"Descubre el potencial de la utilizaci\u00f3n de los lodos para una gesti\u00f3n sostenible de los residuos.\",\"breadcrumb\":{\"@id\":\"https:\\\/\\\/schlammtrocknung.com\\\/es\\\/aprovechamiento-de-lodos\\\/#breadcrumb\"},\"inLanguage\":\"es\",\"potentialAction\":[{\"@type\":\"ReadAction\",\"target\":[\"https:\\\/\\\/schlammtrocknung.com\\\/es\\\/aprovechamiento-de-lodos\\\/\"]}]},{\"@type\":\"ImageObject\",\"inLanguage\":\"es\",\"@id\":\"https:\\\/\\\/schlammtrocknung.com\\\/es\\\/aprovechamiento-de-lodos\\\/#primaryimage\",\"url\":\"https:\\\/\\\/schlammtrocknung.com\\\/wp-content\\\/uploads\\\/2023\\\/05\\\/DSC_3747-scaled.jpg\",\"contentUrl\":\"https:\\\/\\\/schlammtrocknung.com\\\/wp-content\\\/uploads\\\/2023\\\/05\\\/DSC_3747-scaled.jpg\",\"width\":2560,\"height\":1436},{\"@type\":\"BreadcrumbList\",\"@id\":\"https:\\\/\\\/schlammtrocknung.com\\\/es\\\/aprovechamiento-de-lodos\\\/#breadcrumb\",\"itemListElement\":[{\"@type\":\"ListItem\",\"position\":1,\"name\":\"Startseite\",\"item\":\"https:\\\/\\\/schlammtrocknung.com\\\/es\\\/pagina-de-inicio-2\\\/\"},{\"@type\":\"ListItem\",\"position\":2,\"name\":\"Aprovechamiento de lodos\"}]},{\"@type\":\"WebSite\",\"@id\":\"https:\\\/\\\/schlammtrocknung.com\\\/#website\",\"url\":\"https:\\\/\\\/schlammtrocknung.com\\\/\",\"name\":\"Schlammtrocknung | SDS - Schlammtrocknung\",\"description\":\"Schlamm- L\u00f6sungen f\u00fcr Kl\u00e4rwerke, Industrie und Umwelt\",\"publisher\":{\"@id\":\"https:\\\/\\\/schlammtrocknung.com\\\/#organization\"},\"potentialAction\":[{\"@type\":\"SearchAction\",\"target\":{\"@type\":\"EntryPoint\",\"urlTemplate\":\"https:\\\/\\\/schlammtrocknung.com\\\/?s={search_term_string}\"},\"query-input\":{\"@type\":\"PropertyValueSpecification\",\"valueRequired\":true,\"valueName\":\"search_term_string\"}}],\"inLanguage\":\"es\"},{\"@type\":\"Organization\",\"@id\":\"https:\\\/\\\/schlammtrocknung.com\\\/#organization\",\"name\":\"Schlammtrocknung | SDS - Schlammtrocknung\",\"url\":\"https:\\\/\\\/schlammtrocknung.com\\\/\",\"logo\":{\"@type\":\"ImageObject\",\"inLanguage\":\"es\",\"@id\":\"https:\\\/\\\/schlammtrocknung.com\\\/#\\\/schema\\\/logo\\\/image\\\/\",\"url\":\"https:\\\/\\\/schlammtrocknung.com\\\/wp-content\\\/uploads\\\/2023\\\/02\\\/logo_sds-1.png\",\"contentUrl\":\"https:\\\/\\\/schlammtrocknung.com\\\/wp-content\\\/uploads\\\/2023\\\/02\\\/logo_sds-1.png\",\"width\":697,\"height\":187,\"caption\":\"Schlammtrocknung | SDS - Schlammtrocknung\"},\"image\":{\"@id\":\"https:\\\/\\\/schlammtrocknung.com\\\/#\\\/schema\\\/logo\\\/image\\\/\"}}]}<\/script>\n<!-- \/ Yoast SEO plugin. -->","yoast_head_json":{"title":"Aprovechamiento de lodos | Secado de lodos Michel","description":"Descubre el potencial de la utilizaci\u00f3n de los lodos para una gesti\u00f3n sostenible de los residuos.","robots":{"index":"index","follow":"follow","max-snippet":"max-snippet:-1","max-image-preview":"max-image-preview:large","max-video-preview":"max-video-preview:-1"},"canonical":"https:\/\/schlammtrocknung.com\/es\/aprovechamiento-de-lodos\/","og_locale":"es_ES","og_type":"article","og_title":"Aprovechamiento de lodos | Secado de lodos Michel","og_description":"Descubre el potencial de la utilizaci\u00f3n de los lodos para una gesti\u00f3n sostenible de los residuos.","og_url":"https:\/\/schlammtrocknung.com\/es\/aprovechamiento-de-lodos\/","og_site_name":"Schlammtrocknung \u2013 michel SLUDGE DRYING SYSTEM","article_modified_time":"2025-05-09T08:46:33+00:00","og_image":[{"width":2560,"height":1436,"url":"https:\/\/schlammtrocknung.com\/wp-content\/uploads\/2023\/05\/DSC_3747-scaled.jpg","type":"image\/jpeg"}],"twitter_card":"summary_large_image","twitter_misc":{"Tiempo de lectura":"4 minutos"},"schema":{"@context":"https:\/\/schema.org","@graph":[{"@type":"WebPage","@id":"https:\/\/schlammtrocknung.com\/es\/aprovechamiento-de-lodos\/","url":"https:\/\/schlammtrocknung.com\/es\/aprovechamiento-de-lodos\/","name":"Aprovechamiento de lodos | Secado de lodos Michel","isPartOf":{"@id":"https:\/\/schlammtrocknung.com\/#website"},"primaryImageOfPage":{"@id":"https:\/\/schlammtrocknung.com\/es\/aprovechamiento-de-lodos\/#primaryimage"},"image":{"@id":"https:\/\/schlammtrocknung.com\/es\/aprovechamiento-de-lodos\/#primaryimage"},"thumbnailUrl":"https:\/\/schlammtrocknung.com\/wp-content\/uploads\/2023\/05\/DSC_3747-scaled.jpg","datePublished":"2024-08-30T09:00:11+00:00","dateModified":"2025-05-09T08:46:33+00:00","description":"Descubre el potencial de la utilizaci\u00f3n de los lodos para una gesti\u00f3n sostenible de los residuos.","breadcrumb":{"@id":"https:\/\/schlammtrocknung.com\/es\/aprovechamiento-de-lodos\/#breadcrumb"},"inLanguage":"es","potentialAction":[{"@type":"ReadAction","target":["https:\/\/schlammtrocknung.com\/es\/aprovechamiento-de-lodos\/"]}]},{"@type":"ImageObject","inLanguage":"es","@id":"https:\/\/schlammtrocknung.com\/es\/aprovechamiento-de-lodos\/#primaryimage","url":"https:\/\/schlammtrocknung.com\/wp-content\/uploads\/2023\/05\/DSC_3747-scaled.jpg","contentUrl":"https:\/\/schlammtrocknung.com\/wp-content\/uploads\/2023\/05\/DSC_3747-scaled.jpg","width":2560,"height":1436},{"@type":"BreadcrumbList","@id":"https:\/\/schlammtrocknung.com\/es\/aprovechamiento-de-lodos\/#breadcrumb","itemListElement":[{"@type":"ListItem","position":1,"name":"Startseite","item":"https:\/\/schlammtrocknung.com\/es\/pagina-de-inicio-2\/"},{"@type":"ListItem","position":2,"name":"Aprovechamiento de lodos"}]},{"@type":"WebSite","@id":"https:\/\/schlammtrocknung.com\/#website","url":"https:\/\/schlammtrocknung.com\/","name":"Schlammtrocknung | SDS - Schlammtrocknung","description":"Schlamm- L\u00f6sungen f\u00fcr Kl\u00e4rwerke, Industrie und Umwelt","publisher":{"@id":"https:\/\/schlammtrocknung.com\/#organization"},"potentialAction":[{"@type":"SearchAction","target":{"@type":"EntryPoint","urlTemplate":"https:\/\/schlammtrocknung.com\/?s={search_term_string}"},"query-input":{"@type":"PropertyValueSpecification","valueRequired":true,"valueName":"search_term_string"}}],"inLanguage":"es"},{"@type":"Organization","@id":"https:\/\/schlammtrocknung.com\/#organization","name":"Schlammtrocknung | SDS - Schlammtrocknung","url":"https:\/\/schlammtrocknung.com\/","logo":{"@type":"ImageObject","inLanguage":"es","@id":"https:\/\/schlammtrocknung.com\/#\/schema\/logo\/image\/","url":"https:\/\/schlammtrocknung.com\/wp-content\/uploads\/2023\/02\/logo_sds-1.png","contentUrl":"https:\/\/schlammtrocknung.com\/wp-content\/uploads\/2023\/02\/logo_sds-1.png","width":697,"height":187,"caption":"Schlammtrocknung | SDS - Schlammtrocknung"},"image":{"@id":"https:\/\/schlammtrocknung.com\/#\/schema\/logo\/image\/"}}]}},"_links":{"self":[{"href":"https:\/\/schlammtrocknung.com\/es\/wp-json\/wp\/v2\/pages\/2458","targetHints":{"allow":["GET"]}}],"collection":[{"href":"https:\/\/schlammtrocknung.com\/es\/wp-json\/wp\/v2\/pages"}],"about":[{"href":"https:\/\/schlammtrocknung.com\/es\/wp-json\/wp\/v2\/types\/page"}],"author":[{"embeddable":true,"href":"https:\/\/schlammtrocknung.com\/es\/wp-json\/wp\/v2\/users\/1"}],"replies":[{"embeddable":true,"href":"https:\/\/schlammtrocknung.com\/es\/wp-json\/wp\/v2\/comments?post=2458"}],"version-history":[{"count":1,"href":"https:\/\/schlammtrocknung.com\/es\/wp-json\/wp\/v2\/pages\/2458\/revisions"}],"predecessor-version":[{"id":2461,"href":"https:\/\/schlammtrocknung.com\/es\/wp-json\/wp\/v2\/pages\/2458\/revisions\/2461"}],"wp:featuredmedia":[{"embeddable":true,"href":"https:\/\/schlammtrocknung.com\/es\/wp-json\/wp\/v2\/media\/1376"}],"wp:attachment":[{"href":"https:\/\/schlammtrocknung.com\/es\/wp-json\/wp\/v2\/media?parent=2458"}],"curies":[{"name":"wp","href":"https:\/\/api.w.org\/{rel}","templated":true}]}}