{"id":2263,"date":"2025-02-24T17:25:02","date_gmt":"2025-02-24T16:25:02","guid":{"rendered":"https:\/\/schlammtrocknung.com\/installation-de-sechage-des-boues\/"},"modified":"2025-05-09T10:43:04","modified_gmt":"2025-05-09T08:43:04","slug":"installation-de-sechage-des-boues","status":"publish","type":"page","link":"https:\/\/schlammtrocknung.com\/fr\/installation-de-sechage-des-boues\/","title":{"rendered":"Installation de s\u00e9chage des boues"},"content":{"rendered":"<div class=\"wpb-content-wrapper\"><p>[vc_row content_placement=\u00a0\u00bbtop\u00a0\u00bb][vc_column][vc_column_text]<\/p>\n<h1 style=\"text-align: center;\"><span style=\"color: #728d2a;\">Une technologie efficace : une installation de s\u00e9chage des boues<br \/><\/span><\/h1>\n<p>[\/vc_column_text][vc_column_text]<\/p>\n<p style=\"text-align: center;\"><span style=\"font-weight: 400;\">Les <\/span><b>installations de s\u00e9chage de michel SLUDGE-DRYING-SYSTEMS<\/b><span style=\"font-weight: 400;\">  repr\u00e9sentent un progr\u00e8s d\u00e9cisif dans le recyclage \u00e9cologique des d\u00e9chets. Gr\u00e2ce \u00e0 l&rsquo;utilisation de technologies modernes   <\/span><b>S\u00e9choirs \u00e0 basse temp\u00e9rature<\/b><span style=\"font-weight: 400;\"> nos installations permettent un traitement efficace et peu gourmand en \u00e9nergie. <\/span><b>S\u00e9chage des boues<\/b><span style=\"font-weight: 400;\">Nous avons mis au point une technologie qui red\u00e9finit les normes industrielles.<\/span><\/p>\n<p style=\"text-align: center;\"><span style=\"font-weight: 400;\">Qu&rsquo;il s&rsquo;agisse de <\/span><a href=\"https:\/\/schlammtrocknung.com\/leistungen\/klaerschlammtrocknung\/\"><span style=\"font-weight: 400;\">boues d&rsquo;\u00e9puration<\/span><\/a><span style=\"font-weight: 400;\">, <\/span><a href=\"https:\/\/schlammtrocknung.com\/leistungen\/bioschlammtrocknung\/\"><span style=\"font-weight: 400;\">boues biologiques<\/span><\/a><span style=\"font-weight: 400;\"> ou boues industrielles &#8211; nos<\/span><b> installations de s\u00e9chage industriel<\/b><span style=\"font-weight: 400;\"> assurent un traitement professionnel des <\/span><b>S\u00e9chage des boues directement sur site<\/b><span style=\"font-weight: 400;\">. D\u00e9couvrez l&rsquo;offre de michel SLUDGE-DRYING-SYSTEMS pour acheter, louer ou financer des installations de s\u00e9chage efficaces.<\/span><\/p>\n<p>[\/vc_column_text][vc_btn title=\u00a0\u00bbD\u00e9couvrez maintenant les syst\u00e8mes de s\u00e9chage !\u00a0\u00bb style=\u00a0\u00bbcustom\u00a0\u00bb custom_background=\u00a0\u00bb#728d2a\u00a0\u00bb custom_text=\u00a0\u00bb#ffffff\u00a0\u00bb align=\u00a0\u00bbcenter\u00a0\u00bb link=\u00a0\u00bburl:https%3A%2F%2Fschlammtrocknung.com%2Fprodukte%2F|\u00a0\u00bb][vc_empty_space height=\u00a0\u00bb50px\u00a0\u00bb][\/vc_column][\/vc_row][vc_row][vc_column width=\u00a0\u00bb2\/3&Prime;][vc_column_text]<\/p>\n<h3><span style=\"color: #728d2a;\">D\u00e9couvrez les avantages de nos installations de s\u00e9chage en un coup d&rsquo;\u0153il :<br \/><\/span><\/h3>\n<p>[\/vc_column_text][vc_column_text]<\/p>\n<ul>\n<li style=\"font-weight: 400;\" aria-level=\"1\"><span style=\"font-weight: 400;\">S\u00e9chage des boues en douceur et \u00e0 faible consommation d&rsquo;\u00e9nergie gr\u00e2ce au s\u00e9chage \u00e0 basse temp\u00e9rature<\/span><\/li>\n<li style=\"font-weight: 400;\" aria-level=\"1\"><span style=\"font-weight: 400;\">S\u00e9chage simple et \u00e9conomique directement sur le lieu de production des boues<\/span><\/li>\n<li style=\"font-weight: 400;\" aria-level=\"1\"><span style=\"font-weight: 400;\">Installations modulaires de diff\u00e9rentes tailles<\/span><\/li>\n<li style=\"font-weight: 400;\" aria-level=\"1\"><span style=\"font-weight: 400;\">De nombreuses possibilit\u00e9s d&rsquo;utilisation allant de la <\/span><a href=\"https:\/\/schlammtrocknung.com\/schlammentsorgung\/\"><span style=\"font-weight: 400;\">\u00e9limination des boues<\/span><\/a><span style=\"font-weight: 400;\"> jusqu&rsquo;\u00e0 la <\/span><a href=\"https:\/\/schlammtrocknung.com\/news\/phosphor-recycling\/\"><span style=\"font-weight: 400;\">R\u00e9cup\u00e9ration du phosphore<\/span><\/a><\/li>\n<li style=\"font-weight: 400;\" aria-level=\"1\"><span style=\"font-weight: 400;\">Installation facile sans infrastructure sp\u00e9ciale ou travaux de modification<\/span><\/li>\n<\/ul>\n<p>[\/vc_column_text][vc_empty_space height=\u00a0\u00bb70px\u00a0\u00bb][\/vc_column][vc_column width=\u00a0\u00bb1\/3&Prime;][vc_single_image image=\u00a0\u00bb367&Prime; img_size=\u00a0\u00bb400&#215;300&Prime;][\/vc_column][\/vc_row][vc_row][vc_column width=\u00a0\u00bb1\/2&Prime;][vc_single_image image=\u00a0\u00bb368&Prime; img_size=\u00a0\u00bb600&#215;600&Prime;][vc_empty_space height=\u00a0\u00bb70px\u00a0\u00bb][\/vc_column][vc_column width=\u00a0\u00bb1\/2&Prime;][vc_column_text]<\/p>\n<h2><span style=\"color: #728d2a;\">Un maximum de r\u00e9sultats avec un minimum de chaleur<br \/><\/span><\/h2>\n<p><span style=\"font-weight: 400;\">Le site <\/span><a href=\"https:\/\/schlammtrocknung.com\/niedertemperaturtrockner\/\"><span style=\"font-weight: 400;\">s\u00e9choirs \u00e0 basse temp\u00e9rature<\/span><\/a><span style=\"font-weight: 400;\"> de michel SLUDGE-DRYING-SYSTEMS fonctionnent avec des <\/span><b>des temp\u00e9ratures plus basses<\/b><span style=\"font-weight: 400;\">La chaleur est utilis\u00e9e pour s\u00e9cher les boues sans modification chimique ni \u00e9mission de substances nocives. Cette application contr\u00f4l\u00e9e de la chaleur \u00e9vapore efficacement l&rsquo;humidit\u00e9, r\u00e9duisant ainsi la consommation d&rsquo;\u00e9nergie tout en pr\u00e9servant les mat\u00e9riaux.   <\/span><\/p>\n<p><span style=\"font-weight: 400;\">Cette m\u00e9thode minimise la charge thermique du mat\u00e9riau s\u00e9ch\u00e9, ce qui permet non seulement de pr\u00e9server l&rsquo;environnement, mais aussi d&rsquo;am\u00e9liorer la qualit\u00e9. <\/span><b>qualit\u00e9<\/b><span style=\"font-weight: 400;\"> du produit final.<\/span><\/p>\n<p><b>Traitement en douceur et \u00e9conomies d&rsquo;\u00e9nergie consid\u00e9rables<\/b><\/p>\n<p><span style=\"font-weight: 400;\">Gr\u00e2ce \u00e0 l&rsquo;utilisation de <\/span><b>S\u00e9choirs \u00e0 basse temp\u00e9rature<\/b><span style=\"font-weight: 400;\">  dans nos installations de s\u00e9chage nous permet de r\u00e9duire consid\u00e9rablement la consommation d&rsquo;\u00e9nergie. Cette efficacit\u00e9 \u00e9nerg\u00e9tique se traduit non seulement par une baisse des co\u00fbts d&rsquo;exploitation, mais aussi par une r\u00e9duction consid\u00e9rable des \u00e9missions de CO\u2082. De plus, gr\u00e2ce \u00e0 leur technologie innovante, nos syst\u00e8mes \u00e9vitent \u00e9galement les probl\u00e8mes li\u00e9s aux eaux us\u00e9es et autres \u00e9missions.  <\/span>[\/vc_column_text][\/vc_column][\/vc_row][vc_row][vc_column width=\u00a0\u00bb1\/2&Prime;][vc_column_text]<\/p>\n<h2><span style=\"color: #728d2a;\">Des syst\u00e8mes de s\u00e9chage adaptables pour des r\u00e9sultats optimaux<br \/><\/span><\/h2>\n<p><span style=\"font-weight: 400;\">Nos <\/span><b>modulaires de s\u00e9chage des boues <\/b><span style=\"font-weight: 400;\">sont disponibles en <\/span><b>diff\u00e9rentes tailles <\/b> <span style=\"font-weight: 400;\">et sont con\u00e7ues pour r\u00e9pondre aux besoins de nos clients. Chaque installation int\u00e8gre des m\u00e9thodes de s\u00e9chage douces qui r\u00e9duisent efficacement la teneur en eau des boues tout en minimisant la consommation d&rsquo;\u00e9nergie.   <\/span><\/p>\n<p><span style=\"font-weight: 400;\">Cela permet un traitement continu et efficace des boues du d\u00e9but \u00e0 la fin, sans avoir besoin de diff\u00e9rentes \u00e9tapes de s\u00e9chage ou de machines s\u00e9par\u00e9es.<\/span><\/p>\n<p><span style=\"font-weight: 400;\">Le site <\/span><b>multiples possibilit\u00e9s d&rsquo;utilisation<\/b><span style=\"font-weight: 400;\">  de nos installations de s\u00e9chage en font une solution id\u00e9ale pour une multitude d&rsquo;applications industrielles. Que ce soit dans les centrales \u00e0 biomasse pour la production d&rsquo;\u00e9nergie, comme engrais dans l&rsquo;agriculture, ou comme agr\u00e9gats dans l&rsquo;industrie de la construction, les installations de s\u00e9chage de michel SLUDGE-DRYING-SYSTEMS conviennent \u00e0 tous les types de boues et peuvent \u00eatre adapt\u00e9es de mani\u00e8re modulaire aux exigences sp\u00e9cifiques. <\/span>[\/vc_column_text][\/vc_column][vc_column width=\u00a0\u00bb1\/2&Prime;][vc_single_image image=\u00a0\u00bb1194&Prime; img_size=\u00a0\u00bb600&#215;600&Prime;][vc_empty_space height=\u00a0\u00bb70px\u00a0\u00bb][\/vc_column][\/vc_row][vc_row][vc_column width=\u00a0\u00bb1\/2&Prime;][vc_single_image image=\u00a0\u00bb375&Prime; img_size=\u00a0\u00bb600&#215;600&Prime;][vc_empty_space height=\u00a0\u00bb70px\u00a0\u00bb][\/vc_column][vc_column width=\u00a0\u00bb1\/2&Prime;][vc_column_text]<\/p>\n<h3><span style=\"color: #728d2a;\">Flexibilit\u00e9 et efficacit\u00e9 sur chaque site<br \/><\/span><\/h3>\n<p><span style=\"font-weight: 400;\">michel SLUDGE-DRYING-SYSTEMS propose des installations de s\u00e9chage de boues d\u00e9centralis\u00e9es, sp\u00e9cialement con\u00e7ues pour <\/span><b>directement sur le lieu de production des boues <\/b> <span style=\"font-weight: 400;\">\u00eatre mis en service. Cette ind\u00e9pendance par rapport \u00e0 des adaptations importantes de l&rsquo;infrastructure fait de nos syst\u00e8mes une solution flexible pour les sites les plus divers.   <\/span><\/p>\n<p><span style=\"font-weight: 400;\">Nos installations s&rsquo;int\u00e8grent parfaitement aux processus op\u00e9rationnels existants, sans n\u00e9cessiter de travaux de construction ou de couverture importants.<\/span><\/p>\n<p><span style=\"font-weight: 400;\">De plus, les installations sont con\u00e7ues pour traiter une large gamme de <\/span><b>types de boues<\/b><span style=\"font-weight: 400;\"> efficacement &#8211; des boues municipales aux boues industrielles sp\u00e9ciales comme le <\/span><a href=\"https:\/\/schlammtrocknung.com\/leistungen\/metallschlammtrocknung\/\"><span style=\"font-weight: 400;\">m\u00e9tal<\/span><\/a><span style=\"font-weight: 400;\"> ou <\/span><a href=\"https:\/\/schlammtrocknung.com\/leistungen\/papierschlammtrocknung\/\"><span style=\"font-weight: 400;\">Boues de papier<\/span><\/a><span style=\"font-weight: 400;\">.<\/span><\/p>\n<p><span style=\"font-weight: 400;\">En outre, nous proposons <\/span><b>des options de financement flexibles<\/b><span style=\"font-weight: 400;\">  qui permettent \u00e0 nos clients d&rsquo;adopter une technologie de s\u00e9chage avanc\u00e9e sans compromettre leur flexibilit\u00e9 financi\u00e8re. Avec ces solutions adaptatives, michel SLUDGE-DRYING-SYSTEMS se positionne comme votre partenaire pour un s\u00e9chage des boues respectueux de l&rsquo;environnement et rentable. <\/span>[\/vc_column_text][\/vc_column][\/vc_row][vc_row][vc_column][vc_cta h2=\u00a0\u00bbInstallations de s\u00e9chage professionnelles de michel SLUDGE-DRYING-SYSTEMS\u00a0\u00bb txt_align=\u00a0\u00bbcenter\u00a0\u00bb add_button=\u00a0\u00bbbottom\u00a0\u00bb btn_title=\u00a0\u00bbContactez-nous !\u00a0\u00bb btn_style=\u00a0\u00bbgradient-custom\u00a0\u00bb btn_gradient_custom_color_1=\u00a0\u00bb#728d2a\u00a0\u00bb btn_gradient_custom_color_2=\u00a0\u00bb#728d2a\u00a0\u00bb btn_align=\u00a0\u00bbcenter\u00a0\u00bb btn_link=\u00a0\u00bburl:https%3A%2F%2Fschlammtrocknung.com%2Fkontakt%2F|title:Contact|\u00a0\u00bb]<\/p>\n<p style=\"text-align: center;\"><span style=\"font-weight: 400;\">Investissez dans les syst\u00e8mes de s\u00e9chage avanc\u00e9s <\/span><b>Installations de s\u00e9chage de michel SLUDGE-DRYING-SYSTEMS<\/b><span style=\"font-weight: 400;\">  et d\u00e9couvrez comment notre technologie peut rendre vos processus de production non seulement plus efficaces, mais aussi plus respectueux de l&rsquo;environnement. Contactez-nous d\u00e8s aujourd&rsquo;hui pour en savoir plus sur nos \u00e9quipements de s\u00e9chage et obtenir un devis. <\/span> <b> devis personnalis\u00e9<\/b><span style=\"font-weight: 400;\"> pour obtenir un devis !<\/span><\/p>\n<p>[\/vc_cta][vc_empty_space height=\u00a0\u00bb50px\u00a0\u00bb][\/vc_column][\/vc_row][vc_row][vc_column][vc_column_text]<\/p>\n<h2 style=\"text-align: center;\"><span style=\"color: #728d2a;\">FAQ &#8211; Questions fr\u00e9quemment pos\u00e9es sur nos installations de s\u00e9chage<\/span><\/h2>\n<p>[\/vc_column_text][\/vc_column][\/vc_row][vc_row][vc_column][vc_toggle title=\u00a0\u00bbDans quels secteurs les installations de s\u00e9chage de michel SLUDGE-DRYING-SYSTEMS peuvent-elles \u00eatre utilis\u00e9es ?\u00a0\u00bb]Nos installations de s\u00e9chage sont polyvalentes. Du s\u00e9chage des boues d&rsquo;\u00e9puration et des boues biologiques au traitement des d\u00e9chets industriels tels que les boues de papier et de m\u00e9tal, elles offrent de larges possibilit\u00e9s d&rsquo;application dans diff\u00e9rents secteurs. Nos clients sont par exemple des stations d&rsquo;\u00e9puration, des municipalit\u00e9s et des entreprises industrielles.[\/vc_toggle][vc_toggle title=\u00a0\u00bbQuels sont les avantages des installations de s\u00e9chage modulaires de michel SLUDGE-DRYING-SYSTEMS ?\u00a0\u00bb]Nos s\u00e9choirs modulaires sont disponibles en diff\u00e9rentes tailles et sont adaptables de mani\u00e8re flexible \u00e0 diff\u00e9rents types de boues, quantit\u00e9s et besoins des clients. Ils offrent \u00e9galement un traitement efficace des boues du d\u00e9but \u00e0 la fin et ne n\u00e9cessitent pas de machines s\u00e9par\u00e9es pour les diff\u00e9rentes \u00e9tapes du s\u00e9chage. Nos installations s\u00e8chent les boues directement sur place, sans avoir besoin d&rsquo;un toit ou d&rsquo;un hangar.[\/vc_toggle][\/vc_column][\/vc_row]<\/p>\n<\/div>","protected":false},"excerpt":{"rendered":"<p>[vc_row content_placement=\u00a0\u00bbtop\u00a0\u00bb][vc_column][vc_column_text] Une technologie efficace : une installation de s\u00e9chage des boues [\/vc_column_text][vc_column_text] Les installations de s\u00e9chage de michel SLUDGE-DRYING-SYSTEMS repr\u00e9sentent un progr\u00e8s d\u00e9cisif dans le recyclage \u00e9cologique des d\u00e9chets. Gr\u00e2ce \u00e0 l&rsquo;utilisation de technologies modernes S\u00e9choirs \u00e0 basse temp\u00e9rature nos installations permettent un traitement efficace et peu gourmand en \u00e9nergie. S\u00e9chage des bouesNous avons&hellip;<\/p>\n","protected":false},"author":1,"featured_media":0,"parent":0,"menu_order":0,"comment_status":"closed","ping_status":"closed","template":"","meta":{"footnotes":""},"class_list":["post-2263","page","type-page","status-publish","hentry","description-off"],"yoast_head":"<!-- This site is optimized with the Yoast SEO plugin v27.4 - https:\/\/yoast.com\/product\/yoast-seo-wordpress\/ -->\n<title>Installation de s\u00e9chage | michel SLUDGE-DRYING-SYSTEMS<\/title>\n<meta name=\"description\" content=\"D\u00e9couvrez les installations de s\u00e9chage avanc\u00e9es pour tous types de boues de michel SLUDGE-DRYING-SYSTEMS.\" \/>\n<meta name=\"robots\" content=\"index, follow, max-snippet:-1, max-image-preview:large, max-video-preview:-1\" \/>\n<link rel=\"canonical\" href=\"https:\/\/schlammtrocknung.com\/fr\/installation-de-sechage-des-boues\/\" \/>\n<meta property=\"og:locale\" content=\"fr_FR\" \/>\n<meta property=\"og:type\" content=\"article\" \/>\n<meta property=\"og:title\" content=\"Installation de s\u00e9chage | michel SLUDGE-DRYING-SYSTEMS\" \/>\n<meta property=\"og:description\" content=\"D\u00e9couvrez les installations de s\u00e9chage avanc\u00e9es pour tous types de boues de michel SLUDGE-DRYING-SYSTEMS.\" \/>\n<meta property=\"og:url\" content=\"https:\/\/schlammtrocknung.com\/fr\/installation-de-sechage-des-boues\/\" \/>\n<meta property=\"og:site_name\" content=\"Schlammtrocknung \u2013 michel SLUDGE DRYING SYSTEM\" \/>\n<meta property=\"article:modified_time\" content=\"2025-05-09T08:43:04+00:00\" \/>\n<meta name=\"twitter:card\" content=\"summary_large_image\" \/>\n<meta name=\"twitter:label1\" content=\"Dur\u00e9e de lecture estim\u00e9e\" \/>\n\t<meta name=\"twitter:data1\" content=\"6 minutes\" \/>\n<script type=\"application\/ld+json\" class=\"yoast-schema-graph\">{\"@context\":\"https:\\\/\\\/schema.org\",\"@graph\":[{\"@type\":\"WebPage\",\"@id\":\"https:\\\/\\\/schlammtrocknung.com\\\/fr\\\/installation-de-sechage-des-boues\\\/\",\"url\":\"https:\\\/\\\/schlammtrocknung.com\\\/fr\\\/installation-de-sechage-des-boues\\\/\",\"name\":\"Installation de s\u00e9chage | michel SLUDGE-DRYING-SYSTEMS\",\"isPartOf\":{\"@id\":\"https:\\\/\\\/schlammtrocknung.com\\\/#website\"},\"datePublished\":\"2025-02-24T16:25:02+00:00\",\"dateModified\":\"2025-05-09T08:43:04+00:00\",\"description\":\"D\u00e9couvrez les installations de s\u00e9chage avanc\u00e9es pour tous types de boues de michel SLUDGE-DRYING-SYSTEMS.\",\"breadcrumb\":{\"@id\":\"https:\\\/\\\/schlammtrocknung.com\\\/fr\\\/installation-de-sechage-des-boues\\\/#breadcrumb\"},\"inLanguage\":\"fr-FR\",\"potentialAction\":[{\"@type\":\"ReadAction\",\"target\":[\"https:\\\/\\\/schlammtrocknung.com\\\/fr\\\/installation-de-sechage-des-boues\\\/\"]}]},{\"@type\":\"BreadcrumbList\",\"@id\":\"https:\\\/\\\/schlammtrocknung.com\\\/fr\\\/installation-de-sechage-des-boues\\\/#breadcrumb\",\"itemListElement\":[{\"@type\":\"ListItem\",\"position\":1,\"name\":\"Startseite\",\"item\":\"https:\\\/\\\/schlammtrocknung.com\\\/fr\\\/page-daccueil-2\\\/\"},{\"@type\":\"ListItem\",\"position\":2,\"name\":\"Installation de s\u00e9chage des boues\"}]},{\"@type\":\"WebSite\",\"@id\":\"https:\\\/\\\/schlammtrocknung.com\\\/#website\",\"url\":\"https:\\\/\\\/schlammtrocknung.com\\\/\",\"name\":\"Schlammtrocknung | SDS - Schlammtrocknung\",\"description\":\"Schlamm- L\u00f6sungen f\u00fcr Kl\u00e4rwerke, Industrie und Umwelt\",\"publisher\":{\"@id\":\"https:\\\/\\\/schlammtrocknung.com\\\/#organization\"},\"potentialAction\":[{\"@type\":\"SearchAction\",\"target\":{\"@type\":\"EntryPoint\",\"urlTemplate\":\"https:\\\/\\\/schlammtrocknung.com\\\/?s={search_term_string}\"},\"query-input\":{\"@type\":\"PropertyValueSpecification\",\"valueRequired\":true,\"valueName\":\"search_term_string\"}}],\"inLanguage\":\"fr-FR\"},{\"@type\":\"Organization\",\"@id\":\"https:\\\/\\\/schlammtrocknung.com\\\/#organization\",\"name\":\"Schlammtrocknung | SDS - Schlammtrocknung\",\"url\":\"https:\\\/\\\/schlammtrocknung.com\\\/\",\"logo\":{\"@type\":\"ImageObject\",\"inLanguage\":\"fr-FR\",\"@id\":\"https:\\\/\\\/schlammtrocknung.com\\\/#\\\/schema\\\/logo\\\/image\\\/\",\"url\":\"https:\\\/\\\/schlammtrocknung.com\\\/wp-content\\\/uploads\\\/2023\\\/02\\\/logo_sds-1.png\",\"contentUrl\":\"https:\\\/\\\/schlammtrocknung.com\\\/wp-content\\\/uploads\\\/2023\\\/02\\\/logo_sds-1.png\",\"width\":697,\"height\":187,\"caption\":\"Schlammtrocknung | SDS - Schlammtrocknung\"},\"image\":{\"@id\":\"https:\\\/\\\/schlammtrocknung.com\\\/#\\\/schema\\\/logo\\\/image\\\/\"}}]}<\/script>\n<!-- \/ Yoast SEO plugin. -->","yoast_head_json":{"title":"Installation de s\u00e9chage | michel SLUDGE-DRYING-SYSTEMS","description":"D\u00e9couvrez les installations de s\u00e9chage avanc\u00e9es pour tous types de boues de michel SLUDGE-DRYING-SYSTEMS.","robots":{"index":"index","follow":"follow","max-snippet":"max-snippet:-1","max-image-preview":"max-image-preview:large","max-video-preview":"max-video-preview:-1"},"canonical":"https:\/\/schlammtrocknung.com\/fr\/installation-de-sechage-des-boues\/","og_locale":"fr_FR","og_type":"article","og_title":"Installation de s\u00e9chage | michel SLUDGE-DRYING-SYSTEMS","og_description":"D\u00e9couvrez les installations de s\u00e9chage avanc\u00e9es pour tous types de boues de michel SLUDGE-DRYING-SYSTEMS.","og_url":"https:\/\/schlammtrocknung.com\/fr\/installation-de-sechage-des-boues\/","og_site_name":"Schlammtrocknung \u2013 michel SLUDGE DRYING SYSTEM","article_modified_time":"2025-05-09T08:43:04+00:00","twitter_card":"summary_large_image","twitter_misc":{"Dur\u00e9e de lecture estim\u00e9e":"6 minutes"},"schema":{"@context":"https:\/\/schema.org","@graph":[{"@type":"WebPage","@id":"https:\/\/schlammtrocknung.com\/fr\/installation-de-sechage-des-boues\/","url":"https:\/\/schlammtrocknung.com\/fr\/installation-de-sechage-des-boues\/","name":"Installation de s\u00e9chage | michel SLUDGE-DRYING-SYSTEMS","isPartOf":{"@id":"https:\/\/schlammtrocknung.com\/#website"},"datePublished":"2025-02-24T16:25:02+00:00","dateModified":"2025-05-09T08:43:04+00:00","description":"D\u00e9couvrez les installations de s\u00e9chage avanc\u00e9es pour tous types de boues de michel SLUDGE-DRYING-SYSTEMS.","breadcrumb":{"@id":"https:\/\/schlammtrocknung.com\/fr\/installation-de-sechage-des-boues\/#breadcrumb"},"inLanguage":"fr-FR","potentialAction":[{"@type":"ReadAction","target":["https:\/\/schlammtrocknung.com\/fr\/installation-de-sechage-des-boues\/"]}]},{"@type":"BreadcrumbList","@id":"https:\/\/schlammtrocknung.com\/fr\/installation-de-sechage-des-boues\/#breadcrumb","itemListElement":[{"@type":"ListItem","position":1,"name":"Startseite","item":"https:\/\/schlammtrocknung.com\/fr\/page-daccueil-2\/"},{"@type":"ListItem","position":2,"name":"Installation de s\u00e9chage des boues"}]},{"@type":"WebSite","@id":"https:\/\/schlammtrocknung.com\/#website","url":"https:\/\/schlammtrocknung.com\/","name":"Schlammtrocknung | SDS - Schlammtrocknung","description":"Schlamm- L\u00f6sungen f\u00fcr Kl\u00e4rwerke, Industrie und Umwelt","publisher":{"@id":"https:\/\/schlammtrocknung.com\/#organization"},"potentialAction":[{"@type":"SearchAction","target":{"@type":"EntryPoint","urlTemplate":"https:\/\/schlammtrocknung.com\/?s={search_term_string}"},"query-input":{"@type":"PropertyValueSpecification","valueRequired":true,"valueName":"search_term_string"}}],"inLanguage":"fr-FR"},{"@type":"Organization","@id":"https:\/\/schlammtrocknung.com\/#organization","name":"Schlammtrocknung | SDS - Schlammtrocknung","url":"https:\/\/schlammtrocknung.com\/","logo":{"@type":"ImageObject","inLanguage":"fr-FR","@id":"https:\/\/schlammtrocknung.com\/#\/schema\/logo\/image\/","url":"https:\/\/schlammtrocknung.com\/wp-content\/uploads\/2023\/02\/logo_sds-1.png","contentUrl":"https:\/\/schlammtrocknung.com\/wp-content\/uploads\/2023\/02\/logo_sds-1.png","width":697,"height":187,"caption":"Schlammtrocknung | SDS - Schlammtrocknung"},"image":{"@id":"https:\/\/schlammtrocknung.com\/#\/schema\/logo\/image\/"}}]}},"_links":{"self":[{"href":"https:\/\/schlammtrocknung.com\/fr\/wp-json\/wp\/v2\/pages\/2263","targetHints":{"allow":["GET"]}}],"collection":[{"href":"https:\/\/schlammtrocknung.com\/fr\/wp-json\/wp\/v2\/pages"}],"about":[{"href":"https:\/\/schlammtrocknung.com\/fr\/wp-json\/wp\/v2\/types\/page"}],"author":[{"embeddable":true,"href":"https:\/\/schlammtrocknung.com\/fr\/wp-json\/wp\/v2\/users\/1"}],"replies":[{"embeddable":true,"href":"https:\/\/schlammtrocknung.com\/fr\/wp-json\/wp\/v2\/comments?post=2263"}],"version-history":[{"count":2,"href":"https:\/\/schlammtrocknung.com\/fr\/wp-json\/wp\/v2\/pages\/2263\/revisions"}],"predecessor-version":[{"id":2269,"href":"https:\/\/schlammtrocknung.com\/fr\/wp-json\/wp\/v2\/pages\/2263\/revisions\/2269"}],"wp:attachment":[{"href":"https:\/\/schlammtrocknung.com\/fr\/wp-json\/wp\/v2\/media?parent=2263"}],"curies":[{"name":"wp","href":"https:\/\/api.w.org\/{rel}","templated":true}]}}