{"id":2287,"date":"2024-09-04T13:12:33","date_gmt":"2024-09-04T11:12:33","guid":{"rendered":"https:\/\/schlammtrocknung.com\/traitement-des-boues\/"},"modified":"2025-05-09T10:46:06","modified_gmt":"2025-05-09T08:46:06","slug":"traitement-des-boues","status":"publish","type":"page","link":"https:\/\/schlammtrocknung.com\/fr\/services\/traitement-des-boues\/","title":{"rendered":"Traitement des boues"},"content":{"rendered":"<div class=\"wpb-content-wrapper\"><p>[vc_row content_placement=\u00a0\u00bbtop\u00a0\u00bb][vc_column][vc_column_text]<\/p>\n<h1 style=\"text-align: center;\"><span style=\"color: #728d2a;\">Traitement efficace des boues : michel SLUDGE-DRYING-SYSTEMS<\/span><\/h1>\n<p>[\/vc_column_text][vc_column_text]<\/p>\n<p style=\"text-align: center;\"><span style=\"font-weight: 400;\">Transformez les boues, qui sont des d\u00e9chets industriels, en une ressource pr\u00e9cieuse &#8211; avec <\/span><b>michel SLUDGE-DRYING-SYSTEMS<\/b><span style=\"font-weight: 400;\">votre partenaire pour un traitement efficace des <\/span><b>Traitement des boues<\/b><span style=\"font-weight: 400;\">.<\/span><\/p>\n<p style=\"text-align: center;\"><a href=\"https:\/\/schlammtrocknung.com\/kontakt\/\">Demandez des solutions personnalis\u00e9es !<\/a><\/p>\n<p>[\/vc_column_text][vc_empty_space height=\u00a0\u00bb70px\u00a0\u00bb][\/vc_column][\/vc_row][vc_row][vc_column width=\u00a0\u00bb2\/3&Prime;][vc_column_text]<\/p>\n<h2><span style=\"color: #728d2a;\">Traitement des boues &#8211; un grand potentiel pour une industrie durable<\/span><\/h2>\n<p><span style=\"font-weight: 400;\">Le traitement des boues issues des processus industriels, municipaux ou agricoles est essentiel pour pr\u00e9venir les dommages environnementaux, recycler les ressources et minimiser les risques pour la sant\u00e9. Les boues trait\u00e9es peuvent \u00eatre utilis\u00e9es de diverses mani\u00e8res : comme   <\/span><b>source d&rsquo;\u00e9nergie renouvelable, <\/b><span style=\"font-weight: 400;\">comme<\/span><b> engrais <\/b><span style=\"font-weight: 400;\">pour am\u00e9liorer les sols ou comme mati\u00e8re premi\u00e8re dans <\/span><b>Industrie du b\u00e2timent<\/b><span style=\"font-weight: 400;\">. <\/span> <\/p>\n<p><span style=\"font-weight: 400;\">Gr\u00e2ce \u00e0 <\/span><span style=\"font-weight: 400;\">avanc\u00e9e<\/span> <span style=\"font-weight: 400;\">traitement<\/span><span style=\"font-weight: 400;\"> permet de r\u00e9duire la <\/span><a href=\"http:\/\/schlammtrocknung.com\/glossar\/wassergehalt\"><span style=\"font-weight: 400;\">teneur en eau<\/span><\/a><span style=\"font-weight: 400;\">  des boues, ce qui r\u00e9duit les co\u00fbts de transport et de stockage et augmente l&rsquo;efficacit\u00e9 du traitement ult\u00e9rieur. Un \u00e9l\u00e9ment important de ce processus est ici   <\/span><b>S\u00e9chage des boues<\/b><span style=\"font-weight: 400;\">.<\/span>[\/vc_column_text][vc_empty_space height=\u00a0\u00bb70px\u00a0\u00bb][\/vc_column][vc_column width=\u00a0\u00bb1\/3&Prime;][vc_single_image image=\u00a0\u00bb1219&Prime; img_size=\u00a0\u00bb400&#215;400&Prime;][\/vc_column][\/vc_row][vc_row][vc_column width=\u00a0\u00bb1\/2&Prime;][vc_single_image image=\u00a0\u00bb376&Prime; img_size=\u00a0\u00bb600&#215;660&Prime;][vc_empty_space height=\u00a0\u00bb70px\u00a0\u00bb][\/vc_column][vc_column width=\u00a0\u00bb1\/2&Prime;][vc_column_text]<\/p>\n<h2><span style=\"color: #728d2a;\">Le processus de traitement des boues en bref<\/span><\/h2>\n<p><span style=\"font-weight: 400;\">Au cours du s\u00e9chage et du traitement, le mat\u00e9riau recyclable passe par diff\u00e9rentes \u00e9tapes de processus :<\/span><\/p>\n<ol>\n<li style=\"font-weight: 400;\" aria-level=\"1\"><b>Pr\u00e9traitement des boues :<\/b><span style=\"font-weight: 400;\"> Ajustement du pH et ajout d&rsquo;agents floculants<\/span><\/li>\n<li style=\"font-weight: 400;\" aria-level=\"1\"><b>Conditionnement :<\/b><span style=\"font-weight: 400;\"> Optimisation des propri\u00e9t\u00e9s physiques et chimiques pour le s\u00e9chage<\/span><\/li>\n<li style=\"font-weight: 400;\" aria-level=\"1\"><b>S\u00e9chage :<\/b><span style=\"font-weight: 400;\"> Application du s\u00e9chage par contact et par convection pour r\u00e9duire l&rsquo;humidit\u00e9<\/span><\/li>\n<\/ol>\n<p><span style=\"font-weight: 400;\">Les syst\u00e8mes de michel SLUDGE-DRYING-SYSTEMS int\u00e8grent des technologies avanc\u00e9es telles que <a href=\"https:\/\/schlammtrocknung.com\/fr\/sechoir-a-basse-temperature\/\">le s\u00e9chage \u00e0 basse temp\u00e9rature<\/a><\/span><span style=\"font-weight: 400;\">Le syst\u00e8me de traitement des boues est con\u00e7u pour minimiser la consommation d&rsquo;\u00e9nergie et r\u00e9duire l&rsquo;impact sur l&rsquo;environnement. Les installations sont con\u00e7ues de mani\u00e8re modulaire et peuvent \u00eatre adapt\u00e9es aux besoins et aux volumes de boues sp\u00e9cifiques, ce qui permet un traitement flexible et efficace des boues. <\/span>[\/vc_column_text][\/vc_column][\/vc_row][vc_row][vc_column width=\u00a0\u00bb1\/2&Prime;][vc_column_text]<\/p>\n<h2><span style=\"color: #728d2a;\">Durable et d\u00e9centralis\u00e9 : les avantages de notre traitement des boues<\/span><\/h2>\n<p><b>michel SLUDGE-DRYING-SYSTEMS<\/b><span style=\"font-weight: 400;\">  offre des avantages uniques pour les installations de traitement des boues en combinant une technologie de pointe et des ann\u00e9es d&rsquo;exp\u00e9rience en ing\u00e9nierie m\u00e9canique. L&rsquo;int\u00e9gration de technologies de pointe permet de minimiser la consommation d&rsquo;\u00e9nergie, ce qui r\u00e9duit non seulement les co\u00fbts d&rsquo;exploitation, mais aussi l&rsquo;impact sur l&rsquo;environnement.   <\/span><\/p>\n<p><span style=\"font-weight: 400;\">De plus, en r\u00e9duisant les \u00e9missions, ils contribuent \u00e0 la <\/span><b>r\u00e9duction de CO\u2082. <\/b><span style=\"font-weight: 400;\">et vous aident \u00e0 atteindre vos <\/span><b>objectifs environnementaux<\/b><span style=\"font-weight: 400;\">  d&rsquo;atteindre les objectifs fix\u00e9s. La flexibilit\u00e9 et la modularit\u00e9 des installations permettent de les adapter \u00e0 des   <\/span><a href=\"http:\/\/schlammtrocknung.com\/leistungen\"><span style=\"font-weight: 400;\">diff\u00e9rents types de boues<\/span><\/a><b> et les quantit\u00e9s <\/b><span style=\"font-weight: 400;\">ce qui permet une large gamme d&rsquo;applications. <\/span> <\/p>\n<p><span style=\"font-weight: 400;\">De plus, le contr\u00f4le minutieux et l&rsquo;optimisation des param\u00e8tres du processus assurent une <\/span><b>qualit\u00e9<\/b><span style=\"font-weight: 400;\"> des boues s\u00e9ch\u00e9es, ce qui am\u00e9liore les possibilit\u00e9s de recyclage et contribue encore \u00e0 la rentabilit\u00e9 du traitement des boues.<\/span>[\/vc_column_text][\/vc_column][vc_column width=\u00a0\u00bb1\/2&Prime;][vc_single_image image=\u00a0\u00bb373&Prime; img_size=\u00a0\u00bb600&#215;520&Prime;][vc_empty_space height=\u00a0\u00bb70px\u00a0\u00bb][\/vc_column][\/vc_row][vc_row][vc_column][vc_empty_space height=\u00a0\u00bb50px\u00a0\u00bb][\/vc_column][\/vc_row][vc_row][vc_column][vc_cta h2=\u00a0\u00bbTraitement innovant des boues avec michel SLUDGE-DRYING-SYSTEMS\u00a0\u00bb txt_align=\u00a0\u00bbcenter\u00a0\u00bb add_button=\u00a0\u00bbbottom\u00a0\u00bb btn_title=\u00a0\u00bbContactez-nous !\u00a0\u00bb btn_style=\u00a0\u00bbgradient-custom\u00a0\u00bb btn_gradient_custom_color_1=\u00a0\u00bb#728d2a\u00a0\u00bb btn_gradient_custom_color_2=\u00a0\u00bb#728d2a\u00a0\u00bb btn_align=\u00a0\u00bbcenter\u00a0\u00bb btn_link=\u00a0\u00bburl:https%3A%2F%2Fschlammtrocknung.com%2Fkontakt%2F|title:Contact|\u00a0\u00bb]<\/p>\n<p style=\"text-align: center;\"><span style=\"font-weight: 400;\">Profitez de la technologie avanc\u00e9e de <\/span><b>michel SLUDGE-DRYING-SYSTEMS<\/b><span style=\"font-weight: 400;\">pour am\u00e9liorer votre <\/span><b>traitement des boues<\/b><span style=\"font-weight: 400;\"> tout en contribuant de mani\u00e8re significative \u00e0 la protection de l&rsquo;environnement. <\/span><b>protection de l&rsquo;environnement<\/b><span style=\"font-weight: 400;\">  d&rsquo;apporter sa contribution. Notre \u00e9quipe est pr\u00eate \u00e0 vous offrir une solution sur mesure, adapt\u00e9e \u00e0 vos besoins. <\/span><\/p>\n<p>[\/vc_cta][vc_empty_space height=\u00a0\u00bb50px\u00a0\u00bb][\/vc_column][\/vc_row][vc_row][vc_column][vc_column_text]<\/p>\n<h2 style=\"text-align: center;\"><span style=\"color: #728d2a;\">FAQ &#8211; Foire aux questions sur le traitement des boues<\/span><\/h2>\n<p>[\/vc_column_text][\/vc_column][\/vc_row][vc_row][vc_column][vc_toggle title=\u00a0\u00bbPourquoi le traitement des boues est-il si important ?\u00a0\u00bb]<span style=\"font-weight: 400;\">Le traitement des boues industrielles est essentiel pour \u00e9viter les dommages environnementaux, recycler les ressources et r\u00e9duire les risques pour la sant\u00e9. Il permet une r\u00e9utilisation s\u00fbre et efficace des boues dans diff\u00e9rents domaines, de la production d&rsquo;\u00e9nergie \u00e0 l&rsquo;am\u00e9lioration des sols. <\/span>[\/vc_toggle][vc_toggle title=\u00a0\u00bbQuels sont les avantages du traitement des boues ?\u00a0\u00bb]<span style=\"font-weight: 400;\">Une installation moderne et de haute qualit\u00e9 pour le traitement des boues r\u00e9duit les co\u00fbts d&rsquo;exploitation gr\u00e2ce \u00e0 l&rsquo;efficacit\u00e9 \u00e9nerg\u00e9tique, r\u00e9duit l&rsquo;impact sur l&rsquo;environnement et permet une adaptation flexible aux diff\u00e9rents types et volumes de boues. Cela se traduit par des avantages tels qu&rsquo;une meilleure qualit\u00e9 des boues et de larges possibilit\u00e9s de recyclage. <\/span>[\/vc_toggle][\/vc_column][\/vc_row]<\/p>\n<\/div>","protected":false},"excerpt":{"rendered":"<p>[vc_row content_placement=\u00a0\u00bbtop\u00a0\u00bb][vc_column][vc_column_text] Traitement efficace des boues : michel SLUDGE-DRYING-SYSTEMS [\/vc_column_text][vc_column_text] Transformez les boues, qui sont des d\u00e9chets industriels, en une ressource pr\u00e9cieuse &#8211; avec michel SLUDGE-DRYING-SYSTEMSvotre partenaire pour un traitement efficace des Traitement des boues. Demandez des solutions personnalis\u00e9es ! [\/vc_column_text][vc_empty_space height=\u00a0\u00bb70px\u00a0\u00bb][\/vc_column][\/vc_row][vc_row][vc_column width=\u00a0\u00bb2\/3&Prime;][vc_column_text] Traitement des boues &#8211; un grand potentiel pour une industrie durable Le&hellip;<\/p>\n","protected":false},"author":1,"featured_media":0,"parent":2377,"menu_order":0,"comment_status":"closed","ping_status":"closed","template":"","meta":{"footnotes":""},"class_list":["post-2287","page","type-page","status-publish","hentry","description-off"],"yoast_head":"<!-- This site is optimized with the Yoast SEO plugin v27.3 - https:\/\/yoast.com\/product\/yoast-seo-wordpress\/ -->\n<title>Traitement des boues | Michel S\u00e9chage des boues<\/title>\n<meta name=\"description\" content=\"Optimisez votre traitement des boues avec les installations modernes et efficaces de michel SLUDGE-DRYING-SYSTEMS.\" \/>\n<meta name=\"robots\" content=\"index, follow, max-snippet:-1, max-image-preview:large, max-video-preview:-1\" \/>\n<link rel=\"canonical\" href=\"https:\/\/schlammtrocknung.com\/fr\/services\/traitement-des-boues\/\" \/>\n<meta property=\"og:locale\" content=\"fr_FR\" \/>\n<meta property=\"og:type\" content=\"article\" \/>\n<meta property=\"og:title\" content=\"Traitement des boues | Michel S\u00e9chage des boues\" \/>\n<meta property=\"og:description\" content=\"Optimisez votre traitement des boues avec les installations modernes et efficaces de michel SLUDGE-DRYING-SYSTEMS.\" \/>\n<meta property=\"og:url\" content=\"https:\/\/schlammtrocknung.com\/fr\/services\/traitement-des-boues\/\" \/>\n<meta property=\"og:site_name\" content=\"Schlammtrocknung \u2013 michel SLUDGE DRYING SYSTEM\" \/>\n<meta property=\"article:modified_time\" content=\"2025-05-09T08:46:06+00:00\" \/>\n<meta name=\"twitter:card\" content=\"summary_large_image\" \/>\n<meta name=\"twitter:label1\" content=\"Dur\u00e9e de lecture estim\u00e9e\" \/>\n\t<meta name=\"twitter:data1\" content=\"4 minutes\" \/>\n<script type=\"application\/ld+json\" class=\"yoast-schema-graph\">{\"@context\":\"https:\\\/\\\/schema.org\",\"@graph\":[{\"@type\":\"WebPage\",\"@id\":\"https:\\\/\\\/schlammtrocknung.com\\\/fr\\\/services\\\/traitement-des-boues\\\/\",\"url\":\"https:\\\/\\\/schlammtrocknung.com\\\/fr\\\/services\\\/traitement-des-boues\\\/\",\"name\":\"Traitement des boues | Michel S\u00e9chage des boues\",\"isPartOf\":{\"@id\":\"https:\\\/\\\/schlammtrocknung.com\\\/#website\"},\"datePublished\":\"2024-09-04T11:12:33+00:00\",\"dateModified\":\"2025-05-09T08:46:06+00:00\",\"description\":\"Optimisez votre traitement des boues avec les installations modernes et efficaces de michel SLUDGE-DRYING-SYSTEMS.\",\"breadcrumb\":{\"@id\":\"https:\\\/\\\/schlammtrocknung.com\\\/fr\\\/services\\\/traitement-des-boues\\\/#breadcrumb\"},\"inLanguage\":\"fr-FR\",\"potentialAction\":[{\"@type\":\"ReadAction\",\"target\":[\"https:\\\/\\\/schlammtrocknung.com\\\/fr\\\/services\\\/traitement-des-boues\\\/\"]}]},{\"@type\":\"BreadcrumbList\",\"@id\":\"https:\\\/\\\/schlammtrocknung.com\\\/fr\\\/services\\\/traitement-des-boues\\\/#breadcrumb\",\"itemListElement\":[{\"@type\":\"ListItem\",\"position\":1,\"name\":\"Startseite\",\"item\":\"https:\\\/\\\/schlammtrocknung.com\\\/fr\\\/page-daccueil-2\\\/\"},{\"@type\":\"ListItem\",\"position\":2,\"name\":\"Services\",\"item\":\"https:\\\/\\\/schlammtrocknung.com\\\/fr\\\/services\\\/\"},{\"@type\":\"ListItem\",\"position\":3,\"name\":\"Traitement des boues\"}]},{\"@type\":\"WebSite\",\"@id\":\"https:\\\/\\\/schlammtrocknung.com\\\/#website\",\"url\":\"https:\\\/\\\/schlammtrocknung.com\\\/\",\"name\":\"Schlammtrocknung | SDS - Schlammtrocknung\",\"description\":\"Schlamm- L\u00f6sungen f\u00fcr Kl\u00e4rwerke, Industrie und Umwelt\",\"publisher\":{\"@id\":\"https:\\\/\\\/schlammtrocknung.com\\\/#organization\"},\"potentialAction\":[{\"@type\":\"SearchAction\",\"target\":{\"@type\":\"EntryPoint\",\"urlTemplate\":\"https:\\\/\\\/schlammtrocknung.com\\\/?s={search_term_string}\"},\"query-input\":{\"@type\":\"PropertyValueSpecification\",\"valueRequired\":true,\"valueName\":\"search_term_string\"}}],\"inLanguage\":\"fr-FR\"},{\"@type\":\"Organization\",\"@id\":\"https:\\\/\\\/schlammtrocknung.com\\\/#organization\",\"name\":\"Schlammtrocknung | SDS - Schlammtrocknung\",\"url\":\"https:\\\/\\\/schlammtrocknung.com\\\/\",\"logo\":{\"@type\":\"ImageObject\",\"inLanguage\":\"fr-FR\",\"@id\":\"https:\\\/\\\/schlammtrocknung.com\\\/#\\\/schema\\\/logo\\\/image\\\/\",\"url\":\"https:\\\/\\\/schlammtrocknung.com\\\/wp-content\\\/uploads\\\/2023\\\/02\\\/logo_sds-1.png\",\"contentUrl\":\"https:\\\/\\\/schlammtrocknung.com\\\/wp-content\\\/uploads\\\/2023\\\/02\\\/logo_sds-1.png\",\"width\":697,\"height\":187,\"caption\":\"Schlammtrocknung | SDS - Schlammtrocknung\"},\"image\":{\"@id\":\"https:\\\/\\\/schlammtrocknung.com\\\/#\\\/schema\\\/logo\\\/image\\\/\"}}]}<\/script>\n<!-- \/ Yoast SEO plugin. -->","yoast_head_json":{"title":"Traitement des boues | Michel S\u00e9chage des boues","description":"Optimisez votre traitement des boues avec les installations modernes et efficaces de michel SLUDGE-DRYING-SYSTEMS.","robots":{"index":"index","follow":"follow","max-snippet":"max-snippet:-1","max-image-preview":"max-image-preview:large","max-video-preview":"max-video-preview:-1"},"canonical":"https:\/\/schlammtrocknung.com\/fr\/services\/traitement-des-boues\/","og_locale":"fr_FR","og_type":"article","og_title":"Traitement des boues | Michel S\u00e9chage des boues","og_description":"Optimisez votre traitement des boues avec les installations modernes et efficaces de michel SLUDGE-DRYING-SYSTEMS.","og_url":"https:\/\/schlammtrocknung.com\/fr\/services\/traitement-des-boues\/","og_site_name":"Schlammtrocknung \u2013 michel SLUDGE DRYING SYSTEM","article_modified_time":"2025-05-09T08:46:06+00:00","twitter_card":"summary_large_image","twitter_misc":{"Dur\u00e9e de lecture estim\u00e9e":"4 minutes"},"schema":{"@context":"https:\/\/schema.org","@graph":[{"@type":"WebPage","@id":"https:\/\/schlammtrocknung.com\/fr\/services\/traitement-des-boues\/","url":"https:\/\/schlammtrocknung.com\/fr\/services\/traitement-des-boues\/","name":"Traitement des boues | Michel S\u00e9chage des boues","isPartOf":{"@id":"https:\/\/schlammtrocknung.com\/#website"},"datePublished":"2024-09-04T11:12:33+00:00","dateModified":"2025-05-09T08:46:06+00:00","description":"Optimisez votre traitement des boues avec les installations modernes et efficaces de michel SLUDGE-DRYING-SYSTEMS.","breadcrumb":{"@id":"https:\/\/schlammtrocknung.com\/fr\/services\/traitement-des-boues\/#breadcrumb"},"inLanguage":"fr-FR","potentialAction":[{"@type":"ReadAction","target":["https:\/\/schlammtrocknung.com\/fr\/services\/traitement-des-boues\/"]}]},{"@type":"BreadcrumbList","@id":"https:\/\/schlammtrocknung.com\/fr\/services\/traitement-des-boues\/#breadcrumb","itemListElement":[{"@type":"ListItem","position":1,"name":"Startseite","item":"https:\/\/schlammtrocknung.com\/fr\/page-daccueil-2\/"},{"@type":"ListItem","position":2,"name":"Services","item":"https:\/\/schlammtrocknung.com\/fr\/services\/"},{"@type":"ListItem","position":3,"name":"Traitement des boues"}]},{"@type":"WebSite","@id":"https:\/\/schlammtrocknung.com\/#website","url":"https:\/\/schlammtrocknung.com\/","name":"Schlammtrocknung | SDS - Schlammtrocknung","description":"Schlamm- L\u00f6sungen f\u00fcr Kl\u00e4rwerke, Industrie und Umwelt","publisher":{"@id":"https:\/\/schlammtrocknung.com\/#organization"},"potentialAction":[{"@type":"SearchAction","target":{"@type":"EntryPoint","urlTemplate":"https:\/\/schlammtrocknung.com\/?s={search_term_string}"},"query-input":{"@type":"PropertyValueSpecification","valueRequired":true,"valueName":"search_term_string"}}],"inLanguage":"fr-FR"},{"@type":"Organization","@id":"https:\/\/schlammtrocknung.com\/#organization","name":"Schlammtrocknung | SDS - Schlammtrocknung","url":"https:\/\/schlammtrocknung.com\/","logo":{"@type":"ImageObject","inLanguage":"fr-FR","@id":"https:\/\/schlammtrocknung.com\/#\/schema\/logo\/image\/","url":"https:\/\/schlammtrocknung.com\/wp-content\/uploads\/2023\/02\/logo_sds-1.png","contentUrl":"https:\/\/schlammtrocknung.com\/wp-content\/uploads\/2023\/02\/logo_sds-1.png","width":697,"height":187,"caption":"Schlammtrocknung | SDS - Schlammtrocknung"},"image":{"@id":"https:\/\/schlammtrocknung.com\/#\/schema\/logo\/image\/"}}]}},"_links":{"self":[{"href":"https:\/\/schlammtrocknung.com\/fr\/wp-json\/wp\/v2\/pages\/2287","targetHints":{"allow":["GET"]}}],"collection":[{"href":"https:\/\/schlammtrocknung.com\/fr\/wp-json\/wp\/v2\/pages"}],"about":[{"href":"https:\/\/schlammtrocknung.com\/fr\/wp-json\/wp\/v2\/types\/page"}],"author":[{"embeddable":true,"href":"https:\/\/schlammtrocknung.com\/fr\/wp-json\/wp\/v2\/users\/1"}],"replies":[{"embeddable":true,"href":"https:\/\/schlammtrocknung.com\/fr\/wp-json\/wp\/v2\/comments?post=2287"}],"version-history":[{"count":2,"href":"https:\/\/schlammtrocknung.com\/fr\/wp-json\/wp\/v2\/pages\/2287\/revisions"}],"predecessor-version":[{"id":2295,"href":"https:\/\/schlammtrocknung.com\/fr\/wp-json\/wp\/v2\/pages\/2287\/revisions\/2295"}],"up":[{"embeddable":true,"href":"https:\/\/schlammtrocknung.com\/fr\/wp-json\/wp\/v2\/pages\/2377"}],"wp:attachment":[{"href":"https:\/\/schlammtrocknung.com\/fr\/wp-json\/wp\/v2\/media?parent=2287"}],"curies":[{"name":"wp","href":"https:\/\/api.w.org\/{rel}","templated":true}]}}