{"id":2289,"date":"2024-09-04T15:19:37","date_gmt":"2024-09-04T13:19:37","guid":{"rendered":"https:\/\/schlammtrocknung.com\/sechoir-a-basse-temperature\/"},"modified":"2025-05-09T10:43:16","modified_gmt":"2025-05-09T08:43:16","slug":"sechoir-a-basse-temperature","status":"publish","type":"page","link":"https:\/\/schlammtrocknung.com\/fr\/sechoir-a-basse-temperature\/","title":{"rendered":"S\u00e9choir \u00e0 basse temp\u00e9rature"},"content":{"rendered":"<div class=\"wpb-content-wrapper\"><p>[vc_row content_placement=\u00a0\u00bbtop\u00a0\u00bb][vc_column][vc_column_text]<\/p>\n<h1 style=\"text-align: center;\"><span style=\"color: #728d2a;\"><b>S\u00e9choirs \u00e0 basse temp\u00e9rature chez michel SLUDGE-DRYING-SYSTEMS<\/b><\/span><\/h1>\n<p>[\/vc_column_text][vc_column_text]<\/p>\n<p style=\"text-align: center;\"><span style=\"font-weight: 400;\">Maximisez l&rsquo;efficacit\u00e9 de votre <\/span><b>S\u00e9chage des boues<\/b><span style=\"font-weight: 400;\"> avec des s\u00e9cheurs avanc\u00e9s <\/span><b>S\u00e9cheurs \u00e0 basse temp\u00e9rature<\/b><span style=\"font-weight: 400;\">  de michel SLUDGE-DRYING-SYSTEMS, con\u00e7u pour offrir des performances optimales avec une consommation d&rsquo;\u00e9nergie minimale. Nos installations de s\u00e9chage utilisent cette technologie de pointe pour que le s\u00e9chage des boues soit le plus doux possible. <\/span><\/p>\n<p>[\/vc_column_text][vc_empty_space height=\u00a0\u00bb70px\u00a0\u00bb][\/vc_column][\/vc_row][vc_row][vc_column][vc_column_text]<\/p>\n<h2 style=\"text-align: center;\"><span style=\"color: #728d2a;\">Petites temp\u00e9ratures, grands effets<\/span><\/h2>\n<p style=\"text-align: center;\"><span style=\"font-weight: 400;\">Un s\u00e9choir basse temp\u00e9rature fonctionne \u00e0 <\/span><b>des temp\u00e9ratures plus basses<\/b><span style=\"font-weight: 400;\">La technologie de s\u00e9chage de la boue est utilis\u00e9e pour s\u00e9cher efficacement les boues sans modifier leur composition chimique ni produire d&rsquo;\u00e9missions nocives. Cette technologie utilise la chaleur de mani\u00e8re contr\u00f4l\u00e9e et efficace pour \u00e9vaporer l&rsquo;humidit\u00e9 des boues, ce qui r\u00e9duit consid\u00e9rablement la consommation d&rsquo;\u00e9nergie et minimise l&rsquo;impact thermique sur les mat\u00e9riaux. <\/span><span style=\"color: #728d2a;\"><br \/>\n<\/span><\/p>\n<p>[\/vc_column_text][vc_empty_space height=\u00a0\u00bb30px\u00a0\u00bb][vc_column_text]<\/p>\n<h3 style=\"text-align: center;\"><span style=\"color: #728d2a;\">Le s\u00e9choir \u00e0 basse temp\u00e9rature dans notre processus de s\u00e9chage des boues SDS<\/span><\/h3>\n<p>[\/vc_column_text][\/vc_column][\/vc_row][vc_row][vc_column width=\u00a0\u00bb1\/2&Prime;][vc_single_image image=\u00a0\u00bb376&Prime; img_size=\u00a0\u00bb600&#215;400&Prime;][vc_empty_space height=\u00a0\u00bb70px\u00a0\u00bb][\/vc_column][vc_column width=\u00a0\u00bb1\/2&Prime;][vc_column_text]<span style=\"font-weight: 400;\">michel SLUDGE-DRYING-SYSTEMS est le fournisseur de syst\u00e8mes de <\/span><b>installations modulaires de s\u00e9chage des boues<\/b><span style=\"font-weight: 400;\">Ils sont disponibles en diff\u00e9rentes tailles et peuvent \u00eatre personnalis\u00e9s en fonction des besoins du client. Ces syst\u00e8mes sont con\u00e7us pour r\u00e9duire efficacement la teneur en eau des boues tout en <\/span> <b> Minimiser la consommation d&rsquo;\u00e9nergie<\/b><span style=\"font-weight: 400;\">.<\/span><\/p>\n<p><span style=\"font-weight: 400;\">L&rsquo;int\u00e9gration de m\u00e9thodes de s\u00e9chage douces dans une seule installation permet un traitement efficace et sans faille des boues. <\/span><a href=\"http:\/\/schlammtrocknung.com\/leistungen\/schlammbehandlung\"><span style=\"font-weight: 400;\">Traitement des boues<\/span><\/a><span style=\"font-weight: 400;\"> du d\u00e9but \u00e0 la fin, sans avoir besoin de machines s\u00e9par\u00e9es pour les diff\u00e9rentes \u00e9tapes du s\u00e9chage.<\/span>[\/vc_column_text][\/vc_column][\/vc_row][vc_row][vc_column][vc_column_text]<\/p>\n<h2 style=\"text-align: center;\"><span style=\"color: #728d2a;\"><b>Traitement en douceur : <\/b>s\u00e9chage des boues chez michel SLUDGE-DRYING-SYSTEMS<\/span><\/h2>\n<p>[\/vc_column_text][vc_toggle title=\u00a0\u00bbL&apos;utilisation de s\u00e9cheurs \u00e0 basse temp\u00e9rature dans nos installations de s\u00e9chage des boues pr\u00e9sente de nombreux avantages :\u00a0\u00bb custom_font_container=\u00a0\u00bbtag:h3|text_align:left\u00a0\u00bb use_custom_heading=\u00a0\u00bbtrue\u00a0\u00bb]<span style=\"font-weight: 400;\">L&rsquo;utilisation de s\u00e9cheurs \u00e0 basse temp\u00e9rature dans nos installations de s\u00e9chage des boues offre de nombreux avantages. <\/span><b>avantages<\/b><span style=\"font-weight: 400;\">. <\/span> <span style=\"font-weight: 400;\">En raison de la chaleur r\u00e9duite, le processus de s\u00e9chage consomme moins d&rsquo;\u00e9nergie. Cela permet non seulement d&rsquo;augmenter   <\/span><b>Efficacit\u00e9 \u00e9nerg\u00e9tique<\/b><span style=\"font-weight: 400;\">mais aussi de r\u00e9duire les co\u00fbts. Outre l&rsquo;environnement et le porte-monnaie, la mati\u00e8re premi\u00e8re et le produit final potentiel du s\u00e9chage des boues sont \u00e9galement pr\u00e9serv\u00e9s. <\/span><\/p>\n<p><span style=\"font-weight: 400;\">D\u00e9couvrez les avantages du <\/span><b>s\u00e9chage \u00e0 basse temp\u00e9rature<\/b><span style=\"font-weight: 400;\"> avec SLUDGE-DRYING-SYSTEMS de michel en d\u00e9tail :<\/span><\/p>\n<ul>\n<li style=\"font-weight: 400;\" aria-level=\"1\"><b>L&rsquo;efficacit\u00e9 \u00e9nerg\u00e9tique :<\/b><span style=\"font-weight: 400;\"> Cette technologie r\u00e9duit consid\u00e9rablement la consommation d&rsquo;\u00e9nergie, car moins de chaleur est n\u00e9cessaire pour \u00e9vaporer le liquide contenu dans les boues.<\/span><\/li>\n<li style=\"font-weight: 400;\" aria-level=\"1\"><b>Respect de l&rsquo;environnement :<\/b><span style=\"font-weight: 400;\"> Nos syst\u00e8mes ne produisent pas d&rsquo;\u00e9missions nocives, r\u00e9duisent les \u00e9missions de CO\u2082 et \u00e9vitent les probl\u00e8mes d&rsquo;eaux us\u00e9es, ce qui en fait un choix respectueux de l&rsquo;environnement.<\/span><\/li>\n<li style=\"font-weight: 400;\" aria-level=\"1\"><b>R\u00e9duction des co\u00fbts :<\/b><span style=\"font-weight: 400;\">  L&rsquo;utilisation efficace de la chaleur et de l&rsquo;\u00e9lectricit\u00e9 permet de r\u00e9duire les co\u00fbts d&rsquo;exploitation. De plus, la conception compacte de l&rsquo;installation permet d&rsquo;\u00e9conomiser de l&rsquo;espace, car il n&rsquo;est pas n\u00e9cessaire d&rsquo;avoir un toit ou un hall s\u00e9par\u00e9. <\/span><\/li>\n<li style=\"font-weight: 400;\" aria-level=\"1\"><b>Traitement en douceur :<\/b><span style=\"font-weight: 400;\"> Le processus de s\u00e9chage \u00e0 basse temp\u00e9rature emp\u00eache le collage du mat\u00e9riau et minimise l&rsquo;\u00e9mission de poussi\u00e8re et d&rsquo;autres particules.<\/span><\/li>\n<li style=\"font-weight: 400;\" aria-level=\"1\"><b>Une grande polyvalence :<\/b><span style=\"font-weight: 400;\"> Les \u00e9quipements sont adapt\u00e9s \u00e0 une grande vari\u00e9t\u00e9 de boues, ce qui en fait une option flexible pour diverses applications industrielles.<\/span><\/li>\n<\/ul>\n<p>[\/vc_toggle][\/vc_column][\/vc_row][vc_row][vc_column][vc_empty_space height=\u00a0\u00bb50px\u00a0\u00bb][vc_cta h2=\u00a0\u00bbLancez votre s\u00e9chage de boues avec michel SLUDGE-DRYING-SYSTEMS\u00a0\u00bb txt_align=\u00a0\u00bbcenter\u00a0\u00bb add_button=\u00a0\u00bbbottom\u00a0\u00bb btn_title=\u00a0\u00bbContactez-nous !\u00a0\u00bb btn_style=\u00a0\u00bbgradient-custom\u00a0\u00bb btn_gradient_custom_color_1=\u00a0\u00bb#728d2a\u00a0\u00bb btn_gradient_custom_color_2=\u00a0\u00bb#728d2a\u00a0\u00bb btn_align=\u00a0\u00bbcenter\u00a0\u00bb btn_link=\u00a0\u00bburl:https%3A%2F%2Fschlammtrocknung.com%2Fkontakt%2F|title:Contact|\u00a0\u00bb]<\/p>\n<p style=\"text-align: center;\"><span style=\"font-weight: 400;\">Faites confiance \u00e0 la technologie innovante de michel SLUDGE-DRYING-SYSTEMS pour vos op\u00e9rations de s\u00e9chage des boues. Contactez-nous d\u00e8s aujourd&rsquo;hui pour en savoir plus sur la fa\u00e7on dont nos   <\/span><span style=\"font-weight: 400;\">Installations de s\u00e9chage<\/span><span style=\"font-weight: 400;\"> de rendre vos processus de production plus efficaces et plus respectueux de l&rsquo;environnement.<\/span><\/p>\n<p>[\/vc_cta][vc_empty_space height=\u00a0\u00bb50px\u00a0\u00bb][\/vc_column][\/vc_row][vc_row][vc_column][vc_column_text]<\/p>\n<h2 style=\"text-align: center;\"><span style=\"color: #728d2a;\">FAQ &#8211; Foire aux questions sur les s\u00e9choirs \u00e0 basse temp\u00e9rature<\/span><\/h2>\n<p>[\/vc_column_text][\/vc_column][\/vc_row][vc_row][vc_column][vc_toggle title=\u00a0\u00bbQuels sont les avantages d&apos;un s\u00e9choir \u00e0 basse temp\u00e9rature ?\u00a0\u00bb]<span style=\"font-weight: 400;\">Un s\u00e9choir \u00e0 basse temp\u00e9rature s\u00e8che les boues \u00e0 basse temp\u00e9rature, ce qui minimise la consommation d&rsquo;\u00e9nergie sans g\u00e9n\u00e9rer d&rsquo;\u00e9missions nocives.<\/span>[\/vc_toggle][vc_toggle title=\u00a0\u00bbComment le s\u00e9choir \u00e0 basse temp\u00e9rature contribue-t-il au respect de l&apos;environnement ?\u00a0\u00bb]<span style=\"font-weight: 400;\">En fonctionnant \u00e0 basse temp\u00e9rature, les s\u00e9cheurs \u00e0 basse temp\u00e9rature r\u00e9duisent consid\u00e9rablement la consommation d&rsquo;\u00e9nergie et \u00e9vitent les \u00e9missions nocives, ce qui en fait une solution \u00e9cologique pour le s\u00e9chage des boues.<\/span>[\/vc_toggle][\/vc_column][\/vc_row]<\/p>\n<\/div>","protected":false},"excerpt":{"rendered":"<p>[vc_row content_placement=\u00a0\u00bbtop\u00a0\u00bb][vc_column][vc_column_text] S\u00e9choirs \u00e0 basse temp\u00e9rature chez michel SLUDGE-DRYING-SYSTEMS [\/vc_column_text][vc_column_text] Maximisez l&rsquo;efficacit\u00e9 de votre S\u00e9chage des boues avec des s\u00e9cheurs avanc\u00e9s S\u00e9cheurs \u00e0 basse temp\u00e9rature de michel SLUDGE-DRYING-SYSTEMS, con\u00e7u pour offrir des performances optimales avec une consommation d&rsquo;\u00e9nergie minimale. Nos installations de s\u00e9chage utilisent cette technologie de pointe pour que le s\u00e9chage des boues soit&hellip;<\/p>\n","protected":false},"author":1,"featured_media":0,"parent":0,"menu_order":0,"comment_status":"closed","ping_status":"closed","template":"","meta":{"footnotes":""},"class_list":["post-2289","page","type-page","status-publish","hentry","description-off"],"yoast_head":"<!-- This site is optimized with the Yoast SEO plugin v27.3 - https:\/\/yoast.com\/product\/yoast-seo-wordpress\/ -->\n<title>S\u00e9choir \u00e0 basse temp\u00e9rature | Michel S\u00e9chage des boues<\/title>\n<meta name=\"description\" content=\"D\u00e9couvrez les s\u00e9cheurs basse temp\u00e9rature de michel SLUDGE-DRYING-SYSTEMS pour un s\u00e9chage en douceur des boues.\" \/>\n<meta name=\"robots\" content=\"index, follow, max-snippet:-1, max-image-preview:large, max-video-preview:-1\" \/>\n<link rel=\"canonical\" href=\"https:\/\/schlammtrocknung.com\/fr\/sechoir-a-basse-temperature\/\" \/>\n<meta property=\"og:locale\" content=\"fr_FR\" \/>\n<meta property=\"og:type\" content=\"article\" \/>\n<meta property=\"og:title\" content=\"S\u00e9choir \u00e0 basse temp\u00e9rature | Michel S\u00e9chage des boues\" \/>\n<meta property=\"og:description\" content=\"D\u00e9couvrez les s\u00e9cheurs basse temp\u00e9rature de michel SLUDGE-DRYING-SYSTEMS pour un s\u00e9chage en douceur des boues.\" \/>\n<meta property=\"og:url\" content=\"https:\/\/schlammtrocknung.com\/fr\/sechoir-a-basse-temperature\/\" \/>\n<meta property=\"og:site_name\" content=\"Schlammtrocknung \u2013 michel SLUDGE DRYING SYSTEM\" \/>\n<meta property=\"article:modified_time\" content=\"2025-05-09T08:43:16+00:00\" \/>\n<meta name=\"twitter:card\" content=\"summary_large_image\" \/>\n<meta name=\"twitter:label1\" content=\"Dur\u00e9e de lecture estim\u00e9e\" \/>\n\t<meta name=\"twitter:data1\" content=\"5 minutes\" \/>\n<script type=\"application\/ld+json\" class=\"yoast-schema-graph\">{\"@context\":\"https:\\\/\\\/schema.org\",\"@graph\":[{\"@type\":\"WebPage\",\"@id\":\"https:\\\/\\\/schlammtrocknung.com\\\/fr\\\/sechoir-a-basse-temperature\\\/\",\"url\":\"https:\\\/\\\/schlammtrocknung.com\\\/fr\\\/sechoir-a-basse-temperature\\\/\",\"name\":\"S\u00e9choir \u00e0 basse temp\u00e9rature | Michel S\u00e9chage des boues\",\"isPartOf\":{\"@id\":\"https:\\\/\\\/schlammtrocknung.com\\\/#website\"},\"datePublished\":\"2024-09-04T13:19:37+00:00\",\"dateModified\":\"2025-05-09T08:43:16+00:00\",\"description\":\"D\u00e9couvrez les s\u00e9cheurs basse temp\u00e9rature de michel SLUDGE-DRYING-SYSTEMS pour un s\u00e9chage en douceur des boues.\",\"breadcrumb\":{\"@id\":\"https:\\\/\\\/schlammtrocknung.com\\\/fr\\\/sechoir-a-basse-temperature\\\/#breadcrumb\"},\"inLanguage\":\"fr-FR\",\"potentialAction\":[{\"@type\":\"ReadAction\",\"target\":[\"https:\\\/\\\/schlammtrocknung.com\\\/fr\\\/sechoir-a-basse-temperature\\\/\"]}]},{\"@type\":\"BreadcrumbList\",\"@id\":\"https:\\\/\\\/schlammtrocknung.com\\\/fr\\\/sechoir-a-basse-temperature\\\/#breadcrumb\",\"itemListElement\":[{\"@type\":\"ListItem\",\"position\":1,\"name\":\"Startseite\",\"item\":\"https:\\\/\\\/schlammtrocknung.com\\\/fr\\\/page-daccueil-2\\\/\"},{\"@type\":\"ListItem\",\"position\":2,\"name\":\"S\u00e9choir \u00e0 basse temp\u00e9rature\"}]},{\"@type\":\"WebSite\",\"@id\":\"https:\\\/\\\/schlammtrocknung.com\\\/#website\",\"url\":\"https:\\\/\\\/schlammtrocknung.com\\\/\",\"name\":\"Schlammtrocknung | SDS - Schlammtrocknung\",\"description\":\"Schlamm- L\u00f6sungen f\u00fcr Kl\u00e4rwerke, Industrie und Umwelt\",\"publisher\":{\"@id\":\"https:\\\/\\\/schlammtrocknung.com\\\/#organization\"},\"potentialAction\":[{\"@type\":\"SearchAction\",\"target\":{\"@type\":\"EntryPoint\",\"urlTemplate\":\"https:\\\/\\\/schlammtrocknung.com\\\/?s={search_term_string}\"},\"query-input\":{\"@type\":\"PropertyValueSpecification\",\"valueRequired\":true,\"valueName\":\"search_term_string\"}}],\"inLanguage\":\"fr-FR\"},{\"@type\":\"Organization\",\"@id\":\"https:\\\/\\\/schlammtrocknung.com\\\/#organization\",\"name\":\"Schlammtrocknung | SDS - Schlammtrocknung\",\"url\":\"https:\\\/\\\/schlammtrocknung.com\\\/\",\"logo\":{\"@type\":\"ImageObject\",\"inLanguage\":\"fr-FR\",\"@id\":\"https:\\\/\\\/schlammtrocknung.com\\\/#\\\/schema\\\/logo\\\/image\\\/\",\"url\":\"https:\\\/\\\/schlammtrocknung.com\\\/wp-content\\\/uploads\\\/2023\\\/02\\\/logo_sds-1.png\",\"contentUrl\":\"https:\\\/\\\/schlammtrocknung.com\\\/wp-content\\\/uploads\\\/2023\\\/02\\\/logo_sds-1.png\",\"width\":697,\"height\":187,\"caption\":\"Schlammtrocknung | SDS - Schlammtrocknung\"},\"image\":{\"@id\":\"https:\\\/\\\/schlammtrocknung.com\\\/#\\\/schema\\\/logo\\\/image\\\/\"}}]}<\/script>\n<!-- \/ Yoast SEO plugin. -->","yoast_head_json":{"title":"S\u00e9choir \u00e0 basse temp\u00e9rature | Michel S\u00e9chage des boues","description":"D\u00e9couvrez les s\u00e9cheurs basse temp\u00e9rature de michel SLUDGE-DRYING-SYSTEMS pour un s\u00e9chage en douceur des boues.","robots":{"index":"index","follow":"follow","max-snippet":"max-snippet:-1","max-image-preview":"max-image-preview:large","max-video-preview":"max-video-preview:-1"},"canonical":"https:\/\/schlammtrocknung.com\/fr\/sechoir-a-basse-temperature\/","og_locale":"fr_FR","og_type":"article","og_title":"S\u00e9choir \u00e0 basse temp\u00e9rature | Michel S\u00e9chage des boues","og_description":"D\u00e9couvrez les s\u00e9cheurs basse temp\u00e9rature de michel SLUDGE-DRYING-SYSTEMS pour un s\u00e9chage en douceur des boues.","og_url":"https:\/\/schlammtrocknung.com\/fr\/sechoir-a-basse-temperature\/","og_site_name":"Schlammtrocknung \u2013 michel SLUDGE DRYING SYSTEM","article_modified_time":"2025-05-09T08:43:16+00:00","twitter_card":"summary_large_image","twitter_misc":{"Dur\u00e9e de lecture estim\u00e9e":"5 minutes"},"schema":{"@context":"https:\/\/schema.org","@graph":[{"@type":"WebPage","@id":"https:\/\/schlammtrocknung.com\/fr\/sechoir-a-basse-temperature\/","url":"https:\/\/schlammtrocknung.com\/fr\/sechoir-a-basse-temperature\/","name":"S\u00e9choir \u00e0 basse temp\u00e9rature | Michel S\u00e9chage des boues","isPartOf":{"@id":"https:\/\/schlammtrocknung.com\/#website"},"datePublished":"2024-09-04T13:19:37+00:00","dateModified":"2025-05-09T08:43:16+00:00","description":"D\u00e9couvrez les s\u00e9cheurs basse temp\u00e9rature de michel SLUDGE-DRYING-SYSTEMS pour un s\u00e9chage en douceur des boues.","breadcrumb":{"@id":"https:\/\/schlammtrocknung.com\/fr\/sechoir-a-basse-temperature\/#breadcrumb"},"inLanguage":"fr-FR","potentialAction":[{"@type":"ReadAction","target":["https:\/\/schlammtrocknung.com\/fr\/sechoir-a-basse-temperature\/"]}]},{"@type":"BreadcrumbList","@id":"https:\/\/schlammtrocknung.com\/fr\/sechoir-a-basse-temperature\/#breadcrumb","itemListElement":[{"@type":"ListItem","position":1,"name":"Startseite","item":"https:\/\/schlammtrocknung.com\/fr\/page-daccueil-2\/"},{"@type":"ListItem","position":2,"name":"S\u00e9choir \u00e0 basse temp\u00e9rature"}]},{"@type":"WebSite","@id":"https:\/\/schlammtrocknung.com\/#website","url":"https:\/\/schlammtrocknung.com\/","name":"Schlammtrocknung | SDS - Schlammtrocknung","description":"Schlamm- L\u00f6sungen f\u00fcr Kl\u00e4rwerke, Industrie und Umwelt","publisher":{"@id":"https:\/\/schlammtrocknung.com\/#organization"},"potentialAction":[{"@type":"SearchAction","target":{"@type":"EntryPoint","urlTemplate":"https:\/\/schlammtrocknung.com\/?s={search_term_string}"},"query-input":{"@type":"PropertyValueSpecification","valueRequired":true,"valueName":"search_term_string"}}],"inLanguage":"fr-FR"},{"@type":"Organization","@id":"https:\/\/schlammtrocknung.com\/#organization","name":"Schlammtrocknung | SDS - Schlammtrocknung","url":"https:\/\/schlammtrocknung.com\/","logo":{"@type":"ImageObject","inLanguage":"fr-FR","@id":"https:\/\/schlammtrocknung.com\/#\/schema\/logo\/image\/","url":"https:\/\/schlammtrocknung.com\/wp-content\/uploads\/2023\/02\/logo_sds-1.png","contentUrl":"https:\/\/schlammtrocknung.com\/wp-content\/uploads\/2023\/02\/logo_sds-1.png","width":697,"height":187,"caption":"Schlammtrocknung | SDS - Schlammtrocknung"},"image":{"@id":"https:\/\/schlammtrocknung.com\/#\/schema\/logo\/image\/"}}]}},"_links":{"self":[{"href":"https:\/\/schlammtrocknung.com\/fr\/wp-json\/wp\/v2\/pages\/2289","targetHints":{"allow":["GET"]}}],"collection":[{"href":"https:\/\/schlammtrocknung.com\/fr\/wp-json\/wp\/v2\/pages"}],"about":[{"href":"https:\/\/schlammtrocknung.com\/fr\/wp-json\/wp\/v2\/types\/page"}],"author":[{"embeddable":true,"href":"https:\/\/schlammtrocknung.com\/fr\/wp-json\/wp\/v2\/users\/1"}],"replies":[{"embeddable":true,"href":"https:\/\/schlammtrocknung.com\/fr\/wp-json\/wp\/v2\/comments?post=2289"}],"version-history":[{"count":2,"href":"https:\/\/schlammtrocknung.com\/fr\/wp-json\/wp\/v2\/pages\/2289\/revisions"}],"predecessor-version":[{"id":2301,"href":"https:\/\/schlammtrocknung.com\/fr\/wp-json\/wp\/v2\/pages\/2289\/revisions\/2301"}],"wp:attachment":[{"href":"https:\/\/schlammtrocknung.com\/fr\/wp-json\/wp\/v2\/media?parent=2289"}],"curies":[{"name":"wp","href":"https:\/\/api.w.org\/{rel}","templated":true}]}}