{"id":2317,"date":"2024-09-04T12:54:09","date_gmt":"2024-09-04T10:54:09","guid":{"rendered":"https:\/\/schlammtrocknung.com\/sechage-des-boues-de-papier\/"},"modified":"2025-05-09T10:46:05","modified_gmt":"2025-05-09T08:46:05","slug":"sechage-des-boues-de-papier","status":"publish","type":"page","link":"https:\/\/schlammtrocknung.com\/fr\/services\/sechage-des-boues-de-papier\/","title":{"rendered":"S\u00e9chage des boues de papier"},"content":{"rendered":"<div class=\"wpb-content-wrapper\"><p>[vc_row content_placement=\u00a0\u00bbtop\u00a0\u00bb][vc_column][vc_column_text]<\/p>\n<h1 style=\"text-align: center;\"><span style=\"color: #728d2a;\">S\u00e9chage des boues de papier : valoriser les d\u00e9chets et pr\u00e9server l&rsquo;environnement<br \/>\n<\/span><\/h1>\n<p>[\/vc_column_text][vc_column_text]<\/p>\n<p style=\"text-align: center;\"><span style=\"font-weight: 400;\">Profitez des solutions avanc\u00e9es de <\/span><b>michel SLUDGE-DRYING-SYSTEMS<\/b><span style=\"font-weight: 400;\"> pour un traitement efficace et respectueux de l&rsquo;environnement <\/span><b>S\u00e9chage des boues de papier<\/b><span style=\"font-weight: 400;\">. Nos installations permettent de minimiser le volume de vos d\u00e9chets de production et de les \u00e9liminer ou de les recycler de mani\u00e8re appropri\u00e9e.<\/span><\/p>\n<p style=\"text-align: center;\"><a href=\"https:\/\/schlammtrocknung.com\/kontakt\/\">En savoir plus !<\/a><\/p>\n<p>[\/vc_column_text][vc_empty_space height=\u00a0\u00bb50px\u00a0\u00bb][\/vc_column][\/vc_row][vc_row][vc_column width=\u00a0\u00bb2\/3&Prime;][vc_column_text]<\/p>\n<h2><span style=\"color: #728d2a;\">Traitement efficace des boues de papier<br \/>\n<\/span><\/h2>\n<p>[\/vc_column_text][vc_message]<i><span style=\"font-weight: 400;\">Qu&rsquo;est-ce que les boues de papier ?<\/span><\/i><\/p>\n<p><i><span style=\"font-weight: 400;\">Les boues de papier sont un sous-produit de la fabrication du papier, g\u00e9n\u00e9r\u00e9 pendant le processus de nettoyage de la p\u00e2te et de filtration de l&rsquo;eau. Ces boues sont principalement compos\u00e9es de fibres, de charges, de produits chimiques et d&rsquo;eau.   <\/span><\/i>[\/vc_message][vc_column_text]<span style=\"font-weight: 400;\">Bien qu&rsquo;elles contiennent des mati\u00e8res organiques pr\u00e9cieuses, les <\/span><b>boues de papier<\/b><span style=\"font-weight: 400;\"> sans traitement appropri\u00e9, posent un probl\u00e8me <\/span><b>probl\u00e8me d&rsquo;\u00e9limination<\/b><span style=\"font-weight: 400;\">  est un enjeu majeur. Un traitement et un s\u00e9chage efficaces des boues sont essentiels pour minimiser leur impact sur l&rsquo;environnement et maximiser le recyclage des mati\u00e8res premi\u00e8res qu&rsquo;elles contiennent. <\/span>[\/vc_column_text][vc_empty_space height=\u00a0\u00bb70px\u00a0\u00bb][\/vc_column][\/vc_row][vc_row][vc_column width=\u00a0\u00bb1\/2&Prime;][vc_single_image image=\u00a0\u00bb1225&Prime; img_size=\u00a0\u00bbfull\u00a0\u00bb][vc_empty_space height=\u00a0\u00bb70px\u00a0\u00bb][\/vc_column][vc_column width=\u00a0\u00bb1\/2&Prime;][vc_column_text]<span style=\"font-weight: 400;\">Ce n&rsquo;est que par <\/span><b>S\u00e9chage des boues de papier<\/b><span style=\"font-weight: 400;\">  parvient \u00e0 r\u00e9duire son volume et son poids, ce qui minimise les co\u00fbts et l&rsquo;impact environnemental de son transport et de son \u00e9limination. Le s\u00e9chage permet de stabiliser la boue, ce qui r\u00e9duit le d\u00e9gagement d&rsquo;odeurs et le risque de contamination.   <\/span><\/p>\n<p><span style=\"font-weight: 400;\">De plus, le <a href=\"https:\/\/schlammtrocknung.com\/schlammtrocknung-verfahren\/\">processus de s\u00e9chage<\/a> permet de r\u00e9cup\u00e9rer les fibres et les charges pour les r\u00e9utiliser dans la production de papier ou dans d&rsquo;autres applications industrielles, ce qui r\u00e9duit la n\u00e9cessit\u00e9 d&rsquo;extraire de nouvelles mati\u00e8res premi\u00e8res et contribue \u00e0 la pr\u00e9servation des ressources naturelles.<\/span>[\/vc_column_text][\/vc_column][\/vc_row][vc_row][vc_column width=\u00a0\u00bb1\/2&Prime;][vc_column_text]<\/p>\n<h2><span style=\"color: #728d2a;\">S\u00e9chage avanc\u00e9 des boues de papier avec les SLUDGE-DRYING-SYSTEMS de michel<\/span><\/h2>\n<p><span style=\"font-weight: 400;\">michel SLUDGE-DRYING-SYSTEMS utilise une technologie de pointe pour le s\u00e9chage des boues. <\/span><b>s\u00e9chage des boues de papier<\/b><span style=\"font-weight: 400;\">qui offre une haute <\/span><b>efficacit\u00e9 \u00e9nerg\u00e9tique<\/b><span style=\"font-weight: 400;\">  et un faible impact sur l&rsquo;environnement. Nos installations utilisent une combinaison de   <\/span><b>S\u00e9chage par contact et par convection<\/b><span style=\"font-weight: 400;\">Le syst\u00e8me de s\u00e9chage \u00e0 la vapeur est bas\u00e9 sur le principe de l&rsquo;\u00e9change thermique, qui permet un transfert de chaleur uniforme et efficace. <\/span> <\/p>\n<p><span style=\"font-weight: 400;\">Ce syst\u00e8me fonctionne \u00e0 basse temp\u00e9rature afin de r\u00e9duire les co\u00fbts \u00e9nerg\u00e9tiques. Les syst\u00e8mes modulaires peuvent \u00eatre install\u00e9s directement sur site et sont disponibles en diff\u00e9rentes tailles pour r\u00e9pondre aux diff\u00e9rents volumes et besoins des entreprises de production de papier. <\/span>[\/vc_column_text][\/vc_column][vc_column width=\u00a0\u00bb1\/2&Prime;][vc_single_image image=\u00a0\u00bb373&Prime; img_size=\u00a0\u00bb600&#215;480&Prime;][vc_empty_space height=\u00a0\u00bb70px\u00a0\u00bb][\/vc_column][\/vc_row][vc_row][vc_column width=\u00a0\u00bb1\/2&Prime;][vc_single_image image=\u00a0\u00bb371&Prime; img_size=\u00a0\u00bb600&#215;550&Prime;][vc_empty_space height=\u00a0\u00bb70px\u00a0\u00bb][\/vc_column][vc_column width=\u00a0\u00bb1\/2&Prime;][vc_column_text]<\/p>\n<h3><span style=\"color: #728d2a;\">Avantages du s\u00e9chage des boues de papier avec SLUDGE-DRYING-SYSTEMS de michel<\/span><\/h3>\n<p><span style=\"font-weight: 400;\">En tant que fournisseur leader d&rsquo;installations sp\u00e9cialis\u00e9es dans le s\u00e9chage des boues de papier, il y a de nombreuses bonnes raisons de choisir nos solutions :<\/span><\/p>\n<ul>\n<li style=\"font-weight: 400;\" aria-level=\"1\"><b>Pas de transport n\u00e9cessaire : <\/b><span style=\"font-weight: 400;\">Nos installations fonctionnent directement sur place et rendent obsol\u00e8te le transport suppl\u00e9mentaire des boues de papier non trait\u00e9es.<\/span><\/li>\n<li style=\"font-weight: 400;\" aria-level=\"1\"><b>Co\u00fbts d&rsquo;exploitation r\u00e9duits :<\/b><span style=\"font-weight: 400;\"> Gr\u00e2ce \u00e0 un s\u00e9chage efficace \u00e0 basse temp\u00e9rature, vous b\u00e9n\u00e9ficiez d&rsquo;une consommation d&rsquo;\u00e9nergie r\u00e9duite.<\/span><\/li>\n<li style=\"font-weight: 400;\" aria-level=\"1\"><b>Gain de place :<\/b><span style=\"font-weight: 400;\"> En s\u00e9chant les boues, vous r\u00e9duisez le volume de vos boues de papier et donc la taille de votre espace de stockage.<\/span><\/li>\n<li style=\"font-weight: 400;\" aria-level=\"1\"><b>Am\u00e9lioration de la qualit\u00e9 des mat\u00e9riaux :<\/b><span style=\"font-weight: 400;\"> Notre processus de s\u00e9chage doux pr\u00e9serve la qualit\u00e9 des fibres pour d&rsquo;autres applications industrielles.<\/span><\/li>\n<li style=\"font-weight: 400;\" aria-level=\"1\"><b>La flexibilit\u00e9 :<\/b><span style=\"font-weight: 400;\"> Nos syst\u00e8mes adaptables peuvent \u00eatre adapt\u00e9s \u00e0 diff\u00e9rentes qualit\u00e9s et quantit\u00e9s de boues.<\/span><\/li>\n<\/ul>\n<p>[\/vc_column_text][\/vc_column][\/vc_row][vc_row][vc_column][vc_cta h2=\u00a0\u00bbContactez-nous maintenant !\u00a0\u00bb txt_align=\u00a0\u00bbcenter\u00a0\u00bb add_button=\u00a0\u00bbbottom\u00a0\u00bb btn_title=\u00a0\u00bbContactez-nous !\u00a0\u00bb btn_style=\u00a0\u00bbgradient-custom\u00a0\u00bb btn_gradient_custom_color_1=\u00a0\u00bb#728d2a\u00a0\u00bb btn_gradient_custom_color_2=\u00a0\u00bb#728d2a\u00a0\u00bb btn_align=\u00a0\u00bbcenter\u00a0\u00bb btn_link=\u00a0\u00bburl:https%3A%2F%2Fschlammtrocknung.com%2Fkontakt%2F|title:Contact|\u00a0\u00bb]<\/p>\n<p style=\"text-align: center;\"><span style=\"font-weight: 400;\">Avec les solutions avanc\u00e9es de <\/span><b>michel SLUDGE-DRYING-SYSTEMS<\/b><span style=\"font-weight: 400;\"> dans le domaine <\/span><b>S\u00e9chage des boues de papier<\/b><span style=\"font-weight: 400;\">  vous pouvez non seulement \u00e9liminer vos d\u00e9chets de mani\u00e8re appropri\u00e9e, mais aussi contribuer activement \u00e0 la protection de l&rsquo;environnement. Contactez-nous d\u00e8s aujourd&rsquo;hui pour en savoir plus sur nos installations et sur la mani\u00e8re dont nous pouvons vous aider \u00e0 atteindre vos objectifs \u00e9cologiques. <\/span><\/p>\n<p>[\/vc_cta][vc_empty_space height=\u00a0\u00bb50px\u00a0\u00bb][\/vc_column][\/vc_row][vc_row][vc_column][vc_column_text]<\/p>\n<h2 style=\"text-align: center;\"><span style=\"color: #728d2a;\">FAQ &#8211; Foire aux questions sur le s\u00e9chage des boues de papeterie<\/span><\/h2>\n<p>[\/vc_column_text][\/vc_column][\/vc_row][vc_row][vc_column][vc_toggle title=\u00a0\u00bbQu&apos;est-ce que la boue de papier et comment se forme-t-elle ?\u00a0\u00bb]<span style=\"font-weight: 400;\">Les boues de papier sont un sous-produit de la fabrication du papier, compos\u00e9 de fibres, de charges et de produits chimiques. Elles sont produites lors du nettoyage de la p\u00e2te \u00e0 papier et de la filtration de l&rsquo;eau pendant le processus de production. <\/span>[\/vc_toggle][vc_toggle title=\u00a0\u00bbPourquoi le s\u00e9chage des boues de papier est-il important ?\u00a0\u00bb]<span style=\"font-weight: 400;\">Le s\u00e9chage r\u00e9duit le volume et le poids des boues de papier, diminue les co\u00fbts de transport et d&rsquo;\u00e9limination et r\u00e9duit l&rsquo;impact environnemental. Il permet \u00e9galement de r\u00e9cup\u00e9rer et de r\u00e9utiliser des fibres et des charges pr\u00e9cieuses. <\/span>[\/vc_toggle][vc_toggle title=\u00a0\u00bbComment fonctionne le s\u00e9chage des boues de papier ?\u00a0\u00bb]SLUDGE-DRYING-SYSTEMS de michel utilise des technologies de s\u00e9chage avanc\u00e9es, notamment le s\u00e9chage par contact et par convection \u00e0 basse temp\u00e9rature, qui garantissent un s\u00e9chage efficace et \u00e9conome en \u00e9nergie. De cette mani\u00e8re, la teneur en eau des boues est r\u00e9duite, ainsi que leur volume.[\/vc_toggle][\/vc_column][\/vc_row]<\/p>\n<\/div>","protected":false},"excerpt":{"rendered":"<p>[vc_row content_placement=\u00a0\u00bbtop\u00a0\u00bb][vc_column][vc_column_text] S\u00e9chage des boues de papier : valoriser les d\u00e9chets et pr\u00e9server l&rsquo;environnement [\/vc_column_text][vc_column_text] Profitez des solutions avanc\u00e9es de michel SLUDGE-DRYING-SYSTEMS pour un traitement efficace et respectueux de l&rsquo;environnement S\u00e9chage des boues de papier. Nos installations permettent de minimiser le volume de vos d\u00e9chets de production et de les \u00e9liminer ou de les recycler&hellip;<\/p>\n","protected":false},"author":1,"featured_media":0,"parent":2377,"menu_order":0,"comment_status":"closed","ping_status":"closed","template":"","meta":{"footnotes":""},"class_list":["post-2317","page","type-page","status-publish","hentry","description-off"],"yoast_head":"<!-- This site is optimized with the Yoast SEO plugin v27.3 - https:\/\/yoast.com\/product\/yoast-seo-wordpress\/ -->\n<title>S\u00e9chage de boues de papier | Michel S\u00e9chage de boues<\/title>\n<meta name=\"description\" content=\"D\u00e9couvrez le s\u00e9chage efficace des boues de papier de michel SLUDGE-DRYING-SYSTEMS pour une valorisation durable des d\u00e9chets.\" \/>\n<meta name=\"robots\" content=\"index, follow, max-snippet:-1, max-image-preview:large, max-video-preview:-1\" \/>\n<link rel=\"canonical\" href=\"https:\/\/schlammtrocknung.com\/fr\/services\/sechage-des-boues-de-papier\/\" \/>\n<meta property=\"og:locale\" content=\"fr_FR\" \/>\n<meta property=\"og:type\" content=\"article\" \/>\n<meta property=\"og:title\" content=\"S\u00e9chage de boues de papier | Michel S\u00e9chage de boues\" \/>\n<meta property=\"og:description\" content=\"D\u00e9couvrez le s\u00e9chage efficace des boues de papier de michel SLUDGE-DRYING-SYSTEMS pour une valorisation durable des d\u00e9chets.\" \/>\n<meta property=\"og:url\" content=\"https:\/\/schlammtrocknung.com\/fr\/services\/sechage-des-boues-de-papier\/\" \/>\n<meta property=\"og:site_name\" content=\"Schlammtrocknung \u2013 michel SLUDGE DRYING SYSTEM\" \/>\n<meta property=\"article:modified_time\" content=\"2025-05-09T08:46:05+00:00\" \/>\n<meta name=\"twitter:card\" content=\"summary_large_image\" \/>\n<meta name=\"twitter:label1\" content=\"Dur\u00e9e de lecture estim\u00e9e\" \/>\n\t<meta name=\"twitter:data1\" content=\"5 minutes\" \/>\n<script type=\"application\/ld+json\" class=\"yoast-schema-graph\">{\"@context\":\"https:\\\/\\\/schema.org\",\"@graph\":[{\"@type\":\"WebPage\",\"@id\":\"https:\\\/\\\/schlammtrocknung.com\\\/fr\\\/services\\\/sechage-des-boues-de-papier\\\/\",\"url\":\"https:\\\/\\\/schlammtrocknung.com\\\/fr\\\/services\\\/sechage-des-boues-de-papier\\\/\",\"name\":\"S\u00e9chage de boues de papier | Michel S\u00e9chage de boues\",\"isPartOf\":{\"@id\":\"https:\\\/\\\/schlammtrocknung.com\\\/#website\"},\"datePublished\":\"2024-09-04T10:54:09+00:00\",\"dateModified\":\"2025-05-09T08:46:05+00:00\",\"description\":\"D\u00e9couvrez le s\u00e9chage efficace des boues de papier de michel SLUDGE-DRYING-SYSTEMS pour une valorisation durable des d\u00e9chets.\",\"breadcrumb\":{\"@id\":\"https:\\\/\\\/schlammtrocknung.com\\\/fr\\\/services\\\/sechage-des-boues-de-papier\\\/#breadcrumb\"},\"inLanguage\":\"fr-FR\",\"potentialAction\":[{\"@type\":\"ReadAction\",\"target\":[\"https:\\\/\\\/schlammtrocknung.com\\\/fr\\\/services\\\/sechage-des-boues-de-papier\\\/\"]}]},{\"@type\":\"BreadcrumbList\",\"@id\":\"https:\\\/\\\/schlammtrocknung.com\\\/fr\\\/services\\\/sechage-des-boues-de-papier\\\/#breadcrumb\",\"itemListElement\":[{\"@type\":\"ListItem\",\"position\":1,\"name\":\"Startseite\",\"item\":\"https:\\\/\\\/schlammtrocknung.com\\\/fr\\\/page-daccueil-2\\\/\"},{\"@type\":\"ListItem\",\"position\":2,\"name\":\"Services\",\"item\":\"https:\\\/\\\/schlammtrocknung.com\\\/fr\\\/services\\\/\"},{\"@type\":\"ListItem\",\"position\":3,\"name\":\"S\u00e9chage des boues de papier\"}]},{\"@type\":\"WebSite\",\"@id\":\"https:\\\/\\\/schlammtrocknung.com\\\/#website\",\"url\":\"https:\\\/\\\/schlammtrocknung.com\\\/\",\"name\":\"Schlammtrocknung | SDS - Schlammtrocknung\",\"description\":\"Schlamm- L\u00f6sungen f\u00fcr Kl\u00e4rwerke, Industrie und Umwelt\",\"publisher\":{\"@id\":\"https:\\\/\\\/schlammtrocknung.com\\\/#organization\"},\"potentialAction\":[{\"@type\":\"SearchAction\",\"target\":{\"@type\":\"EntryPoint\",\"urlTemplate\":\"https:\\\/\\\/schlammtrocknung.com\\\/?s={search_term_string}\"},\"query-input\":{\"@type\":\"PropertyValueSpecification\",\"valueRequired\":true,\"valueName\":\"search_term_string\"}}],\"inLanguage\":\"fr-FR\"},{\"@type\":\"Organization\",\"@id\":\"https:\\\/\\\/schlammtrocknung.com\\\/#organization\",\"name\":\"Schlammtrocknung | SDS - Schlammtrocknung\",\"url\":\"https:\\\/\\\/schlammtrocknung.com\\\/\",\"logo\":{\"@type\":\"ImageObject\",\"inLanguage\":\"fr-FR\",\"@id\":\"https:\\\/\\\/schlammtrocknung.com\\\/#\\\/schema\\\/logo\\\/image\\\/\",\"url\":\"https:\\\/\\\/schlammtrocknung.com\\\/wp-content\\\/uploads\\\/2023\\\/02\\\/logo_sds-1.png\",\"contentUrl\":\"https:\\\/\\\/schlammtrocknung.com\\\/wp-content\\\/uploads\\\/2023\\\/02\\\/logo_sds-1.png\",\"width\":697,\"height\":187,\"caption\":\"Schlammtrocknung | SDS - Schlammtrocknung\"},\"image\":{\"@id\":\"https:\\\/\\\/schlammtrocknung.com\\\/#\\\/schema\\\/logo\\\/image\\\/\"}}]}<\/script>\n<!-- \/ Yoast SEO plugin. -->","yoast_head_json":{"title":"S\u00e9chage de boues de papier | Michel S\u00e9chage de boues","description":"D\u00e9couvrez le s\u00e9chage efficace des boues de papier de michel SLUDGE-DRYING-SYSTEMS pour une valorisation durable des d\u00e9chets.","robots":{"index":"index","follow":"follow","max-snippet":"max-snippet:-1","max-image-preview":"max-image-preview:large","max-video-preview":"max-video-preview:-1"},"canonical":"https:\/\/schlammtrocknung.com\/fr\/services\/sechage-des-boues-de-papier\/","og_locale":"fr_FR","og_type":"article","og_title":"S\u00e9chage de boues de papier | Michel S\u00e9chage de boues","og_description":"D\u00e9couvrez le s\u00e9chage efficace des boues de papier de michel SLUDGE-DRYING-SYSTEMS pour une valorisation durable des d\u00e9chets.","og_url":"https:\/\/schlammtrocknung.com\/fr\/services\/sechage-des-boues-de-papier\/","og_site_name":"Schlammtrocknung \u2013 michel SLUDGE DRYING SYSTEM","article_modified_time":"2025-05-09T08:46:05+00:00","twitter_card":"summary_large_image","twitter_misc":{"Dur\u00e9e de lecture estim\u00e9e":"5 minutes"},"schema":{"@context":"https:\/\/schema.org","@graph":[{"@type":"WebPage","@id":"https:\/\/schlammtrocknung.com\/fr\/services\/sechage-des-boues-de-papier\/","url":"https:\/\/schlammtrocknung.com\/fr\/services\/sechage-des-boues-de-papier\/","name":"S\u00e9chage de boues de papier | Michel S\u00e9chage de boues","isPartOf":{"@id":"https:\/\/schlammtrocknung.com\/#website"},"datePublished":"2024-09-04T10:54:09+00:00","dateModified":"2025-05-09T08:46:05+00:00","description":"D\u00e9couvrez le s\u00e9chage efficace des boues de papier de michel SLUDGE-DRYING-SYSTEMS pour une valorisation durable des d\u00e9chets.","breadcrumb":{"@id":"https:\/\/schlammtrocknung.com\/fr\/services\/sechage-des-boues-de-papier\/#breadcrumb"},"inLanguage":"fr-FR","potentialAction":[{"@type":"ReadAction","target":["https:\/\/schlammtrocknung.com\/fr\/services\/sechage-des-boues-de-papier\/"]}]},{"@type":"BreadcrumbList","@id":"https:\/\/schlammtrocknung.com\/fr\/services\/sechage-des-boues-de-papier\/#breadcrumb","itemListElement":[{"@type":"ListItem","position":1,"name":"Startseite","item":"https:\/\/schlammtrocknung.com\/fr\/page-daccueil-2\/"},{"@type":"ListItem","position":2,"name":"Services","item":"https:\/\/schlammtrocknung.com\/fr\/services\/"},{"@type":"ListItem","position":3,"name":"S\u00e9chage des boues de papier"}]},{"@type":"WebSite","@id":"https:\/\/schlammtrocknung.com\/#website","url":"https:\/\/schlammtrocknung.com\/","name":"Schlammtrocknung | SDS - Schlammtrocknung","description":"Schlamm- L\u00f6sungen f\u00fcr Kl\u00e4rwerke, Industrie und Umwelt","publisher":{"@id":"https:\/\/schlammtrocknung.com\/#organization"},"potentialAction":[{"@type":"SearchAction","target":{"@type":"EntryPoint","urlTemplate":"https:\/\/schlammtrocknung.com\/?s={search_term_string}"},"query-input":{"@type":"PropertyValueSpecification","valueRequired":true,"valueName":"search_term_string"}}],"inLanguage":"fr-FR"},{"@type":"Organization","@id":"https:\/\/schlammtrocknung.com\/#organization","name":"Schlammtrocknung | SDS - Schlammtrocknung","url":"https:\/\/schlammtrocknung.com\/","logo":{"@type":"ImageObject","inLanguage":"fr-FR","@id":"https:\/\/schlammtrocknung.com\/#\/schema\/logo\/image\/","url":"https:\/\/schlammtrocknung.com\/wp-content\/uploads\/2023\/02\/logo_sds-1.png","contentUrl":"https:\/\/schlammtrocknung.com\/wp-content\/uploads\/2023\/02\/logo_sds-1.png","width":697,"height":187,"caption":"Schlammtrocknung | SDS - Schlammtrocknung"},"image":{"@id":"https:\/\/schlammtrocknung.com\/#\/schema\/logo\/image\/"}}]}},"_links":{"self":[{"href":"https:\/\/schlammtrocknung.com\/fr\/wp-json\/wp\/v2\/pages\/2317","targetHints":{"allow":["GET"]}}],"collection":[{"href":"https:\/\/schlammtrocknung.com\/fr\/wp-json\/wp\/v2\/pages"}],"about":[{"href":"https:\/\/schlammtrocknung.com\/fr\/wp-json\/wp\/v2\/types\/page"}],"author":[{"embeddable":true,"href":"https:\/\/schlammtrocknung.com\/fr\/wp-json\/wp\/v2\/users\/1"}],"replies":[{"embeddable":true,"href":"https:\/\/schlammtrocknung.com\/fr\/wp-json\/wp\/v2\/comments?post=2317"}],"version-history":[{"count":2,"href":"https:\/\/schlammtrocknung.com\/fr\/wp-json\/wp\/v2\/pages\/2317\/revisions"}],"predecessor-version":[{"id":2320,"href":"https:\/\/schlammtrocknung.com\/fr\/wp-json\/wp\/v2\/pages\/2317\/revisions\/2320"}],"up":[{"embeddable":true,"href":"https:\/\/schlammtrocknung.com\/fr\/wp-json\/wp\/v2\/pages\/2377"}],"wp:attachment":[{"href":"https:\/\/schlammtrocknung.com\/fr\/wp-json\/wp\/v2\/media?parent=2317"}],"curies":[{"name":"wp","href":"https:\/\/api.w.org\/{rel}","templated":true}]}}