{"id":2321,"date":"2024-09-04T12:39:01","date_gmt":"2024-09-04T10:39:01","guid":{"rendered":"https:\/\/schlammtrocknung.com\/sechage-de-boues-de-vernis-a-lhuile\/"},"modified":"2025-05-09T10:46:05","modified_gmt":"2025-05-09T08:46:05","slug":"sechage-de-boues-de-vernis-a-lhuile","status":"publish","type":"page","link":"https:\/\/schlammtrocknung.com\/fr\/services\/sechage-de-boues-de-vernis-a-lhuile\/","title":{"rendered":"S\u00e9chage de boues de vernis \u00e0 l&rsquo;huile"},"content":{"rendered":"<div class=\"wpb-content-wrapper\"><p>[vc_row content_placement=\u00a0\u00bbtop\u00a0\u00bb][vc_column][vc_column_text]<\/p>\n<h1 style=\"text-align: center;\"><span style=\"color: #728d2a;\">michel SLUDGE-DRYING-SYSTEMS &#8211; le partenaire sp\u00e9cialis\u00e9 dans le s\u00e9chage des boues de peinture \u00e0 l&rsquo;huile<br \/>\n<\/span><\/h1>\n<p>[\/vc_column_text][vc_column_text]<\/p>\n<p style=\"text-align: center;\"><span style=\"font-weight: 400;\">Am\u00e9liorez votre efficacit\u00e9 et prot\u00e9gez l&rsquo;environnement gr\u00e2ce \u00e0 la technologie de pointe <\/span><b>S\u00e9chage des boues de peinture \u00e0 l&rsquo;huile<\/b><span style=\"font-weight: 400;\">. Optimisez le traitement des boues de peinture \u00e0 l&rsquo;huile gr\u00e2ce aux \u00e9quipements sp\u00e9cialis\u00e9s de<\/span> <b> michel SLUDGE-DRYING-SYSTEMS<\/b><span style=\"font-weight: 400;\">Les syst\u00e8mes de drainage sont des syst\u00e8mes qui sont \u00e0 la fois \u00e9conomiquement et \u00e9cologiquement sup\u00e9rieurs.<\/span><\/p>\n<p>[\/vc_column_text][vc_empty_space height=\u00a0\u00bb50px\u00a0\u00bb][\/vc_column][\/vc_row][vc_row][vc_column width=\u00a0\u00bb2\/3&Prime;][vc_column_text]<\/p>\n<h2><span style=\"color: #728d2a;\">\u00c9limination professionnelle par s\u00e9chage des boues de peinture \u00e0 l&rsquo;huile<br \/>\n<\/span><\/h2>\n<p>[\/vc_column_text][vc_message]<i><span style=\"font-weight: 400;\">Qu&rsquo;est-ce que la boue de peinture \u00e0 l&rsquo;huile ?<\/span><\/i><\/p>\n<p><i><span style=\"font-weight: 400;\">Les boues d&rsquo;huile et de peinture sont des sous-produits principalement g\u00e9n\u00e9r\u00e9s par l&rsquo;industrie des peintures et des vernis ainsi que par divers processus de nettoyage industriel. Il s&rsquo;agit d&rsquo;un m\u00e9lange de r\u00e9sidus de peinture, de solvants, d&rsquo;huiles et d&rsquo;eau, qui contient souvent des m\u00e9taux lourds et d&rsquo;autres substances toxiques.   <\/span><\/i>[\/vc_message][vc_column_text]<span style=\"font-weight: 400;\">Cette composition rend la manipulation correcte et s\u00fbre, ainsi que le traitement et l&rsquo;\u00e9limination des d\u00e9chets, plus faciles. <\/span><b>l&rsquo;\u00e9limination ou le recyclage des boues de peinture \u00e0 l&rsquo;huile <\/b> <span style=\"font-weight: 400;\">\u00e0 un d\u00e9fi environnemental. Le s\u00e9chage des boues de peinture \u00e0 l&rsquo;huile r\u00e9duit le risque de contamination de l&rsquo;environnement par des m\u00e9taux lourds et des toxines solubles. <\/span>[\/vc_column_text][vc_empty_space height=\u00a0\u00bb70px\u00a0\u00bb][\/vc_column][vc_column width=\u00a0\u00bb1\/3&Prime;][vc_single_image image=\u00a0\u00bb367&Prime; img_size=\u00a0\u00bb400&#215;500&Prime;][\/vc_column][\/vc_row][vc_row][vc_column width=\u00a0\u00bb1\/2&Prime;][vc_single_image image=\u00a0\u00bb376&Prime; img_size=\u00a0\u00bb600&#215;350&Prime;][vc_empty_space height=\u00a0\u00bb70px\u00a0\u00bb][\/vc_column][vc_column width=\u00a0\u00bb1\/2&Prime;][vc_column_text]<\/p>\n<h2><span style=\"color: #728d2a;\">Proc\u00e9dure de s\u00e9chage des boues d&rsquo;huile et de peinture avec michel SLUDGE-DRYING-SYSTEMS<\/span><\/h2>\n<p><span style=\"font-weight: 400;\">michel SLUDGE-DRYING-SYSTEMS construit des installations dot\u00e9es de technologies de s\u00e9chage avanc\u00e9es, sp\u00e9cialement adapt\u00e9es aux propri\u00e9t\u00e9s uniques des boues de peinture \u00e0 l&rsquo;huile. Dans un premier temps, la mati\u00e8re recyclable est   <\/span><b>pr\u00e9trait\u00e9<\/b><span style=\"font-weight: 400;\">pour filtrer les compos\u00e9s organiques volatils et les solides. Ensuite, la   <\/span><b>Conditionnement<\/b><span style=\"font-weight: 400;\">, une modification chimique visant \u00e0 am\u00e9liorer l&rsquo;efficacit\u00e9 du s\u00e9chage.<\/span>[\/vc_column_text][\/vc_column][\/vc_row][vc_row][vc_column width=\u00a0\u00bb1\/2&Prime;][vc_column_text]<span style=\"font-weight: 400;\">Par <\/span><b>le s\u00e9chage par contact et par convection<\/b><span style=\"font-weight: 400;\"> la chaleur est appliqu\u00e9e dans des conditions contr\u00f4l\u00e9es afin d&rsquo;obtenir une d\u00e9shydratation maximale. <\/span><a href=\"http:\/\/schlammtrocknung.com\/glossar\/entwaesserung\"><span style=\"font-weight: 400;\">d\u00e9shydratation<\/span><\/a><span style=\"font-weight: 400;\">  sans endommager les composants recyclables. Cela r\u00e9duit consid\u00e9rablement la quantit\u00e9 de mat\u00e9riaux \u00e0 \u00e9liminer, ce qui diminue les co\u00fbts de transport et d&rsquo;\u00e9limination. <\/span><\/p>\n<p><span style=\"font-weight: 400;\">Apr\u00e8s s\u00e9chage, les boues de peinture \u00e0 l&rsquo;huile peuvent \u00eatre utilis\u00e9es sous diff\u00e9rentes formes :<\/span><\/p>\n<ul>\n<li style=\"font-weight: 400;\" aria-level=\"1\"><b>R\u00e9cup\u00e9ration d&rsquo;\u00e9nergie :<\/b><span style=\"font-weight: 400;\"> Utilisation comme combustible secondaire dans des installations industrielles appropri\u00e9es.<\/span><\/li>\n<li style=\"font-weight: 400;\" aria-level=\"1\"><b>R\u00e9cup\u00e9ration de mat\u00e9riaux :<\/b><span style=\"font-weight: 400;\"> R\u00e9introduction de m\u00e9taux et autres mat\u00e9riaux de valeur dans le cycle de production.<\/span><\/li>\n<li style=\"font-weight: 400;\" aria-level=\"1\"><b>la mise en d\u00e9charge :<\/b><span style=\"font-weight: 400;\"> Stockage d\u00e9finitif en toute s\u00e9curit\u00e9 des mat\u00e9riaux inert\u00e9s s&rsquo;il n&rsquo;existe pas d&rsquo;autres options de recyclage.<\/span><\/li>\n<\/ul>\n<p>[\/vc_column_text][\/vc_column][vc_column width=\u00a0\u00bb1\/2&Prime;][vc_single_image image=\u00a0\u00bb373&Prime; img_size=\u00a0\u00bb600&#215;420&Prime;][vc_empty_space height=\u00a0\u00bb70px\u00a0\u00bb][\/vc_column][\/vc_row][vc_row][vc_column width=\u00a0\u00bb1\/2&Prime;][vc_single_image image=\u00a0\u00bb371&Prime; img_size=\u00a0\u00bb600&#215;500&Prime;][vc_empty_space height=\u00a0\u00bb70px\u00a0\u00bb][\/vc_column][vc_column width=\u00a0\u00bb1\/2&Prime;][vc_column_text]<\/p>\n<h3><span style=\"color: #728d2a;\">Avantages du s\u00e9chage des boues de peinture \u00e0 l&rsquo;huile avec michel SLUDGE-DRYING-SYSTEMS<\/span><\/h3>\n<p><span style=\"font-weight: 400;\">La mise en \u0153uvre de <\/span><b>michel SLUDGE-DRYING-SYSTEMS<\/b><span style=\"font-weight: 400;\"> dans votre usine apporte de nombreux avantages et transforme le traitement des <\/span><b>Boues d&rsquo;huile et de peinture<\/b><span style=\"font-weight: 400;\">. Tout d&rsquo;abord, la  <\/span><b>r\u00e9duction du volume des boues<\/b><span style=\"font-weight: 400;\"> \u00e0 des \u00e9conomies significatives sur les co\u00fbts d&rsquo;\u00e9limination. <\/span> <\/p>\n<p><span style=\"font-weight: 400;\">De plus, gr\u00e2ce \u00e0 leur efficacit\u00e9, les syst\u00e8mes soutiennent <\/span><b>contr\u00f4le des polluants<\/b><span style=\"font-weight: 400;\"> une production plus respectueuse de l&rsquo;environnement, en r\u00e9duisant les \u00e9missions et en y contribuant, <\/span><b>la l\u00e9gislation environnementale<\/b><span style=\"font-weight: 400;\">  mieux respecter les normes. Nos installations se caract\u00e9risent par une grande flexibilit\u00e9 et s&rsquo;adaptent facilement \u00e0 diff\u00e9rents types et volumes de boues. <\/span><\/p>\n<p><span style=\"font-weight: 400;\">En outre, l&rsquo;utilisation de <\/span><b>le s\u00e9chage \u00e0 basse temp\u00e9rature et les syst\u00e8mes de r\u00e9cup\u00e9ration d&rsquo;\u00e9nergie<\/b><span style=\"font-weight: 400;\"> une augmentation consid\u00e9rable de l&rsquo;efficacit\u00e9 <\/span><b>efficacit\u00e9 \u00e9nerg\u00e9tique<\/b><span style=\"font-weight: 400;\">Cela permet de minimiser la consommation d&rsquo;\u00e9nergie et de r\u00e9duire encore les co\u00fbts d&rsquo;exploitation.<\/span>[\/vc_column_text][\/vc_column][\/vc_row][vc_row][vc_column][vc_cta h2=\u00a0\u00bbCommencez votre transformation durable dans l&apos;industrie du p\u00e9trole et des peintures\u00a0\u00bb txt_align=\u00a0\u00bbcenter\u00a0\u00bb add_button=\u00a0\u00bbbottom\u00a0\u00bb btn_title=\u00a0\u00bbContactez-nous !\u00a0\u00bb btn_style=\u00a0\u00bbgradient-custom\u00a0\u00bb btn_gradient_custom_color_1=\u00a0\u00bb#728d2a\u00a0\u00bb btn_gradient_custom_color_2=\u00a0\u00bb#728d2a\u00a0\u00bb btn_align=\u00a0\u00bbcenter\u00a0\u00bb btn_link=\u00a0\u00bburl:https%3A%2F%2Fschlammtrocknung.com%2Fkontakt%2F|title:Contact|\u00a0\u00bb]<\/p>\n<p style=\"text-align: center;\"><span style=\"font-weight: 400;\">Avec des solutions avanc\u00e9es de s\u00e9chage des boues de peinture \u00e0 l&rsquo;huile de <\/span><b>michel SLUDGE-DRYING-SYSTEMS<\/b><span style=\"font-weight: 400;\"> vous permettront non seulement de r\u00e9duire vos co\u00fbts d&rsquo;exploitation et de respecter la l\u00e9gislation, mais aussi de contribuer activement \u00e0 la protection de l&rsquo;environnement. <\/span><b>protection de l&rsquo;environnement<\/b><span style=\"font-weight: 400;\">  \u00e0 . Contactez-nous d\u00e8s aujourd&rsquo;hui pour en savoir plus sur notre service de s\u00e9chage des boues de peinture \u00e0 l&rsquo;huile et sur la mani\u00e8re dont nous pouvons vous aider \u00e0 atteindre vos objectifs environnementaux et \u00e9conomiques. <\/span><\/p>\n<p>[\/vc_cta][vc_empty_space height=\u00a0\u00bb50px\u00a0\u00bb][\/vc_column][\/vc_row][vc_row][vc_column][vc_column_text]<\/p>\n<h2 style=\"text-align: center;\"><span style=\"color: #728d2a;\">FAQ &#8211; Foire aux questions sur le s\u00e9chage des boues de peinture \u00e0 l&rsquo;huile<\/span><\/h2>\n<p>[\/vc_column_text][\/vc_column][\/vc_row][vc_row][vc_column][vc_toggle title=\u00a0\u00bbPourquoi le s\u00e9chage des boues de peinture \u00e0 l&apos;huile est-il important ?\u00a0\u00bb]<span style=\"font-weight: 400;\">Les boues de peinture \u00e0 l&rsquo;huile, un sous-produit de l&rsquo;industrie des peintures et des vernis, contiennent des polluants tels que des m\u00e9taux lourds. Le s\u00e9chage des boues de peinture \u00e0 l&rsquo;huile r\u00e9duit le volume et les risques environnementaux, facilite le recyclage des contenus tels que les m\u00e9taux et am\u00e9liore l&rsquo;inflammabilit\u00e9 pour la production d&rsquo;\u00e9nergie. <\/span>[\/vc_toggle][vc_toggle title=\u00a0\u00bbComment fonctionne le s\u00e9chage des boues de peinture \u00e0 l&apos;huile ?\u00a0\u00bb]<span style=\"font-weight: 400;\">Le s\u00e9chage des boues de peinture \u00e0 l&rsquo;huile s&rsquo;effectue en r\u00e9duisant la teneur en eau des boues, ce qui permet de r\u00e9duire le volume et le poids des mat\u00e9riaux et de diminuer les co\u00fbts d&rsquo;\u00e9limination. Ce processus utilise des techniques telles que le s\u00e9chage par contact et par convection pour \u00e9liminer efficacement l&rsquo;humidit\u00e9. <\/span>[\/vc_toggle][\/vc_column][\/vc_row]<\/p>\n<\/div>","protected":false},"excerpt":{"rendered":"<p>[vc_row content_placement=\u00a0\u00bbtop\u00a0\u00bb][vc_column][vc_column_text] michel SLUDGE-DRYING-SYSTEMS &#8211; le partenaire sp\u00e9cialis\u00e9 dans le s\u00e9chage des boues de peinture \u00e0 l&rsquo;huile [\/vc_column_text][vc_column_text] Am\u00e9liorez votre efficacit\u00e9 et prot\u00e9gez l&rsquo;environnement gr\u00e2ce \u00e0 la technologie de pointe S\u00e9chage des boues de peinture \u00e0 l&rsquo;huile. Optimisez le traitement des boues de peinture \u00e0 l&rsquo;huile gr\u00e2ce aux \u00e9quipements sp\u00e9cialis\u00e9s de michel SLUDGE-DRYING-SYSTEMSLes syst\u00e8mes de&hellip;<\/p>\n","protected":false},"author":1,"featured_media":0,"parent":2377,"menu_order":0,"comment_status":"closed","ping_status":"closed","template":"","meta":{"footnotes":""},"class_list":["post-2321","page","type-page","status-publish","hentry","description-off"],"yoast_head":"<!-- This site is optimized with the Yoast SEO plugin v27.3 - https:\/\/yoast.com\/product\/yoast-seo-wordpress\/ -->\n<title>S\u00e9chage de boues de vernis \u00e0 l&#039;huile | Michel S\u00e9chage de boues<\/title>\n<meta name=\"description\" content=\"Augmentez votre efficacit\u00e9 et pr\u00e9servez l&#039;environnement gr\u00e2ce au s\u00e9chage avanc\u00e9 des boues de peinture \u00e0 l&#039;huile.\" \/>\n<meta name=\"robots\" content=\"index, follow, max-snippet:-1, max-image-preview:large, max-video-preview:-1\" \/>\n<link rel=\"canonical\" href=\"https:\/\/schlammtrocknung.com\/fr\/services\/sechage-de-boues-de-vernis-a-lhuile\/\" \/>\n<meta property=\"og:locale\" content=\"fr_FR\" \/>\n<meta property=\"og:type\" content=\"article\" \/>\n<meta property=\"og:title\" content=\"S\u00e9chage de boues de vernis \u00e0 l&#039;huile | Michel S\u00e9chage de boues\" \/>\n<meta property=\"og:description\" content=\"Augmentez votre efficacit\u00e9 et pr\u00e9servez l&#039;environnement gr\u00e2ce au s\u00e9chage avanc\u00e9 des boues de peinture \u00e0 l&#039;huile.\" \/>\n<meta property=\"og:url\" content=\"https:\/\/schlammtrocknung.com\/fr\/services\/sechage-de-boues-de-vernis-a-lhuile\/\" \/>\n<meta property=\"og:site_name\" content=\"Schlammtrocknung \u2013 michel SLUDGE DRYING SYSTEM\" \/>\n<meta property=\"article:modified_time\" content=\"2025-05-09T08:46:05+00:00\" \/>\n<meta name=\"twitter:card\" content=\"summary_large_image\" \/>\n<meta name=\"twitter:label1\" content=\"Dur\u00e9e de lecture estim\u00e9e\" \/>\n\t<meta name=\"twitter:data1\" content=\"5 minutes\" \/>\n<script type=\"application\/ld+json\" class=\"yoast-schema-graph\">{\"@context\":\"https:\\\/\\\/schema.org\",\"@graph\":[{\"@type\":\"WebPage\",\"@id\":\"https:\\\/\\\/schlammtrocknung.com\\\/fr\\\/services\\\/sechage-de-boues-de-vernis-a-lhuile\\\/\",\"url\":\"https:\\\/\\\/schlammtrocknung.com\\\/fr\\\/services\\\/sechage-de-boues-de-vernis-a-lhuile\\\/\",\"name\":\"S\u00e9chage de boues de vernis \u00e0 l'huile | Michel S\u00e9chage de boues\",\"isPartOf\":{\"@id\":\"https:\\\/\\\/schlammtrocknung.com\\\/#website\"},\"datePublished\":\"2024-09-04T10:39:01+00:00\",\"dateModified\":\"2025-05-09T08:46:05+00:00\",\"description\":\"Augmentez votre efficacit\u00e9 et pr\u00e9servez l'environnement gr\u00e2ce au s\u00e9chage avanc\u00e9 des boues de peinture \u00e0 l'huile.\",\"breadcrumb\":{\"@id\":\"https:\\\/\\\/schlammtrocknung.com\\\/fr\\\/services\\\/sechage-de-boues-de-vernis-a-lhuile\\\/#breadcrumb\"},\"inLanguage\":\"fr-FR\",\"potentialAction\":[{\"@type\":\"ReadAction\",\"target\":[\"https:\\\/\\\/schlammtrocknung.com\\\/fr\\\/services\\\/sechage-de-boues-de-vernis-a-lhuile\\\/\"]}]},{\"@type\":\"BreadcrumbList\",\"@id\":\"https:\\\/\\\/schlammtrocknung.com\\\/fr\\\/services\\\/sechage-de-boues-de-vernis-a-lhuile\\\/#breadcrumb\",\"itemListElement\":[{\"@type\":\"ListItem\",\"position\":1,\"name\":\"Startseite\",\"item\":\"https:\\\/\\\/schlammtrocknung.com\\\/fr\\\/page-daccueil-2\\\/\"},{\"@type\":\"ListItem\",\"position\":2,\"name\":\"Services\",\"item\":\"https:\\\/\\\/schlammtrocknung.com\\\/fr\\\/services\\\/\"},{\"@type\":\"ListItem\",\"position\":3,\"name\":\"S\u00e9chage de boues de vernis \u00e0 l&rsquo;huile\"}]},{\"@type\":\"WebSite\",\"@id\":\"https:\\\/\\\/schlammtrocknung.com\\\/#website\",\"url\":\"https:\\\/\\\/schlammtrocknung.com\\\/\",\"name\":\"Schlammtrocknung | SDS - Schlammtrocknung\",\"description\":\"Schlamm- L\u00f6sungen f\u00fcr Kl\u00e4rwerke, Industrie und Umwelt\",\"publisher\":{\"@id\":\"https:\\\/\\\/schlammtrocknung.com\\\/#organization\"},\"potentialAction\":[{\"@type\":\"SearchAction\",\"target\":{\"@type\":\"EntryPoint\",\"urlTemplate\":\"https:\\\/\\\/schlammtrocknung.com\\\/?s={search_term_string}\"},\"query-input\":{\"@type\":\"PropertyValueSpecification\",\"valueRequired\":true,\"valueName\":\"search_term_string\"}}],\"inLanguage\":\"fr-FR\"},{\"@type\":\"Organization\",\"@id\":\"https:\\\/\\\/schlammtrocknung.com\\\/#organization\",\"name\":\"Schlammtrocknung | SDS - Schlammtrocknung\",\"url\":\"https:\\\/\\\/schlammtrocknung.com\\\/\",\"logo\":{\"@type\":\"ImageObject\",\"inLanguage\":\"fr-FR\",\"@id\":\"https:\\\/\\\/schlammtrocknung.com\\\/#\\\/schema\\\/logo\\\/image\\\/\",\"url\":\"https:\\\/\\\/schlammtrocknung.com\\\/wp-content\\\/uploads\\\/2023\\\/02\\\/logo_sds-1.png\",\"contentUrl\":\"https:\\\/\\\/schlammtrocknung.com\\\/wp-content\\\/uploads\\\/2023\\\/02\\\/logo_sds-1.png\",\"width\":697,\"height\":187,\"caption\":\"Schlammtrocknung | SDS - Schlammtrocknung\"},\"image\":{\"@id\":\"https:\\\/\\\/schlammtrocknung.com\\\/#\\\/schema\\\/logo\\\/image\\\/\"}}]}<\/script>\n<!-- \/ Yoast SEO plugin. -->","yoast_head_json":{"title":"S\u00e9chage de boues de vernis \u00e0 l'huile | Michel S\u00e9chage de boues","description":"Augmentez votre efficacit\u00e9 et pr\u00e9servez l'environnement gr\u00e2ce au s\u00e9chage avanc\u00e9 des boues de peinture \u00e0 l'huile.","robots":{"index":"index","follow":"follow","max-snippet":"max-snippet:-1","max-image-preview":"max-image-preview:large","max-video-preview":"max-video-preview:-1"},"canonical":"https:\/\/schlammtrocknung.com\/fr\/services\/sechage-de-boues-de-vernis-a-lhuile\/","og_locale":"fr_FR","og_type":"article","og_title":"S\u00e9chage de boues de vernis \u00e0 l'huile | Michel S\u00e9chage de boues","og_description":"Augmentez votre efficacit\u00e9 et pr\u00e9servez l'environnement gr\u00e2ce au s\u00e9chage avanc\u00e9 des boues de peinture \u00e0 l'huile.","og_url":"https:\/\/schlammtrocknung.com\/fr\/services\/sechage-de-boues-de-vernis-a-lhuile\/","og_site_name":"Schlammtrocknung \u2013 michel SLUDGE DRYING SYSTEM","article_modified_time":"2025-05-09T08:46:05+00:00","twitter_card":"summary_large_image","twitter_misc":{"Dur\u00e9e de lecture estim\u00e9e":"5 minutes"},"schema":{"@context":"https:\/\/schema.org","@graph":[{"@type":"WebPage","@id":"https:\/\/schlammtrocknung.com\/fr\/services\/sechage-de-boues-de-vernis-a-lhuile\/","url":"https:\/\/schlammtrocknung.com\/fr\/services\/sechage-de-boues-de-vernis-a-lhuile\/","name":"S\u00e9chage de boues de vernis \u00e0 l'huile | Michel S\u00e9chage de boues","isPartOf":{"@id":"https:\/\/schlammtrocknung.com\/#website"},"datePublished":"2024-09-04T10:39:01+00:00","dateModified":"2025-05-09T08:46:05+00:00","description":"Augmentez votre efficacit\u00e9 et pr\u00e9servez l'environnement gr\u00e2ce au s\u00e9chage avanc\u00e9 des boues de peinture \u00e0 l'huile.","breadcrumb":{"@id":"https:\/\/schlammtrocknung.com\/fr\/services\/sechage-de-boues-de-vernis-a-lhuile\/#breadcrumb"},"inLanguage":"fr-FR","potentialAction":[{"@type":"ReadAction","target":["https:\/\/schlammtrocknung.com\/fr\/services\/sechage-de-boues-de-vernis-a-lhuile\/"]}]},{"@type":"BreadcrumbList","@id":"https:\/\/schlammtrocknung.com\/fr\/services\/sechage-de-boues-de-vernis-a-lhuile\/#breadcrumb","itemListElement":[{"@type":"ListItem","position":1,"name":"Startseite","item":"https:\/\/schlammtrocknung.com\/fr\/page-daccueil-2\/"},{"@type":"ListItem","position":2,"name":"Services","item":"https:\/\/schlammtrocknung.com\/fr\/services\/"},{"@type":"ListItem","position":3,"name":"S\u00e9chage de boues de vernis \u00e0 l&rsquo;huile"}]},{"@type":"WebSite","@id":"https:\/\/schlammtrocknung.com\/#website","url":"https:\/\/schlammtrocknung.com\/","name":"Schlammtrocknung | SDS - Schlammtrocknung","description":"Schlamm- L\u00f6sungen f\u00fcr Kl\u00e4rwerke, Industrie und Umwelt","publisher":{"@id":"https:\/\/schlammtrocknung.com\/#organization"},"potentialAction":[{"@type":"SearchAction","target":{"@type":"EntryPoint","urlTemplate":"https:\/\/schlammtrocknung.com\/?s={search_term_string}"},"query-input":{"@type":"PropertyValueSpecification","valueRequired":true,"valueName":"search_term_string"}}],"inLanguage":"fr-FR"},{"@type":"Organization","@id":"https:\/\/schlammtrocknung.com\/#organization","name":"Schlammtrocknung | SDS - Schlammtrocknung","url":"https:\/\/schlammtrocknung.com\/","logo":{"@type":"ImageObject","inLanguage":"fr-FR","@id":"https:\/\/schlammtrocknung.com\/#\/schema\/logo\/image\/","url":"https:\/\/schlammtrocknung.com\/wp-content\/uploads\/2023\/02\/logo_sds-1.png","contentUrl":"https:\/\/schlammtrocknung.com\/wp-content\/uploads\/2023\/02\/logo_sds-1.png","width":697,"height":187,"caption":"Schlammtrocknung | SDS - Schlammtrocknung"},"image":{"@id":"https:\/\/schlammtrocknung.com\/#\/schema\/logo\/image\/"}}]}},"_links":{"self":[{"href":"https:\/\/schlammtrocknung.com\/fr\/wp-json\/wp\/v2\/pages\/2321","targetHints":{"allow":["GET"]}}],"collection":[{"href":"https:\/\/schlammtrocknung.com\/fr\/wp-json\/wp\/v2\/pages"}],"about":[{"href":"https:\/\/schlammtrocknung.com\/fr\/wp-json\/wp\/v2\/types\/page"}],"author":[{"embeddable":true,"href":"https:\/\/schlammtrocknung.com\/fr\/wp-json\/wp\/v2\/users\/1"}],"replies":[{"embeddable":true,"href":"https:\/\/schlammtrocknung.com\/fr\/wp-json\/wp\/v2\/comments?post=2321"}],"version-history":[{"count":2,"href":"https:\/\/schlammtrocknung.com\/fr\/wp-json\/wp\/v2\/pages\/2321\/revisions"}],"predecessor-version":[{"id":2323,"href":"https:\/\/schlammtrocknung.com\/fr\/wp-json\/wp\/v2\/pages\/2321\/revisions\/2323"}],"up":[{"embeddable":true,"href":"https:\/\/schlammtrocknung.com\/fr\/wp-json\/wp\/v2\/pages\/2377"}],"wp:attachment":[{"href":"https:\/\/schlammtrocknung.com\/fr\/wp-json\/wp\/v2\/media?parent=2321"}],"curies":[{"name":"wp","href":"https:\/\/api.w.org\/{rel}","templated":true}]}}