{"id":2344,"date":"2024-09-04T12:24:34","date_gmt":"2024-09-04T10:24:34","guid":{"rendered":"https:\/\/schlammtrocknung.com\/sechage-des-boues-metalliques\/"},"modified":"2025-05-09T10:46:05","modified_gmt":"2025-05-09T08:46:05","slug":"sechage-des-boues-metalliques","status":"publish","type":"page","link":"https:\/\/schlammtrocknung.com\/fr\/services\/sechage-des-boues-metalliques\/","title":{"rendered":"S\u00e9chage des boues m\u00e9talliques"},"content":{"rendered":"<div class=\"wpb-content-wrapper\"><p>[vc_row content_placement=\u00a0\u00bbtop\u00a0\u00bb][vc_column][vc_column_text]<\/p>\n<h1 style=\"text-align: center;\"><span style=\"color: #728d2a;\">Traitement efficace des d\u00e9chets : s\u00e9chage des boues m\u00e9talliques directement sur site<br \/>\n<\/span><\/h1>\n<p>[\/vc_column_text][vc_column_text]<\/p>\n<p style=\"text-align: center;\"><span style=\"font-weight: 400;\">Optez pour une technologie avanc\u00e9e <\/span><b>S\u00e9chage des boues m\u00e9talliques<\/b><span style=\"font-weight: 400;\"> de <\/span><b>michel SLUDGE-DRYING-SYSTEMS<\/b><span style=\"font-weight: 400;\"> pour un traitement \u00e9cologique et efficace<\/span><b> traitement des d\u00e9chets et r\u00e9cup\u00e9ration des m\u00e9taux directement sur site<\/b><span style=\"font-weight: 400;\">.<\/span><\/p>\n<p>[\/vc_column_text][vc_empty_space height=\u00a0\u00bb50px\u00a0\u00bb][\/vc_column][\/vc_row][vc_row][vc_column width=\u00a0\u00bb2\/3&Prime;][vc_column_text]<\/p>\n<h2><span style=\"color: #728d2a;\">Boues m\u00e9talliques &#8211; D\u00e9fis et opportunit\u00e9s<\/span><\/h2>\n<p><b>Boues m\u00e9talliques<\/b><span style=\"font-weight: 400;\">  est principalement produit dans les processus industriels tels que la m\u00e9tallurgie ou le traitement de l&rsquo;eau, o\u00f9 les m\u00e9taux sont filtr\u00e9s \u00e0 partir de liquides. Il se compose d&rsquo;une concentration de   <\/span><b>particules m\u00e9talliques<\/b><span style=\"font-weight: 400;\">Les m\u00e9taux pr\u00e9cieux, tels que l&rsquo;or, l&rsquo;argent, le cuivre et le nickel, peuvent \u00eatre pr\u00e9sents dans ces particules. <\/span> <\/p>\n<p><span style=\"font-weight: 400;\">Outre ces composants pr\u00e9cieux, les boues m\u00e9talliques contiennent \u00e9galement des <\/span><b>Impuret\u00e9s<\/b><span style=\"font-weight: 400;\">qui n\u00e9cessitent un traitement et une \u00e9limination ou un recyclage respectueux de l&rsquo;environnement. Le traitement efficace des boues m\u00e9talliques est essentiel pour r\u00e9cup\u00e9rer les m\u00e9taux pr\u00e9cieux qu&rsquo;elles contiennent et minimiser l&rsquo;impact sur l&rsquo;environnement. <\/span><\/p>\n<h3><\/h3>\n<h3><span style=\"color: #728d2a;\">De l&rsquo;exploitation mini\u00e8re \u00e0 la galvanoplastie &#8211; l\u00e0 o\u00f9 les boues m\u00e9talliques sont produites  <\/span><\/h3>\n<p><span style=\"font-weight: 400;\">Les boues m\u00e9talliques sont produites dans le cadre d&rsquo;un grand nombre de processus industriels impliquant l&rsquo;utilisation de m\u00e9taux :<\/span>[\/vc_column_text][vc_empty_space height=\u00a0\u00bb70px\u00a0\u00bb][\/vc_column][vc_column width=\u00a0\u00bb1\/3&Prime;][vc_single_image image=\u00a0\u00bb1169&Prime; img_size=\u00a0\u00bb400&#215;500&Prime;][\/vc_column][\/vc_row][vc_row][vc_column width=\u00a0\u00bb1\/2&Prime;][vc_single_image image=\u00a0\u00bb1170&Prime; img_size=\u00a0\u00bb600&#215;500&Prime;][vc_empty_space height=\u00a0\u00bb70px\u00a0\u00bb][\/vc_column][vc_column width=\u00a0\u00bb1\/2&Prime;][vc_column_text]<\/p>\n<ul>\n<li style=\"font-weight: 400;\" aria-level=\"1\"><b>Traitement et affinage des m\u00e9taux :<\/b><span style=\"font-weight: 400;\"> Les processus tels que le meulage, le polissage, l&rsquo;attaque chimique et le nettoyage des m\u00e9taux<\/span><span style=\"font-weight: 400;\"> produisent de fines particules et des r\u00e9sidus<\/span><span style=\"font-weight: 400;\">Ces particules sont collect\u00e9es sous forme de boues m\u00e9talliques.<\/span><\/li>\n<li style=\"font-weight: 400;\" aria-level=\"1\"><b>Technique de galvanisation :<\/b> <span style=\"font-weight: 400;\">L&rsquo;industrie de la galvanisation produit souvent des boues contenant des m\u00e9taux lourds tels que le chrome, le zinc, le cuivre, le nickel et le cadmium.<\/span><\/li>\n<li style=\"font-weight: 400;\" aria-level=\"1\"><b>Traitement des eaux us\u00e9es dans l&rsquo;industrie :<\/b> <span style=\"font-weight: 400;\">Lors du traitement des eaux us\u00e9es industrielles contenant des m\u00e9taux, ceux-ci sont souvent s\u00e9par\u00e9s sous forme de boues.<\/span><\/li>\n<li style=\"font-weight: 400;\" aria-level=\"1\"><b>l&rsquo;exploitation mini\u00e8re et le traitement des minerais :<\/b> <span style=\"font-weight: 400;\">L&rsquo;extraction et le traitement des minerais produisent des boues contenant des m\u00e9taux et d&rsquo;autres min\u00e9raux.<\/span><\/li>\n<li style=\"font-weight: 400;\" aria-level=\"1\"><b>La production chimique :<\/b><span style=\"font-weight: 400;\"> L&rsquo;industrie chimique, en particulier les processus utilisant des catalyseurs \u00e0 base de m\u00e9taux, g\u00e9n\u00e8re des boues m\u00e9talliques en tant que sous-produits.<\/span><\/li>\n<\/ul>\n<p>[\/vc_column_text][\/vc_column][\/vc_row][vc_row][vc_column width=\u00a0\u00bb1\/2&Prime;][vc_column_text]<\/p>\n<h2><span style=\"color: #728d2a;\">Le s\u00e9chage des boues m\u00e9talliques, un processus indispensable pour diverses industries<\/span><\/h2>\n<p><span style=\"font-weight: 400;\">Dans tous ces processus, la gestion des boues m\u00e9talliques est critique afin d&rsquo;\u00e9viter la pollution et de r\u00e9cup\u00e9rer des m\u00e9taux pr\u00e9cieux. Le site   <\/span><b>S\u00e9chage des boues m\u00e9talliques<\/b><span style=\"font-weight: 400;\"> est une \u00e9tape critique dans la cha\u00eene de traitement de l&rsquo;eau. <\/span><b>R\u00e9cup\u00e9ration des m\u00e9taux<\/b><span style=\"font-weight: 400;\">. En r\u00e9duisant le  <\/span><a href=\"http:\/\/schlammtrocknung.com\/glossar\/wassergehalt\"><span style=\"font-weight: 400;\">teneur en eau<\/span><\/a><span style=\"font-weight: 400;\"> r\u00e9duit consid\u00e9rablement le poids et le volume des boues, ce qui am\u00e9liore l&rsquo;efficacit\u00e9 du transport et du traitement. <\/span> <\/p>\n<p><span style=\"font-weight: 400;\">Les boues m\u00e9talliques s\u00e8ches sont plus faciles \u00e0 manipuler, \u00e0 stocker et \u00e0 transporter. En outre, le s\u00e9chage facilite la s\u00e9paration des m\u00e9taux des autres contaminants non m\u00e9talliques, augmente la   <\/span><b>Puret\u00e9<\/b><span style=\"font-weight: 400;\"> du produit final et r\u00e9duit les co\u00fbts de traitement thermique dans les \u00e9tapes ult\u00e9rieures du processus. <\/span>[\/vc_column_text][vc_message]<i><span style=\"font-weight: 400;\">Notez bien :<\/span><\/i><\/p>\n<p><i><span style=\"font-weight: 400;\">Le s\u00e9chage des boues m\u00e9talliques est un processus essentiel pour augmenter la valeur et r\u00e9duire l&rsquo;impact environnemental.<\/span><\/i>[\/vc_message][\/vc_column][vc_column width=\u00a0\u00bb1\/2&Prime;][vc_single_image image=\u00a0\u00bb373&Prime; img_size=\u00a0\u00bb600&#215;580&Prime;][vc_empty_space height=\u00a0\u00bb70px\u00a0\u00bb][\/vc_column][\/vc_row][vc_row][vc_column width=\u00a0\u00bb1\/2&Prime;][vc_single_image image=\u00a0\u00bb371&Prime; img_size=\u00a0\u00bb600&#215;560&Prime;][vc_empty_space height=\u00a0\u00bb70px\u00a0\u00bb][\/vc_column][vc_column width=\u00a0\u00bb1\/2&Prime;][vc_column_text]<\/p>\n<h2><span style=\"color: #728d2a;\">Voici comment michel SLUDGE-DRYING-SYSTEMS vous permet de r\u00e9cup\u00e9rer vos m\u00e9taux  <\/span><\/h2>\n<p><span style=\"font-weight: 400;\">michel SLUDGE-DRYING-SYSTEMS utilise les technologies les plus modernes pour le s\u00e9chage des boues m\u00e9talliques. Notre <\/span> <b> modulaires sont<\/b><span style=\"font-weight: 400;\"> utilisent une combinaison avanc\u00e9e de <\/span><b>s\u00e9chage par contact et par convection<\/b><span style=\"font-weight: 400;\">Le syst\u00e8me de s\u00e9chage par air puls\u00e9 est bas\u00e9 sur une technologie de pointe qui permet un s\u00e9chage uniforme et efficace, m\u00eame \u00e0 basse temp\u00e9rature. <\/span> <\/p>\n<p><span style=\"font-weight: 400;\">Cela pr\u00e9serve non seulement l&rsquo;environnement, mais aussi la structure mat\u00e9rielle des boues. Nos syst\u00e8mes sont con\u00e7us de mani\u00e8re flexible pour s&rsquo;adapter \u00e0 diff\u00e9rentes tailles et conditions et peuvent \u00eatre   <\/span><b>directement sur le lieu de production des boues <\/b><span style=\"font-weight: 400;\">\u00eatre mis en \u0153uvre afin de minimiser les co\u00fbts de transport et de logistique.<\/span><\/p>\n<p><span style=\"font-weight: 400;\">Gr\u00e2ce \u00e0 d&rsquo;autres processus de traitement tels que <\/span><b>Fusion<\/b><span style=\"font-weight: 400;\"> ou <\/span><b>l&rsquo;extraction chimique<\/b><span style=\"font-weight: 400;\"> Apr\u00e8s le s\u00e9chage des boues m\u00e9talliques, il est possible d&rsquo;effectuer une <\/span><b>R\u00e9cup\u00e9ration des mati\u00e8res premi\u00e8res<\/b><span style=\"font-weight: 400;\"> commence. <\/span>[\/vc_column_text][\/vc_column][\/vc_row][vc_row][vc_column width=\u00a0\u00bb1\/2&Prime;][vc_column_text]<\/p>\n<h3><span style=\"color: #728d2a;\">Avantages du s\u00e9chage des boues m\u00e9talliques avec SLUDGE-DRYING-SYSTEMS de michel<\/span><\/h3>\n<p><span style=\"font-weight: 400;\">Les installations de <\/span><b>S\u00e9chage des boues m\u00e9talliques<\/b><span style=\"font-weight: 400;\">  de michel SLUDGE-DRYING-SYSTEMS offrent des avantages significatifs qui en font une solution durable et efficace. Gr\u00e2ce au proc\u00e9d\u00e9 de s\u00e9chage \u00e0 basse temp\u00e9rature, le   <\/span><b>consommation d&rsquo;\u00e9nergie a \u00e9t\u00e9 consid\u00e9rablement r\u00e9duite<\/b><span style=\"font-weight: 400;\">La r\u00e9duction des \u00e9missions de CO\u2082 a permis d&rsquo;am\u00e9liorer l&rsquo;efficacit\u00e9 et de minimiser les \u00e9missions de CO\u2082 et autres. <\/span> <\/p>\n<p><span style=\"font-weight: 400;\">De plus, nos syst\u00e8mes r\u00e9duisent vos co\u00fbts d&rsquo;exploitation et de maintenance, ainsi que les co\u00fbts de transport et de stockage de vos boues m\u00e9talliques. Leur flexibilit\u00e9 permet de traiter des quantit\u00e9s et des types de boues m\u00e9talliques tr\u00e8s diff\u00e9rents.   <\/span><b>directement sur place et sans abri<\/b><span style=\"font-weight: 400;\"> \u00e0 traiter. <\/span>[\/vc_column_text][vc_empty_space height=\u00a0\u00bb70px\u00a0\u00bb][\/vc_column][vc_column width=\u00a0\u00bb1\/2&Prime;][vc_single_image image=\u00a0\u00bb372&Prime; img_size=\u00a0\u00bb600&#215;500&Prime;][\/vc_column][\/vc_row][vc_row][vc_column][vc_cta h2=\u00a0\u00bbCommencez d\u00e8s maintenant \u00e0 recycler durablement les boues m\u00e9talliques\u00a0\u00bb txt_align=\u00a0\u00bbcenter\u00a0\u00bb add_button=\u00a0\u00bbbottom\u00a0\u00bb btn_title=\u00a0\u00bbContactez-nous !\u00a0\u00bb btn_style=\u00a0\u00bbgradient-custom\u00a0\u00bb btn_gradient_custom_color_1=\u00a0\u00bb#728d2a\u00a0\u00bb btn_gradient_custom_color_2=\u00a0\u00bb#728d2a\u00a0\u00bb btn_align=\u00a0\u00bbcenter\u00a0\u00bb btn_link=\u00a0\u00bburl:https%3A%2F%2Fschlammtrocknung.com%2Fkontakt%2F|title:Contact|\u00a0\u00bb]<\/p>\n<p style=\"text-align: center;\"><span style=\"font-weight: 400;\">Misez sur <\/span><b>michel SLUDGE-DRYING-SYSTEMS<\/b><span style=\"font-weight: 400;\">pour am\u00e9liorer votre <\/span><b>S\u00e9chage de boues m\u00e9talliques<\/b><span style=\"font-weight: 400;\">  de r\u00e9volutionner le secteur. Contactez-nous d\u00e8s aujourd&rsquo;hui pour en savoir plus sur nos solutions innovantes et sur la mani\u00e8re dont nous pouvons vous aider \u00e0 atteindre vos objectifs environnementaux et \u00e9conomiques. <\/span><\/p>\n<p>[\/vc_cta][vc_empty_space height=\u00a0\u00bb50px\u00a0\u00bb][\/vc_column][\/vc_row][vc_row][vc_column][vc_column_text]<\/p>\n<h2 style=\"text-align: center;\"><span style=\"color: #728d2a;\">FAQ &#8211; Foire aux questions sur le s\u00e9chage des boues m\u00e9talliques<\/span><\/h2>\n<p>[\/vc_column_text][\/vc_column][\/vc_row][vc_row][vc_column][vc_toggle title=\u00a0\u00bbQu&apos;est-ce que les boues m\u00e9talliques ?\u00a0\u00bb]<span style=\"font-weight: 400;\">Les boues m\u00e9talliques sont des sous-produits de processus industriels tels que la transformation des m\u00e9taux et le traitement de l&rsquo;eau, qui contiennent des particules m\u00e9talliques et des impuret\u00e9s. Elles sont produites par la filtration des m\u00e9taux dans les liquides et n\u00e9cessitent un traitement soigneux en vue de leur recyclage ou de leur \u00e9limination. <\/span>[\/vc_toggle][vc_toggle title=\u00a0\u00bbQuels sont les avantages du s\u00e9chage des boues m\u00e9talliques ?\u00a0\u00bb]<span style=\"font-weight: 400;\">Le s\u00e9chage des boues m\u00e9talliques minimise leur volume et leur poids, am\u00e9liore leur manipulation et r\u00e9duit les co\u00fbts de transport. Il facilite \u00e9galement la s\u00e9paration des m\u00e9taux et des impuret\u00e9s non m\u00e9talliques, am\u00e9liore la puret\u00e9 du produit final et r\u00e9duit l&rsquo;impact environnemental. Ce n&rsquo;est qu&rsquo;ainsi qu&rsquo;il est possible de r\u00e9cup\u00e9rer efficacement les m\u00e9taux \u00e0 partir des boues m\u00e9talliques.  <\/span>[\/vc_toggle][\/vc_column][\/vc_row]<\/p>\n<\/div>","protected":false},"excerpt":{"rendered":"<p>[vc_row content_placement=\u00a0\u00bbtop\u00a0\u00bb][vc_column][vc_column_text] Traitement efficace des d\u00e9chets : s\u00e9chage des boues m\u00e9talliques directement sur site [\/vc_column_text][vc_column_text] Optez pour une technologie avanc\u00e9e S\u00e9chage des boues m\u00e9talliques de michel SLUDGE-DRYING-SYSTEMS pour un traitement \u00e9cologique et efficace traitement des d\u00e9chets et r\u00e9cup\u00e9ration des m\u00e9taux directement sur site. [\/vc_column_text][vc_empty_space height=\u00a0\u00bb50px\u00a0\u00bb][\/vc_column][\/vc_row][vc_row][vc_column width=\u00a0\u00bb2\/3&Prime;][vc_column_text] Boues m\u00e9talliques &#8211; D\u00e9fis et opportunit\u00e9s Boues m\u00e9talliques est&hellip;<\/p>\n","protected":false},"author":1,"featured_media":0,"parent":2377,"menu_order":0,"comment_status":"closed","ping_status":"closed","template":"","meta":{"footnotes":""},"class_list":["post-2344","page","type-page","status-publish","hentry","description-off"],"yoast_head":"<!-- This site is optimized with the Yoast SEO plugin v27.3 - https:\/\/yoast.com\/product\/yoast-seo-wordpress\/ -->\n<title>S\u00e9chage de boues m\u00e9talliques | Michel S\u00e9chage de boues<\/title>\n<meta name=\"description\" content=\"Misez sur un traitement efficace des d\u00e9chets et sur la r\u00e9cup\u00e9ration des m\u00e9taux avec des installations de s\u00e9chage des boues m\u00e9talliques.\" \/>\n<meta name=\"robots\" content=\"index, follow, max-snippet:-1, max-image-preview:large, max-video-preview:-1\" \/>\n<link rel=\"canonical\" href=\"https:\/\/schlammtrocknung.com\/fr\/services\/sechage-des-boues-metalliques\/\" \/>\n<meta property=\"og:locale\" content=\"fr_FR\" \/>\n<meta property=\"og:type\" content=\"article\" \/>\n<meta property=\"og:title\" content=\"S\u00e9chage de boues m\u00e9talliques | Michel S\u00e9chage de boues\" \/>\n<meta property=\"og:description\" content=\"Misez sur un traitement efficace des d\u00e9chets et sur la r\u00e9cup\u00e9ration des m\u00e9taux avec des installations de s\u00e9chage des boues m\u00e9talliques.\" \/>\n<meta property=\"og:url\" content=\"https:\/\/schlammtrocknung.com\/fr\/services\/sechage-des-boues-metalliques\/\" \/>\n<meta property=\"og:site_name\" content=\"Schlammtrocknung \u2013 michel SLUDGE DRYING SYSTEM\" \/>\n<meta property=\"article:modified_time\" content=\"2025-05-09T08:46:05+00:00\" \/>\n<meta name=\"twitter:card\" content=\"summary_large_image\" \/>\n<meta name=\"twitter:label1\" content=\"Dur\u00e9e de lecture estim\u00e9e\" \/>\n\t<meta name=\"twitter:data1\" content=\"7 minutes\" \/>\n<script type=\"application\/ld+json\" class=\"yoast-schema-graph\">{\"@context\":\"https:\\\/\\\/schema.org\",\"@graph\":[{\"@type\":\"WebPage\",\"@id\":\"https:\\\/\\\/schlammtrocknung.com\\\/fr\\\/services\\\/sechage-des-boues-metalliques\\\/\",\"url\":\"https:\\\/\\\/schlammtrocknung.com\\\/fr\\\/services\\\/sechage-des-boues-metalliques\\\/\",\"name\":\"S\u00e9chage de boues m\u00e9talliques | Michel S\u00e9chage de boues\",\"isPartOf\":{\"@id\":\"https:\\\/\\\/schlammtrocknung.com\\\/#website\"},\"datePublished\":\"2024-09-04T10:24:34+00:00\",\"dateModified\":\"2025-05-09T08:46:05+00:00\",\"description\":\"Misez sur un traitement efficace des d\u00e9chets et sur la r\u00e9cup\u00e9ration des m\u00e9taux avec des installations de s\u00e9chage des boues m\u00e9talliques.\",\"breadcrumb\":{\"@id\":\"https:\\\/\\\/schlammtrocknung.com\\\/fr\\\/services\\\/sechage-des-boues-metalliques\\\/#breadcrumb\"},\"inLanguage\":\"fr-FR\",\"potentialAction\":[{\"@type\":\"ReadAction\",\"target\":[\"https:\\\/\\\/schlammtrocknung.com\\\/fr\\\/services\\\/sechage-des-boues-metalliques\\\/\"]}]},{\"@type\":\"BreadcrumbList\",\"@id\":\"https:\\\/\\\/schlammtrocknung.com\\\/fr\\\/services\\\/sechage-des-boues-metalliques\\\/#breadcrumb\",\"itemListElement\":[{\"@type\":\"ListItem\",\"position\":1,\"name\":\"Startseite\",\"item\":\"https:\\\/\\\/schlammtrocknung.com\\\/fr\\\/page-daccueil-2\\\/\"},{\"@type\":\"ListItem\",\"position\":2,\"name\":\"Services\",\"item\":\"https:\\\/\\\/schlammtrocknung.com\\\/fr\\\/services\\\/\"},{\"@type\":\"ListItem\",\"position\":3,\"name\":\"S\u00e9chage des boues m\u00e9talliques\"}]},{\"@type\":\"WebSite\",\"@id\":\"https:\\\/\\\/schlammtrocknung.com\\\/#website\",\"url\":\"https:\\\/\\\/schlammtrocknung.com\\\/\",\"name\":\"Schlammtrocknung | SDS - Schlammtrocknung\",\"description\":\"Schlamm- L\u00f6sungen f\u00fcr Kl\u00e4rwerke, Industrie und Umwelt\",\"publisher\":{\"@id\":\"https:\\\/\\\/schlammtrocknung.com\\\/#organization\"},\"potentialAction\":[{\"@type\":\"SearchAction\",\"target\":{\"@type\":\"EntryPoint\",\"urlTemplate\":\"https:\\\/\\\/schlammtrocknung.com\\\/?s={search_term_string}\"},\"query-input\":{\"@type\":\"PropertyValueSpecification\",\"valueRequired\":true,\"valueName\":\"search_term_string\"}}],\"inLanguage\":\"fr-FR\"},{\"@type\":\"Organization\",\"@id\":\"https:\\\/\\\/schlammtrocknung.com\\\/#organization\",\"name\":\"Schlammtrocknung | SDS - Schlammtrocknung\",\"url\":\"https:\\\/\\\/schlammtrocknung.com\\\/\",\"logo\":{\"@type\":\"ImageObject\",\"inLanguage\":\"fr-FR\",\"@id\":\"https:\\\/\\\/schlammtrocknung.com\\\/#\\\/schema\\\/logo\\\/image\\\/\",\"url\":\"https:\\\/\\\/schlammtrocknung.com\\\/wp-content\\\/uploads\\\/2023\\\/02\\\/logo_sds-1.png\",\"contentUrl\":\"https:\\\/\\\/schlammtrocknung.com\\\/wp-content\\\/uploads\\\/2023\\\/02\\\/logo_sds-1.png\",\"width\":697,\"height\":187,\"caption\":\"Schlammtrocknung | SDS - Schlammtrocknung\"},\"image\":{\"@id\":\"https:\\\/\\\/schlammtrocknung.com\\\/#\\\/schema\\\/logo\\\/image\\\/\"}}]}<\/script>\n<!-- \/ Yoast SEO plugin. -->","yoast_head_json":{"title":"S\u00e9chage de boues m\u00e9talliques | Michel S\u00e9chage de boues","description":"Misez sur un traitement efficace des d\u00e9chets et sur la r\u00e9cup\u00e9ration des m\u00e9taux avec des installations de s\u00e9chage des boues m\u00e9talliques.","robots":{"index":"index","follow":"follow","max-snippet":"max-snippet:-1","max-image-preview":"max-image-preview:large","max-video-preview":"max-video-preview:-1"},"canonical":"https:\/\/schlammtrocknung.com\/fr\/services\/sechage-des-boues-metalliques\/","og_locale":"fr_FR","og_type":"article","og_title":"S\u00e9chage de boues m\u00e9talliques | Michel S\u00e9chage de boues","og_description":"Misez sur un traitement efficace des d\u00e9chets et sur la r\u00e9cup\u00e9ration des m\u00e9taux avec des installations de s\u00e9chage des boues m\u00e9talliques.","og_url":"https:\/\/schlammtrocknung.com\/fr\/services\/sechage-des-boues-metalliques\/","og_site_name":"Schlammtrocknung \u2013 michel SLUDGE DRYING SYSTEM","article_modified_time":"2025-05-09T08:46:05+00:00","twitter_card":"summary_large_image","twitter_misc":{"Dur\u00e9e de lecture estim\u00e9e":"7 minutes"},"schema":{"@context":"https:\/\/schema.org","@graph":[{"@type":"WebPage","@id":"https:\/\/schlammtrocknung.com\/fr\/services\/sechage-des-boues-metalliques\/","url":"https:\/\/schlammtrocknung.com\/fr\/services\/sechage-des-boues-metalliques\/","name":"S\u00e9chage de boues m\u00e9talliques | Michel S\u00e9chage de boues","isPartOf":{"@id":"https:\/\/schlammtrocknung.com\/#website"},"datePublished":"2024-09-04T10:24:34+00:00","dateModified":"2025-05-09T08:46:05+00:00","description":"Misez sur un traitement efficace des d\u00e9chets et sur la r\u00e9cup\u00e9ration des m\u00e9taux avec des installations de s\u00e9chage des boues m\u00e9talliques.","breadcrumb":{"@id":"https:\/\/schlammtrocknung.com\/fr\/services\/sechage-des-boues-metalliques\/#breadcrumb"},"inLanguage":"fr-FR","potentialAction":[{"@type":"ReadAction","target":["https:\/\/schlammtrocknung.com\/fr\/services\/sechage-des-boues-metalliques\/"]}]},{"@type":"BreadcrumbList","@id":"https:\/\/schlammtrocknung.com\/fr\/services\/sechage-des-boues-metalliques\/#breadcrumb","itemListElement":[{"@type":"ListItem","position":1,"name":"Startseite","item":"https:\/\/schlammtrocknung.com\/fr\/page-daccueil-2\/"},{"@type":"ListItem","position":2,"name":"Services","item":"https:\/\/schlammtrocknung.com\/fr\/services\/"},{"@type":"ListItem","position":3,"name":"S\u00e9chage des boues m\u00e9talliques"}]},{"@type":"WebSite","@id":"https:\/\/schlammtrocknung.com\/#website","url":"https:\/\/schlammtrocknung.com\/","name":"Schlammtrocknung | SDS - Schlammtrocknung","description":"Schlamm- L\u00f6sungen f\u00fcr Kl\u00e4rwerke, Industrie und Umwelt","publisher":{"@id":"https:\/\/schlammtrocknung.com\/#organization"},"potentialAction":[{"@type":"SearchAction","target":{"@type":"EntryPoint","urlTemplate":"https:\/\/schlammtrocknung.com\/?s={search_term_string}"},"query-input":{"@type":"PropertyValueSpecification","valueRequired":true,"valueName":"search_term_string"}}],"inLanguage":"fr-FR"},{"@type":"Organization","@id":"https:\/\/schlammtrocknung.com\/#organization","name":"Schlammtrocknung | SDS - Schlammtrocknung","url":"https:\/\/schlammtrocknung.com\/","logo":{"@type":"ImageObject","inLanguage":"fr-FR","@id":"https:\/\/schlammtrocknung.com\/#\/schema\/logo\/image\/","url":"https:\/\/schlammtrocknung.com\/wp-content\/uploads\/2023\/02\/logo_sds-1.png","contentUrl":"https:\/\/schlammtrocknung.com\/wp-content\/uploads\/2023\/02\/logo_sds-1.png","width":697,"height":187,"caption":"Schlammtrocknung | SDS - Schlammtrocknung"},"image":{"@id":"https:\/\/schlammtrocknung.com\/#\/schema\/logo\/image\/"}}]}},"_links":{"self":[{"href":"https:\/\/schlammtrocknung.com\/fr\/wp-json\/wp\/v2\/pages\/2344","targetHints":{"allow":["GET"]}}],"collection":[{"href":"https:\/\/schlammtrocknung.com\/fr\/wp-json\/wp\/v2\/pages"}],"about":[{"href":"https:\/\/schlammtrocknung.com\/fr\/wp-json\/wp\/v2\/types\/page"}],"author":[{"embeddable":true,"href":"https:\/\/schlammtrocknung.com\/fr\/wp-json\/wp\/v2\/users\/1"}],"replies":[{"embeddable":true,"href":"https:\/\/schlammtrocknung.com\/fr\/wp-json\/wp\/v2\/comments?post=2344"}],"version-history":[{"count":2,"href":"https:\/\/schlammtrocknung.com\/fr\/wp-json\/wp\/v2\/pages\/2344\/revisions"}],"predecessor-version":[{"id":2350,"href":"https:\/\/schlammtrocknung.com\/fr\/wp-json\/wp\/v2\/pages\/2344\/revisions\/2350"}],"up":[{"embeddable":true,"href":"https:\/\/schlammtrocknung.com\/fr\/wp-json\/wp\/v2\/pages\/2377"}],"wp:attachment":[{"href":"https:\/\/schlammtrocknung.com\/fr\/wp-json\/wp\/v2\/media?parent=2344"}],"curies":[{"name":"wp","href":"https:\/\/api.w.org\/{rel}","templated":true}]}}