{"id":2377,"date":"2024-09-04T10:22:38","date_gmt":"2024-09-04T08:22:38","guid":{"rendered":"https:\/\/schlammtrocknung.com\/services\/"},"modified":"2025-05-09T10:46:06","modified_gmt":"2025-05-09T08:46:06","slug":"services","status":"publish","type":"page","link":"https:\/\/schlammtrocknung.com\/fr\/services\/","title":{"rendered":"Services"},"content":{"rendered":"<div class=\"wpb-content-wrapper\"><p>[vc_row content_placement=\u00a0\u00bbtop\u00a0\u00bb][vc_column][vc_column_text]<\/p>\n<h1 style=\"text-align: center;\"><span style=\"color: #728d2a;\">Maximiser l&rsquo;efficacit\u00e9 des ressources avec michel SLUDGE-DRYING-SYSTEMS<\/span><\/h1>\n<p>[\/vc_column_text][vc_empty_space height=\u00a0\u00bb50px\u00a0\u00bb][\/vc_column][\/vc_row][vc_row][vc_column width=\u00a0\u00bb1\/2&Prime;][vc_column_text]<b>michel SLUDGE-DRYING-SYSTEMS<\/b><span style=\"font-weight: 400;\"> propose des solutions avanc\u00e9es pour <\/span><b>S\u00e9chage des boues<\/b><span style=\"font-weight: 400;\">Ces solutions sont sp\u00e9cialement con\u00e7ues pour r\u00e9duire les co\u00fbts d&rsquo;exploitation et minimiser l&rsquo;impact sur l&rsquo;environnement. <\/span> <\/p>\n<p><span style=\"font-weight: 400;\">Nos <\/span><b>installations sur mesure<\/b><span style=\"font-weight: 400;\"> sont id\u00e9ales pour une grande vari\u00e9t\u00e9 de <\/span><b>Industries<\/b><span style=\"font-weight: 400;\">Nous avons mis au point une technologie de traitement des boues qui garantit une \u00e9limination efficace et respectueuse de l&rsquo;environnement. D\u00e9couvrez comment notre technologie peut r\u00e9pondre \u00e0 vos besoins sp\u00e9cifiques, du s\u00e9chage des boues d&rsquo;\u00e9puration au s\u00e9chage des boues m\u00e9talliques. <\/span>[\/vc_column_text][vc_empty_space height=\u00a0\u00bb100px\u00a0\u00bb][\/vc_column][vc_column width=\u00a0\u00bb1\/2&Prime;][vc_single_image image=\u00a0\u00bb367&Prime; img_size=\u00a0\u00bb600&#215;280&Prime;][\/vc_column][\/vc_row][vc_row][vc_column][vc_row_inner][vc_column_inner width=\u00a0\u00bb1\/3&Prime;][vc_single_image image=\u00a0\u00bb376&Prime; img_size=\u00a0\u00bb400&#215;250&Prime; alignment=\u00a0\u00bbcenter\u00a0\u00bb][vc_column_text]<\/p>\n<h3 style=\"text-align: center;\"><span style=\"color: #728d2a;\">S\u00e9chage des boues d&rsquo;\u00e9puration<\/span><\/h3>\n<p style=\"text-align: center;\">Optimisez le traitement des boues d&rsquo;\u00e9puration gr\u00e2ce \u00e0 nos syst\u00e8mes de s\u00e9chage efficaces qui r\u00e9duisent la teneur en eau, diminuent les co\u00fbts de transport et d&rsquo;\u00e9limination et aident \u00e0 se conformer sans effort \u00e0 la nouvelle r\u00e9glementation sur les boues d&rsquo;\u00e9puration. Nos installations de s\u00e9chage des boues ne sont pas seulement \u00e9conomiques, elles permettent \u00e9galement de r\u00e9cup\u00e9rer le pr\u00e9cieux phosphore. <\/p>\n<p>[\/vc_column_text]<style type=\"text\/css\">#dt-btn-1 {background: #728d2a;}<\/style><div class=\"text-centered\"><a href=\"https:\/\/schlammtrocknung.com\/leistungen\/klaerschlammtrocknung\/\" class=\"btn-shortcode dt-btn-m dt-btn default-btn-color default-btn-hover-color default-btn-bg-hover-color\" id=\"dt-btn-1\"><span>En savoir plus !<\/span><\/a><\/div>[\/vc_column_inner][vc_column_inner width=\u00a0\u00bb1\/3&Prime;][vc_single_image image=\u00a0\u00bb374&Prime; img_size=\u00a0\u00bb400&#215;250&Prime; alignment=\u00a0\u00bbcenter\u00a0\u00bb][vc_column_text css=\u00a0\u00bb.vc_custom_1725452149334{padding-bottom: 30px !important;}\u00a0\u00bb]<\/p>\n<h3 style=\"text-align: center;\"><span style=\"color: #728d2a;\">S\u00e9chage des boues biologiques<\/span><\/h3>\n<p style=\"text-align: center;\">Notre technologie de s\u00e9chage des boues biologiques assure une r\u00e9duction s\u00fbre et efficace du volume des boues biologiques. Cela facilite le traitement ult\u00e9rieur et am\u00e9liore le bilan \u00e9cologique global de votre installation. Devenez un pionnier de la gestion \u00e9cologique des d\u00e9chets ou cr\u00e9ez une base pour le recyclage des boues !  <\/p>\n<p>[\/vc_column_text]<style type=\"text\/css\">#dt-btn-2 {background: #728d2a;}<\/style><div class=\"text-centered\"><a href=\"https:\/\/schlammtrocknung.com\/leistungen\/bioschlammtrocknung\/\" class=\"btn-shortcode dt-btn-m dt-btn default-btn-color default-btn-hover-color default-btn-bg-hover-color\" id=\"dt-btn-2\"><span>En savoir plus !<\/span><\/a><\/div>[\/vc_column_inner][vc_column_inner width=\u00a0\u00bb1\/3&Prime;][vc_single_image image=\u00a0\u00bb373&Prime; img_size=\u00a0\u00bb400&#215;250&Prime; alignment=\u00a0\u00bbcenter\u00a0\u00bb][vc_column_text css=\u00a0\u00bb.vc_custom_1725452165049{padding-bottom: 30px !important;}\u00a0\u00bb]<\/p>\n<h3 style=\"text-align: center;\"><span style=\"color: #728d2a;\">S\u00e9chage des boues m\u00e9talliques<\/span><\/h3>\n<p style=\"text-align: center;\">En s\u00e9chant les boues m\u00e9talliques dans nos installations sp\u00e9cialis\u00e9es, vous pouvez r\u00e9cup\u00e9rer efficacement des m\u00e9taux pr\u00e9cieux tout en \u00e9vitant la pollution de l&rsquo;environnement par des r\u00e9sidus dangereux. Nos installations conviennent parfaitement aux secteurs tels que l&rsquo;exploitation mini\u00e8re, la production d&rsquo;acier et la galvanoplastie. <\/p>\n<p>[\/vc_column_text]<style type=\"text\/css\">#dt-btn-3 {background: #728d2a;}<\/style><div class=\"text-centered\"><a href=\"https:\/\/schlammtrocknung.com\/leistungen\/metallschlammtrocknung\/\" class=\"btn-shortcode dt-btn-m dt-btn default-btn-color default-btn-hover-color default-btn-bg-hover-color\" id=\"dt-btn-3\"><span>En savoir plus !<\/span><\/a><\/div>[\/vc_column_inner][vc_column_inner][vc_empty_space height=\u00a0\u00bb50px\u00a0\u00bb][\/vc_column_inner][\/vc_row_inner][vc_row_inner][vc_column_inner width=\u00a0\u00bb1\/3&Prime;][vc_single_image image=\u00a0\u00bb372&Prime; img_size=\u00a0\u00bb400&#215;250&Prime; alignment=\u00a0\u00bbcenter\u00a0\u00bb][vc_column_text css=\u00a0\u00bb.vc_custom_1725452198849{padding-bottom: 50px !important;}\u00a0\u00bb]<\/p>\n<h3 style=\"text-align: center;\"><span style=\"color: #728d2a;\">S\u00e9chage des boues de papier<\/span><\/h3>\n<p style=\"text-align: center;\">Profitez de nos installations de s\u00e9chage des boues de papier, qui visent \u00e0 minimiser la teneur en humidit\u00e9 et \u00e0 r\u00e9duire les co\u00fbts d&rsquo;\u00e9limination des boues de papier. Nos solutions sont essentielles pour les industries o\u00f9 la p\u00e2te \u00e0 papier est nettoy\u00e9e et transform\u00e9e en produits semi-finis. <\/p>\n<p>[\/vc_column_text]<style type=\"text\/css\">#dt-btn-4 {background: #728d2a;}<\/style><div class=\"text-centered\"><a href=\"https:\/\/schlammtrocknung.com\/leistungen\/papierschlammtrocknung\/\" class=\"btn-shortcode dt-btn-m dt-btn default-btn-color default-btn-hover-color default-btn-bg-hover-color\" id=\"dt-btn-4\"><span>En savoir plus !<\/span><\/a><\/div>[\/vc_column_inner][vc_column_inner width=\u00a0\u00bb1\/3&Prime;][vc_single_image image=\u00a0\u00bb371&Prime; img_size=\u00a0\u00bb400&#215;250&Prime; alignment=\u00a0\u00bbcenter\u00a0\u00bb][vc_column_text]<\/p>\n<h3 style=\"text-align: center;\"><span style=\"color: #728d2a;\">S\u00e9chage des boues de peinture \u00e0 l&rsquo;huile<\/span><\/h3>\n<p style=\"text-align: center;\">Nos solutions de s\u00e9chage des boues d&rsquo;huile et de peinture sont parfaitement adapt\u00e9es pour traiter en douceur et de mani\u00e8re responsable les boues nocives pour la sant\u00e9 et l&rsquo;environnement issues de l&rsquo;industrie des peintures et des vernis. Gr\u00e2ce \u00e0 une r\u00e9duction efficace du volume, les installations de michel SLUDGE-DRYING-SYSTEMS vous permettent d&rsquo;\u00e9liminer efficacement les boues de peinture \u00e0 l&rsquo;huile ou m\u00eame de r\u00e9cup\u00e9rer des composants de valeur. <\/p>\n<p>[\/vc_column_text]<style type=\"text\/css\">#dt-btn-5 {background: #728d2a;}<\/style><div class=\"text-centered\"><a href=\"https:\/\/schlammtrocknung.com\/leistungen\/oel-lackschlamm-trocknung\/\" class=\"btn-shortcode dt-btn-m dt-btn default-btn-color default-btn-hover-color default-btn-bg-hover-color\" id=\"dt-btn-5\"><span>En savoir plus !<\/span><\/a><\/div>[\/vc_column_inner][vc_column_inner width=\u00a0\u00bb1\/3&Prime;][vc_single_image image=\u00a0\u00bb370&Prime; img_size=\u00a0\u00bb400&#215;250&Prime; alignment=\u00a0\u00bbcenter\u00a0\u00bb][vc_column_text css=\u00a0\u00bb.vc_custom_1725452233530{padding-bottom: 60px !important;}\u00a0\u00bb]<\/p>\n<h3 style=\"text-align: center;\"><span style=\"color: #728d2a;\">Traitement des boues<\/span><\/h3>\n<p style=\"text-align: center;\">Notre approche globale du traitement des boues offre une solution compl\u00e8te, du s\u00e9chage \u00e0 la valorisation finale du mat\u00e9riau. De cette mani\u00e8re, vous pr\u00e9parez vos boues \u00e0 une utilisation ult\u00e9rieure en tant qu&rsquo;engrais, combustible ou agr\u00e9gat dans l&rsquo;industrie de la construction, dans l&rsquo;esprit de l&rsquo;\u00e9conomie circulaire. <\/p>\n<p>[\/vc_column_text]<style type=\"text\/css\">#dt-btn-6 {background: #728d2a;}<\/style><div class=\"text-centered\"><a href=\"https:\/\/schlammtrocknung.com\/leistungen\/schlammbehandlung\/\" class=\"btn-shortcode dt-btn-m dt-btn default-btn-color default-btn-hover-color default-btn-bg-hover-color\" id=\"dt-btn-6\"><span>En savoir plus !<\/span><\/a><\/div>[\/vc_column_inner][vc_column_inner][vc_empty_space height=\u00a0\u00bb100px\u00a0\u00bb][\/vc_column_inner][vc_column_inner][vc_cta h2=\u00a0\u00bbD\u00e9couvrez les avantages de nos syst\u00e8mes de s\u00e9chage des boues SDS\u00a0\u00bb txt_align=\u00a0\u00bbcenter\u00a0\u00bb add_button=\u00a0\u00bbbottom\u00a0\u00bb btn_title=\u00a0\u00bbContactez-nous maintenant !\u00a0\u00bb btn_color=\u00a0\u00bbgreen\u00a0\u00bb btn_align=\u00a0\u00bbcenter\u00a0\u00bb btn_link=\u00a0\u00bburl:https%3A%2F%2Fschlammtrocknung.com%2Fkontakt%2F|title:Contact|\u00a0\u00bb]<\/p>\n<p style=\"text-align: center;\"><span style=\"font-weight: 400;\">Augmenter l&rsquo;efficacit\u00e9 <\/span><b>efficacit\u00e9<\/b><span style=\"font-weight: 400;\"> traitement des boues tout en am\u00e9liorant votre <\/span><b>Bilan environnemental<\/b><span style=\"font-weight: 400;\">. Contactez michel SLUDGE-DRYING-SYSTEMS d\u00e8s aujourd&rsquo;hui pour en savoir plus sur les solutions de s\u00e9chage durable des boues. Misez sur une technologie de pointe et des pratiques durables &#8211; choisissez michel SLUDGE-DRYING-SYSTEMS pour des installations respectueuses de l&rsquo;environnement. <\/span><\/p>\n<p>[\/vc_cta][\/vc_column_inner][\/vc_row_inner][vc_empty_space height=\u00a0\u00bb50px\u00a0\u00bb][\/vc_column][\/vc_row]<\/p>\n<\/div>","protected":false},"excerpt":{"rendered":"<p>[vc_row content_placement=\u00a0\u00bbtop\u00a0\u00bb][vc_column][vc_column_text] Maximiser l&rsquo;efficacit\u00e9 des ressources avec michel SLUDGE-DRYING-SYSTEMS [\/vc_column_text][vc_empty_space height=\u00a0\u00bb50px\u00a0\u00bb][\/vc_column][\/vc_row][vc_row][vc_column width=\u00a0\u00bb1\/2&Prime;][vc_column_text]michel SLUDGE-DRYING-SYSTEMS propose des solutions avanc\u00e9es pour S\u00e9chage des bouesCes solutions sont sp\u00e9cialement con\u00e7ues pour r\u00e9duire les co\u00fbts d&rsquo;exploitation et minimiser l&rsquo;impact sur l&rsquo;environnement. Nos installations sur mesure sont id\u00e9ales pour une grande vari\u00e9t\u00e9 de IndustriesNous avons mis au point une technologie de traitement&hellip;<\/p>\n","protected":false},"author":1,"featured_media":0,"parent":0,"menu_order":0,"comment_status":"closed","ping_status":"closed","template":"","meta":{"footnotes":""},"class_list":["post-2377","page","type-page","status-publish","hentry","description-off"],"yoast_head":"<!-- This site is optimized with the Yoast SEO plugin v27.3 - https:\/\/yoast.com\/product\/yoast-seo-wordpress\/ -->\n<title>Services | Michel S\u00e9chage des boues<\/title>\n<meta name=\"description\" content=\"michel SLUDGE-DRYING-SYSTEMS propose des solutions avanc\u00e9es pour le s\u00e9chage des boues.\" \/>\n<meta name=\"robots\" content=\"index, follow, max-snippet:-1, max-image-preview:large, max-video-preview:-1\" \/>\n<link rel=\"canonical\" href=\"https:\/\/schlammtrocknung.com\/fr\/services\/\" \/>\n<meta property=\"og:locale\" content=\"fr_FR\" \/>\n<meta property=\"og:type\" content=\"article\" \/>\n<meta property=\"og:title\" content=\"Services | Michel S\u00e9chage des boues\" \/>\n<meta property=\"og:description\" content=\"michel SLUDGE-DRYING-SYSTEMS propose des solutions avanc\u00e9es pour le s\u00e9chage des boues.\" \/>\n<meta property=\"og:url\" content=\"https:\/\/schlammtrocknung.com\/fr\/services\/\" \/>\n<meta property=\"og:site_name\" content=\"Schlammtrocknung \u2013 michel SLUDGE DRYING SYSTEM\" \/>\n<meta property=\"article:modified_time\" content=\"2025-05-09T08:46:06+00:00\" \/>\n<meta name=\"twitter:card\" content=\"summary_large_image\" \/>\n<meta name=\"twitter:label1\" content=\"Dur\u00e9e de lecture estim\u00e9e\" \/>\n\t<meta name=\"twitter:data1\" content=\"5 minutes\" \/>\n<script type=\"application\/ld+json\" class=\"yoast-schema-graph\">{\"@context\":\"https:\\\/\\\/schema.org\",\"@graph\":[{\"@type\":\"WebPage\",\"@id\":\"https:\\\/\\\/schlammtrocknung.com\\\/fr\\\/services\\\/\",\"url\":\"https:\\\/\\\/schlammtrocknung.com\\\/fr\\\/services\\\/\",\"name\":\"Services | Michel S\u00e9chage des boues\",\"isPartOf\":{\"@id\":\"https:\\\/\\\/schlammtrocknung.com\\\/#website\"},\"datePublished\":\"2024-09-04T08:22:38+00:00\",\"dateModified\":\"2025-05-09T08:46:06+00:00\",\"description\":\"michel SLUDGE-DRYING-SYSTEMS propose des solutions avanc\u00e9es pour le s\u00e9chage des boues.\",\"breadcrumb\":{\"@id\":\"https:\\\/\\\/schlammtrocknung.com\\\/fr\\\/services\\\/#breadcrumb\"},\"inLanguage\":\"fr-FR\",\"potentialAction\":[{\"@type\":\"ReadAction\",\"target\":[\"https:\\\/\\\/schlammtrocknung.com\\\/fr\\\/services\\\/\"]}]},{\"@type\":\"BreadcrumbList\",\"@id\":\"https:\\\/\\\/schlammtrocknung.com\\\/fr\\\/services\\\/#breadcrumb\",\"itemListElement\":[{\"@type\":\"ListItem\",\"position\":1,\"name\":\"Startseite\",\"item\":\"https:\\\/\\\/schlammtrocknung.com\\\/fr\\\/page-daccueil-2\\\/\"},{\"@type\":\"ListItem\",\"position\":2,\"name\":\"Services\"}]},{\"@type\":\"WebSite\",\"@id\":\"https:\\\/\\\/schlammtrocknung.com\\\/#website\",\"url\":\"https:\\\/\\\/schlammtrocknung.com\\\/\",\"name\":\"Schlammtrocknung | SDS - Schlammtrocknung\",\"description\":\"Schlamm- L\u00f6sungen f\u00fcr Kl\u00e4rwerke, Industrie und Umwelt\",\"publisher\":{\"@id\":\"https:\\\/\\\/schlammtrocknung.com\\\/#organization\"},\"potentialAction\":[{\"@type\":\"SearchAction\",\"target\":{\"@type\":\"EntryPoint\",\"urlTemplate\":\"https:\\\/\\\/schlammtrocknung.com\\\/?s={search_term_string}\"},\"query-input\":{\"@type\":\"PropertyValueSpecification\",\"valueRequired\":true,\"valueName\":\"search_term_string\"}}],\"inLanguage\":\"fr-FR\"},{\"@type\":\"Organization\",\"@id\":\"https:\\\/\\\/schlammtrocknung.com\\\/#organization\",\"name\":\"Schlammtrocknung | SDS - Schlammtrocknung\",\"url\":\"https:\\\/\\\/schlammtrocknung.com\\\/\",\"logo\":{\"@type\":\"ImageObject\",\"inLanguage\":\"fr-FR\",\"@id\":\"https:\\\/\\\/schlammtrocknung.com\\\/#\\\/schema\\\/logo\\\/image\\\/\",\"url\":\"https:\\\/\\\/schlammtrocknung.com\\\/wp-content\\\/uploads\\\/2023\\\/02\\\/logo_sds-1.png\",\"contentUrl\":\"https:\\\/\\\/schlammtrocknung.com\\\/wp-content\\\/uploads\\\/2023\\\/02\\\/logo_sds-1.png\",\"width\":697,\"height\":187,\"caption\":\"Schlammtrocknung | SDS - Schlammtrocknung\"},\"image\":{\"@id\":\"https:\\\/\\\/schlammtrocknung.com\\\/#\\\/schema\\\/logo\\\/image\\\/\"}}]}<\/script>\n<!-- \/ Yoast SEO plugin. -->","yoast_head_json":{"title":"Services | Michel S\u00e9chage des boues","description":"michel SLUDGE-DRYING-SYSTEMS propose des solutions avanc\u00e9es pour le s\u00e9chage des boues.","robots":{"index":"index","follow":"follow","max-snippet":"max-snippet:-1","max-image-preview":"max-image-preview:large","max-video-preview":"max-video-preview:-1"},"canonical":"https:\/\/schlammtrocknung.com\/fr\/services\/","og_locale":"fr_FR","og_type":"article","og_title":"Services | Michel S\u00e9chage des boues","og_description":"michel SLUDGE-DRYING-SYSTEMS propose des solutions avanc\u00e9es pour le s\u00e9chage des boues.","og_url":"https:\/\/schlammtrocknung.com\/fr\/services\/","og_site_name":"Schlammtrocknung \u2013 michel SLUDGE DRYING SYSTEM","article_modified_time":"2025-05-09T08:46:06+00:00","twitter_card":"summary_large_image","twitter_misc":{"Dur\u00e9e de lecture estim\u00e9e":"5 minutes"},"schema":{"@context":"https:\/\/schema.org","@graph":[{"@type":"WebPage","@id":"https:\/\/schlammtrocknung.com\/fr\/services\/","url":"https:\/\/schlammtrocknung.com\/fr\/services\/","name":"Services | Michel S\u00e9chage des boues","isPartOf":{"@id":"https:\/\/schlammtrocknung.com\/#website"},"datePublished":"2024-09-04T08:22:38+00:00","dateModified":"2025-05-09T08:46:06+00:00","description":"michel SLUDGE-DRYING-SYSTEMS propose des solutions avanc\u00e9es pour le s\u00e9chage des boues.","breadcrumb":{"@id":"https:\/\/schlammtrocknung.com\/fr\/services\/#breadcrumb"},"inLanguage":"fr-FR","potentialAction":[{"@type":"ReadAction","target":["https:\/\/schlammtrocknung.com\/fr\/services\/"]}]},{"@type":"BreadcrumbList","@id":"https:\/\/schlammtrocknung.com\/fr\/services\/#breadcrumb","itemListElement":[{"@type":"ListItem","position":1,"name":"Startseite","item":"https:\/\/schlammtrocknung.com\/fr\/page-daccueil-2\/"},{"@type":"ListItem","position":2,"name":"Services"}]},{"@type":"WebSite","@id":"https:\/\/schlammtrocknung.com\/#website","url":"https:\/\/schlammtrocknung.com\/","name":"Schlammtrocknung | SDS - Schlammtrocknung","description":"Schlamm- L\u00f6sungen f\u00fcr Kl\u00e4rwerke, Industrie und Umwelt","publisher":{"@id":"https:\/\/schlammtrocknung.com\/#organization"},"potentialAction":[{"@type":"SearchAction","target":{"@type":"EntryPoint","urlTemplate":"https:\/\/schlammtrocknung.com\/?s={search_term_string}"},"query-input":{"@type":"PropertyValueSpecification","valueRequired":true,"valueName":"search_term_string"}}],"inLanguage":"fr-FR"},{"@type":"Organization","@id":"https:\/\/schlammtrocknung.com\/#organization","name":"Schlammtrocknung | SDS - Schlammtrocknung","url":"https:\/\/schlammtrocknung.com\/","logo":{"@type":"ImageObject","inLanguage":"fr-FR","@id":"https:\/\/schlammtrocknung.com\/#\/schema\/logo\/image\/","url":"https:\/\/schlammtrocknung.com\/wp-content\/uploads\/2023\/02\/logo_sds-1.png","contentUrl":"https:\/\/schlammtrocknung.com\/wp-content\/uploads\/2023\/02\/logo_sds-1.png","width":697,"height":187,"caption":"Schlammtrocknung | SDS - Schlammtrocknung"},"image":{"@id":"https:\/\/schlammtrocknung.com\/#\/schema\/logo\/image\/"}}]}},"_links":{"self":[{"href":"https:\/\/schlammtrocknung.com\/fr\/wp-json\/wp\/v2\/pages\/2377","targetHints":{"allow":["GET"]}}],"collection":[{"href":"https:\/\/schlammtrocknung.com\/fr\/wp-json\/wp\/v2\/pages"}],"about":[{"href":"https:\/\/schlammtrocknung.com\/fr\/wp-json\/wp\/v2\/types\/page"}],"author":[{"embeddable":true,"href":"https:\/\/schlammtrocknung.com\/fr\/wp-json\/wp\/v2\/users\/1"}],"replies":[{"embeddable":true,"href":"https:\/\/schlammtrocknung.com\/fr\/wp-json\/wp\/v2\/comments?post=2377"}],"version-history":[{"count":2,"href":"https:\/\/schlammtrocknung.com\/fr\/wp-json\/wp\/v2\/pages\/2377\/revisions"}],"predecessor-version":[{"id":2383,"href":"https:\/\/schlammtrocknung.com\/fr\/wp-json\/wp\/v2\/pages\/2377\/revisions\/2383"}],"wp:attachment":[{"href":"https:\/\/schlammtrocknung.com\/fr\/wp-json\/wp\/v2\/media?parent=2377"}],"curies":[{"name":"wp","href":"https:\/\/api.w.org\/{rel}","templated":true}]}}