{"id":2385,"date":"2024-09-04T12:00:35","date_gmt":"2024-09-04T10:00:35","guid":{"rendered":"https:\/\/schlammtrocknung.com\/services\/sechage-des-boues-depuration\/"},"modified":"2025-05-09T10:46:11","modified_gmt":"2025-05-09T08:46:11","slug":"sechage-des-boues-depuration","status":"publish","type":"page","link":"https:\/\/schlammtrocknung.com\/fr\/services\/sechage-des-boues-depuration\/","title":{"rendered":"S\u00e9chage des boues d&rsquo;\u00e9puration"},"content":{"rendered":"<div class=\"wpb-content-wrapper\"><p>[vc_row content_placement=\u00a0\u00bbtop\u00a0\u00bb][vc_column][vc_column_text]<\/p>\n<h1 style=\"text-align: center;\"><span style=\"color: #728d2a;\">  S\u00e9chage des boues d&rsquo;\u00e9puration avec michel SLUDGE-DRYING-SYSTEMS<\/span><\/h1>\n<p>[\/vc_column_text][vc_column_text]<\/p>\n<p style=\"text-align: center;\"><span style=\"font-weight: 400;\">Avanc\u00e9 <\/span><b>S\u00e9chage des boues d&rsquo;\u00e9puration<\/b><span style=\"font-weight: 400;\">qui red\u00e9finit les normes environnementales tout en \u00e9tant \u00e9conomiquement avantageux &#8211; tout cela est possible avec les installations de <\/span><b>michel SLUDGE-DRYING-SYSTEMS <\/b> <span style=\"font-weight: 400;\">est possible. Nos installations pr\u00e9parent les boues d&rsquo;\u00e9puration de mani\u00e8re optimale pour une \u00e9limination ou un traitement en douceur.   <\/span><a href=\"http:\/\/schlammtrocknung.com\/schlammverwertung\"><span style=\"font-weight: 400;\">R\u00e9cup\u00e9ration<\/span><\/a><span style=\"font-weight: 400;\">par exemple dans le cadre du <\/span><a href=\"http:\/\/schlammtrocknung.com\/blog\/phosphor-recycling\"><span style=\"font-weight: 400;\">Recyclage du phosphore<\/span><\/a><span style=\"font-weight: 400;\">Le phosphore est utilis\u00e9 dans la fabrication de produits alimentaires.<\/span><\/p>\n<p>[\/vc_column_text][vc_empty_space height=\u00a0\u00bb50px\u00a0\u00bb][\/vc_column][\/vc_row][vc_row][vc_column width=\u00a0\u00bb2\/3&Prime;][vc_column_text]<\/p>\n<h2><span style=\"color: #728d2a;\">Le s\u00e9chage des boues d&rsquo;\u00e9puration &#8211; une \u00e9tape d\u00e9cisive pour la valorisation de vos d\u00e9chets<\/span><\/h2>\n<p>[\/vc_column_text][vc_message]<i><span style=\"font-weight: 400;\">Qu&rsquo;est-ce que les boues d&rsquo;\u00e9puration ?<\/span><\/i><\/p>\n<p><i><span style=\"font-weight: 400;\">Les boues d&rsquo;\u00e9puration sont les sous-produits du traitement des eaux us\u00e9es, constitu\u00e9s de mati\u00e8res solides qui ont \u00e9t\u00e9 retir\u00e9es des eaux us\u00e9es. Ces boues, qui ont encore une forte teneur en humidit\u00e9,   <\/span><\/i><i><span style=\"font-weight: 400;\">contient des mati\u00e8res organiques et inorganiques, <\/span><\/i><i><span style=\"font-weight: 400;\">micro-organismes ainsi que des bact\u00e9ries potentiellement pathog\u00e8nes. <\/span><\/i>[\/vc_message][vc_column_text]<span style=\"font-weight: 400;\">Les boues peuvent \u00e9galement contenir des m\u00e9taux lourds et d&rsquo;autres polluants qui n\u00e9cessitent une attention particuli\u00e8re. <\/span><a href=\"http:\/\/schlammtrocknung.com\/leistungen\/schlammbehandlung\"><span style=\"font-weight: 400;\">traitement<\/span><\/a><span style=\"font-weight: 400;\">  pour prot\u00e9ger l&rsquo;environnement et la sant\u00e9 humaine. Le site   <\/span><b>s\u00e9chage efficace et s\u00fbr des boues d&rsquo;\u00e9puration<\/b><span style=\"font-weight: 400;\"> est donc un \u00e9l\u00e9ment central des strat\u00e9gies modernes de gestion des d\u00e9chets et de protection de l&rsquo;environnement.<\/span>[\/vc_column_text][vc_empty_space height=\u00a0\u00bb70px\u00a0\u00bb][\/vc_column][vc_column width=\u00a0\u00bb1\/3&Prime;][vc_single_image image=\u00a0\u00bb1166&Prime; img_size=\u00a0\u00bb400&#215;500&Prime;][\/vc_column][\/vc_row][vc_row][vc_column width=\u00a0\u00bb1\/2&Prime;][vc_single_image image=\u00a0\u00bb374&Prime; img_size=\u00a0\u00bb600&#215;400&Prime;][vc_empty_space height=\u00a0\u00bb70px\u00a0\u00bb][\/vc_column][vc_column width=\u00a0\u00bb1\/2&Prime;][vc_column_text]<\/p>\n<h2><span style=\"color: #728d2a;\">C&rsquo;est pourquoi le s\u00e9chage des boues d&rsquo;\u00e9puration est indispensable<\/span><\/h2>\n<p>Le s\u00e9chage des boues d&rsquo;\u00e9puration r\u00e9duit consid\u00e9rablement leur volume et leur poids, car il \u00e9limine une grande partie de leur teneur en liquide. Le transport et le traitement ult\u00e9rieur des boues sont ainsi simplifi\u00e9s et les co\u00fbts r\u00e9duits. <\/p>\n<p><span style=\"font-weight: 400;\">Le s\u00e9chage contribue \u00e0 stabiliser les boues en r\u00e9duisant l&rsquo;activit\u00e9 biologique, <\/span><span style=\"font-weight: 400;\">les odeurs<\/span><span style=\"font-weight: 400;\">  et emp\u00eache la propagation d&rsquo;agents pathog\u00e8nes. De plus, elle rend   <\/span><b>R\u00e9cup\u00e9ration<\/b><span style=\"font-weight: 400;\"> substances pr\u00e9cieuses des boues plus efficacement.<\/span><\/p>\n<h3><\/h3>\n<p>[\/vc_column_text][\/vc_column][\/vc_row][vc_row][vc_column width=\u00a0\u00bb1\/2&Prime;][vc_column_text]<b>Les boues d&rsquo;\u00e9puration s\u00e9ch\u00e9es<\/b><span style=\"font-weight: 400;\"> peuvent \u00eatre stock\u00e9es en toute s\u00e9curit\u00e9 et utilis\u00e9es de diverses mani\u00e8res :<\/span><\/p>\n<ul>\n<li style=\"font-weight: 400;\" aria-level=\"1\"><b>Comme combustible renouvelable<\/b><span style=\"font-weight: 400;\"> dans les centrales \u00e0 biomasse pour la production d&rsquo;\u00e9nergie<\/span><\/li>\n<li style=\"font-weight: 400;\" aria-level=\"1\"><b>En tant qu&rsquo;engrais de haute qualit\u00e9 <\/b><span style=\"font-weight: 400;\">avec des nutriments essentiels pour l&rsquo;agriculture<\/span><\/li>\n<li style=\"font-weight: 400;\" aria-level=\"1\"><b>Dans l&rsquo;industrie de la construction<\/b><span style=\"font-weight: 400;\"> comme agr\u00e9gat pour la fabrication de mat\u00e9riaux de construction tels que les briques ou les pav\u00e9s<\/span><\/li>\n<li style=\"font-weight: 400;\" aria-level=\"1\"><b>Pour r\u00e9cup\u00e9rer le pr\u00e9cieux phosphore <\/b><span style=\"font-weight: 400;\">\u00e0 partir de boues s\u00e9ch\u00e9es<\/span><\/li>\n<\/ul>\n<p>[\/vc_column_text][\/vc_column][vc_column width=\u00a0\u00bb1\/2&Prime;][vc_single_image image=\u00a0\u00bb373&Prime; img_size=\u00a0\u00bb600&#215;380&Prime;][vc_empty_space height=\u00a0\u00bb70px\u00a0\u00bb][\/vc_column][\/vc_row][vc_row][vc_column width=\u00a0\u00bb1\/2&Prime;][vc_single_image image=\u00a0\u00bb371&Prime; img_size=\u00a0\u00bb600&#215;500&Prime;][vc_empty_space height=\u00a0\u00bb70px\u00a0\u00bb][\/vc_column][vc_column width=\u00a0\u00bb1\/2&Prime;][vc_column_text]<\/p>\n<h2><span style=\"color: #728d2a;\">Avec michel SLUDGE-DRYING-SYSTEMS pour une valorisation durable des boues d&rsquo;\u00e9puration<\/span><\/h2>\n<p><span style=\"font-weight: 400;\">michel SLUDGE-DRYING-SYSTEMS utilise des technologies innovantes pour s\u00e9cher efficacement les boues d&rsquo;\u00e9puration. Notre   <\/span><b>Installations<\/b><span style=\"font-weight: 400;\"> utilisent une combinaison de s\u00e9chage par contact et par convection <\/span><span style=\"font-weight: 400;\">pour un s\u00e9chage uniforme et en douceur de vos boues d&rsquo;\u00e9puration <\/span><span style=\"font-weight: 400;\">&#8211; et ce, sans transport, car directement sur place. <\/span> <\/p>\n<p><span style=\"font-weight: 400;\">Le site <\/span><b>S\u00e9chage des boues d&rsquo;\u00e9puration<\/b><span style=\"font-weight: 400;\">  s&rsquo;effectue \u00e0 <a href=\"https:\/\/schlammtrocknung.com\/fr\/sechoir-a-basse-temperature\/\">basse temp\u00e9rature<\/a> afin d&rsquo;\u00e9conomiser de l&rsquo;\u00e9nergie et de pr\u00e9server les substances utiles contenues dans les boues. Nos syst\u00e8mes modulaires peuvent \u00eatre adapt\u00e9s \u00e0 diff\u00e9rents types et volumes de boues et sont disponibles dans <strong>tous les pays<\/strong>. <\/span> <b> tailles <\/b><span style=\"font-weight: 400;\">disponibles pour r\u00e9pondre aux besoins de diff\u00e9rentes installations.<\/span>[\/vc_column_text][\/vc_column][\/vc_row][vc_row][vc_column width=\u00a0\u00bb1\/2&Prime;][vc_column_text]<\/p>\n<h3><span style=\"color: #728d2a;\">Avantages du s\u00e9chage des boues d&rsquo;\u00e9puration avec SLUDGE-DRYING-SYSTEMS de michel<\/span><\/h3>\n<p><span style=\"font-weight: 400;\">Michel SLUDGE-DRYING-SYSTEMS offre de nombreux avantages qui distinguent notre technologie des syst\u00e8mes traditionnels <\/span><span style=\"font-weight: 400;\">distinguent<\/span><span style=\"font-weight: 400;\">:<\/span><\/p>\n<ul>\n<li style=\"font-weight: 400;\" aria-level=\"1\"><b>Directement sur le site :<\/b><span style=\"font-weight: 400;\"> Install\u00e9es directement sur le lieu de production des boues, nos solutions permettent de r\u00e9duire les co\u00fbts logistiques.<\/span><\/li>\n<li style=\"font-weight: 400;\" aria-level=\"1\"><b>Durable sur le plan \u00e9cologique :<\/b> <span style=\"font-weight: 400;\">Aucune \u00e9mission directe et r\u00e9duction significative du CO\u2082<\/span><\/li>\n<li style=\"font-weight: 400;\" aria-level=\"1\"><b>Proc\u00e9dure efficace<\/b><b>:<\/b><span style=\"font-weight: 400;\"> Gr\u00e2ce au s\u00e9chage \u00e0 basse temp\u00e9rature, nous obtenons une efficacit\u00e9 \u00e9nerg\u00e9tique maximale et de faibles co\u00fbts d&rsquo;exploitation.<\/span><\/li>\n<li style=\"font-weight: 400;\" aria-level=\"1\"><b>Polyvalent et adaptable :<\/b><span style=\"font-weight: 400;\"> Les syst\u00e8mes sont adapt\u00e9s \u00e0 diff\u00e9rents types de boues et sont extensibles de fa\u00e7on modulaire.<\/span><\/li>\n<li style=\"font-weight: 400;\" aria-level=\"1\"><b>Durable et n\u00e9cessitant peu d&rsquo;entretien :<\/b> <span style=\"font-weight: 400;\">Gr\u00e2ce \u00e0 une conception robuste et \u00e0 une technologie avanc\u00e9e, nous obtenons une fiabilit\u00e9 maximale.<\/span><\/li>\n<\/ul>\n<p>[\/vc_column_text][vc_empty_space height=\u00a0\u00bb70px\u00a0\u00bb][\/vc_column][vc_column width=\u00a0\u00bb1\/2&Prime;][vc_single_image image=\u00a0\u00bb372&Prime; img_size=\u00a0\u00bb600&#215;500&Prime;][\/vc_column][\/vc_row][vc_row][vc_column][vc_cta h2=\u00a0\u00bbPrenez en main le s\u00e9chage de vos boues d&apos;\u00e9puration\u00a0\u00bb txt_align=\u00a0\u00bbcenter\u00a0\u00bb add_button=\u00a0\u00bbbottom\u00a0\u00bb btn_title=\u00a0\u00bbContactez-nous !\u00a0\u00bb btn_style=\u00a0\u00bbgradient-custom\u00a0\u00bb btn_gradient_custom_color_1=\u00a0\u00bb#728d2a\u00a0\u00bb btn_gradient_custom_color_2=\u00a0\u00bb#728d2a\u00a0\u00bb btn_align=\u00a0\u00bbcenter\u00a0\u00bb btn_link=\u00a0\u00bburl:https%3A%2F%2Fschlammtrocknung.com%2Fkontakt%2F|title:Contact|\u00a0\u00bb]<\/p>\n<p style=\"text-align: center;\"><span style=\"font-weight: 400;\">Misez sur <\/span><b>michel SLUDGE-DRYING-SYSTEMS<\/b><span style=\"font-weight: 400;\">pour am\u00e9liorer votre <\/span><b>S\u00e9chage des boues d&rsquo;\u00e9puration<\/b><span style=\"font-weight: 400;\">  de mani\u00e8re \u00e9cologique et rentable. Contactez-nous d\u00e8s maintenant pour en savoir plus sur la mani\u00e8re dont nos syst\u00e8mes peuvent vous aider \u00e0 atteindre les objectifs de votre entreprise et de votre d\u00e9veloppement durable. <\/span><\/p>\n<p>[\/vc_cta][vc_empty_space height=\u00a0\u00bb50px\u00a0\u00bb][\/vc_column][\/vc_row][vc_row][vc_column][vc_column_text]<\/p>\n<h2 style=\"text-align: center;\"><span style=\"color: #728d2a;\">FAQ &#8211; Foire aux questions sur le s\u00e9chage des boues d&rsquo;\u00e9puration<\/span><\/h2>\n<p>[\/vc_column_text][\/vc_column][\/vc_row][vc_row][vc_column][vc_toggle title=\u00a0\u00bbComment les boues d&apos;\u00e9puration sont-elles s\u00e9ch\u00e9es ?\u00a0\u00bb]<span style=\"font-weight: 400;\">Les boues d&rsquo;\u00e9puration sont s\u00e9ch\u00e9es par application de chaleur et de pression, en utilisant des techniques telles que le s\u00e9chage par contact et le s\u00e9chage par convection. L&rsquo;humidit\u00e9 est ainsi \u00e9limin\u00e9e des boues, ce qui r\u00e9duit leur volume et leur poids et facilite leur transport, leur stockage et leur traitement ult\u00e9rieur. <\/span>[\/vc_toggle][vc_toggle title=\u00a0\u00bbQu&apos;est-ce que les boues d&apos;\u00e9puration exactement ?\u00a0\u00bb]<span style=\"font-weight: 400;\">Les boues d&rsquo;\u00e9puration sont un sous-produit du traitement des eaux us\u00e9es, compos\u00e9 principalement de mati\u00e8res organiques, de micro-organismes ainsi que de mati\u00e8res solides filtr\u00e9es par l&rsquo;eau. Elles contiennent des nutriments tels que l&rsquo;azote et le phosphore, mais peuvent \u00e9galement contenir des polluants tels que des bact\u00e9ries et des m\u00e9taux lourds, ce qui n\u00e9cessite un traitement et une \u00e9limination minutieux. <\/span>[\/vc_toggle][vc_toggle title=\u00a0\u00bbLes boues d&apos;\u00e9puration sont-elles combustibles ?\u00a0\u00bb]<span style=\"font-weight: 400;\">Oui, les boues d&rsquo;\u00e9puration sont combustibles, surtout apr\u00e8s avoir \u00e9t\u00e9 compl\u00e8tement s\u00e9ch\u00e9es. Les boues s\u00e9ch\u00e9es peuvent \u00eatre utilis\u00e9es comme combustible dans des installations sp\u00e9cialement con\u00e7ues pour produire de l&rsquo;\u00e9nergie. Cependant, avant le s\u00e9chage des boues, la mati\u00e8re recyclable n&rsquo;est g\u00e9n\u00e9ralement pas combustible en raison de sa teneur \u00e9lev\u00e9e en eau.  <\/span>[\/vc_toggle][\/vc_column][\/vc_row]<\/p>\n<\/div>","protected":false},"excerpt":{"rendered":"<p>[vc_row content_placement=\u00a0\u00bbtop\u00a0\u00bb][vc_column][vc_column_text] S\u00e9chage des boues d&rsquo;\u00e9puration avec michel SLUDGE-DRYING-SYSTEMS [\/vc_column_text][vc_column_text] Avanc\u00e9 S\u00e9chage des boues d&rsquo;\u00e9purationqui red\u00e9finit les normes environnementales tout en \u00e9tant \u00e9conomiquement avantageux &#8211; tout cela est possible avec les installations de michel SLUDGE-DRYING-SYSTEMS est possible. Nos installations pr\u00e9parent les boues d&rsquo;\u00e9puration de mani\u00e8re optimale pour une \u00e9limination ou un traitement en douceur. R\u00e9cup\u00e9rationpar&hellip;<\/p>\n","protected":false},"author":1,"featured_media":0,"parent":2377,"menu_order":0,"comment_status":"closed","ping_status":"closed","template":"","meta":{"footnotes":""},"class_list":["post-2385","page","type-page","status-publish","hentry","description-off"],"yoast_head":"<!-- This site is optimized with the Yoast SEO plugin v27.3 - https:\/\/yoast.com\/product\/yoast-seo-wordpress\/ -->\n<title>S\u00e9chage des boues d&#039;\u00e9puration | Michel S\u00e9chage des boues<\/title>\n<meta name=\"description\" content=\"Optimisez la valorisation de vos d\u00e9chets gr\u00e2ce au s\u00e9chage avanc\u00e9 des boues d&#039;\u00e9puration de michel SLUDGE-DRYING-SYSTEMS.\" \/>\n<meta name=\"robots\" content=\"index, follow, max-snippet:-1, max-image-preview:large, max-video-preview:-1\" \/>\n<link rel=\"canonical\" href=\"https:\/\/schlammtrocknung.com\/fr\/services\/sechage-des-boues-depuration\/\" \/>\n<meta property=\"og:locale\" content=\"fr_FR\" \/>\n<meta property=\"og:type\" content=\"article\" \/>\n<meta property=\"og:title\" content=\"S\u00e9chage des boues d&#039;\u00e9puration | Michel S\u00e9chage des boues\" \/>\n<meta property=\"og:description\" content=\"Optimisez la valorisation de vos d\u00e9chets gr\u00e2ce au s\u00e9chage avanc\u00e9 des boues d&#039;\u00e9puration de michel SLUDGE-DRYING-SYSTEMS.\" \/>\n<meta property=\"og:url\" content=\"https:\/\/schlammtrocknung.com\/fr\/services\/sechage-des-boues-depuration\/\" \/>\n<meta property=\"og:site_name\" content=\"Schlammtrocknung \u2013 michel SLUDGE DRYING SYSTEM\" \/>\n<meta property=\"article:modified_time\" content=\"2025-05-09T08:46:11+00:00\" \/>\n<meta name=\"twitter:card\" content=\"summary_large_image\" \/>\n<meta name=\"twitter:label1\" content=\"Dur\u00e9e de lecture estim\u00e9e\" \/>\n\t<meta name=\"twitter:data1\" content=\"6 minutes\" \/>\n<script type=\"application\/ld+json\" class=\"yoast-schema-graph\">{\"@context\":\"https:\\\/\\\/schema.org\",\"@graph\":[{\"@type\":\"WebPage\",\"@id\":\"https:\\\/\\\/schlammtrocknung.com\\\/fr\\\/services\\\/sechage-des-boues-depuration\\\/\",\"url\":\"https:\\\/\\\/schlammtrocknung.com\\\/fr\\\/services\\\/sechage-des-boues-depuration\\\/\",\"name\":\"S\u00e9chage des boues d'\u00e9puration | Michel S\u00e9chage des boues\",\"isPartOf\":{\"@id\":\"https:\\\/\\\/schlammtrocknung.com\\\/#website\"},\"datePublished\":\"2024-09-04T10:00:35+00:00\",\"dateModified\":\"2025-05-09T08:46:11+00:00\",\"description\":\"Optimisez la valorisation de vos d\u00e9chets gr\u00e2ce au s\u00e9chage avanc\u00e9 des boues d'\u00e9puration de michel SLUDGE-DRYING-SYSTEMS.\",\"breadcrumb\":{\"@id\":\"https:\\\/\\\/schlammtrocknung.com\\\/fr\\\/services\\\/sechage-des-boues-depuration\\\/#breadcrumb\"},\"inLanguage\":\"fr-FR\",\"potentialAction\":[{\"@type\":\"ReadAction\",\"target\":[\"https:\\\/\\\/schlammtrocknung.com\\\/fr\\\/services\\\/sechage-des-boues-depuration\\\/\"]}]},{\"@type\":\"BreadcrumbList\",\"@id\":\"https:\\\/\\\/schlammtrocknung.com\\\/fr\\\/services\\\/sechage-des-boues-depuration\\\/#breadcrumb\",\"itemListElement\":[{\"@type\":\"ListItem\",\"position\":1,\"name\":\"Startseite\",\"item\":\"https:\\\/\\\/schlammtrocknung.com\\\/fr\\\/page-daccueil-2\\\/\"},{\"@type\":\"ListItem\",\"position\":2,\"name\":\"Services\",\"item\":\"https:\\\/\\\/schlammtrocknung.com\\\/fr\\\/services\\\/\"},{\"@type\":\"ListItem\",\"position\":3,\"name\":\"S\u00e9chage des boues d&rsquo;\u00e9puration\"}]},{\"@type\":\"WebSite\",\"@id\":\"https:\\\/\\\/schlammtrocknung.com\\\/#website\",\"url\":\"https:\\\/\\\/schlammtrocknung.com\\\/\",\"name\":\"Schlammtrocknung | SDS - Schlammtrocknung\",\"description\":\"Schlamm- L\u00f6sungen f\u00fcr Kl\u00e4rwerke, Industrie und Umwelt\",\"publisher\":{\"@id\":\"https:\\\/\\\/schlammtrocknung.com\\\/#organization\"},\"potentialAction\":[{\"@type\":\"SearchAction\",\"target\":{\"@type\":\"EntryPoint\",\"urlTemplate\":\"https:\\\/\\\/schlammtrocknung.com\\\/?s={search_term_string}\"},\"query-input\":{\"@type\":\"PropertyValueSpecification\",\"valueRequired\":true,\"valueName\":\"search_term_string\"}}],\"inLanguage\":\"fr-FR\"},{\"@type\":\"Organization\",\"@id\":\"https:\\\/\\\/schlammtrocknung.com\\\/#organization\",\"name\":\"Schlammtrocknung | SDS - Schlammtrocknung\",\"url\":\"https:\\\/\\\/schlammtrocknung.com\\\/\",\"logo\":{\"@type\":\"ImageObject\",\"inLanguage\":\"fr-FR\",\"@id\":\"https:\\\/\\\/schlammtrocknung.com\\\/#\\\/schema\\\/logo\\\/image\\\/\",\"url\":\"https:\\\/\\\/schlammtrocknung.com\\\/wp-content\\\/uploads\\\/2023\\\/02\\\/logo_sds-1.png\",\"contentUrl\":\"https:\\\/\\\/schlammtrocknung.com\\\/wp-content\\\/uploads\\\/2023\\\/02\\\/logo_sds-1.png\",\"width\":697,\"height\":187,\"caption\":\"Schlammtrocknung | SDS - Schlammtrocknung\"},\"image\":{\"@id\":\"https:\\\/\\\/schlammtrocknung.com\\\/#\\\/schema\\\/logo\\\/image\\\/\"}}]}<\/script>\n<!-- \/ Yoast SEO plugin. -->","yoast_head_json":{"title":"S\u00e9chage des boues d'\u00e9puration | Michel S\u00e9chage des boues","description":"Optimisez la valorisation de vos d\u00e9chets gr\u00e2ce au s\u00e9chage avanc\u00e9 des boues d'\u00e9puration de michel SLUDGE-DRYING-SYSTEMS.","robots":{"index":"index","follow":"follow","max-snippet":"max-snippet:-1","max-image-preview":"max-image-preview:large","max-video-preview":"max-video-preview:-1"},"canonical":"https:\/\/schlammtrocknung.com\/fr\/services\/sechage-des-boues-depuration\/","og_locale":"fr_FR","og_type":"article","og_title":"S\u00e9chage des boues d'\u00e9puration | Michel S\u00e9chage des boues","og_description":"Optimisez la valorisation de vos d\u00e9chets gr\u00e2ce au s\u00e9chage avanc\u00e9 des boues d'\u00e9puration de michel SLUDGE-DRYING-SYSTEMS.","og_url":"https:\/\/schlammtrocknung.com\/fr\/services\/sechage-des-boues-depuration\/","og_site_name":"Schlammtrocknung \u2013 michel SLUDGE DRYING SYSTEM","article_modified_time":"2025-05-09T08:46:11+00:00","twitter_card":"summary_large_image","twitter_misc":{"Dur\u00e9e de lecture estim\u00e9e":"6 minutes"},"schema":{"@context":"https:\/\/schema.org","@graph":[{"@type":"WebPage","@id":"https:\/\/schlammtrocknung.com\/fr\/services\/sechage-des-boues-depuration\/","url":"https:\/\/schlammtrocknung.com\/fr\/services\/sechage-des-boues-depuration\/","name":"S\u00e9chage des boues d'\u00e9puration | Michel S\u00e9chage des boues","isPartOf":{"@id":"https:\/\/schlammtrocknung.com\/#website"},"datePublished":"2024-09-04T10:00:35+00:00","dateModified":"2025-05-09T08:46:11+00:00","description":"Optimisez la valorisation de vos d\u00e9chets gr\u00e2ce au s\u00e9chage avanc\u00e9 des boues d'\u00e9puration de michel SLUDGE-DRYING-SYSTEMS.","breadcrumb":{"@id":"https:\/\/schlammtrocknung.com\/fr\/services\/sechage-des-boues-depuration\/#breadcrumb"},"inLanguage":"fr-FR","potentialAction":[{"@type":"ReadAction","target":["https:\/\/schlammtrocknung.com\/fr\/services\/sechage-des-boues-depuration\/"]}]},{"@type":"BreadcrumbList","@id":"https:\/\/schlammtrocknung.com\/fr\/services\/sechage-des-boues-depuration\/#breadcrumb","itemListElement":[{"@type":"ListItem","position":1,"name":"Startseite","item":"https:\/\/schlammtrocknung.com\/fr\/page-daccueil-2\/"},{"@type":"ListItem","position":2,"name":"Services","item":"https:\/\/schlammtrocknung.com\/fr\/services\/"},{"@type":"ListItem","position":3,"name":"S\u00e9chage des boues d&rsquo;\u00e9puration"}]},{"@type":"WebSite","@id":"https:\/\/schlammtrocknung.com\/#website","url":"https:\/\/schlammtrocknung.com\/","name":"Schlammtrocknung | SDS - Schlammtrocknung","description":"Schlamm- L\u00f6sungen f\u00fcr Kl\u00e4rwerke, Industrie und Umwelt","publisher":{"@id":"https:\/\/schlammtrocknung.com\/#organization"},"potentialAction":[{"@type":"SearchAction","target":{"@type":"EntryPoint","urlTemplate":"https:\/\/schlammtrocknung.com\/?s={search_term_string}"},"query-input":{"@type":"PropertyValueSpecification","valueRequired":true,"valueName":"search_term_string"}}],"inLanguage":"fr-FR"},{"@type":"Organization","@id":"https:\/\/schlammtrocknung.com\/#organization","name":"Schlammtrocknung | SDS - Schlammtrocknung","url":"https:\/\/schlammtrocknung.com\/","logo":{"@type":"ImageObject","inLanguage":"fr-FR","@id":"https:\/\/schlammtrocknung.com\/#\/schema\/logo\/image\/","url":"https:\/\/schlammtrocknung.com\/wp-content\/uploads\/2023\/02\/logo_sds-1.png","contentUrl":"https:\/\/schlammtrocknung.com\/wp-content\/uploads\/2023\/02\/logo_sds-1.png","width":697,"height":187,"caption":"Schlammtrocknung | SDS - Schlammtrocknung"},"image":{"@id":"https:\/\/schlammtrocknung.com\/#\/schema\/logo\/image\/"}}]}},"_links":{"self":[{"href":"https:\/\/schlammtrocknung.com\/fr\/wp-json\/wp\/v2\/pages\/2385","targetHints":{"allow":["GET"]}}],"collection":[{"href":"https:\/\/schlammtrocknung.com\/fr\/wp-json\/wp\/v2\/pages"}],"about":[{"href":"https:\/\/schlammtrocknung.com\/fr\/wp-json\/wp\/v2\/types\/page"}],"author":[{"embeddable":true,"href":"https:\/\/schlammtrocknung.com\/fr\/wp-json\/wp\/v2\/users\/1"}],"replies":[{"embeddable":true,"href":"https:\/\/schlammtrocknung.com\/fr\/wp-json\/wp\/v2\/comments?post=2385"}],"version-history":[{"count":2,"href":"https:\/\/schlammtrocknung.com\/fr\/wp-json\/wp\/v2\/pages\/2385\/revisions"}],"predecessor-version":[{"id":2389,"href":"https:\/\/schlammtrocknung.com\/fr\/wp-json\/wp\/v2\/pages\/2385\/revisions\/2389"}],"up":[{"embeddable":true,"href":"https:\/\/schlammtrocknung.com\/fr\/wp-json\/wp\/v2\/pages\/2377"}],"wp:attachment":[{"href":"https:\/\/schlammtrocknung.com\/fr\/wp-json\/wp\/v2\/media?parent=2385"}],"curies":[{"name":"wp","href":"https:\/\/api.w.org\/{rel}","templated":true}]}}