{"id":2401,"date":"2024-09-04T11:08:22","date_gmt":"2024-09-04T09:08:22","guid":{"rendered":"https:\/\/schlammtrocknung.com\/services\/sechage-des-boues-biologiques\/"},"modified":"2025-05-09T10:46:19","modified_gmt":"2025-05-09T08:46:19","slug":"sechage-des-boues-biologiques","status":"publish","type":"page","link":"https:\/\/schlammtrocknung.com\/fr\/services\/sechage-des-boues-biologiques\/","title":{"rendered":"S\u00e9chage des boues biologiques"},"content":{"rendered":"<div class=\"wpb-content-wrapper\"><p>[vc_row content_placement=\u00a0\u00bbtop\u00a0\u00bb][vc_column][vc_column_text]<\/p>\n<h1 style=\"text-align: center;\"><span style=\"color: #728d2a;\">La solution compl\u00e8te et durable pour le s\u00e9chage des boues biologiques<\/span><\/h1>\n<p>&nbsp;[\/vc_column_text][vc_column_text]<\/p>\n<p style=\"text-align: center;\"><span style=\"font-weight: 400;\">D\u00e9couvrez comment <\/span><b>michel SLUDGE-DRYING-SYSTEMS<\/b><span style=\"font-weight: 400;\"> avec des technologies de pointe et des \u00e9quipements r\u00e9volutionnaires, votre <\/span><b>S\u00e9chage de boues biologiques<\/b><span style=\"font-weight: 400;\"> de mani\u00e8re efficace et respectueuse de l&rsquo;environnement. <\/span><b>Directement sur place, de mani\u00e8re d\u00e9centralis\u00e9e et \u00e9conomique !<\/b><\/p>\n<p>[\/vc_column_text][vc_empty_space height=\u00a0\u00bb50px\u00a0\u00bb][\/vc_column][\/vc_row][vc_row][vc_column][vc_cta h2=\u00a0\u00bbR\u00e9volutionnez le s\u00e9chage des boues biologiques avec les SLUDGE-DRYING-SYSTEMS michel\u00a0\u00bb txt_align=\u00a0\u00bbcenter\u00a0\u00bb add_button=\u00a0\u00bbbottom\u00a0\u00bb btn_title=\u00a0\u00bbD\u00e9couvrez les solutions d\u00e8s maintenant !\u00a0\u00bb btn_style=\u00a0\u00bbgradient-custom\u00a0\u00bb btn_gradient_custom_color_1=\u00a0\u00bb#728d2a\u00a0\u00bb btn_gradient_custom_color_2=\u00a0\u00bb#728d2a\u00a0\u00bb btn_align=\u00a0\u00bbcenter\u00a0\u00bb btn_link=\u00a0\u00bburl:https%3A%2F%2Fschlammtrocknung.com%2Fkontakt%2F|title:Contact|\u00a0\u00bb]<\/p>\n<p style=\"text-align: center;\"><span style=\"font-weight: 400;\">Lancez votre <\/span><b>transformation durable<\/b><span style=\"font-weight: 400;\">  avec les solutions avanc\u00e9es de michel SLUDGE-DRYING-SYSTEMS. Le site   <\/span><b>S\u00e9chage des boues biologiques<\/b><span style=\"font-weight: 400;\"> avec nos installations ne r\u00e9duit pas seulement vos co\u00fbts d&rsquo;exploitation, mais contribue aussi activement \u00e0 la protection de l&rsquo;environnement. <\/span><b>la protection de l&rsquo;environnement <\/b><span style=\"font-weight: 400;\">et<\/span><b> \u00e9conomie circulaire<\/b><span style=\"font-weight: 400;\">. Contactez-nous d\u00e8s aujourd&rsquo;hui pour en savoir plus sur nos solutions de s\u00e9chage des boues biologiques.<\/span><\/p>\n<p>[\/vc_cta][vc_empty_space height=\u00a0\u00bb50px\u00a0\u00bb][\/vc_column][\/vc_row][vc_row][vc_column width=\u00a0\u00bb2\/3&Prime;][vc_column_text]<\/p>\n<h2><span style=\"color: #728d2a;\">Br\u00e8ve explication : s\u00e9chage des boues biologiques<\/span><\/h2>\n<p>[\/vc_column_text][vc_message]<i><span style=\"font-weight: 400;\">Qu&rsquo;est-ce que les boues biologiques ?<\/span><\/i><\/p>\n<p><i><span style=\"font-weight: 400;\">Les boues biologiques sont un sous-produit du traitement des eaux us\u00e9es qui contient des r\u00e9sidus organiques et des micro-organismes. Cette mati\u00e8re recyclable est principalement produite dans les stations d&rsquo;\u00e9puration municipales et les stations d&rsquo;\u00e9puration industrielles. <\/span><\/i>[\/vc_message][vc_column_text]<span style=\"font-weight: 400;\">Cette boue contient de pr\u00e9cieuses <\/span><b>nutriments<\/b><span style=\"font-weight: 400;\"> comme l&rsquo;azote et <\/span><a href=\"http:\/\/schlammtrocknung.com\/blog\/phosphor-recycling\"><span style=\"font-weight: 400;\">phosphore<\/span><\/a><span style=\"font-weight: 400;\">Mais il est \u00e9galement contamin\u00e9 par des polluants qui doivent \u00eatre trait\u00e9s avec soin afin d&rsquo;\u00e9viter tout risque pour l&rsquo;environnement et la sant\u00e9. La bonne   <\/span><b>Traitement<\/b><span style=\"font-weight: 400;\"> des boues biologiques est essentielle pour exploiter leur valeur tout en minimisant les risques.<\/span>[\/vc_column_text][vc_empty_space height=\u00a0\u00bb70px\u00a0\u00bb][\/vc_column][vc_column width=\u00a0\u00bb1\/3&Prime;][vc_single_image image=\u00a0\u00bb1172&Prime; img_size=\u00a0\u00bb400&#215;450&Prime;][\/vc_column][\/vc_row][vc_row][vc_column width=\u00a0\u00bb1\/2&Prime;][vc_single_image image=\u00a0\u00bb376&Prime; img_size=\u00a0\u00bb600&#215;500&Prime;][vc_empty_space height=\u00a0\u00bb70px\u00a0\u00bb][\/vc_column][vc_column width=\u00a0\u00bb1\/2&Prime;][vc_column_text]<\/p>\n<h3><span style=\"color: #728d2a;\">Quel est le potentiel du s\u00e9chage des boues biologiques ?<\/span><\/h3>\n<p><span style=\"font-weight: 400;\">Le s\u00e9chage des boues biologiques joue un r\u00f4le crucial pour <\/span><b>minimiser le volume et le poids des boues<\/b><span style=\"font-weight: 400;\"> des boues, ce qui facilite leur stockage, leur transport et leur traitement ult\u00e9rieur. <\/span><b>Les boues biologiques s\u00e8ches<\/b><span style=\"font-weight: 400;\"> peuvent \u00eatre transport\u00e9es de fa\u00e7on plus s\u00fbre et plus \u00e9conomique et offrent des possibilit\u00e9s de <\/span><a href=\"http:\/\/schlammtrocknung.com\/schlammverwertung\"><span style=\"font-weight: 400;\">valorisation des boues<\/span><\/a><span style=\"font-weight: 400;\"> ou la production d&rsquo;\u00e9nergie. <\/span> <\/p>\n<p><span style=\"font-weight: 400;\">En r\u00e9duisant la <\/span><b>la teneur en eau<\/b><span style=\"font-weight: 400;\"> \u00e0 moins de 10%, l&rsquo;activit\u00e9 microbienne est contenue, ce qui favorise l&rsquo;hygi\u00e9nisation des boues et augmente leur dur\u00e9e de conservation.<\/span>[\/vc_column_text][\/vc_column][\/vc_row][vc_row][vc_column width=\u00a0\u00bb1\/2&Prime;][vc_column_text]<\/p>\n<h2><span style=\"color: #728d2a;\">S\u00e9chage des boues biologiques avec michel SLUDGE-DRYING-SYSTEMS &#8211; Aper\u00e7u de notre proc\u00e9d\u00e9<\/span><\/h2>\n<p><span style=\"font-weight: 400;\">michel SLUDGE-DRYING-SYSTEMS utilise des <\/span><b>des technologies avanc\u00e9es<\/b><span style=\"font-weight: 400;\">pour s\u00e9cher efficacement les boues biologiques. Nos installations utilisent une   <\/span><b>Combinaison de s\u00e9chage par contact et par convection<\/b><span style=\"font-weight: 400;\">pour obtenir des r\u00e9sultats optimaux. Ces technologies permettent un s\u00e9chage en douceur \u00e0 des temp\u00e9ratures plus basses et une faible consommation d&rsquo;\u00e9nergie. <\/span>[\/vc_column_text][\/vc_column][vc_column width=\u00a0\u00bb1\/2&Prime;][vc_single_image image=\u00a0\u00bb373&Prime; img_size=\u00a0\u00bb600&#215;330&Prime;][vc_empty_space height=\u00a0\u00bb70px\u00a0\u00bb][\/vc_column][\/vc_row][vc_row][vc_column width=\u00a0\u00bb1\/2&Prime;][vc_single_image image=\u00a0\u00bb1173&Prime; img_size=\u00a0\u00bb600&#215;400&Prime;][vc_empty_space height=\u00a0\u00bb70px\u00a0\u00bb][\/vc_column][vc_column width=\u00a0\u00bb1\/2&Prime;][vc_column_text]<span style=\"font-weight: 400;\">Nos installations SDS pour <\/span><b>S\u00e9chage des boues biologiques<\/b><span style=\"font-weight: 400;\"> sont modulaires et disponibles en <\/span><b>diff\u00e9rentes tailles <\/b> <span style=\"font-weight: 400;\">afin de r\u00e9pondre aux besoins de diff\u00e9rents clients. Cela permet une solution flexible et \u00e9volutive qui peut \u00eatre mise en \u0153uvre directement sur le lieu de production des boues. Une fois s\u00e9ch\u00e9es, les boues biologiques offrent de nombreuses possibilit\u00e9s.    <\/span><b>Possibilit\u00e9s d&rsquo;exploitation<\/b><span style=\"font-weight: 400;\">:<\/span><\/p>\n<ul>\n<li style=\"font-weight: 400;\" aria-level=\"1\"><b>Combustible :<\/b><span style=\"font-weight: 400;\"> Les boues biologiques s\u00e9ch\u00e9es peuvent \u00eatre utilis\u00e9es dans des centrales \u00e0 biomasse pour produire de l&rsquo;\u00e9nergie.<\/span><\/li>\n<li style=\"font-weight: 400;\" aria-level=\"1\"><b>Engrais :<\/b><span style=\"font-weight: 400;\"> En raison de leur haute teneur en nutriments, les boues biologiques s\u00e9ch\u00e9es peuvent \u00eatre utilis\u00e9es comme engrais dans l&rsquo;agriculture.<\/span><\/li>\n<li style=\"font-weight: 400;\" aria-level=\"1\"><b>Industrie de la construction :<\/b><span style=\"font-weight: 400;\"> Les boues s\u00e9ch\u00e9es peuvent \u00eatre utilis\u00e9es comme agr\u00e9gats pour la fabrication de mat\u00e9riaux de construction.<\/span><\/li>\n<\/ul>\n<p>[\/vc_column_text][\/vc_column][\/vc_row][vc_row][vc_column width=\u00a0\u00bb1\/2&Prime;][vc_column_text]<\/p>\n<h2><span style=\"color: #728d2a;\">D\u00e9centralis\u00e9 et \u00e9conome en \u00e9nergie &#8211; les avantages de notre s\u00e9chage de boues biologiques<\/span><\/h2>\n<p><span style=\"font-weight: 400;\">Les installations de s\u00e9chage des boues biologiques de michel SLUDGE-DRYING-SYSTEMS offrent de nombreux avantages :<\/span><\/p>\n<ul>\n<li style=\"font-weight: 400;\" aria-level=\"1\"><b>D\u00e9centralis\u00e9 :<\/b><span style=\"font-weight: 400;\"> Impl\u00e9mentable directement sur le lieu de cr\u00e9ation, ce qui r\u00e9duit les co\u00fbts et les \u00e9missions de transport<\/span><\/li>\n<li style=\"font-weight: 400;\" aria-level=\"1\"><b>Respect de l&rsquo;environnement :<\/b><span style=\"font-weight: 400;\"> Pas d&rsquo;\u00e9missions et faible impact en CO\u2082<\/span><\/li>\n<li style=\"font-weight: 400;\" aria-level=\"1\"><b>\u00c9conomique :<\/b><span style=\"font-weight: 400;\"> Besoins \u00e9nerg\u00e9tiques r\u00e9duits gr\u00e2ce au s\u00e9chage \u00e0 basse temp\u00e9rature<\/span><\/li>\n<li style=\"font-weight: 400;\" aria-level=\"1\"><b>Un bon rapport co\u00fbt-efficacit\u00e9 :<\/b><span style=\"font-weight: 400;\"> Co\u00fbts d&rsquo;exploitation r\u00e9duits gr\u00e2ce \u00e0 l&rsquo;utilisation efficace de l&rsquo;\u00e9nergie et \u00e0 la r\u00e9duction des co\u00fbts de maintenance<\/span><\/li>\n<li style=\"font-weight: 400;\" aria-level=\"1\"><b>M\u00e9nageant :<\/b><span style=\"font-weight: 400;\"> Pr\u00e9serve la qualit\u00e9 de la mati\u00e8re \u00e0 s\u00e9cher et minimise la formation de poussi\u00e8re gr\u00e2ce \u00e0 un processus de s\u00e9chage en douceur<\/span><\/li>\n<li style=\"font-weight: 400;\" aria-level=\"1\"><b>Une grande polyvalence :<\/b><span style=\"font-weight: 400;\"> Convient \u00e0 diff\u00e9rents types de boues.<\/span><\/li>\n<\/ul>\n<p>[\/vc_column_text][vc_empty_space height=\u00a0\u00bb70px\u00a0\u00bb][\/vc_column][vc_column width=\u00a0\u00bb1\/2&Prime;][vc_single_image image=\u00a0\u00bb372&Prime; img_size=\u00a0\u00bb600&#215;400&Prime;][vc_btn title=\u00a0\u00bbD\u00e9couvrez les installations de s\u00e9chage des boues biologiques !\u00a0\u00bb style=\u00a0\u00bbcustom\u00a0\u00bb custom_background=\u00a0\u00bb#728d2a\u00a0\u00bb custom_text=\u00a0\u00bb#ffffff\u00a0\u00bb align=\u00a0\u00bbcenter\u00a0\u00bb link=\u00a0\u00bburl:https%3A%2F%2Fschlammtrocknung.com%2Fprodukte%2F|\u00a0\u00bb][\/vc_column][\/vc_row][vc_row][vc_column][vc_cta h2=\u00a0\u00bbR\u00e9volutionnez le s\u00e9chage des boues biologiques avec les SLUDGE-DRYING-SYSTEMS michel\u00a0\u00bb txt_align=\u00a0\u00bbcenter\u00a0\u00bb add_button=\u00a0\u00bbbottom\u00a0\u00bb btn_title=\u00a0\u00bbContactez-nous !\u00a0\u00bb btn_style=\u00a0\u00bbgradient-custom\u00a0\u00bb btn_gradient_custom_color_1=\u00a0\u00bb#728d2a\u00a0\u00bb btn_gradient_custom_color_2=\u00a0\u00bb#728d2a\u00a0\u00bb btn_align=\u00a0\u00bbcenter\u00a0\u00bb btn_link=\u00a0\u00bburl:https%3A%2F%2Fschlammtrocknung.com%2Fkontakt%2F|title:Contact|\u00a0\u00bb]<\/p>\n<p style=\"text-align: center;\"><span style=\"font-weight: 400;\">Lancez votre <\/span><b>transformation durable<\/b><span style=\"font-weight: 400;\">  avec les solutions avanc\u00e9es de michel SLUDGE-DRYING-SYSTEMS. Le site   <\/span><b>S\u00e9chage des boues biologiques<\/b><span style=\"font-weight: 400;\"> avec nos installations ne r\u00e9duit pas seulement vos co\u00fbts d&rsquo;exploitation, mais contribue aussi activement \u00e0 la protection de l&rsquo;environnement. <\/span><b>la protection de l&rsquo;environnement <\/b><span style=\"font-weight: 400;\">et<\/span><b> \u00e9conomie circulaire<\/b><span style=\"font-weight: 400;\">. Contactez-nous d\u00e8s aujourd&rsquo;hui pour en savoir plus sur nos solutions de s\u00e9chage des boues biologiques.<\/span><\/p>\n<p>[\/vc_cta][vc_empty_space height=\u00a0\u00bb50px\u00a0\u00bb][\/vc_column][\/vc_row][vc_row][vc_column][vc_column_text]<\/p>\n<h2 style=\"text-align: center;\"><span style=\"color: #728d2a;\">FAQ &#8211; Foire aux questions sur le s\u00e9chage des boues biologiques<\/span><\/h2>\n<p>[\/vc_column_text][\/vc_column][\/vc_row][vc_row][vc_column][vc_toggle title=\u00a0\u00bbQu&apos;est-ce que les boues biologiques et comment sont-elles produites ?\u00a0\u00bb]<span style=\"font-weight: 400;\">Les boues biologiques sont des d\u00e9chets issus du traitement des eaux us\u00e9es, riches en mati\u00e8res organiques, en micro-organismes et en nutriments pr\u00e9cieux tels que le phosphore. Elles sont produites dans les stations d&rsquo;\u00e9puration o\u00f9 les eaux us\u00e9es sont trait\u00e9es et contiennent, outre des nutriments, des polluants potentiellement nocifs. Ceux-ci doivent \u00eatre \u00e9limin\u00e9s par filtration et s\u00e9chage des boues biologiques.  <\/span>[\/vc_toggle][vc_toggle title=\u00a0\u00bbPourquoi le s\u00e9chage des boues biologiques est-il important ?\u00a0\u00bb]<span style=\"font-weight: 400;\">Le s\u00e9chage des boues biologiques r\u00e9duit leur volume et leur poids, facilite leur transport et diminue les co\u00fbts de stockage et de traitement ult\u00e9rieur. Il permet en outre une manipulation hygi\u00e9nique et cr\u00e9e des potentiels d&rsquo;utilisation comme combustible ou engrais. <\/span>[\/vc_toggle][vc_toggle title=\u00a0\u00bbComment fonctionne le s\u00e9chage des boues biologiques ?\u00a0\u00bb]<span style=\"font-weight: 400;\">SLUDGE-DRYING-SYSTEMS de michel utilise des technologies de s\u00e9chage avanc\u00e9es qui permettent de r\u00e9duire efficacement la teneur en humidit\u00e9 des boues. L&rsquo;utilisation du s\u00e9chage par contact et par convection \u00e0 basse temp\u00e9rature permet d&rsquo;\u00e9conomiser de l&rsquo;\u00e9nergie et de pr\u00e9server la qualit\u00e9 du produit final. Les boues biologiques s\u00e9ch\u00e9es peuvent ensuite \u00eatre valoris\u00e9es en tant qu&rsquo;engrais contenant des nutriments ou en tant que combustible efficace.  <\/span>[\/vc_toggle][\/vc_column][\/vc_row]<\/p>\n<\/div>","protected":false},"excerpt":{"rendered":"<p>[vc_row content_placement=\u00a0\u00bbtop\u00a0\u00bb][vc_column][vc_column_text] La solution compl\u00e8te et durable pour le s\u00e9chage des boues biologiques &nbsp;[\/vc_column_text][vc_column_text] D\u00e9couvrez comment michel SLUDGE-DRYING-SYSTEMS avec des technologies de pointe et des \u00e9quipements r\u00e9volutionnaires, votre S\u00e9chage de boues biologiques de mani\u00e8re efficace et respectueuse de l&rsquo;environnement. Directement sur place, de mani\u00e8re d\u00e9centralis\u00e9e et \u00e9conomique ! [\/vc_column_text][vc_empty_space height=\u00a0\u00bb50px\u00a0\u00bb][\/vc_column][\/vc_row][vc_row][vc_column][vc_cta h2=\u00a0\u00bbR\u00e9volutionnez le s\u00e9chage des boues&hellip;<\/p>\n","protected":false},"author":1,"featured_media":0,"parent":2377,"menu_order":0,"comment_status":"closed","ping_status":"closed","template":"","meta":{"footnotes":""},"class_list":["post-2401","page","type-page","status-publish","hentry","description-off"],"yoast_head":"<!-- This site is optimized with the Yoast SEO plugin v27.3 - https:\/\/yoast.com\/product\/yoast-seo-wordpress\/ -->\n<title>S\u00e9chage de boues biologiques | Michel S\u00e9chage de boues<\/title>\n<meta name=\"description\" content=\"Maximisez l&#039;efficacit\u00e9 et la durabilit\u00e9 avec le s\u00e9chage des boues biologiques de michel SLUDGE-DRYING-SYSTEMS.\" \/>\n<meta name=\"robots\" content=\"index, follow, max-snippet:-1, max-image-preview:large, max-video-preview:-1\" \/>\n<link rel=\"canonical\" href=\"https:\/\/schlammtrocknung.com\/fr\/services\/sechage-des-boues-biologiques\/\" \/>\n<meta property=\"og:locale\" content=\"fr_FR\" \/>\n<meta property=\"og:type\" content=\"article\" \/>\n<meta property=\"og:title\" content=\"S\u00e9chage de boues biologiques | Michel S\u00e9chage de boues\" \/>\n<meta property=\"og:description\" content=\"Maximisez l&#039;efficacit\u00e9 et la durabilit\u00e9 avec le s\u00e9chage des boues biologiques de michel SLUDGE-DRYING-SYSTEMS.\" \/>\n<meta property=\"og:url\" content=\"https:\/\/schlammtrocknung.com\/fr\/services\/sechage-des-boues-biologiques\/\" \/>\n<meta property=\"og:site_name\" content=\"Schlammtrocknung \u2013 michel SLUDGE DRYING SYSTEM\" \/>\n<meta property=\"article:modified_time\" content=\"2025-05-09T08:46:19+00:00\" \/>\n<meta name=\"twitter:card\" content=\"summary_large_image\" \/>\n<meta name=\"twitter:label1\" content=\"Dur\u00e9e de lecture estim\u00e9e\" \/>\n\t<meta name=\"twitter:data1\" content=\"7 minutes\" \/>\n<script type=\"application\/ld+json\" class=\"yoast-schema-graph\">{\"@context\":\"https:\\\/\\\/schema.org\",\"@graph\":[{\"@type\":\"WebPage\",\"@id\":\"https:\\\/\\\/schlammtrocknung.com\\\/fr\\\/services\\\/sechage-des-boues-biologiques\\\/\",\"url\":\"https:\\\/\\\/schlammtrocknung.com\\\/fr\\\/services\\\/sechage-des-boues-biologiques\\\/\",\"name\":\"S\u00e9chage de boues biologiques | Michel S\u00e9chage de boues\",\"isPartOf\":{\"@id\":\"https:\\\/\\\/schlammtrocknung.com\\\/#website\"},\"datePublished\":\"2024-09-04T09:08:22+00:00\",\"dateModified\":\"2025-05-09T08:46:19+00:00\",\"description\":\"Maximisez l'efficacit\u00e9 et la durabilit\u00e9 avec le s\u00e9chage des boues biologiques de michel SLUDGE-DRYING-SYSTEMS.\",\"breadcrumb\":{\"@id\":\"https:\\\/\\\/schlammtrocknung.com\\\/fr\\\/services\\\/sechage-des-boues-biologiques\\\/#breadcrumb\"},\"inLanguage\":\"fr-FR\",\"potentialAction\":[{\"@type\":\"ReadAction\",\"target\":[\"https:\\\/\\\/schlammtrocknung.com\\\/fr\\\/services\\\/sechage-des-boues-biologiques\\\/\"]}]},{\"@type\":\"BreadcrumbList\",\"@id\":\"https:\\\/\\\/schlammtrocknung.com\\\/fr\\\/services\\\/sechage-des-boues-biologiques\\\/#breadcrumb\",\"itemListElement\":[{\"@type\":\"ListItem\",\"position\":1,\"name\":\"Startseite\",\"item\":\"https:\\\/\\\/schlammtrocknung.com\\\/fr\\\/page-daccueil-2\\\/\"},{\"@type\":\"ListItem\",\"position\":2,\"name\":\"Services\",\"item\":\"https:\\\/\\\/schlammtrocknung.com\\\/fr\\\/services\\\/\"},{\"@type\":\"ListItem\",\"position\":3,\"name\":\"S\u00e9chage des boues biologiques\"}]},{\"@type\":\"WebSite\",\"@id\":\"https:\\\/\\\/schlammtrocknung.com\\\/#website\",\"url\":\"https:\\\/\\\/schlammtrocknung.com\\\/\",\"name\":\"Schlammtrocknung | SDS - Schlammtrocknung\",\"description\":\"Schlamm- L\u00f6sungen f\u00fcr Kl\u00e4rwerke, Industrie und Umwelt\",\"publisher\":{\"@id\":\"https:\\\/\\\/schlammtrocknung.com\\\/#organization\"},\"potentialAction\":[{\"@type\":\"SearchAction\",\"target\":{\"@type\":\"EntryPoint\",\"urlTemplate\":\"https:\\\/\\\/schlammtrocknung.com\\\/?s={search_term_string}\"},\"query-input\":{\"@type\":\"PropertyValueSpecification\",\"valueRequired\":true,\"valueName\":\"search_term_string\"}}],\"inLanguage\":\"fr-FR\"},{\"@type\":\"Organization\",\"@id\":\"https:\\\/\\\/schlammtrocknung.com\\\/#organization\",\"name\":\"Schlammtrocknung | SDS - Schlammtrocknung\",\"url\":\"https:\\\/\\\/schlammtrocknung.com\\\/\",\"logo\":{\"@type\":\"ImageObject\",\"inLanguage\":\"fr-FR\",\"@id\":\"https:\\\/\\\/schlammtrocknung.com\\\/#\\\/schema\\\/logo\\\/image\\\/\",\"url\":\"https:\\\/\\\/schlammtrocknung.com\\\/wp-content\\\/uploads\\\/2023\\\/02\\\/logo_sds-1.png\",\"contentUrl\":\"https:\\\/\\\/schlammtrocknung.com\\\/wp-content\\\/uploads\\\/2023\\\/02\\\/logo_sds-1.png\",\"width\":697,\"height\":187,\"caption\":\"Schlammtrocknung | SDS - Schlammtrocknung\"},\"image\":{\"@id\":\"https:\\\/\\\/schlammtrocknung.com\\\/#\\\/schema\\\/logo\\\/image\\\/\"}}]}<\/script>\n<!-- \/ Yoast SEO plugin. -->","yoast_head_json":{"title":"S\u00e9chage de boues biologiques | Michel S\u00e9chage de boues","description":"Maximisez l'efficacit\u00e9 et la durabilit\u00e9 avec le s\u00e9chage des boues biologiques de michel SLUDGE-DRYING-SYSTEMS.","robots":{"index":"index","follow":"follow","max-snippet":"max-snippet:-1","max-image-preview":"max-image-preview:large","max-video-preview":"max-video-preview:-1"},"canonical":"https:\/\/schlammtrocknung.com\/fr\/services\/sechage-des-boues-biologiques\/","og_locale":"fr_FR","og_type":"article","og_title":"S\u00e9chage de boues biologiques | Michel S\u00e9chage de boues","og_description":"Maximisez l'efficacit\u00e9 et la durabilit\u00e9 avec le s\u00e9chage des boues biologiques de michel SLUDGE-DRYING-SYSTEMS.","og_url":"https:\/\/schlammtrocknung.com\/fr\/services\/sechage-des-boues-biologiques\/","og_site_name":"Schlammtrocknung \u2013 michel SLUDGE DRYING SYSTEM","article_modified_time":"2025-05-09T08:46:19+00:00","twitter_card":"summary_large_image","twitter_misc":{"Dur\u00e9e de lecture estim\u00e9e":"7 minutes"},"schema":{"@context":"https:\/\/schema.org","@graph":[{"@type":"WebPage","@id":"https:\/\/schlammtrocknung.com\/fr\/services\/sechage-des-boues-biologiques\/","url":"https:\/\/schlammtrocknung.com\/fr\/services\/sechage-des-boues-biologiques\/","name":"S\u00e9chage de boues biologiques | Michel S\u00e9chage de boues","isPartOf":{"@id":"https:\/\/schlammtrocknung.com\/#website"},"datePublished":"2024-09-04T09:08:22+00:00","dateModified":"2025-05-09T08:46:19+00:00","description":"Maximisez l'efficacit\u00e9 et la durabilit\u00e9 avec le s\u00e9chage des boues biologiques de michel SLUDGE-DRYING-SYSTEMS.","breadcrumb":{"@id":"https:\/\/schlammtrocknung.com\/fr\/services\/sechage-des-boues-biologiques\/#breadcrumb"},"inLanguage":"fr-FR","potentialAction":[{"@type":"ReadAction","target":["https:\/\/schlammtrocknung.com\/fr\/services\/sechage-des-boues-biologiques\/"]}]},{"@type":"BreadcrumbList","@id":"https:\/\/schlammtrocknung.com\/fr\/services\/sechage-des-boues-biologiques\/#breadcrumb","itemListElement":[{"@type":"ListItem","position":1,"name":"Startseite","item":"https:\/\/schlammtrocknung.com\/fr\/page-daccueil-2\/"},{"@type":"ListItem","position":2,"name":"Services","item":"https:\/\/schlammtrocknung.com\/fr\/services\/"},{"@type":"ListItem","position":3,"name":"S\u00e9chage des boues biologiques"}]},{"@type":"WebSite","@id":"https:\/\/schlammtrocknung.com\/#website","url":"https:\/\/schlammtrocknung.com\/","name":"Schlammtrocknung | SDS - Schlammtrocknung","description":"Schlamm- L\u00f6sungen f\u00fcr Kl\u00e4rwerke, Industrie und Umwelt","publisher":{"@id":"https:\/\/schlammtrocknung.com\/#organization"},"potentialAction":[{"@type":"SearchAction","target":{"@type":"EntryPoint","urlTemplate":"https:\/\/schlammtrocknung.com\/?s={search_term_string}"},"query-input":{"@type":"PropertyValueSpecification","valueRequired":true,"valueName":"search_term_string"}}],"inLanguage":"fr-FR"},{"@type":"Organization","@id":"https:\/\/schlammtrocknung.com\/#organization","name":"Schlammtrocknung | SDS - Schlammtrocknung","url":"https:\/\/schlammtrocknung.com\/","logo":{"@type":"ImageObject","inLanguage":"fr-FR","@id":"https:\/\/schlammtrocknung.com\/#\/schema\/logo\/image\/","url":"https:\/\/schlammtrocknung.com\/wp-content\/uploads\/2023\/02\/logo_sds-1.png","contentUrl":"https:\/\/schlammtrocknung.com\/wp-content\/uploads\/2023\/02\/logo_sds-1.png","width":697,"height":187,"caption":"Schlammtrocknung | SDS - Schlammtrocknung"},"image":{"@id":"https:\/\/schlammtrocknung.com\/#\/schema\/logo\/image\/"}}]}},"_links":{"self":[{"href":"https:\/\/schlammtrocknung.com\/fr\/wp-json\/wp\/v2\/pages\/2401","targetHints":{"allow":["GET"]}}],"collection":[{"href":"https:\/\/schlammtrocknung.com\/fr\/wp-json\/wp\/v2\/pages"}],"about":[{"href":"https:\/\/schlammtrocknung.com\/fr\/wp-json\/wp\/v2\/types\/page"}],"author":[{"embeddable":true,"href":"https:\/\/schlammtrocknung.com\/fr\/wp-json\/wp\/v2\/users\/1"}],"replies":[{"embeddable":true,"href":"https:\/\/schlammtrocknung.com\/fr\/wp-json\/wp\/v2\/comments?post=2401"}],"version-history":[{"count":1,"href":"https:\/\/schlammtrocknung.com\/fr\/wp-json\/wp\/v2\/pages\/2401\/revisions"}],"predecessor-version":[{"id":2412,"href":"https:\/\/schlammtrocknung.com\/fr\/wp-json\/wp\/v2\/pages\/2401\/revisions\/2412"}],"up":[{"embeddable":true,"href":"https:\/\/schlammtrocknung.com\/fr\/wp-json\/wp\/v2\/pages\/2377"}],"wp:attachment":[{"href":"https:\/\/schlammtrocknung.com\/fr\/wp-json\/wp\/v2\/media?parent=2401"}],"curies":[{"name":"wp","href":"https:\/\/api.w.org\/{rel}","templated":true}]}}