{"id":2402,"date":"2024-08-30T11:22:58","date_gmt":"2024-08-30T09:22:58","guid":{"rendered":"https:\/\/schlammtrocknung.com\/procede-de-sechage-des-boues\/"},"modified":"2025-05-09T10:46:18","modified_gmt":"2025-05-09T08:46:18","slug":"procede-de-sechage-des-boues","status":"publish","type":"page","link":"https:\/\/schlammtrocknung.com\/fr\/procede-de-sechage-des-boues\/","title":{"rendered":"Proc\u00e9d\u00e9 de s\u00e9chage des boues"},"content":{"rendered":"<div class=\"wpb-content-wrapper\"><p>[vc_row][vc_column][vc_custom_heading text=\u00a0\u00bbS\u00e9chage des boues avec des proc\u00e9d\u00e9s qui font r\u00e9f\u00e9rence\u00a0\u00bb font_container=\u00a0\u00bbtag:h1|text_align:center|color:%23728d2a\u00a0\u00bb use_theme_fonts=\u00a0\u00bbyes\u00a0\u00bb][vc_column_text]<\/p>\n<p style=\"text-align: center;\"><span style=\"font-weight: 400;\">Une solution durable <\/span><b>S\u00e9chage des boues<\/b><span style=\"font-weight: 400;\"> a besoin de <\/span><b>des proc\u00e9d\u00e9s<\/b><span style=\"font-weight: 400;\">qui utilisent des technologies modernes et fonctionnent efficacement. <\/span><b>michel SLUDGE-DRYING-SYSTEMS <\/b> <span style=\"font-weight: 400;\">propose des \u00e9quipements avanc\u00e9s et int\u00e9gr\u00e9s pour un s\u00e9chage efficace des boues dans une seule machine. Optimisez la valorisation des boues industrielles gr\u00e2ce \u00e0 nos solutions avanc\u00e9es. <\/span><\/p>\n<p>[\/vc_column_text][\/vc_column][\/vc_row][vc_row][vc_column width=\u00a0\u00bb1\/2&Prime;][vc_custom_heading text=\u00a0\u00bbQu&apos;est-ce que le s\u00e9chage des boues et \u00e0 quoi sert-il ?\u00a0\u00bb font_container=\u00a0\u00bbtag:h2|text_align:left|color:%23728d2a\u00a0\u00bb use_theme_fonts=\u00a0\u00bbyes\u00a0\u00bb][vc_message]<i><span style=\"font-weight: 400;\">Qu&rsquo;est-ce que le s\u00e9chage des boues ?<\/span><\/i><\/p>\n<p><i><span style=\"font-weight: 400;\">Le s\u00e9chage des boues est le processus d&rsquo;\u00e9limination de l&rsquo;eau des boues issues de diff\u00e9rents processus industriels, agricoles ou municipaux. Ce processus est essentiel pour r\u00e9duire le volume, diminuer les co\u00fbts de transport et d&rsquo;\u00e9limination ainsi que les \u00e9changes de CO2, et pour pouvoir r\u00e9utiliser ou \u00e9liminer les boues en toute s\u00e9curit\u00e9. <\/span><\/i>[\/vc_message][vc_column_text]<span style=\"font-weight: 400;\">Les boues s\u00e9ch\u00e9es peuvent \u00eatre utilis\u00e9es comme <\/span><b>combustible, d&rsquo;engrais ou dans la production de mat\u00e9riaux<\/b><span style=\"font-weight: 400;\">  ce qui permet de pr\u00e9server les ressources et de r\u00e9duire l&rsquo;impact sur l&rsquo;environnement. Mais pour cela, il faut d&rsquo;abord les soumettre au processus sp\u00e9cial de s\u00e9chage des boues. <\/span>[\/vc_column_text][\/vc_column][vc_column width=\u00a0\u00bb1\/2&Prime;][vc_single_image image=\u00a0\u00bb280&Prime; img_size=\u00a0\u00bbfull\u00a0\u00bb][\/vc_column][\/vc_row][vc_row][vc_column][vc_custom_heading text=\u00a0\u00bbAper\u00e7u des \u00e9tapes du processus de s\u00e9chage des boues\u00a0\u00bb font_container=\u00a0\u00bbtag:h2|text_align:center|color:%23728d2a\u00a0\u00bb use_theme_fonts=\u00a0\u00bbyes\u00a0\u00bb][\/vc_column][\/vc_row][vc_row][vc_column width=\u00a0\u00bb1\/2&Prime;][vc_column_text]<\/p>\n<ul>\n<li style=\"font-weight: 400; text-align: left;\" aria-level=\"1\"><span style=\"font-weight: 400;\">Pr\u00e9traitement des boues, par exemple dans une station d&rsquo;\u00e9puration<\/span><\/li>\n<li style=\"font-weight: 400; text-align: left;\" aria-level=\"1\"><span style=\"font-weight: 400;\">Conditionnement pour le processus de s\u00e9chage<\/span><\/li>\n<li style=\"font-weight: 400; text-align: left;\" aria-level=\"1\"><span style=\"font-weight: 400;\">Alimentation de l&rsquo;installation de s\u00e9chage<\/span><\/li>\n<li style=\"font-weight: 400; text-align: left;\" aria-level=\"1\"><span style=\"font-weight: 400;\">Application de la chaleur par contact et par convection<\/span><\/li>\n<li style=\"font-weight: 400; text-align: left;\" aria-level=\"1\"><span style=\"font-weight: 400;\">Mouvement continu de la boue<\/span><\/li>\n<li style=\"font-weight: 400; text-align: left;\" aria-level=\"1\"><span style=\"font-weight: 400;\">Retrait de l&rsquo;humidit\u00e9<\/span><\/li>\n<li style=\"font-weight: 400; text-align: left;\" aria-level=\"1\"><span style=\"font-weight: 400;\">Collecte des boues s\u00e9ch\u00e9es<\/span><\/li>\n<li style=\"font-weight: 400; text-align: left;\" aria-level=\"1\"><span style=\"font-weight: 400;\">\u00c9limination ou recyclage<\/span><\/li>\n<\/ul>\n<p>[\/vc_column_text][\/vc_column][vc_column width=\u00a0\u00bb1\/2&Prime;][vc_single_image image=\u00a0\u00bb1177&Prime; img_size=\u00a0\u00bbfull\u00a0\u00bb][\/vc_column][\/vc_row][vc_row][vc_column width=\u00a0\u00bb1\/2&Prime;][vc_single_image image=\u00a0\u00bb1217&Prime; img_size=\u00a0\u00bbfull\u00a0\u00bb][\/vc_column][vc_column width=\u00a0\u00bb1\/2&Prime;][vc_custom_heading text=\u00a0\u00bbD\u00e9shydratation et s\u00e9chage des boues &#8211; comment fonctionne le processus\u00a0\u00bb font_container=\u00a0\u00bbtag:h2|text_align:center|color:%23728d2a\u00a0\u00bb use_theme_fonts=\u00a0\u00bbyes\u00a0\u00bb][vc_column_text]<\/p>\n<p style=\"text-align: center;\"><span style=\"font-weight: 400;\">Le c\u0153ur des installations modulaires de michel SLUDGE-DRYING-SYSTEMS est constitu\u00e9 par le syst\u00e8me de s\u00e9chage innovant de la soci\u00e9t\u00e9. <\/span><b>proc\u00e9d\u00e9 de s\u00e9chage<\/b><span style=\"font-weight: 400;\">dans une seule machine int\u00e9gr\u00e9e. Le site   <\/span><b>Application de la chaleur et du mouvement continu <\/b><span style=\"font-weight: 400;\">se fait de mani\u00e8re cibl\u00e9e afin d&rsquo;\u00e9vaporer efficacement l&rsquo;eau de la boue. <\/span> <\/p>\n<p style=\"text-align: center;\"><span style=\"font-weight: 400;\">Gr\u00e2ce \u00e0 l&rsquo;utilisation de technologies de pointe, telles que le <\/span><b>le s\u00e9chage \u00e0 basse temp\u00e9rature<\/b><span style=\"font-weight: 400;\"> et notre <\/span><b>IntelligentDrySystem<\/b><b>\u00ae<\/b><span style=\"font-weight: 400;\">  la consommation d&rsquo;\u00e9nergie est minimis\u00e9e. Notre syst\u00e8me s&rsquo;adapte automatiquement   <\/span><a href=\"http:\/\/schlammtrocknung.com\/leistungen\"><span style=\"font-weight: 400;\">diff\u00e9rents types de boues<\/span><\/a><span style=\"font-weight: 400;\">  ce qui garantit une flexibilit\u00e9 et une efficacit\u00e9 \u00e9lev\u00e9es. Ce proc\u00e9d\u00e9 permet non seulement de r\u00e9duire drastiquement la   <\/span><a href=\"http:\/\/www.schlammtrocknung.com\/glossar\/wassergehalt\"><span style=\"font-weight: 400;\">de la teneur en eau<\/span><\/a><span style=\"font-weight: 400;\"> jusqu&rsquo;\u00e0 10%, mais aussi pour augmenter la qualit\u00e9 de la <\/span><b>substance s\u00e8che<\/b><span style=\"font-weight: 400;\">.<\/span><\/p>\n<p>[\/vc_column_text][\/vc_column][\/vc_row][vc_row][vc_column][vc_column_text]<b>Voici comment fonctionne notre syst\u00e8me innovant de s\u00e9chage \u00e0 basse temp\u00e9rature<\/b><\/p>\n<p><span style=\"font-weight: 400;\">Le site <\/span><a href=\"https:\/\/schlammtrocknung.com\/fr\/sechoir-a-basse-temperature\/\"><span style=\"font-weight: 400;\">s\u00e9choirs \u00e0 basse temp\u00e9rature<\/span><\/a><span style=\"font-weight: 400;\">  de Michel SLUDGE-DRYING-SYSTEMS permettent de s\u00e9cher efficacement les boues \u00e0 basse temp\u00e9rature, ce qui pr\u00e9serve la composition chimique du mat\u00e9riau tout en \u00e9vitant les \u00e9missions nocives pour l&rsquo;environnement. Cette technique avanc\u00e9e utilise une chaleur contr\u00f4l\u00e9e pour \u00e9vaporer l&rsquo;humidit\u00e9 de mani\u00e8re cibl\u00e9e, ce qui r\u00e9duit de mani\u00e8re significative la consommation d&rsquo;\u00e9nergie et traite le mat\u00e9riau avec soin.   <\/span><\/p>\n<p><span style=\"font-weight: 400;\">Dans nos<\/span><b> installations de s\u00e9chage modulaires<\/b><span style=\"font-weight: 400;\">Les s\u00e9cheurs de boues de l&rsquo;entreprise, qui peuvent \u00eatre configur\u00e9s en diff\u00e9rentes tailles et selon les besoins individuels, int\u00e8grent cette technologie afin de minimiser la teneur en eau des boues et de maximiser l&rsquo;efficacit\u00e9 \u00e9nerg\u00e9tique. L&rsquo;utilisation de s\u00e9cheurs \u00e0 basse temp\u00e9rature dans ces installations permet de r\u00e9duire consid\u00e9rablement les co\u00fbts d&rsquo;exploitation, de diminuer les \u00e9missions de CO\u2082 et d&rsquo;\u00e9viter les probl\u00e8mes li\u00e9s aux eaux us\u00e9es. <\/span>[\/vc_column_text][vc_custom_heading text=\u00a0\u00bbPossibilit\u00e9s illimit\u00e9es de valorisation des boues apr\u00e8s s\u00e9chage\u00a0\u00bb font_container=\u00a0\u00bbtag:h2|text_align:center|color:%23728d2a\u00a0\u00bb use_theme_fonts=\u00a0\u00bbyes\u00a0\u00bb][vc_column_text]<span style=\"font-weight: 400;\">Une fois s\u00e9ch\u00e9e, la boue trait\u00e9e peut \u00eatre utilis\u00e9e de diverses mani\u00e8res. Elle sert de   <\/span><b>source d&rsquo;\u00e9nergie renouvelable<\/b><span style=\"font-weight: 400;\">devient un engrais \u00e9cologique <\/span><b>d&rsquo;engrais<\/b><span style=\"font-weight: 400;\"> ou dans le secteur de la construction. <\/span><b>Industrie du b\u00e2timent<\/b><span style=\"font-weight: 400;\">  est utilis\u00e9 comme agr\u00e9gat. Ce traitement ult\u00e9rieur favorise une \u00e9conomie circulaire durable et contribue \u00e0 la pr\u00e9servation des ressources naturelles. <\/span>[\/vc_column_text][\/vc_column][vc_column][vc_custom_heading text=\u00a0\u00bbProc\u00e9d\u00e9s de pointe pour le s\u00e9chage des boues avec michel SLUDGE-DRYING-SYSTEMS\u00a0\u00bb font_container=\u00a0\u00bbtag:h2|text_align:center|color:%23728d2a\u00a0\u00bb use_theme_fonts=\u00a0\u00bbyes\u00a0\u00bb][vc_column_text]<span style=\"font-weight: 400;\">Am\u00e9liorez votre efficacit\u00e9 et votre durabilit\u00e9 gr\u00e2ce aux \u00e9quipements et proc\u00e9d\u00e9s avanc\u00e9s de s\u00e9chage des boues de michel SLUDGE-DRYING-SYSTEMS. Contactez-nous d\u00e8s maintenant pour en savoir plus sur nos technologies et sur la mani\u00e8re dont vous pouvez r\u00e9volutionner la d\u00e9shydratation de vos boues. <\/span><\/p>\n<p style=\"text-align: center;\"><a href=\"https:\/\/schlammtrocknung.com\/kontakt\/\">Contactez-nous maintenant !<\/a><\/p>\n<p>[\/vc_column_text][vc_empty_space height=\u00a0\u00bb100px\u00a0\u00bb][\/vc_column][\/vc_row][vc_row][vc_column][vc_column_text]<\/p>\n<h2>FAQ &#8211; questions fr\u00e9quemment pos\u00e9es sur le proc\u00e9d\u00e9 de s\u00e9chage des boues<\/h2>\n<p>[\/vc_column_text][vc_toggle title=\u00a0\u00bbQue comprend exactement le pr\u00e9traitement des boues dans le processus de s\u00e9chage des boues ?\u00a0\u00bb]<span style=\"font-weight: 400;\">Le pr\u00e9traitement des boues comprend des \u00e9tapes de conditionnement telles que l&rsquo;ajustement du pH, l&rsquo;ajout de floculants et l&rsquo;homog\u00e9n\u00e9isation de la consistance afin d&rsquo;optimiser l&rsquo;efficacit\u00e9 du s\u00e9chage et d&rsquo;\u00e9viter le colmatage.<\/span>[\/vc_toggle][vc_toggle title=\u00a0\u00bbComment fonctionne le processus de s\u00e9chage dans le cadre du s\u00e9chage des boues ?\u00a0\u00bb]<span style=\"font-weight: 400;\">Le processus de s\u00e9chage utilise la chaleur et la pression pour \u00e9vaporer efficacement l&rsquo;eau des boues. L&rsquo;utilisation de technologies \u00e0 basse temp\u00e9rature permet de minimiser la consommation d&rsquo;\u00e9nergie tout en garantissant la flexibilit\u00e9 gr\u00e2ce \u00e0 l&rsquo;adaptabilit\u00e9 \u00e0 diff\u00e9rents types de boues. <\/span>[\/vc_toggle][vc_toggle title=\u00a0\u00bbQuelles sont les possibilit\u00e9s offertes par les boues s\u00e9ch\u00e9es apr\u00e8s leur traitement ?\u00a0\u00bb]<span style=\"font-weight: 400;\">Les boues s\u00e9ch\u00e9es peuvent \u00eatre utilis\u00e9es de diverses mani\u00e8res, par exemple comme source d&rsquo;\u00e9nergie renouvelable, comme engrais \u00e9cologique ou comme agr\u00e9gat dans l&rsquo;industrie du b\u00e2timent. Ces utilisations favorisent une \u00e9conomie circulaire durable et contribuent \u00e0 la pr\u00e9servation des ressources naturelles. <\/span>[\/vc_toggle][vc_empty_space height=\u00a0\u00bb100px\u00a0\u00bb][\/vc_column][\/vc_row]<\/p>\n<\/div>","protected":false},"excerpt":{"rendered":"<p>[vc_row][vc_column][vc_custom_heading text=\u00a0\u00bbS\u00e9chage des boues avec des proc\u00e9d\u00e9s qui font r\u00e9f\u00e9rence\u00a0\u00bb font_container=\u00a0\u00bbtag:h1|text_align:center|color:%23728d2a\u00a0\u00bb use_theme_fonts=\u00a0\u00bbyes\u00a0\u00bb][vc_column_text] Une solution durable S\u00e9chage des boues a besoin de des proc\u00e9d\u00e9squi utilisent des technologies modernes et fonctionnent efficacement. michel SLUDGE-DRYING-SYSTEMS propose des \u00e9quipements avanc\u00e9s et int\u00e9gr\u00e9s pour un s\u00e9chage efficace des boues dans une seule machine. Optimisez la valorisation des boues industrielles gr\u00e2ce&hellip;<\/p>\n","protected":false},"author":1,"featured_media":2407,"parent":0,"menu_order":0,"comment_status":"closed","ping_status":"closed","template":"","meta":{"footnotes":""},"class_list":["post-2402","page","type-page","status-publish","has-post-thumbnail","hentry","description-off"],"yoast_head":"<!-- This site is optimized with the Yoast SEO plugin v27.3 - https:\/\/yoast.com\/product\/yoast-seo-wordpress\/ -->\n<title>S\u00e9chage des boues Proc\u00e9d\u00e9 | Michel S\u00e9chage des boues<\/title>\n<meta name=\"description\" content=\"Optimisez la valorisation des boues industrielles gr\u00e2ce aux proc\u00e9d\u00e9s de s\u00e9chage des boues de michel SLUDGE-DRYING-SYSTEMS.\" \/>\n<meta name=\"robots\" content=\"index, follow, max-snippet:-1, max-image-preview:large, max-video-preview:-1\" \/>\n<link rel=\"canonical\" href=\"https:\/\/schlammtrocknung.com\/fr\/procede-de-sechage-des-boues\/\" \/>\n<meta property=\"og:locale\" content=\"fr_FR\" \/>\n<meta property=\"og:type\" content=\"article\" \/>\n<meta property=\"og:title\" content=\"S\u00e9chage des boues Proc\u00e9d\u00e9 | Michel S\u00e9chage des boues\" \/>\n<meta property=\"og:description\" content=\"Optimisez la valorisation des boues industrielles gr\u00e2ce aux proc\u00e9d\u00e9s de s\u00e9chage des boues de michel SLUDGE-DRYING-SYSTEMS.\" \/>\n<meta property=\"og:url\" content=\"https:\/\/schlammtrocknung.com\/fr\/procede-de-sechage-des-boues\/\" \/>\n<meta property=\"og:site_name\" content=\"Schlammtrocknung \u2013 michel SLUDGE DRYING SYSTEM\" \/>\n<meta property=\"article:modified_time\" content=\"2025-05-09T08:46:18+00:00\" \/>\n<meta property=\"og:image\" content=\"https:\/\/schlammtrocknung.com\/wp-content\/uploads\/2023\/05\/DSC_3747-scaled.jpg\" \/>\n\t<meta property=\"og:image:width\" content=\"2560\" \/>\n\t<meta property=\"og:image:height\" content=\"1436\" \/>\n\t<meta property=\"og:image:type\" content=\"image\/jpeg\" \/>\n<meta name=\"twitter:card\" content=\"summary_large_image\" \/>\n<meta name=\"twitter:label1\" content=\"Dur\u00e9e de lecture estim\u00e9e\" \/>\n\t<meta name=\"twitter:data1\" content=\"6 minutes\" \/>\n<script type=\"application\/ld+json\" class=\"yoast-schema-graph\">{\"@context\":\"https:\\\/\\\/schema.org\",\"@graph\":[{\"@type\":\"WebPage\",\"@id\":\"https:\\\/\\\/schlammtrocknung.com\\\/fr\\\/procede-de-sechage-des-boues\\\/\",\"url\":\"https:\\\/\\\/schlammtrocknung.com\\\/fr\\\/procede-de-sechage-des-boues\\\/\",\"name\":\"S\u00e9chage des boues Proc\u00e9d\u00e9 | Michel S\u00e9chage des boues\",\"isPartOf\":{\"@id\":\"https:\\\/\\\/schlammtrocknung.com\\\/#website\"},\"primaryImageOfPage\":{\"@id\":\"https:\\\/\\\/schlammtrocknung.com\\\/fr\\\/procede-de-sechage-des-boues\\\/#primaryimage\"},\"image\":{\"@id\":\"https:\\\/\\\/schlammtrocknung.com\\\/fr\\\/procede-de-sechage-des-boues\\\/#primaryimage\"},\"thumbnailUrl\":\"https:\\\/\\\/schlammtrocknung.com\\\/wp-content\\\/uploads\\\/2023\\\/05\\\/DSC_3747-scaled.jpg\",\"datePublished\":\"2024-08-30T09:22:58+00:00\",\"dateModified\":\"2025-05-09T08:46:18+00:00\",\"description\":\"Optimisez la valorisation des boues industrielles gr\u00e2ce aux proc\u00e9d\u00e9s de s\u00e9chage des boues de michel SLUDGE-DRYING-SYSTEMS.\",\"breadcrumb\":{\"@id\":\"https:\\\/\\\/schlammtrocknung.com\\\/fr\\\/procede-de-sechage-des-boues\\\/#breadcrumb\"},\"inLanguage\":\"fr-FR\",\"potentialAction\":[{\"@type\":\"ReadAction\",\"target\":[\"https:\\\/\\\/schlammtrocknung.com\\\/fr\\\/procede-de-sechage-des-boues\\\/\"]}]},{\"@type\":\"ImageObject\",\"inLanguage\":\"fr-FR\",\"@id\":\"https:\\\/\\\/schlammtrocknung.com\\\/fr\\\/procede-de-sechage-des-boues\\\/#primaryimage\",\"url\":\"https:\\\/\\\/schlammtrocknung.com\\\/wp-content\\\/uploads\\\/2023\\\/05\\\/DSC_3747-scaled.jpg\",\"contentUrl\":\"https:\\\/\\\/schlammtrocknung.com\\\/wp-content\\\/uploads\\\/2023\\\/05\\\/DSC_3747-scaled.jpg\",\"width\":2560,\"height\":1436},{\"@type\":\"BreadcrumbList\",\"@id\":\"https:\\\/\\\/schlammtrocknung.com\\\/fr\\\/procede-de-sechage-des-boues\\\/#breadcrumb\",\"itemListElement\":[{\"@type\":\"ListItem\",\"position\":1,\"name\":\"Startseite\",\"item\":\"https:\\\/\\\/schlammtrocknung.com\\\/fr\\\/page-daccueil-2\\\/\"},{\"@type\":\"ListItem\",\"position\":2,\"name\":\"Proc\u00e9d\u00e9 de s\u00e9chage des boues\"}]},{\"@type\":\"WebSite\",\"@id\":\"https:\\\/\\\/schlammtrocknung.com\\\/#website\",\"url\":\"https:\\\/\\\/schlammtrocknung.com\\\/\",\"name\":\"Schlammtrocknung | SDS - Schlammtrocknung\",\"description\":\"Schlamm- L\u00f6sungen f\u00fcr Kl\u00e4rwerke, Industrie und Umwelt\",\"publisher\":{\"@id\":\"https:\\\/\\\/schlammtrocknung.com\\\/#organization\"},\"potentialAction\":[{\"@type\":\"SearchAction\",\"target\":{\"@type\":\"EntryPoint\",\"urlTemplate\":\"https:\\\/\\\/schlammtrocknung.com\\\/?s={search_term_string}\"},\"query-input\":{\"@type\":\"PropertyValueSpecification\",\"valueRequired\":true,\"valueName\":\"search_term_string\"}}],\"inLanguage\":\"fr-FR\"},{\"@type\":\"Organization\",\"@id\":\"https:\\\/\\\/schlammtrocknung.com\\\/#organization\",\"name\":\"Schlammtrocknung | SDS - Schlammtrocknung\",\"url\":\"https:\\\/\\\/schlammtrocknung.com\\\/\",\"logo\":{\"@type\":\"ImageObject\",\"inLanguage\":\"fr-FR\",\"@id\":\"https:\\\/\\\/schlammtrocknung.com\\\/#\\\/schema\\\/logo\\\/image\\\/\",\"url\":\"https:\\\/\\\/schlammtrocknung.com\\\/wp-content\\\/uploads\\\/2023\\\/02\\\/logo_sds-1.png\",\"contentUrl\":\"https:\\\/\\\/schlammtrocknung.com\\\/wp-content\\\/uploads\\\/2023\\\/02\\\/logo_sds-1.png\",\"width\":697,\"height\":187,\"caption\":\"Schlammtrocknung | SDS - Schlammtrocknung\"},\"image\":{\"@id\":\"https:\\\/\\\/schlammtrocknung.com\\\/#\\\/schema\\\/logo\\\/image\\\/\"}}]}<\/script>\n<!-- \/ Yoast SEO plugin. -->","yoast_head_json":{"title":"S\u00e9chage des boues Proc\u00e9d\u00e9 | Michel S\u00e9chage des boues","description":"Optimisez la valorisation des boues industrielles gr\u00e2ce aux proc\u00e9d\u00e9s de s\u00e9chage des boues de michel SLUDGE-DRYING-SYSTEMS.","robots":{"index":"index","follow":"follow","max-snippet":"max-snippet:-1","max-image-preview":"max-image-preview:large","max-video-preview":"max-video-preview:-1"},"canonical":"https:\/\/schlammtrocknung.com\/fr\/procede-de-sechage-des-boues\/","og_locale":"fr_FR","og_type":"article","og_title":"S\u00e9chage des boues Proc\u00e9d\u00e9 | Michel S\u00e9chage des boues","og_description":"Optimisez la valorisation des boues industrielles gr\u00e2ce aux proc\u00e9d\u00e9s de s\u00e9chage des boues de michel SLUDGE-DRYING-SYSTEMS.","og_url":"https:\/\/schlammtrocknung.com\/fr\/procede-de-sechage-des-boues\/","og_site_name":"Schlammtrocknung \u2013 michel SLUDGE DRYING SYSTEM","article_modified_time":"2025-05-09T08:46:18+00:00","og_image":[{"width":2560,"height":1436,"url":"https:\/\/schlammtrocknung.com\/wp-content\/uploads\/2023\/05\/DSC_3747-scaled.jpg","type":"image\/jpeg"}],"twitter_card":"summary_large_image","twitter_misc":{"Dur\u00e9e de lecture estim\u00e9e":"6 minutes"},"schema":{"@context":"https:\/\/schema.org","@graph":[{"@type":"WebPage","@id":"https:\/\/schlammtrocknung.com\/fr\/procede-de-sechage-des-boues\/","url":"https:\/\/schlammtrocknung.com\/fr\/procede-de-sechage-des-boues\/","name":"S\u00e9chage des boues Proc\u00e9d\u00e9 | Michel S\u00e9chage des boues","isPartOf":{"@id":"https:\/\/schlammtrocknung.com\/#website"},"primaryImageOfPage":{"@id":"https:\/\/schlammtrocknung.com\/fr\/procede-de-sechage-des-boues\/#primaryimage"},"image":{"@id":"https:\/\/schlammtrocknung.com\/fr\/procede-de-sechage-des-boues\/#primaryimage"},"thumbnailUrl":"https:\/\/schlammtrocknung.com\/wp-content\/uploads\/2023\/05\/DSC_3747-scaled.jpg","datePublished":"2024-08-30T09:22:58+00:00","dateModified":"2025-05-09T08:46:18+00:00","description":"Optimisez la valorisation des boues industrielles gr\u00e2ce aux proc\u00e9d\u00e9s de s\u00e9chage des boues de michel SLUDGE-DRYING-SYSTEMS.","breadcrumb":{"@id":"https:\/\/schlammtrocknung.com\/fr\/procede-de-sechage-des-boues\/#breadcrumb"},"inLanguage":"fr-FR","potentialAction":[{"@type":"ReadAction","target":["https:\/\/schlammtrocknung.com\/fr\/procede-de-sechage-des-boues\/"]}]},{"@type":"ImageObject","inLanguage":"fr-FR","@id":"https:\/\/schlammtrocknung.com\/fr\/procede-de-sechage-des-boues\/#primaryimage","url":"https:\/\/schlammtrocknung.com\/wp-content\/uploads\/2023\/05\/DSC_3747-scaled.jpg","contentUrl":"https:\/\/schlammtrocknung.com\/wp-content\/uploads\/2023\/05\/DSC_3747-scaled.jpg","width":2560,"height":1436},{"@type":"BreadcrumbList","@id":"https:\/\/schlammtrocknung.com\/fr\/procede-de-sechage-des-boues\/#breadcrumb","itemListElement":[{"@type":"ListItem","position":1,"name":"Startseite","item":"https:\/\/schlammtrocknung.com\/fr\/page-daccueil-2\/"},{"@type":"ListItem","position":2,"name":"Proc\u00e9d\u00e9 de s\u00e9chage des boues"}]},{"@type":"WebSite","@id":"https:\/\/schlammtrocknung.com\/#website","url":"https:\/\/schlammtrocknung.com\/","name":"Schlammtrocknung | SDS - Schlammtrocknung","description":"Schlamm- L\u00f6sungen f\u00fcr Kl\u00e4rwerke, Industrie und Umwelt","publisher":{"@id":"https:\/\/schlammtrocknung.com\/#organization"},"potentialAction":[{"@type":"SearchAction","target":{"@type":"EntryPoint","urlTemplate":"https:\/\/schlammtrocknung.com\/?s={search_term_string}"},"query-input":{"@type":"PropertyValueSpecification","valueRequired":true,"valueName":"search_term_string"}}],"inLanguage":"fr-FR"},{"@type":"Organization","@id":"https:\/\/schlammtrocknung.com\/#organization","name":"Schlammtrocknung | SDS - Schlammtrocknung","url":"https:\/\/schlammtrocknung.com\/","logo":{"@type":"ImageObject","inLanguage":"fr-FR","@id":"https:\/\/schlammtrocknung.com\/#\/schema\/logo\/image\/","url":"https:\/\/schlammtrocknung.com\/wp-content\/uploads\/2023\/02\/logo_sds-1.png","contentUrl":"https:\/\/schlammtrocknung.com\/wp-content\/uploads\/2023\/02\/logo_sds-1.png","width":697,"height":187,"caption":"Schlammtrocknung | SDS - Schlammtrocknung"},"image":{"@id":"https:\/\/schlammtrocknung.com\/#\/schema\/logo\/image\/"}}]}},"_links":{"self":[{"href":"https:\/\/schlammtrocknung.com\/fr\/wp-json\/wp\/v2\/pages\/2402","targetHints":{"allow":["GET"]}}],"collection":[{"href":"https:\/\/schlammtrocknung.com\/fr\/wp-json\/wp\/v2\/pages"}],"about":[{"href":"https:\/\/schlammtrocknung.com\/fr\/wp-json\/wp\/v2\/types\/page"}],"author":[{"embeddable":true,"href":"https:\/\/schlammtrocknung.com\/fr\/wp-json\/wp\/v2\/users\/1"}],"replies":[{"embeddable":true,"href":"https:\/\/schlammtrocknung.com\/fr\/wp-json\/wp\/v2\/comments?post=2402"}],"version-history":[{"count":2,"href":"https:\/\/schlammtrocknung.com\/fr\/wp-json\/wp\/v2\/pages\/2402\/revisions"}],"predecessor-version":[{"id":2411,"href":"https:\/\/schlammtrocknung.com\/fr\/wp-json\/wp\/v2\/pages\/2402\/revisions\/2411"}],"wp:featuredmedia":[{"embeddable":true,"href":"https:\/\/schlammtrocknung.com\/fr\/wp-json\/wp\/v2\/media\/2407"}],"wp:attachment":[{"href":"https:\/\/schlammtrocknung.com\/fr\/wp-json\/wp\/v2\/media?parent=2402"}],"curies":[{"name":"wp","href":"https:\/\/api.w.org\/{rel}","templated":true}]}}