{"id":2428,"date":"2024-08-30T10:40:19","date_gmt":"2024-08-30T08:40:19","guid":{"rendered":"https:\/\/schlammtrocknung.com\/deshydratation-des-boues\/"},"modified":"2025-05-09T10:46:25","modified_gmt":"2025-05-09T08:46:25","slug":"deshydratation-des-boues","status":"publish","type":"page","link":"https:\/\/schlammtrocknung.com\/fr\/deshydratation-des-boues\/","title":{"rendered":"D\u00e9shydratation des boues"},"content":{"rendered":"<div class=\"wpb-content-wrapper\"><p>[vc_row][vc_column][vc_custom_heading text=\u00a0\u00bbD\u00e9shydratation des boues avec michel SLUDGE-DRYING-SYSTEMS\u00a0\u00bb font_container=\u00a0\u00bbtag:h1|text_align:center|color:%23728d2a\u00a0\u00bb use_theme_fonts=\u00a0\u00bbyes\u00a0\u00bb][vc_column_text]<\/p>\n<p style=\"text-align: center;\"><span style=\"font-weight: 400;\">Des installations ultramodernes pour <\/span><b>D\u00e9shydratation des boues<\/b><span style=\"font-weight: 400;\">. Des technologies avanc\u00e9es pour le  <\/span><a href=\"http:\/\/schlammtrocknung.com\/glossar\/dewatering\"><span style=\"font-weight: 400;\">Dewatering<\/span><\/a><span style=\"font-weight: 400;\">. Une valorisation efficace des boues sur site. Les solutions de michel SLUDGE-DRYING-SYSTEMS \u00e9vitent les transports d&rsquo;eau co\u00fbteux et contribuent \u00e0 la cr\u00e9ation d&rsquo;un avenir respectueux de l&rsquo;environnement. <\/span><\/p>\n<p>[\/vc_column_text][\/vc_column][\/vc_row][vc_row][vc_column][vc_cta h2=\u00a0\u00bb\u00a0\u00bb add_button=\u00a0\u00bbbottom\u00a0\u00bb btn_title=\u00a0\u00bbDemandez maintenant !\u00a0\u00bb btn_style=\u00a0\u00bbgradient-custom\u00a0\u00bb btn_gradient_custom_color_1=\u00a0\u00bb#728d2a\u00a0\u00bb btn_gradient_custom_color_2=\u00a0\u00bb#728d2a\u00a0\u00bb btn_align=\u00a0\u00bbcenter\u00a0\u00bb btn_link=\u00a0\u00bburl:https%3A%2F%2Fschlammtrocknung.com%2Fkontakt%2F|title:Contact|\u00a0\u00bb][\/vc_cta][vc_empty_space][\/vc_column][vc_column width=\u00a0\u00bb1\/2&Prime;][vc_custom_heading text=\u00a0\u00bbD\u00e9shydratation des boues &#8211; indispensable dans les environnements industriels\u00a0\u00bb font_container=\u00a0\u00bbtag:h2|text_align:left|color:%23728d2a\u00a0\u00bb use_theme_fonts=\u00a0\u00bbyes\u00a0\u00bb][vc_column_text]<i><span style=\"font-weight: 400;\">Qu&rsquo;est-ce que la d\u00e9shydratation des boues ?<\/span><\/i><\/p>\n<p><i><span style=\"font-weight: 400;\">La d\u00e9shydratation des boues est un processus de r\u00e9duction de la teneur en eau des boues produites par les processus industriels, le traitement des eaux us\u00e9es et l&rsquo;agriculture. Elle consiste \u00e0 r\u00e9duire jusqu&rsquo;\u00e0 10% la quantit\u00e9 de liquide dans la masse totale de la boue, ce qui diminue consid\u00e9rablement le volume et le poids de la mati\u00e8re recyclable. <\/span><\/i>[\/vc_column_text][\/vc_column][vc_column width=\u00a0\u00bb1\/2&Prime;][vc_single_image image=\u00a0\u00bb280&Prime; img_size=\u00a0\u00bbfull\u00a0\u00bb][\/vc_column][\/vc_row][vc_row][vc_column][vc_column_text]<\/p>\n<p style=\"text-align: center;\"><span style=\"font-weight: 400;\">La d\u00e9shydratation des boues industrielles est essentielle pour <\/span><b>les r\u00e9glementations environnementales<\/b><span style=\"font-weight: 400;\">  en minimisant les rejets de polluants et en permettant la r\u00e9cup\u00e9ration de ressources pr\u00e9cieuses. Gr\u00e2ce \u00e0 des technologies avanc\u00e9es   <\/span><b>D\u00e9shydratation des boues<\/b><span style=\"font-weight: 400;\"> emp\u00eache les m\u00e9taux lourds et les compos\u00e9s organiques de se r\u00e9pandre dans l&rsquo;environnement, r\u00e9duisant ainsi les risques \u00e9cologiques et sanitaires.<\/span><\/p>\n<p>[\/vc_column_text][vc_custom_heading text=\u00a0\u00bbAvantages de la d\u00e9shydratation des boues avec les SLUDGE-DRYING-SYSTEMS michel\u00a0\u00bb font_container=\u00a0\u00bbtag:h3|text_align:center|color:%23728d2a\u00a0\u00bb use_theme_fonts=\u00a0\u00bbyes\u00a0\u00bb][\/vc_column][\/vc_row][vc_row][vc_column width=\u00a0\u00bb1\/2&Prime;][vc_empty_space][vc_single_image image=\u00a0\u00bb279&Prime; img_size=\u00a0\u00bblarge\u00a0\u00bb][\/vc_column][vc_column width=\u00a0\u00bb1\/2&Prime;][vc_empty_space][vc_column_text]<span style=\"font-weight: 400;\">Les avantages de notre technologie sont nombreux et impressionnants :<\/span><\/p>\n<ul>\n<li><b>Possibilit\u00e9 de mise en \u0153uvre locale :<\/b><span style=\"font-weight: 400;\"> Notre technologie est utilis\u00e9e directement sur le lieu de production des boues.<\/span><\/li>\n<li><b>Respect de l&rsquo;environnement :<\/b><span style=\"font-weight: 400;\"> Pas d&rsquo;\u00e9missions suppl\u00e9mentaires, de probl\u00e8mes d&rsquo;eaux us\u00e9es ou d&rsquo;augmentation de la charge de CO\u2082<\/span><\/li>\n<li><b>Efficacit\u00e9 \u00e9nerg\u00e9tique et rentabilit\u00e9 :<\/b><span style=\"font-weight: 400;\"> R\u00e9duction des besoins en \u00e9nergie sans achat d&rsquo;\u00e9quipements suppl\u00e9mentaires co\u00fbteux<\/span><\/li>\n<li><b>Des co\u00fbts d&rsquo;exploitation r\u00e9duits :<\/b><span style=\"font-weight: 400;\"> Utilisation efficace de la chaleur et de l&rsquo;\u00e9lectricit\u00e9<\/span><\/li>\n<li><b>D\u00e9shydratation en douceur :<\/b><span style=\"font-weight: 400;\"> Pas d&rsquo;encollage, peu d&rsquo;\u00e9missions et de poussi\u00e8res<\/span><\/li>\n<li><b>Pas besoin de toit :<\/b><span style=\"font-weight: 400;\"> R\u00e9duit les co\u00fbts et \u00e9conomise un espace pr\u00e9cieux<\/span><\/li>\n<li><b>Une grande polyvalence :<\/b><span style=\"font-weight: 400;\"> Convient pour diff\u00e9rents types de <\/span><a href=\"http:\/\/schlammtrocknung.com\/leistungen\"><span style=\"font-weight: 400;\">types de boues<\/span><\/a><span style=\"font-weight: 400;\"> et offre un bilan \u00e9cologique positif<\/span><\/li>\n<\/ul>\n<p>[\/vc_column_text][\/vc_column][\/vc_row][vc_row][vc_column][vc_custom_heading text=\u00a0\u00bbLe processus de d\u00e9shydratation des boues en d\u00e9tail\u00a0\u00bb font_container=\u00a0\u00bbtag:h2|text_align:center|color:%23728d2a\u00a0\u00bb use_theme_fonts=\u00a0\u00bbyes\u00a0\u00bb][\/vc_column][vc_column width=\u00a0\u00bb1\/2&Prime;][vc_empty_space][vc_column_text]<\/p>\n<p style=\"text-align: left;\"><span style=\"font-weight: 400;\">La d\u00e9shydratation des boues facilite le transport, la manipulation et le traitement ult\u00e9rieur des boues. Les m\u00e9thodes m\u00e9caniques telles que   <\/span><b>Centrifugeuses, filtres-presses et lits de s\u00e9chage<\/b><span style=\"font-weight: 400;\">  sont des techniques courantes de s\u00e9paration de l&rsquo;eau et des solides. Chez michel SLUDGE-DRYING-SYSTEMS, toutes ces machines sont regroup\u00e9es en une seule et m\u00eame unit\u00e9.   <\/span><b>installation compacte et modulaire<\/b><span style=\"font-weight: 400;\"> r\u00e9unit.<\/span><\/p>\n<p style=\"text-align: left;\"><span style=\"font-weight: 400;\">Notre processus am\u00e9liore <\/span><b>Efficacit\u00e9<\/b><span style=\"font-weight: 400;\">  des \u00e9tapes suivantes, r\u00e9duit les co\u00fbts d&rsquo;\u00e9limination et diminue les risques environnementaux en minimisant le risque de contamination par des fuites. Elle constitue une \u00e9tape cruciale dans le traitement des d\u00e9chets et contribue \u00e0 l&rsquo;utilisation durable des ressources. <\/span><\/p>\n<p>[\/vc_column_text][\/vc_column][vc_column width=\u00a0\u00bb1\/2&Prime;][vc_empty_space][vc_single_image image=\u00a0\u00bb1248&Prime; img_size=\u00a0\u00bblarge\u00a0\u00bb][\/vc_column][vc_column][vc_custom_heading text=\u00a0\u00bbD\u00e9shydratation des boues par s\u00e9chage \u00e0 basse temp\u00e9rature : le proc\u00e9d\u00e9 en d\u00e9tail\u00a0\u00bb font_container=\u00a0\u00bbtag:h3|text_align:center|color:%23728d2a\u00a0\u00bb use_theme_fonts=\u00a0\u00bbyes\u00a0\u00bb][vc_column_text]<\/p>\n<p style=\"text-align: center;\"><span style=\"font-weight: 400;\">Le proc\u00e9d\u00e9 de <\/span><a href=\"https:\/\/schlammtrocknung.com\/fr\/sechoir-a-basse-temperature\/\"><span style=\"font-weight: 400;\">S\u00e9chage \u00e0 basse temp\u00e9rature<\/span><\/a><span style=\"font-weight: 400;\"> est une \u00e9tape centrale de la d\u00e9shydratation des boues chez michel SLUDGE-DRYING-SYSTEMS, qui est obtenue par un s\u00e9chage cibl\u00e9. <\/span><b>application de chaleur<\/b><span style=\"font-weight: 400;\">  L&rsquo;humidit\u00e9 est efficacement \u00e9limin\u00e9e des boues. Les boues sont chauff\u00e9es lentement et en douceur afin de pr\u00e9server l&rsquo;int\u00e9grit\u00e9 des mati\u00e8res organiques et de minimiser la consommation d&rsquo;\u00e9nergie et la charge thermique.   <\/span><\/p>\n<p style=\"text-align: center;\"><span style=\"font-weight: 400;\">Cette m\u00e9thode favorise l <\/span><b>efficacit\u00e9 \u00e9nerg\u00e9tique<\/b><span style=\"font-weight: 400;\">  et r\u00e9duit votre empreinte carbone (CO\u2082). Contrairement aux proc\u00e9d\u00e9s traditionnels \u00e0 haute temp\u00e9rature, le s\u00e9chage \u00e0 basse temp\u00e9rature emp\u00eache le d\u00e9gagement d&rsquo;\u00e9missions nocives et la formation de sous-produits ind\u00e9sirables, ce qui en fait une option de d\u00e9shydratation des boues respectueuse de l&rsquo;environnement. <\/span><\/p>\n<p style=\"text-align: center;\"><span style=\"font-weight: 400;\">La d\u00e9shydratation efficace des boues d&rsquo;\u00e9puration permet d&rsquo;obtenir un produit dont le volume et le poids sont consid\u00e9rablement r\u00e9duits. Ce mat\u00e9riau d\u00e9shydrat\u00e9 peut \u00eatre utilis\u00e9 dans de nombreuses applications. Dans la    <\/span><b>Industrie de l&rsquo;\u00e9nergie<\/b><span style=\"font-weight: 400;\"> les boues s\u00e9ch\u00e9es sont par exemple utilis\u00e9es comme combustible de biomasse, contribuant \u00e0 la production d&rsquo;\u00e9nergie renouvelable.<\/span><\/p>\n<p>[\/vc_column_text][\/vc_column][vc_column][vc_custom_heading text=\u00a0\u00bbAvec les SLUDGE-DRYING-SYSTEMS de michel pour une d\u00e9shydratation avanc\u00e9e des boues\u00a0\u00bb font_container=\u00a0\u00bbtag:h2|text_align:center|color:%23728d2a\u00a0\u00bb use_theme_fonts=\u00a0\u00bbyes\u00a0\u00bb][vc_column_text]<\/p>\n<p style=\"text-align: center;\"><span style=\"font-weight: 400;\">Le site <\/span><b>d\u00e9shydratation des boues<\/b><span style=\"font-weight: 400;\"> n&rsquo;est pas seulement une mesure de <\/span><b>r\u00e9duction des co\u00fbts<\/b><span style=\"font-weight: 400;\">mais joue \u00e9galement un r\u00f4le essentiel dans la <\/span><b>Protection de l&rsquo;environnement<\/b><span style=\"font-weight: 400;\">. En investissant dans des syst\u00e8mes avanc\u00e9s de d\u00e9shydratation des boues de  <\/span><b>michel SLUDGE-DRYING-SYSTEMS<\/b><span style=\"font-weight: 400;\"> les entreprises et les exploitations agricoles adoptent des pratiques durables qui contribuent \u00e0 la pr\u00e9servation de la plan\u00e8te \u00e0 long terme.<\/span><\/p>\n<p style=\"text-align: center;\"><span style=\"font-weight: 400;\">Contactez-nous d\u00e8s aujourd&rsquo;hui pour en savoir plus sur nos solutions de pointe en mati\u00e8re de d\u00e9shydratation des boues !<\/span><\/p>\n<p>[\/vc_column_text][vc_cta h2=\u00a0\u00bb\u00a0\u00bb txt_align=\u00a0\u00bbcenter\u00a0\u00bb add_button=\u00a0\u00bbbottom\u00a0\u00bb btn_title=\u00a0\u00bbContactez-nous maintenant !\u00a0\u00bb btn_style=\u00a0\u00bbgradient-custom\u00a0\u00bb btn_gradient_custom_color_1=\u00a0\u00bb#728d2a\u00a0\u00bb btn_gradient_custom_color_2=\u00a0\u00bb#728d2a\u00a0\u00bb btn_size=\u00a0\u00bblg\u00a0\u00bb btn_align=\u00a0\u00bbcenter\u00a0\u00bb btn_link=\u00a0\u00bburl:https%3A%2F%2Fschlammtrocknung.com%2Fkontakt%2F|title:Contact|\u00a0\u00bb][\/vc_cta][\/vc_column][vc_column][\/vc_column][\/vc_row][vc_row][vc_column][vc_column_text]<\/p>\n<h2><b>FAQ &#8211; questions fr\u00e9quemment pos\u00e9es sur la d\u00e9shydratation des boues<\/b><\/h2>\n<p>[\/vc_column_text][vc_toggle title=\u00a0\u00bbQu&apos;est-ce que l&apos;eau boueuse ?\u00a0\u00bb]<span style=\"font-weight: 400;\">Les eaux boueuses sont un m\u00e9lange d&rsquo;eau et de particules fines et solides, g\u00e9n\u00e9ralement g\u00e9n\u00e9r\u00e9es en tant que sous-produit de processus industriels ou de traitement des eaux us\u00e9es. Elles contiennent \u00e0 la fois des mati\u00e8res organiques et inorganiques, y compris des polluants et des micro-organismes, qui n\u00e9cessitent un traitement ult\u00e9rieur. Les eaux boueuses doivent \u00eatre d\u00e9shydrat\u00e9es et s\u00e9ch\u00e9es afin de pouvoir \u00eatre \u00e9limin\u00e9es ou recycl\u00e9es de mani\u00e8re appropri\u00e9e.  <\/span>[\/vc_toggle][vc_toggle title=\u00a0\u00bbComment fonctionne la d\u00e9shydratation des boues ?\u00a0\u00bb]<span style=\"font-weight: 400;\">La d\u00e9shydratation des boues est le processus de r\u00e9duction de la teneur en eau des boues afin de r\u00e9duire leur volume et leur poids. Ceci est souvent r\u00e9alis\u00e9 par des moyens m\u00e9caniques tels que des centrifugeuses, des filtres-presses ou des lits de s\u00e9chage, qui s\u00e9parent l&rsquo;eau des solides et concentrent les boues pour permettre un transport \u00e9conomique et un traitement ult\u00e9rieur facile. <\/span>[\/vc_toggle][vc_toggle title=\u00a0\u00bbPourquoi les boues sont-elles d\u00e9shydrat\u00e9es ?\u00a0\u00bb]<span style=\"font-weight: 400;\">La d\u00e9shydratation des boues est n\u00e9cessaire pour faciliter leur manipulation et leur transport, pour r\u00e9duire les co\u00fbts de stockage d\u00e9finitif et pour minimiser les risques environnementaux. La r\u00e9duction de la teneur en eau permet \u00e9galement d&rsquo;am\u00e9liorer l&rsquo;efficacit\u00e9 des processus de traitement ult\u00e9rieurs et de r\u00e9duire le risque de contamination du sol et de l&rsquo;eau par des fuites ou des d\u00e9versements de boues. <\/span>[\/vc_toggle][vc_empty_space height=\u00a0\u00bb100px\u00a0\u00bb][\/vc_column][\/vc_row]<\/p>\n<\/div>","protected":false},"excerpt":{"rendered":"<p>[vc_row][vc_column][vc_custom_heading text=\u00a0\u00bbD\u00e9shydratation des boues avec michel SLUDGE-DRYING-SYSTEMS\u00a0\u00bb font_container=\u00a0\u00bbtag:h1|text_align:center|color:%23728d2a\u00a0\u00bb use_theme_fonts=\u00a0\u00bbyes\u00a0\u00bb][vc_column_text] Des installations ultramodernes pour D\u00e9shydratation des boues. Des technologies avanc\u00e9es pour le Dewatering. Une valorisation efficace des boues sur site. Les solutions de michel SLUDGE-DRYING-SYSTEMS \u00e9vitent les transports d&rsquo;eau co\u00fbteux et contribuent \u00e0 la cr\u00e9ation d&rsquo;un avenir respectueux de l&rsquo;environnement. [\/vc_column_text][\/vc_column][\/vc_row][vc_row][vc_column][vc_cta h2=\u00a0\u00bb\u00a0\u00bb add_button=\u00a0\u00bbbottom\u00a0\u00bb btn_title=\u00a0\u00bbDemandez maintenant !\u00a0\u00bb&hellip;<\/p>\n","protected":false},"author":1,"featured_media":2407,"parent":0,"menu_order":0,"comment_status":"closed","ping_status":"closed","template":"","meta":{"footnotes":""},"class_list":["post-2428","page","type-page","status-publish","has-post-thumbnail","hentry","description-off"],"yoast_head":"<!-- This site is optimized with the Yoast SEO plugin v27.4 - https:\/\/yoast.com\/product\/yoast-seo-wordpress\/ -->\n<title>D\u00e9shydratation des boues | Michel S\u00e9chage des boues<\/title>\n<meta name=\"description\" content=\"D\u00e9couvrez les technologies avanc\u00e9es de d\u00e9shydratation des boues avec michel SLUDGE-DRYING-SYSTEMS.\" \/>\n<meta name=\"robots\" content=\"index, follow, max-snippet:-1, max-image-preview:large, max-video-preview:-1\" \/>\n<link rel=\"canonical\" href=\"https:\/\/schlammtrocknung.com\/fr\/deshydratation-des-boues\/\" \/>\n<meta property=\"og:locale\" content=\"fr_FR\" \/>\n<meta property=\"og:type\" content=\"article\" \/>\n<meta property=\"og:title\" content=\"D\u00e9shydratation des boues | Michel S\u00e9chage des boues\" \/>\n<meta property=\"og:description\" content=\"D\u00e9couvrez les technologies avanc\u00e9es de d\u00e9shydratation des boues avec michel SLUDGE-DRYING-SYSTEMS.\" \/>\n<meta property=\"og:url\" content=\"https:\/\/schlammtrocknung.com\/fr\/deshydratation-des-boues\/\" \/>\n<meta property=\"og:site_name\" content=\"Schlammtrocknung \u2013 michel SLUDGE DRYING SYSTEM\" \/>\n<meta property=\"article:modified_time\" content=\"2025-05-09T08:46:25+00:00\" \/>\n<meta property=\"og:image\" content=\"https:\/\/schlammtrocknung.com\/wp-content\/uploads\/2023\/05\/DSC_3747-scaled.jpg\" \/>\n\t<meta property=\"og:image:width\" content=\"2560\" \/>\n\t<meta property=\"og:image:height\" content=\"1436\" \/>\n\t<meta property=\"og:image:type\" content=\"image\/jpeg\" \/>\n<meta name=\"twitter:card\" content=\"summary_large_image\" \/>\n<meta name=\"twitter:label1\" content=\"Dur\u00e9e de lecture estim\u00e9e\" \/>\n\t<meta name=\"twitter:data1\" content=\"7 minutes\" \/>\n<script type=\"application\/ld+json\" class=\"yoast-schema-graph\">{\"@context\":\"https:\\\/\\\/schema.org\",\"@graph\":[{\"@type\":\"WebPage\",\"@id\":\"https:\\\/\\\/schlammtrocknung.com\\\/fr\\\/deshydratation-des-boues\\\/\",\"url\":\"https:\\\/\\\/schlammtrocknung.com\\\/fr\\\/deshydratation-des-boues\\\/\",\"name\":\"D\u00e9shydratation des boues | Michel S\u00e9chage des boues\",\"isPartOf\":{\"@id\":\"https:\\\/\\\/schlammtrocknung.com\\\/#website\"},\"primaryImageOfPage\":{\"@id\":\"https:\\\/\\\/schlammtrocknung.com\\\/fr\\\/deshydratation-des-boues\\\/#primaryimage\"},\"image\":{\"@id\":\"https:\\\/\\\/schlammtrocknung.com\\\/fr\\\/deshydratation-des-boues\\\/#primaryimage\"},\"thumbnailUrl\":\"https:\\\/\\\/schlammtrocknung.com\\\/wp-content\\\/uploads\\\/2023\\\/05\\\/DSC_3747-scaled.jpg\",\"datePublished\":\"2024-08-30T08:40:19+00:00\",\"dateModified\":\"2025-05-09T08:46:25+00:00\",\"description\":\"D\u00e9couvrez les technologies avanc\u00e9es de d\u00e9shydratation des boues avec michel SLUDGE-DRYING-SYSTEMS.\",\"breadcrumb\":{\"@id\":\"https:\\\/\\\/schlammtrocknung.com\\\/fr\\\/deshydratation-des-boues\\\/#breadcrumb\"},\"inLanguage\":\"fr-FR\",\"potentialAction\":[{\"@type\":\"ReadAction\",\"target\":[\"https:\\\/\\\/schlammtrocknung.com\\\/fr\\\/deshydratation-des-boues\\\/\"]}]},{\"@type\":\"ImageObject\",\"inLanguage\":\"fr-FR\",\"@id\":\"https:\\\/\\\/schlammtrocknung.com\\\/fr\\\/deshydratation-des-boues\\\/#primaryimage\",\"url\":\"https:\\\/\\\/schlammtrocknung.com\\\/wp-content\\\/uploads\\\/2023\\\/05\\\/DSC_3747-scaled.jpg\",\"contentUrl\":\"https:\\\/\\\/schlammtrocknung.com\\\/wp-content\\\/uploads\\\/2023\\\/05\\\/DSC_3747-scaled.jpg\",\"width\":2560,\"height\":1436},{\"@type\":\"BreadcrumbList\",\"@id\":\"https:\\\/\\\/schlammtrocknung.com\\\/fr\\\/deshydratation-des-boues\\\/#breadcrumb\",\"itemListElement\":[{\"@type\":\"ListItem\",\"position\":1,\"name\":\"Startseite\",\"item\":\"https:\\\/\\\/schlammtrocknung.com\\\/fr\\\/page-daccueil-2\\\/\"},{\"@type\":\"ListItem\",\"position\":2,\"name\":\"D\u00e9shydratation des boues\"}]},{\"@type\":\"WebSite\",\"@id\":\"https:\\\/\\\/schlammtrocknung.com\\\/#website\",\"url\":\"https:\\\/\\\/schlammtrocknung.com\\\/\",\"name\":\"Schlammtrocknung | SDS - Schlammtrocknung\",\"description\":\"Schlamm- L\u00f6sungen f\u00fcr Kl\u00e4rwerke, Industrie und Umwelt\",\"publisher\":{\"@id\":\"https:\\\/\\\/schlammtrocknung.com\\\/#organization\"},\"potentialAction\":[{\"@type\":\"SearchAction\",\"target\":{\"@type\":\"EntryPoint\",\"urlTemplate\":\"https:\\\/\\\/schlammtrocknung.com\\\/?s={search_term_string}\"},\"query-input\":{\"@type\":\"PropertyValueSpecification\",\"valueRequired\":true,\"valueName\":\"search_term_string\"}}],\"inLanguage\":\"fr-FR\"},{\"@type\":\"Organization\",\"@id\":\"https:\\\/\\\/schlammtrocknung.com\\\/#organization\",\"name\":\"Schlammtrocknung | SDS - Schlammtrocknung\",\"url\":\"https:\\\/\\\/schlammtrocknung.com\\\/\",\"logo\":{\"@type\":\"ImageObject\",\"inLanguage\":\"fr-FR\",\"@id\":\"https:\\\/\\\/schlammtrocknung.com\\\/#\\\/schema\\\/logo\\\/image\\\/\",\"url\":\"https:\\\/\\\/schlammtrocknung.com\\\/wp-content\\\/uploads\\\/2023\\\/02\\\/logo_sds-1.png\",\"contentUrl\":\"https:\\\/\\\/schlammtrocknung.com\\\/wp-content\\\/uploads\\\/2023\\\/02\\\/logo_sds-1.png\",\"width\":697,\"height\":187,\"caption\":\"Schlammtrocknung | SDS - Schlammtrocknung\"},\"image\":{\"@id\":\"https:\\\/\\\/schlammtrocknung.com\\\/#\\\/schema\\\/logo\\\/image\\\/\"}}]}<\/script>\n<!-- \/ Yoast SEO plugin. -->","yoast_head_json":{"title":"D\u00e9shydratation des boues | Michel S\u00e9chage des boues","description":"D\u00e9couvrez les technologies avanc\u00e9es de d\u00e9shydratation des boues avec michel SLUDGE-DRYING-SYSTEMS.","robots":{"index":"index","follow":"follow","max-snippet":"max-snippet:-1","max-image-preview":"max-image-preview:large","max-video-preview":"max-video-preview:-1"},"canonical":"https:\/\/schlammtrocknung.com\/fr\/deshydratation-des-boues\/","og_locale":"fr_FR","og_type":"article","og_title":"D\u00e9shydratation des boues | Michel S\u00e9chage des boues","og_description":"D\u00e9couvrez les technologies avanc\u00e9es de d\u00e9shydratation des boues avec michel SLUDGE-DRYING-SYSTEMS.","og_url":"https:\/\/schlammtrocknung.com\/fr\/deshydratation-des-boues\/","og_site_name":"Schlammtrocknung \u2013 michel SLUDGE DRYING SYSTEM","article_modified_time":"2025-05-09T08:46:25+00:00","og_image":[{"width":2560,"height":1436,"url":"https:\/\/schlammtrocknung.com\/wp-content\/uploads\/2023\/05\/DSC_3747-scaled.jpg","type":"image\/jpeg"}],"twitter_card":"summary_large_image","twitter_misc":{"Dur\u00e9e de lecture estim\u00e9e":"7 minutes"},"schema":{"@context":"https:\/\/schema.org","@graph":[{"@type":"WebPage","@id":"https:\/\/schlammtrocknung.com\/fr\/deshydratation-des-boues\/","url":"https:\/\/schlammtrocknung.com\/fr\/deshydratation-des-boues\/","name":"D\u00e9shydratation des boues | Michel S\u00e9chage des boues","isPartOf":{"@id":"https:\/\/schlammtrocknung.com\/#website"},"primaryImageOfPage":{"@id":"https:\/\/schlammtrocknung.com\/fr\/deshydratation-des-boues\/#primaryimage"},"image":{"@id":"https:\/\/schlammtrocknung.com\/fr\/deshydratation-des-boues\/#primaryimage"},"thumbnailUrl":"https:\/\/schlammtrocknung.com\/wp-content\/uploads\/2023\/05\/DSC_3747-scaled.jpg","datePublished":"2024-08-30T08:40:19+00:00","dateModified":"2025-05-09T08:46:25+00:00","description":"D\u00e9couvrez les technologies avanc\u00e9es de d\u00e9shydratation des boues avec michel SLUDGE-DRYING-SYSTEMS.","breadcrumb":{"@id":"https:\/\/schlammtrocknung.com\/fr\/deshydratation-des-boues\/#breadcrumb"},"inLanguage":"fr-FR","potentialAction":[{"@type":"ReadAction","target":["https:\/\/schlammtrocknung.com\/fr\/deshydratation-des-boues\/"]}]},{"@type":"ImageObject","inLanguage":"fr-FR","@id":"https:\/\/schlammtrocknung.com\/fr\/deshydratation-des-boues\/#primaryimage","url":"https:\/\/schlammtrocknung.com\/wp-content\/uploads\/2023\/05\/DSC_3747-scaled.jpg","contentUrl":"https:\/\/schlammtrocknung.com\/wp-content\/uploads\/2023\/05\/DSC_3747-scaled.jpg","width":2560,"height":1436},{"@type":"BreadcrumbList","@id":"https:\/\/schlammtrocknung.com\/fr\/deshydratation-des-boues\/#breadcrumb","itemListElement":[{"@type":"ListItem","position":1,"name":"Startseite","item":"https:\/\/schlammtrocknung.com\/fr\/page-daccueil-2\/"},{"@type":"ListItem","position":2,"name":"D\u00e9shydratation des boues"}]},{"@type":"WebSite","@id":"https:\/\/schlammtrocknung.com\/#website","url":"https:\/\/schlammtrocknung.com\/","name":"Schlammtrocknung | SDS - Schlammtrocknung","description":"Schlamm- L\u00f6sungen f\u00fcr Kl\u00e4rwerke, Industrie und Umwelt","publisher":{"@id":"https:\/\/schlammtrocknung.com\/#organization"},"potentialAction":[{"@type":"SearchAction","target":{"@type":"EntryPoint","urlTemplate":"https:\/\/schlammtrocknung.com\/?s={search_term_string}"},"query-input":{"@type":"PropertyValueSpecification","valueRequired":true,"valueName":"search_term_string"}}],"inLanguage":"fr-FR"},{"@type":"Organization","@id":"https:\/\/schlammtrocknung.com\/#organization","name":"Schlammtrocknung | SDS - Schlammtrocknung","url":"https:\/\/schlammtrocknung.com\/","logo":{"@type":"ImageObject","inLanguage":"fr-FR","@id":"https:\/\/schlammtrocknung.com\/#\/schema\/logo\/image\/","url":"https:\/\/schlammtrocknung.com\/wp-content\/uploads\/2023\/02\/logo_sds-1.png","contentUrl":"https:\/\/schlammtrocknung.com\/wp-content\/uploads\/2023\/02\/logo_sds-1.png","width":697,"height":187,"caption":"Schlammtrocknung | SDS - Schlammtrocknung"},"image":{"@id":"https:\/\/schlammtrocknung.com\/#\/schema\/logo\/image\/"}}]}},"_links":{"self":[{"href":"https:\/\/schlammtrocknung.com\/fr\/wp-json\/wp\/v2\/pages\/2428","targetHints":{"allow":["GET"]}}],"collection":[{"href":"https:\/\/schlammtrocknung.com\/fr\/wp-json\/wp\/v2\/pages"}],"about":[{"href":"https:\/\/schlammtrocknung.com\/fr\/wp-json\/wp\/v2\/types\/page"}],"author":[{"embeddable":true,"href":"https:\/\/schlammtrocknung.com\/fr\/wp-json\/wp\/v2\/users\/1"}],"replies":[{"embeddable":true,"href":"https:\/\/schlammtrocknung.com\/fr\/wp-json\/wp\/v2\/comments?post=2428"}],"version-history":[{"count":2,"href":"https:\/\/schlammtrocknung.com\/fr\/wp-json\/wp\/v2\/pages\/2428\/revisions"}],"predecessor-version":[{"id":2433,"href":"https:\/\/schlammtrocknung.com\/fr\/wp-json\/wp\/v2\/pages\/2428\/revisions\/2433"}],"wp:featuredmedia":[{"embeddable":true,"href":"https:\/\/schlammtrocknung.com\/fr\/wp-json\/wp\/v2\/media\/2407"}],"wp:attachment":[{"href":"https:\/\/schlammtrocknung.com\/fr\/wp-json\/wp\/v2\/media?parent=2428"}],"curies":[{"name":"wp","href":"https:\/\/api.w.org\/{rel}","templated":true}]}}