{"id":2435,"date":"2023-02-02T18:32:32","date_gmt":"2023-02-02T17:32:32","guid":{"rendered":"https:\/\/schlammtrocknung.com\/contact\/"},"modified":"2025-05-09T10:46:29","modified_gmt":"2025-05-09T08:46:29","slug":"contact","status":"publish","type":"page","link":"https:\/\/schlammtrocknung.com\/fr\/contact\/","title":{"rendered":"Contact"},"content":{"rendered":"<div class=\"wpb-content-wrapper\"><p>[vc_row][vc_column][vc_column_text]N&rsquo;h\u00e9sitez pas \u00e0 nous contacter ! Nous sommes impatients d&rsquo;avoir de vos nouvelles. Si vous avez des questions, des suggestions ou des commentaires, n&rsquo;h\u00e9sitez pas \u00e0 nous envoyer un message. Vous pouvez nous contacter soit par e-mail, soit par t\u00e9l\u00e9phone, soit en utilisant le formulaire de contact. Nous nous efforcerons de r\u00e9pondre \u00e0 votre demande dans les plus brefs d\u00e9lais. Nous vous remercions de l&rsquo;int\u00e9r\u00eat que vous portez \u00e0 notre entreprise ![\/vc_column_text][\/vc_column][\/vc_row][vc_row][vc_column width=\u00a0\u00bb1\/2&Prime;][vc_column_text]<strong>michel gmbh<\/strong><br \/>\n<strong>R\u00f6ttbacher Strasse 24<\/strong><br \/>\n<strong>D-97892 Kreuzwertheim<\/strong>[\/vc_column_text][vc_column_text]<strong>info@schlammtrocknung.com<br \/>\n+49 (0) 9342 96 48 23<br \/>\n<\/strong>[\/vc_column_text][\/vc_column][vc_column width=\u00a0\u00bb1\/2&Prime;][\/vc_column][\/vc_row][vc_row][vc_column][vc_raw_html]W3F1Zm9ybSBpZD0iMSIgbmFtZT0iS29udGFrdCJd[\/vc_raw_html][\/vc_column][\/vc_row][vc_row][vc_column][vc_gmaps link=\u00a0\u00bb#E-8_JTNDaWZyYW1lJTIwc3JjJTNEJTIyaHR0cHMlM0ElMkYlMkZ3d3cuZ29vZ2xlLmNvbSUyRm1hcHMlMkZlbWJlZCUzRnBiJTNEJTIxMW0xOCUyMTFtMTIlMjExbTMlMjExZDI1NzUuMDY0NjI2NTU0MTUyJTIxMmQ5LjUyNDczNDAxMzIyMjQ0JTIxM2Q0OS44MDM2NTI2NzEzNTclMjEybTMlMjExZjAlMjEyZjAlMjEzZjAlMjEzbTIlMjExaTEwMjQlMjEyaTc2OCUyMTRmMTMuMSUyMTNtMyUyMTFtMiUyMTFzMHg0N2EyYmFhN2IwMmEzNmYzJTI1M0EweDg1MDFmN2FlNmRjMzMwMjUlMjEyc01JQ0hFTCUyNTIwR21iSCUyMTVlMCUyMTNtMiUyMTFzZGUlMjEyc2RlJTIxNHYxNjgzNTY0OTM3OTIyJTIxNW0yJTIxMXNkZSUyMTJzZGUlMjIlMjB3aWR0aCUzRCUyMjYwMCUyMiUyMGhlaWdodCUzRCUyMjQ1MCUyMiUyMHN0eWxlJTNEJTIyYm9yZGVyJTNBMCUzQiUyMiUyMGFsbG93ZnVsbHNjcmVlbiUzRCUyMiUyMiUyMGxvYWRpbmclM0QlMjJsYXp5JTIyJTIwcmVmZXJyZXJwb2xpY3klM0QlMjJuby1yZWZlcnJlci13aGVuLWRvd25ncmFkZSUyMiUzRSUzQyUyRmlmcmFtZSUzRQ==\u00a0\u00bb][\/vc_column][\/vc_row]<\/p>\n<\/div>","protected":false},"excerpt":{"rendered":"<p>[vc_row][vc_column][vc_column_text]N&rsquo;h\u00e9sitez pas \u00e0 nous contacter ! Nous sommes impatients d&rsquo;avoir de vos nouvelles. Si vous avez des questions, des suggestions ou des commentaires, n&rsquo;h\u00e9sitez pas \u00e0 nous envoyer un message. Vous pouvez nous contacter soit par e-mail, soit par t\u00e9l\u00e9phone, soit en utilisant le formulaire de contact. Nous nous efforcerons de r\u00e9pondre \u00e0 votre demande&hellip;<\/p>\n","protected":false},"author":1,"featured_media":0,"parent":0,"menu_order":0,"comment_status":"closed","ping_status":"closed","template":"","meta":{"footnotes":""},"class_list":["post-2435","page","type-page","status-publish","hentry","description-off"],"yoast_head":"<!-- This site is optimized with the Yoast SEO plugin v27.3 - https:\/\/yoast.com\/product\/yoast-seo-wordpress\/ -->\n<title>Contact - Schlammtrocknung \u2013 michel SLUDGE DRYING SYSTEM<\/title>\n<meta name=\"robots\" content=\"index, follow, max-snippet:-1, max-image-preview:large, max-video-preview:-1\" \/>\n<link rel=\"canonical\" href=\"https:\/\/schlammtrocknung.com\/fr\/contact\/\" \/>\n<meta property=\"og:locale\" content=\"fr_FR\" \/>\n<meta property=\"og:type\" content=\"article\" \/>\n<meta property=\"og:title\" content=\"Contact - Schlammtrocknung \u2013 michel SLUDGE DRYING SYSTEM\" \/>\n<meta property=\"og:description\" content=\"[vc_row][vc_column][vc_column_text]N&rsquo;h\u00e9sitez pas \u00e0 nous contacter ! Nous sommes impatients d&rsquo;avoir de vos nouvelles. Si vous avez des questions, des suggestions ou des commentaires, n&rsquo;h\u00e9sitez pas \u00e0 nous envoyer un message. Vous pouvez nous contacter soit par e-mail, soit par t\u00e9l\u00e9phone, soit en utilisant le formulaire de contact. Nous nous efforcerons de r\u00e9pondre \u00e0 votre demande&hellip;\" \/>\n<meta property=\"og:url\" content=\"https:\/\/schlammtrocknung.com\/fr\/contact\/\" \/>\n<meta property=\"og:site_name\" content=\"Schlammtrocknung \u2013 michel SLUDGE DRYING SYSTEM\" \/>\n<meta property=\"article:modified_time\" content=\"2025-05-09T08:46:29+00:00\" \/>\n<meta name=\"twitter:card\" content=\"summary_large_image\" \/>\n<meta name=\"twitter:label1\" content=\"Dur\u00e9e de lecture estim\u00e9e\" \/>\n\t<meta name=\"twitter:data1\" content=\"1 minute\" \/>\n<script type=\"application\/ld+json\" class=\"yoast-schema-graph\">{\"@context\":\"https:\\\/\\\/schema.org\",\"@graph\":[{\"@type\":\"WebPage\",\"@id\":\"https:\\\/\\\/schlammtrocknung.com\\\/fr\\\/contact\\\/\",\"url\":\"https:\\\/\\\/schlammtrocknung.com\\\/fr\\\/contact\\\/\",\"name\":\"Contact - Schlammtrocknung \u2013 michel SLUDGE DRYING SYSTEM\",\"isPartOf\":{\"@id\":\"https:\\\/\\\/schlammtrocknung.com\\\/#website\"},\"datePublished\":\"2023-02-02T17:32:32+00:00\",\"dateModified\":\"2025-05-09T08:46:29+00:00\",\"breadcrumb\":{\"@id\":\"https:\\\/\\\/schlammtrocknung.com\\\/fr\\\/contact\\\/#breadcrumb\"},\"inLanguage\":\"fr-FR\",\"potentialAction\":[{\"@type\":\"ReadAction\",\"target\":[\"https:\\\/\\\/schlammtrocknung.com\\\/fr\\\/contact\\\/\"]}]},{\"@type\":\"BreadcrumbList\",\"@id\":\"https:\\\/\\\/schlammtrocknung.com\\\/fr\\\/contact\\\/#breadcrumb\",\"itemListElement\":[{\"@type\":\"ListItem\",\"position\":1,\"name\":\"Startseite\",\"item\":\"https:\\\/\\\/schlammtrocknung.com\\\/fr\\\/page-daccueil-2\\\/\"},{\"@type\":\"ListItem\",\"position\":2,\"name\":\"Contact\"}]},{\"@type\":\"WebSite\",\"@id\":\"https:\\\/\\\/schlammtrocknung.com\\\/#website\",\"url\":\"https:\\\/\\\/schlammtrocknung.com\\\/\",\"name\":\"Schlammtrocknung | SDS - Schlammtrocknung\",\"description\":\"Schlamm- L\u00f6sungen f\u00fcr Kl\u00e4rwerke, Industrie und Umwelt\",\"publisher\":{\"@id\":\"https:\\\/\\\/schlammtrocknung.com\\\/#organization\"},\"potentialAction\":[{\"@type\":\"SearchAction\",\"target\":{\"@type\":\"EntryPoint\",\"urlTemplate\":\"https:\\\/\\\/schlammtrocknung.com\\\/?s={search_term_string}\"},\"query-input\":{\"@type\":\"PropertyValueSpecification\",\"valueRequired\":true,\"valueName\":\"search_term_string\"}}],\"inLanguage\":\"fr-FR\"},{\"@type\":\"Organization\",\"@id\":\"https:\\\/\\\/schlammtrocknung.com\\\/#organization\",\"name\":\"Schlammtrocknung | SDS - Schlammtrocknung\",\"url\":\"https:\\\/\\\/schlammtrocknung.com\\\/\",\"logo\":{\"@type\":\"ImageObject\",\"inLanguage\":\"fr-FR\",\"@id\":\"https:\\\/\\\/schlammtrocknung.com\\\/#\\\/schema\\\/logo\\\/image\\\/\",\"url\":\"https:\\\/\\\/schlammtrocknung.com\\\/wp-content\\\/uploads\\\/2023\\\/02\\\/logo_sds-1.png\",\"contentUrl\":\"https:\\\/\\\/schlammtrocknung.com\\\/wp-content\\\/uploads\\\/2023\\\/02\\\/logo_sds-1.png\",\"width\":697,\"height\":187,\"caption\":\"Schlammtrocknung | SDS - Schlammtrocknung\"},\"image\":{\"@id\":\"https:\\\/\\\/schlammtrocknung.com\\\/#\\\/schema\\\/logo\\\/image\\\/\"}}]}<\/script>\n<!-- \/ Yoast SEO plugin. -->","yoast_head_json":{"title":"Contact - Schlammtrocknung \u2013 michel SLUDGE DRYING SYSTEM","robots":{"index":"index","follow":"follow","max-snippet":"max-snippet:-1","max-image-preview":"max-image-preview:large","max-video-preview":"max-video-preview:-1"},"canonical":"https:\/\/schlammtrocknung.com\/fr\/contact\/","og_locale":"fr_FR","og_type":"article","og_title":"Contact - Schlammtrocknung \u2013 michel SLUDGE DRYING SYSTEM","og_description":"[vc_row][vc_column][vc_column_text]N&rsquo;h\u00e9sitez pas \u00e0 nous contacter ! Nous sommes impatients d&rsquo;avoir de vos nouvelles. Si vous avez des questions, des suggestions ou des commentaires, n&rsquo;h\u00e9sitez pas \u00e0 nous envoyer un message. Vous pouvez nous contacter soit par e-mail, soit par t\u00e9l\u00e9phone, soit en utilisant le formulaire de contact. Nous nous efforcerons de r\u00e9pondre \u00e0 votre demande&hellip;","og_url":"https:\/\/schlammtrocknung.com\/fr\/contact\/","og_site_name":"Schlammtrocknung \u2013 michel SLUDGE DRYING SYSTEM","article_modified_time":"2025-05-09T08:46:29+00:00","twitter_card":"summary_large_image","twitter_misc":{"Dur\u00e9e de lecture estim\u00e9e":"1 minute"},"schema":{"@context":"https:\/\/schema.org","@graph":[{"@type":"WebPage","@id":"https:\/\/schlammtrocknung.com\/fr\/contact\/","url":"https:\/\/schlammtrocknung.com\/fr\/contact\/","name":"Contact - Schlammtrocknung \u2013 michel SLUDGE DRYING SYSTEM","isPartOf":{"@id":"https:\/\/schlammtrocknung.com\/#website"},"datePublished":"2023-02-02T17:32:32+00:00","dateModified":"2025-05-09T08:46:29+00:00","breadcrumb":{"@id":"https:\/\/schlammtrocknung.com\/fr\/contact\/#breadcrumb"},"inLanguage":"fr-FR","potentialAction":[{"@type":"ReadAction","target":["https:\/\/schlammtrocknung.com\/fr\/contact\/"]}]},{"@type":"BreadcrumbList","@id":"https:\/\/schlammtrocknung.com\/fr\/contact\/#breadcrumb","itemListElement":[{"@type":"ListItem","position":1,"name":"Startseite","item":"https:\/\/schlammtrocknung.com\/fr\/page-daccueil-2\/"},{"@type":"ListItem","position":2,"name":"Contact"}]},{"@type":"WebSite","@id":"https:\/\/schlammtrocknung.com\/#website","url":"https:\/\/schlammtrocknung.com\/","name":"Schlammtrocknung | SDS - Schlammtrocknung","description":"Schlamm- L\u00f6sungen f\u00fcr Kl\u00e4rwerke, Industrie und Umwelt","publisher":{"@id":"https:\/\/schlammtrocknung.com\/#organization"},"potentialAction":[{"@type":"SearchAction","target":{"@type":"EntryPoint","urlTemplate":"https:\/\/schlammtrocknung.com\/?s={search_term_string}"},"query-input":{"@type":"PropertyValueSpecification","valueRequired":true,"valueName":"search_term_string"}}],"inLanguage":"fr-FR"},{"@type":"Organization","@id":"https:\/\/schlammtrocknung.com\/#organization","name":"Schlammtrocknung | SDS - Schlammtrocknung","url":"https:\/\/schlammtrocknung.com\/","logo":{"@type":"ImageObject","inLanguage":"fr-FR","@id":"https:\/\/schlammtrocknung.com\/#\/schema\/logo\/image\/","url":"https:\/\/schlammtrocknung.com\/wp-content\/uploads\/2023\/02\/logo_sds-1.png","contentUrl":"https:\/\/schlammtrocknung.com\/wp-content\/uploads\/2023\/02\/logo_sds-1.png","width":697,"height":187,"caption":"Schlammtrocknung | SDS - Schlammtrocknung"},"image":{"@id":"https:\/\/schlammtrocknung.com\/#\/schema\/logo\/image\/"}}]}},"_links":{"self":[{"href":"https:\/\/schlammtrocknung.com\/fr\/wp-json\/wp\/v2\/pages\/2435","targetHints":{"allow":["GET"]}}],"collection":[{"href":"https:\/\/schlammtrocknung.com\/fr\/wp-json\/wp\/v2\/pages"}],"about":[{"href":"https:\/\/schlammtrocknung.com\/fr\/wp-json\/wp\/v2\/types\/page"}],"author":[{"embeddable":true,"href":"https:\/\/schlammtrocknung.com\/fr\/wp-json\/wp\/v2\/users\/1"}],"replies":[{"embeddable":true,"href":"https:\/\/schlammtrocknung.com\/fr\/wp-json\/wp\/v2\/comments?post=2435"}],"version-history":[{"count":2,"href":"https:\/\/schlammtrocknung.com\/fr\/wp-json\/wp\/v2\/pages\/2435\/revisions"}],"predecessor-version":[{"id":2441,"href":"https:\/\/schlammtrocknung.com\/fr\/wp-json\/wp\/v2\/pages\/2435\/revisions\/2441"}],"wp:attachment":[{"href":"https:\/\/schlammtrocknung.com\/fr\/wp-json\/wp\/v2\/media?parent=2435"}],"curies":[{"name":"wp","href":"https:\/\/api.w.org\/{rel}","templated":true}]}}