{"id":2442,"date":"2024-08-14T10:42:06","date_gmt":"2024-08-14T08:42:06","guid":{"rendered":"https:\/\/schlammtrocknung.com\/elimination-des-boues\/"},"modified":"2025-05-09T10:46:30","modified_gmt":"2025-05-09T08:46:30","slug":"elimination-des-boues","status":"publish","type":"page","link":"https:\/\/schlammtrocknung.com\/fr\/elimination-des-boues\/","title":{"rendered":"\u00c9limination des boues"},"content":{"rendered":"<div class=\"wpb-content-wrapper\"><p>[vc_row][vc_column][vc_custom_heading text=\u00a0\u00bb\u00c9limination avanc\u00e9e des boues<br \/>\n&#8211; directement sur place\u00a0\u00bb font_container=\u00a0\u00bbtag:h1|text_align:center|color:%23728d2a\u00a0\u00bb use_theme_fonts=\u00a0\u00bbyes\u00a0\u00bb][vc_column_text]<\/p>\n<p style=\"text-align: center;\"><span style=\"font-weight: 400;\">avanc\u00e9 <\/span><b>\u00c9limination des boues directement sur place<\/b><span style=\"font-weight: 400;\">Avec des installations ultramodernes et sans transport d&rsquo;eau co\u00fbteux &#8211; c&rsquo;est ce que signifie <\/span><b>michel SLUDGE-DRYING-SYSTEMS<\/b><span style=\"font-weight: 400;\">. Notre expertise permet de valoriser efficacement les boues et d&rsquo;obtenir ainsi une  <\/span><b>un avenir respectueux de l&rsquo;environnement<\/b><span style=\"font-weight: 400;\"> sans gaspiller de pr\u00e9cieuses mati\u00e8res premi\u00e8res.<\/span><\/p>\n<p style=\"text-align: center;\"><a href=\"https:\/\/schlammtrocknung.com\/fr\/contact\/\">D\u00e9couvrez les solutions d\u00e8s maintenant !<\/a><\/p>\n<p>[\/vc_column_text][vc_empty_space height=\u00a0\u00bb150px\u00a0\u00bb][\/vc_column][\/vc_row][vc_row][vc_column width=\u00a0\u00bb1\/2&Prime;][vc_custom_heading text=\u00a0\u00bb\u00c9liminer les boues de mani\u00e8re responsable &#8211; indispensable pour l&apos;environnement et la sant\u00e9 publique\u00a0\u00bb font_container=\u00a0\u00bbtag:h2|text_align:left|color:%23728d2a\u00a0\u00bb use_theme_fonts=\u00a0\u00bbyes\u00a0\u00bb][vc_column_text]<i><span style=\"font-weight: 400;\">Qu&rsquo;est-ce que l&rsquo;\u00e9limination des boues ?<\/span><\/i><\/p>\n<p><i><span style=\"font-weight: 400;\">L&rsquo;\u00e9limination des boues d\u00e9signe le traitement et l&rsquo;\u00e9limination des boues produites en tant que sous-produits des processus industriels, du traitement des eaux us\u00e9es et des exploitations agricoles. Cette proc\u00e9dure est cruciale pour la sant\u00e9 environnementale, car les boues non trait\u00e9es peuvent contenir des polluants tels que des m\u00e9taux lourds et des compos\u00e9s organiques. <\/span><\/i>[\/vc_column_text][\/vc_column][vc_column width=\u00a0\u00bb1\/2&Prime; css=\u00a0\u00bb.vc_custom_1740486470044{border-radius: 2px !important;}\u00a0\u00bb][vc_single_image image=\u00a0\u00bb1201&Prime; img_size=\u00a0\u00bbfull\u00a0\u00bb][\/vc_column][\/vc_row][vc_row][vc_column][vc_column_text]<\/p>\n<p style=\"text-align: center;\"><span style=\"font-weight: 400;\">La gestion efficace des <\/span><b>d&rsquo;\u00e9limination des boues<\/b><span style=\"font-weight: 400;\"> \u00e9vite la contamination de l&rsquo;eau, prot\u00e8ge la qualit\u00e9 de l&rsquo;air et de l&rsquo;eau. <\/span><b>qualit\u00e9 des sols<\/b><span style=\"font-weight: 400;\"> et favorise la r\u00e9cup\u00e9ration de ressources pr\u00e9cieuses <\/span><b>Ressources<\/b><span style=\"font-weight: 400;\">. Dans les secteurs du traitement des eaux us\u00e9es, des d\u00e9chets industriels et de la production d&rsquo;engrais, une gestion avanc\u00e9e est essentielle pour minimiser les risques environnementaux et sanitaires &#8211; tout en pr\u00e9servant tous les  <\/span><b>les directives l\u00e9gales<\/b><span style=\"font-weight: 400;\"> de se conformer aux exigences l\u00e9gales.<\/span><\/p>\n<p>[\/vc_column_text][vc_empty_space height=\u00a0\u00bb150px\u00a0\u00bb][vc_custom_heading text=\u00a0\u00bbR\u00e9alisable localement et \u00e9conomique &#8211; notre \u00e9limination des boues\u00a0\u00bb font_container=\u00a0\u00bbtag:h2|text_align:center|color:%23728d2a\u00a0\u00bb use_theme_fonts=\u00a0\u00bbyes\u00a0\u00bb][vc_column_text]<\/p>\n<p style=\"text-align: center;\"><span style=\"font-weight: 400;\">Pourquoi est <\/span><b>michel SLUDGE-DRYING-SYSTEMS<\/b><span style=\"font-weight: 400;\">  le partenaire id\u00e9al pour l&rsquo;\u00e9limination des boues ? C&rsquo;est tr\u00e8s simple : les installations utilisent une combinaison de s\u00e9chage par contact et par convection et sont parfaitement adapt\u00e9es \u00e0 une large gamme d&rsquo;applications.   <\/span><\/p>\n<p style=\"text-align: center;\"><span style=\"font-weight: 400;\">Nos installations de s\u00e9chage brevet\u00e9es sont non seulement technologiquement avanc\u00e9es, mais aussi polyvalentes et applicables aux boues les plus diverses, des boues <a href=\"https:\/\/schlammtrocknung.com\/fr\/services\/sechage-des-boues-depuration\/\">d&rsquo;\u00e9puration<\/a> aux <a href=\"https:\/\/schlammtrocknung.com\/fr\/services\/sechage-des-boues-metalliques\/\">boues m\u00e9talliques<\/a> en passant par les boues <a href=\"https:\/\/schlammtrocknung.com\/fr\/services\/sechage-des-boues-biologiques\/\">biologiques<\/a>. Gr\u00e2ce \u00e0 notre conception modulaire, nous trouvons toujours la solution la plus adapt\u00e9e \u00e0 l&rsquo;\u00e9limination de vos boues. <\/span><\/p>\n<p>[\/vc_column_text][vc_custom_heading text=\u00a0\u00bbVoyez en un coup d&apos;\u0153il tous les avantages de l&apos;\u00e9limination des boues avec nos installations de s\u00e9chage brevet\u00e9es :\u00a0\u00bb font_container=\u00a0\u00bbtag:h3|text_align:center|color:%23728d2a\u00a0\u00bb use_theme_fonts=\u00a0\u00bbyes\u00a0\u00bb][\/vc_column][\/vc_row][vc_row][vc_column width=\u00a0\u00bb1\/2&Prime;][vc_empty_space][vc_single_image image=\u00a0\u00bb279&Prime; img_size=\u00a0\u00bblarge\u00a0\u00bb][\/vc_column][vc_column width=\u00a0\u00bb1\/2&Prime;][vc_column_text]<\/p>\n<ul>\n<li><b>Applicable localement :<\/b><span style=\"font-weight: 400;\"> Notre technologie fonctionne directement sur place, l\u00e0 o\u00f9 les boues sont produites<\/span><\/li>\n<li style=\"font-weight: 400;\" aria-level=\"1\"><b>Respect de l&rsquo;environnement :<\/b><span style=\"font-weight: 400;\"> Pas d&rsquo;\u00e9missions, pas de probl\u00e8mes d&rsquo;eaux us\u00e9es et une r\u00e9duction significative du CO\u2082<\/span><\/li>\n<li style=\"font-weight: 400;\" aria-level=\"1\"><b>Efficace et \u00e9conomique :<\/b><span style=\"font-weight: 400;\"> R\u00e9duction de la consommation d&rsquo;\u00e9nergie gr\u00e2ce au s\u00e9chage \u00e0 basse temp\u00e9rature et \u00e0 l&rsquo;absence d&rsquo;\u00e9quipements suppl\u00e9mentaires co\u00fbteux.<\/span><\/li>\n<li style=\"font-weight: 400;\" aria-level=\"1\"><b>Faibles co\u00fbts d&rsquo;exploitation :<\/b><span style=\"font-weight: 400;\"> Gr\u00e2ce \u00e0 une utilisation efficace de la chaleur et de l&rsquo;\u00e9lectricit\u00e9.<\/span><\/li>\n<li style=\"font-weight: 400;\" aria-level=\"1\"><b>Traitement en douceur :<\/b><span style=\"font-weight: 400;\"> Emp\u00eache le collage et minimise les \u00e9missions et la poussi\u00e8re.<\/span><\/li>\n<li style=\"font-weight: 400;\" aria-level=\"1\"><b>Aucun abri n&rsquo;est n\u00e9cessaire :<\/b><span style=\"font-weight: 400;\"> \u00c9conomisez de l&rsquo;argent et de l&rsquo;espace, car aucun abri n&rsquo;est n\u00e9cessaire.<\/span><\/li>\n<li style=\"font-weight: 400;\" aria-level=\"1\"><b>Une grande polyvalence :<\/b><span style=\"font-weight: 400;\"> Convient \u00e0 diff\u00e9rents types de boues<\/span><\/li>\n<li style=\"font-weight: 400;\" aria-level=\"1\"><b>Un \u00e9cobilan positif :<\/b><span style=\"font-weight: 400;\"> Contribuer \u00e0 la r\u00e9duction des \u00e9missions de CO\u2082 et promouvoir les pratiques durables<\/span><\/li>\n<\/ul>\n<p>[\/vc_column_text][\/vc_column][\/vc_row][vc_row][vc_column][vc_column_text]<\/p>\n<p style=\"text-align: left;\"><span style=\"font-weight: 400;\"><i>Conseil d&rsquo;expert :<\/i><\/span><\/p>\n<p style=\"text-align: left;\"><span style=\"font-weight: 400;\">Il est bon de savoir : Nous proposons non seulement une technologie et des \u00e9quipements de premier ordre <\/span>dans trois tailles diff\u00e9rentes<span style=\"font-weight: 400;\">, mais aussi <\/span><b>des options de financement flexibles<\/b><span style=\"font-weight: 400;\"> qui vous permettent de d\u00e9marrer sans investissement initial \u00e9lev\u00e9.<\/span><\/p>\n<p>[\/vc_column_text][vc_empty_space height=\u00a0\u00bb100px\u00a0\u00bb][\/vc_column][\/vc_row][vc_row][vc_column][vc_custom_heading text=\u00a0\u00bbValoriser plut\u00f4t qu&apos;\u00e9liminer &#8211; Potentiel des boues trait\u00e9es\u00a0\u00bb font_container=\u00a0\u00bbtag:h2|text_align:left|color:%23728d2a\u00a0\u00bb use_theme_fonts=\u00a0\u00bbyes\u00a0\u00bb][vc_column_text]<span style=\"font-weight: 400;\">M\u00eame si les boues sont d&rsquo;abord consid\u00e9r\u00e9es comme des d\u00e9chets, elles peuvent aussi devenir une mati\u00e8re pr\u00e9cieuse aux multiples potentialit\u00e9s. La cl\u00e9 est une gestion professionnelle des boues.   <\/span><b>S\u00e9chage des boues<\/b><span style=\"font-weight: 400;\">  avec traitement ult\u00e9rieur. Les potentiels vont jusqu&rsquo;\u00e0   <\/span><a href=\"https:\/\/schlammtrocknung.com\/news\/phosphor-recycling\/\"><span style=\"font-weight: 400;\">R\u00e9cup\u00e9ration du phosphore<\/span><\/a><span style=\"font-weight: 400;\">un nutriment pr\u00e9cieux pour les plantes.<\/span><\/p>\n<p><span style=\"font-weight: 400;\">Les boues trait\u00e9es, en particulier celles provenant des stations d&rsquo;\u00e9puration des eaux us\u00e9es, sont riches en mati\u00e8res organiques et en nutriments tels que l&rsquo;azote et le phosphore. <\/span><a href=\"https:\/\/schlammtrocknung.com\/news\/phosphor-recycling\/\"><span style=\"font-weight: 400;\">phosphore<\/span><\/a><span style=\"font-weight: 400;\">qui sont utilis\u00e9s dans l&rsquo;industrie <\/span><b>agriculture<\/b><span style=\"font-weight: 400;\">  peuvent \u00eatre utilis\u00e9s comme engrais. Cette utilisation ne soutient pas seulement la   <\/span><b>\u00e9conomie circulaire<\/b><span style=\"font-weight: 400;\">L&rsquo;agriculture biologique permet non seulement de r\u00e9duire les \u00e9missions de gaz \u00e0 effet de serre, mais aussi de diminuer le besoin d&rsquo;engrais artificiels, dont la production est souvent gourmande en \u00e9nergie et qui pr\u00e9sentent un risque de pollution.<\/span><\/p>\n<p><span style=\"font-weight: 400;\">De plus, les boues d&rsquo;\u00e9puration s\u00e9ch\u00e9es peuvent \u00eatre utilis\u00e9es dans la <\/span><b>production d&rsquo;\u00e9nergie<\/b><span style=\"font-weight: 400;\"> comme <\/span><b>combustible de biomasse<\/b><span style=\"font-weight: 400;\">  une alternative renouvelable aux combustibles fossiles. Dans la   <\/span><b>Industrie du b\u00e2timent<\/b><span style=\"font-weight: 400;\"> les boues trait\u00e9es sont utilis\u00e9es comme agr\u00e9gats, par exemple dans la fabrication de mat\u00e9riaux de construction tels que les briques ou les pav\u00e9s, ce qui contribue \u00e0 r\u00e9duire les d\u00e9chets et les co\u00fbts de production.<\/span><\/p>\n<p><i><span style=\"font-weight: 400;\">Retenez<\/span><\/i><i><span style=\"font-weight: 400;\"><br \/>\n<\/span><\/i><i><span style=\"font-weight: 400;\">La valorisation des boues trait\u00e9es constitue une alternative durable \u00e0 l&rsquo;\u00e9limination traditionnelle et pr\u00e9sente de nombreux avantages \u00e9cologiques et \u00e9conomiques. Elle r\u00e9duit la pression sur les ressources naturelles tout en offrant des avantages \u00e9conomiques. <\/span><\/i>[\/vc_column_text][vc_empty_space height=\u00a0\u00bb100px\u00a0\u00bb][vc_custom_heading text=\u00a0\u00bbD\u00e9couvrez nos solutions de pointe pour la gestion des boues\u00a0\u00bb font_container=\u00a0\u00bbtag:h2|text_align:left|color:%23728d2a\u00a0\u00bb use_theme_fonts=\u00a0\u00bbyes\u00a0\u00bb][vc_column_text]<span style=\"font-weight: 400;\">op\u00e9ration &#8211; mettez en place avec <\/span><b>michel SLUDGE-DRYING-SYSTEMS<\/b><span style=\"font-weight: 400;\">  vers un avenir durable. Nous sommes pr\u00eats \u00e0 emprunter cette voie avec vous. <\/span><\/p>\n<p style=\"text-align: center;\"><a href=\"https:\/\/schlammtrocknung.com\/fr\/contact\/\">Contactez-nous !<\/a><\/p>\n<p>[\/vc_column_text][\/vc_column][\/vc_row][vc_row][vc_column][vc_column_text]<\/p>\n<h2>FAQ &#8211; questions fr\u00e9quemment pos\u00e9es sur l&rsquo;\u00e9limination des boues<\/h2>\n<p>[\/vc_column_text][vc_toggle title=\u00a0\u00bbQu&apos;est-ce que l&apos;\u00e9limination des boues ?\u00a0\u00bb]<span style=\"font-weight: 400;\">L&rsquo;\u00e9limination des boues, \u00e9galement appel\u00e9e s\u00e9chage des boues, est un processus par lequel l&rsquo;eau est retir\u00e9e des boues afin de r\u00e9duire leur volume et de faciliter leur \u00e9limination ou leur recyclage. Cela permet d&rsquo;am\u00e9liorer l&rsquo;efficacit\u00e9 de l&rsquo;\u00e9limination des boues et de r\u00e9duire les co\u00fbts de transport et de traitement. <\/span>[\/vc_toggle][vc_toggle title=\u00a0\u00bbL&apos;\u00e9limination des boues est-elle respectueuse de l&apos;environnement ?\u00a0\u00bb]<span style=\"font-weight: 400;\">Les techniques modernes d&rsquo;\u00e9limination des boues sont con\u00e7ues pour \u00eatre respectueuses de l&rsquo;environnement. Elles r\u00e9duisent les \u00e9missions, \u00e9vitent la pollution des nappes phr\u00e9atiques et permettent de r\u00e9cup\u00e9rer des ressources, comme l&rsquo;utilisation des boues s\u00e9ch\u00e9es comme combustible ou comme engrais. <\/span>[\/vc_toggle][vc_toggle title=\u00a0\u00bbQuelles sont les technologies utilis\u00e9es dans l&apos;\u00e9limination des boues ?\u00a0\u00bb]<span style=\"font-weight: 400;\">Diff\u00e9rentes technologies sont utilis\u00e9es pour l&rsquo;\u00e9limination des boues, notamment la centrifugation, les filtres-presses, le traitement thermique et les proc\u00e9d\u00e9s biologiques. Ces m\u00e9thodes visent \u00e0 stabiliser les boues, \u00e0 les s\u00e9cher et \u00e0 les pr\u00e9parer pour un stockage final ou une r\u00e9utilisation en toute s\u00e9curit\u00e9. <\/span>[\/vc_toggle][vc_empty_space height=\u00a0\u00bb100px\u00a0\u00bb][\/vc_column][\/vc_row]<\/p>\n<\/div>","protected":false},"excerpt":{"rendered":"<p>[vc_row][vc_column][vc_custom_heading text=\u00a0\u00bb\u00c9limination avanc\u00e9e des boues &#8211; directement sur place\u00a0\u00bb font_container=\u00a0\u00bbtag:h1|text_align:center|color:%23728d2a\u00a0\u00bb use_theme_fonts=\u00a0\u00bbyes\u00a0\u00bb][vc_column_text] avanc\u00e9 \u00c9limination des boues directement sur placeAvec des installations ultramodernes et sans transport d&rsquo;eau co\u00fbteux &#8211; c&rsquo;est ce que signifie michel SLUDGE-DRYING-SYSTEMS. Notre expertise permet de valoriser efficacement les boues et d&rsquo;obtenir ainsi une un avenir respectueux de l&rsquo;environnement sans gaspiller de pr\u00e9cieuses mati\u00e8res&hellip;<\/p>\n","protected":false},"author":1,"featured_media":2407,"parent":0,"menu_order":0,"comment_status":"closed","ping_status":"closed","template":"","meta":{"footnotes":""},"class_list":["post-2442","page","type-page","status-publish","has-post-thumbnail","hentry","description-off"],"yoast_head":"<!-- This site is optimized with the Yoast SEO plugin v27.3 - https:\/\/yoast.com\/product\/yoast-seo-wordpress\/ -->\n<title>\u00c9limination des boues | michel SLUDGE-DRYING-SYSTEMS<\/title>\n<meta name=\"description\" content=\"D\u00e9couvrez les technologies avanc\u00e9es de michel SLUDGE-DRYING-SYSTEMS pour une \u00e9limination des boues respectueuse de l&#039;environnement directement sur site !\" \/>\n<meta name=\"robots\" content=\"index, follow, max-snippet:-1, max-image-preview:large, max-video-preview:-1\" \/>\n<link rel=\"canonical\" href=\"https:\/\/schlammtrocknung.com\/fr\/elimination-des-boues\/\" \/>\n<meta property=\"og:locale\" content=\"fr_FR\" \/>\n<meta property=\"og:type\" content=\"article\" \/>\n<meta property=\"og:title\" content=\"\u00c9limination des boues | michel SLUDGE-DRYING-SYSTEMS\" \/>\n<meta property=\"og:description\" content=\"D\u00e9couvrez les technologies avanc\u00e9es de michel SLUDGE-DRYING-SYSTEMS pour une \u00e9limination des boues respectueuse de l&#039;environnement directement sur site !\" \/>\n<meta property=\"og:url\" content=\"https:\/\/schlammtrocknung.com\/fr\/elimination-des-boues\/\" \/>\n<meta property=\"og:site_name\" content=\"Schlammtrocknung \u2013 michel SLUDGE DRYING SYSTEM\" \/>\n<meta property=\"article:modified_time\" content=\"2025-05-09T08:46:30+00:00\" \/>\n<meta property=\"og:image\" content=\"https:\/\/schlammtrocknung.com\/wp-content\/uploads\/2023\/05\/DSC_3747-scaled.jpg\" \/>\n\t<meta property=\"og:image:width\" content=\"2560\" \/>\n\t<meta property=\"og:image:height\" content=\"1436\" \/>\n\t<meta property=\"og:image:type\" content=\"image\/jpeg\" \/>\n<meta name=\"twitter:card\" content=\"summary_large_image\" \/>\n<meta name=\"twitter:label1\" content=\"Dur\u00e9e de lecture estim\u00e9e\" \/>\n\t<meta name=\"twitter:data1\" content=\"7 minutes\" \/>\n<script type=\"application\/ld+json\" class=\"yoast-schema-graph\">{\"@context\":\"https:\\\/\\\/schema.org\",\"@graph\":[{\"@type\":\"WebPage\",\"@id\":\"https:\\\/\\\/schlammtrocknung.com\\\/fr\\\/elimination-des-boues\\\/\",\"url\":\"https:\\\/\\\/schlammtrocknung.com\\\/fr\\\/elimination-des-boues\\\/\",\"name\":\"\u00c9limination des boues | michel SLUDGE-DRYING-SYSTEMS\",\"isPartOf\":{\"@id\":\"https:\\\/\\\/schlammtrocknung.com\\\/#website\"},\"primaryImageOfPage\":{\"@id\":\"https:\\\/\\\/schlammtrocknung.com\\\/fr\\\/elimination-des-boues\\\/#primaryimage\"},\"image\":{\"@id\":\"https:\\\/\\\/schlammtrocknung.com\\\/fr\\\/elimination-des-boues\\\/#primaryimage\"},\"thumbnailUrl\":\"https:\\\/\\\/schlammtrocknung.com\\\/wp-content\\\/uploads\\\/2023\\\/05\\\/DSC_3747-scaled.jpg\",\"datePublished\":\"2024-08-14T08:42:06+00:00\",\"dateModified\":\"2025-05-09T08:46:30+00:00\",\"description\":\"D\u00e9couvrez les technologies avanc\u00e9es de michel SLUDGE-DRYING-SYSTEMS pour une \u00e9limination des boues respectueuse de l'environnement directement sur site !\",\"breadcrumb\":{\"@id\":\"https:\\\/\\\/schlammtrocknung.com\\\/fr\\\/elimination-des-boues\\\/#breadcrumb\"},\"inLanguage\":\"fr-FR\",\"potentialAction\":[{\"@type\":\"ReadAction\",\"target\":[\"https:\\\/\\\/schlammtrocknung.com\\\/fr\\\/elimination-des-boues\\\/\"]}]},{\"@type\":\"ImageObject\",\"inLanguage\":\"fr-FR\",\"@id\":\"https:\\\/\\\/schlammtrocknung.com\\\/fr\\\/elimination-des-boues\\\/#primaryimage\",\"url\":\"https:\\\/\\\/schlammtrocknung.com\\\/wp-content\\\/uploads\\\/2023\\\/05\\\/DSC_3747-scaled.jpg\",\"contentUrl\":\"https:\\\/\\\/schlammtrocknung.com\\\/wp-content\\\/uploads\\\/2023\\\/05\\\/DSC_3747-scaled.jpg\",\"width\":2560,\"height\":1436},{\"@type\":\"BreadcrumbList\",\"@id\":\"https:\\\/\\\/schlammtrocknung.com\\\/fr\\\/elimination-des-boues\\\/#breadcrumb\",\"itemListElement\":[{\"@type\":\"ListItem\",\"position\":1,\"name\":\"Startseite\",\"item\":\"https:\\\/\\\/schlammtrocknung.com\\\/fr\\\/page-daccueil-2\\\/\"},{\"@type\":\"ListItem\",\"position\":2,\"name\":\"\u00c9limination des boues\"}]},{\"@type\":\"WebSite\",\"@id\":\"https:\\\/\\\/schlammtrocknung.com\\\/#website\",\"url\":\"https:\\\/\\\/schlammtrocknung.com\\\/\",\"name\":\"Schlammtrocknung | SDS - Schlammtrocknung\",\"description\":\"Schlamm- L\u00f6sungen f\u00fcr Kl\u00e4rwerke, Industrie und Umwelt\",\"publisher\":{\"@id\":\"https:\\\/\\\/schlammtrocknung.com\\\/#organization\"},\"potentialAction\":[{\"@type\":\"SearchAction\",\"target\":{\"@type\":\"EntryPoint\",\"urlTemplate\":\"https:\\\/\\\/schlammtrocknung.com\\\/?s={search_term_string}\"},\"query-input\":{\"@type\":\"PropertyValueSpecification\",\"valueRequired\":true,\"valueName\":\"search_term_string\"}}],\"inLanguage\":\"fr-FR\"},{\"@type\":\"Organization\",\"@id\":\"https:\\\/\\\/schlammtrocknung.com\\\/#organization\",\"name\":\"Schlammtrocknung | SDS - Schlammtrocknung\",\"url\":\"https:\\\/\\\/schlammtrocknung.com\\\/\",\"logo\":{\"@type\":\"ImageObject\",\"inLanguage\":\"fr-FR\",\"@id\":\"https:\\\/\\\/schlammtrocknung.com\\\/#\\\/schema\\\/logo\\\/image\\\/\",\"url\":\"https:\\\/\\\/schlammtrocknung.com\\\/wp-content\\\/uploads\\\/2023\\\/02\\\/logo_sds-1.png\",\"contentUrl\":\"https:\\\/\\\/schlammtrocknung.com\\\/wp-content\\\/uploads\\\/2023\\\/02\\\/logo_sds-1.png\",\"width\":697,\"height\":187,\"caption\":\"Schlammtrocknung | SDS - Schlammtrocknung\"},\"image\":{\"@id\":\"https:\\\/\\\/schlammtrocknung.com\\\/#\\\/schema\\\/logo\\\/image\\\/\"}}]}<\/script>\n<!-- \/ Yoast SEO plugin. -->","yoast_head_json":{"title":"\u00c9limination des boues | michel SLUDGE-DRYING-SYSTEMS","description":"D\u00e9couvrez les technologies avanc\u00e9es de michel SLUDGE-DRYING-SYSTEMS pour une \u00e9limination des boues respectueuse de l'environnement directement sur site !","robots":{"index":"index","follow":"follow","max-snippet":"max-snippet:-1","max-image-preview":"max-image-preview:large","max-video-preview":"max-video-preview:-1"},"canonical":"https:\/\/schlammtrocknung.com\/fr\/elimination-des-boues\/","og_locale":"fr_FR","og_type":"article","og_title":"\u00c9limination des boues | michel SLUDGE-DRYING-SYSTEMS","og_description":"D\u00e9couvrez les technologies avanc\u00e9es de michel SLUDGE-DRYING-SYSTEMS pour une \u00e9limination des boues respectueuse de l'environnement directement sur site !","og_url":"https:\/\/schlammtrocknung.com\/fr\/elimination-des-boues\/","og_site_name":"Schlammtrocknung \u2013 michel SLUDGE DRYING SYSTEM","article_modified_time":"2025-05-09T08:46:30+00:00","og_image":[{"width":2560,"height":1436,"url":"https:\/\/schlammtrocknung.com\/wp-content\/uploads\/2023\/05\/DSC_3747-scaled.jpg","type":"image\/jpeg"}],"twitter_card":"summary_large_image","twitter_misc":{"Dur\u00e9e de lecture estim\u00e9e":"7 minutes"},"schema":{"@context":"https:\/\/schema.org","@graph":[{"@type":"WebPage","@id":"https:\/\/schlammtrocknung.com\/fr\/elimination-des-boues\/","url":"https:\/\/schlammtrocknung.com\/fr\/elimination-des-boues\/","name":"\u00c9limination des boues | michel SLUDGE-DRYING-SYSTEMS","isPartOf":{"@id":"https:\/\/schlammtrocknung.com\/#website"},"primaryImageOfPage":{"@id":"https:\/\/schlammtrocknung.com\/fr\/elimination-des-boues\/#primaryimage"},"image":{"@id":"https:\/\/schlammtrocknung.com\/fr\/elimination-des-boues\/#primaryimage"},"thumbnailUrl":"https:\/\/schlammtrocknung.com\/wp-content\/uploads\/2023\/05\/DSC_3747-scaled.jpg","datePublished":"2024-08-14T08:42:06+00:00","dateModified":"2025-05-09T08:46:30+00:00","description":"D\u00e9couvrez les technologies avanc\u00e9es de michel SLUDGE-DRYING-SYSTEMS pour une \u00e9limination des boues respectueuse de l'environnement directement sur site !","breadcrumb":{"@id":"https:\/\/schlammtrocknung.com\/fr\/elimination-des-boues\/#breadcrumb"},"inLanguage":"fr-FR","potentialAction":[{"@type":"ReadAction","target":["https:\/\/schlammtrocknung.com\/fr\/elimination-des-boues\/"]}]},{"@type":"ImageObject","inLanguage":"fr-FR","@id":"https:\/\/schlammtrocknung.com\/fr\/elimination-des-boues\/#primaryimage","url":"https:\/\/schlammtrocknung.com\/wp-content\/uploads\/2023\/05\/DSC_3747-scaled.jpg","contentUrl":"https:\/\/schlammtrocknung.com\/wp-content\/uploads\/2023\/05\/DSC_3747-scaled.jpg","width":2560,"height":1436},{"@type":"BreadcrumbList","@id":"https:\/\/schlammtrocknung.com\/fr\/elimination-des-boues\/#breadcrumb","itemListElement":[{"@type":"ListItem","position":1,"name":"Startseite","item":"https:\/\/schlammtrocknung.com\/fr\/page-daccueil-2\/"},{"@type":"ListItem","position":2,"name":"\u00c9limination des boues"}]},{"@type":"WebSite","@id":"https:\/\/schlammtrocknung.com\/#website","url":"https:\/\/schlammtrocknung.com\/","name":"Schlammtrocknung | SDS - Schlammtrocknung","description":"Schlamm- L\u00f6sungen f\u00fcr Kl\u00e4rwerke, Industrie und Umwelt","publisher":{"@id":"https:\/\/schlammtrocknung.com\/#organization"},"potentialAction":[{"@type":"SearchAction","target":{"@type":"EntryPoint","urlTemplate":"https:\/\/schlammtrocknung.com\/?s={search_term_string}"},"query-input":{"@type":"PropertyValueSpecification","valueRequired":true,"valueName":"search_term_string"}}],"inLanguage":"fr-FR"},{"@type":"Organization","@id":"https:\/\/schlammtrocknung.com\/#organization","name":"Schlammtrocknung | SDS - Schlammtrocknung","url":"https:\/\/schlammtrocknung.com\/","logo":{"@type":"ImageObject","inLanguage":"fr-FR","@id":"https:\/\/schlammtrocknung.com\/#\/schema\/logo\/image\/","url":"https:\/\/schlammtrocknung.com\/wp-content\/uploads\/2023\/02\/logo_sds-1.png","contentUrl":"https:\/\/schlammtrocknung.com\/wp-content\/uploads\/2023\/02\/logo_sds-1.png","width":697,"height":187,"caption":"Schlammtrocknung | SDS - Schlammtrocknung"},"image":{"@id":"https:\/\/schlammtrocknung.com\/#\/schema\/logo\/image\/"}}]}},"_links":{"self":[{"href":"https:\/\/schlammtrocknung.com\/fr\/wp-json\/wp\/v2\/pages\/2442","targetHints":{"allow":["GET"]}}],"collection":[{"href":"https:\/\/schlammtrocknung.com\/fr\/wp-json\/wp\/v2\/pages"}],"about":[{"href":"https:\/\/schlammtrocknung.com\/fr\/wp-json\/wp\/v2\/types\/page"}],"author":[{"embeddable":true,"href":"https:\/\/schlammtrocknung.com\/fr\/wp-json\/wp\/v2\/users\/1"}],"replies":[{"embeddable":true,"href":"https:\/\/schlammtrocknung.com\/fr\/wp-json\/wp\/v2\/comments?post=2442"}],"version-history":[{"count":2,"href":"https:\/\/schlammtrocknung.com\/fr\/wp-json\/wp\/v2\/pages\/2442\/revisions"}],"predecessor-version":[{"id":2450,"href":"https:\/\/schlammtrocknung.com\/fr\/wp-json\/wp\/v2\/pages\/2442\/revisions\/2450"}],"wp:featuredmedia":[{"embeddable":true,"href":"https:\/\/schlammtrocknung.com\/fr\/wp-json\/wp\/v2\/media\/2407"}],"wp:attachment":[{"href":"https:\/\/schlammtrocknung.com\/fr\/wp-json\/wp\/v2\/media?parent=2442"}],"curies":[{"name":"wp","href":"https:\/\/api.w.org\/{rel}","templated":true}]}}